{"id":2768,"date":"2020-04-30T06:00:49","date_gmt":"2020-04-29T20:00:49","guid":{"rendered":"https:\/\/www.plymouthbrethrenchristianchurch.org\/wer-wir-sind\/"},"modified":"2026-02-26T10:55:24","modified_gmt":"2026-02-26T00:55:24","slug":"wer-wir-sind","status":"publish","type":"page","link":"https:\/\/www.plymouthbrethrenchristianchurch.org\/de\/community\/wer-wir-sind\/","title":{"rendered":"Unsere \u00dcberzeugungen"},"content":{"rendered":"","protected":false},"excerpt":{"rendered":"<p>Wir leben, arbeiten und beten als &#8222;Br\u00fcder&#8220; \u2013 eine Gemeinschaft von Familien, die durch unseren gemeinsamen christlichen Glauben zusammengehalten werden.<\/p>\n","protected":false},"author":1,"featured_media":0,"parent":2902,"menu_order":2,"comment_status":"closed","ping_status":"closed","template":"page-templates\/acf-flexible-content.php","meta":{"_acf_changed":false,"_relevanssi_hide_post":"","_relevanssi_hide_content":"","_relevanssi_pin_for_all":"","_relevanssi_pin_keywords":"","_relevanssi_unpin_keywords":"","_relevanssi_related_keywords":"","_relevanssi_related_include_ids":"","_relevanssi_related_exclude_ids":"","_relevanssi_related_no_append":"","_relevanssi_related_not_related":"","_relevanssi_related_posts":"","_relevanssi_noindex_reason":"","inline_featured_image":false,"footnotes":""},"class_list":["post-2768","page","type-page","status-publish","hentry"],"acf":{"post_page_video":"","content":[{"acf_fc_layout":"page_header_with_links","override_title":true,"custom_title":"","intro_text":"<p>Erfahren Sie mehr \u00fcber unseren Glauben als Mitglieder der Plymouth Brethren Christian Church (PBCC).<\/p>\n","enable_button":false,"button":{"button_text":"","button_url":"","open_in_new_tab":false,"button_class":""},"link_source":"off","select_a_menu":false,"menu_title":"","custom_links":false,"header_styles":{"":null,"background_colour":"#ffffff","background_image":5547,"text_colour":"black"},"row_class":""},{"acf_fc_layout":"rich_text_section","section_heading":"","content":"<p>Menschen aus Religionen auf der ganzen Welt dr\u00fccken ihren Glauben auf unterschiedliche Weise aus. Das gemeinsame Band zwischen gl\u00e4ubigen und ungl\u00e4ubigen Menschen ist eine Verbindung zur Gemeinschaft, zum Teilen gemeinsamer \u00dcberzeugungen und Traditionen, die von Generation zu Generation weitergegeben werden.<\/p>\n<p>Der Ausdruck unseres Glaubens ist anderen Mainstream-Religionen nicht un\u00e4hnlich, und obwohl Missverst\u00e4ndnisse aus der Unvertrautheit mit unserem Glauben entstehen k\u00f6nnen, gr\u00fcndet unser Glaube auf einer engen Verbindung zur Familie und unseren Mitmitgliedern und auf dem Wunsch, Gutes zu tun und zu dienen.<\/p>\n","width":"full_width","centered":false,"row_class":"","module_padding":{"":null,"padding_top_xs":"","padding_bottom_xs":"","padding_left_xs":"","padding_right_xs":"","padding_top_md":"","padding_bottom_md":"","padding_left_md":"","padding_right_md":"","padding_top_lg":"","padding_bottom_lg":"","padding_left_lg":"","padding_right_lg":""}},{"acf_fc_layout":"module_section","row":[{"column_gap":"3","column":[{"module":[{"acf_fc_layout":"rich_media_block","image":false,"header":{"":null,"title":"Gemeinschaft ist ein zentraler Bestandteil unseres Glaubens","heading_level":"h2","header_styles":{"":null,"background_colour":"","background_image":false,"text_colour":"orange"},"make_separator":true},"content":"<p><span data-contrast=\"auto\">Wir verpflichten uns, nur mit denen zu essen und zu trinken, mit denen wir das Abendmahl, auch Heiliges Abendmahl genannt, feiern. Wir feiern jeden Sonntag in kleinen Gruppen das Abendmahl, und dieser Anlass der Gemeinschaft ist unsere Verpflichtung f\u00fcreinander, ein Leben in Reinheit zu f\u00fchren, im Einklang mit der Schrift. <\/span><\/p>\n<p><span data-contrast=\"auto\">F\u00fcr diejenigen, die mit der christlichen Lehre nicht vertraut sind, mag dieses Engagement ungew\u00f6hnlich oder seltsam klingen &#8211; das k\u00f6nnen wir verstehen, aber es ist nichts Geheimnisvolles daran.<\/span><\/p>\n<p><span data-contrast=\"auto\">Gemeinschaft mit unserer Gemeinschaft bedeutet nicht, dass wir uns von der Welt isolieren. Wir leben und arbeiten harmonisch mit allen Menschen in der Mitte der Gesellschaft und interagieren mit der breiteren Gemeinschaft, sei es durch unsere Wohlt\u00e4tigkeitsarbeit, unsere Schulen oder in der Wirtschaft. <\/span><\/p>\n","enable_button":false,"button":{"button_text":"","button_url":null,"open_in_new_tab":false,"button_class":""},"class":""}],"columns_sm":"none","columns_md":"8","columns_lg":"none"},{"module":[{"acf_fc_layout":"image_module","header":{"":null,"title":"","heading_level":"h2","header_styles":{"":null,"background_colour":"","background_image":false,"text_colour":"white"},"make_separator":false},"image":6707,"class":"","image_size":"large"}],"columns_sm":"none","columns_md":"4","columns_lg":"none"}],"row_class":"","module_padding":{"":null,"padding_top_xs":"","padding_bottom_xs":"","padding_left_xs":"","padding_right_xs":"","padding_top_md":"","padding_bottom_md":"","padding_left_md":"","padding_right_md":"","padding_top_lg":"","padding_bottom_lg":"","padding_left_lg":"","padding_right_lg":""},"module_margin":{"":null,"margin_top_xs":"","margin_bottom_xs":"","margin_left_xs":"","margin_right_xs":"","margin_top_md":"","margin_bottom_md":"","margin_left_md":"","margin_right_md":"","margin_top_lg":"","margin_bottom_lg":"","margin_left_lg":"","margin_right_lg":""}}],"section_heading":"","section_class":"","module_padding":{"":null,"padding_top_xs":"","padding_bottom_xs":"","padding_left_xs":"","padding_right_xs":"","padding_top_md":"","padding_bottom_md":"","padding_left_md":"","padding_right_md":"","padding_top_lg":"","padding_bottom_lg":"","padding_left_lg":"","padding_right_lg":""},"module_margin":{"":null,"margin_top_xs":"","margin_bottom_xs":"","margin_left_xs":"","margin_right_xs":"","margin_top_md":"","margin_bottom_md":"","margin_left_md":"","margin_right_md":"","margin_top_lg":"","margin_bottom_lg":"","margin_left_lg":"","margin_right_lg":""}},{"acf_fc_layout":"module_section","row":[{"column_gap":"3","column":[{"module":[{"acf_fc_layout":"rich_media_block","image":false,"header":{"":null,"title":"Wir glauben an die Lehren der Bibel","heading_level":"h2","header_styles":{"":null,"background_colour":"","background_image":false,"text_colour":"orange"},"make_separator":true},"content":"<p><span data-contrast=\"auto\"><span class=\"TextRun SCXW91039341 BCX8\" lang=\"EN-US\" xml:lang=\"EN-US\" data-contrast=\"auto\"><span class=\"NormalTextRun SCXW91039341 BCX8\">Wie alle Christen, o<\/span><span class=\"NormalTextRun SCXW91039341 BCX8\">eure <\/span><span class=\"NormalTextRun ContextualSpellingAndGrammarErrorV2Themed SCXW91039341 BCX8\">Gemeinschaft<\/span>,<span class=\"NormalTextRun SCXW91039341 BCX8\"> ist vereint in unserem gemeinsamen christlichen Glauben, der auf der Heiligen Schrift gr\u00fcndet. Wir versammeln uns regelm\u00e4\u00dfig in einfachen Gospels\u00e4len, um gemeinsam zu beten, und wir versammeln uns jeden Sonntag, um das Abendmahl zu feiern. <\/span><\/span><\/span><\/p>\n<p>F\u00fcr unsere Mitglieder ist die Heilige Schrift ein unverzichtbarer Begleiter und ma\u00dfgeblicher Wegweiser durch ihr Leben. Von klein auf werden den jungen Mitgliedern die biblischen Geschichten vorgelesen und gelehrt, die im Laufe der Jahrhunderte Millionen inspiriert haben.<\/p>\n<p>Die Bibel ist kein gew\u00f6hnliches Buch. Es ist ein Buch, das Gott f\u00fcr den Menschen zur Verf\u00fcgung gestellt hat. Es ist das absolute, unfehlbare, inspirierte Wort Gottes.<\/p>\n","enable_button":false,"button":{"button_text":"Erfahren Sie mehr \u00fcber RRT","button_url":{"title":"","url":"http:\/\/www.rrtglobal.org","target":""},"open_in_new_tab":false,"button_class":""},"class":""}],"columns_sm":"none","columns_md":"8","columns_lg":"none"},{"module":[{"acf_fc_layout":"image_module","header":{"":null,"title":"","heading_level":"h2","header_styles":{"":null,"background_colour":"","background_image":false,"text_colour":"white"},"make_separator":false},"image":6563,"class":"","image_size":"large"}],"columns_sm":"none","columns_md":"4","columns_lg":"none"}],"row_class":"","module_padding":{"":null,"padding_top_xs":"","padding_bottom_xs":"","padding_left_xs":"","padding_right_xs":"","padding_top_md":"","padding_bottom_md":"","padding_left_md":"","padding_right_md":"","padding_top_lg":"","padding_bottom_lg":"","padding_left_lg":"","padding_right_lg":""},"module_margin":{"":null,"margin_top_xs":"","margin_bottom_xs":"","margin_left_xs":"","margin_right_xs":"","margin_top_md":"","margin_bottom_md":"","margin_left_md":"","margin_right_md":"","margin_top_lg":"","margin_bottom_lg":"","margin_left_lg":"","margin_right_lg":""}}],"section_heading":"","section_class":"","module_padding":{"":null,"padding_top_xs":"","padding_bottom_xs":"","padding_left_xs":"","padding_right_xs":"","padding_top_md":"","padding_bottom_md":"","padding_left_md":"","padding_right_md":"","padding_top_lg":"","padding_bottom_lg":"","padding_left_lg":"","padding_right_lg":""},"module_margin":{"":null,"margin_top_xs":"","margin_bottom_xs":"","margin_left_xs":"","margin_right_xs":"","margin_top_md":"","margin_bottom_md":"","margin_left_md":"","margin_right_md":"","margin_top_lg":"","margin_bottom_lg":"","margin_left_lg":"","margin_right_lg":""}},{"acf_fc_layout":"module_section","row":[{"column_gap":"3","column":[{"module":[{"acf_fc_layout":"rich_media_block","image":false,"header":{"":null,"title":"Wir praktizieren aktiv das Christentum durch F\u00fcrsorge und Mitgef\u00fchl","heading_level":"h2","header_styles":{"":null,"background_colour":"","background_image":false,"text_colour":"orange"},"make_separator":true},"content":"<p><span data-contrast=\"auto\">Wir sind eine Kirche, die auf traditionellen christlichen Werten aufbaut. Durch den Dienst an unserer Familie, unseren Nachbarn und unserer erweiterten lokalen und globalen Gemeinschaft glauben wir an die Kraft, unsere F\u00fcrsorge und unser Mitgef\u00fchl in die Tat umzusetzen. <\/span><\/p>\n<p><span data-contrast=\"auto\">Eine M\u00f6glichkeit, wie wir einen Beitrag zur Gesellschaft leisten, ist unser gemeinn\u00fctziger Arm, das Rapid Relief Team (RRT), das von 14.500 Freiwilligen aus unserer Gemeinde unterst\u00fctzt wird, die Rettungsdiensten, benachteiligten Jugendlichen, Obdachlosen und Menschen mit Behinderungen aktiv eine helfende Hand reichen. <\/span><\/p>\n","enable_button":true,"button":{"button_text":"Erfahren Sie mehr \u00fcber RRT","button_url":{"title":"","url":"http:\/\/www.rrtglobal.org","target":""},"open_in_new_tab":false,"button_class":""},"class":""}],"columns_sm":"none","columns_md":"8","columns_lg":"none"},{"module":[{"acf_fc_layout":"image_module","header":{"":null,"title":"","heading_level":"h2","header_styles":{"":null,"background_colour":"","background_image":false,"text_colour":"white"},"make_separator":false},"image":6714,"class":"","image_size":"large"}],"columns_sm":"none","columns_md":"4","columns_lg":"none"}],"row_class":"","module_padding":{"":null,"padding_top_xs":"","padding_bottom_xs":"","padding_left_xs":"","padding_right_xs":"","padding_top_md":"","padding_bottom_md":"","padding_left_md":"","padding_right_md":"","padding_top_lg":"","padding_bottom_lg":"","padding_left_lg":"","padding_right_lg":""},"module_margin":{"":null,"margin_top_xs":"","margin_bottom_xs":"","margin_left_xs":"","margin_right_xs":"","margin_top_md":"","margin_bottom_md":"","margin_left_md":"","margin_right_md":"","margin_top_lg":"","margin_bottom_lg":"","margin_left_lg":"","margin_right_lg":""}}],"section_heading":"","section_class":"","module_padding":{"":null,"padding_top_xs":"","padding_bottom_xs":"","padding_left_xs":"","padding_right_xs":"","padding_top_md":"","padding_bottom_md":"","padding_left_md":"","padding_right_md":"","padding_top_lg":"","padding_bottom_lg":"","padding_left_lg":"","padding_right_lg":""},"module_margin":{"":null,"margin_top_xs":"","margin_bottom_xs":"","margin_left_xs":"","margin_right_xs":"","margin_top_md":"","margin_bottom_md":"","margin_left_md":"","margin_right_md":"","margin_top_lg":"","margin_bottom_lg":"","margin_left_lg":"","margin_right_lg":""}},{"acf_fc_layout":"social_media_feed","section_heading":"Bleiben Sie in Verbindung","content":"<p>Bleiben Sie auf dem Laufenden \u00fcber die Plymouth Brethren Christian Church (PBCC) und abonnieren Sie unseren YouTube-Kanal.<\/p>\n","text_color":"--color-foxtrot","feed_shortcode":"[youtube-feed feed=2]","width":"full_width","row_class":"","section_class":"background-overlay","background_image":"https:\/\/www.plymouthbrethrenchristianchurch.org\/wp-content\/uploads\/2020\/06\/gospel-hall-design-plymouth-brethren.jpg","background_color":"--color-bravo","module_padding":{"":null,"padding_top_xs":"","padding_bottom_xs":"","padding_left_xs":"","padding_right_xs":"","padding_top_md":"","padding_bottom_md":"","padding_left_md":"","padding_right_md":"","padding_top_lg":"","padding_bottom_lg":"","padding_left_lg":"","padding_right_lg":""}}]},"yoast_head":"<!-- This site is optimized with the Yoast SEO plugin v25.2 - https:\/\/yoast.com\/wordpress\/plugins\/seo\/ -->\n<title>Unsere \u00dcberzeugungen | Plymouth Brethren Christian Church<\/title>\n<meta name=\"description\" content=\"Besuchen Sie die Seite &quot;Unser Glaube&quot; auf der Website der Kirche, einer christlichen Gemeinschaft, die sich auf die Heilige Schrift als das Wort Gottes st\u00fctzt.\" \/>\n<meta name=\"robots\" content=\"index, follow, max-snippet:-1, max-image-preview:large, max-video-preview:-1\" \/>\n<link rel=\"canonical\" href=\"https:\/\/www.plymouthbrethrenchristianchurch.org\/de\/community\/wer-wir-sind\/\" \/>\n<meta property=\"og:locale\" content=\"de_DE\" \/>\n<meta property=\"og:type\" content=\"article\" \/>\n<meta property=\"og:title\" content=\"Unsere \u00dcberzeugungen | Plymouth Brethren Christian Church\" \/>\n<meta property=\"og:description\" content=\"Besuchen Sie die Seite &quot;Unser Glaube&quot; auf der Website der Kirche, einer christlichen Gemeinschaft, die sich auf die Heilige Schrift als das Wort Gottes st\u00fctzt.\" \/>\n<meta property=\"og:url\" content=\"https:\/\/www.plymouthbrethrenchristianchurch.org\/de\/community\/wer-wir-sind\/\" \/>\n<meta property=\"og:site_name\" content=\"Plymouth Brethren Christian Church\" \/>\n<meta property=\"article:publisher\" content=\"https:\/\/www.facebook.com\/PlymouthBrethrenChristianChurch\" \/>\n<meta property=\"article:modified_time\" content=\"2026-02-26T00:55:24+00:00\" \/>\n<meta name=\"twitter:card\" content=\"summary_large_image\" \/>\n<script type=\"application\/ld+json\" class=\"yoast-schema-graph\">{\"@context\":\"https:\/\/schema.org\",\"@graph\":[{\"@type\":\"WebPage\",\"@id\":\"https:\/\/www.plymouthbrethrenchristianchurch.org\/de\/community\/wer-wir-sind\/\",\"url\":\"https:\/\/www.plymouthbrethrenchristianchurch.org\/de\/community\/wer-wir-sind\/\",\"name\":\"Unsere \u00dcberzeugungen | Plymouth Brethren Christian Church\",\"isPartOf\":{\"@id\":\"https:\/\/www.plymouthbrethrenchristianchurch.org\/#website\"},\"datePublished\":\"2020-04-29T20:00:49+00:00\",\"dateModified\":\"2026-02-26T00:55:24+00:00\",\"description\":\"Besuchen Sie die Seite \\\"Unser Glaube\\\" auf der Website der Kirche, einer christlichen Gemeinschaft, die sich auf die Heilige Schrift als das Wort Gottes st\u00fctzt.\",\"breadcrumb\":{\"@id\":\"https:\/\/www.plymouthbrethrenchristianchurch.org\/de\/community\/wer-wir-sind\/#breadcrumb\"},\"inLanguage\":\"de\",\"potentialAction\":[{\"@type\":\"ReadAction\",\"target\":[\"https:\/\/www.plymouthbrethrenchristianchurch.org\/de\/community\/wer-wir-sind\/\"]}]},{\"@type\":\"BreadcrumbList\",\"@id\":\"https:\/\/www.plymouthbrethrenchristianchurch.org\/de\/community\/wer-wir-sind\/#breadcrumb\",\"itemListElement\":[{\"@type\":\"ListItem\",\"position\":1,\"name\":\"Home\",\"item\":\"https:\/\/www.plymouthbrethrenchristianchurch.org\/de\/startseite\/\"},{\"@type\":\"ListItem\",\"position\":2,\"name\":\"Lebensweise\",\"item\":\"https:\/\/www.plymouthbrethrenchristianchurch.org\/de\/community\/\"},{\"@type\":\"ListItem\",\"position\":3,\"name\":\"Unsere \u00dcberzeugungen\"}]},{\"@type\":\"WebSite\",\"@id\":\"https:\/\/www.plymouthbrethrenchristianchurch.org\/#website\",\"url\":\"https:\/\/www.plymouthbrethrenchristianchurch.org\/\",\"name\":\"Plymouth Brethren Christian Church\",\"description\":\"\",\"publisher\":{\"@id\":\"https:\/\/www.plymouthbrethrenchristianchurch.org\/#organization\"},\"potentialAction\":[{\"@type\":\"SearchAction\",\"target\":{\"@type\":\"EntryPoint\",\"urlTemplate\":\"https:\/\/www.plymouthbrethrenchristianchurch.org\/?s={search_term_string}\"},\"query-input\":{\"@type\":\"PropertyValueSpecification\",\"valueRequired\":true,\"valueName\":\"search_term_string\"}}],\"inLanguage\":\"de\"},{\"@type\":\"Organization\",\"@id\":\"https:\/\/www.plymouthbrethrenchristianchurch.org\/#organization\",\"name\":\"Plymouth Brethren Christian Church\",\"url\":\"https:\/\/www.plymouthbrethrenchristianchurch.org\/\",\"logo\":{\"@type\":\"ImageObject\",\"inLanguage\":\"de\",\"@id\":\"https:\/\/www.plymouthbrethrenchristianchurch.org\/#\/schema\/logo\/image\/\",\"url\":\"https:\/\/www.plymouthbrethrenchristianchurch.org\/wp-content\/uploads\/2020\/05\/site-logo.svg\",\"contentUrl\":\"https:\/\/www.plymouthbrethrenchristianchurch.org\/wp-content\/uploads\/2020\/05\/site-logo.svg\",\"caption\":\"Plymouth Brethren Christian Church\"},\"image\":{\"@id\":\"https:\/\/www.plymouthbrethrenchristianchurch.org\/#\/schema\/logo\/image\/\"},\"sameAs\":[\"https:\/\/www.facebook.com\/PlymouthBrethrenChristianChurch\",\"https:\/\/www.youtube.com\/channel\/UC76fGueDJBbLvhs988yTBXQ\",\"https:\/\/www.pinterest.com.au\/plymouthbcc\/\"]}]}<\/script>\n<!-- \/ Yoast SEO plugin. -->","yoast_head_json":{"title":"Unsere \u00dcberzeugungen | Plymouth Brethren Christian Church","description":"Besuchen Sie die Seite \"Unser Glaube\" auf der Website der Kirche, einer christlichen Gemeinschaft, die sich auf die Heilige Schrift als das Wort Gottes st\u00fctzt.","robots":{"index":"index","follow":"follow","max-snippet":"max-snippet:-1","max-image-preview":"max-image-preview:large","max-video-preview":"max-video-preview:-1"},"canonical":"https:\/\/www.plymouthbrethrenchristianchurch.org\/de\/community\/wer-wir-sind\/","og_locale":"de_DE","og_type":"article","og_title":"Unsere \u00dcberzeugungen | Plymouth Brethren Christian Church","og_description":"Besuchen Sie die Seite \"Unser Glaube\" auf der Website der Kirche, einer christlichen Gemeinschaft, die sich auf die Heilige Schrift als das Wort Gottes st\u00fctzt.","og_url":"https:\/\/www.plymouthbrethrenchristianchurch.org\/de\/community\/wer-wir-sind\/","og_site_name":"Plymouth Brethren Christian Church","article_publisher":"https:\/\/www.facebook.com\/PlymouthBrethrenChristianChurch","article_modified_time":"2026-02-26T00:55:24+00:00","twitter_card":"summary_large_image","schema":{"@context":"https:\/\/schema.org","@graph":[{"@type":"WebPage","@id":"https:\/\/www.plymouthbrethrenchristianchurch.org\/de\/community\/wer-wir-sind\/","url":"https:\/\/www.plymouthbrethrenchristianchurch.org\/de\/community\/wer-wir-sind\/","name":"Unsere \u00dcberzeugungen | Plymouth Brethren Christian Church","isPartOf":{"@id":"https:\/\/www.plymouthbrethrenchristianchurch.org\/#website"},"datePublished":"2020-04-29T20:00:49+00:00","dateModified":"2026-02-26T00:55:24+00:00","description":"Besuchen Sie die Seite \"Unser Glaube\" auf der Website der Kirche, einer christlichen Gemeinschaft, die sich auf die Heilige Schrift als das Wort Gottes st\u00fctzt.","breadcrumb":{"@id":"https:\/\/www.plymouthbrethrenchristianchurch.org\/de\/community\/wer-wir-sind\/#breadcrumb"},"inLanguage":"de","potentialAction":[{"@type":"ReadAction","target":["https:\/\/www.plymouthbrethrenchristianchurch.org\/de\/community\/wer-wir-sind\/"]}]},{"@type":"BreadcrumbList","@id":"https:\/\/www.plymouthbrethrenchristianchurch.org\/de\/community\/wer-wir-sind\/#breadcrumb","itemListElement":[{"@type":"ListItem","position":1,"name":"Home","item":"https:\/\/www.plymouthbrethrenchristianchurch.org\/de\/startseite\/"},{"@type":"ListItem","position":2,"name":"Lebensweise","item":"https:\/\/www.plymouthbrethrenchristianchurch.org\/de\/community\/"},{"@type":"ListItem","position":3,"name":"Unsere \u00dcberzeugungen"}]},{"@type":"WebSite","@id":"https:\/\/www.plymouthbrethrenchristianchurch.org\/#website","url":"https:\/\/www.plymouthbrethrenchristianchurch.org\/","name":"Plymouth Brethren Christian Church","description":"","publisher":{"@id":"https:\/\/www.plymouthbrethrenchristianchurch.org\/#organization"},"potentialAction":[{"@type":"SearchAction","target":{"@type":"EntryPoint","urlTemplate":"https:\/\/www.plymouthbrethrenchristianchurch.org\/?s={search_term_string}"},"query-input":{"@type":"PropertyValueSpecification","valueRequired":true,"valueName":"search_term_string"}}],"inLanguage":"de"},{"@type":"Organization","@id":"https:\/\/www.plymouthbrethrenchristianchurch.org\/#organization","name":"Plymouth Brethren Christian Church","url":"https:\/\/www.plymouthbrethrenchristianchurch.org\/","logo":{"@type":"ImageObject","inLanguage":"de","@id":"https:\/\/www.plymouthbrethrenchristianchurch.org\/#\/schema\/logo\/image\/","url":"https:\/\/www.plymouthbrethrenchristianchurch.org\/wp-content\/uploads\/2020\/05\/site-logo.svg","contentUrl":"https:\/\/www.plymouthbrethrenchristianchurch.org\/wp-content\/uploads\/2020\/05\/site-logo.svg","caption":"Plymouth Brethren Christian Church"},"image":{"@id":"https:\/\/www.plymouthbrethrenchristianchurch.org\/#\/schema\/logo\/image\/"},"sameAs":["https:\/\/www.facebook.com\/PlymouthBrethrenChristianChurch","https:\/\/www.youtube.com\/channel\/UC76fGueDJBbLvhs988yTBXQ","https:\/\/www.pinterest.com.au\/plymouthbcc\/"]}]}},"_links":{"self":[{"href":"https:\/\/www.plymouthbrethrenchristianchurch.org\/de\/wp-json\/wp\/v2\/pages\/2768"}],"collection":[{"href":"https:\/\/www.plymouthbrethrenchristianchurch.org\/de\/wp-json\/wp\/v2\/pages"}],"about":[{"href":"https:\/\/www.plymouthbrethrenchristianchurch.org\/de\/wp-json\/wp\/v2\/types\/page"}],"author":[{"embeddable":true,"href":"https:\/\/www.plymouthbrethrenchristianchurch.org\/de\/wp-json\/wp\/v2\/users\/1"}],"replies":[{"embeddable":true,"href":"https:\/\/www.plymouthbrethrenchristianchurch.org\/de\/wp-json\/wp\/v2\/comments?post=2768"}],"version-history":[{"count":10,"href":"https:\/\/www.plymouthbrethrenchristianchurch.org\/de\/wp-json\/wp\/v2\/pages\/2768\/revisions"}],"predecessor-version":[{"id":10027,"href":"https:\/\/www.plymouthbrethrenchristianchurch.org\/de\/wp-json\/wp\/v2\/pages\/2768\/revisions\/10027"}],"up":[{"embeddable":true,"href":"https:\/\/www.plymouthbrethrenchristianchurch.org\/de\/wp-json\/wp\/v2\/pages\/2902"}],"wp:attachment":[{"href":"https:\/\/www.plymouthbrethrenchristianchurch.org\/de\/wp-json\/wp\/v2\/media?parent=2768"}],"curies":[{"name":"wp","href":"https:\/\/api.w.org\/{rel}","templated":true}]}}