{"id":2825,"date":"2020-08-12T16:18:22","date_gmt":"2020-08-12T06:18:22","guid":{"rendered":"https:\/\/www.plymouthbrethrenchristianchurch.org\/wer-wir-sind\/downloads\/"},"modified":"2024-09-10T16:25:04","modified_gmt":"2024-09-10T06:25:04","slug":"downloads","status":"publish","type":"page","link":"https:\/\/www.plymouthbrethrenchristianchurch.org\/de\/community\/wer-wir-sind\/downloads\/","title":{"rendered":"Downloads"},"content":{"rendered":"","protected":false},"excerpt":{"rendered":"<p>Erfahren Sie mehr \u00fcber die Geschichte und die Urspr\u00fcnge der Gemeinschaft und Gemeinschaft der Plymouth Brethren Christian Church.<\/p>\n","protected":false},"author":2,"featured_media":0,"parent":2768,"menu_order":6,"comment_status":"closed","ping_status":"closed","template":"page-templates\/acf-flexible-content.php","meta":{"_acf_changed":false,"_relevanssi_hide_post":"","_relevanssi_hide_content":"","_relevanssi_pin_for_all":"","_relevanssi_pin_keywords":"","_relevanssi_unpin_keywords":"","_relevanssi_related_keywords":"","_relevanssi_related_include_ids":"","_relevanssi_related_exclude_ids":"","_relevanssi_related_no_append":"","_relevanssi_related_not_related":"","_relevanssi_related_posts":"","_relevanssi_noindex_reason":"","inline_featured_image":false,"footnotes":""},"class_list":["post-2825","page","type-page","status-publish","hentry"],"acf":{"post_page_video":"","content":[{"acf_fc_layout":"page_header_with_links","override_title":false,"custom_title":"Testtitel","intro_text":"<p>Herunterladbare Ressourcen von der Plymouth Brethren Christian Church.<\/p>\n","enable_button":true,"button":{"button_text":"","button_url":"","open_in_new_tab":false,"button_class":""},"link_source":"menu","select_a_menu":{"value":"17","label":"Wer wir sind"},"menu_title":"","custom_links":false,"header_styles":{"":null,"background_colour":"#515151","background_image":2649,"text_colour":"white"},"row_class":""},{"acf_fc_layout":"module_section","row":[{"column_gap":"6","column":[{"module":[{"acf_fc_layout":"rich_media_block","image":6563,"header":{"":null,"title":"Living Our Beliefs Booklet","heading_level":"h2","header_styles":{"":null,"background_colour":"","background_image":false,"text_colour":"orange"},"make_separator":false},"content":"<p>Eine Brosch\u00fcre, die einen einfachen Bericht \u00fcber den Glauben der Plymouth-Br\u00fcder und die Lebensweise gibt, die die Mitglieder der Kirche f\u00fchren, um diesen Glauben zu ehren.<\/p>\n","enable_button":true,"button":{"button_text":"Download (Englisch)","button_url":{"title":"","url":"https:\/\/www.plymouthbrethrenchristianchurch.org\/wp-content\/uploads\/2020\/08\/Plymouth-Brethren-Living-Our-Beliefs-English.pdf","target":""},"open_in_new_tab":true,"button_class":""},"class":""},{"acf_fc_layout":"rich_media_block","image":false,"header":{"":null,"title":"John Nelson Darby Bibel","heading_level":"h2","header_styles":{"":null,"background_colour":"","background_image":false,"text_colour":"orange"},"make_separator":false},"content":"<p>The Holy Scriptures \u2013 A New Translation from the Original Languages, von J.N. Darby.<\/p>\n","enable_button":true,"button":{"button_text":"Bibel herunterladen","button_url":{"title":"","url":"https:\/\/www.plymouthbrethrenchristianchurch.org\/wp-content\/uploads\/2020\/08\/HolyBible-NewTranslation.pdf","target":""},"open_in_new_tab":true,"button_class":""},"class":""},{"acf_fc_layout":"rich_media_block","image":false,"header":{"":null,"title":"Evangeliumsthemen","heading_level":"h2","header_styles":{"":null,"background_colour":"","background_image":false,"text_colour":"orange"},"make_separator":false},"content":"<p>Predigten und Schriften von F\u00fchrern und Mitgliedern der Plymouth Brethren Christian Church, die online eingesehen und als PDFs heruntergeladen werden k\u00f6nnen.<\/p>\n","enable_button":true,"button":{"button_text":"Themen anzeigen","button_url":{"title":"","url":"https:\/\/www.plymouthbrethrenchristianchurch.org\/de\/was-wir-glauben\/gospel-topics\/","target":""},"open_in_new_tab":false,"button_class":""},"class":""},{"acf_fc_layout":"rich_media_block","image":false,"header":{"":null,"title":"","heading_level":"h2","header_styles":{"":null,"background_colour":"","background_image":false,"text_colour":"white"},"make_separator":false},"content":"","enable_button":true,"button":{"button_text":"","button_url":"","open_in_new_tab":false,"button_class":""},"class":""},{"acf_fc_layout":"global_module","global_module_id":1148}],"columns_sm":"8","columns_md":"none","columns_lg":"8"},{"module":false,"columns_sm":"4","columns_md":"none","columns_lg":"4"}],"row_class":"","module_padding":{"":null,"padding_top_xs":"","padding_bottom_xs":"","padding_left_xs":"","padding_right_xs":"","padding_top_md":"","padding_bottom_md":"","padding_left_md":"","padding_right_md":"","padding_top_lg":"","padding_bottom_lg":"","padding_left_lg":"","padding_right_lg":""},"module_margin":{"":null,"margin_top_xs":"","margin_bottom_xs":"","margin_left_xs":"","margin_right_xs":"","margin_top_md":"","margin_bottom_md":"","margin_left_md":"","margin_right_md":"","margin_top_lg":"","margin_bottom_lg":"","margin_left_lg":"","margin_right_lg":""}}],"section_heading":"","section_class":"","module_padding":{"":null,"padding_top_xs":"","padding_bottom_xs":"","padding_left_xs":"","padding_right_xs":"","padding_top_md":"","padding_bottom_md":"","padding_left_md":"","padding_right_md":"","padding_top_lg":"","padding_bottom_lg":"","padding_left_lg":"","padding_right_lg":""},"module_margin":{"":null,"margin_top_xs":"","margin_bottom_xs":"","margin_left_xs":"","margin_right_xs":"","margin_top_md":"","margin_bottom_md":"","margin_left_md":"","margin_right_md":"","margin_top_lg":"","margin_bottom_lg":"","margin_left_lg":"","margin_right_lg":""}}]},"yoast_head":"<!-- This site is optimized with the Yoast SEO plugin v25.2 - https:\/\/yoast.com\/wordpress\/plugins\/seo\/ -->\n<title>Downloads | Plymouth Brethren Christian Church<\/title>\n<meta name=\"description\" content=\"Besuchen Sie die Downloads-Seite auf der Website der Kirche, einer christlichen Gemeinschaft, die auf der Heiligen Schrift als dem Wort Gottes basiert.\" \/>\n<meta name=\"robots\" content=\"index, follow, max-snippet:-1, max-image-preview:large, max-video-preview:-1\" \/>\n<link rel=\"canonical\" href=\"https:\/\/www.plymouthbrethrenchristianchurch.org\/de\/community\/wer-wir-sind\/downloads\/\" \/>\n<meta property=\"og:locale\" content=\"de_DE\" \/>\n<meta property=\"og:type\" content=\"article\" \/>\n<meta property=\"og:title\" content=\"Downloads | Plymouth Brethren Christian Church\" \/>\n<meta property=\"og:description\" content=\"Besuchen Sie die Downloads-Seite auf der Website der Kirche, einer christlichen Gemeinschaft, die auf der Heiligen Schrift als dem Wort Gottes basiert.\" \/>\n<meta property=\"og:url\" content=\"https:\/\/www.plymouthbrethrenchristianchurch.org\/de\/community\/wer-wir-sind\/downloads\/\" \/>\n<meta property=\"og:site_name\" content=\"Plymouth Brethren Christian Church\" \/>\n<meta property=\"article:publisher\" content=\"https:\/\/www.facebook.com\/PlymouthBrethrenChristianChurch\" \/>\n<meta property=\"article:modified_time\" content=\"2024-09-10T06:25:04+00:00\" \/>\n<meta name=\"twitter:card\" content=\"summary_large_image\" \/>\n<script type=\"application\/ld+json\" class=\"yoast-schema-graph\">{\"@context\":\"https:\/\/schema.org\",\"@graph\":[{\"@type\":\"WebPage\",\"@id\":\"https:\/\/www.plymouthbrethrenchristianchurch.org\/de\/community\/wer-wir-sind\/downloads\/\",\"url\":\"https:\/\/www.plymouthbrethrenchristianchurch.org\/de\/community\/wer-wir-sind\/downloads\/\",\"name\":\"Downloads | Plymouth Brethren Christian Church\",\"isPartOf\":{\"@id\":\"https:\/\/www.plymouthbrethrenchristianchurch.org\/#website\"},\"datePublished\":\"2020-08-12T06:18:22+00:00\",\"dateModified\":\"2024-09-10T06:25:04+00:00\",\"description\":\"Besuchen Sie die Downloads-Seite auf der Website der Kirche, einer christlichen Gemeinschaft, die auf der Heiligen Schrift als dem Wort Gottes basiert.\",\"breadcrumb\":{\"@id\":\"https:\/\/www.plymouthbrethrenchristianchurch.org\/de\/community\/wer-wir-sind\/downloads\/#breadcrumb\"},\"inLanguage\":\"de\",\"potentialAction\":[{\"@type\":\"ReadAction\",\"target\":[\"https:\/\/www.plymouthbrethrenchristianchurch.org\/de\/community\/wer-wir-sind\/downloads\/\"]}]},{\"@type\":\"BreadcrumbList\",\"@id\":\"https:\/\/www.plymouthbrethrenchristianchurch.org\/de\/community\/wer-wir-sind\/downloads\/#breadcrumb\",\"itemListElement\":[{\"@type\":\"ListItem\",\"position\":1,\"name\":\"Home\",\"item\":\"https:\/\/www.plymouthbrethrenchristianchurch.org\/de\/startseite\/\"},{\"@type\":\"ListItem\",\"position\":2,\"name\":\"Lebensweise\",\"item\":\"https:\/\/www.plymouthbrethrenchristianchurch.org\/de\/community\/\"},{\"@type\":\"ListItem\",\"position\":3,\"name\":\"Unsere \u00dcberzeugungen\",\"item\":\"https:\/\/www.plymouthbrethrenchristianchurch.org\/de\/community\/wer-wir-sind\/\"},{\"@type\":\"ListItem\",\"position\":4,\"name\":\"Downloads\"}]},{\"@type\":\"WebSite\",\"@id\":\"https:\/\/www.plymouthbrethrenchristianchurch.org\/#website\",\"url\":\"https:\/\/www.plymouthbrethrenchristianchurch.org\/\",\"name\":\"Plymouth Brethren Christian Church\",\"description\":\"\",\"publisher\":{\"@id\":\"https:\/\/www.plymouthbrethrenchristianchurch.org\/#organization\"},\"potentialAction\":[{\"@type\":\"SearchAction\",\"target\":{\"@type\":\"EntryPoint\",\"urlTemplate\":\"https:\/\/www.plymouthbrethrenchristianchurch.org\/?s={search_term_string}\"},\"query-input\":{\"@type\":\"PropertyValueSpecification\",\"valueRequired\":true,\"valueName\":\"search_term_string\"}}],\"inLanguage\":\"de\"},{\"@type\":\"Organization\",\"@id\":\"https:\/\/www.plymouthbrethrenchristianchurch.org\/#organization\",\"name\":\"Plymouth Brethren Christian Church\",\"url\":\"https:\/\/www.plymouthbrethrenchristianchurch.org\/\",\"logo\":{\"@type\":\"ImageObject\",\"inLanguage\":\"de\",\"@id\":\"https:\/\/www.plymouthbrethrenchristianchurch.org\/#\/schema\/logo\/image\/\",\"url\":\"https:\/\/www.plymouthbrethrenchristianchurch.org\/wp-content\/uploads\/2020\/05\/site-logo.svg\",\"contentUrl\":\"https:\/\/www.plymouthbrethrenchristianchurch.org\/wp-content\/uploads\/2020\/05\/site-logo.svg\",\"caption\":\"Plymouth Brethren Christian Church\"},\"image\":{\"@id\":\"https:\/\/www.plymouthbrethrenchristianchurch.org\/#\/schema\/logo\/image\/\"},\"sameAs\":[\"https:\/\/www.facebook.com\/PlymouthBrethrenChristianChurch\",\"https:\/\/www.youtube.com\/channel\/UC76fGueDJBbLvhs988yTBXQ\",\"https:\/\/www.pinterest.com.au\/plymouthbcc\/\"]}]}<\/script>\n<!-- \/ Yoast SEO plugin. -->","yoast_head_json":{"title":"Downloads | Plymouth Brethren Christian Church","description":"Besuchen Sie die Downloads-Seite auf der Website der Kirche, einer christlichen Gemeinschaft, die auf der Heiligen Schrift als dem Wort Gottes basiert.","robots":{"index":"index","follow":"follow","max-snippet":"max-snippet:-1","max-image-preview":"max-image-preview:large","max-video-preview":"max-video-preview:-1"},"canonical":"https:\/\/www.plymouthbrethrenchristianchurch.org\/de\/community\/wer-wir-sind\/downloads\/","og_locale":"de_DE","og_type":"article","og_title":"Downloads | Plymouth Brethren Christian Church","og_description":"Besuchen Sie die Downloads-Seite auf der Website der Kirche, einer christlichen Gemeinschaft, die auf der Heiligen Schrift als dem Wort Gottes basiert.","og_url":"https:\/\/www.plymouthbrethrenchristianchurch.org\/de\/community\/wer-wir-sind\/downloads\/","og_site_name":"Plymouth Brethren Christian Church","article_publisher":"https:\/\/www.facebook.com\/PlymouthBrethrenChristianChurch","article_modified_time":"2024-09-10T06:25:04+00:00","twitter_card":"summary_large_image","schema":{"@context":"https:\/\/schema.org","@graph":[{"@type":"WebPage","@id":"https:\/\/www.plymouthbrethrenchristianchurch.org\/de\/community\/wer-wir-sind\/downloads\/","url":"https:\/\/www.plymouthbrethrenchristianchurch.org\/de\/community\/wer-wir-sind\/downloads\/","name":"Downloads | Plymouth Brethren Christian Church","isPartOf":{"@id":"https:\/\/www.plymouthbrethrenchristianchurch.org\/#website"},"datePublished":"2020-08-12T06:18:22+00:00","dateModified":"2024-09-10T06:25:04+00:00","description":"Besuchen Sie die Downloads-Seite auf der Website der Kirche, einer christlichen Gemeinschaft, die auf der Heiligen Schrift als dem Wort Gottes basiert.","breadcrumb":{"@id":"https:\/\/www.plymouthbrethrenchristianchurch.org\/de\/community\/wer-wir-sind\/downloads\/#breadcrumb"},"inLanguage":"de","potentialAction":[{"@type":"ReadAction","target":["https:\/\/www.plymouthbrethrenchristianchurch.org\/de\/community\/wer-wir-sind\/downloads\/"]}]},{"@type":"BreadcrumbList","@id":"https:\/\/www.plymouthbrethrenchristianchurch.org\/de\/community\/wer-wir-sind\/downloads\/#breadcrumb","itemListElement":[{"@type":"ListItem","position":1,"name":"Home","item":"https:\/\/www.plymouthbrethrenchristianchurch.org\/de\/startseite\/"},{"@type":"ListItem","position":2,"name":"Lebensweise","item":"https:\/\/www.plymouthbrethrenchristianchurch.org\/de\/community\/"},{"@type":"ListItem","position":3,"name":"Unsere \u00dcberzeugungen","item":"https:\/\/www.plymouthbrethrenchristianchurch.org\/de\/community\/wer-wir-sind\/"},{"@type":"ListItem","position":4,"name":"Downloads"}]},{"@type":"WebSite","@id":"https:\/\/www.plymouthbrethrenchristianchurch.org\/#website","url":"https:\/\/www.plymouthbrethrenchristianchurch.org\/","name":"Plymouth Brethren Christian Church","description":"","publisher":{"@id":"https:\/\/www.plymouthbrethrenchristianchurch.org\/#organization"},"potentialAction":[{"@type":"SearchAction","target":{"@type":"EntryPoint","urlTemplate":"https:\/\/www.plymouthbrethrenchristianchurch.org\/?s={search_term_string}"},"query-input":{"@type":"PropertyValueSpecification","valueRequired":true,"valueName":"search_term_string"}}],"inLanguage":"de"},{"@type":"Organization","@id":"https:\/\/www.plymouthbrethrenchristianchurch.org\/#organization","name":"Plymouth Brethren Christian Church","url":"https:\/\/www.plymouthbrethrenchristianchurch.org\/","logo":{"@type":"ImageObject","inLanguage":"de","@id":"https:\/\/www.plymouthbrethrenchristianchurch.org\/#\/schema\/logo\/image\/","url":"https:\/\/www.plymouthbrethrenchristianchurch.org\/wp-content\/uploads\/2020\/05\/site-logo.svg","contentUrl":"https:\/\/www.plymouthbrethrenchristianchurch.org\/wp-content\/uploads\/2020\/05\/site-logo.svg","caption":"Plymouth Brethren Christian Church"},"image":{"@id":"https:\/\/www.plymouthbrethrenchristianchurch.org\/#\/schema\/logo\/image\/"},"sameAs":["https:\/\/www.facebook.com\/PlymouthBrethrenChristianChurch","https:\/\/www.youtube.com\/channel\/UC76fGueDJBbLvhs988yTBXQ","https:\/\/www.pinterest.com.au\/plymouthbcc\/"]}]}},"_links":{"self":[{"href":"https:\/\/www.plymouthbrethrenchristianchurch.org\/de\/wp-json\/wp\/v2\/pages\/2825"}],"collection":[{"href":"https:\/\/www.plymouthbrethrenchristianchurch.org\/de\/wp-json\/wp\/v2\/pages"}],"about":[{"href":"https:\/\/www.plymouthbrethrenchristianchurch.org\/de\/wp-json\/wp\/v2\/types\/page"}],"author":[{"embeddable":true,"href":"https:\/\/www.plymouthbrethrenchristianchurch.org\/de\/wp-json\/wp\/v2\/users\/2"}],"replies":[{"embeddable":true,"href":"https:\/\/www.plymouthbrethrenchristianchurch.org\/de\/wp-json\/wp\/v2\/comments?post=2825"}],"version-history":[{"count":11,"href":"https:\/\/www.plymouthbrethrenchristianchurch.org\/de\/wp-json\/wp\/v2\/pages\/2825\/revisions"}],"predecessor-version":[{"id":8037,"href":"https:\/\/www.plymouthbrethrenchristianchurch.org\/de\/wp-json\/wp\/v2\/pages\/2825\/revisions\/8037"}],"up":[{"embeddable":true,"href":"https:\/\/www.plymouthbrethrenchristianchurch.org\/de\/wp-json\/wp\/v2\/pages\/2768"}],"wp:attachment":[{"href":"https:\/\/www.plymouthbrethrenchristianchurch.org\/de\/wp-json\/wp\/v2\/media?parent=2825"}],"curies":[{"name":"wp","href":"https:\/\/api.w.org\/{rel}","templated":true}]}}