{"id":2845,"date":"2020-04-30T06:50:18","date_gmt":"2020-04-29T20:50:18","guid":{"rendered":"https:\/\/www.plymouthbrethrenchristianchurch.org\/bildung\/"},"modified":"2024-09-10T15:41:26","modified_gmt":"2024-09-10T05:41:26","slug":"bildung","status":"publish","type":"page","link":"https:\/\/www.plymouthbrethrenchristianchurch.org\/de\/bildung\/","title":{"rendered":"Bildung"},"content":{"rendered":"","protected":false},"excerpt":{"rendered":"<p>Bildung ist f\u00fcr die Br\u00fcdergemeinschaft von gro\u00dfer Bedeutung, da sie eine Schl\u00fcsselrolle beim Aufbau der Zukunft unserer Kinder spielt und sie mit grundlegenden F\u00e4higkeiten f\u00fcr das Leben ausstattet.  <\/p>\n","protected":false},"author":1,"featured_media":6543,"parent":0,"menu_order":10,"comment_status":"closed","ping_status":"closed","template":"page-templates\/acf-flexible-content.php","meta":{"_acf_changed":false,"_relevanssi_hide_post":"","_relevanssi_hide_content":"","_relevanssi_pin_for_all":"","_relevanssi_pin_keywords":"","_relevanssi_unpin_keywords":"","_relevanssi_related_keywords":"","_relevanssi_related_include_ids":"","_relevanssi_related_exclude_ids":"","_relevanssi_related_no_append":"","_relevanssi_related_not_related":"","_relevanssi_related_posts":"","_relevanssi_noindex_reason":"","inline_featured_image":false,"footnotes":""},"class_list":["post-2845","page","type-page","status-publish","has-post-thumbnail","hentry"],"acf":{"post_page_video":"","content":[{"acf_fc_layout":"page_header_with_links","override_title":false,"custom_title":"","intro_text":"<p>Bildung ist f\u00fcr die Gemeinschaft der Br\u00fcder von gro\u00dfer Bedeutung, da sie eine Schl\u00fcsselrolle beim Aufbau der Zukunft unserer Kinder spielt und sie mit grundlegenden F\u00e4higkeiten f\u00fcr das Leben ausstattet.<\/p>\n","enable_button":true,"button":{"button_text":"","button_url":"","open_in_new_tab":false,"button_class":""},"link_source":"off","select_a_menu":false,"menu_title":"","custom_links":false,"header_styles":{"":null,"background_colour":"#ffffff","background_image":1371,"text_colour":"black"},"row_class":""},{"acf_fc_layout":"module_section","row":[{"column_gap":"4","column":[{"module":[{"acf_fc_layout":"rich_media_block","image":false,"header":{"":null,"title":"Innovation im Bildungswesen","heading_level":"h2","header_styles":{"":null,"background_colour":"","background_image":false,"text_colour":"orange"},"make_separator":false},"content":"<p>Mit einem technologieorientierten, selbstgesteuerten Lernansatz ist OneSchool Global als weltweit f\u00fchrender Anbieter von Online-Lernen anerkannt. Die modernen, technologie- und digitalen Lernumgebungen von OneSchool schaffen eine ansprechende und einladende Atmosph\u00e4re f\u00fcr Sch\u00fcler und Lehrer.<\/p>\n","enable_button":false,"button":{"button_text":"","button_url":"","open_in_new_tab":false,"button_class":""},"class":""}],"columns_sm":"4","columns_md":"none","columns_lg":"4"},{"module":[{"acf_fc_layout":"rich_media_block","image":false,"header":{"":null,"title":"Unterst\u00fctzendes Umfeld","heading_level":"h2","header_styles":{"":null,"background_colour":"","background_image":false,"text_colour":"violet"},"make_separator":false},"content":"<p>OneSchool Global ist eine eingetragene unabh\u00e4ngige Schule in jedem der 20 L\u00e4nder, in denen sie t\u00e4tig ist. Das 2000 starke Mitarbeiterprofil von OneSchool Global umfasst professionell ausgebildete Lehrer, Verwaltungs- und Supportmitarbeiter sowie viele engagierte Freiwillige auf Campus-Ebene. Die Mitarbeiter sind keine Mitglieder der Kirchengemeinde, haben aber eine positive Arbeitsbeziehung mit Eltern und anderen Mitgliedern der breiteren Schulgemeinschaft.<\/p>\n","enable_button":false,"button":{"button_text":"","button_url":"","open_in_new_tab":false,"button_class":""},"class":""}],"columns_sm":"4","columns_md":"none","columns_lg":"4"},{"module":[{"acf_fc_layout":"rich_media_block","image":false,"header":{"":null,"title":"Lebenslanges Lernen","heading_level":"h2","header_styles":{"":null,"background_colour":"","background_image":false,"text_colour":"brown"},"make_separator":false},"content":"<p>In unabh\u00e4ngigen Tests, die von \u00fcber 13 Millionen Studenten weltweit durchgef\u00fchrt werden, schneiden OneSchool Global Students in allen Testbereichen \u00fcber durchschnittlich ab. Viele Studierende besuchen die postsekund\u00e4re Ausbildung bei registrierten Ausbildungsorganisationen und anderen Anbietern von Hochschulbildung.<\/p>\n","enable_button":false,"button":{"button_text":"","button_url":"","open_in_new_tab":false,"button_class":""},"class":""}],"columns_sm":"4","columns_md":"none","columns_lg":"4"}],"row_class":"","module_padding":{"":null,"padding_top_xs":"","padding_bottom_xs":"","padding_left_xs":"","padding_right_xs":"","padding_top_md":"","padding_bottom_md":"","padding_left_md":"","padding_right_md":"","padding_top_lg":"","padding_bottom_lg":"","padding_left_lg":"","padding_right_lg":""},"module_margin":{"":null,"margin_top_xs":"","margin_bottom_xs":"","margin_left_xs":"","margin_right_xs":"","margin_top_md":"","margin_bottom_md":"","margin_left_md":"","margin_right_md":"","margin_top_lg":"","margin_bottom_lg":"","margin_left_lg":"","margin_right_lg":""}}],"section_heading":"","section_class":"py-0","module_padding":{"":null,"padding_top_xs":"","padding_bottom_xs":"","padding_left_xs":"","padding_right_xs":"","padding_top_md":"","padding_bottom_md":"","padding_left_md":"","padding_right_md":"","padding_top_lg":"","padding_bottom_lg":"","padding_left_lg":"","padding_right_lg":""},"module_margin":{"":null,"margin_top_xs":"","margin_bottom_xs":"","margin_left_xs":"","margin_right_xs":"","margin_top_md":"","margin_bottom_md":"","margin_left_md":"","margin_right_md":"","margin_top_lg":"","margin_bottom_lg":"","margin_left_lg":"","margin_right_lg":""}},{"acf_fc_layout":"content_grid_1_2","section_title":"","content_row":[{"content_title":"Unsere Schulen","content_body":"<p>1994 gr\u00fcndeten wir ein Schulnetzwerk \u2013 OneSchool Global. Derzeit bildet OneSchool Global \u00fcber 9.000 Studenten in \u00fcber 125 Campussen in 20 L\u00e4ndern aus und ist damit eine der gr\u00f6\u00dften unabh\u00e4ngigen Schulen der Welt. Die Kirchengemeinde ist der Ansicht, dass das Klassenzimmer nicht der Ort f\u00fcr Religion ist, und als solche gibt es keine Gottesdienste oder religionsbasierten F\u00e4cher, die auf OneSchool Global-Campussen unterrichtet werden. Weitere Informationen finden Sie auf der Website von One School Global.<\/p>\n","image":1906,"enable_quote_overlay":false,"quote_overlay":{"quote_text":"","quote_source":""},"icon":{"icon":false,"icon_position":"left","icon_vertical_offset":""},"enable_link":true,"link":{"title":"","url":"https:\/\/www.oneschoolglobal.com\/","target":"_blank"},"header_styles":{"":null,"background_colour":"","background_image":false,"text_colour":"orange"}},{"content_title":"Faqs","content_body":"<p>Erfahren Sie mehr \u00fcber die Plymouth Brethren Christian Church, indem Sie unsere am h\u00e4ufigsten gestellten Fragen durchst\u00f6bern.<\/p>\n","image":685,"enable_quote_overlay":false,"quote_overlay":{"quote_text":"","quote_source":""},"icon":{"icon":false,"icon_position":"left","icon_vertical_offset":""},"enable_link":true,"link":{"title":"Faqs","url":"https:\/\/www.plymouthbrethrenchristianchurch.org\/de\/startseite\/erzahlungen-von-mitgliedern\/faqs\/","target":""},"header_styles":{"":null,"background_colour":"","background_image":false,"text_colour":"violet"}}]},{"acf_fc_layout":"quote_section","background_color":"orange","passage_text":"Trainiere ein Kind so, wie es gehen sollte; und wenn er alt ist, wird es nicht davon abweichen.","passage_source":"Sprichw\u00f6rter 22 v 6","background_image":125}]},"yoast_head":"<!-- This site is optimized with the Yoast SEO plugin v25.2 - https:\/\/yoast.com\/wordpress\/plugins\/seo\/ -->\n<title>Bildung | Plymouth Brethren Christian Church<\/title>\n<meta name=\"description\" content=\"Visit the Bildung page on the website of the Plymouth Brethren Christian Church, a Christian fellowship based on the Holy Bible as the Word of God.\" \/>\n<meta name=\"robots\" content=\"index, follow, max-snippet:-1, max-image-preview:large, max-video-preview:-1\" \/>\n<link rel=\"canonical\" href=\"https:\/\/www.plymouthbrethrenchristianchurch.org\/de\/bildung\/\" \/>\n<meta property=\"og:locale\" content=\"de_DE\" \/>\n<meta property=\"og:type\" content=\"article\" \/>\n<meta property=\"og:title\" content=\"Bildung | Plymouth Brethren Christian Church\" \/>\n<meta property=\"og:description\" content=\"Visit the Bildung page on the website of the Plymouth Brethren Christian Church, a Christian fellowship based on the Holy Bible as the Word of God.\" \/>\n<meta property=\"og:url\" content=\"https:\/\/www.plymouthbrethrenchristianchurch.org\/de\/bildung\/\" \/>\n<meta property=\"og:site_name\" content=\"Plymouth Brethren Christian Church\" \/>\n<meta property=\"article:publisher\" content=\"https:\/\/www.facebook.com\/PlymouthBrethrenChristianChurch\" \/>\n<meta property=\"article:modified_time\" content=\"2024-09-10T05:41:26+00:00\" \/>\n<meta property=\"og:image\" content=\"https:\/\/www.plymouthbrethrenchristianchurch.org\/wp-content\/uploads\/2024\/07\/OneSchool-Global.webp\" \/>\n\t<meta property=\"og:image:width\" content=\"368\" \/>\n\t<meta property=\"og:image:height\" content=\"366\" \/>\n\t<meta property=\"og:image:type\" content=\"image\/webp\" \/>\n<meta name=\"twitter:card\" content=\"summary_large_image\" \/>\n<meta name=\"twitter:label1\" content=\"Gesch\u00e4tzte Lesezeit\" \/>\n\t<meta name=\"twitter:data1\" content=\"1\u00a0Minute\" \/>\n<script type=\"application\/ld+json\" class=\"yoast-schema-graph\">{\"@context\":\"https:\/\/schema.org\",\"@graph\":[{\"@type\":\"WebPage\",\"@id\":\"https:\/\/www.plymouthbrethrenchristianchurch.org\/de\/bildung\/\",\"url\":\"https:\/\/www.plymouthbrethrenchristianchurch.org\/de\/bildung\/\",\"name\":\"Bildung | Plymouth Brethren Christian Church\",\"isPartOf\":{\"@id\":\"https:\/\/www.plymouthbrethrenchristianchurch.org\/#website\"},\"primaryImageOfPage\":{\"@id\":\"https:\/\/www.plymouthbrethrenchristianchurch.org\/de\/bildung\/#primaryimage\"},\"image\":{\"@id\":\"https:\/\/www.plymouthbrethrenchristianchurch.org\/de\/bildung\/#primaryimage\"},\"thumbnailUrl\":\"https:\/\/www.plymouthbrethrenchristianchurch.org\/wp-content\/uploads\/2024\/07\/OneSchool-Global.webp\",\"datePublished\":\"2020-04-29T20:50:18+00:00\",\"dateModified\":\"2024-09-10T05:41:26+00:00\",\"description\":\"Visit the Bildung page on the website of the Plymouth Brethren Christian Church, a Christian fellowship based on the Holy Bible as the Word of God.\",\"breadcrumb\":{\"@id\":\"https:\/\/www.plymouthbrethrenchristianchurch.org\/de\/bildung\/#breadcrumb\"},\"inLanguage\":\"de\",\"potentialAction\":[{\"@type\":\"ReadAction\",\"target\":[\"https:\/\/www.plymouthbrethrenchristianchurch.org\/de\/bildung\/\"]}]},{\"@type\":\"ImageObject\",\"inLanguage\":\"de\",\"@id\":\"https:\/\/www.plymouthbrethrenchristianchurch.org\/de\/bildung\/#primaryimage\",\"url\":\"https:\/\/www.plymouthbrethrenchristianchurch.org\/wp-content\/uploads\/2024\/07\/OneSchool-Global.webp\",\"contentUrl\":\"https:\/\/www.plymouthbrethrenchristianchurch.org\/wp-content\/uploads\/2024\/07\/OneSchool-Global.webp\",\"width\":368,\"height\":366,\"caption\":\"OneSchool Global logo\"},{\"@type\":\"BreadcrumbList\",\"@id\":\"https:\/\/www.plymouthbrethrenchristianchurch.org\/de\/bildung\/#breadcrumb\",\"itemListElement\":[{\"@type\":\"ListItem\",\"position\":1,\"name\":\"Home\",\"item\":\"https:\/\/www.plymouthbrethrenchristianchurch.org\/de\/startseite\/\"},{\"@type\":\"ListItem\",\"position\":2,\"name\":\"Bildung\"}]},{\"@type\":\"WebSite\",\"@id\":\"https:\/\/www.plymouthbrethrenchristianchurch.org\/#website\",\"url\":\"https:\/\/www.plymouthbrethrenchristianchurch.org\/\",\"name\":\"Plymouth Brethren Christian Church\",\"description\":\"\",\"publisher\":{\"@id\":\"https:\/\/www.plymouthbrethrenchristianchurch.org\/#organization\"},\"potentialAction\":[{\"@type\":\"SearchAction\",\"target\":{\"@type\":\"EntryPoint\",\"urlTemplate\":\"https:\/\/www.plymouthbrethrenchristianchurch.org\/?s={search_term_string}\"},\"query-input\":{\"@type\":\"PropertyValueSpecification\",\"valueRequired\":true,\"valueName\":\"search_term_string\"}}],\"inLanguage\":\"de\"},{\"@type\":\"Organization\",\"@id\":\"https:\/\/www.plymouthbrethrenchristianchurch.org\/#organization\",\"name\":\"Plymouth Brethren Christian Church\",\"url\":\"https:\/\/www.plymouthbrethrenchristianchurch.org\/\",\"logo\":{\"@type\":\"ImageObject\",\"inLanguage\":\"de\",\"@id\":\"https:\/\/www.plymouthbrethrenchristianchurch.org\/#\/schema\/logo\/image\/\",\"url\":\"https:\/\/www.plymouthbrethrenchristianchurch.org\/wp-content\/uploads\/2020\/05\/site-logo.svg\",\"contentUrl\":\"https:\/\/www.plymouthbrethrenchristianchurch.org\/wp-content\/uploads\/2020\/05\/site-logo.svg\",\"caption\":\"Plymouth Brethren Christian Church\"},\"image\":{\"@id\":\"https:\/\/www.plymouthbrethrenchristianchurch.org\/#\/schema\/logo\/image\/\"},\"sameAs\":[\"https:\/\/www.facebook.com\/PlymouthBrethrenChristianChurch\",\"https:\/\/www.youtube.com\/channel\/UC76fGueDJBbLvhs988yTBXQ\",\"https:\/\/www.pinterest.com.au\/plymouthbcc\/\"]}]}<\/script>\n<!-- \/ Yoast SEO plugin. -->","yoast_head_json":{"title":"Bildung | Plymouth Brethren Christian Church","description":"Visit the Bildung page on the website of the Plymouth Brethren Christian Church, a Christian fellowship based on the Holy Bible as the Word of God.","robots":{"index":"index","follow":"follow","max-snippet":"max-snippet:-1","max-image-preview":"max-image-preview:large","max-video-preview":"max-video-preview:-1"},"canonical":"https:\/\/www.plymouthbrethrenchristianchurch.org\/de\/bildung\/","og_locale":"de_DE","og_type":"article","og_title":"Bildung | Plymouth Brethren Christian Church","og_description":"Visit the Bildung page on the website of the Plymouth Brethren Christian Church, a Christian fellowship based on the Holy Bible as the Word of God.","og_url":"https:\/\/www.plymouthbrethrenchristianchurch.org\/de\/bildung\/","og_site_name":"Plymouth Brethren Christian Church","article_publisher":"https:\/\/www.facebook.com\/PlymouthBrethrenChristianChurch","article_modified_time":"2024-09-10T05:41:26+00:00","og_image":[{"width":368,"height":366,"url":"https:\/\/www.plymouthbrethrenchristianchurch.org\/wp-content\/uploads\/2024\/07\/OneSchool-Global.webp","type":"image\/webp"}],"twitter_card":"summary_large_image","twitter_misc":{"Gesch\u00e4tzte Lesezeit":"1\u00a0Minute"},"schema":{"@context":"https:\/\/schema.org","@graph":[{"@type":"WebPage","@id":"https:\/\/www.plymouthbrethrenchristianchurch.org\/de\/bildung\/","url":"https:\/\/www.plymouthbrethrenchristianchurch.org\/de\/bildung\/","name":"Bildung | Plymouth Brethren Christian Church","isPartOf":{"@id":"https:\/\/www.plymouthbrethrenchristianchurch.org\/#website"},"primaryImageOfPage":{"@id":"https:\/\/www.plymouthbrethrenchristianchurch.org\/de\/bildung\/#primaryimage"},"image":{"@id":"https:\/\/www.plymouthbrethrenchristianchurch.org\/de\/bildung\/#primaryimage"},"thumbnailUrl":"https:\/\/www.plymouthbrethrenchristianchurch.org\/wp-content\/uploads\/2024\/07\/OneSchool-Global.webp","datePublished":"2020-04-29T20:50:18+00:00","dateModified":"2024-09-10T05:41:26+00:00","description":"Visit the Bildung page on the website of the Plymouth Brethren Christian Church, a Christian fellowship based on the Holy Bible as the Word of God.","breadcrumb":{"@id":"https:\/\/www.plymouthbrethrenchristianchurch.org\/de\/bildung\/#breadcrumb"},"inLanguage":"de","potentialAction":[{"@type":"ReadAction","target":["https:\/\/www.plymouthbrethrenchristianchurch.org\/de\/bildung\/"]}]},{"@type":"ImageObject","inLanguage":"de","@id":"https:\/\/www.plymouthbrethrenchristianchurch.org\/de\/bildung\/#primaryimage","url":"https:\/\/www.plymouthbrethrenchristianchurch.org\/wp-content\/uploads\/2024\/07\/OneSchool-Global.webp","contentUrl":"https:\/\/www.plymouthbrethrenchristianchurch.org\/wp-content\/uploads\/2024\/07\/OneSchool-Global.webp","width":368,"height":366,"caption":"OneSchool Global logo"},{"@type":"BreadcrumbList","@id":"https:\/\/www.plymouthbrethrenchristianchurch.org\/de\/bildung\/#breadcrumb","itemListElement":[{"@type":"ListItem","position":1,"name":"Home","item":"https:\/\/www.plymouthbrethrenchristianchurch.org\/de\/startseite\/"},{"@type":"ListItem","position":2,"name":"Bildung"}]},{"@type":"WebSite","@id":"https:\/\/www.plymouthbrethrenchristianchurch.org\/#website","url":"https:\/\/www.plymouthbrethrenchristianchurch.org\/","name":"Plymouth Brethren Christian Church","description":"","publisher":{"@id":"https:\/\/www.plymouthbrethrenchristianchurch.org\/#organization"},"potentialAction":[{"@type":"SearchAction","target":{"@type":"EntryPoint","urlTemplate":"https:\/\/www.plymouthbrethrenchristianchurch.org\/?s={search_term_string}"},"query-input":{"@type":"PropertyValueSpecification","valueRequired":true,"valueName":"search_term_string"}}],"inLanguage":"de"},{"@type":"Organization","@id":"https:\/\/www.plymouthbrethrenchristianchurch.org\/#organization","name":"Plymouth Brethren Christian Church","url":"https:\/\/www.plymouthbrethrenchristianchurch.org\/","logo":{"@type":"ImageObject","inLanguage":"de","@id":"https:\/\/www.plymouthbrethrenchristianchurch.org\/#\/schema\/logo\/image\/","url":"https:\/\/www.plymouthbrethrenchristianchurch.org\/wp-content\/uploads\/2020\/05\/site-logo.svg","contentUrl":"https:\/\/www.plymouthbrethrenchristianchurch.org\/wp-content\/uploads\/2020\/05\/site-logo.svg","caption":"Plymouth Brethren Christian Church"},"image":{"@id":"https:\/\/www.plymouthbrethrenchristianchurch.org\/#\/schema\/logo\/image\/"},"sameAs":["https:\/\/www.facebook.com\/PlymouthBrethrenChristianChurch","https:\/\/www.youtube.com\/channel\/UC76fGueDJBbLvhs988yTBXQ","https:\/\/www.pinterest.com.au\/plymouthbcc\/"]}]}},"_links":{"self":[{"href":"https:\/\/www.plymouthbrethrenchristianchurch.org\/de\/wp-json\/wp\/v2\/pages\/2845"}],"collection":[{"href":"https:\/\/www.plymouthbrethrenchristianchurch.org\/de\/wp-json\/wp\/v2\/pages"}],"about":[{"href":"https:\/\/www.plymouthbrethrenchristianchurch.org\/de\/wp-json\/wp\/v2\/types\/page"}],"author":[{"embeddable":true,"href":"https:\/\/www.plymouthbrethrenchristianchurch.org\/de\/wp-json\/wp\/v2\/users\/1"}],"replies":[{"embeddable":true,"href":"https:\/\/www.plymouthbrethrenchristianchurch.org\/de\/wp-json\/wp\/v2\/comments?post=2845"}],"version-history":[{"count":5,"href":"https:\/\/www.plymouthbrethrenchristianchurch.org\/de\/wp-json\/wp\/v2\/pages\/2845\/revisions"}],"predecessor-version":[{"id":7993,"href":"https:\/\/www.plymouthbrethrenchristianchurch.org\/de\/wp-json\/wp\/v2\/pages\/2845\/revisions\/7993"}],"wp:featuredmedia":[{"embeddable":true,"href":"https:\/\/www.plymouthbrethrenchristianchurch.org\/de\/wp-json\/wp\/v2\/media\/6543"}],"wp:attachment":[{"href":"https:\/\/www.plymouthbrethrenchristianchurch.org\/de\/wp-json\/wp\/v2\/media?parent=2845"}],"curies":[{"name":"wp","href":"https:\/\/api.w.org\/{rel}","templated":true}]}}