{"id":2851,"date":"2020-04-30T06:45:09","date_gmt":"2020-04-29T20:45:09","guid":{"rendered":"https:\/\/www.plymouthbrethrenchristianchurch.org\/was-wir-glauben\/"},"modified":"2024-09-10T15:12:28","modified_gmt":"2024-09-10T05:12:28","slug":"was-wir-glauben","status":"publish","type":"page","link":"https:\/\/www.plymouthbrethrenchristianchurch.org\/de\/was-wir-glauben\/","title":{"rendered":"Was wir glauben"},"content":{"rendered":"","protected":false},"excerpt":{"rendered":"<p>Die Bibel ist das wahre Wort Gottes, und wir glauben, dass wir alle aufgerufen sind, ein Leben in \u00dcbereinstimmung mit ihren Anweisungen zu f\u00fchren.<\/p>\n","protected":false},"author":1,"featured_media":0,"parent":0,"menu_order":3,"comment_status":"closed","ping_status":"closed","template":"page-templates\/acf-flexible-content.php","meta":{"_acf_changed":false,"_relevanssi_hide_post":"","_relevanssi_hide_content":"","_relevanssi_pin_for_all":"","_relevanssi_pin_keywords":"","_relevanssi_unpin_keywords":"","_relevanssi_related_keywords":"","_relevanssi_related_include_ids":"","_relevanssi_related_exclude_ids":"","_relevanssi_related_no_append":"","_relevanssi_related_not_related":"","_relevanssi_related_posts":"","_relevanssi_noindex_reason":"","inline_featured_image":false,"footnotes":""},"class_list":["post-2851","page","type-page","status-publish","hentry"],"acf":{"post_page_video":"","content":[{"acf_fc_layout":"page_header_with_links","override_title":false,"custom_title":"","intro_text":"<p>Die Christliche Kirche der Plymouth Brethren ist eine christliche Gemeinschaft, die auf der Bibel als Wort Gottes basiert. Erfahren Sie mehr \u00fcber den Glauben und Glauben der Plymouth-Br\u00fcder.<\/p>\n","enable_button":false,"button":{"button_text":"","button_url":"","open_in_new_tab":false,"button_class":""},"link_source":"off","select_a_menu":{"value":"18","label":"Was wir glauben"},"menu_title":"","custom_links":false,"header_styles":{"":null,"background_colour":"#ffffff","background_image":830,"text_colour":"black"},"row_class":""},{"acf_fc_layout":"module_section","row":[{"column_gap":"4","column":[{"module":[{"acf_fc_layout":"rich_media_block","image":false,"header":{"":null,"title":"Die Heilige Bibel","heading_level":"h2","header_styles":{"":null,"background_colour":"","background_image":false,"text_colour":"orange"},"make_separator":false},"content":"<p>Die Bibel ist von zentraler Bedeutung f\u00fcr die Lebensweise der Br\u00fcder, den Glauben, die Moral und den Verhaltenskodex. Wir glauben, dass die Bibel das wahre Wort Gottes ist und allen Teilen unseres Lebens Orientierung gibt.<\/p>\n","enable_button":false,"button":{"button_text":"","button_url":"","open_in_new_tab":false,"button_class":""},"class":""}],"columns_sm":"4","columns_md":"none","columns_lg":"4"},{"module":[{"acf_fc_layout":"rich_media_block","image":false,"header":{"":null,"title":"Rettung","heading_level":"h2","header_styles":{"":null,"background_colour":"","background_image":false,"text_colour":"violet"},"make_separator":false},"content":"<p>Unser evangelisches Werk soll die Menschen f\u00fcr die Errettung ihrer Seele f\u00fcr jetzt und in der Ewigkeit zu Christus f\u00fchren. Jeder, der bereit ist, sich unserem Glauben und unserer Lebensweise zu verpflichten, kann sich entscheiden, unserer Kirche beizutreten.<\/p>\n","enable_button":false,"button":{"button_text":"","button_url":"","open_in_new_tab":false,"button_class":""},"class":""}],"columns_sm":"4","columns_md":"none","columns_lg":"4"},{"module":[{"acf_fc_layout":"rich_media_block","image":false,"header":{"":null,"title":"Hier Eerfahren Sie Mehr","heading_level":"h2","header_styles":{"":null,"background_colour":"","background_image":false,"text_colour":"brown"},"make_separator":false},"content":"<p>Um mehr \u00fcber unsere \u00dcberzeugungen zu erfahren, oder wenn Sie einfach nur mit jemandem \u00fcber Ihren Glauben sprechen m\u00f6chten, k\u00f6nnen Sie <a href=\"https:\/\/www.plymouthbrethrenchristianchurch.org\/contact\/\">uns kontaktieren.<\/a><\/p>\n","enable_button":true,"button":{"button_text":"Kontaktieren Sie uns","button_url":{"title":"","url":"https:\/\/www.plymouthbrethrenchristianchurch.org\/de\/kontakt\/","target":""},"open_in_new_tab":false,"button_class":""},"class":""}],"columns_sm":"4","columns_md":"none","columns_lg":"4"}],"row_class":"","module_padding":{"":null,"padding_top_xs":"","padding_bottom_xs":"","padding_left_xs":"","padding_right_xs":"","padding_top_md":"","padding_bottom_md":"","padding_left_md":"","padding_right_md":"","padding_top_lg":"","padding_bottom_lg":"","padding_left_lg":"","padding_right_lg":""},"module_margin":{"":null,"margin_top_xs":"","margin_bottom_xs":"","margin_left_xs":"","margin_right_xs":"","margin_top_md":"","margin_bottom_md":"","margin_left_md":"","margin_right_md":"","margin_top_lg":"","margin_bottom_lg":"","margin_left_lg":"","margin_right_lg":""}}],"section_heading":"","section_class":"py-0","module_padding":{"":null,"padding_top_xs":"","padding_bottom_xs":"","padding_left_xs":"","padding_right_xs":"","padding_top_md":"","padding_bottom_md":"","padding_left_md":"","padding_right_md":"","padding_top_lg":"","padding_bottom_lg":"","padding_left_lg":"","padding_right_lg":""},"module_margin":{"":null,"margin_top_xs":"","margin_bottom_xs":"","margin_left_xs":"","margin_right_xs":"","margin_top_md":"","margin_bottom_md":"","margin_left_md":"","margin_right_md":"","margin_top_lg":"","margin_bottom_lg":"","margin_left_lg":"","margin_right_lg":""}},{"acf_fc_layout":"content_grid_1_2","section_title":"","content_row":[{"content_title":"Bibel","content_body":"<p>Die Plymouth-Br\u00fcder glauben, dass die Bibel das wahre Wort Gottes ist, und wir glauben, dass wir alle aufgerufen sind, ein Leben in \u00dcbereinstimmung mit seinen Anweisungen zu f\u00fchren. Wir glauben, dass die Bibel jedem von uns eine unsch\u00e4tzbare F\u00fchrung f\u00fcr jeden Aspekt des Lebens bietet. Jeder, der bereit ist, sich diesen \u00dcberzeugungen und dieser Lebensweise zu verpflichten, ist herzlich eingeladen, sich unserer Kirche anzuschlie\u00dfen.<\/p>\n","image":840,"enable_quote_overlay":false,"quote_overlay":{"quote_text":"","quote_source":""},"icon":{"icon":false,"icon_position":"left","icon_vertical_offset":""},"enable_link":true,"link":{"title":"Bibel","url":"https:\/\/www.plymouthbrethrenchristianchurch.org\/de\/was-wir-glauben\/bibel\/","target":""},"header_styles":{"":null,"background_colour":"","background_image":false,"text_colour":"orange"}},{"content_title":"Evangeliumsthemen","content_body":"<p>Wir haben den gleichen Glauben wie jeder wahre Christ und als solcher glauben wir, dass geistiges Wachstum entsteht, wenn die Lehren der Bibel auf das t\u00e4gliche Leben angewendet werden. Diese Verpflichtung zum Wort Gottes ist ein Grund, warum unsere Mitglieder auf der Stra\u00dfe das Evangelium predigen. Wir sehen den dauerhaften Unterschied, den das Evangelium im Leben hat, und wollen wirklich die Gelegenheit mit anderen teilen, sie zu Christus zu f\u00fchren.<\/p>\n","image":2045,"enable_quote_overlay":false,"quote_overlay":{"quote_text":"","quote_source":""},"icon":{"icon":false,"icon_position":"left","icon_vertical_offset":""},"enable_link":true,"link":{"title":"Evangeliumsthemen","url":"https:\/\/www.plymouthbrethrenchristianchurch.org\/de\/was-wir-glauben\/gospel-topics\/","target":""},"header_styles":{"":null,"background_colour":"","background_image":false,"text_colour":"violet"}},{"content_title":"Autoren","content_body":"<p>Erfahren Sie mehr \u00fcber die Autoren der Evangeliumsthemen und Predigten, die auf der Website der Plymouth Brethren Christian Church verf\u00fcgbar sind.<\/p>\n","image":837,"enable_quote_overlay":false,"quote_overlay":{"quote_text":"","quote_source":""},"icon":{"icon":false,"icon_position":"left","icon_vertical_offset":""},"enable_link":true,"link":{"title":"Autoren","url":"https:\/\/www.plymouthbrethrenchristianchurch.org\/de\/was-wir-glauben\/autoren\/","target":""},"header_styles":{"":null,"background_colour":"","background_image":false,"text_colour":"brown"}},{"content_title":"andere","content_body":"<p>Weitere Informationen \u00fcber die \u00dcberzeugungen der Plymouth-Br\u00fcder, einschlie\u00dflich der Trennungslehre, Ansichten \u00fcber Regierung und Dienst im Krieg<\/p>\n","image":851,"enable_quote_overlay":false,"quote_overlay":{"quote_text":"","quote_source":""},"icon":{"icon":false,"icon_position":"left","icon_vertical_offset":""},"enable_link":true,"link":{"title":"andere","url":"https:\/\/www.plymouthbrethrenchristianchurch.org\/de\/was-wir-glauben\/sonstiges\/","target":""},"header_styles":{"":null,"background_colour":"","background_image":false,"text_colour":"orange"}}]},{"acf_fc_layout":"quote_section","background_color":"orange","passage_text":"Denn Gott liebte die Welt so sehr, da\u00df er seinen eingeborenen Sohn gab, damit jeder, der an ihn glaube, nicht zugrunde gehe, sondern ewiges Leben habe.  ","passage_source":"Johannes 3 gegen 16","background_image":125}]},"yoast_head":"<!-- This site is optimized with the Yoast SEO plugin v25.2 - https:\/\/yoast.com\/wordpress\/plugins\/seo\/ -->\n<title>Was wir glauben | Plymouth Brethren Christian Church<\/title>\n<meta name=\"description\" content=\"Besuchen Sie die Seite &quot;Was wir glauben&quot; auf der Website der Kirche, einer christlichen Gemeinschaft, die auf der Heiligen Schrift als dem Wort Gottes basiert.\" \/>\n<meta name=\"robots\" content=\"index, follow, max-snippet:-1, max-image-preview:large, max-video-preview:-1\" \/>\n<link rel=\"canonical\" href=\"https:\/\/www.plymouthbrethrenchristianchurch.org\/de\/was-wir-glauben\/\" \/>\n<meta property=\"og:locale\" content=\"de_DE\" \/>\n<meta property=\"og:type\" content=\"article\" \/>\n<meta property=\"og:title\" content=\"Was wir glauben | Plymouth Brethren Christian Church\" \/>\n<meta property=\"og:description\" content=\"Besuchen Sie die Seite &quot;Was wir glauben&quot; auf der Website der Kirche, einer christlichen Gemeinschaft, die auf der Heiligen Schrift als dem Wort Gottes basiert.\" \/>\n<meta property=\"og:url\" content=\"https:\/\/www.plymouthbrethrenchristianchurch.org\/de\/was-wir-glauben\/\" \/>\n<meta property=\"og:site_name\" content=\"Plymouth Brethren Christian Church\" \/>\n<meta property=\"article:publisher\" content=\"https:\/\/www.facebook.com\/PlymouthBrethrenChristianChurch\" \/>\n<meta property=\"article:modified_time\" content=\"2024-09-10T05:12:28+00:00\" \/>\n<meta name=\"twitter:card\" content=\"summary_large_image\" \/>\n<script type=\"application\/ld+json\" class=\"yoast-schema-graph\">{\"@context\":\"https:\/\/schema.org\",\"@graph\":[{\"@type\":\"WebPage\",\"@id\":\"https:\/\/www.plymouthbrethrenchristianchurch.org\/de\/was-wir-glauben\/\",\"url\":\"https:\/\/www.plymouthbrethrenchristianchurch.org\/de\/was-wir-glauben\/\",\"name\":\"Was wir glauben | Plymouth Brethren Christian Church\",\"isPartOf\":{\"@id\":\"https:\/\/www.plymouthbrethrenchristianchurch.org\/#website\"},\"datePublished\":\"2020-04-29T20:45:09+00:00\",\"dateModified\":\"2024-09-10T05:12:28+00:00\",\"description\":\"Besuchen Sie die Seite \\\"Was wir glauben\\\" auf der Website der Kirche, einer christlichen Gemeinschaft, die auf der Heiligen Schrift als dem Wort Gottes basiert.\",\"breadcrumb\":{\"@id\":\"https:\/\/www.plymouthbrethrenchristianchurch.org\/de\/was-wir-glauben\/#breadcrumb\"},\"inLanguage\":\"de\",\"potentialAction\":[{\"@type\":\"ReadAction\",\"target\":[\"https:\/\/www.plymouthbrethrenchristianchurch.org\/de\/was-wir-glauben\/\"]}]},{\"@type\":\"BreadcrumbList\",\"@id\":\"https:\/\/www.plymouthbrethrenchristianchurch.org\/de\/was-wir-glauben\/#breadcrumb\",\"itemListElement\":[{\"@type\":\"ListItem\",\"position\":1,\"name\":\"Home\",\"item\":\"https:\/\/www.plymouthbrethrenchristianchurch.org\/de\/startseite\/\"},{\"@type\":\"ListItem\",\"position\":2,\"name\":\"Was wir glauben\"}]},{\"@type\":\"WebSite\",\"@id\":\"https:\/\/www.plymouthbrethrenchristianchurch.org\/#website\",\"url\":\"https:\/\/www.plymouthbrethrenchristianchurch.org\/\",\"name\":\"Plymouth Brethren Christian Church\",\"description\":\"\",\"publisher\":{\"@id\":\"https:\/\/www.plymouthbrethrenchristianchurch.org\/#organization\"},\"potentialAction\":[{\"@type\":\"SearchAction\",\"target\":{\"@type\":\"EntryPoint\",\"urlTemplate\":\"https:\/\/www.plymouthbrethrenchristianchurch.org\/?s={search_term_string}\"},\"query-input\":{\"@type\":\"PropertyValueSpecification\",\"valueRequired\":true,\"valueName\":\"search_term_string\"}}],\"inLanguage\":\"de\"},{\"@type\":\"Organization\",\"@id\":\"https:\/\/www.plymouthbrethrenchristianchurch.org\/#organization\",\"name\":\"Plymouth Brethren Christian Church\",\"url\":\"https:\/\/www.plymouthbrethrenchristianchurch.org\/\",\"logo\":{\"@type\":\"ImageObject\",\"inLanguage\":\"de\",\"@id\":\"https:\/\/www.plymouthbrethrenchristianchurch.org\/#\/schema\/logo\/image\/\",\"url\":\"https:\/\/www.plymouthbrethrenchristianchurch.org\/wp-content\/uploads\/2020\/05\/site-logo.svg\",\"contentUrl\":\"https:\/\/www.plymouthbrethrenchristianchurch.org\/wp-content\/uploads\/2020\/05\/site-logo.svg\",\"caption\":\"Plymouth Brethren Christian Church\"},\"image\":{\"@id\":\"https:\/\/www.plymouthbrethrenchristianchurch.org\/#\/schema\/logo\/image\/\"},\"sameAs\":[\"https:\/\/www.facebook.com\/PlymouthBrethrenChristianChurch\",\"https:\/\/www.youtube.com\/channel\/UC76fGueDJBbLvhs988yTBXQ\",\"https:\/\/www.pinterest.com.au\/plymouthbcc\/\"]}]}<\/script>\n<!-- \/ Yoast SEO plugin. -->","yoast_head_json":{"title":"Was wir glauben | Plymouth Brethren Christian Church","description":"Besuchen Sie die Seite \"Was wir glauben\" auf der Website der Kirche, einer christlichen Gemeinschaft, die auf der Heiligen Schrift als dem Wort Gottes basiert.","robots":{"index":"index","follow":"follow","max-snippet":"max-snippet:-1","max-image-preview":"max-image-preview:large","max-video-preview":"max-video-preview:-1"},"canonical":"https:\/\/www.plymouthbrethrenchristianchurch.org\/de\/was-wir-glauben\/","og_locale":"de_DE","og_type":"article","og_title":"Was wir glauben | Plymouth Brethren Christian Church","og_description":"Besuchen Sie die Seite \"Was wir glauben\" auf der Website der Kirche, einer christlichen Gemeinschaft, die auf der Heiligen Schrift als dem Wort Gottes basiert.","og_url":"https:\/\/www.plymouthbrethrenchristianchurch.org\/de\/was-wir-glauben\/","og_site_name":"Plymouth Brethren Christian Church","article_publisher":"https:\/\/www.facebook.com\/PlymouthBrethrenChristianChurch","article_modified_time":"2024-09-10T05:12:28+00:00","twitter_card":"summary_large_image","schema":{"@context":"https:\/\/schema.org","@graph":[{"@type":"WebPage","@id":"https:\/\/www.plymouthbrethrenchristianchurch.org\/de\/was-wir-glauben\/","url":"https:\/\/www.plymouthbrethrenchristianchurch.org\/de\/was-wir-glauben\/","name":"Was wir glauben | Plymouth Brethren Christian Church","isPartOf":{"@id":"https:\/\/www.plymouthbrethrenchristianchurch.org\/#website"},"datePublished":"2020-04-29T20:45:09+00:00","dateModified":"2024-09-10T05:12:28+00:00","description":"Besuchen Sie die Seite \"Was wir glauben\" auf der Website der Kirche, einer christlichen Gemeinschaft, die auf der Heiligen Schrift als dem Wort Gottes basiert.","breadcrumb":{"@id":"https:\/\/www.plymouthbrethrenchristianchurch.org\/de\/was-wir-glauben\/#breadcrumb"},"inLanguage":"de","potentialAction":[{"@type":"ReadAction","target":["https:\/\/www.plymouthbrethrenchristianchurch.org\/de\/was-wir-glauben\/"]}]},{"@type":"BreadcrumbList","@id":"https:\/\/www.plymouthbrethrenchristianchurch.org\/de\/was-wir-glauben\/#breadcrumb","itemListElement":[{"@type":"ListItem","position":1,"name":"Home","item":"https:\/\/www.plymouthbrethrenchristianchurch.org\/de\/startseite\/"},{"@type":"ListItem","position":2,"name":"Was wir glauben"}]},{"@type":"WebSite","@id":"https:\/\/www.plymouthbrethrenchristianchurch.org\/#website","url":"https:\/\/www.plymouthbrethrenchristianchurch.org\/","name":"Plymouth Brethren Christian Church","description":"","publisher":{"@id":"https:\/\/www.plymouthbrethrenchristianchurch.org\/#organization"},"potentialAction":[{"@type":"SearchAction","target":{"@type":"EntryPoint","urlTemplate":"https:\/\/www.plymouthbrethrenchristianchurch.org\/?s={search_term_string}"},"query-input":{"@type":"PropertyValueSpecification","valueRequired":true,"valueName":"search_term_string"}}],"inLanguage":"de"},{"@type":"Organization","@id":"https:\/\/www.plymouthbrethrenchristianchurch.org\/#organization","name":"Plymouth Brethren Christian Church","url":"https:\/\/www.plymouthbrethrenchristianchurch.org\/","logo":{"@type":"ImageObject","inLanguage":"de","@id":"https:\/\/www.plymouthbrethrenchristianchurch.org\/#\/schema\/logo\/image\/","url":"https:\/\/www.plymouthbrethrenchristianchurch.org\/wp-content\/uploads\/2020\/05\/site-logo.svg","contentUrl":"https:\/\/www.plymouthbrethrenchristianchurch.org\/wp-content\/uploads\/2020\/05\/site-logo.svg","caption":"Plymouth Brethren Christian Church"},"image":{"@id":"https:\/\/www.plymouthbrethrenchristianchurch.org\/#\/schema\/logo\/image\/"},"sameAs":["https:\/\/www.facebook.com\/PlymouthBrethrenChristianChurch","https:\/\/www.youtube.com\/channel\/UC76fGueDJBbLvhs988yTBXQ","https:\/\/www.pinterest.com.au\/plymouthbcc\/"]}]}},"_links":{"self":[{"href":"https:\/\/www.plymouthbrethrenchristianchurch.org\/de\/wp-json\/wp\/v2\/pages\/2851"}],"collection":[{"href":"https:\/\/www.plymouthbrethrenchristianchurch.org\/de\/wp-json\/wp\/v2\/pages"}],"about":[{"href":"https:\/\/www.plymouthbrethrenchristianchurch.org\/de\/wp-json\/wp\/v2\/types\/page"}],"author":[{"embeddable":true,"href":"https:\/\/www.plymouthbrethrenchristianchurch.org\/de\/wp-json\/wp\/v2\/users\/1"}],"replies":[{"embeddable":true,"href":"https:\/\/www.plymouthbrethrenchristianchurch.org\/de\/wp-json\/wp\/v2\/comments?post=2851"}],"version-history":[{"count":12,"href":"https:\/\/www.plymouthbrethrenchristianchurch.org\/de\/wp-json\/wp\/v2\/pages\/2851\/revisions"}],"predecessor-version":[{"id":7970,"href":"https:\/\/www.plymouthbrethrenchristianchurch.org\/de\/wp-json\/wp\/v2\/pages\/2851\/revisions\/7970"}],"wp:attachment":[{"href":"https:\/\/www.plymouthbrethrenchristianchurch.org\/de\/wp-json\/wp\/v2\/media?parent=2851"}],"curies":[{"name":"wp","href":"https:\/\/api.w.org\/{rel}","templated":true}]}}