{"id":2855,"date":"2020-05-08T05:10:00","date_gmt":"2020-05-07T19:10:00","guid":{"rendered":"https:\/\/www.plymouthbrethrenchristianchurch.org\/was-wir-glauben\/bibel\/"},"modified":"2024-09-10T14:08:49","modified_gmt":"2024-09-10T04:08:49","slug":"bibel","status":"publish","type":"page","link":"https:\/\/www.plymouthbrethrenchristianchurch.org\/de\/was-wir-glauben\/bibel\/","title":{"rendered":"Bibel"},"content":{"rendered":"","protected":false},"excerpt":{"rendered":"","protected":false},"author":2,"featured_media":0,"parent":2851,"menu_order":1,"comment_status":"closed","ping_status":"closed","template":"page-templates\/acf-flexible-content.php","meta":{"_acf_changed":false,"_relevanssi_hide_post":"","_relevanssi_hide_content":"","_relevanssi_pin_for_all":"","_relevanssi_pin_keywords":"","_relevanssi_unpin_keywords":"","_relevanssi_related_keywords":"","_relevanssi_related_include_ids":"","_relevanssi_related_exclude_ids":"","_relevanssi_related_no_append":"","_relevanssi_related_not_related":"","_relevanssi_related_posts":"","_relevanssi_noindex_reason":"","inline_featured_image":false,"footnotes":""},"class_list":["post-2855","page","type-page","status-publish","hentry"],"acf":{"post_page_video":"","content":[{"acf_fc_layout":"page_header_with_links","override_title":false,"custom_title":"Testtitel","intro_text":"<p>Die Plymouth-Br\u00fcder glauben, dass die Bibel das wahre Wort Gottes ist, und wir glauben, dass wir alle aufgerufen sind, ein Leben in \u00dcbereinstimmung mit seinen Anweisungen zu f\u00fchren. Wir glauben, dass die Bibel jedem von uns eine unsch\u00e4tzbare F\u00fchrung f\u00fcr jeden Aspekt des Lebens bietet. Jeder, der bereit ist, sich diesen \u00dcberzeugungen und dieser Lebensweise zu verpflichten, ist herzlich eingeladen, sich unserer Kirche anzuschlie\u00dfen.<\/p>\n","enable_button":true,"button":{"button_text":"","button_url":"","open_in_new_tab":false,"button_class":""},"link_source":"menu","select_a_menu":{"value":"18","label":"Was wir glauben"},"menu_title":"","custom_links":false,"header_styles":{"":null,"background_colour":"#515151","background_image":860,"text_colour":"white"},"row_class":""},{"acf_fc_layout":"module_section","row":[{"column_gap":"6","column":[{"module":[{"acf_fc_layout":"rich_media_block","image":6608,"header":{"":null,"title":"Was lerne ich aus der Bibel?","heading_level":"h2","header_styles":{"":null,"background_colour":"","background_image":false,"text_colour":"orange"},"make_separator":false},"content":"<p>Im folgenden Traktat aus dem Evangelium beschreibt J. N. Darby hilfreich, was er aus der Schrift gelernt hat und die die Grundlage seines Glaubens bildet.<\/p>\n","enable_button":true,"button":{"button_text":"laden","button_url":{"title":"","url":"https:\/\/www.plymouthbrethrenchristianchurch.org\/wp-content\/uploads\/2020\/05\/What-do-I-learn-from-Scripture-180214.pdf","target":"_blank"},"open_in_new_tab":true,"button_class":""},"class":""},{"acf_fc_layout":"rich_media_block","image":false,"header":{"":null,"title":"Die Rolle der Heiligen Schrift als Teil des PBCC-Lebens","heading_level":"h2","header_styles":{"":null,"background_colour":"","background_image":false,"text_colour":"orange"},"make_separator":false},"content":"<p>F\u00fcr das PBCC-Mitglied ist die Heilige Schrift ein unverzichtbarer Begleiter und ma\u00dfgeblicher Leitfaden durch das ganze Leben.<br \/>\nVon klein auf werden den jungen Mitgliedern die biblischen Geschichten vorgelesen und gelehrt, die im Laufe der Jahrhunderte Millionen inspiriert haben.<br \/>\nDie Bibel ist kein gew\u00f6hnliches Buch.<br \/>\nEs ist ein Buch, das Gott f\u00fcr den Menschen zur Verf\u00fcgung gestellt hat.<br \/>\nEs ist das absolute, unfehlbare, inspirierte Wort Gottes.    <\/p>\n","enable_button":true,"button":{"button_text":"","button_url":"","open_in_new_tab":false,"button_class":""},"class":""},{"acf_fc_layout":"bible_quote_slim","quote_text":"Die ganze Schrift wird durch die Inspiration Gottes gegeben","quote_source":"2 Timotheus 3 V 16"},{"acf_fc_layout":"rich_media_block","image":false,"header":{"":null,"title":"","heading_level":"h2","header_styles":{"":null,"background_colour":"","background_image":false,"text_colour":"orange"},"make_separator":false},"content":"<p>Die Kinder in der PBCC wachsen mit dem Besitz und der Wertsch\u00e4tzung ihrer eigenen Bibel auf und werden ermutigt, sie t\u00e4glich zu lesen.<br \/>\nViele haben schon als Teenager die ganze Bibel durchgelesen und ihre eigene Wertsch\u00e4tzung und ihr Vertrauen auf die zeitlosen Worte der Heiligen Schrift entwickelt, die Trost, F\u00fchrung und Ermutigung bieten, w\u00e4hrend sie durchs Leben gehen.<br \/>\nDie Heilige Schrift ist ein zentraler Bestandteil unseres Gemeindelebens, da sie das einzige Buch ist, das w\u00e4hrend unserer Gottesdienste gelesen und besprochen wird.  <\/p>\n","enable_button":true,"button":{"button_text":"","button_url":"","open_in_new_tab":false,"button_class":""},"class":""},{"acf_fc_layout":"rich_media_block","image":false,"header":{"":null,"title":"Ein Bericht \u00fcber John Nelson Darbys Bibel\u00fcbersetzung","heading_level":"h2","header_styles":{"":null,"background_colour":"","background_image":false,"text_colour":"orange"},"make_separator":false},"content":"<p>Die Plymouth Brethren Christian Church (PBCC) glaubt, dass die Bibel das Wort Gottes ist: inspiriert, absolut und endg\u00fcltig. Obwohl sie die von K\u00f6nig James autorisierte Version und jede andere anst\u00e4ndige \u00dcbersetzung sehr respektieren, glauben sie, dass die \u00dcbersetzungen von John Nelson Darby (JND) (1800-1882) genauer sind. Sie glauben, dass jeder wahre Gl\u00e4ubige an den Herrn Jesus Christus, also jeder wirklich bekehrte Mensch, egal wo er oder sie anbetet, ewig im Himmel sein wird, und w\u00e4hrend er auf Erden eine m\u00f6glichst gute \u00dcbersetzung der Bibel verdient. So schrieb JND selbst \u00fcber das Neue Testament in englischer Sprache: &#8222;Es ist in keiner Weise meine Absicht gewesen, ein gelehrtes Werk zu verfassen; da ich aber Zugang zu B\u00fcchern und verschiedenen Informationsquellen hatte, zu denen nat\u00fcrlich die gro\u00dfe Masse der Leser, denen das Wort Gottes ebenso kostbar war, nicht hatte,  Ich w\u00fcnschte, sie so weit wie m\u00f6glich mit den Fr\u00fcchten meines eigenen Studiums und von allem, was ich aus diesen Quellen entnehmen konnte, zu versorgen, damit sie das Wort Gottes in englischer Sprache in so vollkommener Darstellung wie m\u00f6glich in dieser Sprache h\u00e4tten.&#8220; John Nelson Darby graduierte 1818 am Trinity College in Dublin mit Der Honours und der University Medal in Classics. Er wurde in seinen Zwanzigern bekehrt und arbeitete ausgiebig im christlichen Dienst, in der Seelsorge und in der Bibel\u00fcbersetzung in England, Irland, Frankreich, Deutschland, der Schweiz und anderswo. Er war ein versierter Sprachwissenschaftler, der Hebr\u00e4isch, Griechisch, Latein, Franz\u00f6sisch und Deutsch lernte.<br \/>\nF\u00fcr das Neue Testament \u00fcbersetzte er aus den Texten, auf die sich die gro\u00dfen Herausgeber des griechischen Textes des 19. Jahrhunderts geeinigt hatten: Griesbach, Lachmann, Tischendorf und Tregelles.<br \/>\nWo die Herausgeber in ihrer Beurteilung \u00fcber die richtige Lesart einer bestimmten Passage unterschiedlich waren, konsultierte JND die Texte der griechischen Originalhandschriften: Sinaiticus, Alexandrinus, Vaticanus, Ephraemi, Bezae usw.<br \/>\nF\u00fcr das Alte Testament \u00fcbersetzte er aus dem damals verf\u00fcgbaren masoretischen hebr\u00e4ischen Standardtext.<br \/>\nDie erste Auflage des englischen Neuen Testaments erschien 1856\/66 und die zweite 1871.<br \/>\nDie dritte Auflage erschien nach dem Tod von JND (1882) im Jahr 1884, aber seine eigenen Notizen zu dieser Ausgabe wurden 2013 nach einem k\u00fcrzlich wiederentdeckten Exemplar der Ausgabe von 1871 mit seinen eigenh\u00e4ndigen Erg\u00e4nzungen und Korrekturen ver\u00f6ffentlicht.<br \/>\nDie ganze Bibel wurde ins Deutsche \u00fcbersetzt und 1871 ver\u00f6ffentlicht, und die Originaldrucke sind erhalten geblieben.<br \/>\nDas Neue Testament wurde ins Franz\u00f6sische \u00fcbersetzt, mit einer Erstausgabe von 1859 bis zu einer vierten Auflage von 1878, und von beiden sind Originaldrucke erhalten geblieben.<br \/>\nDas Alte Testament wurde ins Franz\u00f6sische \u00fcbersetzt und erstmals ab 1881 in Teilen (Livraisons) herausgegeben.<br \/>\nDie PBCC wei\u00df nicht, wo sich Beispiele dieses Originaldrucks befinden, und die Leser werden gebeten, uns mitzuteilen, wo eine Kopie eingesehen werden k\u00f6nnte.<br \/>\nDas gesamte franz\u00f6sische Alte Testament wurde in die franz\u00f6sische Bibel aufgenommen, die 1885 ver\u00f6ffentlicht wurde.<br \/>\nDas JND Bible Notes Team.           <\/p>\n","enable_button":true,"button":{"button_text":"","button_url":"","open_in_new_tab":false,"button_class":""},"class":""},{"acf_fc_layout":"global_module","global_module_id":1148}],"columns_sm":"8","columns_md":"none","columns_lg":"8"},{"module":false,"columns_sm":"4","columns_md":"none","columns_lg":"4"}],"row_class":"","module_padding":{"":null,"padding_top_xs":"","padding_bottom_xs":"","padding_left_xs":"","padding_right_xs":"","padding_top_md":"","padding_bottom_md":"","padding_left_md":"","padding_right_md":"","padding_top_lg":"","padding_bottom_lg":"","padding_left_lg":"","padding_right_lg":""},"module_margin":{"":null,"margin_top_xs":"","margin_bottom_xs":"","margin_left_xs":"","margin_right_xs":"","margin_top_md":"","margin_bottom_md":"","margin_left_md":"","margin_right_md":"","margin_top_lg":"","margin_bottom_lg":"","margin_left_lg":"","margin_right_lg":""}}],"section_heading":"","section_class":"","module_padding":{"":null,"padding_top_xs":"","padding_bottom_xs":"","padding_left_xs":"","padding_right_xs":"","padding_top_md":"","padding_bottom_md":"","padding_left_md":"","padding_right_md":"","padding_top_lg":"","padding_bottom_lg":"","padding_left_lg":"","padding_right_lg":""},"module_margin":{"":null,"margin_top_xs":"","margin_bottom_xs":"","margin_left_xs":"","margin_right_xs":"","margin_top_md":"","margin_bottom_md":"","margin_left_md":"","margin_right_md":"","margin_top_lg":"","margin_bottom_lg":"","margin_left_lg":"","margin_right_lg":""}}]},"yoast_head":"<!-- This site is optimized with the Yoast SEO plugin v25.2 - https:\/\/yoast.com\/wordpress\/plugins\/seo\/ -->\n<title>Bibel | Plymouth Brethren Christian Church<\/title>\n<meta name=\"description\" content=\"Besuchen Sie die Seite zur Heiligen Bibel auf der Website der Plymouth Brethren Christian Church, einer christlichen Gemeinschaft, die auf der Heiligen Schrift als dem Wort Gottes basiert.\" \/>\n<meta name=\"robots\" content=\"index, follow, max-snippet:-1, max-image-preview:large, max-video-preview:-1\" \/>\n<link rel=\"canonical\" href=\"https:\/\/www.plymouthbrethrenchristianchurch.org\/de\/was-wir-glauben\/bibel\/\" \/>\n<meta property=\"og:locale\" content=\"de_DE\" \/>\n<meta property=\"og:type\" content=\"article\" \/>\n<meta property=\"og:title\" content=\"Bibel | Plymouth Brethren Christian Church\" \/>\n<meta property=\"og:description\" content=\"Besuchen Sie die Seite zur Heiligen Bibel auf der Website der Plymouth Brethren Christian Church, einer christlichen Gemeinschaft, die auf der Heiligen Schrift als dem Wort Gottes basiert.\" \/>\n<meta property=\"og:url\" content=\"https:\/\/www.plymouthbrethrenchristianchurch.org\/de\/was-wir-glauben\/bibel\/\" \/>\n<meta property=\"og:site_name\" content=\"Plymouth Brethren Christian Church\" \/>\n<meta property=\"article:publisher\" content=\"https:\/\/www.facebook.com\/PlymouthBrethrenChristianChurch\" \/>\n<meta property=\"article:modified_time\" content=\"2024-09-10T04:08:49+00:00\" \/>\n<meta name=\"twitter:card\" content=\"summary_large_image\" \/>\n<script type=\"application\/ld+json\" class=\"yoast-schema-graph\">{\"@context\":\"https:\/\/schema.org\",\"@graph\":[{\"@type\":\"WebPage\",\"@id\":\"https:\/\/www.plymouthbrethrenchristianchurch.org\/de\/was-wir-glauben\/bibel\/\",\"url\":\"https:\/\/www.plymouthbrethrenchristianchurch.org\/de\/was-wir-glauben\/bibel\/\",\"name\":\"Bibel | Plymouth Brethren Christian Church\",\"isPartOf\":{\"@id\":\"https:\/\/www.plymouthbrethrenchristianchurch.org\/#website\"},\"datePublished\":\"2020-05-07T19:10:00+00:00\",\"dateModified\":\"2024-09-10T04:08:49+00:00\",\"description\":\"Besuchen Sie die Seite zur Heiligen Bibel auf der Website der Plymouth Brethren Christian Church, einer christlichen Gemeinschaft, die auf der Heiligen Schrift als dem Wort Gottes basiert.\",\"breadcrumb\":{\"@id\":\"https:\/\/www.plymouthbrethrenchristianchurch.org\/de\/was-wir-glauben\/bibel\/#breadcrumb\"},\"inLanguage\":\"de\",\"potentialAction\":[{\"@type\":\"ReadAction\",\"target\":[\"https:\/\/www.plymouthbrethrenchristianchurch.org\/de\/was-wir-glauben\/bibel\/\"]}]},{\"@type\":\"BreadcrumbList\",\"@id\":\"https:\/\/www.plymouthbrethrenchristianchurch.org\/de\/was-wir-glauben\/bibel\/#breadcrumb\",\"itemListElement\":[{\"@type\":\"ListItem\",\"position\":1,\"name\":\"Home\",\"item\":\"https:\/\/www.plymouthbrethrenchristianchurch.org\/de\/startseite\/\"},{\"@type\":\"ListItem\",\"position\":2,\"name\":\"Was wir glauben\",\"item\":\"https:\/\/www.plymouthbrethrenchristianchurch.org\/de\/was-wir-glauben\/\"},{\"@type\":\"ListItem\",\"position\":3,\"name\":\"Bibel\"}]},{\"@type\":\"WebSite\",\"@id\":\"https:\/\/www.plymouthbrethrenchristianchurch.org\/#website\",\"url\":\"https:\/\/www.plymouthbrethrenchristianchurch.org\/\",\"name\":\"Plymouth Brethren Christian Church\",\"description\":\"\",\"publisher\":{\"@id\":\"https:\/\/www.plymouthbrethrenchristianchurch.org\/#organization\"},\"potentialAction\":[{\"@type\":\"SearchAction\",\"target\":{\"@type\":\"EntryPoint\",\"urlTemplate\":\"https:\/\/www.plymouthbrethrenchristianchurch.org\/?s={search_term_string}\"},\"query-input\":{\"@type\":\"PropertyValueSpecification\",\"valueRequired\":true,\"valueName\":\"search_term_string\"}}],\"inLanguage\":\"de\"},{\"@type\":\"Organization\",\"@id\":\"https:\/\/www.plymouthbrethrenchristianchurch.org\/#organization\",\"name\":\"Plymouth Brethren Christian Church\",\"url\":\"https:\/\/www.plymouthbrethrenchristianchurch.org\/\",\"logo\":{\"@type\":\"ImageObject\",\"inLanguage\":\"de\",\"@id\":\"https:\/\/www.plymouthbrethrenchristianchurch.org\/#\/schema\/logo\/image\/\",\"url\":\"https:\/\/www.plymouthbrethrenchristianchurch.org\/wp-content\/uploads\/2020\/05\/site-logo.svg\",\"contentUrl\":\"https:\/\/www.plymouthbrethrenchristianchurch.org\/wp-content\/uploads\/2020\/05\/site-logo.svg\",\"caption\":\"Plymouth Brethren Christian Church\"},\"image\":{\"@id\":\"https:\/\/www.plymouthbrethrenchristianchurch.org\/#\/schema\/logo\/image\/\"},\"sameAs\":[\"https:\/\/www.facebook.com\/PlymouthBrethrenChristianChurch\",\"https:\/\/www.youtube.com\/channel\/UC76fGueDJBbLvhs988yTBXQ\",\"https:\/\/www.pinterest.com.au\/plymouthbcc\/\"]}]}<\/script>\n<!-- \/ Yoast SEO plugin. -->","yoast_head_json":{"title":"Bibel | Plymouth Brethren Christian Church","description":"Besuchen Sie die Seite zur Heiligen Bibel auf der Website der Plymouth Brethren Christian Church, einer christlichen Gemeinschaft, die auf der Heiligen Schrift als dem Wort Gottes basiert.","robots":{"index":"index","follow":"follow","max-snippet":"max-snippet:-1","max-image-preview":"max-image-preview:large","max-video-preview":"max-video-preview:-1"},"canonical":"https:\/\/www.plymouthbrethrenchristianchurch.org\/de\/was-wir-glauben\/bibel\/","og_locale":"de_DE","og_type":"article","og_title":"Bibel | Plymouth Brethren Christian Church","og_description":"Besuchen Sie die Seite zur Heiligen Bibel auf der Website der Plymouth Brethren Christian Church, einer christlichen Gemeinschaft, die auf der Heiligen Schrift als dem Wort Gottes basiert.","og_url":"https:\/\/www.plymouthbrethrenchristianchurch.org\/de\/was-wir-glauben\/bibel\/","og_site_name":"Plymouth Brethren Christian Church","article_publisher":"https:\/\/www.facebook.com\/PlymouthBrethrenChristianChurch","article_modified_time":"2024-09-10T04:08:49+00:00","twitter_card":"summary_large_image","schema":{"@context":"https:\/\/schema.org","@graph":[{"@type":"WebPage","@id":"https:\/\/www.plymouthbrethrenchristianchurch.org\/de\/was-wir-glauben\/bibel\/","url":"https:\/\/www.plymouthbrethrenchristianchurch.org\/de\/was-wir-glauben\/bibel\/","name":"Bibel | Plymouth Brethren Christian Church","isPartOf":{"@id":"https:\/\/www.plymouthbrethrenchristianchurch.org\/#website"},"datePublished":"2020-05-07T19:10:00+00:00","dateModified":"2024-09-10T04:08:49+00:00","description":"Besuchen Sie die Seite zur Heiligen Bibel auf der Website der Plymouth Brethren Christian Church, einer christlichen Gemeinschaft, die auf der Heiligen Schrift als dem Wort Gottes basiert.","breadcrumb":{"@id":"https:\/\/www.plymouthbrethrenchristianchurch.org\/de\/was-wir-glauben\/bibel\/#breadcrumb"},"inLanguage":"de","potentialAction":[{"@type":"ReadAction","target":["https:\/\/www.plymouthbrethrenchristianchurch.org\/de\/was-wir-glauben\/bibel\/"]}]},{"@type":"BreadcrumbList","@id":"https:\/\/www.plymouthbrethrenchristianchurch.org\/de\/was-wir-glauben\/bibel\/#breadcrumb","itemListElement":[{"@type":"ListItem","position":1,"name":"Home","item":"https:\/\/www.plymouthbrethrenchristianchurch.org\/de\/startseite\/"},{"@type":"ListItem","position":2,"name":"Was wir glauben","item":"https:\/\/www.plymouthbrethrenchristianchurch.org\/de\/was-wir-glauben\/"},{"@type":"ListItem","position":3,"name":"Bibel"}]},{"@type":"WebSite","@id":"https:\/\/www.plymouthbrethrenchristianchurch.org\/#website","url":"https:\/\/www.plymouthbrethrenchristianchurch.org\/","name":"Plymouth Brethren Christian Church","description":"","publisher":{"@id":"https:\/\/www.plymouthbrethrenchristianchurch.org\/#organization"},"potentialAction":[{"@type":"SearchAction","target":{"@type":"EntryPoint","urlTemplate":"https:\/\/www.plymouthbrethrenchristianchurch.org\/?s={search_term_string}"},"query-input":{"@type":"PropertyValueSpecification","valueRequired":true,"valueName":"search_term_string"}}],"inLanguage":"de"},{"@type":"Organization","@id":"https:\/\/www.plymouthbrethrenchristianchurch.org\/#organization","name":"Plymouth Brethren Christian Church","url":"https:\/\/www.plymouthbrethrenchristianchurch.org\/","logo":{"@type":"ImageObject","inLanguage":"de","@id":"https:\/\/www.plymouthbrethrenchristianchurch.org\/#\/schema\/logo\/image\/","url":"https:\/\/www.plymouthbrethrenchristianchurch.org\/wp-content\/uploads\/2020\/05\/site-logo.svg","contentUrl":"https:\/\/www.plymouthbrethrenchristianchurch.org\/wp-content\/uploads\/2020\/05\/site-logo.svg","caption":"Plymouth Brethren Christian Church"},"image":{"@id":"https:\/\/www.plymouthbrethrenchristianchurch.org\/#\/schema\/logo\/image\/"},"sameAs":["https:\/\/www.facebook.com\/PlymouthBrethrenChristianChurch","https:\/\/www.youtube.com\/channel\/UC76fGueDJBbLvhs988yTBXQ","https:\/\/www.pinterest.com.au\/plymouthbcc\/"]}]}},"_links":{"self":[{"href":"https:\/\/www.plymouthbrethrenchristianchurch.org\/de\/wp-json\/wp\/v2\/pages\/2855"}],"collection":[{"href":"https:\/\/www.plymouthbrethrenchristianchurch.org\/de\/wp-json\/wp\/v2\/pages"}],"about":[{"href":"https:\/\/www.plymouthbrethrenchristianchurch.org\/de\/wp-json\/wp\/v2\/types\/page"}],"author":[{"embeddable":true,"href":"https:\/\/www.plymouthbrethrenchristianchurch.org\/de\/wp-json\/wp\/v2\/users\/2"}],"replies":[{"embeddable":true,"href":"https:\/\/www.plymouthbrethrenchristianchurch.org\/de\/wp-json\/wp\/v2\/comments?post=2855"}],"version-history":[{"count":5,"href":"https:\/\/www.plymouthbrethrenchristianchurch.org\/de\/wp-json\/wp\/v2\/pages\/2855\/revisions"}],"predecessor-version":[{"id":7885,"href":"https:\/\/www.plymouthbrethrenchristianchurch.org\/de\/wp-json\/wp\/v2\/pages\/2855\/revisions\/7885"}],"up":[{"embeddable":true,"href":"https:\/\/www.plymouthbrethrenchristianchurch.org\/de\/wp-json\/wp\/v2\/pages\/2851"}],"wp:attachment":[{"href":"https:\/\/www.plymouthbrethrenchristianchurch.org\/de\/wp-json\/wp\/v2\/media?parent=2855"}],"curies":[{"name":"wp","href":"https:\/\/api.w.org\/{rel}","templated":true}]}}