{"id":2868,"date":"2020-05-08T05:11:27","date_gmt":"2020-05-07T19:11:27","guid":{"rendered":"https:\/\/www.plymouthbrethrenchristianchurch.org\/was-wir-glauben\/andere\/"},"modified":"2024-09-10T14:09:00","modified_gmt":"2024-09-10T04:09:00","slug":"sonstiges","status":"publish","type":"page","link":"https:\/\/www.plymouthbrethrenchristianchurch.org\/de\/was-wir-glauben\/sonstiges\/","title":{"rendered":"andere"},"content":{"rendered":"","protected":false},"excerpt":{"rendered":"","protected":false},"author":2,"featured_media":0,"parent":2851,"menu_order":4,"comment_status":"closed","ping_status":"closed","template":"page-templates\/acf-flexible-content.php","meta":{"_acf_changed":false,"_relevanssi_hide_post":"","_relevanssi_hide_content":"","_relevanssi_pin_for_all":"","_relevanssi_pin_keywords":"","_relevanssi_unpin_keywords":"","_relevanssi_related_keywords":"","_relevanssi_related_include_ids":"","_relevanssi_related_exclude_ids":"","_relevanssi_related_no_append":"","_relevanssi_related_not_related":"","_relevanssi_related_posts":"","_relevanssi_noindex_reason":"","inline_featured_image":false,"footnotes":""},"class_list":["post-2868","page","type-page","status-publish","hentry"],"acf":{"post_page_video":"","content":[{"acf_fc_layout":"page_header_with_links","override_title":false,"custom_title":"Testtitel","intro_text":"<p>Weitere Informationen \u00fcber den Glauben der Plymouth-Br\u00fcder, einschlie\u00dflich der Doktrin der Trennung, Ansichten \u00fcber die Regierung und den Dienst im Krieg.<\/p>\n","enable_button":true,"button":{"button_text":"","button_url":"","open_in_new_tab":false,"button_class":""},"link_source":"menu","select_a_menu":{"value":"18","label":"Was wir glauben"},"menu_title":"","custom_links":false,"header_styles":{"":null,"background_colour":"#515151","background_image":987,"text_colour":"white"},"row_class":""},{"acf_fc_layout":"module_section","row":[{"column_gap":"6","column":[{"module":[{"acf_fc_layout":"accordion_module","accordion_item":[{"accordion_closed_title":"Die Lehre von der Trennung","accordion_closed_sub_title":"","accordion_open_title":"","accordion_open_sub_title":"","accordion_content":"<p>Die PBCC glaubt, dass jeder wahre Gl\u00e4ubige an den Herrn Jesus Christus, jeder wirklich bekehrte Mensch im Himmel sein wird und unsere wahren Br\u00fcder in Christus. Das Prinzip der Trennung wird von allen Menschen, Nationen und Religionen in irgendeiner Form praktiziert. Die Bibel bezieht sich in vielen Abschnitten darauf \u2013 von Genesis Kapitel 1, wo Gott zwischen Licht und Finsternis geteilt ist, bis hin zu Offenbarung Kapitel 22, wo es diejenigen gibt, die innen sind und diejenigen, die drau\u00dfen sind. Der Herr Jesus sagte zu seinen J\u00fcngern: &#8222;Sie sind nicht von der Welt, wie ich nicht von der Welt bin&#8220; Johannes 17 v14. Die Welt bezieht sich in diesem Sinne auf das System der S\u00fcnde und Der Gesetzlosigkeit unter der Herrschaft Satans. Als Kirche versuchen wir von ganzem Herzen, unser Leben diesem Grundsatz zu widmen. Wir entscheiden uns daf\u00fcr, den Lehren Jesu zu folgen, wie sie in den Evangelien dargelegt und in den Briefen des Neuen Testaments gelehrt werden. Beziehen Sie Passagen wie Matth\u00e4us 16 v24-26, Markus 10 v28-30, 2 Timotheus 2 v19 und 2 Korinther 6v14-18. Die Trennung stellt eine moralische Unterscheidung zwischen dem, was richtig ist, und dem, was falsch ist, dem, was gerecht ist, und dem, was ungerecht ist. Christen als Gl\u00e4ubige an den Herrn Jesus Christus werden ermahnt, &#8222;das B\u00f6se abzulehnen und das Gute zu w\u00e4hlen&#8220; Jesaja 7 v15. Wir verpflichten uns, nur mit denen zu essen und zu trinken, mit denen wir das Abendmahl des Herrn feiern w\u00fcrden \u2013 das ist die Grundlage unserer Gemeinschaft. Das bedeutet nicht, dass wir uns unseren Mitmenschen, Frauen und Kindern \u00fcberlegen sind. Wir leben und arbeiten harmonisch an ihrer Seite, im Mainstream der Gesellschaft. Unsere Trennungspraxis schlie\u00dft Interaktionen in der breiteren Gemeinschaft nicht aus. Wir helfen unseren Nachbarn und sie helfen uns. Wir pflegen und sch\u00fctzen ihr Eigentum und sie tun unser Eigentum. Wir sch\u00e4tzen das Gute, das wir von vielen unserer Mitb\u00fcrger erhalten, und begr\u00fc\u00dfen die Gelegenheit, unserer Verantwortung in der Gemeinschaft gerecht zu werden. Unsere Einstellung ist es, allen Gutes zu tun, wenn sich Chancen ergeben.<\/p>\n","accordion_foot_notes":"","social_share_links":["facebook","twitter"]},{"accordion_closed_title":"Die Plymouth-Br\u00fcder und die Politik","accordion_closed_sub_title":"","accordion_open_title":"Unsere Ansichten zu Regierungen, Gesetzen und Abstimmungen","accordion_open_sub_title":"","accordion_content":"<p>Die Br\u00fcder sind \u00fcberparteilich und glauben, dass jede Regierung (unabh\u00e4ngig von der politischen Partei oder den einzelnen Kandidaten) durch den Willen Gottes zur Wahl gestellt wird.<br \/>\nObwohl es ein st\u00e4ndiges und best\u00e4ndiges Gebet f\u00fcr eine gute Regierung gibt, w\u00e4hlen wir nicht aus Gewissensgr\u00fcnden.<br \/>\nIn den meisten L\u00e4ndern, in denen die Wahlpflicht besteht, gibt es eine Befreiung von der Pflicht zur Stimmabgabe aus Gewissensgr\u00fcnden.<br \/>\nAuch wenn wir also nicht w\u00e4hlen, achten wir doch auf die Politik der L\u00e4nder, in denen wir leben, und wie alle christlichen Kirchen nehmen die Plymouth-Br\u00fcder gelegentlich einen moralischen Standpunkt ein, wenn es um die Vereinbarkeit von Gesetzgebung und Politik mit den Lehren der Heiligen Schrift geht.<br \/>\nBei diesen Gelegenheiten betreiben wir aktive Lobbyarbeit bei unseren Repr\u00e4sentanten und \u00fcben unsere individuellen demokratischen Rechte als B\u00fcrger aus, die in einer freien Gesellschaft leben.    <\/p>\n","accordion_foot_notes":"","social_share_links":["facebook","twitter"]},{"accordion_closed_title":"Br\u00fcder dienten in beiden Weltkriegen","accordion_closed_sub_title":"","accordion_open_title":"","accordion_open_sub_title":"","accordion_content":"<p>In Zeiten der Wehrpflicht waren Mitglieder der Plymouth Brethren Christian Church an beiden Weltkriegen sowie am Korea- und Vietnamkrieg beteiligt und dienten an der Seite von Soldaten f\u00fcr ihre jeweiligen L\u00e4nder.<br \/>\nDie Br\u00fcder begr\u00fcndeten dies damit, als Nichtkombattanten anerkannt zu werden, im Gegensatz zu Kriegsdienstverweigerern.<br \/>\nVor allem w\u00e4hrend des Ersten Weltkriegs wurden sie daf\u00fcr kritisiert, dass sie sich weigerten, Waffen zu tragen, aber die Zeit und die Erfahrung bewiesen, dass es gro\u00dfen Mut war, unbewaffnet an die Front zu gehen, um die Verwundeten zu retten.<br \/>\nBr\u00fcder haben an vielen Orten gedient, unter anderem im Dschungel von Papua-Neuguinea, in den W\u00fcsten Nordafrikas, an den Str\u00e4nden von D\u00fcnkirchen, bei der Landung in der Normandie, in Korea und Vietnam.<br \/>\nSie haben an der Front als Bahrentr\u00e4ger sowie in geheimen Geheimsignaleinheiten gedient.<br \/>\nEines davon war die 2 I.C. in einem der gr\u00f6\u00dften Armeekrankenh\u00e4user Australiens.<br \/>\nBeispiele f\u00fcr die Anerkennung ihrer Arbeit waren eine Auszeichnung im Ersten Weltkrieg f\u00fcr Tapferkeit in ihrem Dienst, einschlie\u00dflich des Milit\u00e4rkreuzes.<br \/>\nIm Zweiten Weltkrieg wurde einer von ihnen, obwohl er in Changi gefangen gehalten wurde, in Depeschen f\u00fcr seinen Dienst an anderen Kriegsgefangenen erw\u00e4hnt.<br \/>\nIn den Spannungen des Kalten Krieges in Europa wurde einer der Br\u00fcder zweimal in Folge zum &#8222;Soldaten des Jahres&#8220; gek\u00fcrt.          <strong>AUSZ\u00dcGE AUS DEM AUSTRALISCHEN NATIONALARCHIV<\/strong>  F. KINGSLEY NORRIS (D.G.A.M.S.) GENERALDIREKTOR AUST. MEDIZINISCHER DIENST \u2013 AUST. ARMEE 1942-43 TRUPPEN Verluste und Krankheiten hatten die Reihen meines Sanit\u00e4tspersonals kl\u00e4glich gelichtet, und als Antwort auf viele Signale war uns endlich ein zus\u00e4tzlicher Feldkrankenwagen zugeteilt worden, der eine Kompanie von &#8222;Kriegsdienstverweigerern&#8220; umfasste&#8230;&#8230; &#8230; Ich besprach die Situation mit dem Kommandanten und beschloss, seinen Krankenwagen nach Soputa zu verlegen, wo die Krise der Schlacht erreicht war und unsere Verluste zunahmen. Tr\u00e4ger aus den Reihen der &#8222;Conshies&#8220; wurden in die Schlacht beordert, und keiner z\u00f6gerte. Einige wurden get\u00f6tet, andere verwundet, und als ich sie beobachtete, sah ich nicht einen Mann oder ein Tragbahrenkommando, das eine Pause eingelegt h\u00e4tte, bevor es zur\u00fcckkehrte. So wie die M\u00e4nner in Mons dieses niedertr\u00e4chtige Wort ver\u00e4chtlich in das Gold des Ruhms verwandelten, so wurde &#8222;conshie&#8220; zu einem edlen Wort der Achtung und Achtung. Dieser Vorfall in Soputa war eines der inspirierendsten Beispiele f\u00fcr moralischen und physischen Mut, den ich je erlebt habe.<\/p>\n","accordion_foot_notes":"","social_share_links":["facebook","twitter"]}]},{"acf_fc_layout":"bible_quote_slim","quote_text":"Nichtsdestoweniger steht das Fundament Gottes sicher, da er dieses Siegel hat, kennt der Herr die, die ihm geh\u00f6ren.\nUnd jeder, der den Namen Christi nennt, weiche von der Ungerechtigkeit. ","quote_source":"2. Timotheus 2,19"},{"acf_fc_layout":"global_module","global_module_id":1148}],"columns_sm":"12","columns_md":"8","columns_lg":"8"},{"module":false,"columns_sm":"12","columns_md":"4","columns_lg":"4"}],"row_class":"","module_padding":{"":null,"padding_top_xs":"","padding_bottom_xs":"","padding_left_xs":"","padding_right_xs":"","padding_top_md":"","padding_bottom_md":"","padding_left_md":"","padding_right_md":"","padding_top_lg":"","padding_bottom_lg":"","padding_left_lg":"","padding_right_lg":""},"module_margin":{"":null,"margin_top_xs":"","margin_bottom_xs":"","margin_left_xs":"","margin_right_xs":"","margin_top_md":"","margin_bottom_md":"","margin_left_md":"","margin_right_md":"","margin_top_lg":"","margin_bottom_lg":"","margin_left_lg":"","margin_right_lg":""}}],"section_heading":"","section_class":"","module_padding":{"":null,"padding_top_xs":"","padding_bottom_xs":"","padding_left_xs":"","padding_right_xs":"","padding_top_md":"","padding_bottom_md":"","padding_left_md":"","padding_right_md":"","padding_top_lg":"","padding_bottom_lg":"","padding_left_lg":"","padding_right_lg":""},"module_margin":{"":null,"margin_top_xs":"","margin_bottom_xs":"","margin_left_xs":"","margin_right_xs":"","margin_top_md":"","margin_bottom_md":"","margin_left_md":"","margin_right_md":"","margin_top_lg":"","margin_bottom_lg":"","margin_left_lg":"","margin_right_lg":""}}]},"yoast_head":"<!-- This site is optimized with the Yoast SEO plugin v25.2 - https:\/\/yoast.com\/wordpress\/plugins\/seo\/ -->\n<title>andere | Plymouth Brethren Christian Church<\/title>\n<meta name=\"description\" content=\"Besuchen Sie die andere Seite auf der Website der Kirche, eine christliche Gemeinschaft, die auf der Heiligen Schrift als dem Wort Gottes basiert.\" \/>\n<meta name=\"robots\" content=\"index, follow, max-snippet:-1, max-image-preview:large, max-video-preview:-1\" \/>\n<link rel=\"canonical\" href=\"https:\/\/www.plymouthbrethrenchristianchurch.org\/de\/was-wir-glauben\/sonstiges\/\" \/>\n<meta property=\"og:locale\" content=\"de_DE\" \/>\n<meta property=\"og:type\" content=\"article\" \/>\n<meta property=\"og:title\" content=\"andere | Plymouth Brethren Christian Church\" \/>\n<meta property=\"og:description\" content=\"Besuchen Sie die andere Seite auf der Website der Kirche, eine christliche Gemeinschaft, die auf der Heiligen Schrift als dem Wort Gottes basiert.\" \/>\n<meta property=\"og:url\" content=\"https:\/\/www.plymouthbrethrenchristianchurch.org\/de\/was-wir-glauben\/sonstiges\/\" \/>\n<meta property=\"og:site_name\" content=\"Plymouth Brethren Christian Church\" \/>\n<meta property=\"article:publisher\" content=\"https:\/\/www.facebook.com\/PlymouthBrethrenChristianChurch\" \/>\n<meta property=\"article:modified_time\" content=\"2024-09-10T04:09:00+00:00\" \/>\n<meta name=\"twitter:card\" content=\"summary_large_image\" \/>\n<script type=\"application\/ld+json\" class=\"yoast-schema-graph\">{\"@context\":\"https:\/\/schema.org\",\"@graph\":[{\"@type\":\"WebPage\",\"@id\":\"https:\/\/www.plymouthbrethrenchristianchurch.org\/de\/was-wir-glauben\/sonstiges\/\",\"url\":\"https:\/\/www.plymouthbrethrenchristianchurch.org\/de\/was-wir-glauben\/sonstiges\/\",\"name\":\"andere | Plymouth Brethren Christian Church\",\"isPartOf\":{\"@id\":\"https:\/\/www.plymouthbrethrenchristianchurch.org\/#website\"},\"datePublished\":\"2020-05-07T19:11:27+00:00\",\"dateModified\":\"2024-09-10T04:09:00+00:00\",\"description\":\"Besuchen Sie die andere Seite auf der Website der Kirche, eine christliche Gemeinschaft, die auf der Heiligen Schrift als dem Wort Gottes basiert.\",\"breadcrumb\":{\"@id\":\"https:\/\/www.plymouthbrethrenchristianchurch.org\/de\/was-wir-glauben\/sonstiges\/#breadcrumb\"},\"inLanguage\":\"de\",\"potentialAction\":[{\"@type\":\"ReadAction\",\"target\":[\"https:\/\/www.plymouthbrethrenchristianchurch.org\/de\/was-wir-glauben\/sonstiges\/\"]}]},{\"@type\":\"BreadcrumbList\",\"@id\":\"https:\/\/www.plymouthbrethrenchristianchurch.org\/de\/was-wir-glauben\/sonstiges\/#breadcrumb\",\"itemListElement\":[{\"@type\":\"ListItem\",\"position\":1,\"name\":\"Home\",\"item\":\"https:\/\/www.plymouthbrethrenchristianchurch.org\/de\/startseite\/\"},{\"@type\":\"ListItem\",\"position\":2,\"name\":\"Was wir glauben\",\"item\":\"https:\/\/www.plymouthbrethrenchristianchurch.org\/de\/was-wir-glauben\/\"},{\"@type\":\"ListItem\",\"position\":3,\"name\":\"andere\"}]},{\"@type\":\"WebSite\",\"@id\":\"https:\/\/www.plymouthbrethrenchristianchurch.org\/#website\",\"url\":\"https:\/\/www.plymouthbrethrenchristianchurch.org\/\",\"name\":\"Plymouth Brethren Christian Church\",\"description\":\"\",\"publisher\":{\"@id\":\"https:\/\/www.plymouthbrethrenchristianchurch.org\/#organization\"},\"potentialAction\":[{\"@type\":\"SearchAction\",\"target\":{\"@type\":\"EntryPoint\",\"urlTemplate\":\"https:\/\/www.plymouthbrethrenchristianchurch.org\/?s={search_term_string}\"},\"query-input\":{\"@type\":\"PropertyValueSpecification\",\"valueRequired\":true,\"valueName\":\"search_term_string\"}}],\"inLanguage\":\"de\"},{\"@type\":\"Organization\",\"@id\":\"https:\/\/www.plymouthbrethrenchristianchurch.org\/#organization\",\"name\":\"Plymouth Brethren Christian Church\",\"url\":\"https:\/\/www.plymouthbrethrenchristianchurch.org\/\",\"logo\":{\"@type\":\"ImageObject\",\"inLanguage\":\"de\",\"@id\":\"https:\/\/www.plymouthbrethrenchristianchurch.org\/#\/schema\/logo\/image\/\",\"url\":\"https:\/\/www.plymouthbrethrenchristianchurch.org\/wp-content\/uploads\/2020\/05\/site-logo.svg\",\"contentUrl\":\"https:\/\/www.plymouthbrethrenchristianchurch.org\/wp-content\/uploads\/2020\/05\/site-logo.svg\",\"caption\":\"Plymouth Brethren Christian Church\"},\"image\":{\"@id\":\"https:\/\/www.plymouthbrethrenchristianchurch.org\/#\/schema\/logo\/image\/\"},\"sameAs\":[\"https:\/\/www.facebook.com\/PlymouthBrethrenChristianChurch\",\"https:\/\/www.youtube.com\/channel\/UC76fGueDJBbLvhs988yTBXQ\",\"https:\/\/www.pinterest.com.au\/plymouthbcc\/\"]}]}<\/script>\n<!-- \/ Yoast SEO plugin. -->","yoast_head_json":{"title":"andere | Plymouth Brethren Christian Church","description":"Besuchen Sie die andere Seite auf der Website der Kirche, eine christliche Gemeinschaft, die auf der Heiligen Schrift als dem Wort Gottes basiert.","robots":{"index":"index","follow":"follow","max-snippet":"max-snippet:-1","max-image-preview":"max-image-preview:large","max-video-preview":"max-video-preview:-1"},"canonical":"https:\/\/www.plymouthbrethrenchristianchurch.org\/de\/was-wir-glauben\/sonstiges\/","og_locale":"de_DE","og_type":"article","og_title":"andere | Plymouth Brethren Christian Church","og_description":"Besuchen Sie die andere Seite auf der Website der Kirche, eine christliche Gemeinschaft, die auf der Heiligen Schrift als dem Wort Gottes basiert.","og_url":"https:\/\/www.plymouthbrethrenchristianchurch.org\/de\/was-wir-glauben\/sonstiges\/","og_site_name":"Plymouth Brethren Christian Church","article_publisher":"https:\/\/www.facebook.com\/PlymouthBrethrenChristianChurch","article_modified_time":"2024-09-10T04:09:00+00:00","twitter_card":"summary_large_image","schema":{"@context":"https:\/\/schema.org","@graph":[{"@type":"WebPage","@id":"https:\/\/www.plymouthbrethrenchristianchurch.org\/de\/was-wir-glauben\/sonstiges\/","url":"https:\/\/www.plymouthbrethrenchristianchurch.org\/de\/was-wir-glauben\/sonstiges\/","name":"andere | Plymouth Brethren Christian Church","isPartOf":{"@id":"https:\/\/www.plymouthbrethrenchristianchurch.org\/#website"},"datePublished":"2020-05-07T19:11:27+00:00","dateModified":"2024-09-10T04:09:00+00:00","description":"Besuchen Sie die andere Seite auf der Website der Kirche, eine christliche Gemeinschaft, die auf der Heiligen Schrift als dem Wort Gottes basiert.","breadcrumb":{"@id":"https:\/\/www.plymouthbrethrenchristianchurch.org\/de\/was-wir-glauben\/sonstiges\/#breadcrumb"},"inLanguage":"de","potentialAction":[{"@type":"ReadAction","target":["https:\/\/www.plymouthbrethrenchristianchurch.org\/de\/was-wir-glauben\/sonstiges\/"]}]},{"@type":"BreadcrumbList","@id":"https:\/\/www.plymouthbrethrenchristianchurch.org\/de\/was-wir-glauben\/sonstiges\/#breadcrumb","itemListElement":[{"@type":"ListItem","position":1,"name":"Home","item":"https:\/\/www.plymouthbrethrenchristianchurch.org\/de\/startseite\/"},{"@type":"ListItem","position":2,"name":"Was wir glauben","item":"https:\/\/www.plymouthbrethrenchristianchurch.org\/de\/was-wir-glauben\/"},{"@type":"ListItem","position":3,"name":"andere"}]},{"@type":"WebSite","@id":"https:\/\/www.plymouthbrethrenchristianchurch.org\/#website","url":"https:\/\/www.plymouthbrethrenchristianchurch.org\/","name":"Plymouth Brethren Christian Church","description":"","publisher":{"@id":"https:\/\/www.plymouthbrethrenchristianchurch.org\/#organization"},"potentialAction":[{"@type":"SearchAction","target":{"@type":"EntryPoint","urlTemplate":"https:\/\/www.plymouthbrethrenchristianchurch.org\/?s={search_term_string}"},"query-input":{"@type":"PropertyValueSpecification","valueRequired":true,"valueName":"search_term_string"}}],"inLanguage":"de"},{"@type":"Organization","@id":"https:\/\/www.plymouthbrethrenchristianchurch.org\/#organization","name":"Plymouth Brethren Christian Church","url":"https:\/\/www.plymouthbrethrenchristianchurch.org\/","logo":{"@type":"ImageObject","inLanguage":"de","@id":"https:\/\/www.plymouthbrethrenchristianchurch.org\/#\/schema\/logo\/image\/","url":"https:\/\/www.plymouthbrethrenchristianchurch.org\/wp-content\/uploads\/2020\/05\/site-logo.svg","contentUrl":"https:\/\/www.plymouthbrethrenchristianchurch.org\/wp-content\/uploads\/2020\/05\/site-logo.svg","caption":"Plymouth Brethren Christian Church"},"image":{"@id":"https:\/\/www.plymouthbrethrenchristianchurch.org\/#\/schema\/logo\/image\/"},"sameAs":["https:\/\/www.facebook.com\/PlymouthBrethrenChristianChurch","https:\/\/www.youtube.com\/channel\/UC76fGueDJBbLvhs988yTBXQ","https:\/\/www.pinterest.com.au\/plymouthbcc\/"]}]}},"_links":{"self":[{"href":"https:\/\/www.plymouthbrethrenchristianchurch.org\/de\/wp-json\/wp\/v2\/pages\/2868"}],"collection":[{"href":"https:\/\/www.plymouthbrethrenchristianchurch.org\/de\/wp-json\/wp\/v2\/pages"}],"about":[{"href":"https:\/\/www.plymouthbrethrenchristianchurch.org\/de\/wp-json\/wp\/v2\/types\/page"}],"author":[{"embeddable":true,"href":"https:\/\/www.plymouthbrethrenchristianchurch.org\/de\/wp-json\/wp\/v2\/users\/2"}],"replies":[{"embeddable":true,"href":"https:\/\/www.plymouthbrethrenchristianchurch.org\/de\/wp-json\/wp\/v2\/comments?post=2868"}],"version-history":[{"count":4,"href":"https:\/\/www.plymouthbrethrenchristianchurch.org\/de\/wp-json\/wp\/v2\/pages\/2868\/revisions"}],"predecessor-version":[{"id":7890,"href":"https:\/\/www.plymouthbrethrenchristianchurch.org\/de\/wp-json\/wp\/v2\/pages\/2868\/revisions\/7890"}],"up":[{"embeddable":true,"href":"https:\/\/www.plymouthbrethrenchristianchurch.org\/de\/wp-json\/wp\/v2\/pages\/2851"}],"wp:attachment":[{"href":"https:\/\/www.plymouthbrethrenchristianchurch.org\/de\/wp-json\/wp\/v2\/media?parent=2868"}],"curies":[{"name":"wp","href":"https:\/\/api.w.org\/{rel}","templated":true}]}}