{"id":2898,"date":"2020-05-12T06:37:51","date_gmt":"2020-05-11T20:37:51","guid":{"rendered":"https:\/\/www.plymouthbrethrenchristianchurch.org\/unsere-werte\/fuersorge-fuer-andere\/"},"modified":"2024-09-10T14:09:25","modified_gmt":"2024-09-10T04:09:25","slug":"fuersorge-fuer-andere","status":"publish","type":"page","link":"https:\/\/www.plymouthbrethrenchristianchurch.org\/de\/unsere-werte\/fuersorge-fuer-andere\/","title":{"rendered":"F\u00fcrsorge f\u00fcr andere"},"content":{"rendered":"","protected":false},"excerpt":{"rendered":"","protected":false},"author":2,"featured_media":0,"parent":2874,"menu_order":5,"comment_status":"closed","ping_status":"closed","template":"page-templates\/acf-flexible-content.php","meta":{"_acf_changed":false,"_relevanssi_hide_post":"","_relevanssi_hide_content":"","_relevanssi_pin_for_all":"","_relevanssi_pin_keywords":"","_relevanssi_unpin_keywords":"","_relevanssi_related_keywords":"","_relevanssi_related_include_ids":"","_relevanssi_related_exclude_ids":"","_relevanssi_related_no_append":"","_relevanssi_related_not_related":"","_relevanssi_related_posts":"","_relevanssi_noindex_reason":"","inline_featured_image":false,"footnotes":""},"class_list":["post-2898","page","type-page","status-publish","hentry"],"acf":{"post_page_video":"","content":[{"acf_fc_layout":"page_header_with_links","override_title":false,"custom_title":"Testtitel","intro_text":"<p>Es gibt einen starken und gro\u00dfz\u00fcgigen karitativen Geist unter den Br\u00fcdern, und viele widmen bereitwillig ihre Zeit, um philanthropische Bem\u00fchungen zu unterst\u00fctzen, die Menschheit zu entlasten.<\/p>\n","enable_button":true,"button":{"button_text":"","button_url":"","open_in_new_tab":false,"button_class":""},"link_source":"menu","select_a_menu":{"value":"19","label":"Grundwerte"},"menu_title":"","custom_links":false,"header_styles":{"":null,"background_colour":"#515151","background_image":1144,"text_colour":"white"},"row_class":""},{"acf_fc_layout":"module_section","row":[{"column_gap":"6","column":[{"module":[{"acf_fc_layout":"rich_media_block","image":6498,"header":{"":null,"title":"Gemeinn\u00fctzige Werke","heading_level":"h2","header_styles":{"":null,"background_colour":"","background_image":false,"text_colour":"orange"},"make_separator":false},"content":"<p>Es gibt einen starken und gro\u00dfz\u00fcgigen karitativen Geist unter den Br\u00fcdern, und viele widmen bereitwillig ihre Zeit, um philanthropische Bem\u00fchungen zu unterst\u00fctzen, die Menschheit zu entlasten. Br\u00fcder sch\u00e4tzen, respektieren und unterst\u00fctzen jede w\u00fcrdige Sache, um das Leid von M\u00e4nnern und Frauen zu lindern. Fundraising und andere Aktivit\u00e4ten wie Lebensmittel- und Bekleidungsbanken haben viele Wohlt\u00e4tigkeitsorganisationen und Regierungsorganisationen erheblich unterst\u00fctzt.<\/p>\n","enable_button":true,"button":{"button_text":"","button_url":"","open_in_new_tab":false,"button_class":""},"class":""},{"acf_fc_layout":"rich_media_block","image":6473,"header":{"":null,"title":"Notfall- und Katastrophenhilfe","heading_level":"h2","header_styles":{"":null,"background_colour":"","background_image":false,"text_colour":"orange"},"make_separator":false},"content":"<p>Das Rapid Relief Team (RRT) ist eine globale Gruppe von Freiwilligen jeden Alters, die sich dem Dienst an der Gemeinschaft verschrieben haben. Als Mitglieder der Christlichen Kirche der Plymouth-Br\u00fcder bem\u00fchen wir uns, das wahre Christentum in unserer Lebensweise zu praktizieren. Dazu geh\u00f6rt, mitf\u00fchlend, aktiv und mitf\u00fchlend f\u00fcr die B\u00fcrgerinnen und B\u00fcrger zu sein und alles in unserer Macht Stehende zu tun, um zu helfen. Diese lang gehegte Praxis, anderen zu helfen, h\u00e4lt bis heute unter dem Banner des Rapid Relief Teams an. RRT ist eine gemeinn\u00fctzige Organisation, die sich darauf konzentriert, Rettungskr\u00e4ften und lokalen Gemeinden in schwierigen Zeiten Hilfe und Erfrischungen zur Verf\u00fcgung zu stellen.  <\/p>\n<ul>\n<li><strong>Auftrag:<\/strong> Unterst\u00fctzung lokaler Gemeinschaften in Zeiten und Notlagen.<\/li>\n<li><strong>Vision:<\/strong> Damit die christliche Kirche der Plymouth-Br\u00fcder der Menschheit die christlichen biblischen Grunds\u00e4tze der F\u00fcrsorge und des Mitgef\u00fchls ausdr\u00fcckt, indem sie Menschen in Not wohlwollend entlastet.<\/li>\n<li><strong>Werte:<\/strong> Effektivit\u00e4t, Zuverl\u00e4ssigkeit, Mitgef\u00fchl und Respekt.<\/li>\n<\/ul>\n<p>  Erfahren Sie mehr \u00fcber RRT und ihre neuesten Aktivit\u00e4ten und Einspr\u00fcche, indem <a href=\"https:\/\/www.rapidreliefteam.org\/\" target=\"_blank\" rel=\"noopener\">Sie ihre Website besuchen<\/a>.<\/p>\n","enable_button":true,"button":{"button_text":"Besuchen Sie die RRT-Website","button_url":{"title":"","url":"https:\/\/www.rapidreliefteam.org\/","target":"_blank"},"open_in_new_tab":true,"button_class":""},"class":""},{"acf_fc_layout":"rich_media_block","image":6583,"header":{"":null,"title":"Wohnungs- und Armutsbek\u00e4mpfung","heading_level":"h2","header_styles":{"":null,"background_colour":"","background_image":false,"text_colour":"orange"},"make_separator":false},"content":"<p>Es ist ein Ziel der Br\u00fcderkirche, dass alle Br\u00fcderfamilien in die Lage versetzt werden, ihr eigenes Zuhause zu besitzen. Junge Menschen, die eine Ehe eingehen, werden oft privat von Kirchenmitgliedern durch zus\u00e4tzliche Finanzmittel und freiwillige Arbeit unterst\u00fctzt, um geeignete Wohnungen zu sichern, in denen sie eine Familie gr\u00fcnden k\u00f6nnen und zu denen sie andere Br\u00fcder zur Unterhaltung und Unterbringung einladen k\u00f6nnen. Br\u00fcder verfolgen ein Ziel der Gleichstellung als schl\u00fcsselgewaltiger Grundsatz f\u00fcr die Wohnungsauswahl, um eine Statusdifferenzierung zu verhindern und ein soziales Umfeld zu schaffen, in dem sich alle Br\u00fcderfamilien zu Hause ohne Diskriminierung oder unn\u00f6tige Unterscheidung unterhalten k\u00f6nnen. Diese Initiative, die noch im Gange ist, hat sich in den letzten 30 Jahren weltweit stark weiterentwickelt. Der gro\u00dfz\u00fcgige Gebende Geist unter den Br\u00fcdern bietet eine st\u00e4ndige Quelle der Hilfe f\u00fcr die Bed\u00fcrftigen. Dieses Wohlwollen ist alles umarmend und umfasst finanzielle, soziale, pastorale, famili\u00e4re und gesundheitliche Unterst\u00fctzung und kann Beratung, Ausbildung und kontinuierliche Unterst\u00fctzung umfassen. Armut unter Br\u00fcdern ist selten, aber alle Menschen in notgesinnten Verh\u00e4ltnissen haben Zugang zu detaillierter Hilfe und F\u00fcrsorge innerhalb der Br\u00fcdergemeinschaft. Eines unserer vorrangigen Ziele besteht darin, jedem Mitglied der Kirche die M\u00f6glichkeit zu geben, mit anderen Mitgliedern gleich zu sein. Wir wollen nicht, dass Klassenunterschiede zu Funktionsst\u00f6rungen, Reibungen oder Spaltungen zwischen Mitgliedern unserer Gemeinschaft f\u00fchren.<\/p>\n","enable_button":true,"button":{"button_text":"","button_url":"","open_in_new_tab":false,"button_class":""},"class":""},{"acf_fc_layout":"rich_media_block","image":6513,"header":{"":null,"title":"Alterspflege","heading_level":"h2","header_styles":{"":null,"background_colour":"","background_image":false,"text_colour":"orange"},"make_separator":false},"content":"<p>Die Br\u00fcder sch\u00e4tzen die Gro\u00dffamilie, und wir ziehen es vor, dass unsere alternden Mitglieder so lange wie praktisch in ihren eigenen vier W\u00e4nden bleiben. Wo Pflege erforderlich ist, versuchen wir sicherzustellen, dass sie im Haus der Gro\u00dffamilie bereitgestellt wird, und nutzen dabei jede Hilfe der nationalen Regierungen. Pauseneinrichtungen, einschlie\u00dflich Pflegeheimen und betreute Unterk\u00fcnfte, werden nur dann zug\u00e4nglich, wenn die erforderliche Pflege \u00fcber das hinausgeht, was im Haushalt angeboten werden kann. Die Entscheidung, \u00e4ltere Menschen in andere Einrichtungen aufzunehmen, wird nur mit fachkundiger \u00e4rztlicher Beratung und mit vollst\u00e4ndiger staatlicher Bewertung und Aufsicht getroffen. Derzeit besitzen die Br\u00fcder keine Pflegeheime oder betreute Wohneinheiten, aber es werden Machbarkeitsstudien durchgef\u00fchrt. \u00c4ltere Menschen in der Kirche sind ein st\u00e4ndiger und gesch\u00e4tzter Teil des Lebens der Kirche und der Br\u00fcdergemeinschaft.<\/p>\n","enable_button":true,"button":{"button_text":"","button_url":"","open_in_new_tab":false,"button_class":""},"class":""},{"acf_fc_layout":"bible_quote_slim","quote_text":"Denn Gott liebt einen fr\u00f6hlichen Geber.","quote_source":"2 Korinther 9 v7"},{"acf_fc_layout":"global_module","global_module_id":1148}],"columns_sm":"8","columns_md":"none","columns_lg":"8"},{"module":false,"columns_sm":"4","columns_md":"none","columns_lg":"4"}],"row_class":"","module_padding":{"":null,"padding_top_xs":"","padding_bottom_xs":"","padding_left_xs":"","padding_right_xs":"","padding_top_md":"","padding_bottom_md":"","padding_left_md":"","padding_right_md":"","padding_top_lg":"","padding_bottom_lg":"","padding_left_lg":"","padding_right_lg":""},"module_margin":{"":null,"margin_top_xs":"","margin_bottom_xs":"","margin_left_xs":"","margin_right_xs":"","margin_top_md":"","margin_bottom_md":"","margin_left_md":"","margin_right_md":"","margin_top_lg":"","margin_bottom_lg":"","margin_left_lg":"","margin_right_lg":""}}],"section_heading":"","section_class":"","module_padding":{"":null,"padding_top_xs":"","padding_bottom_xs":"","padding_left_xs":"","padding_right_xs":"","padding_top_md":"","padding_bottom_md":"","padding_left_md":"","padding_right_md":"","padding_top_lg":"","padding_bottom_lg":"","padding_left_lg":"","padding_right_lg":""},"module_margin":{"":null,"margin_top_xs":"","margin_bottom_xs":"","margin_left_xs":"","margin_right_xs":"","margin_top_md":"","margin_bottom_md":"","margin_left_md":"","margin_right_md":"","margin_top_lg":"","margin_bottom_lg":"","margin_left_lg":"","margin_right_lg":""}}]},"yoast_head":"<!-- This site is optimized with the Yoast SEO plugin v25.2 - https:\/\/yoast.com\/wordpress\/plugins\/seo\/ -->\n<title>F\u00fcrsorge f\u00fcr andere | Plymouth Brethren Christian Church<\/title>\n<meta name=\"description\" content=\"Visit the F\u00fcrsorge f\u00fcr andere page on the website of the Plymouth Brethren Christian Church, a Christian fellowship based on the Holy Bible as the Word of God.\" \/>\n<meta name=\"robots\" content=\"index, follow, max-snippet:-1, max-image-preview:large, max-video-preview:-1\" \/>\n<link rel=\"canonical\" href=\"https:\/\/www.plymouthbrethrenchristianchurch.org\/de\/unsere-werte\/fuersorge-fuer-andere\/\" \/>\n<meta property=\"og:locale\" content=\"de_DE\" \/>\n<meta property=\"og:type\" content=\"article\" \/>\n<meta property=\"og:title\" content=\"F\u00fcrsorge f\u00fcr andere | Plymouth Brethren Christian Church\" \/>\n<meta property=\"og:description\" content=\"Visit the F\u00fcrsorge f\u00fcr andere page on the website of the Plymouth Brethren Christian Church, a Christian fellowship based on the Holy Bible as the Word of God.\" \/>\n<meta property=\"og:url\" content=\"https:\/\/www.plymouthbrethrenchristianchurch.org\/de\/unsere-werte\/fuersorge-fuer-andere\/\" \/>\n<meta property=\"og:site_name\" content=\"Plymouth Brethren Christian Church\" \/>\n<meta property=\"article:publisher\" content=\"https:\/\/www.facebook.com\/PlymouthBrethrenChristianChurch\" \/>\n<meta property=\"article:modified_time\" content=\"2024-09-10T04:09:25+00:00\" \/>\n<meta name=\"twitter:card\" content=\"summary_large_image\" \/>\n<script type=\"application\/ld+json\" class=\"yoast-schema-graph\">{\"@context\":\"https:\/\/schema.org\",\"@graph\":[{\"@type\":\"WebPage\",\"@id\":\"https:\/\/www.plymouthbrethrenchristianchurch.org\/de\/unsere-werte\/fuersorge-fuer-andere\/\",\"url\":\"https:\/\/www.plymouthbrethrenchristianchurch.org\/de\/unsere-werte\/fuersorge-fuer-andere\/\",\"name\":\"F\u00fcrsorge f\u00fcr andere | Plymouth Brethren Christian Church\",\"isPartOf\":{\"@id\":\"https:\/\/www.plymouthbrethrenchristianchurch.org\/#website\"},\"datePublished\":\"2020-05-11T20:37:51+00:00\",\"dateModified\":\"2024-09-10T04:09:25+00:00\",\"description\":\"Visit the F\u00fcrsorge f\u00fcr andere page on the website of the Plymouth Brethren Christian Church, a Christian fellowship based on the Holy Bible as the Word of God.\",\"breadcrumb\":{\"@id\":\"https:\/\/www.plymouthbrethrenchristianchurch.org\/de\/unsere-werte\/fuersorge-fuer-andere\/#breadcrumb\"},\"inLanguage\":\"de\",\"potentialAction\":[{\"@type\":\"ReadAction\",\"target\":[\"https:\/\/www.plymouthbrethrenchristianchurch.org\/de\/unsere-werte\/fuersorge-fuer-andere\/\"]}]},{\"@type\":\"BreadcrumbList\",\"@id\":\"https:\/\/www.plymouthbrethrenchristianchurch.org\/de\/unsere-werte\/fuersorge-fuer-andere\/#breadcrumb\",\"itemListElement\":[{\"@type\":\"ListItem\",\"position\":1,\"name\":\"Home\",\"item\":\"https:\/\/www.plymouthbrethrenchristianchurch.org\/de\/startseite\/\"},{\"@type\":\"ListItem\",\"position\":2,\"name\":\"Unsere Werte\",\"item\":\"https:\/\/www.plymouthbrethrenchristianchurch.org\/de\/unsere-werte\/\"},{\"@type\":\"ListItem\",\"position\":3,\"name\":\"F\u00fcrsorge f\u00fcr andere\"}]},{\"@type\":\"WebSite\",\"@id\":\"https:\/\/www.plymouthbrethrenchristianchurch.org\/#website\",\"url\":\"https:\/\/www.plymouthbrethrenchristianchurch.org\/\",\"name\":\"Plymouth Brethren Christian Church\",\"description\":\"\",\"publisher\":{\"@id\":\"https:\/\/www.plymouthbrethrenchristianchurch.org\/#organization\"},\"potentialAction\":[{\"@type\":\"SearchAction\",\"target\":{\"@type\":\"EntryPoint\",\"urlTemplate\":\"https:\/\/www.plymouthbrethrenchristianchurch.org\/?s={search_term_string}\"},\"query-input\":{\"@type\":\"PropertyValueSpecification\",\"valueRequired\":true,\"valueName\":\"search_term_string\"}}],\"inLanguage\":\"de\"},{\"@type\":\"Organization\",\"@id\":\"https:\/\/www.plymouthbrethrenchristianchurch.org\/#organization\",\"name\":\"Plymouth Brethren Christian Church\",\"url\":\"https:\/\/www.plymouthbrethrenchristianchurch.org\/\",\"logo\":{\"@type\":\"ImageObject\",\"inLanguage\":\"de\",\"@id\":\"https:\/\/www.plymouthbrethrenchristianchurch.org\/#\/schema\/logo\/image\/\",\"url\":\"https:\/\/www.plymouthbrethrenchristianchurch.org\/wp-content\/uploads\/2020\/05\/site-logo.svg\",\"contentUrl\":\"https:\/\/www.plymouthbrethrenchristianchurch.org\/wp-content\/uploads\/2020\/05\/site-logo.svg\",\"caption\":\"Plymouth Brethren Christian Church\"},\"image\":{\"@id\":\"https:\/\/www.plymouthbrethrenchristianchurch.org\/#\/schema\/logo\/image\/\"},\"sameAs\":[\"https:\/\/www.facebook.com\/PlymouthBrethrenChristianChurch\",\"https:\/\/www.youtube.com\/channel\/UC76fGueDJBbLvhs988yTBXQ\",\"https:\/\/www.pinterest.com.au\/plymouthbcc\/\"]}]}<\/script>\n<!-- \/ Yoast SEO plugin. -->","yoast_head_json":{"title":"F\u00fcrsorge f\u00fcr andere | Plymouth Brethren Christian Church","description":"Visit the F\u00fcrsorge f\u00fcr andere page on the website of the Plymouth Brethren Christian Church, a Christian fellowship based on the Holy Bible as the Word of God.","robots":{"index":"index","follow":"follow","max-snippet":"max-snippet:-1","max-image-preview":"max-image-preview:large","max-video-preview":"max-video-preview:-1"},"canonical":"https:\/\/www.plymouthbrethrenchristianchurch.org\/de\/unsere-werte\/fuersorge-fuer-andere\/","og_locale":"de_DE","og_type":"article","og_title":"F\u00fcrsorge f\u00fcr andere | Plymouth Brethren Christian Church","og_description":"Visit the F\u00fcrsorge f\u00fcr andere page on the website of the Plymouth Brethren Christian Church, a Christian fellowship based on the Holy Bible as the Word of God.","og_url":"https:\/\/www.plymouthbrethrenchristianchurch.org\/de\/unsere-werte\/fuersorge-fuer-andere\/","og_site_name":"Plymouth Brethren Christian Church","article_publisher":"https:\/\/www.facebook.com\/PlymouthBrethrenChristianChurch","article_modified_time":"2024-09-10T04:09:25+00:00","twitter_card":"summary_large_image","schema":{"@context":"https:\/\/schema.org","@graph":[{"@type":"WebPage","@id":"https:\/\/www.plymouthbrethrenchristianchurch.org\/de\/unsere-werte\/fuersorge-fuer-andere\/","url":"https:\/\/www.plymouthbrethrenchristianchurch.org\/de\/unsere-werte\/fuersorge-fuer-andere\/","name":"F\u00fcrsorge f\u00fcr andere | Plymouth Brethren Christian Church","isPartOf":{"@id":"https:\/\/www.plymouthbrethrenchristianchurch.org\/#website"},"datePublished":"2020-05-11T20:37:51+00:00","dateModified":"2024-09-10T04:09:25+00:00","description":"Visit the F\u00fcrsorge f\u00fcr andere page on the website of the Plymouth Brethren Christian Church, a Christian fellowship based on the Holy Bible as the Word of God.","breadcrumb":{"@id":"https:\/\/www.plymouthbrethrenchristianchurch.org\/de\/unsere-werte\/fuersorge-fuer-andere\/#breadcrumb"},"inLanguage":"de","potentialAction":[{"@type":"ReadAction","target":["https:\/\/www.plymouthbrethrenchristianchurch.org\/de\/unsere-werte\/fuersorge-fuer-andere\/"]}]},{"@type":"BreadcrumbList","@id":"https:\/\/www.plymouthbrethrenchristianchurch.org\/de\/unsere-werte\/fuersorge-fuer-andere\/#breadcrumb","itemListElement":[{"@type":"ListItem","position":1,"name":"Home","item":"https:\/\/www.plymouthbrethrenchristianchurch.org\/de\/startseite\/"},{"@type":"ListItem","position":2,"name":"Unsere Werte","item":"https:\/\/www.plymouthbrethrenchristianchurch.org\/de\/unsere-werte\/"},{"@type":"ListItem","position":3,"name":"F\u00fcrsorge f\u00fcr andere"}]},{"@type":"WebSite","@id":"https:\/\/www.plymouthbrethrenchristianchurch.org\/#website","url":"https:\/\/www.plymouthbrethrenchristianchurch.org\/","name":"Plymouth Brethren Christian Church","description":"","publisher":{"@id":"https:\/\/www.plymouthbrethrenchristianchurch.org\/#organization"},"potentialAction":[{"@type":"SearchAction","target":{"@type":"EntryPoint","urlTemplate":"https:\/\/www.plymouthbrethrenchristianchurch.org\/?s={search_term_string}"},"query-input":{"@type":"PropertyValueSpecification","valueRequired":true,"valueName":"search_term_string"}}],"inLanguage":"de"},{"@type":"Organization","@id":"https:\/\/www.plymouthbrethrenchristianchurch.org\/#organization","name":"Plymouth Brethren Christian Church","url":"https:\/\/www.plymouthbrethrenchristianchurch.org\/","logo":{"@type":"ImageObject","inLanguage":"de","@id":"https:\/\/www.plymouthbrethrenchristianchurch.org\/#\/schema\/logo\/image\/","url":"https:\/\/www.plymouthbrethrenchristianchurch.org\/wp-content\/uploads\/2020\/05\/site-logo.svg","contentUrl":"https:\/\/www.plymouthbrethrenchristianchurch.org\/wp-content\/uploads\/2020\/05\/site-logo.svg","caption":"Plymouth Brethren Christian Church"},"image":{"@id":"https:\/\/www.plymouthbrethrenchristianchurch.org\/#\/schema\/logo\/image\/"},"sameAs":["https:\/\/www.facebook.com\/PlymouthBrethrenChristianChurch","https:\/\/www.youtube.com\/channel\/UC76fGueDJBbLvhs988yTBXQ","https:\/\/www.pinterest.com.au\/plymouthbcc\/"]}]}},"_links":{"self":[{"href":"https:\/\/www.plymouthbrethrenchristianchurch.org\/de\/wp-json\/wp\/v2\/pages\/2898"}],"collection":[{"href":"https:\/\/www.plymouthbrethrenchristianchurch.org\/de\/wp-json\/wp\/v2\/pages"}],"about":[{"href":"https:\/\/www.plymouthbrethrenchristianchurch.org\/de\/wp-json\/wp\/v2\/types\/page"}],"author":[{"embeddable":true,"href":"https:\/\/www.plymouthbrethrenchristianchurch.org\/de\/wp-json\/wp\/v2\/users\/2"}],"replies":[{"embeddable":true,"href":"https:\/\/www.plymouthbrethrenchristianchurch.org\/de\/wp-json\/wp\/v2\/comments?post=2898"}],"version-history":[{"count":1,"href":"https:\/\/www.plymouthbrethrenchristianchurch.org\/de\/wp-json\/wp\/v2\/pages\/2898\/revisions"}],"predecessor-version":[{"id":3785,"href":"https:\/\/www.plymouthbrethrenchristianchurch.org\/de\/wp-json\/wp\/v2\/pages\/2898\/revisions\/3785"}],"up":[{"embeddable":true,"href":"https:\/\/www.plymouthbrethrenchristianchurch.org\/de\/wp-json\/wp\/v2\/pages\/2874"}],"wp:attachment":[{"href":"https:\/\/www.plymouthbrethrenchristianchurch.org\/de\/wp-json\/wp\/v2\/media?parent=2898"}],"curies":[{"name":"wp","href":"https:\/\/api.w.org\/{rel}","templated":true}]}}