{"id":2902,"date":"2020-05-12T06:37:36","date_gmt":"2020-05-11T20:37:36","guid":{"rendered":"https:\/\/www.plymouthbrethrenchristianchurch.org\/unsere-werte\/community\/"},"modified":"2026-02-23T17:40:32","modified_gmt":"2026-02-23T07:40:32","slug":"community","status":"publish","type":"page","link":"https:\/\/www.plymouthbrethrenchristianchurch.org\/de\/community\/","title":{"rendered":"Lebensweise"},"content":{"rendered":"","protected":false},"excerpt":{"rendered":"","protected":false},"author":2,"featured_media":0,"parent":0,"menu_order":4,"comment_status":"closed","ping_status":"closed","template":"page-templates\/acf-flexible-content.php","meta":{"_acf_changed":false,"_relevanssi_hide_post":"","_relevanssi_hide_content":"","_relevanssi_pin_for_all":"","_relevanssi_pin_keywords":"","_relevanssi_unpin_keywords":"","_relevanssi_related_keywords":"","_relevanssi_related_include_ids":"","_relevanssi_related_exclude_ids":"","_relevanssi_related_no_append":"","_relevanssi_related_not_related":"","_relevanssi_related_posts":"","_relevanssi_noindex_reason":"","inline_featured_image":false,"footnotes":""},"class_list":["post-2902","page","type-page","status-publish","hentry"],"acf":{"post_page_video":"","content":[{"acf_fc_layout":"page_header_with_links","override_title":true,"custom_title":"Lebensweise","intro_text":"<p>Lernen Sie unsere Gemeinschaft, die Plymouth Brethren Christian Church (PBCC), kennen.<\/p>\n","enable_button":false,"button":{"button_text":"","button_url":"","open_in_new_tab":false,"button_class":""},"link_source":"menu","select_a_menu":{"value":"13","label":"Hauptmen\u00fc"},"menu_title":"","custom_links":false,"header_styles":{"":null,"background_colour":"#515151","background_image":1130,"text_colour":"white"},"row_class":""},{"acf_fc_layout":"module_section","row":[{"column_gap":"6","column":[{"module":[{"acf_fc_layout":"rich_media_block","image":false,"header":{"":null,"title":"Die Lebensweise in der Plymouth Brethren Christian Church","heading_level":"h2","header_styles":{"":null,"background_colour":"","background_image":false,"text_colour":"orange"},"make_separator":true},"content":"<p>Die Plymouth Brethren Christian Church baut auf Grundwerten auf, die Glaube, Gemeinschaft und moralische Integrit\u00e4t betonen. Im Mittelpunkt dieser Werte steht ein starkes Bekenntnis zu den biblischen Lehren, die die Herangehensweise der Kirchenmitglieder an das t\u00e4gliche Leben und den Umgang mit anderen pr\u00e4gen.<\/p>\n<p>Die Kirche wurde vor etwa 200 Jahren in Plymouth in S\u00fcdengland gegr\u00fcndet und hat heute rund 55.000 Mitglieder auf der ganzen Welt, unter anderem in den Vereinigten Staaten, Neuseeland, der Karibik, Australien und dem Vereinigten K\u00f6nigreich.<\/p>\n<p>Wir sind eine christliche Mainstream-Kirche, aber wie alle Religionen haben wir unsere eigenen Traditionen, unsere eigene Kultur und unsere eigene Lebensweise. Es gibt eine gewisse Neugier auf die Plymouth Brethren Christian Church in der breiteren Gesellschaft, aber auch viele Missverst\u00e4ndnisse \u00fcber unseren Glauben und unsere Praktiken.<\/p>\n","enable_button":false,"button":{"button_text":"Erfahren Sie mehr \u00fcber unsere \u00dcberzeugungen","button_url":{"title":"Unsere \u00dcberzeugungen","url":"https:\/\/www.plymouthbrethrenchristianchurch.org\/community\/our-beliefs\/","target":""},"open_in_new_tab":false,"button_class":""},"class":""},{"acf_fc_layout":"rich_media_block","image":6682,"header":{"":null,"title":"Der Glaube der Plymouth Brethren Christian Church","heading_level":"h2","header_styles":{"":null,"background_colour":"","background_image":false,"text_colour":"orange"},"make_separator":true},"content":"<p>Wir sind Christen und streben danach, ein erf\u00fclltes, gutes Leben zu f\u00fchren, wie es sich von der Heiligen Schrift leiten l\u00e4sst. Wir treffen uns regelm\u00e4\u00dfig mit unserer Gemeinschaft in einfachen Gospelhallen rund um den Globus und kommen jeden Sonntag zusammen, um das Abendmahl zu feiern, das Sie vielleicht als Heiliges Abendmahl kennen.<\/p>\n<p>Wir glauben nicht, dass wir anderen \u00fcberlegen sind, und wir leben jeden Tag mit Menschen zusammen, die anderen Glaubens sind und keinen Glauben haben.<\/p>\n","enable_button":true,"button":{"button_text":"Lesen Sie mehr \u00fcber unsere \u00dcberzeugungen","button_url":{"title":"Lesen Sie mehr \u00fcber unsere \u00dcberzeugungen","url":"https:\/\/www.plymouthbrethrenchristianchurch.org\/our-way-of-life\/our-beliefs\/","target":""},"open_in_new_tab":false,"button_class":""},"class":""},{"acf_fc_layout":"rich_media_block","image":6689,"header":{"":null,"title":"Grundwerte der Plymouth Brethren Christian Church","heading_level":"h2","header_styles":{"":null,"background_colour":"","background_image":false,"text_colour":"orange"},"make_separator":true},"content":"<p>Die Br\u00fcder, M\u00e4nner und Frauen unserer Kirche, teilen Werte wie F\u00fcrsorge und Mitgef\u00fchl sowie die Teilhabe, die Eigenverantwortung und die Entscheidungsfindung in der Gemeinschaft. Wir praktizieren aktiv das Christentum durch den Dienst an unserer Familie, unserer Kirche und unseren lokalen und globalen Gemeinschaften. Unsere gemeinsame christliche Gemeinschaft ist ein integraler Bestandteil unserer Lebensweise.<\/p>\n<p>Wir bezeichnen uns selbst als die \u201eBr\u00fcder\u201c, weil wir eine eng verbundene Gemeinschaft von Familien sind, die durch unseren gemeinsamen christlichen Glauben, der auf der Heiligen Schrift gegr\u00fcndet ist, zusammengehalten werden. \u201eNichtsdestotrotz leben die Schwestern und Br\u00fcder, wie alle anderen auch, harmonisch mit allen Menschen zusammen, unabh\u00e4ngig davon, ob sie einem anderen Glauben angeh\u00f6ren oder nicht.\u201c<\/p>\n<p>Zu unseren Werten geh\u00f6ren:<\/p>\n<ul>\n<li>Proaktives Engagement f\u00fcr die Gesellschaft, aktiver Beitrag zu den lokalen Gemeinschaften, in denen wir leben, arbeiten und dienen.<\/li>\n<li>Auf der Suche nach M\u00f6glichkeiten, lokale, regionale und globale Initiativen mit Sorgfalt und Mitgef\u00fchl zu unterst\u00fctzen.<\/li>\n<li>Bildung ist uns wichtig. OneSchool Global (OSG) wird von Familien unserer Kirche besucht und verf\u00fcgt \u00fcber mehr als 120 Standorte in 20 L\u00e4ndern, in denen 8.000 Sch\u00fcler unterrichtet und \u00fcber 1.800 Lehrer und Mitarbeiter von au\u00dferhalb unserer Gemeinschaft besch\u00e4ftigt werden.<\/li>\n<li>Keine neuen Mitglieder rekrutieren. Menschen sind herzlich eingeladen, sich uns anzuschlie\u00dfen, wenn die Werte \u00fcbereinstimmen, aber die Mitglieder werden in der Regel in unsere Kirche hineingeboren.<\/li>\n<\/ul>\n","enable_button":false,"button":{"button_text":"Erfahren Sie mehr \u00fcber unsere Geschichte","button_url":{"title":"Erfahren Sie mehr \u00fcber unsere Geschichte","url":"https:\/\/www.plymouthbrethrenchristianchurch.org\/our-way-of-life\/history\/","target":""},"open_in_new_tab":false,"button_class":""},"class":""},{"acf_fc_layout":"rich_media_block","image":2166,"header":{"":null,"title":"Der Glaube und die biblischen Lehren der Plymouth-Br\u00fcder","heading_level":"h2","header_styles":{"":null,"background_colour":"","background_image":false,"text_colour":"orange"},"make_separator":true},"content":"<p>F\u00fcr unsere Mitglieder ist die Heilige Schrift ein unverzichtbarer Begleiter und ma\u00dfgeblicher Wegweiser durch ihr Leben. Von klein auf werden den jungen Mitgliedern biblische Geschichten vorgelesen und gelehrt, die im Laufe der Jahrhunderte Millionen inspiriert haben.<\/p>\n<p>Wir glauben, dass die Bibel kein gew\u00f6hnliches Buch ist, sondern dass sie das absolute, unfehlbare, inspirierte Wort Gottes ist, das Gott f\u00fcr den Menschen bereitgestellt hat. Von allen Mitgliedern der Kirche wird erwartet, dass sie ein H\u00f6chstma\u00df an sittlicher Integrit\u00e4t besitzen und jederzeit in \u00dcbereinstimmung mit der Lehre der Bibel handeln.<\/p>\n<p>Wir treffen uns t\u00e4glich, um gemeinsam zu beten und aus der Heiligen Schrift zu lesen. Wir versammeln uns auch jeden Sonntag in unseren Gospels\u00e4len, um das Abendmahl zu feiern und das Evangelium zu predigen.<\/p>\n","enable_button":false,"button":{"button_text":"Lesen Sie unsere h\u00e4ufig gestellten Fragen (FAQs)","button_url":{"title":"Lesen Sie unsere h\u00e4ufig gestellten Fragen (FAQs)","url":"https:\/\/www.plymouthbrethrenchristianchurch.org\/our-way-of-life\/faqs\/","target":""},"open_in_new_tab":false,"button_class":""},"class":""},{"acf_fc_layout":"rich_media_block","image":6563,"header":{"":null,"title":"Bescheidenheit und Demut","heading_level":"h2","header_styles":{"":null,"background_colour":"","background_image":false,"text_colour":"orange"},"make_separator":true},"content":"<p>Die Bibel ist sehr klar in Bezug auf die Tugenden der Demut, auch in 1. Petrus 5,5, wo es hei\u00dft: <em>&#8222;<em>Ihr alle seid einander untertan und seid mit Demut bekleidet; denn Gott widersteht den Hochm\u00fctigen und gibt den Dem\u00fctigen Gnade.<\/em><\/em><\/p>\n<p>Die M\u00e4nner und Frauen der Plymouth Brethren Christian Church kleiden sich ordentlich und bescheiden, wobei die M\u00e4nner lange Hosen tragen und keine Gesichtsbehaarung haben, w\u00e4hrend die Frauen Kleider und minimales Make-up tragen.<\/p>\n<p>Und die M\u00e4nner und Frauen unserer Kirche sch\u00e4tzen die Teilhabe, die Eigenverantwortung und die Entscheidungsfindung in der Gemeinschaft. Sowohl im Gesch\u00e4ft als auch zu Hause arbeiten wir zusammen, um nach M\u00f6glichkeit zu gemeinsamen Entscheidungen zu kommen.<\/p>\n","enable_button":false,"button":{"button_text":"","button_url":null,"open_in_new_tab":false,"button_class":""},"class":""},{"acf_fc_layout":"rich_media_block","image":9594,"header":{"":null,"title":"Familie und Gemeinschaft","heading_level":"h2","header_styles":{"":null,"background_colour":"","background_image":false,"text_colour":"orange"},"make_separator":true},"content":"<p>Die Familie spielt im Leben der Mitglieder der Plymouth Brethren Christian Church eine zentrale Rolle.<\/p>\n<p>Br\u00fcderfamilien verbringen viel Zeit miteinander \u2013 nicht nur in der engsten Familie, sondern auch in der Gro\u00dffamilie. Vor allem die Br\u00fcderfamilien verbringen ihre Freizeit oft zusammen, musizieren und singen, kochen gemeinsam und genie\u00dfen Aktivit\u00e4ten im Freien.<\/p>\n<p>Die Familie der Br\u00fcder bleibt eng verbunden, w\u00e4hrend die Kinder heranwachsen, und die erwachsenen jungen Br\u00fcder bleiben zu Hause, bis sie heiraten.<\/p>\n<p>Br\u00fcder sch\u00e4tzen es auch, hilfsbereite, f\u00fcrsorgliche und mitf\u00fchlende Mitglieder ihres Gemeinwesens zu sein. Die Mitglieder unserer Kirche z\u00f6gern nicht, ihren Nachbarn zu helfen, und viele engagieren sich ehrenamtlich und leisten N\u00e4chstenliebe.<\/p>\n","enable_button":false,"button":{"button_text":"","button_url":null,"open_in_new_tab":false,"button_class":""},"class":""}],"columns_sm":"8","columns_md":"none","columns_lg":"8"},{"module":false,"columns_sm":"4","columns_md":"none","columns_lg":"4"}],"row_class":"","module_padding":{"":null,"padding_top_xs":"","padding_bottom_xs":"","padding_left_xs":"","padding_right_xs":"","padding_top_md":"","padding_bottom_md":"","padding_left_md":"","padding_right_md":"","padding_top_lg":"","padding_bottom_lg":"","padding_left_lg":"","padding_right_lg":""},"module_margin":{"":null,"margin_top_xs":"","margin_bottom_xs":"","margin_left_xs":"","margin_right_xs":"","margin_top_md":"","margin_bottom_md":"","margin_left_md":"","margin_right_md":"","margin_top_lg":"","margin_bottom_lg":"","margin_left_lg":"","margin_right_lg":""}}],"section_heading":"","section_class":"","module_padding":{"":null,"padding_top_xs":"","padding_bottom_xs":"","padding_left_xs":"","padding_right_xs":"","padding_top_md":"","padding_bottom_md":"","padding_left_md":"","padding_right_md":"","padding_top_lg":"","padding_bottom_lg":"","padding_left_lg":"","padding_right_lg":""},"module_margin":{"":null,"margin_top_xs":"","margin_bottom_xs":"","margin_left_xs":"","margin_right_xs":"","margin_top_md":"","margin_bottom_md":"","margin_left_md":"","margin_right_md":"","margin_top_lg":"","margin_bottom_lg":"","margin_left_lg":"","margin_right_lg":""}},{"acf_fc_layout":"image_slider","slider_id":3396}]},"yoast_head":"<!-- This site is optimized with the Yoast SEO plugin v25.2 - https:\/\/yoast.com\/wordpress\/plugins\/seo\/ -->\n<title>Lebensweise | Plymouth Brethren Christian Church<\/title>\n<meta name=\"description\" content=\"Besuchen Sie die Seite &quot;Unsere Lebensweise&quot; auf der Website der Kirche, einer christlichen Gemeinschaft, die sich auf die Heilige Schrift als Wort Gottes st\u00fctzt.\" \/>\n<meta name=\"robots\" content=\"index, follow, max-snippet:-1, max-image-preview:large, max-video-preview:-1\" \/>\n<link rel=\"canonical\" href=\"https:\/\/www.plymouthbrethrenchristianchurch.org\/de\/community\/\" \/>\n<meta property=\"og:locale\" content=\"de_DE\" \/>\n<meta property=\"og:type\" content=\"article\" \/>\n<meta property=\"og:title\" content=\"Lebensweise | Plymouth Brethren Christian Church\" \/>\n<meta property=\"og:description\" content=\"Besuchen Sie die Seite &quot;Unsere Lebensweise&quot; auf der Website der Kirche, einer christlichen Gemeinschaft, die sich auf die Heilige Schrift als Wort Gottes st\u00fctzt.\" \/>\n<meta property=\"og:url\" content=\"https:\/\/www.plymouthbrethrenchristianchurch.org\/de\/community\/\" \/>\n<meta property=\"og:site_name\" content=\"Plymouth Brethren Christian Church\" \/>\n<meta property=\"article:publisher\" content=\"https:\/\/www.facebook.com\/PlymouthBrethrenChristianChurch\" \/>\n<meta property=\"article:modified_time\" content=\"2026-02-23T07:40:32+00:00\" \/>\n<meta name=\"twitter:card\" content=\"summary_large_image\" \/>\n<script type=\"application\/ld+json\" class=\"yoast-schema-graph\">{\"@context\":\"https:\/\/schema.org\",\"@graph\":[{\"@type\":\"WebPage\",\"@id\":\"https:\/\/www.plymouthbrethrenchristianchurch.org\/de\/community\/\",\"url\":\"https:\/\/www.plymouthbrethrenchristianchurch.org\/de\/community\/\",\"name\":\"Lebensweise | Plymouth Brethren Christian Church\",\"isPartOf\":{\"@id\":\"https:\/\/www.plymouthbrethrenchristianchurch.org\/#website\"},\"datePublished\":\"2020-05-11T20:37:36+00:00\",\"dateModified\":\"2026-02-23T07:40:32+00:00\",\"description\":\"Besuchen Sie die Seite \\\"Unsere Lebensweise\\\" auf der Website der Kirche, einer christlichen Gemeinschaft, die sich auf die Heilige Schrift als Wort Gottes st\u00fctzt.\",\"breadcrumb\":{\"@id\":\"https:\/\/www.plymouthbrethrenchristianchurch.org\/de\/community\/#breadcrumb\"},\"inLanguage\":\"de\",\"potentialAction\":[{\"@type\":\"ReadAction\",\"target\":[\"https:\/\/www.plymouthbrethrenchristianchurch.org\/de\/community\/\"]}]},{\"@type\":\"BreadcrumbList\",\"@id\":\"https:\/\/www.plymouthbrethrenchristianchurch.org\/de\/community\/#breadcrumb\",\"itemListElement\":[{\"@type\":\"ListItem\",\"position\":1,\"name\":\"Home\",\"item\":\"https:\/\/www.plymouthbrethrenchristianchurch.org\/de\/startseite\/\"},{\"@type\":\"ListItem\",\"position\":2,\"name\":\"Lebensweise\"}]},{\"@type\":\"WebSite\",\"@id\":\"https:\/\/www.plymouthbrethrenchristianchurch.org\/#website\",\"url\":\"https:\/\/www.plymouthbrethrenchristianchurch.org\/\",\"name\":\"Plymouth Brethren Christian Church\",\"description\":\"\",\"publisher\":{\"@id\":\"https:\/\/www.plymouthbrethrenchristianchurch.org\/#organization\"},\"potentialAction\":[{\"@type\":\"SearchAction\",\"target\":{\"@type\":\"EntryPoint\",\"urlTemplate\":\"https:\/\/www.plymouthbrethrenchristianchurch.org\/?s={search_term_string}\"},\"query-input\":{\"@type\":\"PropertyValueSpecification\",\"valueRequired\":true,\"valueName\":\"search_term_string\"}}],\"inLanguage\":\"de\"},{\"@type\":\"Organization\",\"@id\":\"https:\/\/www.plymouthbrethrenchristianchurch.org\/#organization\",\"name\":\"Plymouth Brethren Christian Church\",\"url\":\"https:\/\/www.plymouthbrethrenchristianchurch.org\/\",\"logo\":{\"@type\":\"ImageObject\",\"inLanguage\":\"de\",\"@id\":\"https:\/\/www.plymouthbrethrenchristianchurch.org\/#\/schema\/logo\/image\/\",\"url\":\"https:\/\/www.plymouthbrethrenchristianchurch.org\/wp-content\/uploads\/2020\/05\/site-logo.svg\",\"contentUrl\":\"https:\/\/www.plymouthbrethrenchristianchurch.org\/wp-content\/uploads\/2020\/05\/site-logo.svg\",\"caption\":\"Plymouth Brethren Christian Church\"},\"image\":{\"@id\":\"https:\/\/www.plymouthbrethrenchristianchurch.org\/#\/schema\/logo\/image\/\"},\"sameAs\":[\"https:\/\/www.facebook.com\/PlymouthBrethrenChristianChurch\",\"https:\/\/www.youtube.com\/channel\/UC76fGueDJBbLvhs988yTBXQ\",\"https:\/\/www.pinterest.com.au\/plymouthbcc\/\"]}]}<\/script>\n<!-- \/ Yoast SEO plugin. -->","yoast_head_json":{"title":"Lebensweise | Plymouth Brethren Christian Church","description":"Besuchen Sie die Seite \"Unsere Lebensweise\" auf der Website der Kirche, einer christlichen Gemeinschaft, die sich auf die Heilige Schrift als Wort Gottes st\u00fctzt.","robots":{"index":"index","follow":"follow","max-snippet":"max-snippet:-1","max-image-preview":"max-image-preview:large","max-video-preview":"max-video-preview:-1"},"canonical":"https:\/\/www.plymouthbrethrenchristianchurch.org\/de\/community\/","og_locale":"de_DE","og_type":"article","og_title":"Lebensweise | Plymouth Brethren Christian Church","og_description":"Besuchen Sie die Seite \"Unsere Lebensweise\" auf der Website der Kirche, einer christlichen Gemeinschaft, die sich auf die Heilige Schrift als Wort Gottes st\u00fctzt.","og_url":"https:\/\/www.plymouthbrethrenchristianchurch.org\/de\/community\/","og_site_name":"Plymouth Brethren Christian Church","article_publisher":"https:\/\/www.facebook.com\/PlymouthBrethrenChristianChurch","article_modified_time":"2026-02-23T07:40:32+00:00","twitter_card":"summary_large_image","schema":{"@context":"https:\/\/schema.org","@graph":[{"@type":"WebPage","@id":"https:\/\/www.plymouthbrethrenchristianchurch.org\/de\/community\/","url":"https:\/\/www.plymouthbrethrenchristianchurch.org\/de\/community\/","name":"Lebensweise | Plymouth Brethren Christian Church","isPartOf":{"@id":"https:\/\/www.plymouthbrethrenchristianchurch.org\/#website"},"datePublished":"2020-05-11T20:37:36+00:00","dateModified":"2026-02-23T07:40:32+00:00","description":"Besuchen Sie die Seite \"Unsere Lebensweise\" auf der Website der Kirche, einer christlichen Gemeinschaft, die sich auf die Heilige Schrift als Wort Gottes st\u00fctzt.","breadcrumb":{"@id":"https:\/\/www.plymouthbrethrenchristianchurch.org\/de\/community\/#breadcrumb"},"inLanguage":"de","potentialAction":[{"@type":"ReadAction","target":["https:\/\/www.plymouthbrethrenchristianchurch.org\/de\/community\/"]}]},{"@type":"BreadcrumbList","@id":"https:\/\/www.plymouthbrethrenchristianchurch.org\/de\/community\/#breadcrumb","itemListElement":[{"@type":"ListItem","position":1,"name":"Home","item":"https:\/\/www.plymouthbrethrenchristianchurch.org\/de\/startseite\/"},{"@type":"ListItem","position":2,"name":"Lebensweise"}]},{"@type":"WebSite","@id":"https:\/\/www.plymouthbrethrenchristianchurch.org\/#website","url":"https:\/\/www.plymouthbrethrenchristianchurch.org\/","name":"Plymouth Brethren Christian Church","description":"","publisher":{"@id":"https:\/\/www.plymouthbrethrenchristianchurch.org\/#organization"},"potentialAction":[{"@type":"SearchAction","target":{"@type":"EntryPoint","urlTemplate":"https:\/\/www.plymouthbrethrenchristianchurch.org\/?s={search_term_string}"},"query-input":{"@type":"PropertyValueSpecification","valueRequired":true,"valueName":"search_term_string"}}],"inLanguage":"de"},{"@type":"Organization","@id":"https:\/\/www.plymouthbrethrenchristianchurch.org\/#organization","name":"Plymouth Brethren Christian Church","url":"https:\/\/www.plymouthbrethrenchristianchurch.org\/","logo":{"@type":"ImageObject","inLanguage":"de","@id":"https:\/\/www.plymouthbrethrenchristianchurch.org\/#\/schema\/logo\/image\/","url":"https:\/\/www.plymouthbrethrenchristianchurch.org\/wp-content\/uploads\/2020\/05\/site-logo.svg","contentUrl":"https:\/\/www.plymouthbrethrenchristianchurch.org\/wp-content\/uploads\/2020\/05\/site-logo.svg","caption":"Plymouth Brethren Christian Church"},"image":{"@id":"https:\/\/www.plymouthbrethrenchristianchurch.org\/#\/schema\/logo\/image\/"},"sameAs":["https:\/\/www.facebook.com\/PlymouthBrethrenChristianChurch","https:\/\/www.youtube.com\/channel\/UC76fGueDJBbLvhs988yTBXQ","https:\/\/www.pinterest.com.au\/plymouthbcc\/"]}]}},"_links":{"self":[{"href":"https:\/\/www.plymouthbrethrenchristianchurch.org\/de\/wp-json\/wp\/v2\/pages\/2902"}],"collection":[{"href":"https:\/\/www.plymouthbrethrenchristianchurch.org\/de\/wp-json\/wp\/v2\/pages"}],"about":[{"href":"https:\/\/www.plymouthbrethrenchristianchurch.org\/de\/wp-json\/wp\/v2\/types\/page"}],"author":[{"embeddable":true,"href":"https:\/\/www.plymouthbrethrenchristianchurch.org\/de\/wp-json\/wp\/v2\/users\/2"}],"replies":[{"embeddable":true,"href":"https:\/\/www.plymouthbrethrenchristianchurch.org\/de\/wp-json\/wp\/v2\/comments?post=2902"}],"version-history":[{"count":7,"href":"https:\/\/www.plymouthbrethrenchristianchurch.org\/de\/wp-json\/wp\/v2\/pages\/2902\/revisions"}],"predecessor-version":[{"id":11847,"href":"https:\/\/www.plymouthbrethrenchristianchurch.org\/de\/wp-json\/wp\/v2\/pages\/2902\/revisions\/11847"}],"wp:attachment":[{"href":"https:\/\/www.plymouthbrethrenchristianchurch.org\/de\/wp-json\/wp\/v2\/media?parent=2902"}],"curies":[{"name":"wp","href":"https:\/\/api.w.org\/{rel}","templated":true}]}}