{"id":2926,"date":"2020-05-22T01:24:09","date_gmt":"2020-05-21T15:24:09","guid":{"rendered":"https:\/\/www.plymouthbrethrenchristianchurch.org\/allgemeine-geschaeftsbedingungen\/"},"modified":"2025-06-18T01:09:04","modified_gmt":"2025-06-17T15:09:04","slug":"nutzungsbedingungen","status":"publish","type":"page","link":"https:\/\/www.plymouthbrethrenchristianchurch.org\/de\/nutzungsbedingungen\/","title":{"rendered":"Allgemeine Gesch\u00e4ftsbedingungen"},"content":{"rendered":"","protected":false},"excerpt":{"rendered":"","protected":false},"author":2,"featured_media":0,"parent":0,"menu_order":15,"comment_status":"closed","ping_status":"closed","template":"page-templates\/acf-flexible-content.php","meta":{"_acf_changed":false,"_relevanssi_hide_post":"","_relevanssi_hide_content":"","_relevanssi_pin_for_all":"","_relevanssi_pin_keywords":"","_relevanssi_unpin_keywords":"","_relevanssi_related_keywords":"","_relevanssi_related_include_ids":"","_relevanssi_related_exclude_ids":"","_relevanssi_related_no_append":"","_relevanssi_related_not_related":"","_relevanssi_related_posts":"","_relevanssi_noindex_reason":"","inline_featured_image":false,"footnotes":""},"class_list":["post-2926","page","type-page","status-publish","hentry"],"acf":{"post_page_video":"","content":[{"acf_fc_layout":"page_header_with_links","override_title":false,"custom_title":"Testtitel","intro_text":"<p>Plymouth Brethren Christian Church ACN 158 542 075 Website AGB (Bedingungen)<\/p>\n","enable_button":true,"button":{"button_text":"","button_url":"","open_in_new_tab":false,"button_class":""},"link_source":"menu","select_a_menu":{"value":"41","label":"Kontakt"},"menu_title":"Links","custom_links":false,"header_styles":{"":null,"background_colour":"#515151","background_image":1848,"text_colour":"white"},"row_class":""},{"acf_fc_layout":"module_section","row":[{"column_gap":"6","column":[{"module":[{"acf_fc_layout":"rich_media_block","image":false,"header":{"":null,"title":"","heading_level":"h2","header_styles":{"":null,"background_colour":"","background_image":false,"text_colour":"orange"},"make_separator":false},"content":"<p><strong>1. Ihre Annahme<\/strong><\/p>\n<p>(a) Dies sind die Bedingungen, unter denen die Plymouth Brethren Christian Church ACN 158 542 075 (bezeichnet als PBCC, wir oder unsere) benutzern den Zugriff auf und die Nutzung der PBCC-Website plymouthbrethrenchristianchurch.org (Website) erm\u00f6glicht, einschlie\u00dflich der Nutzung der \u00fcber die Website bereitgestellten Dienste und Funktionen, der Anzeige von Inhalten, die von der PBCC bereitgestellt werden, und der Kommunikation mit dem PBCC.<\/p>\n<p>(b) Sie erkl\u00e4ren sich damit einverstanden, durch die Nutzung, das Surfen oder den Zugriff auf einen Teil der Website an diese Bedingungen gebunden zu sein.<\/p>\n<p>(c) Die PBCC kann diese Bedingungen von Zeit zu Zeit \u00fcberpr\u00fcfen und aktualisieren, um neuen Gesetzen, Vorschriften, Produkten oder Technologien Rechnung zu tragen. Ihre Nutzung der Website unterliegt den neuesten Aufbedingungen, die auf der Website ver\u00f6ffentlicht wurden. Durch die weitere Nutzung der Website erkl\u00e4ren Sie sich mit den neuesten Bedingungen einverstanden. Es liegt in Ihrer Verantwortung, die Website regelm\u00e4\u00dfig auf aktualisierte Versionen der Bedingungen zu \u00fcberpr\u00fcfen.<\/p>\n<p>(d) Die Website kann jederzeit ohne vorherige Ank\u00fcndigung ge\u00e4ndert werden und kann Fehler enthalten.<\/p>\n<p><strong>2. Inhalt<\/strong><\/p>\n<p>(a) Die Website ist Eigentum und wird von der PBCC betrieben.<\/p>\n<p>(b) Die PBCC hat das Recht, aber nicht die Verpflichtung, Informationen, Kommentare, Inhalte, Mitteilungen, Ratschl\u00e4ge, Texte oder sonstiges Material (Inhalte), die auf der Website zur Verf\u00fcgung gestellt werden, zu \u00fcberwachen. Die PBCC beh\u00e4lt sich das Recht vor, nach eigenem Ermessen Inhalte, die auf der Website enthalten sind, ohne vorherige Ank\u00fcndigung zu sperren, zu \u00e4ndern oder zu entfernen, und haftet in keiner Weise f\u00fcr m\u00f6gliche Folgen solcher Handlungen.<\/p>\n<p>(c) Der Inhalt der Website dient ausschlie\u00dflich allgemeinen Informationszwecken. Dar\u00fcber hinaus \u00fcbernimmt die PBCC keine Garantie oder Zusicherungen in Bezug auf Produkte oder Dienstleistungen Dritter, die auf der Website beschrieben oder erw\u00e4hnt werden. Die Verwendung der PBCC-Materialien oder -Informationen durch eine andere Person oder Organisation erfolgt auf eigenes Risiko des Benutzers.<\/p>\n<p>(d) Die Inhalte auf dieser Website werden aus einer Vielzahl von Quellen bezogen und entwickelt, einschlie\u00dflich, aber nicht beschr\u00e4nkt auf Die Kollaborationen mit Dritten und Informationen, die von Dritten unter Lizenz zur Verf\u00fcgung gestellt werden. Die Aufnahme von Inhalten auf dieser Website ist keine Billigung einer Organisation, eines Produkts oder einer Dienstleistung.<\/p>\n<p>(e) W\u00e4hrend bei der Erstellung der Inhalte auf dieser Website Darauf geachtet wurde, \u00fcbernehmen die PBCC und ihre Mitarbeiter, verbundenen Parteien, Direktoren, leitenden Angestellten, Agenten, Freiwilligen, Auftragnehmer und Subunternehmer keine Haftung, auch nicht f\u00fcr Verluste oder Sch\u00e4den, die sich aus dem Vertrauen auf die Inhalte oder f\u00fcr deren Richtigkeit, W\u00e4hrung und Vollst\u00e4ndigkeit ergeben.<\/p>\n<p>(f) Sie erkl\u00e4ren sich damit einverstanden, allein f\u00fcr alle Inhalte verantwortlich zu sein, die Sie \u00fcber die Website kommunizieren oder anderweitig bereitstellen. Sie garantieren und versichern, dass alle Inhalte, die Sie kommunizieren oder anderweitig bereitstellen, nicht gegen diese Bedingungen oder die Datenschutzrichtlinie versto\u00dfen.<\/p>\n<p>(g) Sie erkl\u00e4ren sich damit einverstanden, dass unsere Website Sie mit Inhalten aussetzt, die anst\u00f6\u00dfig oder anst\u00f6\u00dfig sein k\u00f6nnen. Wir sind Ihnen gegen\u00fcber in keiner Weise f\u00fcr die Inhalte verantwortlich, die auf dieser Website erscheinen, noch f\u00fcr Fehler oder Auslassungen.<\/p>\n<p>(h) Wenn Sie eine Beschwerde bez\u00fcglich eines Inhalts haben, besteht die alleinige Verpflichtung des PBCC darin, jede ihm mitgeteilte schriftliche Beschwerde zu \u00fcberpr\u00fcfen und, wenn es dies f\u00fcr angebracht h\u00e4lt, die einzelnen Inhalte nach eigenem Ermessen zu \u00e4ndern oder zu entfernen.<\/p>\n<p><strong>3. Links<\/strong><\/p>\n<p>(a) Die Website kann Links zu anderen Websites enthalten. Die PBCC stellt diese Links als fertige Referenz und nicht als Billigung dieser Websites, ihrer Betreiber, der von ihnen beschriebenen Waren, Dienstleistungen oder Inhalte zur Verf\u00fcgung.<\/p>\n<p>(b) Andere Websites, die mit der Website verlinkt sind, fallen nicht unter diese Bedingungen und k\u00f6nnen \u00fcber eigene Gesch\u00e4ftsbedingungen und Datenschutzrichtlinien verf\u00fcgen. Wenn Sie auf diese verlinkten Seiten zugreifen, tun Sie dies auf eigenes Risiko. Die PBCC ist nicht verantwortlich und haftet nicht f\u00fcr den Inhalt oder den Betrieb dieser Websites oder der von ihnen beschriebenen Waren, Dienstleistungen oder Inhalte. Die PBCC ist nicht verantwortlich und haftet nicht f\u00fcr fehlerhafte Links zu einer externen Website.<\/p>\n<p>(c) Es ist Ihnen nicht gestattet, die Website ohne ausdr\u00fcckliche schriftliche Genehmigung des PBCC zu gestalten.<\/p>\n<p><strong>4. Zugang und Kommunikation<\/strong><\/p>\n<p>(a) Vorbehaltlich der Verbrauchergarantien, die in den Verbraucherschutzgesetzen vorgesehen sind (einschlie\u00dflich des australischen Verbrauchergesetzes gem\u00e4\u00df Anhang 2 des Wettbewerbs- und Verbrauchergesetzes 2010 (ACL)), garantiert das PBCC nicht, dass Sie kontinuierlichen Zugriff auf die Website haben. Die PBCC haftet nicht f\u00fcr den Fall, dass die Website Ihnen aufgrund von Computerausf\u00e4llen, die auf St\u00f6rungen, Upgrades, vorbeugende oder abhilfeende Wartungsaktivit\u00e4ten oder Unterbrechungen der Telekommunikationsversorgung zur\u00fcckzuf\u00fchren sind, nicht verf\u00fcgbar ist.<\/p>\n<p>(b) Die PBCC \u00fcbernimmt keine Garantie f\u00fcr die \u00dcbermittlung von Mitteilungen \u00fcber das Internet, da diese Mitteilungen von Drittanbietern abh\u00e4ngen. Die elektronische Kommunikation (einschlie\u00dflich elektronischer Post) ist anf\u00e4llig f\u00fcr das Abfangen durch Dritte, und die PBCC garantiert nicht die Sicherheit oder Vertraulichkeit dieser Kommunikation oder die Sicherheit der Website.<\/p>\n<p>(c) Die PBCC bietet keine Kommunikation, Netzwerke oder Dienste, das Internet oder andere Technologien, die auf der Website ben\u00f6tigt oder verwendet werden, und hat keine Kontrolle \u00fcber diese Kommunikation, Netzwerke oder Dienste und \u00fcbernimmt keine Verantwortung f\u00fcr direkte oder indirekte Verluste in irgendeiner Form, die mit ihnen verbunden sind, sei es aufgrund von \u00dcberlastung, technischer St\u00f6rung, Viren oder auf andere Weise.<\/p>\n<p>(d) Die auf der Website enthaltenen Angaben zu Dienstleistungen wurden in \u00dcbereinstimmung mit australischem Recht erstellt und erf\u00fcllen m\u00f6glicherweise nicht den Gesetzen eines anderen Landes. Die PBCC garantiert nicht, dass die Website und ihre Inhalte den Gesetzen eines anderen Landes entsprechen. Es liegt in Ihrer Verantwortung zu bestimmen, ob die Website und ihre Inhalte den Gesetzen Ihrer Gerichtsbarkeit entsprechen.<\/p>\n<p>(e) Wenn Sie auf diese Website oder deren Inhalte von au\u00dferhalb Australiens zugreifen und diese nutzen, tun Sie dies auf eigenes Risiko.<\/p>\n<p><strong>5. Datenschutz<\/strong><\/p>\n<p>Alle personenbezogenen Daten, die Sie an die PBCC \u00fcbermitteln, unterliegen den Datenschutzrichtlinien des PBCC und werden gem\u00e4\u00df der Datenschutzrichtlinie des PBCC (Datenschutzrichtlinie) behandelt. Die Datenschutzerkl\u00e4rung ist Teil dieser Bedingungen und wird unter www.plymouthbrethrenchristianchurch.org\/privacy-policy\/ dargelegt. Sie erkl\u00e4ren sich damit einverstanden, dass Sie durch die Nutzung der Website oder die Kommunikation mit der PBCC die Datenschutzrichtlinie gelesen, deren Inhalt verstanden und ihren Anforderungen zugestimmt haben.<\/p>\n<p><strong>6. Geistiges Eigentum<\/strong><\/p>\n<p>(a) Alle Rechte an geistigem Eigentum, einschlie\u00dflich Urheberrechte und Patente, an der Website, den Diensten der PBCC und alle Komponenten davon sind Eigentum oder sind eigentum oder lizenziert von der PBCC oder einer ihrer verbundenen Unternehmen. Sie d\u00fcrfen keinen Teil der Website kopieren, \u00e4ndern oder \u00fcbertragen.<\/p>\n<p>(b) Die Website enth\u00e4lt Marken, Logos, Servicenamen und Handelsnamen der PBCC oder Dritter, die eingetragen oder anderweitig gesetzlich gesch\u00fctzt sein k\u00f6nnen. Es ist Ihnen nicht gestattet, Marken, Logos, Servicenamen oder Handelsnamen auf der Website zu verwenden.<\/p>\n<p><strong>7. Website-Lizenz und -Nutzung<\/strong><\/p>\n<p>Vorbehaltlich der in Ziffer 8 genannten Einschr\u00e4nkungen gew\u00e4hrt Ihnen die PBCC eine nicht ausschlie\u00dfliche und nicht \u00fcbertragbare Lizenz zur Nutzung der Website f\u00fcr Ihren pers\u00f6nlichen Gebrauch. Sie d\u00fcrfen die Website oder einen Teil der Website nicht herunterladen (au\u00dfer Seitenzwischenspeicherung) herunterladen oder \u00e4ndern. Alle Inhalte, die Sie auf der Website ver\u00f6ffentlichen oder der PBCC anderweitig zur Verf\u00fcgung stellen oder mit teilen, werden als nicht vertrauliche und nicht-propriet\u00e4re Informationen behandelt.<\/p>\n<p><strong>8. Verbotene Verwendungen<\/strong><\/p>\n<p>Bei der Nutzung der Website d\u00fcrfen Sie nicht:<\/p>\n<p>a) kommerzielle T\u00e4tigkeiten wie Marketing, Werbung oder kommerzielle Werbung f\u00fcr Waren oder Dienstleistungen aus\u00fcben, Produktlisten oder Preise zugunsten anderer H\u00e4ndler, Datenminen oder Gebrauchsroboter oder andere Datenerhebungsmethoden wiederverwenden, sammeln und verwenden;<\/p>\n<p>b) sich als Identit\u00e4ts- oder f\u00e4lschlicherweise f\u00fcr die Vertretung einer Person oder Organisation zu geben oder zu behaupten;<\/p>\n<p>(c) die gesetzlichen Rechte anderer diffamieren, missbrauchen, stalken, bel\u00e4stigen, bedrohen oder anderweitig verletzen, einschlie\u00dflich, aber nicht beschr\u00e4nkt auf Rechte in Bezug auf Privatsph\u00e4re und \u00d6ffentlichkeit;<\/p>\n<p>(d) unangemessene, profane, diffamierende, obsz\u00f6ne, anst\u00e4ndige oder rechtswidrige Informationen oder anderweitige Nutzung der Website in einer Weise zu ver\u00f6ffentlichen, zu verlinken oder anderweitig zu kommunizieren oder zu verbreiten; Oder<\/p>\n<p>(e) Informationen, Materialien oder Gegenst\u00e4nde, die einen Virus, ein Trojanisches Pferd, einen Wurm oder eine andere sch\u00e4dliche oder st\u00f6rende Komponente enthalten, zu posten, zu verlinken oder anderweitig zu verbreiten.<\/p>\n<p><strong>9. Haftungsausschluss und Haftungsbeschr\u00e4nkung<\/strong><\/p>\n<p>(a) Nichts in diesen Bedingungen schlie\u00dft, schr\u00e4nkt oder \u00e4ndert jegliche Verbrauchergarantie, -rechte oder -behebung, die Ihnen durch die ACL oder andere anwendbare Gesetze gew\u00e4hrt werden, die nicht durch Vereinbarung ausgeschlossen, eingeschr\u00e4nkt oder ge\u00e4ndert werden k\u00f6nnen.<\/p>\n<p>(b) Soweit gesetzlich zul\u00e4ssig (einschlie\u00dflich der ACL), schlie\u00dft die PBCC alle ausdr\u00fccklichen oder stillschweigenden Garantien aus, einschlie\u00dflich aller Garantien oder Zusicherungen in Bezug auf die Verf\u00fcgbarkeit der Website, Qualit\u00e4t, Vollst\u00e4ndigkeit, Genauigkeit, Eignung, Akzeptanz oder Zweckbestimmung in Bezug auf die Inhalte, alle Links zu oder von den Inhalten und den Diensten, die mit den Inhalten beworben oder zug\u00e4nglich sind.<\/p>\n<p>(c) Soweit gesetzlich zul\u00e4ssig (einschlie\u00dflich der ACL), beschr\u00e4nkt sich die Haftung des PBCC in Bezug auf nicht ausgeschlossene Garantien oder Bedingungen in Bezug auf den Inhalt, alle Links zu oder von den Inhalten und die mit den Inhalten beworbenen oder zug\u00e4nglichen Dienstleistungen auf die Wiederversorgung der relevanten Inhalte oder die angemessenen Kosten f\u00fcr die Wiederbereitstellung der relevanten Inhalte, je weiter die PBCC dies f\u00fcr geeignet h\u00e4lt.<\/p>\n<p>(d) F\u00fcr alle anderen Anspr\u00fcche oder Haftungen und soweit gesetzlich zul\u00e4ssig, betr\u00e4gt die maximale Haftung der PBCC und ihrer Mitarbeiter, Vertreter oder Auftragnehmer f\u00fcr Verluste, Sch\u00e4den, Anspr\u00fcche, Kosten oder Kosten, die sich aus oder im Zusammenhang mit diesen Bedingungen ergeben, die Inhalte, alle Links zu oder von den Inhalten und die mit den Inhalten beworbenen oder zug\u00e4nglichen Dienstleistungen insgesamt 10 USD.<\/p>\n<p>(e) Soweit gesetzlich zul\u00e4ssig (einschlie\u00dflich der ACL), haftet die PBCC nicht f\u00fcr direkte oder indirekte entgangene Gewinne, L\u00f6schung oder Besch\u00e4digung elektronisch oder digital gespeicherter Informationen oder zuf\u00e4llige, Folge- oder Sondersch\u00e4den, die aus oder in Verbindung mit den Inhalten, allen Links zu oder von den Inhalten und den mit den Inhalten beworbenen oder zug\u00e4nglichen Diensten entstehen.<\/p>\n<p><strong>10. Entsch\u00e4digung<\/strong><\/p>\n<p>Sie entsch\u00e4digen die PBCC in Bezug auf alle Verluste, Sch\u00e4den, Kosten, Aufwendungen (einschlie\u00dflich Anwaltskosten auf voller Entsch\u00e4digungsbasis), Geldstrafen, Strafen, Anspr\u00fcche, Forderungen und Verfahren, gleich, ob im Allgemeinen Recht (einschlie\u00dflich Fahrl\u00e4ssigkeit) oder nach dem Gesetz, im Zusammenhang mit einem der folgenden:<\/p>\n<p>(a) jede Verletzung dieser Bedingungen durch Sie;<\/p>\n<p>(b) Ihre Nutzung der Website; Oder<\/p>\n<p>(c) Ihre Kommunikation mit dem PBCC.<\/p>\n<p><strong>11. Zust\u00e4ndigkeit und Recht<\/strong><\/p>\n<p>Diese Bedingungen unterliegen den Gesetzen des Bundesstaates New South Wales, Australien, und m\u00fcssen in \u00dcbereinstimmung mit diesen ausgelegt werden. Sie unterwerfen sich der ausschlie\u00dflichen Zust\u00e4ndigkeit der Gerichte dieses Staates und des Commonwealth of Australia in Bezug auf alle Angelegenheiten, die sich aus oder im Zusammenhang mit diesen Bedingungen, ihrer Leistung und ihrem Gegenstand ergeben.<\/p>\n<p><strong>12. Severability<\/strong><\/p>\n<p>Jede Bestimmung dieser Bedingungen ist von den anderen abtrennungsf\u00e4hig, und keine Abtrennung einer Bestimmung wirkt sich auf andere Bestimmungen aus.<\/p>\n<p><strong>13. Kontaktaufnahme mit uns<\/strong><\/p>\n<p>Wenn Sie Fragen zur Website, den Nutzungsbedingungen oder der Datenschutzrichtlinie haben, kontaktieren Sie <a href=\"https:\/\/www.plymouthbrethrenchristianchurch.org\/contact\/\">uns<\/a>bitte .<\/p>\n","enable_button":true,"button":{"button_text":"","button_url":"","open_in_new_tab":false,"button_class":""},"class":""}],"columns_sm":"8","columns_md":"none","columns_lg":"8"},{"module":false,"columns_sm":"4","columns_md":"none","columns_lg":"4"}],"row_class":"","module_padding":{"":null,"padding_top_xs":"","padding_bottom_xs":"","padding_left_xs":"","padding_right_xs":"","padding_top_md":"","padding_bottom_md":"","padding_left_md":"","padding_right_md":"","padding_top_lg":"","padding_bottom_lg":"","padding_left_lg":"","padding_right_lg":""},"module_margin":{"":null,"margin_top_xs":"","margin_bottom_xs":"","margin_left_xs":"","margin_right_xs":"","margin_top_md":"","margin_bottom_md":"","margin_left_md":"","margin_right_md":"","margin_top_lg":"","margin_bottom_lg":"","margin_left_lg":"","margin_right_lg":""}}],"section_heading":"","section_class":"","module_padding":{"":null,"padding_top_xs":"","padding_bottom_xs":"","padding_left_xs":"","padding_right_xs":"","padding_top_md":"","padding_bottom_md":"","padding_left_md":"","padding_right_md":"","padding_top_lg":"","padding_bottom_lg":"","padding_left_lg":"","padding_right_lg":""},"module_margin":{"":null,"margin_top_xs":"","margin_bottom_xs":"","margin_left_xs":"","margin_right_xs":"","margin_top_md":"","margin_bottom_md":"","margin_left_md":"","margin_right_md":"","margin_top_lg":"","margin_bottom_lg":"","margin_left_lg":"","margin_right_lg":""}}]},"yoast_head":"<!-- This site is optimized with the Yoast SEO plugin v25.2 - https:\/\/yoast.com\/wordpress\/plugins\/seo\/ -->\n<title>Allgemeine Gesch\u00e4ftsbedingungen | Plymouth Brethren Christian Church<\/title>\n<meta name=\"description\" content=\"Visit the Allgemeine Gesch\u00e4ftsbedingungen page on the website of the Plymouth Brethren Christian Church, a Christian fellowship based on the Holy Bible as the Word of God.\" \/>\n<meta name=\"robots\" content=\"index, follow, max-snippet:-1, max-image-preview:large, max-video-preview:-1\" \/>\n<link rel=\"canonical\" href=\"https:\/\/www.plymouthbrethrenchristianchurch.org\/de\/nutzungsbedingungen\/\" \/>\n<meta property=\"og:locale\" content=\"de_DE\" \/>\n<meta property=\"og:type\" content=\"article\" \/>\n<meta property=\"og:title\" content=\"Allgemeine Gesch\u00e4ftsbedingungen | Plymouth Brethren Christian Church\" \/>\n<meta property=\"og:description\" content=\"Visit the Allgemeine Gesch\u00e4ftsbedingungen page on the website of the Plymouth Brethren Christian Church, a Christian fellowship based on the Holy Bible as the Word of God.\" \/>\n<meta property=\"og:url\" content=\"https:\/\/www.plymouthbrethrenchristianchurch.org\/de\/nutzungsbedingungen\/\" \/>\n<meta property=\"og:site_name\" content=\"Plymouth Brethren Christian Church\" \/>\n<meta property=\"article:publisher\" content=\"https:\/\/www.facebook.com\/PlymouthBrethrenChristianChurch\" \/>\n<meta property=\"article:modified_time\" content=\"2025-06-17T15:09:04+00:00\" \/>\n<meta name=\"twitter:card\" content=\"summary_large_image\" \/>\n<script type=\"application\/ld+json\" class=\"yoast-schema-graph\">{\"@context\":\"https:\/\/schema.org\",\"@graph\":[{\"@type\":\"WebPage\",\"@id\":\"https:\/\/www.plymouthbrethrenchristianchurch.org\/de\/nutzungsbedingungen\/\",\"url\":\"https:\/\/www.plymouthbrethrenchristianchurch.org\/de\/nutzungsbedingungen\/\",\"name\":\"Allgemeine Gesch\u00e4ftsbedingungen | Plymouth Brethren Christian Church\",\"isPartOf\":{\"@id\":\"https:\/\/www.plymouthbrethrenchristianchurch.org\/#website\"},\"datePublished\":\"2020-05-21T15:24:09+00:00\",\"dateModified\":\"2025-06-17T15:09:04+00:00\",\"description\":\"Visit the Allgemeine Gesch\u00e4ftsbedingungen page on the website of the Plymouth Brethren Christian Church, a Christian fellowship based on the Holy Bible as the Word of God.\",\"breadcrumb\":{\"@id\":\"https:\/\/www.plymouthbrethrenchristianchurch.org\/de\/nutzungsbedingungen\/#breadcrumb\"},\"inLanguage\":\"de\",\"potentialAction\":[{\"@type\":\"ReadAction\",\"target\":[\"https:\/\/www.plymouthbrethrenchristianchurch.org\/de\/nutzungsbedingungen\/\"]}]},{\"@type\":\"BreadcrumbList\",\"@id\":\"https:\/\/www.plymouthbrethrenchristianchurch.org\/de\/nutzungsbedingungen\/#breadcrumb\",\"itemListElement\":[{\"@type\":\"ListItem\",\"position\":1,\"name\":\"Home\",\"item\":\"https:\/\/www.plymouthbrethrenchristianchurch.org\/de\/startseite\/\"},{\"@type\":\"ListItem\",\"position\":2,\"name\":\"Allgemeine Gesch\u00e4ftsbedingungen\"}]},{\"@type\":\"WebSite\",\"@id\":\"https:\/\/www.plymouthbrethrenchristianchurch.org\/#website\",\"url\":\"https:\/\/www.plymouthbrethrenchristianchurch.org\/\",\"name\":\"Plymouth Brethren Christian Church\",\"description\":\"\",\"publisher\":{\"@id\":\"https:\/\/www.plymouthbrethrenchristianchurch.org\/#organization\"},\"potentialAction\":[{\"@type\":\"SearchAction\",\"target\":{\"@type\":\"EntryPoint\",\"urlTemplate\":\"https:\/\/www.plymouthbrethrenchristianchurch.org\/?s={search_term_string}\"},\"query-input\":{\"@type\":\"PropertyValueSpecification\",\"valueRequired\":true,\"valueName\":\"search_term_string\"}}],\"inLanguage\":\"de\"},{\"@type\":\"Organization\",\"@id\":\"https:\/\/www.plymouthbrethrenchristianchurch.org\/#organization\",\"name\":\"Plymouth Brethren Christian Church\",\"url\":\"https:\/\/www.plymouthbrethrenchristianchurch.org\/\",\"logo\":{\"@type\":\"ImageObject\",\"inLanguage\":\"de\",\"@id\":\"https:\/\/www.plymouthbrethrenchristianchurch.org\/#\/schema\/logo\/image\/\",\"url\":\"https:\/\/www.plymouthbrethrenchristianchurch.org\/wp-content\/uploads\/2020\/05\/site-logo.svg\",\"contentUrl\":\"https:\/\/www.plymouthbrethrenchristianchurch.org\/wp-content\/uploads\/2020\/05\/site-logo.svg\",\"caption\":\"Plymouth Brethren Christian Church\"},\"image\":{\"@id\":\"https:\/\/www.plymouthbrethrenchristianchurch.org\/#\/schema\/logo\/image\/\"},\"sameAs\":[\"https:\/\/www.facebook.com\/PlymouthBrethrenChristianChurch\",\"https:\/\/www.youtube.com\/channel\/UC76fGueDJBbLvhs988yTBXQ\",\"https:\/\/www.pinterest.com.au\/plymouthbcc\/\"]}]}<\/script>\n<!-- \/ Yoast SEO plugin. -->","yoast_head_json":{"title":"Allgemeine Gesch\u00e4ftsbedingungen | Plymouth Brethren Christian Church","description":"Visit the Allgemeine Gesch\u00e4ftsbedingungen page on the website of the Plymouth Brethren Christian Church, a Christian fellowship based on the Holy Bible as the Word of God.","robots":{"index":"index","follow":"follow","max-snippet":"max-snippet:-1","max-image-preview":"max-image-preview:large","max-video-preview":"max-video-preview:-1"},"canonical":"https:\/\/www.plymouthbrethrenchristianchurch.org\/de\/nutzungsbedingungen\/","og_locale":"de_DE","og_type":"article","og_title":"Allgemeine Gesch\u00e4ftsbedingungen | Plymouth Brethren Christian Church","og_description":"Visit the Allgemeine Gesch\u00e4ftsbedingungen page on the website of the Plymouth Brethren Christian Church, a Christian fellowship based on the Holy Bible as the Word of God.","og_url":"https:\/\/www.plymouthbrethrenchristianchurch.org\/de\/nutzungsbedingungen\/","og_site_name":"Plymouth Brethren Christian Church","article_publisher":"https:\/\/www.facebook.com\/PlymouthBrethrenChristianChurch","article_modified_time":"2025-06-17T15:09:04+00:00","twitter_card":"summary_large_image","schema":{"@context":"https:\/\/schema.org","@graph":[{"@type":"WebPage","@id":"https:\/\/www.plymouthbrethrenchristianchurch.org\/de\/nutzungsbedingungen\/","url":"https:\/\/www.plymouthbrethrenchristianchurch.org\/de\/nutzungsbedingungen\/","name":"Allgemeine Gesch\u00e4ftsbedingungen | Plymouth Brethren Christian Church","isPartOf":{"@id":"https:\/\/www.plymouthbrethrenchristianchurch.org\/#website"},"datePublished":"2020-05-21T15:24:09+00:00","dateModified":"2025-06-17T15:09:04+00:00","description":"Visit the Allgemeine Gesch\u00e4ftsbedingungen page on the website of the Plymouth Brethren Christian Church, a Christian fellowship based on the Holy Bible as the Word of God.","breadcrumb":{"@id":"https:\/\/www.plymouthbrethrenchristianchurch.org\/de\/nutzungsbedingungen\/#breadcrumb"},"inLanguage":"de","potentialAction":[{"@type":"ReadAction","target":["https:\/\/www.plymouthbrethrenchristianchurch.org\/de\/nutzungsbedingungen\/"]}]},{"@type":"BreadcrumbList","@id":"https:\/\/www.plymouthbrethrenchristianchurch.org\/de\/nutzungsbedingungen\/#breadcrumb","itemListElement":[{"@type":"ListItem","position":1,"name":"Home","item":"https:\/\/www.plymouthbrethrenchristianchurch.org\/de\/startseite\/"},{"@type":"ListItem","position":2,"name":"Allgemeine Gesch\u00e4ftsbedingungen"}]},{"@type":"WebSite","@id":"https:\/\/www.plymouthbrethrenchristianchurch.org\/#website","url":"https:\/\/www.plymouthbrethrenchristianchurch.org\/","name":"Plymouth Brethren Christian Church","description":"","publisher":{"@id":"https:\/\/www.plymouthbrethrenchristianchurch.org\/#organization"},"potentialAction":[{"@type":"SearchAction","target":{"@type":"EntryPoint","urlTemplate":"https:\/\/www.plymouthbrethrenchristianchurch.org\/?s={search_term_string}"},"query-input":{"@type":"PropertyValueSpecification","valueRequired":true,"valueName":"search_term_string"}}],"inLanguage":"de"},{"@type":"Organization","@id":"https:\/\/www.plymouthbrethrenchristianchurch.org\/#organization","name":"Plymouth Brethren Christian Church","url":"https:\/\/www.plymouthbrethrenchristianchurch.org\/","logo":{"@type":"ImageObject","inLanguage":"de","@id":"https:\/\/www.plymouthbrethrenchristianchurch.org\/#\/schema\/logo\/image\/","url":"https:\/\/www.plymouthbrethrenchristianchurch.org\/wp-content\/uploads\/2020\/05\/site-logo.svg","contentUrl":"https:\/\/www.plymouthbrethrenchristianchurch.org\/wp-content\/uploads\/2020\/05\/site-logo.svg","caption":"Plymouth Brethren Christian Church"},"image":{"@id":"https:\/\/www.plymouthbrethrenchristianchurch.org\/#\/schema\/logo\/image\/"},"sameAs":["https:\/\/www.facebook.com\/PlymouthBrethrenChristianChurch","https:\/\/www.youtube.com\/channel\/UC76fGueDJBbLvhs988yTBXQ","https:\/\/www.pinterest.com.au\/plymouthbcc\/"]}]}},"_links":{"self":[{"href":"https:\/\/www.plymouthbrethrenchristianchurch.org\/de\/wp-json\/wp\/v2\/pages\/2926"}],"collection":[{"href":"https:\/\/www.plymouthbrethrenchristianchurch.org\/de\/wp-json\/wp\/v2\/pages"}],"about":[{"href":"https:\/\/www.plymouthbrethrenchristianchurch.org\/de\/wp-json\/wp\/v2\/types\/page"}],"author":[{"embeddable":true,"href":"https:\/\/www.plymouthbrethrenchristianchurch.org\/de\/wp-json\/wp\/v2\/users\/2"}],"replies":[{"embeddable":true,"href":"https:\/\/www.plymouthbrethrenchristianchurch.org\/de\/wp-json\/wp\/v2\/comments?post=2926"}],"version-history":[{"count":5,"href":"https:\/\/www.plymouthbrethrenchristianchurch.org\/de\/wp-json\/wp\/v2\/pages\/2926\/revisions"}],"predecessor-version":[{"id":8005,"href":"https:\/\/www.plymouthbrethrenchristianchurch.org\/de\/wp-json\/wp\/v2\/pages\/2926\/revisions\/8005"}],"wp:attachment":[{"href":"https:\/\/www.plymouthbrethrenchristianchurch.org\/de\/wp-json\/wp\/v2\/media?parent=2926"}],"curies":[{"name":"wp","href":"https:\/\/api.w.org\/{rel}","templated":true}]}}