{"id":2931,"date":"2020-05-22T01:42:21","date_gmt":"2020-05-21T15:42:21","guid":{"rendered":"https:\/\/www.plymouthbrethrenchristianchurch.org\/datenschutz\/"},"modified":"2025-06-18T01:09:15","modified_gmt":"2025-06-17T15:09:15","slug":"datenschutz","status":"publish","type":"page","link":"https:\/\/www.plymouthbrethrenchristianchurch.org\/de\/datenschutz\/","title":{"rendered":"Datenschutz"},"content":{"rendered":"","protected":false},"excerpt":{"rendered":"","protected":false},"author":2,"featured_media":0,"parent":0,"menu_order":16,"comment_status":"closed","ping_status":"closed","template":"page-templates\/acf-flexible-content.php","meta":{"_acf_changed":false,"_relevanssi_hide_post":"","_relevanssi_hide_content":"","_relevanssi_pin_for_all":"","_relevanssi_pin_keywords":"","_relevanssi_unpin_keywords":"","_relevanssi_related_keywords":"","_relevanssi_related_include_ids":"","_relevanssi_related_exclude_ids":"","_relevanssi_related_no_append":"","_relevanssi_related_not_related":"","_relevanssi_related_posts":"","_relevanssi_noindex_reason":"","inline_featured_image":false,"footnotes":""},"class_list":["post-2931","page","type-page","status-publish","hentry"],"acf":{"post_page_video":"","content":[{"acf_fc_layout":"page_header_with_links","override_title":false,"custom_title":"Testtitel","intro_text":"<p>Plymouth Brethren Christian Church ACN 158 542 075 Datenschutzerkl\u00e4rung<\/p>\n","enable_button":true,"button":{"button_text":"","button_url":"","open_in_new_tab":false,"button_class":""},"link_source":"menu","select_a_menu":{"value":"41","label":"Kontakt"},"menu_title":"Links","custom_links":false,"header_styles":{"":null,"background_colour":"#515151","background_image":1848,"text_colour":"white"},"row_class":""},{"acf_fc_layout":"module_section","row":[{"column_gap":"6","column":[{"module":[{"acf_fc_layout":"rich_media_block","image":false,"header":{"":null,"title":"","heading_level":"h2","header_styles":{"":null,"background_colour":"","background_image":false,"text_colour":"orange"},"make_separator":false},"content":"<p><strong>Plymouth Brethren Christian Church ACN 158 542 075 (bezeichnet als PBCC, wir oder unsere) verpflichtet sich zum Schutz Ihrer personenbezogenen Daten in \u00dcbereinstimmung mit den australischen Datenschutzgrunds\u00e4tzen, die im Privacy Act 1988 (Cth) festgelegt sind.<\/strong><\/p>\n<p>Diese Datenschutzrichtlinie beschreibt die Art und Weise, in der PBCC personenbezogene Daten sammelt, aufnimmt und verwendet. Wenn Sie Fragen zu dieser Datenschutzrichtlinie stellen m\u00f6chten, wenden Sie sich bitte auf eine der in Ziffer 9.1 genannten M\u00f6glichkeiten an den Datenschutzbeauftragten von PBCC.<\/p>\n<p>PBCC kann diese Datenschutzrichtlinie von Zeit zu Zeit \u00fcberpr\u00fcfen und aktualisieren, einschlie\u00dflich neuer Gesetze, Vorschriften und Technologien. Alle personenbezogenen Daten, die sich im Besitz von PBCC befinden, unterliegen der neuesten Datenschutzrichtlinie, die auf unserer Website ver\u00f6ffentlicht wurde, www.plymouthbrethrenchristianchurch.org Unsere neueste Datenschutzrichtlinie gilt f\u00fcr die Erfassung, Verwendung und Offenlegung personenbezogener Daten.<\/p>\n<p><strong>1. Was sind &#8222;Pers\u00f6nliche Daten&#8220;<\/strong><\/p>\n<p>1.1 &#8222;Pers\u00f6nliche Daten&#8220; sind alle Informationen oder Meinungen \u00fcber eine Person, ob wahr oder nicht, aus denen diese Person identifiziert werden kann.<\/p>\n<p><strong>2. Wann erfassen wir personenbezogene Daten?<\/strong><\/p>\n<p>2.1 PBCC erhebt personenbezogene Daten, um seine Funktionen zu erf\u00fcllen, Dienstleistungen zu erbringen und seine Produkte zu vermarkten. PBCC kann personenbezogene Daten wie Ihren Namen, Ihre Kontaktdaten (einschlie\u00dflich pers\u00f6nlicher oder berufst\u00e4tiger Daten) und Ihre T\u00e4tigkeit erfassen, wenn Sie unsere Website besuchen oder uns telefonisch, per Fax, E-Mail, Post oder Ausf\u00fcllen des Kontaktformulars auf unserer Website kontaktieren.<\/p>\n<p>2.2 PBCC kann auch personenbezogene Daten \u00fcber Sie \u00fcber Dritte wie Gesch\u00e4ftspartner erfassen. PBCC wird Ihre personenbezogenen Daten jedoch nur auf diese Weise erfassen, wenn es nicht sinnvoll oder praktikabel ist, diese Informationen direkt von Ihnen zu erfassen.<\/p>\n<p><strong>3. Informationen, die \u00fcber unsere Website gesammelt werden<\/strong><\/p>\n<p>3.1 PBCC erhebt keine personenbezogenen Daten \u00fcber Nutzer unserer Website, es sei denn, sie stellen sie wissentlich zur Verf\u00fcgung oder wie unten anders beschrieben. Beispielsweise sammelt PBCC personenbezogene Daten von Nutzern unserer Website, wenn diese uns kontaktieren, indem sie das Anfrageformular auf unserer Website ausf\u00fcllen.<\/p>\n<p><strong>Klicken Sie auf Daten streamen<\/strong><\/p>\n<p>3.2 Wenn Sie unsere Website besuchen und durchsuchen, kann der Website-Host von PBCC personenbezogene Daten zu statistischen, Berichts- und Wartungszwecken sammeln.<\/p>\n<p>3.3 Vorbehaltlich Ziffer 3.8 werden die von unserem Website-Host erhobenen personenbezogenen Daten nicht zur Identifizierung von Ihnen verwendet. Die Informationen k\u00f6nnen Folgendes umfassen:<\/p>\n<ul>\n<li>die Anzahl der Nutzer, die unsere Website besuchen, und die Anzahl der aufgerufenen Seiten;<\/li>\n<li>Datum, Uhrzeit und Dauer eines Besuchs;<\/li>\n<li>die IP-Adresse Ihres Computers; Oder<\/li>\n<li>den Weg, den wir durch unsere Website gehen.<\/li>\n<\/ul>\n<p>3.4 Der Website-Host von PBCC verwendet diese Informationen, um die Leistung unserer Website zu verwalten und zu verbessern.<\/p>\n<p><strong>Cookies<\/strong><\/p>\n<p>3.5 Cookies sind kleine Textdateien, die von einer Website auf die Festplatte eines Benutzers \u00fcbertragen werden, um Informationen \u00fcber die Identit\u00e4t, den Browsertyp oder die Besuchermuster der Website zu speichern.<\/p>\n<p>3.6 Wenn Sie auf unsere Website zugreifen, wird ein Cookie auf die Festplatte Ihres Computers heruntergeladen, wenn Sie sich zum ersten Mal auf unserer Website anmelden.<\/p>\n<p>3.7 Sie k\u00f6nnen Ihren Internetbrowser so einstellen, dass Cookies deaktiviert werden, PBCC kann Ihnen jedoch m\u00f6glicherweise nicht alle Dienste oder Funktionen zur Verf\u00fcgung stellen, die Sie auf unserer Website ben\u00f6tigen, wenn Sie dies w\u00fcnschen.<\/p>\n<p><strong>Web Beacons<\/strong><\/p>\n<p>3.8 Web Beacons sind Bilder, die von einer Drittanbieter-Website stammen, um Besucheraktivit\u00e4ten zu verfolgen. PBCC verwendet derzeit keine Web-Beacons, um die Besuchsmuster von Personen zu verfolgen, die auf unsere Website zugreifen.<\/p>\n<p><strong>4. Wie PBCC die personenbezogenen Daten verwendet, die es \u00fcber Sie sammelt<\/strong><\/p>\n<p>4.1 PBCC verwendet die personenbezogenen Daten, die es \u00fcber Sie erhebt, f\u00fcr unsere Funktionen und Aktivit\u00e4ten, die Folgendes umfassen k\u00f6nnen:<\/p>\n<ul>\n<li>Ihre Beteiligung an PBCC zu etablieren und aufrechtzuerhalten;<\/li>\n<li>um Ihnen Informationen, Produkte oder Dienstleistungen zur Verf\u00fcgung zu stellen, die Sie angefordert haben;<\/li>\n<li>um unsere Produkte und Dienstleistungen f\u00fcr Sie zu bewerben;<\/li>\n<li>um Ihre Erfahrungen mit unserer Website zu personalisieren und anzupassen;<\/li>\n<li>um Sie f\u00fcr Veranstaltungen, Konferenzen oder Aktionen zu registrieren;<\/li>\n<li>um PBCC dabei zu helfen, unsere Website, Dienstleistungen und Produkte f\u00fcr unsere Mitglieder und die breitere Gemeinschaft wertvoller zu machen;<\/li>\n<li>um mit Ihnen zu kommunizieren;<\/li>\n<li>um Ihnen fortlaufende Informationen \u00fcber PBCC zur Verf\u00fcgung zu stellen, an denen PBCC glaubt, dass Sie daran interessiert sein k\u00f6nnten;<\/li>\n<li>um Ihnen von Zeit zu Zeit die M\u00f6glichkeit zu geben, E-Mails und E-Newsletter von PBCC zu erhalten.<\/li>\n<\/ul>\n<p>4.2 PBCC kann Ihre personenbezogenen Daten f\u00fcr andere, nicht oben aufgef\u00fchrte Zwecke erheben und verwenden. Wenn wir dies tun, werden wir es Ihnen zum Zeitpunkt der Erhebung und\/oder Nutzung Ihrer personenbezogenen Daten mitvernehmen.<\/p>\n<p>4.3 PBCC erhebt und verwendet Ihre personenbezogenen Daten nur in \u00dcbereinstimmung mit dieser Datenschutzrichtlinie.<\/p>\n<p>4.4 Wenn Sie sich entscheiden, PBCC Ihre personenbezogenen Daten nicht f\u00fcr die in dieser Datenschutzrichtlinie dargelegten Zwecke zur Verf\u00fcgung zu stellen, sind wir m\u00f6glicherweise nicht in der Lage, Ihnen angeforderte Informationen, Produkte oder Dienstleistungen zur Verf\u00fcgung zu stellen.<\/p>\n<p><strong>5. An wen wir Ihre personenbezogenen Daten weitergeben<\/strong><\/p>\n<p>5.1 Je nach Art Ihres Engagements bei PBCC k\u00f6nnen wir Ihre personenbezogenen Daten an verbundene Stellen von PBCC, Dritte, die PBCC Oder direkt an Sie (auf Ihren Wunsch), Erf\u00fcllungsh\u00e4user, Distributoren und andere Dritte wie Ihre Schiedsrichter, liefern, weitergeben.<\/p>\n<p>5.2 PBCC kann Ihre personenbezogenen Daten auch unter bestimmten begrenzten Umst\u00e4nden an unseren Website-Host oder Anbieter von Softwareanwendungen weitergeben, z. B. wenn unsere Website ein technisches Problem hat oder um sicherzustellen, dass sie effektiv und sicher funktioniert.<\/p>\n<p>5.3 PBCC kann Ihre personenbezogenen Daten ausschlie\u00dflich zu den in dieser Datenschutzrichtlinie dargelegten Zwecken an Unternehmen weitergeben, die sich im Ausland befinden. PBCC kann Ihre personenbezogenen Daten ausschlie\u00dflich zu den in dieser Datenschutzrichtlinie dargelegten Zwecken an Organisationen weitergeben, die sich im Ausland befinden, sofern eine solche Offenlegung nach den australischen Datenschutzgrunds\u00e4tzen zul\u00e4ssig ist. Die australischen Datenschutzgrunds\u00e4tze erlauben die Offenlegung einer Person in einem fremden Land, in der PBCC vern\u00fcnftigerweise der Ansicht ist, dass der Empf\u00e4nger der Informationen einem verbindlichen System oder einem Vertrag unterliegt, der die Grunds\u00e4tze f\u00fcr den fairen Umgang mit den Informationen, die den australischen Datenschutzgrunds\u00e4tzen im Wesentlichen \u00e4hneln, wirksam einh\u00e4lt. Die l\u00e4nderfremden L\u00e4nder, in denen Informationen offengelegt werden k\u00f6nnen, sind wahrscheinlich Neuseeland, die USA, das Vereinigte K\u00f6nigreich, Kanada, Argentinien und die Karibik.<\/p>\n<p><strong>6. Marketing<\/strong><\/p>\n<p>6.1 PBCC kann Ihre personenbezogenen Daten verwenden, um Ihnen Werbematerial \u00fcber PBCC oder die von PBCC angebotenen Dienstleistungen und Produkte zur Verf\u00fcgung zu stellen. Wenn Sie keine Werbeinformationen erhalten m\u00f6chten, k\u00f6nnen Sie sich auf eine der in Ziffer 9.1 genannten M\u00f6glichkeiten an unseren Datenschutzbeauftragten wenden, damit Ihr Name aus unseren Kontaktlisten entfernt werden kann.<\/p>\n<p>6.2 Sofern in dieser Datenschutzrichtlinie nichts anderes angegeben ist, werden PBCC oder der Website-Host von PBCC Ihre personenbezogenen Daten nicht an andere Organisationen weitergeben, es sei denn, die Offenlegung ist gesetzlich vorgeschrieben oder anderweitig durch die australischen Datenschutzgrunds\u00e4tze zul\u00e4ssig.<\/p>\n<p><strong>7. Herausfinden, welche personenbezogenen Daten PBCC \u00fcber Sie enth\u00e4lt<\/strong><\/p>\n<p>7.1 Sie haben das Recht, auf personenbezogene Daten zuzugreifen, die PBCC \u00fcber Sie besitzt. Wenn Sie Zugriff auf Ihre personenbezogenen Daten beantragen, gew\u00e4hren wir Ihrer Anfrage, es sei denn, die Gew\u00e4hrung des Zugriffs auf Sie w\u00fcrde die Privatsph\u00e4re anderer unangemessen beeintr\u00e4chtigen oder ist nach den australischen Datenschutzgrunds\u00e4tzen anderweitig nicht gestattet. Wenn PBCC Ihre Anfrage auf Zugang zu Ihren personenbezogenen Daten ablehnt, wird es Ihnen Gr\u00fcnde f\u00fcr die Ablehnung liefern.<\/p>\n<p>7.2 Ein Antrag auf Zugang kann gestellt werden, indem Sie den Datenschutzbeauftragten von PBCC auf eine der in Ziffer 9.1 genannten M\u00f6glichkeiten kontaktieren.<\/p>\n<p><strong>8. Aktualisierung, Speicherung und Sicherheit personenbezogener Daten im Besitz von PBCC<\/strong><\/p>\n<p>8.1 PBCC zielt darauf ab, Ihre personenbezogenen Daten sicher und auf dem neuesten Stand zu halten. Alle personenbezogenen Daten, die \u00fcber unsere Website erfasst werden oder die auf den Computersystemen von PBCC gespeichert sind, sind durch Sicherheitsvorkehrungen wie physische, technische (z. B. Firewalls, SSL-Verschl\u00fcsselungen f\u00fcr die Daten\u00fcbertragung usw.) und Verfahrensmethoden gesch\u00fctzt.<\/p>\n<p>8.2 Personenbezogene Daten, die sich in Papierform bei PBCC befinden, werden sicher in ihren R\u00e4umlichkeiten gespeichert und nur f\u00fcr die in dieser Datenschutzrichtlinie beschriebenen Zwecke offengelegt oder verwendet.<\/p>\n<p>8.3 Sie k\u00f6nnen Ihre Kontakt- und personenbezogenen Daten jederzeit aktualisieren, indem Sie sich auf eine der in Ziffer 9.1 genannten M\u00f6glichkeiten an unseren Datenschutzbeauftragten wenden. Wenn wir feststellen, dass wir ihre personenbezogenen Daten nicht mehr ben\u00f6tigen, werden wir sie aus unserem System entfernen und alle Aufzeichnungen davon vernichten. PBCC begr\u00fc\u00dft alle \u00c4nderungen an Ihren Daten, um unsere Aufzeichnungen auf dem neuesten Stand zu halten.<\/p>\n<p><strong>9. Was tun, wenn Sie eine Frage, ein Problem oder eine Beschwerde \u00fcber unsere Verwendung Ihrer personenbezogenen Daten haben?<\/strong><\/p>\n<p>9.1 Wenn Sie der Meinung sind, dass Ihre Privatsph\u00e4re nicht respektiert wurde oder pbCC sich in Bezug auf Ihre personenbezogenen Daten oder f\u00fcr andere Fragen oder Mitteilungen in Bezug auf diese Datenschutzrichtlinie in keiner Mitarbeit mit dieser Datenschutzrichtlinie durchgef\u00fchrt hat, kontaktieren Sie <a href=\"https:\/\/www.plymouthbrethrenchristianchurch.org\/contact\/\">uns<\/a>bitte .<\/p>\n","enable_button":true,"button":{"button_text":"","button_url":"","open_in_new_tab":false,"button_class":""},"class":""}],"columns_sm":"8","columns_md":"none","columns_lg":"8"},{"module":false,"columns_sm":"4","columns_md":"none","columns_lg":"4"}],"row_class":"","module_padding":{"":null,"padding_top_xs":"","padding_bottom_xs":"","padding_left_xs":"","padding_right_xs":"","padding_top_md":"","padding_bottom_md":"","padding_left_md":"","padding_right_md":"","padding_top_lg":"","padding_bottom_lg":"","padding_left_lg":"","padding_right_lg":""},"module_margin":{"":null,"margin_top_xs":"","margin_bottom_xs":"","margin_left_xs":"","margin_right_xs":"","margin_top_md":"","margin_bottom_md":"","margin_left_md":"","margin_right_md":"","margin_top_lg":"","margin_bottom_lg":"","margin_left_lg":"","margin_right_lg":""}}],"section_heading":"","section_class":"","module_padding":{"":null,"padding_top_xs":"","padding_bottom_xs":"","padding_left_xs":"","padding_right_xs":"","padding_top_md":"","padding_bottom_md":"","padding_left_md":"","padding_right_md":"","padding_top_lg":"","padding_bottom_lg":"","padding_left_lg":"","padding_right_lg":""},"module_margin":{"":null,"margin_top_xs":"","margin_bottom_xs":"","margin_left_xs":"","margin_right_xs":"","margin_top_md":"","margin_bottom_md":"","margin_left_md":"","margin_right_md":"","margin_top_lg":"","margin_bottom_lg":"","margin_left_lg":"","margin_right_lg":""}}]},"yoast_head":"<!-- This site is optimized with the Yoast SEO plugin v25.2 - https:\/\/yoast.com\/wordpress\/plugins\/seo\/ -->\n<title>Datenschutz | Plymouth Brethren Christian Church<\/title>\n<meta name=\"description\" content=\"Visit the Datenschutz page on the website of the Plymouth Brethren Christian Church, a Christian fellowship based on the Holy Bible as the Word of God.\" \/>\n<meta name=\"robots\" content=\"index, follow, max-snippet:-1, max-image-preview:large, max-video-preview:-1\" \/>\n<link rel=\"canonical\" href=\"https:\/\/www.plymouthbrethrenchristianchurch.org\/de\/datenschutz\/\" \/>\n<meta property=\"og:locale\" content=\"de_DE\" \/>\n<meta property=\"og:type\" content=\"article\" \/>\n<meta property=\"og:title\" content=\"Datenschutz | Plymouth Brethren Christian Church\" \/>\n<meta property=\"og:description\" content=\"Visit the Datenschutz page on the website of the Plymouth Brethren Christian Church, a Christian fellowship based on the Holy Bible as the Word of God.\" \/>\n<meta property=\"og:url\" content=\"https:\/\/www.plymouthbrethrenchristianchurch.org\/de\/datenschutz\/\" \/>\n<meta property=\"og:site_name\" content=\"Plymouth Brethren Christian Church\" \/>\n<meta property=\"article:publisher\" content=\"https:\/\/www.facebook.com\/PlymouthBrethrenChristianChurch\" \/>\n<meta property=\"article:modified_time\" content=\"2025-06-17T15:09:15+00:00\" \/>\n<meta name=\"twitter:card\" content=\"summary_large_image\" \/>\n<script type=\"application\/ld+json\" class=\"yoast-schema-graph\">{\"@context\":\"https:\/\/schema.org\",\"@graph\":[{\"@type\":\"WebPage\",\"@id\":\"https:\/\/www.plymouthbrethrenchristianchurch.org\/de\/datenschutz\/\",\"url\":\"https:\/\/www.plymouthbrethrenchristianchurch.org\/de\/datenschutz\/\",\"name\":\"Datenschutz | Plymouth Brethren Christian Church\",\"isPartOf\":{\"@id\":\"https:\/\/www.plymouthbrethrenchristianchurch.org\/#website\"},\"datePublished\":\"2020-05-21T15:42:21+00:00\",\"dateModified\":\"2025-06-17T15:09:15+00:00\",\"description\":\"Visit the Datenschutz page on the website of the Plymouth Brethren Christian Church, a Christian fellowship based on the Holy Bible as the Word of God.\",\"breadcrumb\":{\"@id\":\"https:\/\/www.plymouthbrethrenchristianchurch.org\/de\/datenschutz\/#breadcrumb\"},\"inLanguage\":\"de\",\"potentialAction\":[{\"@type\":\"ReadAction\",\"target\":[\"https:\/\/www.plymouthbrethrenchristianchurch.org\/de\/datenschutz\/\"]}]},{\"@type\":\"BreadcrumbList\",\"@id\":\"https:\/\/www.plymouthbrethrenchristianchurch.org\/de\/datenschutz\/#breadcrumb\",\"itemListElement\":[{\"@type\":\"ListItem\",\"position\":1,\"name\":\"Home\",\"item\":\"https:\/\/www.plymouthbrethrenchristianchurch.org\/de\/startseite\/\"},{\"@type\":\"ListItem\",\"position\":2,\"name\":\"Datenschutz\"}]},{\"@type\":\"WebSite\",\"@id\":\"https:\/\/www.plymouthbrethrenchristianchurch.org\/#website\",\"url\":\"https:\/\/www.plymouthbrethrenchristianchurch.org\/\",\"name\":\"Plymouth Brethren Christian Church\",\"description\":\"\",\"publisher\":{\"@id\":\"https:\/\/www.plymouthbrethrenchristianchurch.org\/#organization\"},\"potentialAction\":[{\"@type\":\"SearchAction\",\"target\":{\"@type\":\"EntryPoint\",\"urlTemplate\":\"https:\/\/www.plymouthbrethrenchristianchurch.org\/?s={search_term_string}\"},\"query-input\":{\"@type\":\"PropertyValueSpecification\",\"valueRequired\":true,\"valueName\":\"search_term_string\"}}],\"inLanguage\":\"de\"},{\"@type\":\"Organization\",\"@id\":\"https:\/\/www.plymouthbrethrenchristianchurch.org\/#organization\",\"name\":\"Plymouth Brethren Christian Church\",\"url\":\"https:\/\/www.plymouthbrethrenchristianchurch.org\/\",\"logo\":{\"@type\":\"ImageObject\",\"inLanguage\":\"de\",\"@id\":\"https:\/\/www.plymouthbrethrenchristianchurch.org\/#\/schema\/logo\/image\/\",\"url\":\"https:\/\/www.plymouthbrethrenchristianchurch.org\/wp-content\/uploads\/2020\/05\/site-logo.svg\",\"contentUrl\":\"https:\/\/www.plymouthbrethrenchristianchurch.org\/wp-content\/uploads\/2020\/05\/site-logo.svg\",\"caption\":\"Plymouth Brethren Christian Church\"},\"image\":{\"@id\":\"https:\/\/www.plymouthbrethrenchristianchurch.org\/#\/schema\/logo\/image\/\"},\"sameAs\":[\"https:\/\/www.facebook.com\/PlymouthBrethrenChristianChurch\",\"https:\/\/www.youtube.com\/channel\/UC76fGueDJBbLvhs988yTBXQ\",\"https:\/\/www.pinterest.com.au\/plymouthbcc\/\"]}]}<\/script>\n<!-- \/ Yoast SEO plugin. -->","yoast_head_json":{"title":"Datenschutz | Plymouth Brethren Christian Church","description":"Visit the Datenschutz page on the website of the Plymouth Brethren Christian Church, a Christian fellowship based on the Holy Bible as the Word of God.","robots":{"index":"index","follow":"follow","max-snippet":"max-snippet:-1","max-image-preview":"max-image-preview:large","max-video-preview":"max-video-preview:-1"},"canonical":"https:\/\/www.plymouthbrethrenchristianchurch.org\/de\/datenschutz\/","og_locale":"de_DE","og_type":"article","og_title":"Datenschutz | Plymouth Brethren Christian Church","og_description":"Visit the Datenschutz page on the website of the Plymouth Brethren Christian Church, a Christian fellowship based on the Holy Bible as the Word of God.","og_url":"https:\/\/www.plymouthbrethrenchristianchurch.org\/de\/datenschutz\/","og_site_name":"Plymouth Brethren Christian Church","article_publisher":"https:\/\/www.facebook.com\/PlymouthBrethrenChristianChurch","article_modified_time":"2025-06-17T15:09:15+00:00","twitter_card":"summary_large_image","schema":{"@context":"https:\/\/schema.org","@graph":[{"@type":"WebPage","@id":"https:\/\/www.plymouthbrethrenchristianchurch.org\/de\/datenschutz\/","url":"https:\/\/www.plymouthbrethrenchristianchurch.org\/de\/datenschutz\/","name":"Datenschutz | Plymouth Brethren Christian Church","isPartOf":{"@id":"https:\/\/www.plymouthbrethrenchristianchurch.org\/#website"},"datePublished":"2020-05-21T15:42:21+00:00","dateModified":"2025-06-17T15:09:15+00:00","description":"Visit the Datenschutz page on the website of the Plymouth Brethren Christian Church, a Christian fellowship based on the Holy Bible as the Word of God.","breadcrumb":{"@id":"https:\/\/www.plymouthbrethrenchristianchurch.org\/de\/datenschutz\/#breadcrumb"},"inLanguage":"de","potentialAction":[{"@type":"ReadAction","target":["https:\/\/www.plymouthbrethrenchristianchurch.org\/de\/datenschutz\/"]}]},{"@type":"BreadcrumbList","@id":"https:\/\/www.plymouthbrethrenchristianchurch.org\/de\/datenschutz\/#breadcrumb","itemListElement":[{"@type":"ListItem","position":1,"name":"Home","item":"https:\/\/www.plymouthbrethrenchristianchurch.org\/de\/startseite\/"},{"@type":"ListItem","position":2,"name":"Datenschutz"}]},{"@type":"WebSite","@id":"https:\/\/www.plymouthbrethrenchristianchurch.org\/#website","url":"https:\/\/www.plymouthbrethrenchristianchurch.org\/","name":"Plymouth Brethren Christian Church","description":"","publisher":{"@id":"https:\/\/www.plymouthbrethrenchristianchurch.org\/#organization"},"potentialAction":[{"@type":"SearchAction","target":{"@type":"EntryPoint","urlTemplate":"https:\/\/www.plymouthbrethrenchristianchurch.org\/?s={search_term_string}"},"query-input":{"@type":"PropertyValueSpecification","valueRequired":true,"valueName":"search_term_string"}}],"inLanguage":"de"},{"@type":"Organization","@id":"https:\/\/www.plymouthbrethrenchristianchurch.org\/#organization","name":"Plymouth Brethren Christian Church","url":"https:\/\/www.plymouthbrethrenchristianchurch.org\/","logo":{"@type":"ImageObject","inLanguage":"de","@id":"https:\/\/www.plymouthbrethrenchristianchurch.org\/#\/schema\/logo\/image\/","url":"https:\/\/www.plymouthbrethrenchristianchurch.org\/wp-content\/uploads\/2020\/05\/site-logo.svg","contentUrl":"https:\/\/www.plymouthbrethrenchristianchurch.org\/wp-content\/uploads\/2020\/05\/site-logo.svg","caption":"Plymouth Brethren Christian Church"},"image":{"@id":"https:\/\/www.plymouthbrethrenchristianchurch.org\/#\/schema\/logo\/image\/"},"sameAs":["https:\/\/www.facebook.com\/PlymouthBrethrenChristianChurch","https:\/\/www.youtube.com\/channel\/UC76fGueDJBbLvhs988yTBXQ","https:\/\/www.pinterest.com.au\/plymouthbcc\/"]}]}},"_links":{"self":[{"href":"https:\/\/www.plymouthbrethrenchristianchurch.org\/de\/wp-json\/wp\/v2\/pages\/2931"}],"collection":[{"href":"https:\/\/www.plymouthbrethrenchristianchurch.org\/de\/wp-json\/wp\/v2\/pages"}],"about":[{"href":"https:\/\/www.plymouthbrethrenchristianchurch.org\/de\/wp-json\/wp\/v2\/types\/page"}],"author":[{"embeddable":true,"href":"https:\/\/www.plymouthbrethrenchristianchurch.org\/de\/wp-json\/wp\/v2\/users\/2"}],"replies":[{"embeddable":true,"href":"https:\/\/www.plymouthbrethrenchristianchurch.org\/de\/wp-json\/wp\/v2\/comments?post=2931"}],"version-history":[{"count":5,"href":"https:\/\/www.plymouthbrethrenchristianchurch.org\/de\/wp-json\/wp\/v2\/pages\/2931\/revisions"}],"predecessor-version":[{"id":8010,"href":"https:\/\/www.plymouthbrethrenchristianchurch.org\/de\/wp-json\/wp\/v2\/pages\/2931\/revisions\/8010"}],"wp:attachment":[{"href":"https:\/\/www.plymouthbrethrenchristianchurch.org\/de\/wp-json\/wp\/v2\/media?parent=2931"}],"curies":[{"name":"wp","href":"https:\/\/api.w.org\/{rel}","templated":true}]}}