{"id":2941,"date":"2020-05-22T01:51:23","date_gmt":"2020-05-21T15:51:23","guid":{"rendered":"https:\/\/www.plymouthbrethrenchristianchurch.org\/cookie-richtlinie\/"},"modified":"2025-06-18T01:09:20","modified_gmt":"2025-06-17T15:09:20","slug":"cookie-richtlinie","status":"publish","type":"page","link":"https:\/\/www.plymouthbrethrenchristianchurch.org\/de\/cookie-richtlinie\/","title":{"rendered":"Cookie-Richtlinie"},"content":{"rendered":"","protected":false},"excerpt":{"rendered":"","protected":false},"author":2,"featured_media":0,"parent":0,"menu_order":18,"comment_status":"closed","ping_status":"closed","template":"page-templates\/acf-flexible-content.php","meta":{"_acf_changed":false,"_relevanssi_hide_post":"","_relevanssi_hide_content":"","_relevanssi_pin_for_all":"","_relevanssi_pin_keywords":"","_relevanssi_unpin_keywords":"","_relevanssi_related_keywords":"","_relevanssi_related_include_ids":"","_relevanssi_related_exclude_ids":"","_relevanssi_related_no_append":"","_relevanssi_related_not_related":"","_relevanssi_related_posts":"","_relevanssi_noindex_reason":"","inline_featured_image":false,"footnotes":""},"class_list":["post-2941","page","type-page","status-publish","hentry"],"acf":{"post_page_video":"","content":[{"acf_fc_layout":"page_header_with_links","override_title":false,"custom_title":"Testtitel","intro_text":"<p>Plymouth Brethren Christian Church ACN 158 542 075 Cookie Policy<\/p>\n","enable_button":true,"button":{"button_text":"","button_url":"","open_in_new_tab":false,"button_class":""},"link_source":"menu","select_a_menu":{"value":"41","label":"Kontakt"},"menu_title":"Links","custom_links":false,"header_styles":{"":null,"background_colour":"#515151","background_image":1848,"text_colour":"white"},"row_class":""},{"acf_fc_layout":"module_section","row":[{"column_gap":"6","column":[{"module":[{"acf_fc_layout":"rich_media_block","image":false,"header":{"":null,"title":"","heading_level":"h2","header_styles":{"":null,"background_colour":"","background_image":false,"text_colour":"orange"},"make_separator":false},"content":"<p><strong>\u00c4hnlich wie bei anderen Websites verwendet unsere Website www.plymouthbrethrenchristianchurch.org (die &#8222;Website&#8220;) eine Technologie namens &#8222;Cookies&#8220; und Webserverprotokolle, um Informationen \u00fcber die Nutzung unserer Website zu sammeln.<\/strong><\/p>\n<p>Diese Richtlinie (&#8222;Cookies-Richtlinie&#8220;) und unsere separaten Nutzungsbedingungen und unsere Datenschutzrichtlinie bilden unsere Website &#8222;Bedingungen&#8220;.<\/p>\n<p><strong>Cookies<\/strong><\/p>\n<p>1. Ein Cookie ist ein sehr kleines Textdokument, das oft eine anonyme eindeutige Kennung enth\u00e4lt. Wenn Sie eine Website besuchen, fragt der Computer dieser Website Ihren Computer um Erlaubnis, diese Datei in einem Teil Ihrer Festplatte zu speichern, der speziell f\u00fcr Cookies bestimmt ist.<\/p>\n<p>2. Informationen, die durch Cookies und Webserverprotokolle gesammelt werden, k\u00f6nnen das Datum und die Uhrzeit der Besuche, die aufgerufenen Seiten, die auf unserer Website verbrachte Zeit und die Websites umfassen, die kurz vor und kurz nach unserer Website besucht wurden.<\/p>\n<p>3. Weitere Informationen zu Cookies finden Sie in www.allaboutcookies.org, wo Sie umfassende Informationen zur Cookie-Beschr\u00e4nkung und Sperrung f\u00fcr eine Vielzahl von Browsern finden.<\/p>\n<p><strong>Wie wir Cookies verwenden<\/strong><\/p>\n<p>1.Wir verwenden sowohl Erst- als auch Drittanbieter-Cookies. Das hei\u00dft, sowohl wir als auch Drittunternehmen (z. B. Google) setzen Cookies \u00fcber diese Website.<\/p>\n<p>2. Wir verwenden &#8222;analytische&#8220; Cookies, die es uns in Verbindung mit den Protokolldateien unseres Webservers erm\u00f6glichen, die Gesamtzahl der Besucher unserer Website zu berechnen und welche Teile der Website am beliebtesten sind. Dies hilft uns, Feedback zu sammeln, damit wir unsere Website verbessern und unsere Nutzer und Kunden besser bedienen k\u00f6nnen.<\/p>\n<p>3. Wir speichern in der Regel keine personenbezogenen Daten, die \u00fcber unsere Cookies gesammelt werden.<\/p>\n<p>4. Eine vollst\u00e4ndige Liste unserer Cookies finden Sie unten.<\/p>\n<p>Durch die Nutzung unserer Website erkl\u00e4ren Sie sich mit der Verwendung der oben beschriebenen Cookies einverstanden.<\/p>\n<p><strong>Ablehnen von Cookies<\/strong><\/p>\n<p>1. Sie k\u00f6nnen Cookies blockieren, indem Sie die Einstellung in Ihrem Browser aktivieren, die es Ihnen erm\u00f6glicht, die Einstellung aller oder einiger Cookies abzulehnen (weitere Informationen finden Sie unten). Bitte beachten Sie, dass Sie, wenn Sie Ihre Browsereinstellungen verwenden, um alle Cookies (einschlie\u00dflich wesentlicher Cookies) zu blockieren, m\u00f6glicherweise nicht auf alle oder Teile unserer Website zugreifen k\u00f6nnen.<\/p>\n<p>2. Sie k\u00f6nnen Cookies auch jederzeit l\u00f6schen, indem Sie die Browsereinstellungen In Ihrem Webbrowser aufrufen.<\/p>\n<p>3. Details zum Anpassen Ihrer Cookie-Einstellungen in den folgenden Browsern finden Sie unter dem entsprechenden Link:<\/p>\n<ul>\n<li><a href=\"https:\/\/support.google.com\/chrome\/answer\/95647?hl=en\">Google Chrome<\/a><\/li>\n<li><a href=\"https:\/\/support.microsoft.com\/en-au\/help\/4468242\/microsoft-edge-browsing-data-and-privacy\">Microsoft Edge<\/a><\/li>\n<li><a href=\"https:\/\/support.mozilla.org\/en-US\/kb\/cookies-information-websites-store-on-your-computer?redirectlocale=en-US&#038;redirectslug=Cookies\">Firefox<\/a><\/li>\n<li><a href=\"https:\/\/support.apple.com\/en-au\/guide\/safari\/sfri11471\/mac\">Safari<\/a><\/li>\n<li><a href=\"https:\/\/support.microsoft.com\/en-us\/help\/17442\/windows-internet-explorer-delete-manage-cookies\">Internet Explorer<\/a> (bitte beachten Sie, dass Microsoft empfiehlt, Internet Explorer auf den neuen Browser Microsoft Edge zu aktualisieren)<\/li>\n<\/ul>\n<p><strong>Unsere Cookies<\/strong><\/p>\n<p>Hier ist eine Liste der von uns verwendeten Cookies, deren Zweck und wie lange sie auf Ihrem Computer verbleiben (es sei denn, Sie l\u00f6schen sie aktiv fr\u00fcher).<\/p>\n<ul>\n<li>Name des Cookies<\/li>\n<li>Zweck \u2013 warum wir oder Dritte das Cookie setzen und was wir mit den gesammelten Informationen tun<\/li>\n<li>Dauer \u2013 Wie lange die Cookies auf Ihrem Computer gespeichert werden<\/li>\n<\/ul>\n<p>1. Google Analytics<\/p>\n<p>Google Analytics-Cookies werden verwendet, um einen Benutzer von einem anderen zu unterscheiden und w\u00e4hrend der Websitesitzung eines einzelnen Benutzers Informationen von Seite zu Seite zu \u00fcbergeben. Google Analytics Tracking (und die meisten Web-Tracking-Software) verwendet Cookies, um aussagekr\u00e4ftige Berichte \u00fcber unsere Website-Besucher zu liefern. Google Analytics-Cookies sammeln jedoch keine personenbezogenen Daten \u00fcber unsere Website-Besucher.<\/p>\n<p>Sitzungscookies haben ein Ablaufzeitintervall von 30 Minuten. Cookies, die verwendet werden, um eindeutige Besucher unserer Website zu bestimmen, verfallen jedoch 2 Jahre nach dem Set\/Update.<\/p>\n","enable_button":true,"button":{"button_text":"","button_url":"","open_in_new_tab":false,"button_class":""},"class":""}],"columns_sm":"8","columns_md":"none","columns_lg":"8"},{"module":false,"columns_sm":"4","columns_md":"none","columns_lg":"4"}],"row_class":"","module_padding":{"":null,"padding_top_xs":"","padding_bottom_xs":"","padding_left_xs":"","padding_right_xs":"","padding_top_md":"","padding_bottom_md":"","padding_left_md":"","padding_right_md":"","padding_top_lg":"","padding_bottom_lg":"","padding_left_lg":"","padding_right_lg":""},"module_margin":{"":null,"margin_top_xs":"","margin_bottom_xs":"","margin_left_xs":"","margin_right_xs":"","margin_top_md":"","margin_bottom_md":"","margin_left_md":"","margin_right_md":"","margin_top_lg":"","margin_bottom_lg":"","margin_left_lg":"","margin_right_lg":""}}],"section_heading":"","section_class":"","module_padding":{"":null,"padding_top_xs":"","padding_bottom_xs":"","padding_left_xs":"","padding_right_xs":"","padding_top_md":"","padding_bottom_md":"","padding_left_md":"","padding_right_md":"","padding_top_lg":"","padding_bottom_lg":"","padding_left_lg":"","padding_right_lg":""},"module_margin":{"":null,"margin_top_xs":"","margin_bottom_xs":"","margin_left_xs":"","margin_right_xs":"","margin_top_md":"","margin_bottom_md":"","margin_left_md":"","margin_right_md":"","margin_top_lg":"","margin_bottom_lg":"","margin_left_lg":"","margin_right_lg":""}}]},"yoast_head":"<!-- This site is optimized with the Yoast SEO plugin v25.2 - https:\/\/yoast.com\/wordpress\/plugins\/seo\/ -->\n<title>Cookie-Richtlinie | Plymouth Brethren Christian Church<\/title>\n<meta name=\"description\" content=\"Visit the Cookie-Richtlinie page on the website of the Plymouth Brethren Christian Church, a Christian fellowship based on the Holy Bible as the Word of God.\" \/>\n<meta name=\"robots\" content=\"index, follow, max-snippet:-1, max-image-preview:large, max-video-preview:-1\" \/>\n<link rel=\"canonical\" href=\"https:\/\/www.plymouthbrethrenchristianchurch.org\/de\/cookie-richtlinie\/\" \/>\n<meta property=\"og:locale\" content=\"de_DE\" \/>\n<meta property=\"og:type\" content=\"article\" \/>\n<meta property=\"og:title\" content=\"Cookie-Richtlinie | Plymouth Brethren Christian Church\" \/>\n<meta property=\"og:description\" content=\"Visit the Cookie-Richtlinie page on the website of the Plymouth Brethren Christian Church, a Christian fellowship based on the Holy Bible as the Word of God.\" \/>\n<meta property=\"og:url\" content=\"https:\/\/www.plymouthbrethrenchristianchurch.org\/de\/cookie-richtlinie\/\" \/>\n<meta property=\"og:site_name\" content=\"Plymouth Brethren Christian Church\" \/>\n<meta property=\"article:publisher\" content=\"https:\/\/www.facebook.com\/PlymouthBrethrenChristianChurch\" \/>\n<meta property=\"article:modified_time\" content=\"2025-06-17T15:09:20+00:00\" \/>\n<meta name=\"twitter:card\" content=\"summary_large_image\" \/>\n<script type=\"application\/ld+json\" class=\"yoast-schema-graph\">{\"@context\":\"https:\/\/schema.org\",\"@graph\":[{\"@type\":\"WebPage\",\"@id\":\"https:\/\/www.plymouthbrethrenchristianchurch.org\/de\/cookie-richtlinie\/\",\"url\":\"https:\/\/www.plymouthbrethrenchristianchurch.org\/de\/cookie-richtlinie\/\",\"name\":\"Cookie-Richtlinie | Plymouth Brethren Christian Church\",\"isPartOf\":{\"@id\":\"https:\/\/www.plymouthbrethrenchristianchurch.org\/#website\"},\"datePublished\":\"2020-05-21T15:51:23+00:00\",\"dateModified\":\"2025-06-17T15:09:20+00:00\",\"description\":\"Visit the Cookie-Richtlinie page on the website of the Plymouth Brethren Christian Church, a Christian fellowship based on the Holy Bible as the Word of God.\",\"breadcrumb\":{\"@id\":\"https:\/\/www.plymouthbrethrenchristianchurch.org\/de\/cookie-richtlinie\/#breadcrumb\"},\"inLanguage\":\"de\",\"potentialAction\":[{\"@type\":\"ReadAction\",\"target\":[\"https:\/\/www.plymouthbrethrenchristianchurch.org\/de\/cookie-richtlinie\/\"]}]},{\"@type\":\"BreadcrumbList\",\"@id\":\"https:\/\/www.plymouthbrethrenchristianchurch.org\/de\/cookie-richtlinie\/#breadcrumb\",\"itemListElement\":[{\"@type\":\"ListItem\",\"position\":1,\"name\":\"Home\",\"item\":\"https:\/\/www.plymouthbrethrenchristianchurch.org\/de\/startseite\/\"},{\"@type\":\"ListItem\",\"position\":2,\"name\":\"Cookie-Richtlinie\"}]},{\"@type\":\"WebSite\",\"@id\":\"https:\/\/www.plymouthbrethrenchristianchurch.org\/#website\",\"url\":\"https:\/\/www.plymouthbrethrenchristianchurch.org\/\",\"name\":\"Plymouth Brethren Christian Church\",\"description\":\"\",\"publisher\":{\"@id\":\"https:\/\/www.plymouthbrethrenchristianchurch.org\/#organization\"},\"potentialAction\":[{\"@type\":\"SearchAction\",\"target\":{\"@type\":\"EntryPoint\",\"urlTemplate\":\"https:\/\/www.plymouthbrethrenchristianchurch.org\/?s={search_term_string}\"},\"query-input\":{\"@type\":\"PropertyValueSpecification\",\"valueRequired\":true,\"valueName\":\"search_term_string\"}}],\"inLanguage\":\"de\"},{\"@type\":\"Organization\",\"@id\":\"https:\/\/www.plymouthbrethrenchristianchurch.org\/#organization\",\"name\":\"Plymouth Brethren Christian Church\",\"url\":\"https:\/\/www.plymouthbrethrenchristianchurch.org\/\",\"logo\":{\"@type\":\"ImageObject\",\"inLanguage\":\"de\",\"@id\":\"https:\/\/www.plymouthbrethrenchristianchurch.org\/#\/schema\/logo\/image\/\",\"url\":\"https:\/\/www.plymouthbrethrenchristianchurch.org\/wp-content\/uploads\/2020\/05\/site-logo.svg\",\"contentUrl\":\"https:\/\/www.plymouthbrethrenchristianchurch.org\/wp-content\/uploads\/2020\/05\/site-logo.svg\",\"caption\":\"Plymouth Brethren Christian Church\"},\"image\":{\"@id\":\"https:\/\/www.plymouthbrethrenchristianchurch.org\/#\/schema\/logo\/image\/\"},\"sameAs\":[\"https:\/\/www.facebook.com\/PlymouthBrethrenChristianChurch\",\"https:\/\/www.youtube.com\/channel\/UC76fGueDJBbLvhs988yTBXQ\",\"https:\/\/www.pinterest.com.au\/plymouthbcc\/\"]}]}<\/script>\n<!-- \/ Yoast SEO plugin. -->","yoast_head_json":{"title":"Cookie-Richtlinie | Plymouth Brethren Christian Church","description":"Visit the Cookie-Richtlinie page on the website of the Plymouth Brethren Christian Church, a Christian fellowship based on the Holy Bible as the Word of God.","robots":{"index":"index","follow":"follow","max-snippet":"max-snippet:-1","max-image-preview":"max-image-preview:large","max-video-preview":"max-video-preview:-1"},"canonical":"https:\/\/www.plymouthbrethrenchristianchurch.org\/de\/cookie-richtlinie\/","og_locale":"de_DE","og_type":"article","og_title":"Cookie-Richtlinie | Plymouth Brethren Christian Church","og_description":"Visit the Cookie-Richtlinie page on the website of the Plymouth Brethren Christian Church, a Christian fellowship based on the Holy Bible as the Word of God.","og_url":"https:\/\/www.plymouthbrethrenchristianchurch.org\/de\/cookie-richtlinie\/","og_site_name":"Plymouth Brethren Christian Church","article_publisher":"https:\/\/www.facebook.com\/PlymouthBrethrenChristianChurch","article_modified_time":"2025-06-17T15:09:20+00:00","twitter_card":"summary_large_image","schema":{"@context":"https:\/\/schema.org","@graph":[{"@type":"WebPage","@id":"https:\/\/www.plymouthbrethrenchristianchurch.org\/de\/cookie-richtlinie\/","url":"https:\/\/www.plymouthbrethrenchristianchurch.org\/de\/cookie-richtlinie\/","name":"Cookie-Richtlinie | Plymouth Brethren Christian Church","isPartOf":{"@id":"https:\/\/www.plymouthbrethrenchristianchurch.org\/#website"},"datePublished":"2020-05-21T15:51:23+00:00","dateModified":"2025-06-17T15:09:20+00:00","description":"Visit the Cookie-Richtlinie page on the website of the Plymouth Brethren Christian Church, a Christian fellowship based on the Holy Bible as the Word of God.","breadcrumb":{"@id":"https:\/\/www.plymouthbrethrenchristianchurch.org\/de\/cookie-richtlinie\/#breadcrumb"},"inLanguage":"de","potentialAction":[{"@type":"ReadAction","target":["https:\/\/www.plymouthbrethrenchristianchurch.org\/de\/cookie-richtlinie\/"]}]},{"@type":"BreadcrumbList","@id":"https:\/\/www.plymouthbrethrenchristianchurch.org\/de\/cookie-richtlinie\/#breadcrumb","itemListElement":[{"@type":"ListItem","position":1,"name":"Home","item":"https:\/\/www.plymouthbrethrenchristianchurch.org\/de\/startseite\/"},{"@type":"ListItem","position":2,"name":"Cookie-Richtlinie"}]},{"@type":"WebSite","@id":"https:\/\/www.plymouthbrethrenchristianchurch.org\/#website","url":"https:\/\/www.plymouthbrethrenchristianchurch.org\/","name":"Plymouth Brethren Christian Church","description":"","publisher":{"@id":"https:\/\/www.plymouthbrethrenchristianchurch.org\/#organization"},"potentialAction":[{"@type":"SearchAction","target":{"@type":"EntryPoint","urlTemplate":"https:\/\/www.plymouthbrethrenchristianchurch.org\/?s={search_term_string}"},"query-input":{"@type":"PropertyValueSpecification","valueRequired":true,"valueName":"search_term_string"}}],"inLanguage":"de"},{"@type":"Organization","@id":"https:\/\/www.plymouthbrethrenchristianchurch.org\/#organization","name":"Plymouth Brethren Christian Church","url":"https:\/\/www.plymouthbrethrenchristianchurch.org\/","logo":{"@type":"ImageObject","inLanguage":"de","@id":"https:\/\/www.plymouthbrethrenchristianchurch.org\/#\/schema\/logo\/image\/","url":"https:\/\/www.plymouthbrethrenchristianchurch.org\/wp-content\/uploads\/2020\/05\/site-logo.svg","contentUrl":"https:\/\/www.plymouthbrethrenchristianchurch.org\/wp-content\/uploads\/2020\/05\/site-logo.svg","caption":"Plymouth Brethren Christian Church"},"image":{"@id":"https:\/\/www.plymouthbrethrenchristianchurch.org\/#\/schema\/logo\/image\/"},"sameAs":["https:\/\/www.facebook.com\/PlymouthBrethrenChristianChurch","https:\/\/www.youtube.com\/channel\/UC76fGueDJBbLvhs988yTBXQ","https:\/\/www.pinterest.com.au\/plymouthbcc\/"]}]}},"_links":{"self":[{"href":"https:\/\/www.plymouthbrethrenchristianchurch.org\/de\/wp-json\/wp\/v2\/pages\/2941"}],"collection":[{"href":"https:\/\/www.plymouthbrethrenchristianchurch.org\/de\/wp-json\/wp\/v2\/pages"}],"about":[{"href":"https:\/\/www.plymouthbrethrenchristianchurch.org\/de\/wp-json\/wp\/v2\/types\/page"}],"author":[{"embeddable":true,"href":"https:\/\/www.plymouthbrethrenchristianchurch.org\/de\/wp-json\/wp\/v2\/users\/2"}],"replies":[{"embeddable":true,"href":"https:\/\/www.plymouthbrethrenchristianchurch.org\/de\/wp-json\/wp\/v2\/comments?post=2941"}],"version-history":[{"count":2,"href":"https:\/\/www.plymouthbrethrenchristianchurch.org\/de\/wp-json\/wp\/v2\/pages\/2941\/revisions"}],"predecessor-version":[{"id":8016,"href":"https:\/\/www.plymouthbrethrenchristianchurch.org\/de\/wp-json\/wp\/v2\/pages\/2941\/revisions\/8016"}],"wp:attachment":[{"href":"https:\/\/www.plymouthbrethrenchristianchurch.org\/de\/wp-json\/wp\/v2\/media?parent=2941"}],"curies":[{"name":"wp","href":"https:\/\/api.w.org\/{rel}","templated":true}]}}