{"id":3449,"date":"2020-03-31T07:08:22","date_gmt":"2020-03-30T21:08:22","guid":{"rendered":"https:\/\/www.plymouthbrethrenchristianchurch.org\/startseite\/"},"modified":"2025-09-19T09:23:12","modified_gmt":"2025-09-18T23:23:12","slug":"startseite","status":"publish","type":"page","link":"https:\/\/www.plymouthbrethrenchristianchurch.org\/de\/","title":{"rendered":"Startseite"},"content":{"rendered":"","protected":false},"excerpt":{"rendered":"","protected":false},"author":1,"featured_media":0,"parent":0,"menu_order":1,"comment_status":"closed","ping_status":"closed","template":"page-templates\/acf-flexible-content.php","meta":{"_acf_changed":false,"_relevanssi_hide_post":"","_relevanssi_hide_content":"","_relevanssi_pin_for_all":"","_relevanssi_pin_keywords":"","_relevanssi_unpin_keywords":"","_relevanssi_related_keywords":"","_relevanssi_related_include_ids":"","_relevanssi_related_exclude_ids":"","_relevanssi_related_no_append":"","_relevanssi_related_not_related":"","_relevanssi_related_posts":"","_relevanssi_noindex_reason":"","inline_featured_image":false,"footnotes":""},"class_list":["post-3449","page","type-page","status-publish","hentry"],"acf":{"post_page_video":"","content":[{"acf_fc_layout":"image_slider","slider_id":1924},{"acf_fc_layout":"module_section","row":[{"column_gap":"4","column":[{"module":[{"acf_fc_layout":"rich_media_block","image":false,"header":{"":null,"title":"","heading_level":"h2","header_styles":{"":null,"background_colour":"","background_image":false,"text_colour":"white"},"make_separator":false},"content":"<p>Die vor rund 200 Jahren gegr\u00fcndete Plymouth Brethren Christian Church (PBCC) wurde von John Nelson Darby, einem der einflussreichsten protestantischen Denker des 19. Jahrhunderts, gegr\u00fcndet.<\/p>\n<p>Heute haben wir etwas mehr als 55.000 Mitglieder in unserer Community. Wir leben in normalen H\u00e4usern auf normalen Stra\u00dfen, in St\u00e4dten in Australien, Neuseeland, Europa, Nord- und S\u00fcdamerika, der Karibik und dem Vereinigten K\u00f6nigreich. <\/p>\n<p>Unsere Mitglieder betreiben ihre eigenen Gesch\u00e4fte, kaufen H\u00e4user, kaufen vor Ort ein, engagieren sich ehrenamtlich und leisten gemeinn\u00fctzige Arbeit, zahlen Steuern und besch\u00e4ftigen viele Menschen sowohl innerhalb als auch au\u00dferhalb unserer Gemeinschaft.<\/p>\n<p>Im Laufe der Jahre mussten wir uns anpassen. Wir nutzen Technologie f\u00fcr gesch\u00e4ftliche, Bildungs- und Haushaltszwecke. <\/p>\n<p>\u00a0<\/p>\n","enable_button":true,"button":{"button_text":"Lernen Sie die Menschen kennen, die unsere Community ausmachen","button_url":{"title":"","url":"https:\/\/www.plymouthbrethrenchristianchurch.org\/home\/our-members\/","target":""},"open_in_new_tab":false,"button_class":""},"class":""}],"columns_sm":"12","columns_md":"12","columns_lg":"8"},{"module":[{"acf_fc_layout":"image_module","header":{"":null,"title":"","heading_level":"h2","header_styles":{"":null,"background_colour":"","background_image":false,"text_colour":"white"},"make_separator":false},"image":6667,"class":"","image_size":"large"}],"columns_sm":"12","columns_md":"12","columns_lg":"4"}],"row_class":"pt-1","module_padding":{"":null,"padding_top_xs":"","padding_bottom_xs":"","padding_left_xs":"","padding_right_xs":"","padding_top_md":"","padding_bottom_md":"","padding_left_md":"","padding_right_md":"","padding_top_lg":"","padding_bottom_lg":"","padding_left_lg":"","padding_right_lg":""},"module_margin":{"":null,"margin_top_xs":"","margin_bottom_xs":"","margin_left_xs":"","margin_right_xs":"","margin_top_md":"","margin_bottom_md":"","margin_left_md":"","margin_right_md":"","margin_top_lg":"","margin_bottom_lg":"","margin_left_lg":"","margin_right_lg":""}}],"section_heading":"\u00dcber uns","section_class":"","module_padding":{"":null,"padding_top_xs":"","padding_bottom_xs":"","padding_left_xs":"","padding_right_xs":"","padding_top_md":"","padding_bottom_md":"","padding_left_md":"","padding_right_md":"","padding_top_lg":"0","padding_bottom_lg":"0","padding_left_lg":"","padding_right_lg":""},"module_margin":{"":null,"margin_top_xs":"","margin_bottom_xs":"","margin_left_xs":"","margin_right_xs":"","margin_top_md":"","margin_bottom_md":"","margin_left_md":"","margin_right_md":"","margin_top_lg":"","margin_bottom_lg":"","margin_left_lg":"","margin_right_lg":""}},{"acf_fc_layout":"article_grid_with_navigation_heading","heading":"Nachrichten","sub_heading":"","per_page":"6","columns":"3","include_categories":false,"exclude_categories":false,"enable_pagination":true,"background_image":"https:\/\/www.plymouthbrethrenchristianchurch.org\/wp-content\/uploads\/2025\/08\/FooterMap_v2.png","background_color":"#1b2327","heading_colour":"--color-bravo","sub_heading_colour":"--color-bravo","navigation_arrow_colour":"--color-bravo","post_type":"post","display_type":"slider","row_classes":""},{"acf_fc_layout":"content_grid_1_2","section_title":"Lernen Sie unsere Community kennen","content_row":[{"content_title":"Wir k\u00fcmmern uns um unsere Nachbarn und Bed\u00fcrftigen","content_body":"<p><span class=\"TextRun SCXW2313937 BCX8\" lang=\"EN-US\" data-contrast=\"auto\" xml:lang=\"EN-US\"><span class=\"NormalTextRun SCXW2313937 BCX8\">Im Mittelpunkt unserer <\/span><span class=\"NormalTextRun SCXW2313937 BCX8\">Gemeinschaft<\/span><span class=\"NormalTextRun SCXW2313937 BCX8\"><\/span><span class=\"NormalTextRun SCXW2313937 BCX8\">  ist eine Verpflichtung zu F\u00fcrsorge und Mitgef\u00fchl. Wir widmen unsere Zeit der Freiwilligenarbeit \u00fcber unseren gemeinn\u00fctzigen Arm, die   <\/span><\/span><a class=\"Hyperlink SCXW2313937 BCX8\" href=\"http:\/\/www.rrtglobal.org\/\" target=\"_blank\" rel=\"noreferrer noopener\"><span class=\"TextRun Underlined SCXW2313937 BCX8\" lang=\"EN-US\" xml:lang=\"EN-US\" data-contrast=\"auto\"><span class=\"NormalTextRun SCXW2313937 BCX8\" data-ccp-charstyle=\"Hyperlink\">Soforthilfe-Team (RRT)<\/span><\/span><\/a><span class=\"TextRun SCXW2313937 BCX8\" lang=\"EN-US\" data-contrast=\"auto\" xml:lang=\"EN-US\"><span class=\"NormalTextRun SCXW2313937 BCX8\">  und tragen Sie finanziell zu vielen guten Zwecken bei. W <\/span><span class=\"NormalTextRun SCXW2313937 BCX8\">Wir suchen aktiv nach M\u00f6glichkeiten, lokale, <\/span><span class=\"NormalTextRun SCXW2313937 BCX8\">regionale<\/span><span class=\"NormalTextRun SCXW2313937 BCX8\"> und globale Initiativen<\/span> zu unterst\u00fctzen.<\/span><\/p>\n","image":8972,"enable_quote_overlay":false,"quote_overlay":{"quote_text":"","quote_source":""},"icon":{"icon":false,"icon_position":"left","icon_vertical_offset":"-44"},"enable_link":true,"link":{"title":"","url":"https:\/\/www.plymouthbrethrenchristianchurch.org\/news\/","target":""},"header_styles":{"":null,"background_colour":"","background_image":false,"text_colour":"orange"}},{"content_title":"Wir tragen dazu bei, die lokale Wirtschaft anzukurbeln","content_body":"<p><span class=\"NormalTextRun SCXW130410117 BCX8\">Unsere Mitglieder, <\/span><span class=\"NormalTextRun SCXW130410117 BCX8\"> <span class=\"NormalTextRun SCXW130410117 BCX8\"><span class=\"NormalTextRun SCXW130410117 BCX8\">von denen viele <\/span><span class=\"NormalTextRun SCXW130410117 BCX8\"><\/span><\/span><\/span><span class=\"NormalTextRun SCXW130410117 BCX8\">  Familienunternehmen spielen eine wichtige Rolle bei der F\u00f6rderung der lokalen Wirtschaft  <span class=\"TextRun SCXW130410117 BCX8\" lang=\"EN-US\" xml:lang=\"EN-US\" data-contrast=\"auto\">wo wir leben, arbeiten und dienen. Wir tragen direkt dazu bei, indem wir Steuern zahlen, Einheimische besch\u00e4ftigen und die Annehmlichkeiten verbessern. <\/span><span class=\"LineBreakBlob BlobObject DragDrop SCXW130410117 BCX8\"><span class=\"SCXW130410117 BCX8\"> <\/span><br class=\"SCXW130410117 BCX8\"><\/span><\/span><\/p>\n","image":8950,"enable_quote_overlay":false,"quote_overlay":{"quote_text":"","quote_source":""},"icon":{"icon":false,"icon_position":"right","icon_vertical_offset":""},"enable_link":true,"link":{"title":"Weitere Informationen","url":"https:\/\/www.plymouthbrethrenchristianchurch.org\/news\/","target":""},"header_styles":{"":null,"background_colour":"","background_image":false,"text_colour":"orange"}},{"content_title":"Wir sind eine vernetzte globale Gemeinschaft","content_body":"<p><span class=\"NormalTextRun SCXW171872153 BCX8\">Unsere findigen und innovativen Mitglieder bilden eine <\/span><span class=\"NormalTextRun SCXW171872153 BCX8\">globale <\/span><span class=\"NormalTextRun SCXW171872153 BCX8\">Gemeinschaft<\/span><span class=\"NormalTextRun SCXW171872153 BCX8\">, die<\/span><span class=\"NormalTextRun SCXW171872153 BCX8\">sich schnell mobilisieren kann <\/span><span class=\"NormalTextRun SpellingErrorV2Themed SCXW171872153 BCX8\"><\/span><span class=\"NormalTextRun SCXW171872153 BCX8\">  vielf\u00e4ltige F\u00e4higkeiten und materielle Verm\u00f6genswerte zur Unterst\u00fctzung in globalen Krisen. Gemeinsam schaffen wir   <\/span><span class=\"NormalTextRun SCXW171872153 BCX8\">Nutzen Sie<\/span><span class=\"NormalTextRun SCXW171872153 BCX8\"> unser Netzwerk von Mitgliedern, um einen positiven Einfluss auf die Welt zu haben.<\/span><\/p>\n","image":8958,"enable_quote_overlay":false,"quote_overlay":{"quote_text":"Denn wer irgend den Namen des Herrn anruft, wird errettet werden","quote_source":""},"icon":{"icon":false,"icon_position":"left","icon_vertical_offset":""},"enable_link":true,"link":{"title":"Lernen Sie unser Netzwerk kennen","url":"https:\/\/www.plymouthbrethrenchristianchurch.org\/news\/","target":""},"header_styles":{"":null,"background_colour":"","background_image":false,"text_colour":"orange"}},{"content_title":"Wir wissen, wie wichtig Bildung ist","content_body":"<p><span class=\"TextRun SCXW172185188 BCX8\" lang=\"EN-US\" data-contrast=\"auto\" xml:lang=\"EN-US\"><span class=\"NormalTextRun SCXW172185188 BCX8\">Bildung ist uns wichtig. OneSchool Global (OSG) wird von Familien unserer Kirche besucht und verf\u00fcgt \u00fcber mehr als 120 Standorte in 20 L\u00e4ndern, in denen 8.000 Sch\u00fcler unterrichtet und \u00fcber 1.800 Lehrer und Mitarbeiter von au\u00dferhalb unserer Gemeinschaft besch\u00e4ftigt werden. Viele Absolventinnen und Absolventen arbeiten sp\u00e4ter in einem Familienunternehmen und engagieren sich  <\/span><\/span><a class=\"Hyperlink SCXW172185188 BCX8\" href=\"https:\/\/youtu.be\/gCBFqlcJYzg\" target=\"_blank\" rel=\"noreferrer noopener\"><span class=\"TextRun Underlined SCXW172185188 BCX8\" lang=\"EN-US\" data-contrast=\"auto\"><span class=\"NormalTextRun SCXW172185188 BCX8\" data-ccp-charstyle=\"Hyperlink\">terti\u00e4re Bildung<\/span><\/span><\/a><span class=\"TextRun SCXW172185188 BCX8\" lang=\"EN-US\" data-contrast=\"auto\"><span class=\"NormalTextRun SCXW172185188 BCX8\">.<\/span><\/span><\/p>\n","image":8965,"enable_quote_overlay":false,"quote_overlay":{"quote_text":"","quote_source":""},"icon":{"icon":false,"icon_position":"right","icon_vertical_offset":""},"enable_link":true,"link":{"title":"","url":"https:\/\/www.oneschoolglobal.com\/","target":"_blank"},"header_styles":{"":null,"background_colour":"","background_image":false,"text_colour":"orange"}}]},{"acf_fc_layout":"social_media_feed","section_heading":"Bleiben Sie in Verbindung","content":"<p>Bleiben Sie auf dem Laufenden \u00fcber die Plymouth Brethren Christian Church (PBCC) und abonnieren Sie unseren YouTube-Kanal.<\/p>\n","text_color":"--color-foxtrot","feed_shortcode":"[youtube-feed feed=2]","width":"full_width","row_class":"","section_class":"background-overlay","background_image":"https:\/\/www.plymouthbrethrenchristianchurch.org\/wp-content\/uploads\/2020\/06\/gospel-hall-design-plymouth-brethren.jpg","background_color":"--color-bravo","module_padding":{"":null,"padding_top_xs":"","padding_bottom_xs":"","padding_left_xs":"","padding_right_xs":"","padding_top_md":"","padding_bottom_md":"","padding_left_md":"","padding_right_md":"","padding_top_lg":"","padding_bottom_lg":"","padding_left_lg":"","padding_right_lg":""}}]},"yoast_head":"<!-- This site is optimized with the Yoast SEO plugin v25.2 - https:\/\/yoast.com\/wordpress\/plugins\/seo\/ -->\n<title>Startseite | Christliche Kirche der Plymouth Brethren<\/title>\n<meta name=\"description\" content=\"Besuchen Sie die Homepage der Website der Plymouth Brethren Christian Church. Eine weltweite christliche Gemeinschaft mit \u00fcber 54.000 Mitgliedern.\" \/>\n<meta name=\"robots\" content=\"index, follow, max-snippet:-1, max-image-preview:large, max-video-preview:-1\" \/>\n<link rel=\"canonical\" href=\"https:\/\/www.plymouthbrethrenchristianchurch.org\/de\/startseite\/\" \/>\n<meta property=\"og:locale\" content=\"de_DE\" \/>\n<meta property=\"og:type\" content=\"article\" \/>\n<meta property=\"og:title\" content=\"Startseite | Christliche Kirche der Plymouth Brethren\" \/>\n<meta property=\"og:description\" content=\"Besuchen Sie die Homepage der Website der Plymouth Brethren Christian Church. Eine weltweite christliche Gemeinschaft mit \u00fcber 54.000 Mitgliedern.\" \/>\n<meta property=\"og:url\" content=\"https:\/\/www.plymouthbrethrenchristianchurch.org\/de\/startseite\/\" \/>\n<meta property=\"og:site_name\" content=\"Plymouth Brethren Christian Church\" \/>\n<meta property=\"article:publisher\" content=\"https:\/\/www.facebook.com\/PlymouthBrethrenChristianChurch\" \/>\n<meta property=\"article:modified_time\" content=\"2025-09-18T23:23:12+00:00\" \/>\n<meta name=\"twitter:card\" content=\"summary_large_image\" \/>\n<script type=\"application\/ld+json\" class=\"yoast-schema-graph\">{\"@context\":\"https:\/\/schema.org\",\"@graph\":[{\"@type\":\"WebPage\",\"@id\":\"https:\/\/www.plymouthbrethrenchristianchurch.org\/de\/startseite\/\",\"url\":\"https:\/\/www.plymouthbrethrenchristianchurch.org\/de\/startseite\/\",\"name\":\"Startseite | Christliche Kirche der Plymouth Brethren\",\"isPartOf\":{\"@id\":\"https:\/\/www.plymouthbrethrenchristianchurch.org\/#website\"},\"datePublished\":\"2020-03-30T21:08:22+00:00\",\"dateModified\":\"2025-09-18T23:23:12+00:00\",\"description\":\"Besuchen Sie die Homepage der Website der Plymouth Brethren Christian Church. Eine weltweite christliche Gemeinschaft mit \u00fcber 54.000 Mitgliedern.\",\"breadcrumb\":{\"@id\":\"https:\/\/www.plymouthbrethrenchristianchurch.org\/de\/startseite\/#breadcrumb\"},\"inLanguage\":\"de\",\"potentialAction\":[{\"@type\":\"ReadAction\",\"target\":[\"https:\/\/www.plymouthbrethrenchristianchurch.org\/de\/startseite\/\"]}]},{\"@type\":\"BreadcrumbList\",\"@id\":\"https:\/\/www.plymouthbrethrenchristianchurch.org\/de\/startseite\/#breadcrumb\",\"itemListElement\":[{\"@type\":\"ListItem\",\"position\":1,\"name\":\"Home\",\"item\":\"https:\/\/www.plymouthbrethrenchristianchurch.org\/de\/startseite\/\"},{\"@type\":\"ListItem\",\"position\":2,\"name\":\"Startseite\"}]},{\"@type\":\"WebSite\",\"@id\":\"https:\/\/www.plymouthbrethrenchristianchurch.org\/#website\",\"url\":\"https:\/\/www.plymouthbrethrenchristianchurch.org\/\",\"name\":\"Plymouth Brethren Christian Church\",\"description\":\"\",\"publisher\":{\"@id\":\"https:\/\/www.plymouthbrethrenchristianchurch.org\/#organization\"},\"potentialAction\":[{\"@type\":\"SearchAction\",\"target\":{\"@type\":\"EntryPoint\",\"urlTemplate\":\"https:\/\/www.plymouthbrethrenchristianchurch.org\/?s={search_term_string}\"},\"query-input\":{\"@type\":\"PropertyValueSpecification\",\"valueRequired\":true,\"valueName\":\"search_term_string\"}}],\"inLanguage\":\"de\"},{\"@type\":\"Organization\",\"@id\":\"https:\/\/www.plymouthbrethrenchristianchurch.org\/#organization\",\"name\":\"Plymouth Brethren Christian Church\",\"url\":\"https:\/\/www.plymouthbrethrenchristianchurch.org\/\",\"logo\":{\"@type\":\"ImageObject\",\"inLanguage\":\"de\",\"@id\":\"https:\/\/www.plymouthbrethrenchristianchurch.org\/#\/schema\/logo\/image\/\",\"url\":\"https:\/\/www.plymouthbrethrenchristianchurch.org\/wp-content\/uploads\/2020\/05\/site-logo.svg\",\"contentUrl\":\"https:\/\/www.plymouthbrethrenchristianchurch.org\/wp-content\/uploads\/2020\/05\/site-logo.svg\",\"caption\":\"Plymouth Brethren Christian Church\"},\"image\":{\"@id\":\"https:\/\/www.plymouthbrethrenchristianchurch.org\/#\/schema\/logo\/image\/\"},\"sameAs\":[\"https:\/\/www.facebook.com\/PlymouthBrethrenChristianChurch\",\"https:\/\/www.youtube.com\/channel\/UC76fGueDJBbLvhs988yTBXQ\",\"https:\/\/www.pinterest.com.au\/plymouthbcc\/\"]}]}<\/script>\n<!-- \/ Yoast SEO plugin. -->","yoast_head_json":{"title":"Startseite | Christliche Kirche der Plymouth Brethren","description":"Besuchen Sie die Homepage der Website der Plymouth Brethren Christian Church. Eine weltweite christliche Gemeinschaft mit \u00fcber 54.000 Mitgliedern.","robots":{"index":"index","follow":"follow","max-snippet":"max-snippet:-1","max-image-preview":"max-image-preview:large","max-video-preview":"max-video-preview:-1"},"canonical":"https:\/\/www.plymouthbrethrenchristianchurch.org\/de\/startseite\/","og_locale":"de_DE","og_type":"article","og_title":"Startseite | Christliche Kirche der Plymouth Brethren","og_description":"Besuchen Sie die Homepage der Website der Plymouth Brethren Christian Church. Eine weltweite christliche Gemeinschaft mit \u00fcber 54.000 Mitgliedern.","og_url":"https:\/\/www.plymouthbrethrenchristianchurch.org\/de\/startseite\/","og_site_name":"Plymouth Brethren Christian Church","article_publisher":"https:\/\/www.facebook.com\/PlymouthBrethrenChristianChurch","article_modified_time":"2025-09-18T23:23:12+00:00","twitter_card":"summary_large_image","schema":{"@context":"https:\/\/schema.org","@graph":[{"@type":"WebPage","@id":"https:\/\/www.plymouthbrethrenchristianchurch.org\/de\/startseite\/","url":"https:\/\/www.plymouthbrethrenchristianchurch.org\/de\/startseite\/","name":"Startseite | Christliche Kirche der Plymouth Brethren","isPartOf":{"@id":"https:\/\/www.plymouthbrethrenchristianchurch.org\/#website"},"datePublished":"2020-03-30T21:08:22+00:00","dateModified":"2025-09-18T23:23:12+00:00","description":"Besuchen Sie die Homepage der Website der Plymouth Brethren Christian Church. Eine weltweite christliche Gemeinschaft mit \u00fcber 54.000 Mitgliedern.","breadcrumb":{"@id":"https:\/\/www.plymouthbrethrenchristianchurch.org\/de\/startseite\/#breadcrumb"},"inLanguage":"de","potentialAction":[{"@type":"ReadAction","target":["https:\/\/www.plymouthbrethrenchristianchurch.org\/de\/startseite\/"]}]},{"@type":"BreadcrumbList","@id":"https:\/\/www.plymouthbrethrenchristianchurch.org\/de\/startseite\/#breadcrumb","itemListElement":[{"@type":"ListItem","position":1,"name":"Home","item":"https:\/\/www.plymouthbrethrenchristianchurch.org\/de\/startseite\/"},{"@type":"ListItem","position":2,"name":"Startseite"}]},{"@type":"WebSite","@id":"https:\/\/www.plymouthbrethrenchristianchurch.org\/#website","url":"https:\/\/www.plymouthbrethrenchristianchurch.org\/","name":"Plymouth Brethren Christian Church","description":"","publisher":{"@id":"https:\/\/www.plymouthbrethrenchristianchurch.org\/#organization"},"potentialAction":[{"@type":"SearchAction","target":{"@type":"EntryPoint","urlTemplate":"https:\/\/www.plymouthbrethrenchristianchurch.org\/?s={search_term_string}"},"query-input":{"@type":"PropertyValueSpecification","valueRequired":true,"valueName":"search_term_string"}}],"inLanguage":"de"},{"@type":"Organization","@id":"https:\/\/www.plymouthbrethrenchristianchurch.org\/#organization","name":"Plymouth Brethren Christian Church","url":"https:\/\/www.plymouthbrethrenchristianchurch.org\/","logo":{"@type":"ImageObject","inLanguage":"de","@id":"https:\/\/www.plymouthbrethrenchristianchurch.org\/#\/schema\/logo\/image\/","url":"https:\/\/www.plymouthbrethrenchristianchurch.org\/wp-content\/uploads\/2020\/05\/site-logo.svg","contentUrl":"https:\/\/www.plymouthbrethrenchristianchurch.org\/wp-content\/uploads\/2020\/05\/site-logo.svg","caption":"Plymouth Brethren Christian Church"},"image":{"@id":"https:\/\/www.plymouthbrethrenchristianchurch.org\/#\/schema\/logo\/image\/"},"sameAs":["https:\/\/www.facebook.com\/PlymouthBrethrenChristianChurch","https:\/\/www.youtube.com\/channel\/UC76fGueDJBbLvhs988yTBXQ","https:\/\/www.pinterest.com.au\/plymouthbcc\/"]}]}},"_links":{"self":[{"href":"https:\/\/www.plymouthbrethrenchristianchurch.org\/de\/wp-json\/wp\/v2\/pages\/3449"}],"collection":[{"href":"https:\/\/www.plymouthbrethrenchristianchurch.org\/de\/wp-json\/wp\/v2\/pages"}],"about":[{"href":"https:\/\/www.plymouthbrethrenchristianchurch.org\/de\/wp-json\/wp\/v2\/types\/page"}],"author":[{"embeddable":true,"href":"https:\/\/www.plymouthbrethrenchristianchurch.org\/de\/wp-json\/wp\/v2\/users\/1"}],"replies":[{"embeddable":true,"href":"https:\/\/www.plymouthbrethrenchristianchurch.org\/de\/wp-json\/wp\/v2\/comments?post=3449"}],"version-history":[{"count":23,"href":"https:\/\/www.plymouthbrethrenchristianchurch.org\/de\/wp-json\/wp\/v2\/pages\/3449\/revisions"}],"predecessor-version":[{"id":9275,"href":"https:\/\/www.plymouthbrethrenchristianchurch.org\/de\/wp-json\/wp\/v2\/pages\/3449\/revisions\/9275"}],"wp:attachment":[{"href":"https:\/\/www.plymouthbrethrenchristianchurch.org\/de\/wp-json\/wp\/v2\/media?parent=3449"}],"curies":[{"name":"wp","href":"https:\/\/api.w.org\/{rel}","templated":true}]}}