{"id":3450,"date":"2020-05-07T06:39:48","date_gmt":"2020-05-06T20:39:48","guid":{"rendered":"https:\/\/www.plymouthbrethrenchristianchurch.org\/wer-wir-sind\/geschichte\/"},"modified":"2026-02-26T10:59:35","modified_gmt":"2026-02-26T00:59:35","slug":"geschichte","status":"publish","type":"page","link":"https:\/\/www.plymouthbrethrenchristianchurch.org\/de\/community\/geschichte\/","title":{"rendered":"Unsere Geschichte"},"content":{"rendered":"","protected":false},"excerpt":{"rendered":"<p>Erfahren Sie mehr \u00fcber die Geschichte und die Urspr\u00fcnge der Gemeinschaft und Gemeinschaft der Plymouth Brethren Christian Church.<\/p>\n","protected":false},"author":2,"featured_media":0,"parent":2902,"menu_order":1,"comment_status":"closed","ping_status":"closed","template":"page-templates\/acf-flexible-content.php","meta":{"_acf_changed":false,"_relevanssi_hide_post":"","_relevanssi_hide_content":"","_relevanssi_pin_for_all":"","_relevanssi_pin_keywords":"","_relevanssi_unpin_keywords":"","_relevanssi_related_keywords":"","_relevanssi_related_include_ids":"","_relevanssi_related_exclude_ids":"","_relevanssi_related_no_append":"","_relevanssi_related_not_related":"","_relevanssi_related_posts":"","_relevanssi_noindex_reason":"","inline_featured_image":false,"footnotes":""},"class_list":["post-3450","page","type-page","status-publish","hentry"],"acf":{"post_page_video":"","content":[{"acf_fc_layout":"page_header_with_links","override_title":true,"custom_title":"Unsere Geschichte","intro_text":"<p><span class=\"TrackChangeTextInsertion TrackedChange SCXW116793924 BCX8\"><span class=\"TextRun SCXW116793924 BCX8\" lang=\"EN-US\" xml:lang=\"EN-US\" data-contrast=\"auto\"><span class=\"NormalTextRun SCXW116793924 BCX8\">Etabliert <\/span><\/span><\/span><span class=\"TrackChangeTextInsertion TrackedChange SCXW116793924 BCX8\"><span class=\"TextRun SCXW116793924 BCX8\" lang=\"EN-US\" xml:lang=\"EN-US\" data-contrast=\"auto\"><span class=\"NormalTextRun SCXW116793924 BCX8\">Vor rund 200 Jahren<\/span><\/span><\/span><span class=\"TrackChangeTextInsertion TrackedChange SCXW116793924 BCX8\"><span class=\"TextRun SCXW116793924 BCX8\" lang=\"EN-US\" xml:lang=\"EN-US\" data-contrast=\"auto\"><span class=\"NormalTextRun SCXW116793924 BCX8\"> die Plymouth-Br\u00fcder <\/span><\/span><\/span><span class=\"TrackChangeTextInsertion TrackedChange SCXW116793924 BCX8\"><span class=\"TextRun SCXW116793924 BCX8\" lang=\"EN-US\" xml:lang=\"EN-US\" data-contrast=\"auto\"><span class=\"NormalTextRun SCXW116793924 BCX8\">Christliche Kirche war<\/span><\/span><\/span><span class=\"TrackChangeTextInsertion TrackedChange SCXW116793924 BCX8\"><span class=\"TextRun SCXW116793924 BCX8\" lang=\"EN-US\" xml:lang=\"EN-US\" data-contrast=\"auto\"><span class=\"NormalTextRun SCXW116793924 BCX8\"> gegr\u00fcndet von John Nelson <\/span><\/span><\/span><span class=\"TrackChangeTextInsertion TrackedChange SCXW116793924 BCX8\"><span class=\"TextRun SCXW116793924 BCX8\" lang=\"EN-US\" xml:lang=\"EN-US\" data-contrast=\"auto\"><span class=\"NormalTextRun SCXW116793924 BCX8\">Darby, einer der einflussreichsten protestantischen Denker des 19. Jahrhunderts<\/span><\/span><\/span><span class=\"TrackChangeTextInsertion TrackedChange SCXW116793924 BCX8\"><span class=\"TrackedChange SCXW116793924 BCX8\"><span class=\"TextRun SCXW116793924 BCX8\" lang=\"EN-US\" xml:lang=\"EN-US\" data-contrast=\"auto\"><span class=\"NormalTextRun Superscript SCXW116793924 BCX8\" data-fontsize=\"11\">heit<\/span><\/span><\/span><\/span><span class=\"TrackChangeTextInsertion TrackedChange SCXW116793924 BCX8\"><span class=\"TextRun SCXW116793924 BCX8\" lang=\"EN-US\" xml:lang=\"EN-US\" data-contrast=\"auto\"><span class=\"NormalTextRun SCXW116793924 BCX8\"> Jahrhundert.<\/span><\/span><\/span><\/p>\n","enable_button":true,"button":{"button_text":"","button_url":"","open_in_new_tab":false,"button_class":""},"link_source":"menu","select_a_menu":{"value":"17","label":"Wer wir sind"},"menu_title":"","custom_links":false,"header_styles":{"":null,"background_colour":"#515151","background_image":750,"text_colour":"white"},"row_class":""},{"acf_fc_layout":"module_section","row":[{"column_gap":"6","column":[{"module":[{"acf_fc_layout":"rich_media_block","image":false,"header":{"":null,"title":"Erfahren Sie mehr \u00fcber unsere Urspr\u00fcnge","heading_level":"h2","header_styles":{"":null,"background_colour":"","background_image":false,"text_colour":"white"},"make_separator":true},"content":"<p><span data-contrast=\"auto\">Wir wurden im fr\u00fchen neunzehnten Jahrhundert in England gegr\u00fcndet, nachdem die Unzufriedenheit mit der anglikanischen Kirche gewachsen war. Dieses Gef\u00fchl f\u00fchrte zu einer Reihe unabh\u00e4ngiger Treffen, bei denen M\u00e4nner und Frauen zusammenkamen, um Lehren aus dem Neuen Testament der Heiligen Schrift zu lernen. Von Anfang an drehten sich bei diesen Zusammenk\u00fcnften alles um die Feier des Abendmahls, auch Heiliges Abendmahl genannt, das nach wie vor den Kern unseres Glaubens bildet. <\/span><\/p>\n<p><span data-contrast=\"auto\">Diese neu gegr\u00fcndete Gemeinschaft, die als \u201eBr\u00fcder\u201c bezeichnet wurde, lehnte eine kirchliche Regelung ab und konzentrierte sich stattdessen auf die direkte Beziehung des Einzelnen zu Gott. Sie trafen sich in einfachen Versammlungsr\u00e4umen zum Abendmahl und zum gemeinsamen Gebet und zur Verk\u00fcndigung des Evangeliums, so wie wir es heute tun. <\/span><\/p>\n<p><span data-contrast=\"auto\">1829 wurden die ersten st\u00e4ndigen Zusammenk\u00fcnfte gebildet und die Teilnehmer nahmen den Namen &#8222;Plymouth Brethren&#8220; an, da einige der Gr\u00fcndungslehrer aus Plymouth in S\u00fcdengland stammten. <\/span><\/p>\n<p><span data-contrast=\"auto\">John Nelson Darby war ma\u00dfgeblich an der Gr\u00fcndung der PBCC beteiligt. In der Mitte des 19. Jahrhunderts waren die Mitglieder nach Nord- und S\u00fcdamerika, Afrika, Australien und Neuseeland ausgewandert, und der Grundstein f\u00fcr eine weltweite christliche Gemeinschaft war gelegt. <\/span><\/p>\n","enable_button":true,"button":{"button_text":"","button_url":"","open_in_new_tab":false,"button_class":""},"class":""}],"columns_sm":"8","columns_md":"none","columns_lg":"none"},{"module":false,"columns_sm":"8","columns_md":"none","columns_lg":"8"},{"module":false,"columns_sm":"4","columns_md":"none","columns_lg":"4"}],"row_class":"","module_padding":{"":null,"padding_top_xs":"","padding_bottom_xs":"","padding_left_xs":"","padding_right_xs":"","padding_top_md":"","padding_bottom_md":"","padding_left_md":"","padding_right_md":"","padding_top_lg":"","padding_bottom_lg":"","padding_left_lg":"","padding_right_lg":""},"module_margin":{"":null,"margin_top_xs":"","margin_bottom_xs":"","margin_left_xs":"","margin_right_xs":"","margin_top_md":"","margin_bottom_md":"","margin_left_md":"","margin_right_md":"","margin_top_lg":"","margin_bottom_lg":"","margin_left_lg":"","margin_right_lg":""}}],"section_heading":"","section_class":"","module_padding":{"":null,"padding_top_xs":"","padding_bottom_xs":"","padding_left_xs":"","padding_right_xs":"","padding_top_md":"","padding_bottom_md":"","padding_left_md":"","padding_right_md":"","padding_top_lg":"","padding_bottom_lg":"","padding_left_lg":"","padding_right_lg":""},"module_margin":{"":null,"margin_top_xs":"","margin_bottom_xs":"","margin_left_xs":"","margin_right_xs":"","margin_top_md":"","margin_bottom_md":"","margin_left_md":"","margin_right_md":"","margin_top_lg":"","margin_bottom_lg":"","margin_left_lg":"","margin_right_lg":""}},{"acf_fc_layout":"image_slider","slider_id":3396}]},"yoast_head":"<!-- This site is optimized with the Yoast SEO plugin v25.2 - https:\/\/yoast.com\/wordpress\/plugins\/seo\/ -->\n<title>Unsere Geschichte | Plymouth Brethren Christian Church<\/title>\n<meta name=\"description\" content=\"Besuchen Sie die Seite Unsere Geschichte auf der Website der Kirche, einer christlichen Gemeinschaft, die auf der Heiligen Schrift als dem Wort Gottes basiert.\" \/>\n<meta name=\"robots\" content=\"index, follow, max-snippet:-1, max-image-preview:large, max-video-preview:-1\" \/>\n<link rel=\"canonical\" href=\"https:\/\/www.plymouthbrethrenchristianchurch.org\/de\/community\/geschichte\/\" \/>\n<meta property=\"og:locale\" content=\"de_DE\" \/>\n<meta property=\"og:type\" content=\"article\" \/>\n<meta property=\"og:title\" content=\"Unsere Geschichte | Plymouth Brethren Christian Church\" \/>\n<meta property=\"og:description\" content=\"Besuchen Sie die Seite Unsere Geschichte auf der Website der Kirche, einer christlichen Gemeinschaft, die auf der Heiligen Schrift als dem Wort Gottes basiert.\" \/>\n<meta property=\"og:url\" content=\"https:\/\/www.plymouthbrethrenchristianchurch.org\/de\/community\/geschichte\/\" \/>\n<meta property=\"og:site_name\" content=\"Plymouth Brethren Christian Church\" \/>\n<meta property=\"article:publisher\" content=\"https:\/\/www.facebook.com\/PlymouthBrethrenChristianChurch\" \/>\n<meta property=\"article:modified_time\" content=\"2026-02-26T00:59:35+00:00\" \/>\n<meta name=\"twitter:card\" content=\"summary_large_image\" \/>\n<script type=\"application\/ld+json\" class=\"yoast-schema-graph\">{\"@context\":\"https:\/\/schema.org\",\"@graph\":[{\"@type\":\"WebPage\",\"@id\":\"https:\/\/www.plymouthbrethrenchristianchurch.org\/de\/community\/geschichte\/\",\"url\":\"https:\/\/www.plymouthbrethrenchristianchurch.org\/de\/community\/geschichte\/\",\"name\":\"Unsere Geschichte | Plymouth Brethren Christian Church\",\"isPartOf\":{\"@id\":\"https:\/\/www.plymouthbrethrenchristianchurch.org\/#website\"},\"datePublished\":\"2020-05-06T20:39:48+00:00\",\"dateModified\":\"2026-02-26T00:59:35+00:00\",\"description\":\"Besuchen Sie die Seite Unsere Geschichte auf der Website der Kirche, einer christlichen Gemeinschaft, die auf der Heiligen Schrift als dem Wort Gottes basiert.\",\"breadcrumb\":{\"@id\":\"https:\/\/www.plymouthbrethrenchristianchurch.org\/de\/community\/geschichte\/#breadcrumb\"},\"inLanguage\":\"de\",\"potentialAction\":[{\"@type\":\"ReadAction\",\"target\":[\"https:\/\/www.plymouthbrethrenchristianchurch.org\/de\/community\/geschichte\/\"]}]},{\"@type\":\"BreadcrumbList\",\"@id\":\"https:\/\/www.plymouthbrethrenchristianchurch.org\/de\/community\/geschichte\/#breadcrumb\",\"itemListElement\":[{\"@type\":\"ListItem\",\"position\":1,\"name\":\"Home\",\"item\":\"https:\/\/www.plymouthbrethrenchristianchurch.org\/de\/startseite\/\"},{\"@type\":\"ListItem\",\"position\":2,\"name\":\"Lebensweise\",\"item\":\"https:\/\/www.plymouthbrethrenchristianchurch.org\/de\/community\/\"},{\"@type\":\"ListItem\",\"position\":3,\"name\":\"Unsere Geschichte\"}]},{\"@type\":\"WebSite\",\"@id\":\"https:\/\/www.plymouthbrethrenchristianchurch.org\/#website\",\"url\":\"https:\/\/www.plymouthbrethrenchristianchurch.org\/\",\"name\":\"Plymouth Brethren Christian Church\",\"description\":\"\",\"publisher\":{\"@id\":\"https:\/\/www.plymouthbrethrenchristianchurch.org\/#organization\"},\"potentialAction\":[{\"@type\":\"SearchAction\",\"target\":{\"@type\":\"EntryPoint\",\"urlTemplate\":\"https:\/\/www.plymouthbrethrenchristianchurch.org\/?s={search_term_string}\"},\"query-input\":{\"@type\":\"PropertyValueSpecification\",\"valueRequired\":true,\"valueName\":\"search_term_string\"}}],\"inLanguage\":\"de\"},{\"@type\":\"Organization\",\"@id\":\"https:\/\/www.plymouthbrethrenchristianchurch.org\/#organization\",\"name\":\"Plymouth Brethren Christian Church\",\"url\":\"https:\/\/www.plymouthbrethrenchristianchurch.org\/\",\"logo\":{\"@type\":\"ImageObject\",\"inLanguage\":\"de\",\"@id\":\"https:\/\/www.plymouthbrethrenchristianchurch.org\/#\/schema\/logo\/image\/\",\"url\":\"https:\/\/www.plymouthbrethrenchristianchurch.org\/wp-content\/uploads\/2020\/05\/site-logo.svg\",\"contentUrl\":\"https:\/\/www.plymouthbrethrenchristianchurch.org\/wp-content\/uploads\/2020\/05\/site-logo.svg\",\"caption\":\"Plymouth Brethren Christian Church\"},\"image\":{\"@id\":\"https:\/\/www.plymouthbrethrenchristianchurch.org\/#\/schema\/logo\/image\/\"},\"sameAs\":[\"https:\/\/www.facebook.com\/PlymouthBrethrenChristianChurch\",\"https:\/\/www.youtube.com\/channel\/UC76fGueDJBbLvhs988yTBXQ\",\"https:\/\/www.pinterest.com.au\/plymouthbcc\/\"]}]}<\/script>\n<!-- \/ Yoast SEO plugin. -->","yoast_head_json":{"title":"Unsere Geschichte | Plymouth Brethren Christian Church","description":"Besuchen Sie die Seite Unsere Geschichte auf der Website der Kirche, einer christlichen Gemeinschaft, die auf der Heiligen Schrift als dem Wort Gottes basiert.","robots":{"index":"index","follow":"follow","max-snippet":"max-snippet:-1","max-image-preview":"max-image-preview:large","max-video-preview":"max-video-preview:-1"},"canonical":"https:\/\/www.plymouthbrethrenchristianchurch.org\/de\/community\/geschichte\/","og_locale":"de_DE","og_type":"article","og_title":"Unsere Geschichte | Plymouth Brethren Christian Church","og_description":"Besuchen Sie die Seite Unsere Geschichte auf der Website der Kirche, einer christlichen Gemeinschaft, die auf der Heiligen Schrift als dem Wort Gottes basiert.","og_url":"https:\/\/www.plymouthbrethrenchristianchurch.org\/de\/community\/geschichte\/","og_site_name":"Plymouth Brethren Christian Church","article_publisher":"https:\/\/www.facebook.com\/PlymouthBrethrenChristianChurch","article_modified_time":"2026-02-26T00:59:35+00:00","twitter_card":"summary_large_image","schema":{"@context":"https:\/\/schema.org","@graph":[{"@type":"WebPage","@id":"https:\/\/www.plymouthbrethrenchristianchurch.org\/de\/community\/geschichte\/","url":"https:\/\/www.plymouthbrethrenchristianchurch.org\/de\/community\/geschichte\/","name":"Unsere Geschichte | Plymouth Brethren Christian Church","isPartOf":{"@id":"https:\/\/www.plymouthbrethrenchristianchurch.org\/#website"},"datePublished":"2020-05-06T20:39:48+00:00","dateModified":"2026-02-26T00:59:35+00:00","description":"Besuchen Sie die Seite Unsere Geschichte auf der Website der Kirche, einer christlichen Gemeinschaft, die auf der Heiligen Schrift als dem Wort Gottes basiert.","breadcrumb":{"@id":"https:\/\/www.plymouthbrethrenchristianchurch.org\/de\/community\/geschichte\/#breadcrumb"},"inLanguage":"de","potentialAction":[{"@type":"ReadAction","target":["https:\/\/www.plymouthbrethrenchristianchurch.org\/de\/community\/geschichte\/"]}]},{"@type":"BreadcrumbList","@id":"https:\/\/www.plymouthbrethrenchristianchurch.org\/de\/community\/geschichte\/#breadcrumb","itemListElement":[{"@type":"ListItem","position":1,"name":"Home","item":"https:\/\/www.plymouthbrethrenchristianchurch.org\/de\/startseite\/"},{"@type":"ListItem","position":2,"name":"Lebensweise","item":"https:\/\/www.plymouthbrethrenchristianchurch.org\/de\/community\/"},{"@type":"ListItem","position":3,"name":"Unsere Geschichte"}]},{"@type":"WebSite","@id":"https:\/\/www.plymouthbrethrenchristianchurch.org\/#website","url":"https:\/\/www.plymouthbrethrenchristianchurch.org\/","name":"Plymouth Brethren Christian Church","description":"","publisher":{"@id":"https:\/\/www.plymouthbrethrenchristianchurch.org\/#organization"},"potentialAction":[{"@type":"SearchAction","target":{"@type":"EntryPoint","urlTemplate":"https:\/\/www.plymouthbrethrenchristianchurch.org\/?s={search_term_string}"},"query-input":{"@type":"PropertyValueSpecification","valueRequired":true,"valueName":"search_term_string"}}],"inLanguage":"de"},{"@type":"Organization","@id":"https:\/\/www.plymouthbrethrenchristianchurch.org\/#organization","name":"Plymouth Brethren Christian Church","url":"https:\/\/www.plymouthbrethrenchristianchurch.org\/","logo":{"@type":"ImageObject","inLanguage":"de","@id":"https:\/\/www.plymouthbrethrenchristianchurch.org\/#\/schema\/logo\/image\/","url":"https:\/\/www.plymouthbrethrenchristianchurch.org\/wp-content\/uploads\/2020\/05\/site-logo.svg","contentUrl":"https:\/\/www.plymouthbrethrenchristianchurch.org\/wp-content\/uploads\/2020\/05\/site-logo.svg","caption":"Plymouth Brethren Christian Church"},"image":{"@id":"https:\/\/www.plymouthbrethrenchristianchurch.org\/#\/schema\/logo\/image\/"},"sameAs":["https:\/\/www.facebook.com\/PlymouthBrethrenChristianChurch","https:\/\/www.youtube.com\/channel\/UC76fGueDJBbLvhs988yTBXQ","https:\/\/www.pinterest.com.au\/plymouthbcc\/"]}]}},"_links":{"self":[{"href":"https:\/\/www.plymouthbrethrenchristianchurch.org\/de\/wp-json\/wp\/v2\/pages\/3450"}],"collection":[{"href":"https:\/\/www.plymouthbrethrenchristianchurch.org\/de\/wp-json\/wp\/v2\/pages"}],"about":[{"href":"https:\/\/www.plymouthbrethrenchristianchurch.org\/de\/wp-json\/wp\/v2\/types\/page"}],"author":[{"embeddable":true,"href":"https:\/\/www.plymouthbrethrenchristianchurch.org\/de\/wp-json\/wp\/v2\/users\/2"}],"replies":[{"embeddable":true,"href":"https:\/\/www.plymouthbrethrenchristianchurch.org\/de\/wp-json\/wp\/v2\/comments?post=3450"}],"version-history":[{"count":7,"href":"https:\/\/www.plymouthbrethrenchristianchurch.org\/de\/wp-json\/wp\/v2\/pages\/3450\/revisions"}],"predecessor-version":[{"id":11871,"href":"https:\/\/www.plymouthbrethrenchristianchurch.org\/de\/wp-json\/wp\/v2\/pages\/3450\/revisions\/11871"}],"up":[{"embeddable":true,"href":"https:\/\/www.plymouthbrethrenchristianchurch.org\/de\/wp-json\/wp\/v2\/pages\/2902"}],"wp:attachment":[{"href":"https:\/\/www.plymouthbrethrenchristianchurch.org\/de\/wp-json\/wp\/v2\/media?parent=3450"}],"curies":[{"name":"wp","href":"https:\/\/api.w.org\/{rel}","templated":true}]}}