{"id":5659,"date":"2024-02-29T15:00:44","date_gmt":"2024-02-29T05:00:44","guid":{"rendered":"https:\/\/www.plymouthbrethrenchristianchurch.org\/?page_id=5659"},"modified":"2025-08-11T10:21:14","modified_gmt":"2025-08-11T00:21:14","slug":"unser-netzwerk","status":"publish","type":"page","link":"https:\/\/www.plymouthbrethrenchristianchurch.org\/de\/community\/unser-netzwerk\/","title":{"rendered":"Unser Netzwerk"},"content":{"rendered":"","protected":false},"excerpt":{"rendered":"<p>Wir leben, arbeiten und beten als &#8222;Br\u00fcder&#8220; \u2013 eine Gemeinschaft von Familien, die durch unseren gemeinsamen christlichen Glauben zusammengehalten werden.<\/p>\n","protected":false},"author":13,"featured_media":0,"parent":2902,"menu_order":2,"comment_status":"closed","ping_status":"closed","template":"page-templates\/acf-flexible-content.php","meta":{"_acf_changed":false,"_relevanssi_hide_post":"","_relevanssi_hide_content":"","_relevanssi_pin_for_all":"","_relevanssi_pin_keywords":"","_relevanssi_unpin_keywords":"","_relevanssi_related_keywords":"","_relevanssi_related_include_ids":"","_relevanssi_related_exclude_ids":"","_relevanssi_related_no_append":"","_relevanssi_related_not_related":"","_relevanssi_related_posts":"","_relevanssi_noindex_reason":"","inline_featured_image":false,"footnotes":""},"class_list":["post-5659","page","type-page","status-publish","hentry"],"acf":{"post_page_video":"","content":[{"acf_fc_layout":"page_header_with_links","override_title":true,"custom_title":"Unser Netzwerk","intro_text":"<p>Angetrieben von unseren flei\u00dfigen Mitgliedern haben wir ein Netzwerk von Unternehmen aufgebaut, die zwar nicht im Besitz der Kirche sind, aber existieren, um die Gemeinschaft und die lokalen, regionalen und globalen Gemeinschaften, in denen unsere Mitglieder leben, arbeiten und dienen, zu unterst\u00fctzen.<\/p>\n","enable_button":true,"button":{"button_text":"","button_url":"","open_in_new_tab":false,"button_class":""},"link_source":"off","select_a_menu":false,"menu_title":"","custom_links":false,"header_styles":{"":null,"background_colour":"#ffffff","background_image":681,"text_colour":"black"},"row_class":""},{"acf_fc_layout":"module_section","row":[{"column_gap":"3","column":[{"module":[{"acf_fc_layout":"rich_media_block","image":false,"header":{"":null,"title":"Das Rapid Relief Team: Unsere globale Wohlt\u00e4tigkeitsorganisation","heading_level":"h2","header_styles":{"":null,"background_colour":"","background_image":false,"text_colour":"orange"},"make_separator":true},"content":"<p>\u00a0<\/p>\n<p><span data-contrast=\"auto\"> <span data-contrast=\"auto\">Unter den Br\u00fcdern herrscht ein starker und gro\u00dfz\u00fcgiger Geist der N\u00e4chstenliebe, und viele von uns widmen ihre Zeit aktiv der Freiwilligenarbeit und leisten einen finanziellen Beitrag f\u00fcr Zwecke in der N\u00e4he ihrer Heimat und auf der ganzen Welt. <\/span><\/span> <span data-ccp-props=\"{\"201341983\":0,\"335559740\":240}\"> <\/span><\/p>\n<p><span data-contrast=\"auto\">Im Jahr 2013 hat das <\/span><a href=\"http:\/\/www.rrtglobal.org\/\"><span data-contrast=\"auto\">Rapid Relief Team (RRT)<\/span><\/a><span data-contrast=\"auto\">  wurde gegr\u00fcndet, um unsere F\u00fcrsorge und unser Mitgef\u00fchl zum Wohle von Menschen in Not in die Tat umzusetzen. Heute ist RRT in 14 L\u00e4ndern aktiv und wird von 14.500 Freiwilligen aus unserer Community betrieben.   <\/span><span data-ccp-props=\"{\"201341983\":0,\"335559740\":240}\"> <\/span><\/p>\n<p><span data-contrast=\"auto\">RRT-Freiwillige helfen Ersthelfern und Menschen, die von Katastrophen betroffen sind, und bieten besondere Unterst\u00fctzung f\u00fcr junge Menschen, Menschen mit gesundheitlichen oder behinderten Problemen, Obdachlose oder Menschen, die von Armut und Not betroffen sind.  <\/span><span data-ccp-props=\"{\"201341983\":0,\"335559740\":240}\"> <\/span><\/p>\n","enable_button":true,"button":{"button_text":"Erfahren Sie mehr \u00fcber RRT","button_url":{"title":"Erfahren Sie mehr \u00fcber RRT","url":"http:\/\/www.rrtglobal.org","target":""},"open_in_new_tab":true,"button_class":""},"class":""}],"columns_sm":"none","columns_md":"8","columns_lg":"none"},{"module":[{"acf_fc_layout":"image_module","header":{"":null,"title":"Familie","heading_level":"h2","header_styles":{"":null,"background_colour":"","background_image":false,"text_colour":"white"},"make_separator":false},"image":6725,"class":"","image_size":"large"}],"columns_sm":"none","columns_md":"4","columns_lg":"none"}],"row_class":"","module_padding":{"":null,"padding_top_xs":"","padding_bottom_xs":"","padding_left_xs":"","padding_right_xs":"","padding_top_md":"","padding_bottom_md":"","padding_left_md":"","padding_right_md":"","padding_top_lg":"","padding_bottom_lg":"","padding_left_lg":"","padding_right_lg":""},"module_margin":{"":null,"margin_top_xs":"","margin_bottom_xs":"","margin_left_xs":"","margin_right_xs":"","margin_top_md":"","margin_bottom_md":"","margin_left_md":"","margin_right_md":"","margin_top_lg":"","margin_bottom_lg":"","margin_left_lg":"","margin_right_lg":""}}],"section_heading":"","section_class":"","module_padding":{"":null,"padding_top_xs":"","padding_bottom_xs":"","padding_left_xs":"","padding_right_xs":"","padding_top_md":"","padding_bottom_md":"","padding_left_md":"","padding_right_md":"","padding_top_lg":"","padding_bottom_lg":"","padding_left_lg":"","padding_right_lg":""},"module_margin":{"":null,"margin_top_xs":"","margin_bottom_xs":"","margin_left_xs":"","margin_right_xs":"","margin_top_md":"","margin_bottom_md":"","margin_left_md":"","margin_right_md":"","margin_top_lg":"","margin_bottom_lg":"","margin_left_lg":"","margin_right_lg":""}},{"acf_fc_layout":"module_section","row":[{"column_gap":"3","column":[{"module":[{"acf_fc_layout":"rich_media_block","image":false,"header":{"":null,"title":"OneSchool Global: Unser unabh\u00e4ngiges Netzwerk von Schulen","heading_level":"h2","header_styles":{"":null,"background_colour":"","background_image":false,"text_colour":"orange"},"make_separator":true},"content":"<p>Im Jahr 1994 gr\u00fcndeten Mitglieder der Plymouth Brethren Christian Church ein unabh\u00e4ngiges Schulnetzwerk \u2013 <a href=\"https:\/\/www.oneschoolglobal.com\/\">OneSchool Global<\/a>. OneSchool bildet kritische und einf\u00fchlsame, lebenslange Lernende in modernen, technologiegest\u00fctzten Lernumgebungen aus, die durch einen innovativen Bildungsansatz untermauert werden. <\/p>\n<p>OneSchool Global ist keine religi\u00f6se Schule und die Lehrer der Schule sind keine Mitglieder der Kirchengemeinschaft. OneSchool Global liefert den national anerkannten Lehrplan des Landes oder Staates, in dem sich der Campus befindet. <\/p>\n<p>Im Laufe der 30 Jahre ist das OneSchool Global-Netzwerk auf \u00fcber 120 Standorte in 20 L\u00e4ndern angewachsen, unterrichtet 8.000 Sch\u00fcler und besch\u00e4ftigt \u00fcber 1.800 Lehrer und Mitarbeiter von au\u00dferhalb unserer Community.<\/p>\n<p><span data-contrast=\"auto\">Viele Absolventen der Schule arbeiten in der Wirtschaft und absolvieren eine Hochschulausbildung oder studieren im <\/span><a href=\"https:\/\/youtu.be\/gCBFqlcJYzg\"><span data-contrast=\"auto\">Rahmen von Fernstudieng\u00e4ngen<\/span><\/a><span data-contrast=\"auto\">. Wir sind der festen \u00dcberzeugung, dass man verdienen sollte, w\u00e4hrend man lernt \u2013 es ist ein Gewinn, eine Win-Situation.<\/span><span data-ccp-props=\"{\"201341983\":0,\"335559739\":0,\"335559740\":240}\"> <\/span><\/p>\n","enable_button":true,"button":{"button_text":"Erfahre mehr \u00fcber OSG","button_url":{"title":"Erfahre mehr \u00fcber OSG","url":"http:\/\/www.oneschoolglobal.com","target":""},"open_in_new_tab":true,"button_class":""},"class":""}],"columns_sm":"none","columns_md":"8","columns_lg":"none"},{"module":[{"acf_fc_layout":"image_module","header":{"":null,"title":"","heading_level":"h2","header_styles":{"":null,"background_colour":"","background_image":false,"text_colour":"white"},"make_separator":false},"image":6732,"class":"","image_size":"large"}],"columns_sm":"none","columns_md":"4","columns_lg":"none"}],"row_class":"","module_padding":{"":null,"padding_top_xs":"","padding_bottom_xs":"","padding_left_xs":"","padding_right_xs":"","padding_top_md":"","padding_bottom_md":"","padding_left_md":"","padding_right_md":"","padding_top_lg":"","padding_bottom_lg":"","padding_left_lg":"","padding_right_lg":""},"module_margin":{"":null,"margin_top_xs":"","margin_bottom_xs":"","margin_left_xs":"","margin_right_xs":"","margin_top_md":"","margin_bottom_md":"","margin_left_md":"","margin_right_md":"","margin_top_lg":"","margin_bottom_lg":"","margin_left_lg":"","margin_right_lg":""}}],"section_heading":"","section_class":"","module_padding":{"":null,"padding_top_xs":"","padding_bottom_xs":"","padding_left_xs":"","padding_right_xs":"","padding_top_md":"","padding_bottom_md":"","padding_left_md":"","padding_right_md":"","padding_top_lg":"","padding_bottom_lg":"","padding_left_lg":"","padding_right_lg":""},"module_margin":{"":null,"margin_top_xs":"","margin_bottom_xs":"","margin_left_xs":"","margin_right_xs":"","margin_top_md":"","margin_bottom_md":"","margin_left_md":"","margin_right_md":"","margin_top_lg":"","margin_bottom_lg":"","margin_left_lg":"","margin_right_lg":""}},{"acf_fc_layout":"module_section","row":[{"column_gap":"3","column":[{"module":[{"acf_fc_layout":"rich_media_block","image":false,"header":{"":null,"title":"Universal Business Team: Unsere Unternehmensberatung","heading_level":"h2","header_styles":{"":null,"background_colour":"","background_image":false,"text_colour":"orange"},"make_separator":true},"content":"<p><span data-contrast=\"auto\">Das <\/span><a href=\"http:\/\/www.universalbusinessteam.com\/\"><span data-contrast=\"auto\">Universal Business Team (UBT)<\/span><\/a><span data-contrast=\"auto\"> ist ein globales Unternehmen, das Beratungs- und Gruppeneinkaufsdienste, Unternehmensschulungen, Beratung, F\u00fchrung und Mentoring f\u00fcr Unternehmen anbietet, die Mitgliedern unserer Kirche geh\u00f6ren und von diesen betrieben werden. <\/span> <span data-ccp-props=\"{\"201341983\":0,\"335559739\":0,\"335559740\":240}\"> <\/span><\/p>\n<p><span data-contrast=\"auto\">UBT ist eine innovative Organisation, die sich darauf konzentriert, Unternehmen beim Wachstum zu unterst\u00fctzen, indem sie die neuesten Technologie- und F\u00fchrungsstrategien entwickelt und einsetzt.<\/span><span data-ccp-props=\"{\"201341983\":0,\"335559739\":0,\"335559740\":240}\"> <\/span><\/p>\n<p><span data-contrast=\"auto\">Die Belegschaft der UBT setzt sich sowohl aus Mitarbeitern der PBCC-Gemeinschaft als auch aus Personen zusammen, die nicht mit der Kirche verbunden sind. UBT unterst\u00fctzt gro\u00dfz\u00fcgig Bildungs- und Wohlt\u00e4tigkeitsarbeit. <\/span><span data-ccp-props=\"{\"201341983\":0,\"335559739\":0,\"335559740\":240}\"> <\/span><\/p>\n","enable_button":true,"button":{"button_text":"Erfahre mehr \u00fcber UBT","button_url":{"title":"Erfahre mehr \u00fcber UBT","url":"http:\/\/www.universalbusinessteam.com","target":"_blank"},"open_in_new_tab":true,"button_class":""},"class":""}],"columns_sm":"none","columns_md":"8","columns_lg":"none"},{"module":[{"acf_fc_layout":"image_module","header":{"":null,"title":"","heading_level":"h2","header_styles":{"":null,"background_colour":"","background_image":false,"text_colour":"white"},"make_separator":false},"image":6739,"class":"","image_size":"large"}],"columns_sm":"none","columns_md":"4","columns_lg":"none"}],"row_class":"","module_padding":{"":null,"padding_top_xs":"","padding_bottom_xs":"","padding_left_xs":"","padding_right_xs":"","padding_top_md":"","padding_bottom_md":"","padding_left_md":"","padding_right_md":"","padding_top_lg":"","padding_bottom_lg":"","padding_left_lg":"","padding_right_lg":""},"module_margin":{"":null,"margin_top_xs":"","margin_bottom_xs":"","margin_left_xs":"","margin_right_xs":"","margin_top_md":"","margin_bottom_md":"","margin_left_md":"","margin_right_md":"","margin_top_lg":"","margin_bottom_lg":"","margin_left_lg":"","margin_right_lg":""}}],"section_heading":"","section_class":"","module_padding":{"":null,"padding_top_xs":"","padding_bottom_xs":"","padding_left_xs":"","padding_right_xs":"","padding_top_md":"","padding_bottom_md":"","padding_left_md":"","padding_right_md":"","padding_top_lg":"","padding_bottom_lg":"","padding_left_lg":"","padding_right_lg":""},"module_margin":{"":null,"margin_top_xs":"","margin_bottom_xs":"","margin_left_xs":"","margin_right_xs":"","margin_top_md":"","margin_bottom_md":"","margin_left_md":"","margin_right_md":"","margin_top_lg":"","margin_bottom_lg":"","margin_left_lg":"","margin_right_lg":""}},{"acf_fc_layout":"module_section","row":[{"column_gap":"3","column":[{"module":[{"acf_fc_layout":"rich_media_block","image":false,"header":{"":null,"title":"Campus&Co: Unsere Ladenkette","heading_level":"h2","header_styles":{"":null,"background_colour":"","background_image":false,"text_colour":"orange"},"make_separator":true},"content":"<p><span data-contrast=\"auto\"><span class=\"TextRun SCXW86808884 BCX8\" lang=\"EN-US\" xml:lang=\"EN-US\" data-contrast=\"auto\"><span class=\"NormalTextRun SpellingErrorV2Themed SCXW86808884 BCX8\">Cam<\/span><span class=\"NormalTextRun SpellingErrorV2Themed SCXW86808884 BCX8\">pus<\/span><span class=\"NormalTextRun SpellingErrorV2Themed SCXW86808884 BCX8\">&#038;Co<\/span><span class=\"NormalTextRun SCXW86808884 BCX8\"> ist eine globale Kette von Gesch\u00e4ften, die<\/span><span class=\"NormalTextRun SCXW86808884 BCX8\"><\/span><span class=\"NormalTextRun SCXW86808884 BCX8\">  die von lokalen Freiwilligen der Kirche geleitet werden. Alle Gewinne, die die Filialen erzielen, werden \u00fcber das Rapid Relief Team (RRT) wieder in die Gemeinschaft investiert.   <\/span><span class=\"NormalTextRun SpellingErrorV2Themed SCXW86808884 BCX8\">OneSchool<\/span><span class=\"NormalTextRun SCXW86808884 BCX8\"> Global (OSG). <\/span> <\/span> <\/span><\/p>\n","enable_button":false,"button":{"button_text":"","button_url":null,"open_in_new_tab":false,"button_class":""},"class":""}],"columns_sm":"none","columns_md":"8","columns_lg":"none"},{"module":[{"acf_fc_layout":"image_module","header":{"":null,"title":"","heading_level":"h2","header_styles":{"":null,"background_colour":"","background_image":false,"text_colour":"white"},"make_separator":false},"image":6746,"class":"","image_size":"large"}],"columns_sm":"none","columns_md":"4","columns_lg":"none"}],"row_class":"","module_padding":{"":null,"padding_top_xs":"","padding_bottom_xs":"","padding_left_xs":"","padding_right_xs":"","padding_top_md":"","padding_bottom_md":"","padding_left_md":"","padding_right_md":"","padding_top_lg":"","padding_bottom_lg":"","padding_left_lg":"","padding_right_lg":""},"module_margin":{"":null,"margin_top_xs":"","margin_bottom_xs":"","margin_left_xs":"","margin_right_xs":"","margin_top_md":"","margin_bottom_md":"","margin_left_md":"","margin_right_md":"","margin_top_lg":"","margin_bottom_lg":"","margin_left_lg":"","margin_right_lg":""}}],"section_heading":"","section_class":"","module_padding":{"":null,"padding_top_xs":"","padding_bottom_xs":"","padding_left_xs":"","padding_right_xs":"","padding_top_md":"","padding_bottom_md":"","padding_left_md":"","padding_right_md":"","padding_top_lg":"","padding_bottom_lg":"","padding_left_lg":"","padding_right_lg":""},"module_margin":{"":null,"margin_top_xs":"","margin_bottom_xs":"","margin_left_xs":"","margin_right_xs":"","margin_top_md":"","margin_bottom_md":"","margin_left_md":"","margin_right_md":"","margin_top_lg":"","margin_bottom_lg":"","margin_left_lg":"","margin_right_lg":""}},{"acf_fc_layout":"social_media_feed","section_heading":"Bleiben Sie in Verbindung","content":"<p>Bleiben Sie auf dem Laufenden \u00fcber die Plymouth Brethren Christian Church (PBCC) und abonnieren Sie unseren YouTube-Kanal.<\/p>\n","text_color":"--color-foxtrot","feed_shortcode":"[youtube-feed feed=2]","width":"full_width","row_class":"","section_class":"background-overlay","background_image":"https:\/\/www.plymouthbrethrenchristianchurch.org\/wp-content\/uploads\/2020\/06\/gospel-hall-design-plymouth-brethren.jpg","background_color":"--color-bravo","module_padding":{"":null,"padding_top_xs":"","padding_bottom_xs":"","padding_left_xs":"","padding_right_xs":"","padding_top_md":"","padding_bottom_md":"","padding_left_md":"","padding_right_md":"","padding_top_lg":"","padding_bottom_lg":"","padding_left_lg":"","padding_right_lg":""}}]},"yoast_head":"<!-- This site is optimized with the Yoast SEO plugin v25.2 - https:\/\/yoast.com\/wordpress\/plugins\/seo\/ -->\n<title>Unser Netzwerk | Plymouth Brethren Christian Church<\/title>\n<meta name=\"description\" content=\"Besuchen Sie die Seite unseres Netzwerks auf der Website der Kirche, einer christlichen Gemeinschaft, die sich auf die Heilige Schrift als Wort Gottes st\u00fctzt.\" \/>\n<meta name=\"robots\" content=\"index, follow, max-snippet:-1, max-image-preview:large, max-video-preview:-1\" \/>\n<link rel=\"canonical\" href=\"https:\/\/www.plymouthbrethrenchristianchurch.org\/de\/community\/unser-netzwerk\/\" \/>\n<meta property=\"og:locale\" content=\"de_DE\" \/>\n<meta property=\"og:type\" content=\"article\" \/>\n<meta property=\"og:title\" content=\"Unser Netzwerk | Plymouth Brethren Christian Church\" \/>\n<meta property=\"og:description\" content=\"Besuchen Sie die Seite unseres Netzwerks auf der Website der Kirche, einer christlichen Gemeinschaft, die sich auf die Heilige Schrift als Wort Gottes st\u00fctzt.\" \/>\n<meta property=\"og:url\" content=\"https:\/\/www.plymouthbrethrenchristianchurch.org\/de\/community\/unser-netzwerk\/\" \/>\n<meta property=\"og:site_name\" content=\"Plymouth Brethren Christian Church\" \/>\n<meta property=\"article:publisher\" content=\"https:\/\/www.facebook.com\/PlymouthBrethrenChristianChurch\" \/>\n<meta property=\"article:modified_time\" content=\"2025-08-11T00:21:14+00:00\" \/>\n<meta name=\"twitter:card\" content=\"summary_large_image\" \/>\n<script type=\"application\/ld+json\" class=\"yoast-schema-graph\">{\"@context\":\"https:\/\/schema.org\",\"@graph\":[{\"@type\":\"WebPage\",\"@id\":\"https:\/\/www.plymouthbrethrenchristianchurch.org\/de\/community\/unser-netzwerk\/\",\"url\":\"https:\/\/www.plymouthbrethrenchristianchurch.org\/de\/community\/unser-netzwerk\/\",\"name\":\"Unser Netzwerk | Plymouth Brethren Christian Church\",\"isPartOf\":{\"@id\":\"https:\/\/www.plymouthbrethrenchristianchurch.org\/#website\"},\"datePublished\":\"2024-02-29T05:00:44+00:00\",\"dateModified\":\"2025-08-11T00:21:14+00:00\",\"description\":\"Besuchen Sie die Seite unseres Netzwerks auf der Website der Kirche, einer christlichen Gemeinschaft, die sich auf die Heilige Schrift als Wort Gottes st\u00fctzt.\",\"breadcrumb\":{\"@id\":\"https:\/\/www.plymouthbrethrenchristianchurch.org\/de\/community\/unser-netzwerk\/#breadcrumb\"},\"inLanguage\":\"de\",\"potentialAction\":[{\"@type\":\"ReadAction\",\"target\":[\"https:\/\/www.plymouthbrethrenchristianchurch.org\/de\/community\/unser-netzwerk\/\"]}]},{\"@type\":\"BreadcrumbList\",\"@id\":\"https:\/\/www.plymouthbrethrenchristianchurch.org\/de\/community\/unser-netzwerk\/#breadcrumb\",\"itemListElement\":[{\"@type\":\"ListItem\",\"position\":1,\"name\":\"Home\",\"item\":\"https:\/\/www.plymouthbrethrenchristianchurch.org\/de\/startseite\/\"},{\"@type\":\"ListItem\",\"position\":2,\"name\":\"Lebensweise\",\"item\":\"https:\/\/www.plymouthbrethrenchristianchurch.org\/de\/community\/\"},{\"@type\":\"ListItem\",\"position\":3,\"name\":\"Unser Netzwerk\"}]},{\"@type\":\"WebSite\",\"@id\":\"https:\/\/www.plymouthbrethrenchristianchurch.org\/#website\",\"url\":\"https:\/\/www.plymouthbrethrenchristianchurch.org\/\",\"name\":\"Plymouth Brethren Christian Church\",\"description\":\"\",\"publisher\":{\"@id\":\"https:\/\/www.plymouthbrethrenchristianchurch.org\/#organization\"},\"potentialAction\":[{\"@type\":\"SearchAction\",\"target\":{\"@type\":\"EntryPoint\",\"urlTemplate\":\"https:\/\/www.plymouthbrethrenchristianchurch.org\/?s={search_term_string}\"},\"query-input\":{\"@type\":\"PropertyValueSpecification\",\"valueRequired\":true,\"valueName\":\"search_term_string\"}}],\"inLanguage\":\"de\"},{\"@type\":\"Organization\",\"@id\":\"https:\/\/www.plymouthbrethrenchristianchurch.org\/#organization\",\"name\":\"Plymouth Brethren Christian Church\",\"url\":\"https:\/\/www.plymouthbrethrenchristianchurch.org\/\",\"logo\":{\"@type\":\"ImageObject\",\"inLanguage\":\"de\",\"@id\":\"https:\/\/www.plymouthbrethrenchristianchurch.org\/#\/schema\/logo\/image\/\",\"url\":\"https:\/\/www.plymouthbrethrenchristianchurch.org\/wp-content\/uploads\/2020\/05\/site-logo.svg\",\"contentUrl\":\"https:\/\/www.plymouthbrethrenchristianchurch.org\/wp-content\/uploads\/2020\/05\/site-logo.svg\",\"caption\":\"Plymouth Brethren Christian Church\"},\"image\":{\"@id\":\"https:\/\/www.plymouthbrethrenchristianchurch.org\/#\/schema\/logo\/image\/\"},\"sameAs\":[\"https:\/\/www.facebook.com\/PlymouthBrethrenChristianChurch\",\"https:\/\/www.youtube.com\/channel\/UC76fGueDJBbLvhs988yTBXQ\",\"https:\/\/www.pinterest.com.au\/plymouthbcc\/\"]}]}<\/script>\n<!-- \/ Yoast SEO plugin. -->","yoast_head_json":{"title":"Unser Netzwerk | Plymouth Brethren Christian Church","description":"Besuchen Sie die Seite unseres Netzwerks auf der Website der Kirche, einer christlichen Gemeinschaft, die sich auf die Heilige Schrift als Wort Gottes st\u00fctzt.","robots":{"index":"index","follow":"follow","max-snippet":"max-snippet:-1","max-image-preview":"max-image-preview:large","max-video-preview":"max-video-preview:-1"},"canonical":"https:\/\/www.plymouthbrethrenchristianchurch.org\/de\/community\/unser-netzwerk\/","og_locale":"de_DE","og_type":"article","og_title":"Unser Netzwerk | Plymouth Brethren Christian Church","og_description":"Besuchen Sie die Seite unseres Netzwerks auf der Website der Kirche, einer christlichen Gemeinschaft, die sich auf die Heilige Schrift als Wort Gottes st\u00fctzt.","og_url":"https:\/\/www.plymouthbrethrenchristianchurch.org\/de\/community\/unser-netzwerk\/","og_site_name":"Plymouth Brethren Christian Church","article_publisher":"https:\/\/www.facebook.com\/PlymouthBrethrenChristianChurch","article_modified_time":"2025-08-11T00:21:14+00:00","twitter_card":"summary_large_image","schema":{"@context":"https:\/\/schema.org","@graph":[{"@type":"WebPage","@id":"https:\/\/www.plymouthbrethrenchristianchurch.org\/de\/community\/unser-netzwerk\/","url":"https:\/\/www.plymouthbrethrenchristianchurch.org\/de\/community\/unser-netzwerk\/","name":"Unser Netzwerk | Plymouth Brethren Christian Church","isPartOf":{"@id":"https:\/\/www.plymouthbrethrenchristianchurch.org\/#website"},"datePublished":"2024-02-29T05:00:44+00:00","dateModified":"2025-08-11T00:21:14+00:00","description":"Besuchen Sie die Seite unseres Netzwerks auf der Website der Kirche, einer christlichen Gemeinschaft, die sich auf die Heilige Schrift als Wort Gottes st\u00fctzt.","breadcrumb":{"@id":"https:\/\/www.plymouthbrethrenchristianchurch.org\/de\/community\/unser-netzwerk\/#breadcrumb"},"inLanguage":"de","potentialAction":[{"@type":"ReadAction","target":["https:\/\/www.plymouthbrethrenchristianchurch.org\/de\/community\/unser-netzwerk\/"]}]},{"@type":"BreadcrumbList","@id":"https:\/\/www.plymouthbrethrenchristianchurch.org\/de\/community\/unser-netzwerk\/#breadcrumb","itemListElement":[{"@type":"ListItem","position":1,"name":"Home","item":"https:\/\/www.plymouthbrethrenchristianchurch.org\/de\/startseite\/"},{"@type":"ListItem","position":2,"name":"Lebensweise","item":"https:\/\/www.plymouthbrethrenchristianchurch.org\/de\/community\/"},{"@type":"ListItem","position":3,"name":"Unser Netzwerk"}]},{"@type":"WebSite","@id":"https:\/\/www.plymouthbrethrenchristianchurch.org\/#website","url":"https:\/\/www.plymouthbrethrenchristianchurch.org\/","name":"Plymouth Brethren Christian Church","description":"","publisher":{"@id":"https:\/\/www.plymouthbrethrenchristianchurch.org\/#organization"},"potentialAction":[{"@type":"SearchAction","target":{"@type":"EntryPoint","urlTemplate":"https:\/\/www.plymouthbrethrenchristianchurch.org\/?s={search_term_string}"},"query-input":{"@type":"PropertyValueSpecification","valueRequired":true,"valueName":"search_term_string"}}],"inLanguage":"de"},{"@type":"Organization","@id":"https:\/\/www.plymouthbrethrenchristianchurch.org\/#organization","name":"Plymouth Brethren Christian Church","url":"https:\/\/www.plymouthbrethrenchristianchurch.org\/","logo":{"@type":"ImageObject","inLanguage":"de","@id":"https:\/\/www.plymouthbrethrenchristianchurch.org\/#\/schema\/logo\/image\/","url":"https:\/\/www.plymouthbrethrenchristianchurch.org\/wp-content\/uploads\/2020\/05\/site-logo.svg","contentUrl":"https:\/\/www.plymouthbrethrenchristianchurch.org\/wp-content\/uploads\/2020\/05\/site-logo.svg","caption":"Plymouth Brethren Christian Church"},"image":{"@id":"https:\/\/www.plymouthbrethrenchristianchurch.org\/#\/schema\/logo\/image\/"},"sameAs":["https:\/\/www.facebook.com\/PlymouthBrethrenChristianChurch","https:\/\/www.youtube.com\/channel\/UC76fGueDJBbLvhs988yTBXQ","https:\/\/www.pinterest.com.au\/plymouthbcc\/"]}]}},"_links":{"self":[{"href":"https:\/\/www.plymouthbrethrenchristianchurch.org\/de\/wp-json\/wp\/v2\/pages\/5659"}],"collection":[{"href":"https:\/\/www.plymouthbrethrenchristianchurch.org\/de\/wp-json\/wp\/v2\/pages"}],"about":[{"href":"https:\/\/www.plymouthbrethrenchristianchurch.org\/de\/wp-json\/wp\/v2\/types\/page"}],"author":[{"embeddable":true,"href":"https:\/\/www.plymouthbrethrenchristianchurch.org\/de\/wp-json\/wp\/v2\/users\/13"}],"replies":[{"embeddable":true,"href":"https:\/\/www.plymouthbrethrenchristianchurch.org\/de\/wp-json\/wp\/v2\/comments?post=5659"}],"version-history":[{"count":2,"href":"https:\/\/www.plymouthbrethrenchristianchurch.org\/de\/wp-json\/wp\/v2\/pages\/5659\/revisions"}],"predecessor-version":[{"id":9281,"href":"https:\/\/www.plymouthbrethrenchristianchurch.org\/de\/wp-json\/wp\/v2\/pages\/5659\/revisions\/9281"}],"up":[{"embeddable":true,"href":"https:\/\/www.plymouthbrethrenchristianchurch.org\/de\/wp-json\/wp\/v2\/pages\/2902"}],"wp:attachment":[{"href":"https:\/\/www.plymouthbrethrenchristianchurch.org\/de\/wp-json\/wp\/v2\/media?parent=5659"}],"curies":[{"name":"wp","href":"https:\/\/api.w.org\/{rel}","templated":true}]}}