{"id":2767,"date":"2020-04-30T06:00:49","date_gmt":"2020-04-29T20:00:49","guid":{"rendered":"https:\/\/www.plymouthbrethrenchristianchurch.org\/quienes-somos\/"},"modified":"2025-06-18T01:08:39","modified_gmt":"2025-06-17T15:08:39","slug":"quienes-somos","status":"publish","type":"page","link":"https:\/\/www.plymouthbrethrenchristianchurch.org\/es\/comunidad\/quienes-somos\/","title":{"rendered":"Nuestras creencias"},"content":{"rendered":"","protected":false},"excerpt":{"rendered":"<p>Vivimos, trabajamos y oramos como &#8216;Hermanos&#8217;, una comunidad de familias unidas por nuestra creencia cristiana com\u00fan.<\/p>\n","protected":false},"author":1,"featured_media":0,"parent":2896,"menu_order":2,"comment_status":"closed","ping_status":"closed","template":"page-templates\/acf-flexible-content.php","meta":{"_acf_changed":false,"_relevanssi_hide_post":"","_relevanssi_hide_content":"","_relevanssi_pin_for_all":"","_relevanssi_pin_keywords":"","_relevanssi_unpin_keywords":"","_relevanssi_related_keywords":"","_relevanssi_related_include_ids":"","_relevanssi_related_exclude_ids":"","_relevanssi_related_no_append":"","_relevanssi_related_not_related":"","_relevanssi_related_posts":"","_relevanssi_noindex_reason":"","inline_featured_image":false,"footnotes":""},"class_list":["post-2767","page","type-page","status-publish","hentry"],"acf":{"post_page_video":"","content":[{"acf_fc_layout":"page_header_with_links","override_title":true,"custom_title":"","intro_text":"<p>Obtenga m\u00e1s informaci\u00f3n sobre nuestras creencias como miembros de la Iglesia Cristiana de los Hermanos de Plymouth (PBCC).<\/p>\n","enable_button":false,"button":{"button_text":"","button_url":"","open_in_new_tab":false,"button_class":""},"link_source":"off","select_a_menu":false,"menu_title":"","custom_links":false,"header_styles":{"":null,"background_colour":"#ffffff","background_image":5549,"text_colour":"black"},"row_class":""},{"acf_fc_layout":"rich_text_section","section_heading":"","content":"<p>Las personas de las religiones de todo el mundo expresan su fe de diferentes maneras. El v\u00ednculo com\u00fan entre las personas con fe, y las que no la tienen, es una conexi\u00f3n con la comunidad, el intercambio de creencias y tradiciones comunes transmitidas de generaci\u00f3n en generaci\u00f3n. <\/p>\n<p>La expresi\u00f3n de nuestra fe no es muy diferente a la de otras religiones convencionales, y aunque los malentendidos pueden surgir de la falta de familiaridad con nuestras creencias, nuestra fe se basa en una estrecha conexi\u00f3n con la familia y con nuestros dem\u00e1s miembros, y en el deseo de hacer el bien y servir.<\/p>\n","width":"full_width","centered":false,"row_class":"","module_padding":{"":null,"padding_top_xs":"","padding_bottom_xs":"","padding_left_xs":"","padding_right_xs":"","padding_top_md":"","padding_bottom_md":"","padding_left_md":"","padding_right_md":"","padding_top_lg":"","padding_bottom_lg":"","padding_left_lg":"","padding_right_lg":""}},{"acf_fc_layout":"module_section","row":[{"column_gap":"3","column":[{"module":[{"acf_fc_layout":"rich_media_block","image":false,"header":{"":null,"title":"El compa\u00f1erismo es fundamental para nuestra fe","heading_level":"h2","header_styles":{"":null,"background_colour":"","background_image":false,"text_colour":"orange"},"make_separator":true},"content":"<p><span data-contrast=\"auto\">Nos comprometemos a comer y beber solo con aquellos con quienes celebramos la Cena del Se\u00f1or, tambi\u00e9n conocida como la Santa Comuni\u00f3n. Celebramos la Cena del Se\u00f1or todos los domingos en peque\u00f1os grupos, y esta ocasi\u00f3n de compa\u00f1erismo es nuestro compromiso mutuo para vivir una vida de pureza, de acuerdo con las Escrituras. <\/span><span data-ccp-props=\"{\"201341983\":0,\"335559740\":240}\"> <\/span><\/p>\n<p><span data-contrast=\"auto\">Para aquellos que no est\u00e1n familiarizados con las ense\u00f1anzas cristianas, este compromiso puede sonar inusual o extra\u00f1o, podemos entenderlo, pero no hay nada misterioso en \u00e9l.<\/span><span data-ccp-props=\"{\"201341983\":0,\"335559740\":240}\"> <\/span><\/p>\n<p><span data-contrast=\"auto\">La comuni\u00f3n con nuestra comunidad no significa que nos aislemos del mundo. Vivimos y trabajamos armoniosamente junto a todas las personas, en la sociedad en general, interactuando con la comunidad en general, ya sea a trav\u00e9s de nuestro trabajo de caridad, nuestras escuelas o en los negocios.   <\/span><span data-ccp-props=\"{\"201341983\":0,\"335559739\":0,\"335559740\":240}\"> <\/span><\/p>\n","enable_button":false,"button":{"button_text":"","button_url":null,"open_in_new_tab":false,"button_class":""},"class":""}],"columns_sm":"none","columns_md":"8","columns_lg":"none"},{"module":[{"acf_fc_layout":"image_module","header":{"":null,"title":"","heading_level":"h2","header_styles":{"":null,"background_colour":"","background_image":false,"text_colour":"white"},"make_separator":false},"image":6709,"class":"","image_size":"large"}],"columns_sm":"none","columns_md":"4","columns_lg":"none"}],"row_class":"","module_padding":{"":null,"padding_top_xs":"","padding_bottom_xs":"","padding_left_xs":"","padding_right_xs":"","padding_top_md":"","padding_bottom_md":"","padding_left_md":"","padding_right_md":"","padding_top_lg":"","padding_bottom_lg":"","padding_left_lg":"","padding_right_lg":""},"module_margin":{"":null,"margin_top_xs":"","margin_bottom_xs":"","margin_left_xs":"","margin_right_xs":"","margin_top_md":"","margin_bottom_md":"","margin_left_md":"","margin_right_md":"","margin_top_lg":"","margin_bottom_lg":"","margin_left_lg":"","margin_right_lg":""}}],"section_heading":"","section_class":"","module_padding":{"":null,"padding_top_xs":"","padding_bottom_xs":"","padding_left_xs":"","padding_right_xs":"","padding_top_md":"","padding_bottom_md":"","padding_left_md":"","padding_right_md":"","padding_top_lg":"","padding_bottom_lg":"","padding_left_lg":"","padding_right_lg":""},"module_margin":{"":null,"margin_top_xs":"","margin_bottom_xs":"","margin_left_xs":"","margin_right_xs":"","margin_top_md":"","margin_bottom_md":"","margin_left_md":"","margin_right_md":"","margin_top_lg":"","margin_bottom_lg":"","margin_left_lg":"","margin_right_lg":""}},{"acf_fc_layout":"module_section","row":[{"column_gap":"3","column":[{"module":[{"acf_fc_layout":"rich_media_block","image":false,"header":{"":null,"title":"Creemos en las ense\u00f1anzas de la Biblia","heading_level":"h2","header_styles":{"":null,"background_colour":"","background_image":false,"text_colour":"orange"},"make_separator":true},"content":"<p><span data-contrast=\"auto\"><span class=\"TextRun SCXW91039341 BCX8\" lang=\"EN-US\" xml:lang=\"EN-US\" data-contrast=\"auto\"><span class=\"NormalTextRun SCXW91039341 BCX8\">Como todos los cristianos, vuestra<\/span><span class=\"NormalTextRun SCXW91039341 BCX8\"> <\/span><span class=\"NormalTextRun ContextualSpellingAndGrammarErrorV2Themed SCXW91039341 BCX8\">comunidad<\/span><span class=\"NormalTextRun SCXW91039341 BCX8\">  est\u00e1 unido en nuestra creencia cristiana compartida fundada en la Santa Biblia. Nos reunimos regularmente en sencillos Salones Evang\u00e9licos para orar juntos, y nos congregamos todos los domingos para celebrar la Cena del Se\u00f1or. <\/span><\/span><\/span><\/p>\n<p>Para nuestros miembros, la Santa Biblia es un compa\u00f1ero esencial y una gu\u00eda autorizada a lo largo de la vida. Desde la m\u00e1s temprana edad, a los miembros j\u00f3venes se les lee y se les ense\u00f1an las historias b\u00edblicas que han inspirado a millones de personas a lo largo de los siglos. <\/p>\n<p>La Biblia no es un libro cualquiera. Es un libro provisto por Dios para el hombre. Es la Palabra de Dios absoluta, infalible e inspirada.  <\/p>\n","enable_button":false,"button":{"button_text":"M\u00e1s informaci\u00f3n sobre RRT","button_url":{"title":"","url":"http:\/\/www.rrtglobal.org","target":""},"open_in_new_tab":false,"button_class":""},"class":""}],"columns_sm":"none","columns_md":"8","columns_lg":"none"},{"module":[{"acf_fc_layout":"image_module","header":{"":null,"title":"","heading_level":"h2","header_styles":{"":null,"background_colour":"","background_image":false,"text_colour":"white"},"make_separator":false},"image":6564,"class":"","image_size":"large"}],"columns_sm":"none","columns_md":"4","columns_lg":"none"}],"row_class":"","module_padding":{"":null,"padding_top_xs":"","padding_bottom_xs":"","padding_left_xs":"","padding_right_xs":"","padding_top_md":"","padding_bottom_md":"","padding_left_md":"","padding_right_md":"","padding_top_lg":"","padding_bottom_lg":"","padding_left_lg":"","padding_right_lg":""},"module_margin":{"":null,"margin_top_xs":"","margin_bottom_xs":"","margin_left_xs":"","margin_right_xs":"","margin_top_md":"","margin_bottom_md":"","margin_left_md":"","margin_right_md":"","margin_top_lg":"","margin_bottom_lg":"","margin_left_lg":"","margin_right_lg":""}}],"section_heading":"","section_class":"","module_padding":{"":null,"padding_top_xs":"","padding_bottom_xs":"","padding_left_xs":"","padding_right_xs":"","padding_top_md":"","padding_bottom_md":"","padding_left_md":"","padding_right_md":"","padding_top_lg":"","padding_bottom_lg":"","padding_left_lg":"","padding_right_lg":""},"module_margin":{"":null,"margin_top_xs":"","margin_bottom_xs":"","margin_left_xs":"","margin_right_xs":"","margin_top_md":"","margin_bottom_md":"","margin_left_md":"","margin_right_md":"","margin_top_lg":"","margin_bottom_lg":"","margin_left_lg":"","margin_right_lg":""}},{"acf_fc_layout":"module_section","row":[{"column_gap":"3","column":[{"module":[{"acf_fc_layout":"rich_media_block","image":false,"header":{"":null,"title":"Practicamos activamente el cristianismo a trav\u00e9s del cuidado y la compasi\u00f3n","heading_level":"h2","header_styles":{"":null,"background_colour":"","background_image":false,"text_colour":"orange"},"make_separator":true},"content":"<p><span data-contrast=\"auto\">Somos una Iglesia construida sobre los valores cristianos tradicionales. A trav\u00e9s del servicio a nuestra familia, vecinos y comunidad local y global, creemos en el poder de poner en pr\u00e1ctica nuestro cuidado y compasi\u00f3n.   <\/span><span data-ccp-props=\"{\"201341983\":0,\"335559740\":240}\"> <\/span><\/p>\n<p><span data-contrast=\"auto\">Una forma en que contribuimos a la sociedad es a trav\u00e9s de nuestro brazo caritativo, el Equipo de Socorro R\u00e1pido (RRT), que est\u00e1 respaldado por 14,500 voluntarios de nuestra comunidad que ofrecen activamente una mano amiga a los servicios de emergencia, j\u00f3venes desfavorecidos, personas sin hogar y personas con discapacidad.  <\/span><span data-ccp-props=\"{\"201341983\":0,\"335559740\":240}\"> <\/span><\/p>\n","enable_button":true,"button":{"button_text":"M\u00e1s informaci\u00f3n sobre RRT","button_url":{"title":"","url":"http:\/\/www.rrtglobal.org","target":""},"open_in_new_tab":false,"button_class":""},"class":""}],"columns_sm":"none","columns_md":"8","columns_lg":"none"},{"module":[{"acf_fc_layout":"image_module","header":{"":null,"title":"","heading_level":"h2","header_styles":{"":null,"background_colour":"","background_image":false,"text_colour":"white"},"make_separator":false},"image":6716,"class":"","image_size":"large"}],"columns_sm":"none","columns_md":"4","columns_lg":"none"}],"row_class":"","module_padding":{"":null,"padding_top_xs":"","padding_bottom_xs":"","padding_left_xs":"","padding_right_xs":"","padding_top_md":"","padding_bottom_md":"","padding_left_md":"","padding_right_md":"","padding_top_lg":"","padding_bottom_lg":"","padding_left_lg":"","padding_right_lg":""},"module_margin":{"":null,"margin_top_xs":"","margin_bottom_xs":"","margin_left_xs":"","margin_right_xs":"","margin_top_md":"","margin_bottom_md":"","margin_left_md":"","margin_right_md":"","margin_top_lg":"","margin_bottom_lg":"","margin_left_lg":"","margin_right_lg":""}}],"section_heading":"","section_class":"","module_padding":{"":null,"padding_top_xs":"","padding_bottom_xs":"","padding_left_xs":"","padding_right_xs":"","padding_top_md":"","padding_bottom_md":"","padding_left_md":"","padding_right_md":"","padding_top_lg":"","padding_bottom_lg":"","padding_left_lg":"","padding_right_lg":""},"module_margin":{"":null,"margin_top_xs":"","margin_bottom_xs":"","margin_left_xs":"","margin_right_xs":"","margin_top_md":"","margin_bottom_md":"","margin_left_md":"","margin_right_md":"","margin_top_lg":"","margin_bottom_lg":"","margin_left_lg":"","margin_right_lg":""}},{"acf_fc_layout":"social_media_feed","section_heading":"Mantente conectado","content":"<p>Mantente al d\u00eda con la Iglesia Cristiana de los Hermanos de Plymouth (PBCC) y suscr\u00edbete a nuestro canal de YouTube.<\/p>\n","text_color":"--color-foxtrot","feed_shortcode":"[youtube-feed feed=2]","width":"full_width","row_class":"","section_class":"background-overlay","background_image":"https:\/\/www.plymouthbrethrenchristianchurch.org\/wp-content\/uploads\/2020\/06\/gospel-hall-design-plymouth-brethren.jpg","background_color":"--color-bravo","module_padding":{"":null,"padding_top_xs":"","padding_bottom_xs":"","padding_left_xs":"","padding_right_xs":"","padding_top_md":"","padding_bottom_md":"","padding_left_md":"","padding_right_md":"","padding_top_lg":"","padding_bottom_lg":"","padding_left_lg":"","padding_right_lg":""}}]},"yoast_head":"<!-- This site is optimized with the Yoast SEO plugin v25.2 - https:\/\/yoast.com\/wordpress\/plugins\/seo\/ -->\n<title>Nuestras creencias | Plymouth Brethren Christian Church<\/title>\n<meta name=\"description\" content=\"Visite la p\u00e1gina Nuestras creencias en el sitio web de la Iglesia, una comunidad cristiana basada en la Santa Biblia como la Palabra de Dios.\" \/>\n<meta name=\"robots\" content=\"index, follow, max-snippet:-1, max-image-preview:large, max-video-preview:-1\" \/>\n<link rel=\"canonical\" href=\"https:\/\/www.plymouthbrethrenchristianchurch.org\/es\/comunidad\/quienes-somos\/\" \/>\n<meta property=\"og:locale\" content=\"es_ES\" \/>\n<meta property=\"og:type\" content=\"article\" \/>\n<meta property=\"og:title\" content=\"Nuestras creencias | Plymouth Brethren Christian Church\" \/>\n<meta property=\"og:description\" content=\"Visite la p\u00e1gina Nuestras creencias en el sitio web de la Iglesia, una comunidad cristiana basada en la Santa Biblia como la Palabra de Dios.\" \/>\n<meta property=\"og:url\" content=\"https:\/\/www.plymouthbrethrenchristianchurch.org\/es\/comunidad\/quienes-somos\/\" \/>\n<meta property=\"og:site_name\" content=\"Plymouth Brethren Christian Church\" \/>\n<meta property=\"article:publisher\" content=\"https:\/\/www.facebook.com\/PlymouthBrethrenChristianChurch\" \/>\n<meta property=\"article:modified_time\" content=\"2025-06-17T15:08:39+00:00\" \/>\n<meta name=\"twitter:card\" content=\"summary_large_image\" \/>\n<script type=\"application\/ld+json\" class=\"yoast-schema-graph\">{\"@context\":\"https:\/\/schema.org\",\"@graph\":[{\"@type\":\"WebPage\",\"@id\":\"https:\/\/www.plymouthbrethrenchristianchurch.org\/es\/comunidad\/quienes-somos\/\",\"url\":\"https:\/\/www.plymouthbrethrenchristianchurch.org\/es\/comunidad\/quienes-somos\/\",\"name\":\"Nuestras creencias | Plymouth Brethren Christian Church\",\"isPartOf\":{\"@id\":\"https:\/\/www.plymouthbrethrenchristianchurch.org\/#website\"},\"datePublished\":\"2020-04-29T20:00:49+00:00\",\"dateModified\":\"2025-06-17T15:08:39+00:00\",\"description\":\"Visite la p\u00e1gina Nuestras creencias en el sitio web de la Iglesia, una comunidad cristiana basada en la Santa Biblia como la Palabra de Dios.\",\"breadcrumb\":{\"@id\":\"https:\/\/www.plymouthbrethrenchristianchurch.org\/es\/comunidad\/quienes-somos\/#breadcrumb\"},\"inLanguage\":\"es\",\"potentialAction\":[{\"@type\":\"ReadAction\",\"target\":[\"https:\/\/www.plymouthbrethrenchristianchurch.org\/es\/comunidad\/quienes-somos\/\"]}]},{\"@type\":\"BreadcrumbList\",\"@id\":\"https:\/\/www.plymouthbrethrenchristianchurch.org\/es\/comunidad\/quienes-somos\/#breadcrumb\",\"itemListElement\":[{\"@type\":\"ListItem\",\"position\":1,\"name\":\"Home\",\"item\":\"https:\/\/www.plymouthbrethrenchristianchurch.org\/es\/casa\/\"},{\"@type\":\"ListItem\",\"position\":2,\"name\":\"Forma de vida\",\"item\":\"https:\/\/www.plymouthbrethrenchristianchurch.org\/es\/comunidad\/\"},{\"@type\":\"ListItem\",\"position\":3,\"name\":\"Nuestras creencias\"}]},{\"@type\":\"WebSite\",\"@id\":\"https:\/\/www.plymouthbrethrenchristianchurch.org\/#website\",\"url\":\"https:\/\/www.plymouthbrethrenchristianchurch.org\/\",\"name\":\"Plymouth Brethren Christian Church\",\"description\":\"\",\"publisher\":{\"@id\":\"https:\/\/www.plymouthbrethrenchristianchurch.org\/#organization\"},\"potentialAction\":[{\"@type\":\"SearchAction\",\"target\":{\"@type\":\"EntryPoint\",\"urlTemplate\":\"https:\/\/www.plymouthbrethrenchristianchurch.org\/?s={search_term_string}\"},\"query-input\":{\"@type\":\"PropertyValueSpecification\",\"valueRequired\":true,\"valueName\":\"search_term_string\"}}],\"inLanguage\":\"es\"},{\"@type\":\"Organization\",\"@id\":\"https:\/\/www.plymouthbrethrenchristianchurch.org\/#organization\",\"name\":\"Plymouth Brethren Christian Church\",\"url\":\"https:\/\/www.plymouthbrethrenchristianchurch.org\/\",\"logo\":{\"@type\":\"ImageObject\",\"inLanguage\":\"es\",\"@id\":\"https:\/\/www.plymouthbrethrenchristianchurch.org\/#\/schema\/logo\/image\/\",\"url\":\"https:\/\/www.plymouthbrethrenchristianchurch.org\/wp-content\/uploads\/2020\/05\/site-logo.svg\",\"contentUrl\":\"https:\/\/www.plymouthbrethrenchristianchurch.org\/wp-content\/uploads\/2020\/05\/site-logo.svg\",\"caption\":\"Plymouth Brethren Christian Church\"},\"image\":{\"@id\":\"https:\/\/www.plymouthbrethrenchristianchurch.org\/#\/schema\/logo\/image\/\"},\"sameAs\":[\"https:\/\/www.facebook.com\/PlymouthBrethrenChristianChurch\",\"https:\/\/www.youtube.com\/channel\/UC76fGueDJBbLvhs988yTBXQ\",\"https:\/\/www.pinterest.com.au\/plymouthbcc\/\"]}]}<\/script>\n<!-- \/ Yoast SEO plugin. -->","yoast_head_json":{"title":"Nuestras creencias | Plymouth Brethren Christian Church","description":"Visite la p\u00e1gina Nuestras creencias en el sitio web de la Iglesia, una comunidad cristiana basada en la Santa Biblia como la Palabra de Dios.","robots":{"index":"index","follow":"follow","max-snippet":"max-snippet:-1","max-image-preview":"max-image-preview:large","max-video-preview":"max-video-preview:-1"},"canonical":"https:\/\/www.plymouthbrethrenchristianchurch.org\/es\/comunidad\/quienes-somos\/","og_locale":"es_ES","og_type":"article","og_title":"Nuestras creencias | Plymouth Brethren Christian Church","og_description":"Visite la p\u00e1gina Nuestras creencias en el sitio web de la Iglesia, una comunidad cristiana basada en la Santa Biblia como la Palabra de Dios.","og_url":"https:\/\/www.plymouthbrethrenchristianchurch.org\/es\/comunidad\/quienes-somos\/","og_site_name":"Plymouth Brethren Christian Church","article_publisher":"https:\/\/www.facebook.com\/PlymouthBrethrenChristianChurch","article_modified_time":"2025-06-17T15:08:39+00:00","twitter_card":"summary_large_image","schema":{"@context":"https:\/\/schema.org","@graph":[{"@type":"WebPage","@id":"https:\/\/www.plymouthbrethrenchristianchurch.org\/es\/comunidad\/quienes-somos\/","url":"https:\/\/www.plymouthbrethrenchristianchurch.org\/es\/comunidad\/quienes-somos\/","name":"Nuestras creencias | Plymouth Brethren Christian Church","isPartOf":{"@id":"https:\/\/www.plymouthbrethrenchristianchurch.org\/#website"},"datePublished":"2020-04-29T20:00:49+00:00","dateModified":"2025-06-17T15:08:39+00:00","description":"Visite la p\u00e1gina Nuestras creencias en el sitio web de la Iglesia, una comunidad cristiana basada en la Santa Biblia como la Palabra de Dios.","breadcrumb":{"@id":"https:\/\/www.plymouthbrethrenchristianchurch.org\/es\/comunidad\/quienes-somos\/#breadcrumb"},"inLanguage":"es","potentialAction":[{"@type":"ReadAction","target":["https:\/\/www.plymouthbrethrenchristianchurch.org\/es\/comunidad\/quienes-somos\/"]}]},{"@type":"BreadcrumbList","@id":"https:\/\/www.plymouthbrethrenchristianchurch.org\/es\/comunidad\/quienes-somos\/#breadcrumb","itemListElement":[{"@type":"ListItem","position":1,"name":"Home","item":"https:\/\/www.plymouthbrethrenchristianchurch.org\/es\/casa\/"},{"@type":"ListItem","position":2,"name":"Forma de vida","item":"https:\/\/www.plymouthbrethrenchristianchurch.org\/es\/comunidad\/"},{"@type":"ListItem","position":3,"name":"Nuestras creencias"}]},{"@type":"WebSite","@id":"https:\/\/www.plymouthbrethrenchristianchurch.org\/#website","url":"https:\/\/www.plymouthbrethrenchristianchurch.org\/","name":"Plymouth Brethren Christian Church","description":"","publisher":{"@id":"https:\/\/www.plymouthbrethrenchristianchurch.org\/#organization"},"potentialAction":[{"@type":"SearchAction","target":{"@type":"EntryPoint","urlTemplate":"https:\/\/www.plymouthbrethrenchristianchurch.org\/?s={search_term_string}"},"query-input":{"@type":"PropertyValueSpecification","valueRequired":true,"valueName":"search_term_string"}}],"inLanguage":"es"},{"@type":"Organization","@id":"https:\/\/www.plymouthbrethrenchristianchurch.org\/#organization","name":"Plymouth Brethren Christian Church","url":"https:\/\/www.plymouthbrethrenchristianchurch.org\/","logo":{"@type":"ImageObject","inLanguage":"es","@id":"https:\/\/www.plymouthbrethrenchristianchurch.org\/#\/schema\/logo\/image\/","url":"https:\/\/www.plymouthbrethrenchristianchurch.org\/wp-content\/uploads\/2020\/05\/site-logo.svg","contentUrl":"https:\/\/www.plymouthbrethrenchristianchurch.org\/wp-content\/uploads\/2020\/05\/site-logo.svg","caption":"Plymouth Brethren Christian Church"},"image":{"@id":"https:\/\/www.plymouthbrethrenchristianchurch.org\/#\/schema\/logo\/image\/"},"sameAs":["https:\/\/www.facebook.com\/PlymouthBrethrenChristianChurch","https:\/\/www.youtube.com\/channel\/UC76fGueDJBbLvhs988yTBXQ","https:\/\/www.pinterest.com.au\/plymouthbcc\/"]}]}},"_links":{"self":[{"href":"https:\/\/www.plymouthbrethrenchristianchurch.org\/es\/wp-json\/wp\/v2\/pages\/2767"}],"collection":[{"href":"https:\/\/www.plymouthbrethrenchristianchurch.org\/es\/wp-json\/wp\/v2\/pages"}],"about":[{"href":"https:\/\/www.plymouthbrethrenchristianchurch.org\/es\/wp-json\/wp\/v2\/types\/page"}],"author":[{"embeddable":true,"href":"https:\/\/www.plymouthbrethrenchristianchurch.org\/es\/wp-json\/wp\/v2\/users\/1"}],"replies":[{"embeddable":true,"href":"https:\/\/www.plymouthbrethrenchristianchurch.org\/es\/wp-json\/wp\/v2\/comments?post=2767"}],"version-history":[{"count":3,"href":"https:\/\/www.plymouthbrethrenchristianchurch.org\/es\/wp-json\/wp\/v2\/pages\/2767\/revisions"}],"predecessor-version":[{"id":8282,"href":"https:\/\/www.plymouthbrethrenchristianchurch.org\/es\/wp-json\/wp\/v2\/pages\/2767\/revisions\/8282"}],"up":[{"embeddable":true,"href":"https:\/\/www.plymouthbrethrenchristianchurch.org\/es\/wp-json\/wp\/v2\/pages\/2896"}],"wp:attachment":[{"href":"https:\/\/www.plymouthbrethrenchristianchurch.org\/es\/wp-json\/wp\/v2\/media?parent=2767"}],"curies":[{"name":"wp","href":"https:\/\/api.w.org\/{rel}","templated":true}]}}