{"id":2798,"date":"2020-05-07T06:39:48","date_gmt":"2020-05-06T20:39:48","guid":{"rendered":"https:\/\/www.plymouthbrethrenchristianchurch.org\/quienes-somos\/historia\/"},"modified":"2025-06-18T01:08:39","modified_gmt":"2025-06-17T15:08:39","slug":"historia","status":"publish","type":"page","link":"https:\/\/www.plymouthbrethrenchristianchurch.org\/es\/comunidad\/historia\/","title":{"rendered":"Nuestra historia"},"content":{"rendered":"","protected":false},"excerpt":{"rendered":"<p>Aprenda m\u00e1s acerca de la historia f\u00e1ctica y los or\u00edgenes de la comuni\u00f3n y la comunidad de la Iglesia Cristiana de los Hermanos de Plymouth.<\/p>\n","protected":false},"author":2,"featured_media":0,"parent":2896,"menu_order":1,"comment_status":"closed","ping_status":"closed","template":"page-templates\/acf-flexible-content.php","meta":{"_acf_changed":false,"_relevanssi_hide_post":"","_relevanssi_hide_content":"","_relevanssi_pin_for_all":"","_relevanssi_pin_keywords":"","_relevanssi_unpin_keywords":"","_relevanssi_related_keywords":"","_relevanssi_related_include_ids":"","_relevanssi_related_exclude_ids":"","_relevanssi_related_no_append":"","_relevanssi_related_not_related":"","_relevanssi_related_posts":"","_relevanssi_noindex_reason":"","inline_featured_image":false,"footnotes":""},"class_list":["post-2798","page","type-page","status-publish","hentry"],"acf":{"post_page_video":"","content":[{"acf_fc_layout":"page_header_with_links","override_title":true,"custom_title":"Nuestra historia","intro_text":"<p><span class=\"TrackChangeTextInsertion TrackedChange SCXW116793924 BCX8\"><span class=\"TextRun SCXW116793924 BCX8\" lang=\"EN-US\" xml:lang=\"EN-US\" data-contrast=\"auto\"><span class=\"NormalTextRun SCXW116793924 BCX8\">Establecido  <\/span><\/span><\/span><span class=\"TrackChangeTextInsertion TrackedChange SCXW116793924 BCX8\"><span class=\"TextRun SCXW116793924 BCX8\" lang=\"EN-US\" xml:lang=\"EN-US\" data-contrast=\"auto\"><span class=\"NormalTextRun SCXW116793924 BCX8\">Hace unos 200 a\u00f1os,<\/span><\/span><\/span><span class=\"TrackChangeTextInsertion TrackedChange SCXW116793924 BCX8\"><span class=\"TextRun SCXW116793924 BCX8\" lang=\"EN-US\" xml:lang=\"EN-US\" data-contrast=\"auto\"><span class=\"NormalTextRun SCXW116793924 BCX8\">  los Hermanos de Plymouth  <\/span><\/span><\/span><span class=\"TrackChangeTextInsertion TrackedChange SCXW116793924 BCX8\"><span class=\"TextRun SCXW116793924 BCX8\" lang=\"EN-US\" xml:lang=\"EN-US\" data-contrast=\"auto\"><span class=\"NormalTextRun SCXW116793924 BCX8\">La Iglesia Cristiana fue<\/span><\/span><\/span><span class=\"TrackChangeTextInsertion TrackedChange SCXW116793924 BCX8\"><span class=\"TextRun SCXW116793924 BCX8\" lang=\"EN-US\" xml:lang=\"EN-US\" data-contrast=\"auto\"><span class=\"NormalTextRun SCXW116793924 BCX8\">  fundada por John Nelson  <\/span><\/span><\/span><span class=\"TrackChangeTextInsertion TrackedChange SCXW116793924 BCX8\"><span class=\"TextRun SCXW116793924 BCX8\" lang=\"EN-US\" xml:lang=\"EN-US\" data-contrast=\"auto\"><span class=\"NormalTextRun SCXW116793924 BCX8\">Darby, uno de los pensadores protestantes m\u00e1s influyentes de los a\u00f1os 19<\/span><\/span><\/span><span class=\"TrackChangeTextInsertion TrackedChange SCXW116793924 BCX8\"><span class=\"TrackedChange SCXW116793924 BCX8\"><span class=\"TextRun SCXW116793924 BCX8\" lang=\"EN-US\" xml:lang=\"EN-US\" data-contrast=\"auto\"><span class=\"NormalTextRun Superscript SCXW116793924 BCX8\" data-fontsize=\"11\">\u00e9simo<\/span><\/span><\/span><\/span><span class=\"TrackChangeTextInsertion TrackedChange SCXW116793924 BCX8\"><span class=\"TextRun SCXW116793924 BCX8\" lang=\"EN-US\" xml:lang=\"EN-US\" data-contrast=\"auto\"><span class=\"NormalTextRun SCXW116793924 BCX8\">  siglo.<\/span><\/span><\/span><span class=\"EOP TrackedChange SCXW116793924 BCX8\" data-ccp-props=\"{\"201341983\":0,\"335559740\":240}\"> <\/span><\/p>\n","enable_button":true,"button":{"button_text":"","button_url":"","open_in_new_tab":false,"button_class":""},"link_source":"menu","select_a_menu":{"value":"17","label":"Qui\u00e9nes somos"},"menu_title":"","custom_links":false,"header_styles":{"":null,"background_colour":"#515151","background_image":1717,"text_colour":"white"},"row_class":""},{"acf_fc_layout":"module_section","row":[{"column_gap":"6","column":[{"module":[{"acf_fc_layout":"rich_media_block","image":false,"header":{"":null,"title":"Conoce nuestros or\u00edgenes","heading_level":"h2","header_styles":{"":null,"background_colour":"","background_image":false,"text_colour":"white"},"make_separator":true},"content":"<p><span data-contrast=\"auto\">Fuimos formados a principios del siglo XIX en Inglaterra despu\u00e9s de una creciente insatisfacci\u00f3n con la Iglesia Anglicana. Este sentimiento llev\u00f3 a una serie de reuniones independientes donde hombres y mujeres se reunieron para aprender las ense\u00f1anzas del Nuevo Testamento de la Santa Biblia. Desde el principio, estas reuniones se centraron en la celebraci\u00f3n de la Cena del Se\u00f1or, tambi\u00e9n conocida como la Sagrada Comuni\u00f3n, que sigue siendo el n\u00facleo de nuestra fe.    <\/span><span data-ccp-props=\"{\"201341983\":0,\"335559740\":240}\"> <\/span><\/p>\n<p><span data-contrast=\"auto\">Esta comunidad reci\u00e9n formada, conocida como los \u201cHermanos\u201d, rechaz\u00f3 un arreglo eclesi\u00e1stico y se centr\u00f3 en cambio en la relaci\u00f3n directa de los individuos con Dios. Se reun\u00edan en salas de reuniones sencillas para la Cena del Se\u00f1or y para unirse en oraci\u00f3n y predicar el evangelio, tal como lo hacemos hoy.   <\/span><span data-ccp-props=\"{\"201341983\":0,\"335559740\":240}\"> <\/span><\/p>\n<p><span data-contrast=\"auto\">En 1829, se formaron las primeras reuniones permanentes y los participantes adoptaron el nombre de los Hermanos de Plymouth, ya que algunos de los maestros fundadores proced\u00edan de Plymouth, en el sur de Inglaterra.  <\/span><span data-ccp-props=\"{\"201341983\":0,\"335559740\":240}\"> <\/span><\/p>\n<p><span data-contrast=\"auto\">John Nelson Darby jug\u00f3 un papel decisivo en la formaci\u00f3n de la PBCC. A mediados del siglo XIX, los miembros hab\u00edan emigrado a Am\u00e9rica del Norte y del Sur, \u00c1frica, Australia y Nueva Zelanda, y se hab\u00edan establecido los cimientos para una comunidad cristiana mundial. <\/span><span data-ccp-props=\"{\"201341983\":0,\"335559740\":240}\"> <\/span><\/p>\n","enable_button":true,"button":{"button_text":"","button_url":"","open_in_new_tab":false,"button_class":""},"class":""},{"acf_fc_layout":"global_module","global_module_id":false}],"columns_sm":"8","columns_md":"none","columns_lg":"none"},{"module":false,"columns_sm":"8","columns_md":"none","columns_lg":"8"},{"module":false,"columns_sm":"4","columns_md":"none","columns_lg":"4"}],"row_class":"","module_padding":{"":null,"padding_top_xs":"","padding_bottom_xs":"","padding_left_xs":"","padding_right_xs":"","padding_top_md":"","padding_bottom_md":"","padding_left_md":"","padding_right_md":"","padding_top_lg":"","padding_bottom_lg":"","padding_left_lg":"","padding_right_lg":""},"module_margin":{"":null,"margin_top_xs":"","margin_bottom_xs":"","margin_left_xs":"","margin_right_xs":"","margin_top_md":"","margin_bottom_md":"","margin_left_md":"","margin_right_md":"","margin_top_lg":"","margin_bottom_lg":"","margin_left_lg":"","margin_right_lg":""}}],"section_heading":"","section_class":"","module_padding":{"":null,"padding_top_xs":"","padding_bottom_xs":"","padding_left_xs":"","padding_right_xs":"","padding_top_md":"","padding_bottom_md":"","padding_left_md":"","padding_right_md":"","padding_top_lg":"","padding_bottom_lg":"","padding_left_lg":"","padding_right_lg":""},"module_margin":{"":null,"margin_top_xs":"","margin_bottom_xs":"","margin_left_xs":"","margin_right_xs":"","margin_top_md":"","margin_bottom_md":"","margin_left_md":"","margin_right_md":"","margin_top_lg":"","margin_bottom_lg":"","margin_left_lg":"","margin_right_lg":""}},{"acf_fc_layout":"image_slider","slider_id":3397}]},"yoast_head":"<!-- This site is optimized with the Yoast SEO plugin v25.2 - https:\/\/yoast.com\/wordpress\/plugins\/seo\/ -->\n<title>Nuestra historia | Plymouth Brethren Christian Church<\/title>\n<meta name=\"description\" content=\"Visite la p\u00e1gina Nuestra historia en el sitio web de la Iglesia, una comunidad cristiana basada en la Santa Biblia como la Palabra de Dios.\" \/>\n<meta name=\"robots\" content=\"index, follow, max-snippet:-1, max-image-preview:large, max-video-preview:-1\" \/>\n<link rel=\"canonical\" href=\"https:\/\/www.plymouthbrethrenchristianchurch.org\/es\/comunidad\/historia\/\" \/>\n<meta property=\"og:locale\" content=\"es_ES\" \/>\n<meta property=\"og:type\" content=\"article\" \/>\n<meta property=\"og:title\" content=\"Nuestra historia | Plymouth Brethren Christian Church\" \/>\n<meta property=\"og:description\" content=\"Visite la p\u00e1gina Nuestra historia en el sitio web de la Iglesia, una comunidad cristiana basada en la Santa Biblia como la Palabra de Dios.\" \/>\n<meta property=\"og:url\" content=\"https:\/\/www.plymouthbrethrenchristianchurch.org\/es\/comunidad\/historia\/\" \/>\n<meta property=\"og:site_name\" content=\"Plymouth Brethren Christian Church\" \/>\n<meta property=\"article:publisher\" content=\"https:\/\/www.facebook.com\/PlymouthBrethrenChristianChurch\" \/>\n<meta property=\"article:modified_time\" content=\"2025-06-17T15:08:39+00:00\" \/>\n<meta name=\"twitter:card\" content=\"summary_large_image\" \/>\n<script type=\"application\/ld+json\" class=\"yoast-schema-graph\">{\"@context\":\"https:\/\/schema.org\",\"@graph\":[{\"@type\":\"WebPage\",\"@id\":\"https:\/\/www.plymouthbrethrenchristianchurch.org\/es\/comunidad\/historia\/\",\"url\":\"https:\/\/www.plymouthbrethrenchristianchurch.org\/es\/comunidad\/historia\/\",\"name\":\"Nuestra historia | Plymouth Brethren Christian Church\",\"isPartOf\":{\"@id\":\"https:\/\/www.plymouthbrethrenchristianchurch.org\/#website\"},\"datePublished\":\"2020-05-06T20:39:48+00:00\",\"dateModified\":\"2025-06-17T15:08:39+00:00\",\"description\":\"Visite la p\u00e1gina Nuestra historia en el sitio web de la Iglesia, una comunidad cristiana basada en la Santa Biblia como la Palabra de Dios.\",\"breadcrumb\":{\"@id\":\"https:\/\/www.plymouthbrethrenchristianchurch.org\/es\/comunidad\/historia\/#breadcrumb\"},\"inLanguage\":\"es\",\"potentialAction\":[{\"@type\":\"ReadAction\",\"target\":[\"https:\/\/www.plymouthbrethrenchristianchurch.org\/es\/comunidad\/historia\/\"]}]},{\"@type\":\"BreadcrumbList\",\"@id\":\"https:\/\/www.plymouthbrethrenchristianchurch.org\/es\/comunidad\/historia\/#breadcrumb\",\"itemListElement\":[{\"@type\":\"ListItem\",\"position\":1,\"name\":\"Home\",\"item\":\"https:\/\/www.plymouthbrethrenchristianchurch.org\/es\/casa\/\"},{\"@type\":\"ListItem\",\"position\":2,\"name\":\"Forma de vida\",\"item\":\"https:\/\/www.plymouthbrethrenchristianchurch.org\/es\/comunidad\/\"},{\"@type\":\"ListItem\",\"position\":3,\"name\":\"Nuestra historia\"}]},{\"@type\":\"WebSite\",\"@id\":\"https:\/\/www.plymouthbrethrenchristianchurch.org\/#website\",\"url\":\"https:\/\/www.plymouthbrethrenchristianchurch.org\/\",\"name\":\"Plymouth Brethren Christian Church\",\"description\":\"\",\"publisher\":{\"@id\":\"https:\/\/www.plymouthbrethrenchristianchurch.org\/#organization\"},\"potentialAction\":[{\"@type\":\"SearchAction\",\"target\":{\"@type\":\"EntryPoint\",\"urlTemplate\":\"https:\/\/www.plymouthbrethrenchristianchurch.org\/?s={search_term_string}\"},\"query-input\":{\"@type\":\"PropertyValueSpecification\",\"valueRequired\":true,\"valueName\":\"search_term_string\"}}],\"inLanguage\":\"es\"},{\"@type\":\"Organization\",\"@id\":\"https:\/\/www.plymouthbrethrenchristianchurch.org\/#organization\",\"name\":\"Plymouth Brethren Christian Church\",\"url\":\"https:\/\/www.plymouthbrethrenchristianchurch.org\/\",\"logo\":{\"@type\":\"ImageObject\",\"inLanguage\":\"es\",\"@id\":\"https:\/\/www.plymouthbrethrenchristianchurch.org\/#\/schema\/logo\/image\/\",\"url\":\"https:\/\/www.plymouthbrethrenchristianchurch.org\/wp-content\/uploads\/2020\/05\/site-logo.svg\",\"contentUrl\":\"https:\/\/www.plymouthbrethrenchristianchurch.org\/wp-content\/uploads\/2020\/05\/site-logo.svg\",\"caption\":\"Plymouth Brethren Christian Church\"},\"image\":{\"@id\":\"https:\/\/www.plymouthbrethrenchristianchurch.org\/#\/schema\/logo\/image\/\"},\"sameAs\":[\"https:\/\/www.facebook.com\/PlymouthBrethrenChristianChurch\",\"https:\/\/www.youtube.com\/channel\/UC76fGueDJBbLvhs988yTBXQ\",\"https:\/\/www.pinterest.com.au\/plymouthbcc\/\"]}]}<\/script>\n<!-- \/ Yoast SEO plugin. -->","yoast_head_json":{"title":"Nuestra historia | Plymouth Brethren Christian Church","description":"Visite la p\u00e1gina Nuestra historia en el sitio web de la Iglesia, una comunidad cristiana basada en la Santa Biblia como la Palabra de Dios.","robots":{"index":"index","follow":"follow","max-snippet":"max-snippet:-1","max-image-preview":"max-image-preview:large","max-video-preview":"max-video-preview:-1"},"canonical":"https:\/\/www.plymouthbrethrenchristianchurch.org\/es\/comunidad\/historia\/","og_locale":"es_ES","og_type":"article","og_title":"Nuestra historia | Plymouth Brethren Christian Church","og_description":"Visite la p\u00e1gina Nuestra historia en el sitio web de la Iglesia, una comunidad cristiana basada en la Santa Biblia como la Palabra de Dios.","og_url":"https:\/\/www.plymouthbrethrenchristianchurch.org\/es\/comunidad\/historia\/","og_site_name":"Plymouth Brethren Christian Church","article_publisher":"https:\/\/www.facebook.com\/PlymouthBrethrenChristianChurch","article_modified_time":"2025-06-17T15:08:39+00:00","twitter_card":"summary_large_image","schema":{"@context":"https:\/\/schema.org","@graph":[{"@type":"WebPage","@id":"https:\/\/www.plymouthbrethrenchristianchurch.org\/es\/comunidad\/historia\/","url":"https:\/\/www.plymouthbrethrenchristianchurch.org\/es\/comunidad\/historia\/","name":"Nuestra historia | Plymouth Brethren Christian Church","isPartOf":{"@id":"https:\/\/www.plymouthbrethrenchristianchurch.org\/#website"},"datePublished":"2020-05-06T20:39:48+00:00","dateModified":"2025-06-17T15:08:39+00:00","description":"Visite la p\u00e1gina Nuestra historia en el sitio web de la Iglesia, una comunidad cristiana basada en la Santa Biblia como la Palabra de Dios.","breadcrumb":{"@id":"https:\/\/www.plymouthbrethrenchristianchurch.org\/es\/comunidad\/historia\/#breadcrumb"},"inLanguage":"es","potentialAction":[{"@type":"ReadAction","target":["https:\/\/www.plymouthbrethrenchristianchurch.org\/es\/comunidad\/historia\/"]}]},{"@type":"BreadcrumbList","@id":"https:\/\/www.plymouthbrethrenchristianchurch.org\/es\/comunidad\/historia\/#breadcrumb","itemListElement":[{"@type":"ListItem","position":1,"name":"Home","item":"https:\/\/www.plymouthbrethrenchristianchurch.org\/es\/casa\/"},{"@type":"ListItem","position":2,"name":"Forma de vida","item":"https:\/\/www.plymouthbrethrenchristianchurch.org\/es\/comunidad\/"},{"@type":"ListItem","position":3,"name":"Nuestra historia"}]},{"@type":"WebSite","@id":"https:\/\/www.plymouthbrethrenchristianchurch.org\/#website","url":"https:\/\/www.plymouthbrethrenchristianchurch.org\/","name":"Plymouth Brethren Christian Church","description":"","publisher":{"@id":"https:\/\/www.plymouthbrethrenchristianchurch.org\/#organization"},"potentialAction":[{"@type":"SearchAction","target":{"@type":"EntryPoint","urlTemplate":"https:\/\/www.plymouthbrethrenchristianchurch.org\/?s={search_term_string}"},"query-input":{"@type":"PropertyValueSpecification","valueRequired":true,"valueName":"search_term_string"}}],"inLanguage":"es"},{"@type":"Organization","@id":"https:\/\/www.plymouthbrethrenchristianchurch.org\/#organization","name":"Plymouth Brethren Christian Church","url":"https:\/\/www.plymouthbrethrenchristianchurch.org\/","logo":{"@type":"ImageObject","inLanguage":"es","@id":"https:\/\/www.plymouthbrethrenchristianchurch.org\/#\/schema\/logo\/image\/","url":"https:\/\/www.plymouthbrethrenchristianchurch.org\/wp-content\/uploads\/2020\/05\/site-logo.svg","contentUrl":"https:\/\/www.plymouthbrethrenchristianchurch.org\/wp-content\/uploads\/2020\/05\/site-logo.svg","caption":"Plymouth Brethren Christian Church"},"image":{"@id":"https:\/\/www.plymouthbrethrenchristianchurch.org\/#\/schema\/logo\/image\/"},"sameAs":["https:\/\/www.facebook.com\/PlymouthBrethrenChristianChurch","https:\/\/www.youtube.com\/channel\/UC76fGueDJBbLvhs988yTBXQ","https:\/\/www.pinterest.com.au\/plymouthbcc\/"]}]}},"_links":{"self":[{"href":"https:\/\/www.plymouthbrethrenchristianchurch.org\/es\/wp-json\/wp\/v2\/pages\/2798"}],"collection":[{"href":"https:\/\/www.plymouthbrethrenchristianchurch.org\/es\/wp-json\/wp\/v2\/pages"}],"about":[{"href":"https:\/\/www.plymouthbrethrenchristianchurch.org\/es\/wp-json\/wp\/v2\/types\/page"}],"author":[{"embeddable":true,"href":"https:\/\/www.plymouthbrethrenchristianchurch.org\/es\/wp-json\/wp\/v2\/users\/2"}],"replies":[{"embeddable":true,"href":"https:\/\/www.plymouthbrethrenchristianchurch.org\/es\/wp-json\/wp\/v2\/comments?post=2798"}],"version-history":[{"count":2,"href":"https:\/\/www.plymouthbrethrenchristianchurch.org\/es\/wp-json\/wp\/v2\/pages\/2798\/revisions"}],"predecessor-version":[{"id":8283,"href":"https:\/\/www.plymouthbrethrenchristianchurch.org\/es\/wp-json\/wp\/v2\/pages\/2798\/revisions\/8283"}],"up":[{"embeddable":true,"href":"https:\/\/www.plymouthbrethrenchristianchurch.org\/es\/wp-json\/wp\/v2\/pages\/2896"}],"wp:attachment":[{"href":"https:\/\/www.plymouthbrethrenchristianchurch.org\/es\/wp-json\/wp\/v2\/media?parent=2798"}],"curies":[{"name":"wp","href":"https:\/\/api.w.org\/{rel}","templated":true}]}}