{"id":2820,"date":"2020-09-04T13:26:48","date_gmt":"2020-09-04T03:26:48","guid":{"rendered":"https:\/\/www.plymouthbrethrenchristianchurch.org\/quienes-somos\/videos\/"},"modified":"2020-09-04T13:26:48","modified_gmt":"2020-09-04T03:26:48","slug":"videos","status":"publish","type":"page","link":"https:\/\/www.plymouthbrethrenchristianchurch.org\/es\/comunidad\/quienes-somos\/videos\/","title":{"rendered":"Videos"},"content":{"rendered":"","protected":false},"excerpt":{"rendered":"","protected":false},"author":2,"featured_media":0,"parent":2767,"menu_order":5,"comment_status":"closed","ping_status":"closed","template":"page-templates\/acf-flexible-content.php","meta":{"_acf_changed":false,"_relevanssi_hide_post":"","_relevanssi_hide_content":"","_relevanssi_pin_for_all":"","_relevanssi_pin_keywords":"","_relevanssi_unpin_keywords":"","_relevanssi_related_keywords":"","_relevanssi_related_include_ids":"","_relevanssi_related_exclude_ids":"","_relevanssi_related_no_append":"","_relevanssi_related_not_related":"","_relevanssi_related_posts":"","_relevanssi_noindex_reason":"","inline_featured_image":false,"footnotes":""},"class_list":["post-2820","page","type-page","status-publish","hentry"],"acf":{"post_page_video":"","content":[{"acf_fc_layout":"page_header_with_links","override_title":false,"custom_title":"","intro_text":"<div class=\"page-header__intro_text md:text-md\">\n<p>Aprende m\u00e1s sobre los Hermanos de Plymouth en nuestros videos, incluyendo una serie de cortometrajes documentales llamados &#8216;Vivir nuestras creencias&#8217;.<\/p>\n<p>Tambi\u00e9n puede visitar el sitio web Juntos, Somos Hermanos para obtener m\u00e1s informaci\u00f3n sobre la iglesia y su red. Este sitio web le dar\u00e1 una comprensi\u00f3n sobre la interacci\u00f3n de la iglesia con la comunidad en general.<\/p>\n<p><a href=\"https:\/\/togetherwearebrethren.com.au\/\" target=\"_blank\" rel=\"noopener\"><img loading=\"lazy\" decoding=\"async\" class=\"alignleft wp-image-2700\" src=\"https:\/\/www.plymouthbrethrenchristianchurch.org\/wp-content\/uploads\/2020\/08\/TWAB_Logo-300x114.png\" alt=\"Together We Are Brethren Logo\" width=\"276\" height=\"105\" srcset=\"https:\/\/www.plymouthbrethrenchristianchurch.org\/wp-content\/uploads\/2020\/08\/TWAB_Logo-300x114.png 300w, https:\/\/www.plymouthbrethrenchristianchurch.org\/wp-content\/uploads\/2020\/08\/TWAB_Logo-1024x390.png 1024w, https:\/\/www.plymouthbrethrenchristianchurch.org\/wp-content\/uploads\/2020\/08\/TWAB_Logo-768x293.png 768w, https:\/\/www.plymouthbrethrenchristianchurch.org\/wp-content\/uploads\/2020\/08\/TWAB_Logo-1536x585.png 1536w, https:\/\/www.plymouthbrethrenchristianchurch.org\/wp-content\/uploads\/2020\/08\/TWAB_Logo-2048x780.png 2048w\" sizes=\"(max-width: 276px) 100vw, 276px\" \/><\/a><\/p>\n<\/div>\n","enable_button":true,"button":{"button_text":"Visite el sitio web","button_url":{"title":"","url":"https:\/\/togetherwearebrethren.com.au\/","target":"_blank"},"open_in_new_tab":true,"button_class":""},"link_source":"menu","select_a_menu":{"value":"17","label":"Qui\u00e9nes somos"},"menu_title":"","custom_links":false,"header_styles":{"":null,"background_colour":"#ffffff","background_image":1678,"text_colour":"black"},"row_class":""},{"acf_fc_layout":"article_grid","per_page":"9","columns":"3","include_categories":[15],"exclude_categories":false,"enable_pagination":true},{"acf_fc_layout":"global_section","section_id":193}]},"yoast_head":"<!-- This site is optimized with the Yoast SEO plugin v25.2 - https:\/\/yoast.com\/wordpress\/plugins\/seo\/ -->\n<title>Videos | Plymouth Brethren Christian Church<\/title>\n<meta name=\"description\" content=\"Visit the Videos page on the website of the Plymouth Brethren Christian Church, a Christian fellowship based on the Holy Bible as the Word of God.\" \/>\n<meta name=\"robots\" content=\"index, follow, max-snippet:-1, max-image-preview:large, max-video-preview:-1\" \/>\n<link rel=\"canonical\" href=\"https:\/\/www.plymouthbrethrenchristianchurch.org\/es\/comunidad\/quienes-somos\/videos\/\" \/>\n<meta property=\"og:locale\" content=\"es_ES\" \/>\n<meta property=\"og:type\" content=\"article\" \/>\n<meta property=\"og:title\" content=\"Videos | Plymouth Brethren Christian Church\" \/>\n<meta property=\"og:description\" content=\"Visit the Videos page on the website of the Plymouth Brethren Christian Church, a Christian fellowship based on the Holy Bible as the Word of God.\" \/>\n<meta property=\"og:url\" content=\"https:\/\/www.plymouthbrethrenchristianchurch.org\/es\/comunidad\/quienes-somos\/videos\/\" \/>\n<meta property=\"og:site_name\" content=\"Plymouth Brethren Christian Church\" \/>\n<meta property=\"article:publisher\" content=\"https:\/\/www.facebook.com\/PlymouthBrethrenChristianChurch\" \/>\n<meta name=\"twitter:card\" content=\"summary_large_image\" \/>\n<script type=\"application\/ld+json\" class=\"yoast-schema-graph\">{\"@context\":\"https:\/\/schema.org\",\"@graph\":[{\"@type\":\"WebPage\",\"@id\":\"https:\/\/www.plymouthbrethrenchristianchurch.org\/es\/comunidad\/quienes-somos\/videos\/\",\"url\":\"https:\/\/www.plymouthbrethrenchristianchurch.org\/es\/comunidad\/quienes-somos\/videos\/\",\"name\":\"Videos | Plymouth Brethren Christian Church\",\"isPartOf\":{\"@id\":\"https:\/\/www.plymouthbrethrenchristianchurch.org\/#website\"},\"datePublished\":\"2020-09-04T03:26:48+00:00\",\"description\":\"Visit the Videos page on the website of the Plymouth Brethren Christian Church, a Christian fellowship based on the Holy Bible as the Word of God.\",\"breadcrumb\":{\"@id\":\"https:\/\/www.plymouthbrethrenchristianchurch.org\/es\/comunidad\/quienes-somos\/videos\/#breadcrumb\"},\"inLanguage\":\"es\",\"potentialAction\":[{\"@type\":\"ReadAction\",\"target\":[\"https:\/\/www.plymouthbrethrenchristianchurch.org\/es\/comunidad\/quienes-somos\/videos\/\"]}]},{\"@type\":\"BreadcrumbList\",\"@id\":\"https:\/\/www.plymouthbrethrenchristianchurch.org\/es\/comunidad\/quienes-somos\/videos\/#breadcrumb\",\"itemListElement\":[{\"@type\":\"ListItem\",\"position\":1,\"name\":\"Home\",\"item\":\"https:\/\/www.plymouthbrethrenchristianchurch.org\/es\/casa\/\"},{\"@type\":\"ListItem\",\"position\":2,\"name\":\"Forma de vida\",\"item\":\"https:\/\/www.plymouthbrethrenchristianchurch.org\/es\/comunidad\/\"},{\"@type\":\"ListItem\",\"position\":3,\"name\":\"Nuestras creencias\",\"item\":\"https:\/\/www.plymouthbrethrenchristianchurch.org\/es\/comunidad\/quienes-somos\/\"},{\"@type\":\"ListItem\",\"position\":4,\"name\":\"Videos\"}]},{\"@type\":\"WebSite\",\"@id\":\"https:\/\/www.plymouthbrethrenchristianchurch.org\/#website\",\"url\":\"https:\/\/www.plymouthbrethrenchristianchurch.org\/\",\"name\":\"Plymouth Brethren Christian Church\",\"description\":\"\",\"publisher\":{\"@id\":\"https:\/\/www.plymouthbrethrenchristianchurch.org\/#organization\"},\"potentialAction\":[{\"@type\":\"SearchAction\",\"target\":{\"@type\":\"EntryPoint\",\"urlTemplate\":\"https:\/\/www.plymouthbrethrenchristianchurch.org\/?s={search_term_string}\"},\"query-input\":{\"@type\":\"PropertyValueSpecification\",\"valueRequired\":true,\"valueName\":\"search_term_string\"}}],\"inLanguage\":\"es\"},{\"@type\":\"Organization\",\"@id\":\"https:\/\/www.plymouthbrethrenchristianchurch.org\/#organization\",\"name\":\"Plymouth Brethren Christian Church\",\"url\":\"https:\/\/www.plymouthbrethrenchristianchurch.org\/\",\"logo\":{\"@type\":\"ImageObject\",\"inLanguage\":\"es\",\"@id\":\"https:\/\/www.plymouthbrethrenchristianchurch.org\/#\/schema\/logo\/image\/\",\"url\":\"https:\/\/www.plymouthbrethrenchristianchurch.org\/wp-content\/uploads\/2020\/05\/site-logo.svg\",\"contentUrl\":\"https:\/\/www.plymouthbrethrenchristianchurch.org\/wp-content\/uploads\/2020\/05\/site-logo.svg\",\"caption\":\"Plymouth Brethren Christian Church\"},\"image\":{\"@id\":\"https:\/\/www.plymouthbrethrenchristianchurch.org\/#\/schema\/logo\/image\/\"},\"sameAs\":[\"https:\/\/www.facebook.com\/PlymouthBrethrenChristianChurch\",\"https:\/\/www.youtube.com\/channel\/UC76fGueDJBbLvhs988yTBXQ\",\"https:\/\/www.pinterest.com.au\/plymouthbcc\/\"]}]}<\/script>\n<!-- \/ Yoast SEO plugin. -->","yoast_head_json":{"title":"Videos | Plymouth Brethren Christian Church","description":"Visit the Videos page on the website of the Plymouth Brethren Christian Church, a Christian fellowship based on the Holy Bible as the Word of God.","robots":{"index":"index","follow":"follow","max-snippet":"max-snippet:-1","max-image-preview":"max-image-preview:large","max-video-preview":"max-video-preview:-1"},"canonical":"https:\/\/www.plymouthbrethrenchristianchurch.org\/es\/comunidad\/quienes-somos\/videos\/","og_locale":"es_ES","og_type":"article","og_title":"Videos | Plymouth Brethren Christian Church","og_description":"Visit the Videos page on the website of the Plymouth Brethren Christian Church, a Christian fellowship based on the Holy Bible as the Word of God.","og_url":"https:\/\/www.plymouthbrethrenchristianchurch.org\/es\/comunidad\/quienes-somos\/videos\/","og_site_name":"Plymouth Brethren Christian Church","article_publisher":"https:\/\/www.facebook.com\/PlymouthBrethrenChristianChurch","twitter_card":"summary_large_image","schema":{"@context":"https:\/\/schema.org","@graph":[{"@type":"WebPage","@id":"https:\/\/www.plymouthbrethrenchristianchurch.org\/es\/comunidad\/quienes-somos\/videos\/","url":"https:\/\/www.plymouthbrethrenchristianchurch.org\/es\/comunidad\/quienes-somos\/videos\/","name":"Videos | Plymouth Brethren Christian Church","isPartOf":{"@id":"https:\/\/www.plymouthbrethrenchristianchurch.org\/#website"},"datePublished":"2020-09-04T03:26:48+00:00","description":"Visit the Videos page on the website of the Plymouth Brethren Christian Church, a Christian fellowship based on the Holy Bible as the Word of God.","breadcrumb":{"@id":"https:\/\/www.plymouthbrethrenchristianchurch.org\/es\/comunidad\/quienes-somos\/videos\/#breadcrumb"},"inLanguage":"es","potentialAction":[{"@type":"ReadAction","target":["https:\/\/www.plymouthbrethrenchristianchurch.org\/es\/comunidad\/quienes-somos\/videos\/"]}]},{"@type":"BreadcrumbList","@id":"https:\/\/www.plymouthbrethrenchristianchurch.org\/es\/comunidad\/quienes-somos\/videos\/#breadcrumb","itemListElement":[{"@type":"ListItem","position":1,"name":"Home","item":"https:\/\/www.plymouthbrethrenchristianchurch.org\/es\/casa\/"},{"@type":"ListItem","position":2,"name":"Forma de vida","item":"https:\/\/www.plymouthbrethrenchristianchurch.org\/es\/comunidad\/"},{"@type":"ListItem","position":3,"name":"Nuestras creencias","item":"https:\/\/www.plymouthbrethrenchristianchurch.org\/es\/comunidad\/quienes-somos\/"},{"@type":"ListItem","position":4,"name":"Videos"}]},{"@type":"WebSite","@id":"https:\/\/www.plymouthbrethrenchristianchurch.org\/#website","url":"https:\/\/www.plymouthbrethrenchristianchurch.org\/","name":"Plymouth Brethren Christian Church","description":"","publisher":{"@id":"https:\/\/www.plymouthbrethrenchristianchurch.org\/#organization"},"potentialAction":[{"@type":"SearchAction","target":{"@type":"EntryPoint","urlTemplate":"https:\/\/www.plymouthbrethrenchristianchurch.org\/?s={search_term_string}"},"query-input":{"@type":"PropertyValueSpecification","valueRequired":true,"valueName":"search_term_string"}}],"inLanguage":"es"},{"@type":"Organization","@id":"https:\/\/www.plymouthbrethrenchristianchurch.org\/#organization","name":"Plymouth Brethren Christian Church","url":"https:\/\/www.plymouthbrethrenchristianchurch.org\/","logo":{"@type":"ImageObject","inLanguage":"es","@id":"https:\/\/www.plymouthbrethrenchristianchurch.org\/#\/schema\/logo\/image\/","url":"https:\/\/www.plymouthbrethrenchristianchurch.org\/wp-content\/uploads\/2020\/05\/site-logo.svg","contentUrl":"https:\/\/www.plymouthbrethrenchristianchurch.org\/wp-content\/uploads\/2020\/05\/site-logo.svg","caption":"Plymouth Brethren Christian Church"},"image":{"@id":"https:\/\/www.plymouthbrethrenchristianchurch.org\/#\/schema\/logo\/image\/"},"sameAs":["https:\/\/www.facebook.com\/PlymouthBrethrenChristianChurch","https:\/\/www.youtube.com\/channel\/UC76fGueDJBbLvhs988yTBXQ","https:\/\/www.pinterest.com.au\/plymouthbcc\/"]}]}},"_links":{"self":[{"href":"https:\/\/www.plymouthbrethrenchristianchurch.org\/es\/wp-json\/wp\/v2\/pages\/2820"}],"collection":[{"href":"https:\/\/www.plymouthbrethrenchristianchurch.org\/es\/wp-json\/wp\/v2\/pages"}],"about":[{"href":"https:\/\/www.plymouthbrethrenchristianchurch.org\/es\/wp-json\/wp\/v2\/types\/page"}],"author":[{"embeddable":true,"href":"https:\/\/www.plymouthbrethrenchristianchurch.org\/es\/wp-json\/wp\/v2\/users\/2"}],"replies":[{"embeddable":true,"href":"https:\/\/www.plymouthbrethrenchristianchurch.org\/es\/wp-json\/wp\/v2\/comments?post=2820"}],"version-history":[{"count":0,"href":"https:\/\/www.plymouthbrethrenchristianchurch.org\/es\/wp-json\/wp\/v2\/pages\/2820\/revisions"}],"up":[{"embeddable":true,"href":"https:\/\/www.plymouthbrethrenchristianchurch.org\/es\/wp-json\/wp\/v2\/pages\/2767"}],"wp:attachment":[{"href":"https:\/\/www.plymouthbrethrenchristianchurch.org\/es\/wp-json\/wp\/v2\/media?parent=2820"}],"curies":[{"name":"wp","href":"https:\/\/api.w.org\/{rel}","templated":true}]}}