{"id":2859,"date":"2020-05-08T05:10:00","date_gmt":"2020-05-07T19:10:00","guid":{"rendered":"https:\/\/www.plymouthbrethrenchristianchurch.org\/lo-que-creemos\/santa-biblia\/"},"modified":"2024-09-10T14:08:55","modified_gmt":"2024-09-10T04:08:55","slug":"santa-biblia","status":"publish","type":"page","link":"https:\/\/www.plymouthbrethrenchristianchurch.org\/es\/lo-que-creemos\/santa-biblia\/","title":{"rendered":"Santa Biblia"},"content":{"rendered":"","protected":false},"excerpt":{"rendered":"","protected":false},"author":2,"featured_media":0,"parent":2852,"menu_order":1,"comment_status":"closed","ping_status":"closed","template":"page-templates\/acf-flexible-content.php","meta":{"_acf_changed":false,"_relevanssi_hide_post":"","_relevanssi_hide_content":"","_relevanssi_pin_for_all":"","_relevanssi_pin_keywords":"","_relevanssi_unpin_keywords":"","_relevanssi_related_keywords":"","_relevanssi_related_include_ids":"","_relevanssi_related_exclude_ids":"","_relevanssi_related_no_append":"","_relevanssi_related_not_related":"","_relevanssi_related_posts":"","_relevanssi_noindex_reason":"","inline_featured_image":false,"footnotes":""},"class_list":["post-2859","page","type-page","status-publish","hentry"],"acf":{"post_page_video":"","content":[{"acf_fc_layout":"page_header_with_links","override_title":false,"custom_title":"T\u00edtulo de la prueba","intro_text":"<p>Las Autoridades Generales de Plymouth creen que la Santa Biblia es la verdadera Palabra de Dios y creemos que cada uno de nosotros est\u00e1 llamado a vivir una vida de acuerdo con sus instrucciones. Creemos que la Santa Biblia nos proporciona a cada uno de nosotros una gu\u00eda invaluable para cada aspecto de la vida. Cualquiera que est\u00e9 preparado para comprometerse con estas creencias y forma de vida es bienvenido a unirse a nuestra Iglesia.<\/p>\n","enable_button":true,"button":{"button_text":"","button_url":"","open_in_new_tab":false,"button_class":""},"link_source":"menu","select_a_menu":{"value":"18","label":"Lo que creemos"},"menu_title":"","custom_links":false,"header_styles":{"":null,"background_colour":"#515151","background_image":2452,"text_colour":"white"},"row_class":""},{"acf_fc_layout":"module_section","row":[{"column_gap":"6","column":[{"module":[{"acf_fc_layout":"rich_media_block","image":6609,"header":{"":null,"title":"\u00bfQu\u00e9 aprendo de las Escrituras?","heading_level":"h2","header_styles":{"":null,"background_colour":"","background_image":false,"text_colour":"orange"},"make_separator":false},"content":"<p>En el siguiente tratado del Evangelio, J. N. Darby describe de manera \u00fatil lo que ha aprendido de las Escrituras, lo que constituye la base de sus creencias.<\/p>\n","enable_button":true,"button":{"button_text":"Descargar","button_url":{"title":"","url":"https:\/\/www.plymouthbrethrenchristianchurch.org\/wp-content\/uploads\/2020\/05\/What-do-I-learn-from-Scripture-180214.pdf","target":"_blank"},"open_in_new_tab":true,"button_class":""},"class":""},{"acf_fc_layout":"rich_media_block","image":false,"header":{"":null,"title":"El papel de la Santa Biblia como parte de la vida de la PBCC","heading_level":"h2","header_styles":{"":null,"background_colour":"","background_image":false,"text_colour":"orange"},"make_separator":false},"content":"<p>Para el miembro de PBCC, la Santa Biblia es un compa\u00f1ero esencial y una gu\u00eda autorizada a lo largo de la vida.<br \/>\nDesde la m\u00e1s temprana edad, a los miembros j\u00f3venes se les lee y se les ense\u00f1an las historias b\u00edblicas que han inspirado a millones de personas a lo largo de los siglos.<br \/>\nLa Biblia no es un libro cualquiera.<br \/>\nEs un libro provisto por Dios para el hombre.<br \/>\nEs la Palabra de Dios absoluta, infalible e inspirada.    <\/p>\n","enable_button":true,"button":{"button_text":"","button_url":"","open_in_new_tab":false,"button_class":""},"class":""},{"acf_fc_layout":"bible_quote_slim","quote_text":"Toda la Escritura es dada por inspiraci\u00f3n de Dios","quote_source":"2 Timoteo 3 V 16"},{"acf_fc_layout":"rich_media_block","image":false,"header":{"":null,"title":"","heading_level":"h2","header_styles":{"":null,"background_colour":"","background_image":false,"text_colour":"orange"},"make_separator":false},"content":"<p>Los ni\u00f1os en el PBCC crecen poseyendo y apreciando su propia copia de la Biblia y se les anima a leerla a diario.<br \/>\nMuchos habr\u00e1n le\u00eddo toda la Biblia cuando sean adolescentes y hayan establecido su propio aprecio y confianza en las palabras eternas de consuelo, gu\u00eda y aliento de las Escrituras a medida que avanzan en la vida.<br \/>\nLa Santa Biblia es fundamental para nuestra vida en la Iglesia, ya que es el \u00fanico libro le\u00eddo y discutido durante nuestros Servicios Religiosos.  <\/p>\n","enable_button":true,"button":{"button_text":"","button_url":"","open_in_new_tab":false,"button_class":""},"class":""},{"acf_fc_layout":"rich_media_block","image":false,"header":{"":null,"title":"Un relato de la traducci\u00f3n de la Biblia de John Nelson Darby","heading_level":"h2","header_styles":{"":null,"background_colour":"","background_image":false,"text_colour":"orange"},"make_separator":false},"content":"<p>La Iglesia Cristiana de los Hermanos de Plymouth (PBCC) cree que la Santa Biblia es la Palabra de Dios: inspirada, absoluta y final. Aunque respetan piadosamente la versi\u00f3n autorizada de King James, y cualquier otra traducci\u00f3n decente, creen que las traducciones hechas por John Nelson Darby (JND) (1800-1882) son m\u00e1s precisas. Creen que todo verdadero creyente en el Se\u00f1or Jesucristo, que es toda persona genuinamente convertida sin importar d\u00f3nde adore, estar\u00e1 en el cielo eternamente y mientras en la tierra merece tener una traducci\u00f3n tan buena de la Santa Biblia como sea posible. As\u00ed, el mismo JND escribi\u00f3 con respecto al Nuevo Testamento en ingl\u00e9s: \u00abNo ha sido de ninguna manera mi objetivo producir una obra erudita: pero como tuve acceso a libros y a varias fuentes de informaci\u00f3n, para las cuales, por supuesto, la gran masa de lectores, para quienes la palabra de Dios era igualmente preciosa, no ten\u00eda,  Deseaba proporcionarles, en la medida de lo posible, el fruto de mi propio estudio, y de todo lo que pudiera recoger de esas fuentes, para que pudieran tener la palabra de Dios en ingl\u00e9s en una representaci\u00f3n tan perfecta de ella en ese idioma como fuera posible\u00bb. John Nelson Darby se gradu\u00f3 en 1818 en el Trinity College de Dubl\u00edn, con Honores y la Medalla de la Universidad en Cl\u00e1sicos. Se convirti\u00f3 en sus veinte a\u00f1os y trabaj\u00f3 extensamente en el ministerio cristiano, la pastoral y la traducci\u00f3n de la Biblia en Inglaterra, Irlanda, Francia, Alemania, Suiza y otros lugares. Era un ling\u00fcista consumado, erudito en hebreo, griego, lat\u00edn, franc\u00e9s y alem\u00e1n.<br \/>\nPara el Nuevo Testamento, tradujo de los textos acordados por los grandes editores del texto griego del siglo XIX: Griesbach, Lachmann, Tischendorf y Tregelles.<br \/>\nCuando los editores difer\u00edan en su juicio sobre la lectura correcta de un pasaje en particular, JND consult\u00f3 los textos de los manuscritos griegos originales: Sina\u00edtico, Alejandrino, Vaticano, Efram\u00ed, Bezae, etc.<br \/>\nPara el Antiguo Testamento tradujo del texto hebreo masor\u00e9tico est\u00e1ndar disponible en ese momento.<br \/>\nLa primera edici\u00f3n del Nuevo Testamento en ingl\u00e9s se public\u00f3 en 1856-66 y la segunda en 1871.<br \/>\nLa tercera edici\u00f3n se public\u00f3 despu\u00e9s de la muerte de JND (1882) en 1884, pero sus propias notas para esta edici\u00f3n se publicaron en 2013 a partir de una copia, recientemente redescubierta, de la edici\u00f3n de 1871 con sus adiciones y correcciones aut\u00f3grafas.<br \/>\nToda la Biblia fue traducida al alem\u00e1n y publicada en 1871 y han sobrevivido impresiones originales.<br \/>\nEl Nuevo Testamento fue traducido al franc\u00e9s con una primera edici\u00f3n en 1859 hasta una cuarta edici\u00f3n en 1878 y han sobrevivido impresiones originales de cada uno.<br \/>\nEl Antiguo Testamento fue traducido al franc\u00e9s y publicado por primera vez en partes (Livraisons) a partir de 1881.<br \/>\nEl PBCC no sabe d\u00f3nde residen los ejemplos de esta impresi\u00f3n original y se invita a los lectores a informarnos d\u00f3nde se puede ver una copia.<br \/>\nTodo el Antiguo Testamento franc\u00e9s fue incluido en la Biblia francesa publicada en 1885.<br \/>\nEl Equipo de Notas B\u00edblicas de JND.           <\/p>\n","enable_button":true,"button":{"button_text":"","button_url":"","open_in_new_tab":false,"button_class":""},"class":""},{"acf_fc_layout":"global_module","global_module_id":1148}],"columns_sm":"8","columns_md":"none","columns_lg":"8"},{"module":false,"columns_sm":"4","columns_md":"none","columns_lg":"4"}],"row_class":"","module_padding":{"":null,"padding_top_xs":"","padding_bottom_xs":"","padding_left_xs":"","padding_right_xs":"","padding_top_md":"","padding_bottom_md":"","padding_left_md":"","padding_right_md":"","padding_top_lg":"","padding_bottom_lg":"","padding_left_lg":"","padding_right_lg":""},"module_margin":{"":null,"margin_top_xs":"","margin_bottom_xs":"","margin_left_xs":"","margin_right_xs":"","margin_top_md":"","margin_bottom_md":"","margin_left_md":"","margin_right_md":"","margin_top_lg":"","margin_bottom_lg":"","margin_left_lg":"","margin_right_lg":""}}],"section_heading":"","section_class":"","module_padding":{"":null,"padding_top_xs":"","padding_bottom_xs":"","padding_left_xs":"","padding_right_xs":"","padding_top_md":"","padding_bottom_md":"","padding_left_md":"","padding_right_md":"","padding_top_lg":"","padding_bottom_lg":"","padding_left_lg":"","padding_right_lg":""},"module_margin":{"":null,"margin_top_xs":"","margin_bottom_xs":"","margin_left_xs":"","margin_right_xs":"","margin_top_md":"","margin_bottom_md":"","margin_left_md":"","margin_right_md":"","margin_top_lg":"","margin_bottom_lg":"","margin_left_lg":"","margin_right_lg":""}}]},"yoast_head":"<!-- This site is optimized with the Yoast SEO plugin v25.2 - https:\/\/yoast.com\/wordpress\/plugins\/seo\/ -->\n<title>Santa Biblia | Plymouth Brethren Christian Church<\/title>\n<meta name=\"description\" content=\"Visite la p\u00e1gina de la Santa Biblia en el sitio web de la Iglesia Cristiana de los Hermanos de Plymouth, una comunidad cristiana basada en la Santa Biblia como la Palabra de Dios.\" \/>\n<meta name=\"robots\" content=\"index, follow, max-snippet:-1, max-image-preview:large, max-video-preview:-1\" \/>\n<link rel=\"canonical\" href=\"https:\/\/www.plymouthbrethrenchristianchurch.org\/es\/lo-que-creemos\/santa-biblia\/\" \/>\n<meta property=\"og:locale\" content=\"es_ES\" \/>\n<meta property=\"og:type\" content=\"article\" \/>\n<meta property=\"og:title\" content=\"Santa Biblia | Plymouth Brethren Christian Church\" \/>\n<meta property=\"og:description\" content=\"Visite la p\u00e1gina de la Santa Biblia en el sitio web de la Iglesia Cristiana de los Hermanos de Plymouth, una comunidad cristiana basada en la Santa Biblia como la Palabra de Dios.\" \/>\n<meta property=\"og:url\" content=\"https:\/\/www.plymouthbrethrenchristianchurch.org\/es\/lo-que-creemos\/santa-biblia\/\" \/>\n<meta property=\"og:site_name\" content=\"Plymouth Brethren Christian Church\" \/>\n<meta property=\"article:publisher\" content=\"https:\/\/www.facebook.com\/PlymouthBrethrenChristianChurch\" \/>\n<meta property=\"article:modified_time\" content=\"2024-09-10T04:08:55+00:00\" \/>\n<meta name=\"twitter:card\" content=\"summary_large_image\" \/>\n<script type=\"application\/ld+json\" class=\"yoast-schema-graph\">{\"@context\":\"https:\/\/schema.org\",\"@graph\":[{\"@type\":\"WebPage\",\"@id\":\"https:\/\/www.plymouthbrethrenchristianchurch.org\/es\/lo-que-creemos\/santa-biblia\/\",\"url\":\"https:\/\/www.plymouthbrethrenchristianchurch.org\/es\/lo-que-creemos\/santa-biblia\/\",\"name\":\"Santa Biblia | Plymouth Brethren Christian Church\",\"isPartOf\":{\"@id\":\"https:\/\/www.plymouthbrethrenchristianchurch.org\/#website\"},\"datePublished\":\"2020-05-07T19:10:00+00:00\",\"dateModified\":\"2024-09-10T04:08:55+00:00\",\"description\":\"Visite la p\u00e1gina de la Santa Biblia en el sitio web de la Iglesia Cristiana de los Hermanos de Plymouth, una comunidad cristiana basada en la Santa Biblia como la Palabra de Dios.\",\"breadcrumb\":{\"@id\":\"https:\/\/www.plymouthbrethrenchristianchurch.org\/es\/lo-que-creemos\/santa-biblia\/#breadcrumb\"},\"inLanguage\":\"es\",\"potentialAction\":[{\"@type\":\"ReadAction\",\"target\":[\"https:\/\/www.plymouthbrethrenchristianchurch.org\/es\/lo-que-creemos\/santa-biblia\/\"]}]},{\"@type\":\"BreadcrumbList\",\"@id\":\"https:\/\/www.plymouthbrethrenchristianchurch.org\/es\/lo-que-creemos\/santa-biblia\/#breadcrumb\",\"itemListElement\":[{\"@type\":\"ListItem\",\"position\":1,\"name\":\"Home\",\"item\":\"https:\/\/www.plymouthbrethrenchristianchurch.org\/es\/casa\/\"},{\"@type\":\"ListItem\",\"position\":2,\"name\":\"Lo que creemos\",\"item\":\"https:\/\/www.plymouthbrethrenchristianchurch.org\/es\/lo-que-creemos\/\"},{\"@type\":\"ListItem\",\"position\":3,\"name\":\"Santa Biblia\"}]},{\"@type\":\"WebSite\",\"@id\":\"https:\/\/www.plymouthbrethrenchristianchurch.org\/#website\",\"url\":\"https:\/\/www.plymouthbrethrenchristianchurch.org\/\",\"name\":\"Plymouth Brethren Christian Church\",\"description\":\"\",\"publisher\":{\"@id\":\"https:\/\/www.plymouthbrethrenchristianchurch.org\/#organization\"},\"potentialAction\":[{\"@type\":\"SearchAction\",\"target\":{\"@type\":\"EntryPoint\",\"urlTemplate\":\"https:\/\/www.plymouthbrethrenchristianchurch.org\/?s={search_term_string}\"},\"query-input\":{\"@type\":\"PropertyValueSpecification\",\"valueRequired\":true,\"valueName\":\"search_term_string\"}}],\"inLanguage\":\"es\"},{\"@type\":\"Organization\",\"@id\":\"https:\/\/www.plymouthbrethrenchristianchurch.org\/#organization\",\"name\":\"Plymouth Brethren Christian Church\",\"url\":\"https:\/\/www.plymouthbrethrenchristianchurch.org\/\",\"logo\":{\"@type\":\"ImageObject\",\"inLanguage\":\"es\",\"@id\":\"https:\/\/www.plymouthbrethrenchristianchurch.org\/#\/schema\/logo\/image\/\",\"url\":\"https:\/\/www.plymouthbrethrenchristianchurch.org\/wp-content\/uploads\/2020\/05\/site-logo.svg\",\"contentUrl\":\"https:\/\/www.plymouthbrethrenchristianchurch.org\/wp-content\/uploads\/2020\/05\/site-logo.svg\",\"caption\":\"Plymouth Brethren Christian Church\"},\"image\":{\"@id\":\"https:\/\/www.plymouthbrethrenchristianchurch.org\/#\/schema\/logo\/image\/\"},\"sameAs\":[\"https:\/\/www.facebook.com\/PlymouthBrethrenChristianChurch\",\"https:\/\/www.youtube.com\/channel\/UC76fGueDJBbLvhs988yTBXQ\",\"https:\/\/www.pinterest.com.au\/plymouthbcc\/\"]}]}<\/script>\n<!-- \/ Yoast SEO plugin. -->","yoast_head_json":{"title":"Santa Biblia | Plymouth Brethren Christian Church","description":"Visite la p\u00e1gina de la Santa Biblia en el sitio web de la Iglesia Cristiana de los Hermanos de Plymouth, una comunidad cristiana basada en la Santa Biblia como la Palabra de Dios.","robots":{"index":"index","follow":"follow","max-snippet":"max-snippet:-1","max-image-preview":"max-image-preview:large","max-video-preview":"max-video-preview:-1"},"canonical":"https:\/\/www.plymouthbrethrenchristianchurch.org\/es\/lo-que-creemos\/santa-biblia\/","og_locale":"es_ES","og_type":"article","og_title":"Santa Biblia | Plymouth Brethren Christian Church","og_description":"Visite la p\u00e1gina de la Santa Biblia en el sitio web de la Iglesia Cristiana de los Hermanos de Plymouth, una comunidad cristiana basada en la Santa Biblia como la Palabra de Dios.","og_url":"https:\/\/www.plymouthbrethrenchristianchurch.org\/es\/lo-que-creemos\/santa-biblia\/","og_site_name":"Plymouth Brethren Christian Church","article_publisher":"https:\/\/www.facebook.com\/PlymouthBrethrenChristianChurch","article_modified_time":"2024-09-10T04:08:55+00:00","twitter_card":"summary_large_image","schema":{"@context":"https:\/\/schema.org","@graph":[{"@type":"WebPage","@id":"https:\/\/www.plymouthbrethrenchristianchurch.org\/es\/lo-que-creemos\/santa-biblia\/","url":"https:\/\/www.plymouthbrethrenchristianchurch.org\/es\/lo-que-creemos\/santa-biblia\/","name":"Santa Biblia | Plymouth Brethren Christian Church","isPartOf":{"@id":"https:\/\/www.plymouthbrethrenchristianchurch.org\/#website"},"datePublished":"2020-05-07T19:10:00+00:00","dateModified":"2024-09-10T04:08:55+00:00","description":"Visite la p\u00e1gina de la Santa Biblia en el sitio web de la Iglesia Cristiana de los Hermanos de Plymouth, una comunidad cristiana basada en la Santa Biblia como la Palabra de Dios.","breadcrumb":{"@id":"https:\/\/www.plymouthbrethrenchristianchurch.org\/es\/lo-que-creemos\/santa-biblia\/#breadcrumb"},"inLanguage":"es","potentialAction":[{"@type":"ReadAction","target":["https:\/\/www.plymouthbrethrenchristianchurch.org\/es\/lo-que-creemos\/santa-biblia\/"]}]},{"@type":"BreadcrumbList","@id":"https:\/\/www.plymouthbrethrenchristianchurch.org\/es\/lo-que-creemos\/santa-biblia\/#breadcrumb","itemListElement":[{"@type":"ListItem","position":1,"name":"Home","item":"https:\/\/www.plymouthbrethrenchristianchurch.org\/es\/casa\/"},{"@type":"ListItem","position":2,"name":"Lo que creemos","item":"https:\/\/www.plymouthbrethrenchristianchurch.org\/es\/lo-que-creemos\/"},{"@type":"ListItem","position":3,"name":"Santa Biblia"}]},{"@type":"WebSite","@id":"https:\/\/www.plymouthbrethrenchristianchurch.org\/#website","url":"https:\/\/www.plymouthbrethrenchristianchurch.org\/","name":"Plymouth Brethren Christian Church","description":"","publisher":{"@id":"https:\/\/www.plymouthbrethrenchristianchurch.org\/#organization"},"potentialAction":[{"@type":"SearchAction","target":{"@type":"EntryPoint","urlTemplate":"https:\/\/www.plymouthbrethrenchristianchurch.org\/?s={search_term_string}"},"query-input":{"@type":"PropertyValueSpecification","valueRequired":true,"valueName":"search_term_string"}}],"inLanguage":"es"},{"@type":"Organization","@id":"https:\/\/www.plymouthbrethrenchristianchurch.org\/#organization","name":"Plymouth Brethren Christian Church","url":"https:\/\/www.plymouthbrethrenchristianchurch.org\/","logo":{"@type":"ImageObject","inLanguage":"es","@id":"https:\/\/www.plymouthbrethrenchristianchurch.org\/#\/schema\/logo\/image\/","url":"https:\/\/www.plymouthbrethrenchristianchurch.org\/wp-content\/uploads\/2020\/05\/site-logo.svg","contentUrl":"https:\/\/www.plymouthbrethrenchristianchurch.org\/wp-content\/uploads\/2020\/05\/site-logo.svg","caption":"Plymouth Brethren Christian Church"},"image":{"@id":"https:\/\/www.plymouthbrethrenchristianchurch.org\/#\/schema\/logo\/image\/"},"sameAs":["https:\/\/www.facebook.com\/PlymouthBrethrenChristianChurch","https:\/\/www.youtube.com\/channel\/UC76fGueDJBbLvhs988yTBXQ","https:\/\/www.pinterest.com.au\/plymouthbcc\/"]}]}},"_links":{"self":[{"href":"https:\/\/www.plymouthbrethrenchristianchurch.org\/es\/wp-json\/wp\/v2\/pages\/2859"}],"collection":[{"href":"https:\/\/www.plymouthbrethrenchristianchurch.org\/es\/wp-json\/wp\/v2\/pages"}],"about":[{"href":"https:\/\/www.plymouthbrethrenchristianchurch.org\/es\/wp-json\/wp\/v2\/types\/page"}],"author":[{"embeddable":true,"href":"https:\/\/www.plymouthbrethrenchristianchurch.org\/es\/wp-json\/wp\/v2\/users\/2"}],"replies":[{"embeddable":true,"href":"https:\/\/www.plymouthbrethrenchristianchurch.org\/es\/wp-json\/wp\/v2\/comments?post=2859"}],"version-history":[{"count":7,"href":"https:\/\/www.plymouthbrethrenchristianchurch.org\/es\/wp-json\/wp\/v2\/pages\/2859\/revisions"}],"predecessor-version":[{"id":3834,"href":"https:\/\/www.plymouthbrethrenchristianchurch.org\/es\/wp-json\/wp\/v2\/pages\/2859\/revisions\/3834"}],"up":[{"embeddable":true,"href":"https:\/\/www.plymouthbrethrenchristianchurch.org\/es\/wp-json\/wp\/v2\/pages\/2852"}],"wp:attachment":[{"href":"https:\/\/www.plymouthbrethrenchristianchurch.org\/es\/wp-json\/wp\/v2\/media?parent=2859"}],"curies":[{"name":"wp","href":"https:\/\/api.w.org\/{rel}","templated":true}]}}