{"id":2870,"date":"2020-05-08T05:11:27","date_gmt":"2020-05-07T19:11:27","guid":{"rendered":"https:\/\/www.plymouthbrethrenchristianchurch.org\/lo-que-creemos\/otro\/"},"modified":"2024-09-10T14:09:04","modified_gmt":"2024-09-10T04:09:04","slug":"otro","status":"publish","type":"page","link":"https:\/\/www.plymouthbrethrenchristianchurch.org\/es\/lo-que-creemos\/otro\/","title":{"rendered":"Otro"},"content":{"rendered":"","protected":false},"excerpt":{"rendered":"","protected":false},"author":2,"featured_media":0,"parent":2852,"menu_order":4,"comment_status":"closed","ping_status":"closed","template":"page-templates\/acf-flexible-content.php","meta":{"_acf_changed":false,"_relevanssi_hide_post":"","_relevanssi_hide_content":"","_relevanssi_pin_for_all":"","_relevanssi_pin_keywords":"","_relevanssi_unpin_keywords":"","_relevanssi_related_keywords":"","_relevanssi_related_include_ids":"","_relevanssi_related_exclude_ids":"","_relevanssi_related_no_append":"","_relevanssi_related_not_related":"","_relevanssi_related_posts":"","_relevanssi_noindex_reason":"","inline_featured_image":false,"footnotes":""},"class_list":["post-2870","page","type-page","status-publish","hentry"],"acf":{"post_page_video":"","content":[{"acf_fc_layout":"page_header_with_links","override_title":false,"custom_title":"T\u00edtulo de la prueba","intro_text":"<p>Otra informaci\u00f3n sobre las creencias de los Hermanos de Plymouth, incluida la Doctrina de Separaci\u00f3n, puntos de vista sobre el gobierno y el servicio en la guerra.<\/p>\n","enable_button":true,"button":{"button_text":"","button_url":"","open_in_new_tab":false,"button_class":""},"link_source":"menu","select_a_menu":{"value":"18","label":"Lo que creemos"},"menu_title":"","custom_links":false,"header_styles":{"":null,"background_colour":"#515151","background_image":2412,"text_colour":"white"},"row_class":""},{"acf_fc_layout":"module_section","row":[{"column_gap":"6","column":[{"module":[{"acf_fc_layout":"accordion_module","accordion_item":[{"accordion_closed_title":"La doctrina de la separaci\u00f3n","accordion_closed_sub_title":"","accordion_open_title":"","accordion_open_sub_title":"","accordion_content":"<p>La PBCC cree que cada verdadero creyente en el Se\u00f1or Jesucristo, cada persona genuinamente convertida, estar\u00e1 en el cielo y nuestros verdaderos hermanos en Cristo. El principio de separaci\u00f3n es practicado por todas las personas, naciones y religiones de una forma u otra. La Biblia se refiere a ella en muchos pasajes \u2013 desde el cap\u00edtulo 1 de G\u00e9nesis, donde Dios se dividi\u00f3 entre la luz y las tinieblas, hasta el cap\u00edtulo 22 de Apocalipsis, donde hay quienes est\u00e1n dentro y los que est\u00e1n sin. El Se\u00f1or Jes\u00fas dijo en cuanto a Sus disc\u00edpulos \u00abno son del mundo, as\u00ed como yo no soy del mundo\u00bb Juan 17 v14. El mundo en este sentido se refiere al sistema de pecado y anarqu\u00eda bajo la dominaci\u00f3n de Satan\u00e1s. Como Iglesia, procuramos de todo coraz\u00f3n dedicar nuestra vida a este principio. Elegimos seguir las ense\u00f1anzas de Jes\u00fas, tal como se establecen en los Evangelios y se ense\u00f1an en las Ep\u00edstolas del Nuevo Testamento. Refiera pasajes tales como Mateo 16 v24-26, Marcos 10 v28-30, 2 Timoteo 2 v19 y 2 Corintios 6v14-18. La separaci\u00f3n representa una distinci\u00f3n moral entre lo que est\u00e1 bien y lo que est\u00e1 mal, lo que es justo y lo que es injusto. Los cristianos como creyentes en el Se\u00f1or Jesucristo son exhortados a \u00abrechazar el mal y elegir el bien\u00bb Isa\u00edas 7 v15. Nos comprometemos a comer y beber s\u00f3lo con aquellos con quienes celebrar\u00edamos la Cena del Se\u00f1or, esa es la base de nuestra comuni\u00f3n. Esto no significa que nos mantengamos como superiores a nuestros semejantes, mujeres y ni\u00f1os. Vivimos y trabajamos armoniosamente junto a ellos, en la corriente principal de la sociedad. Nuestra pr\u00e1ctica de separaci\u00f3n no impide la interacci\u00f3n en la comunidad en general. Ayudamos a nuestros vecinos y ellos nos ayudan. Cuidamos y protegemos su propiedad y ellos hacen la nuestra. Apreciamos el bien que recibimos de muchos de nuestros conciudadanos, y damos la bienvenida a la oportunidad de cumplir con nuestra responsabilidad en la comunidad. Nuestra actitud es hacer el bien a todos, a medida que surgen oportunidades.<\/p>\n","accordion_foot_notes":"","social_share_links":["facebook","twitter"]},{"accordion_closed_title":"Los Hermanos de Plymouth y la pol\u00edtica","accordion_closed_sub_title":"","accordion_open_title":"Nuestros puntos de vista sobre los gobiernos, la legislaci\u00f3n y el voto","accordion_open_sub_title":"","accordion_content":"<p>Los hermanos no son partidistas, creen que cualquier gobierno (sin importar el partido pol\u00edtico o los candidatos individuales) es llevado a elecci\u00f3n por la voluntad de Dios.<br \/>\nSi bien hay una oraci\u00f3n continua y consistente por un buen gobierno, no votamos por una cuesti\u00f3n de conciencia.<br \/>\nEn la mayor\u00eda de los pa\u00edses donde el voto es obligatorio, existe una exenci\u00f3n del voto por motivos de conciencia.<br \/>\nPor lo tanto, aunque no votamos, seguimos prestando atenci\u00f3n a la pol\u00edtica de los pa\u00edses en los que residimos y, al igual que con todas las iglesias cristianas, los Hermanos de Plymouth en ocasiones adoptan una posici\u00f3n moral con respecto a la compatibilidad de la legislaci\u00f3n y la pol\u00edtica con las ense\u00f1anzas de la Santa Biblia.<br \/>\nEn estas ocasiones, presionamos activamente a nuestros representantes, ejerciendo nuestros derechos democr\u00e1ticos individuales como ciudadanos que vivimos en una sociedad libre.    <\/p>\n","accordion_foot_notes":"","social_share_links":["facebook","twitter"]},{"accordion_closed_title":"Los hermanos sirvieron en las dos Guerras Mundiales","accordion_closed_sub_title":"","accordion_open_title":"","accordion_open_sub_title":"","accordion_content":"<p>En tiempos de reclutamiento militar, los miembros de la Iglesia Cristiana de los Hermanos de Plymouth participaron en las dos Guerras Mundiales, como en las Guerras de Corea y Vietnam, sirviendo junto a soldados no hermanos para sus respectivos pa\u00edses.<br \/>\nLos Hermanos se basaron en ser reconocidos como no combatientes a diferencia de los objetores de conciencia.<br \/>\nExperimentaron reproches, especialmente durante la Primera Guerra Mundial, por negarse a llevar armas, pero el tiempo y la experiencia demostraron que hab\u00eda un gran coraje al ir al frente desarmados para rescatar a los heridos.<br \/>\nLos hermanos han servido en muchos lugares, incluyendo las selvas de Pap\u00faa Nueva Guinea, los desiertos del norte de \u00c1frica, las playas de Dunkerque, el desembarco de Normand\u00eda, Corea y Vietnam.<br \/>\nHan servido en primera l\u00ednea como camilleros, as\u00ed como en unidades clasificadas de Se\u00f1ales Secretas.<br \/>\nUno de ellos fue el 2 I.C. de uno de los hospitales militares m\u00e1s grandes de Australia.<br \/>\nEjemplos de aprecio por su trabajo incluyen un premio en la Primera Guerra Mundial por el valor en su servicio, incluida la Cruz Militar.<br \/>\nEn la Segunda Guerra Mundial, a pesar de estar encarcelado en Changi, uno fue mencionado en los despachos por su servicio a otros prisioneros de guerra.<br \/>\nEn las tensiones de la Guerra Fr\u00eda en Europa, uno de los Hermanos fue designado \u00abSoldado del A\u00f1o\u00bb dos veces seguidas.          <strong>EXTRACTOS DE LOS ARCHIVOS NACIONALES DE AUSTRALIA<\/strong>  F. KINGSLEY NORRIS (D.G.A.M.S.) DIRECTOR GENERAL AUST. SERVICIO M\u00c9DICO \u2013 AUST. FUERZAS ARMADAS 1942-43 Las bajas y las enfermedades hab\u00edan disminuido lamentablemente las filas de mi personal m\u00e9dico y, en respuesta a muchas se\u00f1ales, por fin se nos hab\u00eda asignado una ambulancia de campa\u00f1a adicional, que inclu\u00eda una compa\u00f1\u00eda de \u00abobjetores de conciencia&#8230;&#8230; Discut\u00ed la situaci\u00f3n con el comandante y decid\u00ed trasladar su ambulancia a Soputa, donde se hab\u00eda llegado a la crisis de la batalla y nuestras bajas aumentaban. Los portadores de entre los \u00abconshies\u00bb fueron ordenados a la batalla y ninguno dud\u00f3. Algunos murieron, otros resultaron heridos, y mientras los observaba no vi a un solo hombre ni a ning\u00fan escuadr\u00f3n de camilleros que hubiera hecho una pausa antes de regresar. Del mismo modo que los hombres de Mons transmutaron esa vil palabra despreciable en el oro de la gloria, as\u00ed tambi\u00e9n \u00abconshie\u00bb se convirti\u00f3 en una noble palabra de respeto y consideraci\u00f3n. Este incidente en Soputa fue uno de los ejemplos m\u00e1s inspiradores de coraje moral y f\u00edsico que he experimentado.<\/p>\n","accordion_foot_notes":"","social_share_links":["facebook","twitter"]}]},{"acf_fc_layout":"bible_quote_slim","quote_text":"Sin embargo, el fundamento de Dios est\u00e1 firme, teniendo este sello: El Se\u00f1or conoce a los que son suyos.\nY todo aquel que invoca el nombre de Cristo, ap\u00e1rtese de la iniquidad. ","quote_source":"2 Timoteo 2:19"},{"acf_fc_layout":"global_module","global_module_id":1148}],"columns_sm":"12","columns_md":"8","columns_lg":"8"},{"module":false,"columns_sm":"12","columns_md":"4","columns_lg":"4"}],"row_class":"","module_padding":{"":null,"padding_top_xs":"","padding_bottom_xs":"","padding_left_xs":"","padding_right_xs":"","padding_top_md":"","padding_bottom_md":"","padding_left_md":"","padding_right_md":"","padding_top_lg":"","padding_bottom_lg":"","padding_left_lg":"","padding_right_lg":""},"module_margin":{"":null,"margin_top_xs":"","margin_bottom_xs":"","margin_left_xs":"","margin_right_xs":"","margin_top_md":"","margin_bottom_md":"","margin_left_md":"","margin_right_md":"","margin_top_lg":"","margin_bottom_lg":"","margin_left_lg":"","margin_right_lg":""}}],"section_heading":"","section_class":"","module_padding":{"":null,"padding_top_xs":"","padding_bottom_xs":"","padding_left_xs":"","padding_right_xs":"","padding_top_md":"","padding_bottom_md":"","padding_left_md":"","padding_right_md":"","padding_top_lg":"","padding_bottom_lg":"","padding_left_lg":"","padding_right_lg":""},"module_margin":{"":null,"margin_top_xs":"","margin_bottom_xs":"","margin_left_xs":"","margin_right_xs":"","margin_top_md":"","margin_bottom_md":"","margin_left_md":"","margin_right_md":"","margin_top_lg":"","margin_bottom_lg":"","margin_left_lg":"","margin_right_lg":""}}]},"yoast_head":"<!-- This site is optimized with the Yoast SEO plugin v25.2 - https:\/\/yoast.com\/wordpress\/plugins\/seo\/ -->\n<title>Otro | Plymouth Brethren Christian Church<\/title>\n<meta name=\"description\" content=\"Visite la otra p\u00e1gina en el sitio web de la Iglesia, una comunidad cristiana basada en la Santa Biblia como la Palabra de Dios.\" \/>\n<meta name=\"robots\" content=\"index, follow, max-snippet:-1, max-image-preview:large, max-video-preview:-1\" \/>\n<link rel=\"canonical\" href=\"https:\/\/www.plymouthbrethrenchristianchurch.org\/es\/lo-que-creemos\/otro\/\" \/>\n<meta property=\"og:locale\" content=\"es_ES\" \/>\n<meta property=\"og:type\" content=\"article\" \/>\n<meta property=\"og:title\" content=\"Otro | Plymouth Brethren Christian Church\" \/>\n<meta property=\"og:description\" content=\"Visite la otra p\u00e1gina en el sitio web de la Iglesia, una comunidad cristiana basada en la Santa Biblia como la Palabra de Dios.\" \/>\n<meta property=\"og:url\" content=\"https:\/\/www.plymouthbrethrenchristianchurch.org\/es\/lo-que-creemos\/otro\/\" \/>\n<meta property=\"og:site_name\" content=\"Plymouth Brethren Christian Church\" \/>\n<meta property=\"article:publisher\" content=\"https:\/\/www.facebook.com\/PlymouthBrethrenChristianChurch\" \/>\n<meta property=\"article:modified_time\" content=\"2024-09-10T04:09:04+00:00\" \/>\n<meta name=\"twitter:card\" content=\"summary_large_image\" \/>\n<script type=\"application\/ld+json\" class=\"yoast-schema-graph\">{\"@context\":\"https:\/\/schema.org\",\"@graph\":[{\"@type\":\"WebPage\",\"@id\":\"https:\/\/www.plymouthbrethrenchristianchurch.org\/es\/lo-que-creemos\/otro\/\",\"url\":\"https:\/\/www.plymouthbrethrenchristianchurch.org\/es\/lo-que-creemos\/otro\/\",\"name\":\"Otro | Plymouth Brethren Christian Church\",\"isPartOf\":{\"@id\":\"https:\/\/www.plymouthbrethrenchristianchurch.org\/#website\"},\"datePublished\":\"2020-05-07T19:11:27+00:00\",\"dateModified\":\"2024-09-10T04:09:04+00:00\",\"description\":\"Visite la otra p\u00e1gina en el sitio web de la Iglesia, una comunidad cristiana basada en la Santa Biblia como la Palabra de Dios.\",\"breadcrumb\":{\"@id\":\"https:\/\/www.plymouthbrethrenchristianchurch.org\/es\/lo-que-creemos\/otro\/#breadcrumb\"},\"inLanguage\":\"es\",\"potentialAction\":[{\"@type\":\"ReadAction\",\"target\":[\"https:\/\/www.plymouthbrethrenchristianchurch.org\/es\/lo-que-creemos\/otro\/\"]}]},{\"@type\":\"BreadcrumbList\",\"@id\":\"https:\/\/www.plymouthbrethrenchristianchurch.org\/es\/lo-que-creemos\/otro\/#breadcrumb\",\"itemListElement\":[{\"@type\":\"ListItem\",\"position\":1,\"name\":\"Home\",\"item\":\"https:\/\/www.plymouthbrethrenchristianchurch.org\/es\/casa\/\"},{\"@type\":\"ListItem\",\"position\":2,\"name\":\"Lo que creemos\",\"item\":\"https:\/\/www.plymouthbrethrenchristianchurch.org\/es\/lo-que-creemos\/\"},{\"@type\":\"ListItem\",\"position\":3,\"name\":\"Otro\"}]},{\"@type\":\"WebSite\",\"@id\":\"https:\/\/www.plymouthbrethrenchristianchurch.org\/#website\",\"url\":\"https:\/\/www.plymouthbrethrenchristianchurch.org\/\",\"name\":\"Plymouth Brethren Christian Church\",\"description\":\"\",\"publisher\":{\"@id\":\"https:\/\/www.plymouthbrethrenchristianchurch.org\/#organization\"},\"potentialAction\":[{\"@type\":\"SearchAction\",\"target\":{\"@type\":\"EntryPoint\",\"urlTemplate\":\"https:\/\/www.plymouthbrethrenchristianchurch.org\/?s={search_term_string}\"},\"query-input\":{\"@type\":\"PropertyValueSpecification\",\"valueRequired\":true,\"valueName\":\"search_term_string\"}}],\"inLanguage\":\"es\"},{\"@type\":\"Organization\",\"@id\":\"https:\/\/www.plymouthbrethrenchristianchurch.org\/#organization\",\"name\":\"Plymouth Brethren Christian Church\",\"url\":\"https:\/\/www.plymouthbrethrenchristianchurch.org\/\",\"logo\":{\"@type\":\"ImageObject\",\"inLanguage\":\"es\",\"@id\":\"https:\/\/www.plymouthbrethrenchristianchurch.org\/#\/schema\/logo\/image\/\",\"url\":\"https:\/\/www.plymouthbrethrenchristianchurch.org\/wp-content\/uploads\/2020\/05\/site-logo.svg\",\"contentUrl\":\"https:\/\/www.plymouthbrethrenchristianchurch.org\/wp-content\/uploads\/2020\/05\/site-logo.svg\",\"caption\":\"Plymouth Brethren Christian Church\"},\"image\":{\"@id\":\"https:\/\/www.plymouthbrethrenchristianchurch.org\/#\/schema\/logo\/image\/\"},\"sameAs\":[\"https:\/\/www.facebook.com\/PlymouthBrethrenChristianChurch\",\"https:\/\/www.youtube.com\/channel\/UC76fGueDJBbLvhs988yTBXQ\",\"https:\/\/www.pinterest.com.au\/plymouthbcc\/\"]}]}<\/script>\n<!-- \/ Yoast SEO plugin. -->","yoast_head_json":{"title":"Otro | Plymouth Brethren Christian Church","description":"Visite la otra p\u00e1gina en el sitio web de la Iglesia, una comunidad cristiana basada en la Santa Biblia como la Palabra de Dios.","robots":{"index":"index","follow":"follow","max-snippet":"max-snippet:-1","max-image-preview":"max-image-preview:large","max-video-preview":"max-video-preview:-1"},"canonical":"https:\/\/www.plymouthbrethrenchristianchurch.org\/es\/lo-que-creemos\/otro\/","og_locale":"es_ES","og_type":"article","og_title":"Otro | Plymouth Brethren Christian Church","og_description":"Visite la otra p\u00e1gina en el sitio web de la Iglesia, una comunidad cristiana basada en la Santa Biblia como la Palabra de Dios.","og_url":"https:\/\/www.plymouthbrethrenchristianchurch.org\/es\/lo-que-creemos\/otro\/","og_site_name":"Plymouth Brethren Christian Church","article_publisher":"https:\/\/www.facebook.com\/PlymouthBrethrenChristianChurch","article_modified_time":"2024-09-10T04:09:04+00:00","twitter_card":"summary_large_image","schema":{"@context":"https:\/\/schema.org","@graph":[{"@type":"WebPage","@id":"https:\/\/www.plymouthbrethrenchristianchurch.org\/es\/lo-que-creemos\/otro\/","url":"https:\/\/www.plymouthbrethrenchristianchurch.org\/es\/lo-que-creemos\/otro\/","name":"Otro | Plymouth Brethren Christian Church","isPartOf":{"@id":"https:\/\/www.plymouthbrethrenchristianchurch.org\/#website"},"datePublished":"2020-05-07T19:11:27+00:00","dateModified":"2024-09-10T04:09:04+00:00","description":"Visite la otra p\u00e1gina en el sitio web de la Iglesia, una comunidad cristiana basada en la Santa Biblia como la Palabra de Dios.","breadcrumb":{"@id":"https:\/\/www.plymouthbrethrenchristianchurch.org\/es\/lo-que-creemos\/otro\/#breadcrumb"},"inLanguage":"es","potentialAction":[{"@type":"ReadAction","target":["https:\/\/www.plymouthbrethrenchristianchurch.org\/es\/lo-que-creemos\/otro\/"]}]},{"@type":"BreadcrumbList","@id":"https:\/\/www.plymouthbrethrenchristianchurch.org\/es\/lo-que-creemos\/otro\/#breadcrumb","itemListElement":[{"@type":"ListItem","position":1,"name":"Home","item":"https:\/\/www.plymouthbrethrenchristianchurch.org\/es\/casa\/"},{"@type":"ListItem","position":2,"name":"Lo que creemos","item":"https:\/\/www.plymouthbrethrenchristianchurch.org\/es\/lo-que-creemos\/"},{"@type":"ListItem","position":3,"name":"Otro"}]},{"@type":"WebSite","@id":"https:\/\/www.plymouthbrethrenchristianchurch.org\/#website","url":"https:\/\/www.plymouthbrethrenchristianchurch.org\/","name":"Plymouth Brethren Christian Church","description":"","publisher":{"@id":"https:\/\/www.plymouthbrethrenchristianchurch.org\/#organization"},"potentialAction":[{"@type":"SearchAction","target":{"@type":"EntryPoint","urlTemplate":"https:\/\/www.plymouthbrethrenchristianchurch.org\/?s={search_term_string}"},"query-input":{"@type":"PropertyValueSpecification","valueRequired":true,"valueName":"search_term_string"}}],"inLanguage":"es"},{"@type":"Organization","@id":"https:\/\/www.plymouthbrethrenchristianchurch.org\/#organization","name":"Plymouth Brethren Christian Church","url":"https:\/\/www.plymouthbrethrenchristianchurch.org\/","logo":{"@type":"ImageObject","inLanguage":"es","@id":"https:\/\/www.plymouthbrethrenchristianchurch.org\/#\/schema\/logo\/image\/","url":"https:\/\/www.plymouthbrethrenchristianchurch.org\/wp-content\/uploads\/2020\/05\/site-logo.svg","contentUrl":"https:\/\/www.plymouthbrethrenchristianchurch.org\/wp-content\/uploads\/2020\/05\/site-logo.svg","caption":"Plymouth Brethren Christian Church"},"image":{"@id":"https:\/\/www.plymouthbrethrenchristianchurch.org\/#\/schema\/logo\/image\/"},"sameAs":["https:\/\/www.facebook.com\/PlymouthBrethrenChristianChurch","https:\/\/www.youtube.com\/channel\/UC76fGueDJBbLvhs988yTBXQ","https:\/\/www.pinterest.com.au\/plymouthbcc\/"]}]}},"_links":{"self":[{"href":"https:\/\/www.plymouthbrethrenchristianchurch.org\/es\/wp-json\/wp\/v2\/pages\/2870"}],"collection":[{"href":"https:\/\/www.plymouthbrethrenchristianchurch.org\/es\/wp-json\/wp\/v2\/pages"}],"about":[{"href":"https:\/\/www.plymouthbrethrenchristianchurch.org\/es\/wp-json\/wp\/v2\/types\/page"}],"author":[{"embeddable":true,"href":"https:\/\/www.plymouthbrethrenchristianchurch.org\/es\/wp-json\/wp\/v2\/users\/2"}],"replies":[{"embeddable":true,"href":"https:\/\/www.plymouthbrethrenchristianchurch.org\/es\/wp-json\/wp\/v2\/comments?post=2870"}],"version-history":[{"count":1,"href":"https:\/\/www.plymouthbrethrenchristianchurch.org\/es\/wp-json\/wp\/v2\/pages\/2870\/revisions"}],"predecessor-version":[{"id":3840,"href":"https:\/\/www.plymouthbrethrenchristianchurch.org\/es\/wp-json\/wp\/v2\/pages\/2870\/revisions\/3840"}],"up":[{"embeddable":true,"href":"https:\/\/www.plymouthbrethrenchristianchurch.org\/es\/wp-json\/wp\/v2\/pages\/2852"}],"wp:attachment":[{"href":"https:\/\/www.plymouthbrethrenchristianchurch.org\/es\/wp-json\/wp\/v2\/media?parent=2870"}],"curies":[{"name":"wp","href":"https:\/\/api.w.org\/{rel}","templated":true}]}}