{"id":2878,"date":"2020-04-30T06:51:09","date_gmt":"2020-04-29T20:51:09","guid":{"rendered":"https:\/\/www.plymouthbrethrenchristianchurch.org\/nuestros-valores\/"},"modified":"2024-09-10T15:23:27","modified_gmt":"2024-09-10T05:23:27","slug":"nuestros-valores","status":"publish","type":"page","link":"https:\/\/www.plymouthbrethrenchristianchurch.org\/es\/nuestros-valores\/","title":{"rendered":"Nuestros valores"},"content":{"rendered":"","protected":false},"excerpt":{"rendered":"<p>Nuestros valores son la familia, la comuni\u00f3n, la predicaci\u00f3n del Evangelio, la comunidad y el cuidado de los dem\u00e1s.<\/p>\n","protected":false},"author":1,"featured_media":0,"parent":0,"menu_order":4,"comment_status":"closed","ping_status":"closed","template":"page-templates\/acf-flexible-content.php","meta":{"_acf_changed":false,"_relevanssi_hide_post":"","_relevanssi_hide_content":"","_relevanssi_pin_for_all":"","_relevanssi_pin_keywords":"","_relevanssi_unpin_keywords":"","_relevanssi_related_keywords":"","_relevanssi_related_include_ids":"","_relevanssi_related_exclude_ids":"","_relevanssi_related_no_append":"","_relevanssi_related_not_related":"","_relevanssi_related_posts":"","_relevanssi_noindex_reason":"","inline_featured_image":false,"footnotes":""},"class_list":["post-2878","page","type-page","status-publish","hentry"],"acf":{"post_page_video":"","content":[{"acf_fc_layout":"page_header_with_links","override_title":false,"custom_title":"","intro_text":"<p>Conozca m\u00e1s sobre los valores compartidos de las Autoridades Generales de Plymouth, una comunidad global con m\u00e1s de 50.000 miembros.<\/p>\n","enable_button":true,"button":{"button_text":"","button_url":"","open_in_new_tab":false,"button_class":""},"link_source":"off","select_a_menu":false,"menu_title":"","custom_links":false,"header_styles":{"":null,"background_colour":"#ffffff","background_image":2404,"text_colour":"black"},"row_class":""},{"acf_fc_layout":"module_section","row":[{"column_gap":"4","column":[{"module":[{"acf_fc_layout":"rich_media_block","image":false,"header":{"":null,"title":"Orientado a la familia","heading_level":"h2","header_styles":{"":null,"background_colour":"","background_image":false,"text_colour":"orange"},"make_separator":false},"content":"<p>Estamos profundamente orientados a la familia y la familia es fundamental para nuestras creencias y forma de vida. Valoramos los tiempos que pasamos juntos y nos esforzamos por asegurar que nuestros hijos crezcan felices, amados y apreciados. Es un placer verlos prosperar dentro de una comunidad tan estable y cari\u00f1osa.<\/p>\n","enable_button":false,"button":{"button_text":"","button_url":"","open_in_new_tab":false,"button_class":""},"class":""}],"columns_sm":"4","columns_md":"none","columns_lg":"4"},{"module":[{"acf_fc_layout":"rich_media_block","image":false,"header":{"":null,"title":"Comunidad","heading_level":"h2","header_styles":{"":null,"background_colour":"","background_image":false,"text_colour":"violet"},"make_separator":false},"content":"<p>La comunidad del PBCC es parte integral de nuestra forma de vida. Practicamos un estilo de vida basado en la Santa Biblia y socializamos con aquellos a quienes compartimos la Santa Comuni\u00f3n. Nuestra comunidad proporciona orientaci\u00f3n unos a otros sobre c\u00f3mo como cristianos podemos seguir la palabra de Dios y hacerla aplicable a la vida cotidiana.<\/p>\n","enable_button":false,"button":{"button_text":"","button_url":"","open_in_new_tab":false,"button_class":""},"class":""}],"columns_sm":"4","columns_md":"none","columns_lg":"4"},{"module":[{"acf_fc_layout":"rich_media_block","image":false,"header":{"":null,"title":"Cuidado y respeto","heading_level":"h2","header_styles":{"":null,"background_colour":"","background_image":false,"text_colour":"brown"},"make_separator":false},"content":"<p>Como comunidad somos solidarios y respetuosos con los dem\u00e1s y reconocemos los derechos de toda la humanidad dentro de la sociedad. Creemos en el potencial que todo ser humano tiene para llevar un estilo de vida cristiano con disfrute y autenticidad.<\/p>\n","enable_button":false,"button":{"button_text":"Sube","button_url":"","open_in_new_tab":false,"button_class":""},"class":""}],"columns_sm":"4","columns_md":"none","columns_lg":"4"}],"row_class":"","module_padding":{"":null,"padding_top_xs":"","padding_bottom_xs":"","padding_left_xs":"","padding_right_xs":"","padding_top_md":"","padding_bottom_md":"","padding_left_md":"","padding_right_md":"","padding_top_lg":"","padding_bottom_lg":"","padding_left_lg":"","padding_right_lg":""},"module_margin":{"":null,"margin_top_xs":"","margin_bottom_xs":"","margin_left_xs":"","margin_right_xs":"","margin_top_md":"","margin_bottom_md":"","margin_left_md":"","margin_right_md":"","margin_top_lg":"","margin_bottom_lg":"","margin_left_lg":"","margin_right_lg":""}}],"section_heading":"","section_class":"py-0","module_padding":{"":null,"padding_top_xs":"","padding_bottom_xs":"","padding_left_xs":"","padding_right_xs":"","padding_top_md":"","padding_bottom_md":"","padding_left_md":"","padding_right_md":"","padding_top_lg":"","padding_bottom_lg":"","padding_left_lg":"","padding_right_lg":""},"module_margin":{"":null,"margin_top_xs":"","margin_bottom_xs":"","margin_left_xs":"","margin_right_xs":"","margin_top_md":"","margin_bottom_md":"","margin_left_md":"","margin_right_md":"","margin_top_lg":"","margin_bottom_lg":"","margin_left_lg":"","margin_right_lg":""}},{"acf_fc_layout":"content_grid_1_2","section_title":"","content_row":[{"content_title":"Vida familiar","content_body":"<p>Los miembros de las Autoridades Generales de Plymouth tienen fuertes valores familiares y cr\u00edan a sus hijos con la misma fe.<\/p>\n","image":1935,"enable_quote_overlay":false,"quote_overlay":{"quote_text":"","quote_source":""},"icon":{"icon":false,"icon_position":"left","icon_vertical_offset":""},"enable_link":true,"link":{"title":"Vida familiar","url":"https:\/\/www.plymouthbrethrenchristianchurch.org\/es\/nuestros-valores\/vida-familiar\/","target":""},"header_styles":{"":null,"background_colour":"","background_image":false,"text_colour":"orange"}},{"content_title":"compa\u00f1erismo","content_body":"<p>Consideramos la comuni\u00f3n cristiana mutua como una parte integral de nuestro modo de vida.<\/p>\n","image":2039,"enable_quote_overlay":false,"quote_overlay":{"quote_text":"","quote_source":""},"icon":{"icon":false,"icon_position":"left","icon_vertical_offset":""},"enable_link":true,"link":{"title":"compa\u00f1erismo","url":"https:\/\/www.plymouthbrethrenchristianchurch.org\/es\/nuestros-valores\/companerismo\/","target":""},"header_styles":{"":null,"background_colour":"","background_image":false,"text_colour":"violet"}},{"content_title":"Predicar el Evangelio","content_body":"<p>Predicamos activamente la Palabra de Dios a la comunidad en general.<\/p>\n","image":1951,"enable_quote_overlay":false,"quote_overlay":{"quote_text":"","quote_source":""},"icon":{"icon":false,"icon_position":"left","icon_vertical_offset":""},"enable_link":true,"link":{"title":"Predicar el Evangelio","url":"https:\/\/www.plymouthbrethrenchristianchurch.org\/es\/nuestros-valores\/predicar-el-evangelio\/","target":""},"header_styles":{"":null,"background_colour":"","background_image":false,"text_colour":"brown"}},{"content_title":"Comunidad","content_body":"<p>Damos gran importancia a la pr\u00e1ctica activa del cristianismo y para nosotros esto ocurre de muchas maneras.<\/p>\n","image":1955,"enable_quote_overlay":false,"quote_overlay":{"quote_text":"","quote_source":""},"icon":{"icon":false,"icon_position":"left","icon_vertical_offset":""},"enable_link":true,"link":{"title":"Comunidad","url":"https:\/\/www.plymouthbrethrenchristianchurch.org\/es\/casa\/comunidad\/","target":""},"header_styles":{"":null,"background_colour":"","background_image":false,"text_colour":"orange"}},{"content_title":"Cuidar a los dem\u00e1s","content_body":"<p>Hay un esp\u00edritu caritativo fuerte y generoso entre las Autoridades Generales, y muchos dedican voluntariamente su tiempo a contribuir a los esfuerzos filantr\u00f3picos para aliviar la carga sobre la humanidad.<\/p>\n","image":2388,"enable_quote_overlay":false,"quote_overlay":{"quote_text":"","quote_source":""},"icon":{"icon":false,"icon_position":"left","icon_vertical_offset":""},"enable_link":true,"link":{"title":"Cuidar a los dem\u00e1s","url":"https:\/\/www.plymouthbrethrenchristianchurch.org\/values\/caring-for-others\/","target":""},"header_styles":{"":null,"background_colour":"","background_image":false,"text_colour":"violet"}}]},{"acf_fc_layout":"quote_section","background_color":"orange","passage_text":"Porque aun aqu\u00ed vosotros fuisteis llamados: porque Cristo tambi\u00e9n sufri\u00f3 por nosotros, dej\u00e1ndonos un ejemplo, para que siguieran sus pasos.","passage_source":"1 Pedro 2 v 21","background_image":1931}]},"yoast_head":"<!-- This site is optimized with the Yoast SEO plugin v25.2 - https:\/\/yoast.com\/wordpress\/plugins\/seo\/ -->\n<title>Nuestros valores | Plymouth Brethren Christian Church<\/title>\n<meta name=\"description\" content=\"Visit the Nuestros valores page on the website of the Plymouth Brethren Christian Church, a Christian fellowship based on the Holy Bible as the Word of God.\" \/>\n<meta name=\"robots\" content=\"index, follow, max-snippet:-1, max-image-preview:large, max-video-preview:-1\" \/>\n<link rel=\"canonical\" href=\"https:\/\/www.plymouthbrethrenchristianchurch.org\/es\/nuestros-valores\/\" \/>\n<meta property=\"og:locale\" content=\"es_ES\" \/>\n<meta property=\"og:type\" content=\"article\" \/>\n<meta property=\"og:title\" content=\"Nuestros valores | Plymouth Brethren Christian Church\" \/>\n<meta property=\"og:description\" content=\"Visit the Nuestros valores page on the website of the Plymouth Brethren Christian Church, a Christian fellowship based on the Holy Bible as the Word of God.\" \/>\n<meta property=\"og:url\" content=\"https:\/\/www.plymouthbrethrenchristianchurch.org\/es\/nuestros-valores\/\" \/>\n<meta property=\"og:site_name\" content=\"Plymouth Brethren Christian Church\" \/>\n<meta property=\"article:publisher\" content=\"https:\/\/www.facebook.com\/PlymouthBrethrenChristianChurch\" \/>\n<meta property=\"article:modified_time\" content=\"2024-09-10T05:23:27+00:00\" \/>\n<meta name=\"twitter:card\" content=\"summary_large_image\" \/>\n<script type=\"application\/ld+json\" class=\"yoast-schema-graph\">{\"@context\":\"https:\/\/schema.org\",\"@graph\":[{\"@type\":\"WebPage\",\"@id\":\"https:\/\/www.plymouthbrethrenchristianchurch.org\/es\/nuestros-valores\/\",\"url\":\"https:\/\/www.plymouthbrethrenchristianchurch.org\/es\/nuestros-valores\/\",\"name\":\"Nuestros valores | Plymouth Brethren Christian Church\",\"isPartOf\":{\"@id\":\"https:\/\/www.plymouthbrethrenchristianchurch.org\/#website\"},\"datePublished\":\"2020-04-29T20:51:09+00:00\",\"dateModified\":\"2024-09-10T05:23:27+00:00\",\"description\":\"Visit the Nuestros valores page on the website of the Plymouth Brethren Christian Church, a Christian fellowship based on the Holy Bible as the Word of God.\",\"breadcrumb\":{\"@id\":\"https:\/\/www.plymouthbrethrenchristianchurch.org\/es\/nuestros-valores\/#breadcrumb\"},\"inLanguage\":\"es\",\"potentialAction\":[{\"@type\":\"ReadAction\",\"target\":[\"https:\/\/www.plymouthbrethrenchristianchurch.org\/es\/nuestros-valores\/\"]}]},{\"@type\":\"BreadcrumbList\",\"@id\":\"https:\/\/www.plymouthbrethrenchristianchurch.org\/es\/nuestros-valores\/#breadcrumb\",\"itemListElement\":[{\"@type\":\"ListItem\",\"position\":1,\"name\":\"Home\",\"item\":\"https:\/\/www.plymouthbrethrenchristianchurch.org\/es\/casa\/\"},{\"@type\":\"ListItem\",\"position\":2,\"name\":\"Nuestros valores\"}]},{\"@type\":\"WebSite\",\"@id\":\"https:\/\/www.plymouthbrethrenchristianchurch.org\/#website\",\"url\":\"https:\/\/www.plymouthbrethrenchristianchurch.org\/\",\"name\":\"Plymouth Brethren Christian Church\",\"description\":\"\",\"publisher\":{\"@id\":\"https:\/\/www.plymouthbrethrenchristianchurch.org\/#organization\"},\"potentialAction\":[{\"@type\":\"SearchAction\",\"target\":{\"@type\":\"EntryPoint\",\"urlTemplate\":\"https:\/\/www.plymouthbrethrenchristianchurch.org\/?s={search_term_string}\"},\"query-input\":{\"@type\":\"PropertyValueSpecification\",\"valueRequired\":true,\"valueName\":\"search_term_string\"}}],\"inLanguage\":\"es\"},{\"@type\":\"Organization\",\"@id\":\"https:\/\/www.plymouthbrethrenchristianchurch.org\/#organization\",\"name\":\"Plymouth Brethren Christian Church\",\"url\":\"https:\/\/www.plymouthbrethrenchristianchurch.org\/\",\"logo\":{\"@type\":\"ImageObject\",\"inLanguage\":\"es\",\"@id\":\"https:\/\/www.plymouthbrethrenchristianchurch.org\/#\/schema\/logo\/image\/\",\"url\":\"https:\/\/www.plymouthbrethrenchristianchurch.org\/wp-content\/uploads\/2020\/05\/site-logo.svg\",\"contentUrl\":\"https:\/\/www.plymouthbrethrenchristianchurch.org\/wp-content\/uploads\/2020\/05\/site-logo.svg\",\"caption\":\"Plymouth Brethren Christian Church\"},\"image\":{\"@id\":\"https:\/\/www.plymouthbrethrenchristianchurch.org\/#\/schema\/logo\/image\/\"},\"sameAs\":[\"https:\/\/www.facebook.com\/PlymouthBrethrenChristianChurch\",\"https:\/\/www.youtube.com\/channel\/UC76fGueDJBbLvhs988yTBXQ\",\"https:\/\/www.pinterest.com.au\/plymouthbcc\/\"]}]}<\/script>\n<!-- \/ Yoast SEO plugin. -->","yoast_head_json":{"title":"Nuestros valores | Plymouth Brethren Christian Church","description":"Visit the Nuestros valores page on the website of the Plymouth Brethren Christian Church, a Christian fellowship based on the Holy Bible as the Word of God.","robots":{"index":"index","follow":"follow","max-snippet":"max-snippet:-1","max-image-preview":"max-image-preview:large","max-video-preview":"max-video-preview:-1"},"canonical":"https:\/\/www.plymouthbrethrenchristianchurch.org\/es\/nuestros-valores\/","og_locale":"es_ES","og_type":"article","og_title":"Nuestros valores | Plymouth Brethren Christian Church","og_description":"Visit the Nuestros valores page on the website of the Plymouth Brethren Christian Church, a Christian fellowship based on the Holy Bible as the Word of God.","og_url":"https:\/\/www.plymouthbrethrenchristianchurch.org\/es\/nuestros-valores\/","og_site_name":"Plymouth Brethren Christian Church","article_publisher":"https:\/\/www.facebook.com\/PlymouthBrethrenChristianChurch","article_modified_time":"2024-09-10T05:23:27+00:00","twitter_card":"summary_large_image","schema":{"@context":"https:\/\/schema.org","@graph":[{"@type":"WebPage","@id":"https:\/\/www.plymouthbrethrenchristianchurch.org\/es\/nuestros-valores\/","url":"https:\/\/www.plymouthbrethrenchristianchurch.org\/es\/nuestros-valores\/","name":"Nuestros valores | Plymouth Brethren Christian Church","isPartOf":{"@id":"https:\/\/www.plymouthbrethrenchristianchurch.org\/#website"},"datePublished":"2020-04-29T20:51:09+00:00","dateModified":"2024-09-10T05:23:27+00:00","description":"Visit the Nuestros valores page on the website of the Plymouth Brethren Christian Church, a Christian fellowship based on the Holy Bible as the Word of God.","breadcrumb":{"@id":"https:\/\/www.plymouthbrethrenchristianchurch.org\/es\/nuestros-valores\/#breadcrumb"},"inLanguage":"es","potentialAction":[{"@type":"ReadAction","target":["https:\/\/www.plymouthbrethrenchristianchurch.org\/es\/nuestros-valores\/"]}]},{"@type":"BreadcrumbList","@id":"https:\/\/www.plymouthbrethrenchristianchurch.org\/es\/nuestros-valores\/#breadcrumb","itemListElement":[{"@type":"ListItem","position":1,"name":"Home","item":"https:\/\/www.plymouthbrethrenchristianchurch.org\/es\/casa\/"},{"@type":"ListItem","position":2,"name":"Nuestros valores"}]},{"@type":"WebSite","@id":"https:\/\/www.plymouthbrethrenchristianchurch.org\/#website","url":"https:\/\/www.plymouthbrethrenchristianchurch.org\/","name":"Plymouth Brethren Christian Church","description":"","publisher":{"@id":"https:\/\/www.plymouthbrethrenchristianchurch.org\/#organization"},"potentialAction":[{"@type":"SearchAction","target":{"@type":"EntryPoint","urlTemplate":"https:\/\/www.plymouthbrethrenchristianchurch.org\/?s={search_term_string}"},"query-input":{"@type":"PropertyValueSpecification","valueRequired":true,"valueName":"search_term_string"}}],"inLanguage":"es"},{"@type":"Organization","@id":"https:\/\/www.plymouthbrethrenchristianchurch.org\/#organization","name":"Plymouth Brethren Christian Church","url":"https:\/\/www.plymouthbrethrenchristianchurch.org\/","logo":{"@type":"ImageObject","inLanguage":"es","@id":"https:\/\/www.plymouthbrethrenchristianchurch.org\/#\/schema\/logo\/image\/","url":"https:\/\/www.plymouthbrethrenchristianchurch.org\/wp-content\/uploads\/2020\/05\/site-logo.svg","contentUrl":"https:\/\/www.plymouthbrethrenchristianchurch.org\/wp-content\/uploads\/2020\/05\/site-logo.svg","caption":"Plymouth Brethren Christian Church"},"image":{"@id":"https:\/\/www.plymouthbrethrenchristianchurch.org\/#\/schema\/logo\/image\/"},"sameAs":["https:\/\/www.facebook.com\/PlymouthBrethrenChristianChurch","https:\/\/www.youtube.com\/channel\/UC76fGueDJBbLvhs988yTBXQ","https:\/\/www.pinterest.com.au\/plymouthbcc\/"]}]}},"_links":{"self":[{"href":"https:\/\/www.plymouthbrethrenchristianchurch.org\/es\/wp-json\/wp\/v2\/pages\/2878"}],"collection":[{"href":"https:\/\/www.plymouthbrethrenchristianchurch.org\/es\/wp-json\/wp\/v2\/pages"}],"about":[{"href":"https:\/\/www.plymouthbrethrenchristianchurch.org\/es\/wp-json\/wp\/v2\/types\/page"}],"author":[{"embeddable":true,"href":"https:\/\/www.plymouthbrethrenchristianchurch.org\/es\/wp-json\/wp\/v2\/users\/1"}],"replies":[{"embeddable":true,"href":"https:\/\/www.plymouthbrethrenchristianchurch.org\/es\/wp-json\/wp\/v2\/comments?post=2878"}],"version-history":[{"count":2,"href":"https:\/\/www.plymouthbrethrenchristianchurch.org\/es\/wp-json\/wp\/v2\/pages\/2878\/revisions"}],"predecessor-version":[{"id":7981,"href":"https:\/\/www.plymouthbrethrenchristianchurch.org\/es\/wp-json\/wp\/v2\/pages\/2878\/revisions\/7981"}],"wp:attachment":[{"href":"https:\/\/www.plymouthbrethrenchristianchurch.org\/es\/wp-json\/wp\/v2\/media?parent=2878"}],"curies":[{"name":"wp","href":"https:\/\/api.w.org\/{rel}","templated":true}]}}