{"id":2896,"date":"2020-05-12T06:37:36","date_gmt":"2020-05-11T20:37:36","guid":{"rendered":"https:\/\/www.plymouthbrethrenchristianchurch.org\/nuestros-valores\/comunidad\/"},"modified":"2025-09-16T22:30:55","modified_gmt":"2025-09-16T12:30:55","slug":"comunidad","status":"publish","type":"page","link":"https:\/\/www.plymouthbrethrenchristianchurch.org\/es\/comunidad\/","title":{"rendered":"Forma de vida"},"content":{"rendered":"","protected":false},"excerpt":{"rendered":"","protected":false},"author":2,"featured_media":0,"parent":0,"menu_order":4,"comment_status":"closed","ping_status":"closed","template":"page-templates\/acf-flexible-content.php","meta":{"_acf_changed":false,"_relevanssi_hide_post":"","_relevanssi_hide_content":"","_relevanssi_pin_for_all":"","_relevanssi_pin_keywords":"","_relevanssi_unpin_keywords":"","_relevanssi_related_keywords":"","_relevanssi_related_include_ids":"","_relevanssi_related_exclude_ids":"","_relevanssi_related_no_append":"","_relevanssi_related_not_related":"","_relevanssi_related_posts":"","_relevanssi_noindex_reason":"","inline_featured_image":false,"footnotes":""},"class_list":["post-2896","page","type-page","status-publish","hentry"],"acf":{"post_page_video":"","content":[{"acf_fc_layout":"page_header_with_links","override_title":true,"custom_title":"Forma de vida","intro_text":"<p>Conozca nuestra comunidad, la Iglesia Cristiana de los Hermanos de Plymouth (PBCC).<\/p>\n","enable_button":false,"button":{"button_text":"","button_url":"","open_in_new_tab":false,"button_class":""},"link_source":"menu","select_a_menu":{"value":"13","label":"Men\u00fa Principal"},"menu_title":"","custom_links":false,"header_styles":{"":null,"background_colour":"#515151","background_image":2348,"text_colour":"white"},"row_class":""},{"acf_fc_layout":"module_section","row":[{"column_gap":"6","column":[{"module":[{"acf_fc_layout":"rich_media_block","image":false,"header":{"":null,"title":"La forma de vida en la Iglesia Cristiana de los Hermanos de Plymouth","heading_level":"h2","header_styles":{"":null,"background_colour":"","background_image":false,"text_colour":"orange"},"make_separator":true},"content":"<p>La Iglesia Cristiana de los Hermanos de Plymouth se basa en valores fundamentales que enfatizan la fe, la comunidad y la integridad moral. Un elemento central de estos valores es un fuerte compromiso con las ense\u00f1anzas b\u00edblicas, que dan forma al enfoque de los miembros de la iglesia hacia la vida diaria y las interacciones con los dem\u00e1s. <\/p>\n<p>La Iglesia se estableci\u00f3 hace unos 200 a\u00f1os en Plymouth, en el sur de Inglaterra, y hoy cuenta con alrededor de 55.000 miembros repartidos por todo el mundo, en pa\u00edses como Estados Unidos, Nueva Zelanda, el Caribe, Australia y el Reino Unido.<\/p>\n<p>Somos una iglesia cristiana convencional, pero como todas las religiones, tenemos nuestras propias tradiciones, cultura y forma de vida. Hay cierta curiosidad sobre la Iglesia Cristiana de los Hermanos de Plymouth en la sociedad en general, y tambi\u00e9n muchos conceptos err\u00f3neos sobre nuestras creencias y pr\u00e1cticas. <\/p>\n","enable_button":false,"button":{"button_text":"M\u00e1s informaci\u00f3n sobre nuestras creencias","button_url":{"title":"Nuestras creencias","url":"https:\/\/www.plymouthbrethrenchristianchurch.org\/community\/our-beliefs\/","target":""},"open_in_new_tab":false,"button_class":""},"class":""},{"acf_fc_layout":"rich_media_block","image":6684,"header":{"":null,"title":"Las creencias de la Iglesia Cristiana de los Hermanos de Plymouth","heading_level":"h2","header_styles":{"":null,"background_colour":"","background_image":false,"text_colour":"orange"},"make_separator":true},"content":"<p>Somos cristianos y buscamos vivir una vida plena y buena, seg\u00fan lo guiado por la Santa Biblia. Nos conectamos con nuestra Comunidad de forma regular en sencillos Salones Evang\u00e9licos de todo el mundo, y nos reunimos todos los domingos para celebrar la Cena del Se\u00f1or, que tal vez conozcas como la Sagrada Comuni\u00f3n. <\/p>\n<p>No nos creemos superiores a nadie m\u00e1s, y vivimos todos los d\u00edas junto a personas de otras religiones y sin ninguna fe.<\/p>\n","enable_button":true,"button":{"button_text":"M\u00e1s informaci\u00f3n sobre nuestras creencias","button_url":{"title":"M\u00e1s informaci\u00f3n sobre nuestras creencias","url":"https:\/\/www.plymouthbrethrenchristianchurch.org\/our-way-of-life\/our-beliefs\/","target":""},"open_in_new_tab":false,"button_class":""},"class":""},{"acf_fc_layout":"rich_media_block","image":6691,"header":{"":null,"title":"Valores fundamentales de la Iglesia Cristiana de los Hermanos de Plymouth","heading_level":"h2","header_styles":{"":null,"background_colour":"","background_image":false,"text_colour":"orange"},"make_separator":true},"content":"<p>Los hombres y mujeres de las Autoridades Generales de nuestra Iglesia comparten valores de cuidado y compasi\u00f3n, y de participaci\u00f3n comunitaria, propiedad y toma de decisiones. Practicamos activamente el cristianismo a trav\u00e9s del servicio a nuestra familia, nuestra Iglesia y a nuestras comunidades locales y globales. Nuestra comuni\u00f3n cristiana mutua es una parte integral de nuestra forma de vida.  <\/p>\n<p>Nos referimos a nosotros mismos como los \u201cHermanos\u201d porque somos una comunidad muy unida de familias unidas por nuestra creencia cristiana compartida basada en la Santa Biblia. Dicho esto, al igual que todos los dem\u00e1s, las mujeres y los hombres de las Autoridades Generales viven en armon\u00eda con todas las personas, independientemente de si son de otras religiones o no tienen ninguna fe. <\/p>\n<p>Nuestros valores incluyen:<\/p>\n<ul>\n<li>Compromiso proactivo con la sociedad, contribuyendo activamente a las comunidades locales donde vivimos, trabajamos y servimos.<\/li>\n<li>Buscar oportunidades para apoyar iniciativas locales, regionales y globales con cuidado y compasi\u00f3n.<\/li>\n<li>La educaci\u00f3n es importante para nosotros. A OneSchool Global (OSG) asisten familias de nuestra Iglesia y cuenta con m\u00e1s de 120 campus en 20 pa\u00edses, ense\u00f1ando a 8,000 estudiantes y empleando a m\u00e1s de 1,800 maestros y personal de fuera de nuestra comunidad.<\/li>\n<li>No reclutar nuevos miembros. Las personas son bienvenidas a unirse a nosotros si los valores se alinean, pero los miembros generalmente nacen en nuestra Iglesia. <\/li>\n<\/ul>\n","enable_button":false,"button":{"button_text":"M\u00e1s informaci\u00f3n sobre nuestra historia","button_url":{"title":"M\u00e1s informaci\u00f3n sobre nuestra historia","url":"https:\/\/www.plymouthbrethrenchristianchurch.org\/our-way-of-life\/history\/","target":""},"open_in_new_tab":false,"button_class":""},"class":""},{"acf_fc_layout":"rich_media_block","image":2168,"header":{"":null,"title":"La fe y las ense\u00f1anzas b\u00edblicas de los Hermanos de Plymouth","heading_level":"h2","header_styles":{"":null,"background_colour":"","background_image":false,"text_colour":"orange"},"make_separator":true},"content":"<p>Para nuestros miembros, la Santa Biblia es un compa\u00f1ero esencial y una gu\u00eda autorizada a lo largo de la vida. Desde la m\u00e1s temprana edad, a los miembros j\u00f3venes se les leen y se les ense\u00f1an historias b\u00edblicas que han inspirado a millones de personas a lo largo de los siglos. <\/p>\n<p>Creemos que la Biblia no es un libro ordinario, sino que es la Palabra de Dios absoluta, infalible e inspirada, provista por Dios para el hombre. Se espera que todos los miembros de la Iglesia tengan los m\u00e1s altos niveles de integridad moral y que act\u00faen de acuerdo con las ense\u00f1anzas de la Biblia en todo momento. <\/p>\n<p>Nos reunimos diariamente para orar juntos y leer de la Santa Biblia. Tambi\u00e9n nos congregamos todos los domingos en nuestros Salones del Evangelio para celebrar la Cena del Se\u00f1or y predicar el Evangelio. <\/p>\n","enable_button":false,"button":{"button_text":"Lea nuestras preguntas frecuentes (FAQs)","button_url":{"title":"Lea nuestras preguntas frecuentes (FAQs)","url":"https:\/\/www.plymouthbrethrenchristianchurch.org\/our-way-of-life\/faqs\/","target":""},"open_in_new_tab":false,"button_class":""},"class":""},{"acf_fc_layout":"rich_media_block","image":6564,"header":{"":null,"title":"Modestia y humildad","heading_level":"h2","header_styles":{"":null,"background_colour":"","background_image":false,"text_colour":"orange"},"make_separator":true},"content":"<p>La Biblia es muy clara acerca de las virtudes de la humildad, incluyendo 1 Pedro 5:5 que dice<em>: \u00ab<strong><sup><\/sup><\/strong><em>Som\u00e9tanse todos los unos a los otros, y v\u00edstanse de humildad, porque Dios resiste a los soberbios, y da gracia a los humildes.<\/em><\/em><\/p>\n<p><em> <\/em>Los hombres y mujeres de la Iglesia Cristiana de los Hermanos de Plymouth se visten con pulcritud y modestia, los hombres llevan pantalones largos y evitan el vello facial, y las mujeres llevan vestidos y un m\u00ednimo de maquillaje.<\/p>\n<p>Y los hombres y mujeres de nuestra Iglesia valoran la participaci\u00f3n comunitaria, la propiedad y la toma de decisiones. En los negocios y en el hogar, trabajaremos juntos para llegar a decisiones mutuas siempre que sea posible. <\/p>\n","enable_button":false,"button":{"button_text":"","button_url":null,"open_in_new_tab":false,"button_class":""},"class":""},{"acf_fc_layout":"rich_media_block","image":9596,"header":{"":null,"title":"Familia y comunidad","heading_level":"h2","header_styles":{"":null,"background_colour":"","background_image":false,"text_colour":"orange"},"make_separator":true},"content":"<p>La familia es fundamental en la vida de los miembros de la Iglesia Cristiana de los Hermanos de Plymouth.<\/p>\n<p>Las familias de las Autoridades Generales pasan mucho tiempo juntas, no solo las familias inmediatas, sino tambi\u00e9n las familias extendidas. En particular, las familias de las Autoridades Generales a menudo pasan su tiempo libre juntas, tocando m\u00fasica y cantando, cocinando juntas y disfrutando de actividades al aire libre. <\/p>\n<p>Las familias de los Hermanos permanecen muy unidas a medida que sus hijos crecen, y los j\u00f3venes adultos de las Autoridades Generales permanecen viviendo en casa hasta que se casan.<\/p>\n<p>Los hermanos tambi\u00e9n valoran ser miembros serviciales, cari\u00f1osos y compasivos de sus comunidades. Los miembros de nuestra Iglesia no dudan en ayudar a sus vecinos, y muchos se ofrecen como voluntarios y hacen obras de caridad. <\/p>\n","enable_button":false,"button":{"button_text":"","button_url":null,"open_in_new_tab":false,"button_class":""},"class":""}],"columns_sm":"8","columns_md":"none","columns_lg":"8"},{"module":false,"columns_sm":"4","columns_md":"none","columns_lg":"4"}],"row_class":"","module_padding":{"":null,"padding_top_xs":"","padding_bottom_xs":"","padding_left_xs":"","padding_right_xs":"","padding_top_md":"","padding_bottom_md":"","padding_left_md":"","padding_right_md":"","padding_top_lg":"","padding_bottom_lg":"","padding_left_lg":"","padding_right_lg":""},"module_margin":{"":null,"margin_top_xs":"","margin_bottom_xs":"","margin_left_xs":"","margin_right_xs":"","margin_top_md":"","margin_bottom_md":"","margin_left_md":"","margin_right_md":"","margin_top_lg":"","margin_bottom_lg":"","margin_left_lg":"","margin_right_lg":""}}],"section_heading":"","section_class":"","module_padding":{"":null,"padding_top_xs":"","padding_bottom_xs":"","padding_left_xs":"","padding_right_xs":"","padding_top_md":"","padding_bottom_md":"","padding_left_md":"","padding_right_md":"","padding_top_lg":"","padding_bottom_lg":"","padding_left_lg":"","padding_right_lg":""},"module_margin":{"":null,"margin_top_xs":"","margin_bottom_xs":"","margin_left_xs":"","margin_right_xs":"","margin_top_md":"","margin_bottom_md":"","margin_left_md":"","margin_right_md":"","margin_top_lg":"","margin_bottom_lg":"","margin_left_lg":"","margin_right_lg":""}},{"acf_fc_layout":"image_slider","slider_id":3397}]},"yoast_head":"<!-- This site is optimized with the Yoast SEO plugin v25.2 - https:\/\/yoast.com\/wordpress\/plugins\/seo\/ -->\n<title>Forma de vida | Plymouth Brethren Christian Church<\/title>\n<meta name=\"description\" content=\"Visite la p\u00e1gina Nuestro estilo de vida en el sitio web de la Iglesia, una comunidad cristiana basada en la Santa Biblia como la Palabra de Dios.\" \/>\n<meta name=\"robots\" content=\"index, follow, max-snippet:-1, max-image-preview:large, max-video-preview:-1\" \/>\n<link rel=\"canonical\" href=\"https:\/\/www.plymouthbrethrenchristianchurch.org\/es\/comunidad\/\" \/>\n<meta property=\"og:locale\" content=\"es_ES\" \/>\n<meta property=\"og:type\" content=\"article\" \/>\n<meta property=\"og:title\" content=\"Forma de vida | Plymouth Brethren Christian Church\" \/>\n<meta property=\"og:description\" content=\"Visite la p\u00e1gina Nuestro estilo de vida en el sitio web de la Iglesia, una comunidad cristiana basada en la Santa Biblia como la Palabra de Dios.\" \/>\n<meta property=\"og:url\" content=\"https:\/\/www.plymouthbrethrenchristianchurch.org\/es\/comunidad\/\" \/>\n<meta property=\"og:site_name\" content=\"Plymouth Brethren Christian Church\" \/>\n<meta property=\"article:publisher\" content=\"https:\/\/www.facebook.com\/PlymouthBrethrenChristianChurch\" \/>\n<meta property=\"article:modified_time\" content=\"2025-09-16T12:30:55+00:00\" \/>\n<meta name=\"twitter:card\" content=\"summary_large_image\" \/>\n<script type=\"application\/ld+json\" class=\"yoast-schema-graph\">{\"@context\":\"https:\/\/schema.org\",\"@graph\":[{\"@type\":\"WebPage\",\"@id\":\"https:\/\/www.plymouthbrethrenchristianchurch.org\/es\/comunidad\/\",\"url\":\"https:\/\/www.plymouthbrethrenchristianchurch.org\/es\/comunidad\/\",\"name\":\"Forma de vida | Plymouth Brethren Christian Church\",\"isPartOf\":{\"@id\":\"https:\/\/www.plymouthbrethrenchristianchurch.org\/#website\"},\"datePublished\":\"2020-05-11T20:37:36+00:00\",\"dateModified\":\"2025-09-16T12:30:55+00:00\",\"description\":\"Visite la p\u00e1gina Nuestro estilo de vida en el sitio web de la Iglesia, una comunidad cristiana basada en la Santa Biblia como la Palabra de Dios.\",\"breadcrumb\":{\"@id\":\"https:\/\/www.plymouthbrethrenchristianchurch.org\/es\/comunidad\/#breadcrumb\"},\"inLanguage\":\"es\",\"potentialAction\":[{\"@type\":\"ReadAction\",\"target\":[\"https:\/\/www.plymouthbrethrenchristianchurch.org\/es\/comunidad\/\"]}]},{\"@type\":\"BreadcrumbList\",\"@id\":\"https:\/\/www.plymouthbrethrenchristianchurch.org\/es\/comunidad\/#breadcrumb\",\"itemListElement\":[{\"@type\":\"ListItem\",\"position\":1,\"name\":\"Home\",\"item\":\"https:\/\/www.plymouthbrethrenchristianchurch.org\/es\/casa\/\"},{\"@type\":\"ListItem\",\"position\":2,\"name\":\"Forma de vida\"}]},{\"@type\":\"WebSite\",\"@id\":\"https:\/\/www.plymouthbrethrenchristianchurch.org\/#website\",\"url\":\"https:\/\/www.plymouthbrethrenchristianchurch.org\/\",\"name\":\"Plymouth Brethren Christian Church\",\"description\":\"\",\"publisher\":{\"@id\":\"https:\/\/www.plymouthbrethrenchristianchurch.org\/#organization\"},\"potentialAction\":[{\"@type\":\"SearchAction\",\"target\":{\"@type\":\"EntryPoint\",\"urlTemplate\":\"https:\/\/www.plymouthbrethrenchristianchurch.org\/?s={search_term_string}\"},\"query-input\":{\"@type\":\"PropertyValueSpecification\",\"valueRequired\":true,\"valueName\":\"search_term_string\"}}],\"inLanguage\":\"es\"},{\"@type\":\"Organization\",\"@id\":\"https:\/\/www.plymouthbrethrenchristianchurch.org\/#organization\",\"name\":\"Plymouth Brethren Christian Church\",\"url\":\"https:\/\/www.plymouthbrethrenchristianchurch.org\/\",\"logo\":{\"@type\":\"ImageObject\",\"inLanguage\":\"es\",\"@id\":\"https:\/\/www.plymouthbrethrenchristianchurch.org\/#\/schema\/logo\/image\/\",\"url\":\"https:\/\/www.plymouthbrethrenchristianchurch.org\/wp-content\/uploads\/2020\/05\/site-logo.svg\",\"contentUrl\":\"https:\/\/www.plymouthbrethrenchristianchurch.org\/wp-content\/uploads\/2020\/05\/site-logo.svg\",\"caption\":\"Plymouth Brethren Christian Church\"},\"image\":{\"@id\":\"https:\/\/www.plymouthbrethrenchristianchurch.org\/#\/schema\/logo\/image\/\"},\"sameAs\":[\"https:\/\/www.facebook.com\/PlymouthBrethrenChristianChurch\",\"https:\/\/www.youtube.com\/channel\/UC76fGueDJBbLvhs988yTBXQ\",\"https:\/\/www.pinterest.com.au\/plymouthbcc\/\"]}]}<\/script>\n<!-- \/ Yoast SEO plugin. -->","yoast_head_json":{"title":"Forma de vida | Plymouth Brethren Christian Church","description":"Visite la p\u00e1gina Nuestro estilo de vida en el sitio web de la Iglesia, una comunidad cristiana basada en la Santa Biblia como la Palabra de Dios.","robots":{"index":"index","follow":"follow","max-snippet":"max-snippet:-1","max-image-preview":"max-image-preview:large","max-video-preview":"max-video-preview:-1"},"canonical":"https:\/\/www.plymouthbrethrenchristianchurch.org\/es\/comunidad\/","og_locale":"es_ES","og_type":"article","og_title":"Forma de vida | Plymouth Brethren Christian Church","og_description":"Visite la p\u00e1gina Nuestro estilo de vida en el sitio web de la Iglesia, una comunidad cristiana basada en la Santa Biblia como la Palabra de Dios.","og_url":"https:\/\/www.plymouthbrethrenchristianchurch.org\/es\/comunidad\/","og_site_name":"Plymouth Brethren Christian Church","article_publisher":"https:\/\/www.facebook.com\/PlymouthBrethrenChristianChurch","article_modified_time":"2025-09-16T12:30:55+00:00","twitter_card":"summary_large_image","schema":{"@context":"https:\/\/schema.org","@graph":[{"@type":"WebPage","@id":"https:\/\/www.plymouthbrethrenchristianchurch.org\/es\/comunidad\/","url":"https:\/\/www.plymouthbrethrenchristianchurch.org\/es\/comunidad\/","name":"Forma de vida | Plymouth Brethren Christian Church","isPartOf":{"@id":"https:\/\/www.plymouthbrethrenchristianchurch.org\/#website"},"datePublished":"2020-05-11T20:37:36+00:00","dateModified":"2025-09-16T12:30:55+00:00","description":"Visite la p\u00e1gina Nuestro estilo de vida en el sitio web de la Iglesia, una comunidad cristiana basada en la Santa Biblia como la Palabra de Dios.","breadcrumb":{"@id":"https:\/\/www.plymouthbrethrenchristianchurch.org\/es\/comunidad\/#breadcrumb"},"inLanguage":"es","potentialAction":[{"@type":"ReadAction","target":["https:\/\/www.plymouthbrethrenchristianchurch.org\/es\/comunidad\/"]}]},{"@type":"BreadcrumbList","@id":"https:\/\/www.plymouthbrethrenchristianchurch.org\/es\/comunidad\/#breadcrumb","itemListElement":[{"@type":"ListItem","position":1,"name":"Home","item":"https:\/\/www.plymouthbrethrenchristianchurch.org\/es\/casa\/"},{"@type":"ListItem","position":2,"name":"Forma de vida"}]},{"@type":"WebSite","@id":"https:\/\/www.plymouthbrethrenchristianchurch.org\/#website","url":"https:\/\/www.plymouthbrethrenchristianchurch.org\/","name":"Plymouth Brethren Christian Church","description":"","publisher":{"@id":"https:\/\/www.plymouthbrethrenchristianchurch.org\/#organization"},"potentialAction":[{"@type":"SearchAction","target":{"@type":"EntryPoint","urlTemplate":"https:\/\/www.plymouthbrethrenchristianchurch.org\/?s={search_term_string}"},"query-input":{"@type":"PropertyValueSpecification","valueRequired":true,"valueName":"search_term_string"}}],"inLanguage":"es"},{"@type":"Organization","@id":"https:\/\/www.plymouthbrethrenchristianchurch.org\/#organization","name":"Plymouth Brethren Christian Church","url":"https:\/\/www.plymouthbrethrenchristianchurch.org\/","logo":{"@type":"ImageObject","inLanguage":"es","@id":"https:\/\/www.plymouthbrethrenchristianchurch.org\/#\/schema\/logo\/image\/","url":"https:\/\/www.plymouthbrethrenchristianchurch.org\/wp-content\/uploads\/2020\/05\/site-logo.svg","contentUrl":"https:\/\/www.plymouthbrethrenchristianchurch.org\/wp-content\/uploads\/2020\/05\/site-logo.svg","caption":"Plymouth Brethren Christian Church"},"image":{"@id":"https:\/\/www.plymouthbrethrenchristianchurch.org\/#\/schema\/logo\/image\/"},"sameAs":["https:\/\/www.facebook.com\/PlymouthBrethrenChristianChurch","https:\/\/www.youtube.com\/channel\/UC76fGueDJBbLvhs988yTBXQ","https:\/\/www.pinterest.com.au\/plymouthbcc\/"]}]}},"_links":{"self":[{"href":"https:\/\/www.plymouthbrethrenchristianchurch.org\/es\/wp-json\/wp\/v2\/pages\/2896"}],"collection":[{"href":"https:\/\/www.plymouthbrethrenchristianchurch.org\/es\/wp-json\/wp\/v2\/pages"}],"about":[{"href":"https:\/\/www.plymouthbrethrenchristianchurch.org\/es\/wp-json\/wp\/v2\/types\/page"}],"author":[{"embeddable":true,"href":"https:\/\/www.plymouthbrethrenchristianchurch.org\/es\/wp-json\/wp\/v2\/users\/2"}],"replies":[{"embeddable":true,"href":"https:\/\/www.plymouthbrethrenchristianchurch.org\/es\/wp-json\/wp\/v2\/comments?post=2896"}],"version-history":[{"count":7,"href":"https:\/\/www.plymouthbrethrenchristianchurch.org\/es\/wp-json\/wp\/v2\/pages\/2896\/revisions"}],"predecessor-version":[{"id":10576,"href":"https:\/\/www.plymouthbrethrenchristianchurch.org\/es\/wp-json\/wp\/v2\/pages\/2896\/revisions\/10576"}],"wp:attachment":[{"href":"https:\/\/www.plymouthbrethrenchristianchurch.org\/es\/wp-json\/wp\/v2\/media?parent=2896"}],"curies":[{"name":"wp","href":"https:\/\/api.w.org\/{rel}","templated":true}]}}