{"id":2906,"date":"2020-05-12T06:37:51","date_gmt":"2020-05-11T20:37:51","guid":{"rendered":"https:\/\/www.plymouthbrethrenchristianchurch.org\/nuestros-valores\/cuidar-a-los-demas\/"},"modified":"2024-09-10T14:09:21","modified_gmt":"2024-09-10T04:09:21","slug":"cuidar-a-los-demas","status":"publish","type":"page","link":"https:\/\/www.plymouthbrethrenchristianchurch.org\/es\/nuestros-valores\/cuidar-a-los-demas\/","title":{"rendered":"Cuidar a los dem\u00e1s"},"content":{"rendered":"","protected":false},"excerpt":{"rendered":"","protected":false},"author":2,"featured_media":0,"parent":2878,"menu_order":5,"comment_status":"closed","ping_status":"closed","template":"page-templates\/acf-flexible-content.php","meta":{"_acf_changed":false,"_relevanssi_hide_post":"","_relevanssi_hide_content":"","_relevanssi_pin_for_all":"","_relevanssi_pin_keywords":"","_relevanssi_unpin_keywords":"","_relevanssi_related_keywords":"","_relevanssi_related_include_ids":"","_relevanssi_related_exclude_ids":"","_relevanssi_related_no_append":"","_relevanssi_related_not_related":"","_relevanssi_related_posts":"","_relevanssi_noindex_reason":"","inline_featured_image":false,"footnotes":""},"class_list":["post-2906","page","type-page","status-publish","hentry"],"acf":{"post_page_video":"","content":[{"acf_fc_layout":"page_header_with_links","override_title":false,"custom_title":"T\u00edtulo de la prueba","intro_text":"<p>Hay un esp\u00edritu caritativo fuerte y generoso entre las Autoridades Generales, y muchos dedican voluntariamente su tiempo a contribuir a los esfuerzos filantr\u00f3picos para aliviar la carga sobre la humanidad.<\/p>\n","enable_button":true,"button":{"button_text":"","button_url":"","open_in_new_tab":false,"button_class":""},"link_source":"menu","select_a_menu":{"value":"19","label":"Valores fundamentales"},"menu_title":"","custom_links":false,"header_styles":{"":null,"background_colour":"#515151","background_image":2340,"text_colour":"white"},"row_class":""},{"acf_fc_layout":"module_section","row":[{"column_gap":"6","column":[{"module":[{"acf_fc_layout":"rich_media_block","image":6499,"header":{"":null,"title":"Obras ben\u00e9ficas","heading_level":"h2","header_styles":{"":null,"background_colour":"","background_image":false,"text_colour":"orange"},"make_separator":false},"content":"<p>Hay un esp\u00edritu caritativo fuerte y generoso entre las Autoridades Generales, y muchos dedican voluntariamente su tiempo a contribuir a los esfuerzos filantr\u00f3picos para aliviar la carga sobre la humanidad. Los hermanos aprecian, respetan y apoyan cualquier causa digna para aliviar el sufrimiento de los hombres y las mujeres. La recaudaci\u00f3n de fondos y otras actividades, como los bancos de alimentos y prendas de vestir, han proporcionado un apoyo sustancial a muchas organizaciones ben\u00e9ficas y gubernamentales.<\/p>\n","enable_button":true,"button":{"button_text":"","button_url":"","open_in_new_tab":false,"button_class":""},"class":""},{"acf_fc_layout":"rich_media_block","image":6474,"header":{"":null,"title":"Ayuda de emergencia y desastre","heading_level":"h2","header_styles":{"":null,"background_colour":"","background_image":false,"text_colour":"orange"},"make_separator":false},"content":"<p>El Equipo de Alivio R\u00e1pido (RRT) es un grupo global de voluntarios de todas las edades, dedicados a servir a la comunidad. Como miembros de la Iglesia Cristiana de los Hermanos de Plymouth, nos esforzamos por practicar el verdadero cristianismo en nuestro modo de vida. Esto incluye ser ciudadanos compasivos, activos y contribuyentes y hacer lo que podamos para ayudar. Esta pr\u00e1ctica de larga duraci\u00f3n de ayudar a otros perdura hasta hoy, bajo la bandera del Equipo de Alivio R\u00e1pido. RRT es una organizaci\u00f3n sin \u00e1nimo de lucro centrada en proporcionar asistencia y refrigerios al personal de emergencia y a las comunidades locales en tiempos de adversidad.  <\/p>\n<ul>\n<li><strong>Misi\u00f3n:<\/strong> Apoyar a las comunidades locales en tiempos y lugares de necesidad.<\/li>\n<li><strong>Visi\u00f3n:<\/strong> Para que la Iglesia cristiana de los Hermanos de Plymouth exprese a la humanidad, principios b\u00edblicos cristianos de cuidado y compasi\u00f3n, por medio de un alivio ben\u00e9volo a las personas necesitadas.<\/li>\n<li><strong>Valores:<\/strong> Eficacia, fiabilidad, compasi\u00f3n y respeto.<\/li>\n<\/ul>\n<p>  Obtenga m\u00e1s informaci\u00f3n sobre RRT y sus \u00faltimas operaciones y apelaciones <a href=\"https:\/\/www.rapidreliefteam.org\/\" target=\"_blank\" rel=\"noopener\">visitando su sitio web<\/a>.<\/p>\n","enable_button":true,"button":{"button_text":"Visite el sitio web de RRT","button_url":{"title":"","url":"https:\/\/www.rapidreliefteam.org\/","target":"_blank"},"open_in_new_tab":true,"button_class":""},"class":""},{"acf_fc_layout":"rich_media_block","image":6584,"header":{"":null,"title":"Alivio de la vivienda y la pobreza","heading_level":"h2","header_styles":{"":null,"background_colour":"","background_image":false,"text_colour":"orange"},"make_separator":false},"content":"<p>Es un objetivo de la Iglesia de las Autoridades Generales que todas las familias de las Autoridades Generales puedan ser due\u00f1as de sus propios hogares. Los j\u00f3venes que entran en matrimonio a menudo son asistidos en privado por miembros de la iglesia a trav\u00e9s de la provisi\u00f3n de financiamiento adicional y trabajo voluntario para asegurar una vivienda adecuada en la que puedan criar una familia y a la que pueden invitar a otros hermanos para el entretenimiento y el alojamiento. Los hermanos adoptan un objetivo de igualdad como principio clave que rige la selecci\u00f3n de viviendas para evitar la diferenciaci\u00f3n de estatus y proporcionar un entorno social donde todas las familias de las Autoridades Generales puedan entretenerse en casa sin discriminaci\u00f3n ni distinci\u00f3n innecesaria. Esta iniciativa, que todav\u00eda est\u00e1 en curso, ha avanzado mucho en todo el mundo durante los \u00faltimos 30 a\u00f1os. El generoso esp\u00edritu de donaci\u00f3n entre las Autoridades Generales proporciona una fuente constante de ayuda para los necesitados. Esta benevolencia abarca e incluye asistencia financiera, social, pastoral, familiar y de salud, y puede implicar orientaci\u00f3n, capacitaci\u00f3n y apoyo continuo. La pobreza entre las Autoridades Generales es poco frecuente, pero todas las personas en circunstancias necesitadas tienen acceso a asistencia y atenci\u00f3n detalladas dentro de la comunidad de las Autoridades Generales. Uno de nuestros objetivos prioritarios es brindar a cada miembro de la Iglesia la oportunidad de ser igual a los dem\u00e1s miembros. No queremos que las distinciones de clase causen disfunci\u00f3n, fricci\u00f3n o divisi\u00f3n entre los miembros de nuestra comunidad.<\/p>\n","enable_button":true,"button":{"button_text":"","button_url":"","open_in_new_tab":false,"button_class":""},"class":""},{"acf_fc_layout":"rich_media_block","image":6514,"header":{"":null,"title":"Cuidados de ancianos","heading_level":"h2","header_styles":{"":null,"background_colour":"","background_image":false,"text_colour":"orange"},"make_separator":false},"content":"<p>Las Autoridades Generales valoran a la familia extensa y preferimos que nuestros miembros envejecidos permanezcan en sus propios hogares durante el tiempo que sea pr\u00e1ctico. Cuando se requiere atenci\u00f3n, tratamos de garantizar que se proporcione en el hogar familiar extendido, aprovechando cualquier ayuda proporcionada por los gobiernos nacionales. Las instalaciones de relevo, incluidas las residencias de ancianos y los alojamientos supervisados, solo se acceden cuando la atenci\u00f3n requerida est\u00e1 m\u00e1s all\u00e1 de lo que se puede proporcionar en el hogar. La decisi\u00f3n de admitir a personas mayores en otras instalaciones se toma s\u00f3lo con asesoramiento m\u00e9dico experto y con evaluaci\u00f3n y supervisi\u00f3n del gobierno completo. En la actualidad, las Autoridades Generales no poseen residencias de ancianos ni unidades de vida apoyadas, pero se est\u00e1n llevando a cabo estudios de viabilidad. Las personas mayores de la Iglesia son una parte constante y valorada de la vida de la Iglesia y de la comunidad de las Autoridades Generales.<\/p>\n","enable_button":true,"button":{"button_text":"","button_url":"","open_in_new_tab":false,"button_class":""},"class":""},{"acf_fc_layout":"bible_quote_slim","quote_text":"Porque Dios ama a un dador alegre.","quote_source":"2 Corintios 9 v7"},{"acf_fc_layout":"global_module","global_module_id":1148}],"columns_sm":"8","columns_md":"none","columns_lg":"8"},{"module":false,"columns_sm":"4","columns_md":"none","columns_lg":"4"}],"row_class":"","module_padding":{"":null,"padding_top_xs":"","padding_bottom_xs":"","padding_left_xs":"","padding_right_xs":"","padding_top_md":"","padding_bottom_md":"","padding_left_md":"","padding_right_md":"","padding_top_lg":"","padding_bottom_lg":"","padding_left_lg":"","padding_right_lg":""},"module_margin":{"":null,"margin_top_xs":"","margin_bottom_xs":"","margin_left_xs":"","margin_right_xs":"","margin_top_md":"","margin_bottom_md":"","margin_left_md":"","margin_right_md":"","margin_top_lg":"","margin_bottom_lg":"","margin_left_lg":"","margin_right_lg":""}}],"section_heading":"","section_class":"","module_padding":{"":null,"padding_top_xs":"","padding_bottom_xs":"","padding_left_xs":"","padding_right_xs":"","padding_top_md":"","padding_bottom_md":"","padding_left_md":"","padding_right_md":"","padding_top_lg":"","padding_bottom_lg":"","padding_left_lg":"","padding_right_lg":""},"module_margin":{"":null,"margin_top_xs":"","margin_bottom_xs":"","margin_left_xs":"","margin_right_xs":"","margin_top_md":"","margin_bottom_md":"","margin_left_md":"","margin_right_md":"","margin_top_lg":"","margin_bottom_lg":"","margin_left_lg":"","margin_right_lg":""}}]},"yoast_head":"<!-- This site is optimized with the Yoast SEO plugin v25.2 - https:\/\/yoast.com\/wordpress\/plugins\/seo\/ -->\n<title>Cuidar a los dem\u00e1s | Plymouth Brethren Christian Church<\/title>\n<meta name=\"description\" content=\"Visit the Cuidar a los dem\u00e1s page on the website of the Plymouth Brethren Christian Church, a Christian fellowship based on the Holy Bible as the Word of God.\" \/>\n<meta name=\"robots\" content=\"index, follow, max-snippet:-1, max-image-preview:large, max-video-preview:-1\" \/>\n<link rel=\"canonical\" href=\"https:\/\/www.plymouthbrethrenchristianchurch.org\/es\/nuestros-valores\/cuidar-a-los-demas\/\" \/>\n<meta property=\"og:locale\" content=\"es_ES\" \/>\n<meta property=\"og:type\" content=\"article\" \/>\n<meta property=\"og:title\" content=\"Cuidar a los dem\u00e1s | Plymouth Brethren Christian Church\" \/>\n<meta property=\"og:description\" content=\"Visit the Cuidar a los dem\u00e1s page on the website of the Plymouth Brethren Christian Church, a Christian fellowship based on the Holy Bible as the Word of God.\" \/>\n<meta property=\"og:url\" content=\"https:\/\/www.plymouthbrethrenchristianchurch.org\/es\/nuestros-valores\/cuidar-a-los-demas\/\" \/>\n<meta property=\"og:site_name\" content=\"Plymouth Brethren Christian Church\" \/>\n<meta property=\"article:publisher\" content=\"https:\/\/www.facebook.com\/PlymouthBrethrenChristianChurch\" \/>\n<meta property=\"article:modified_time\" content=\"2024-09-10T04:09:21+00:00\" \/>\n<meta name=\"twitter:card\" content=\"summary_large_image\" \/>\n<script type=\"application\/ld+json\" class=\"yoast-schema-graph\">{\"@context\":\"https:\/\/schema.org\",\"@graph\":[{\"@type\":\"WebPage\",\"@id\":\"https:\/\/www.plymouthbrethrenchristianchurch.org\/es\/nuestros-valores\/cuidar-a-los-demas\/\",\"url\":\"https:\/\/www.plymouthbrethrenchristianchurch.org\/es\/nuestros-valores\/cuidar-a-los-demas\/\",\"name\":\"Cuidar a los dem\u00e1s | Plymouth Brethren Christian Church\",\"isPartOf\":{\"@id\":\"https:\/\/www.plymouthbrethrenchristianchurch.org\/#website\"},\"datePublished\":\"2020-05-11T20:37:51+00:00\",\"dateModified\":\"2024-09-10T04:09:21+00:00\",\"description\":\"Visit the Cuidar a los dem\u00e1s page on the website of the Plymouth Brethren Christian Church, a Christian fellowship based on the Holy Bible as the Word of God.\",\"breadcrumb\":{\"@id\":\"https:\/\/www.plymouthbrethrenchristianchurch.org\/es\/nuestros-valores\/cuidar-a-los-demas\/#breadcrumb\"},\"inLanguage\":\"es\",\"potentialAction\":[{\"@type\":\"ReadAction\",\"target\":[\"https:\/\/www.plymouthbrethrenchristianchurch.org\/es\/nuestros-valores\/cuidar-a-los-demas\/\"]}]},{\"@type\":\"BreadcrumbList\",\"@id\":\"https:\/\/www.plymouthbrethrenchristianchurch.org\/es\/nuestros-valores\/cuidar-a-los-demas\/#breadcrumb\",\"itemListElement\":[{\"@type\":\"ListItem\",\"position\":1,\"name\":\"Home\",\"item\":\"https:\/\/www.plymouthbrethrenchristianchurch.org\/es\/casa\/\"},{\"@type\":\"ListItem\",\"position\":2,\"name\":\"Nuestros valores\",\"item\":\"https:\/\/www.plymouthbrethrenchristianchurch.org\/es\/nuestros-valores\/\"},{\"@type\":\"ListItem\",\"position\":3,\"name\":\"Cuidar a los dem\u00e1s\"}]},{\"@type\":\"WebSite\",\"@id\":\"https:\/\/www.plymouthbrethrenchristianchurch.org\/#website\",\"url\":\"https:\/\/www.plymouthbrethrenchristianchurch.org\/\",\"name\":\"Plymouth Brethren Christian Church\",\"description\":\"\",\"publisher\":{\"@id\":\"https:\/\/www.plymouthbrethrenchristianchurch.org\/#organization\"},\"potentialAction\":[{\"@type\":\"SearchAction\",\"target\":{\"@type\":\"EntryPoint\",\"urlTemplate\":\"https:\/\/www.plymouthbrethrenchristianchurch.org\/?s={search_term_string}\"},\"query-input\":{\"@type\":\"PropertyValueSpecification\",\"valueRequired\":true,\"valueName\":\"search_term_string\"}}],\"inLanguage\":\"es\"},{\"@type\":\"Organization\",\"@id\":\"https:\/\/www.plymouthbrethrenchristianchurch.org\/#organization\",\"name\":\"Plymouth Brethren Christian Church\",\"url\":\"https:\/\/www.plymouthbrethrenchristianchurch.org\/\",\"logo\":{\"@type\":\"ImageObject\",\"inLanguage\":\"es\",\"@id\":\"https:\/\/www.plymouthbrethrenchristianchurch.org\/#\/schema\/logo\/image\/\",\"url\":\"https:\/\/www.plymouthbrethrenchristianchurch.org\/wp-content\/uploads\/2020\/05\/site-logo.svg\",\"contentUrl\":\"https:\/\/www.plymouthbrethrenchristianchurch.org\/wp-content\/uploads\/2020\/05\/site-logo.svg\",\"caption\":\"Plymouth Brethren Christian Church\"},\"image\":{\"@id\":\"https:\/\/www.plymouthbrethrenchristianchurch.org\/#\/schema\/logo\/image\/\"},\"sameAs\":[\"https:\/\/www.facebook.com\/PlymouthBrethrenChristianChurch\",\"https:\/\/www.youtube.com\/channel\/UC76fGueDJBbLvhs988yTBXQ\",\"https:\/\/www.pinterest.com.au\/plymouthbcc\/\"]}]}<\/script>\n<!-- \/ Yoast SEO plugin. -->","yoast_head_json":{"title":"Cuidar a los dem\u00e1s | Plymouth Brethren Christian Church","description":"Visit the Cuidar a los dem\u00e1s page on the website of the Plymouth Brethren Christian Church, a Christian fellowship based on the Holy Bible as the Word of God.","robots":{"index":"index","follow":"follow","max-snippet":"max-snippet:-1","max-image-preview":"max-image-preview:large","max-video-preview":"max-video-preview:-1"},"canonical":"https:\/\/www.plymouthbrethrenchristianchurch.org\/es\/nuestros-valores\/cuidar-a-los-demas\/","og_locale":"es_ES","og_type":"article","og_title":"Cuidar a los dem\u00e1s | Plymouth Brethren Christian Church","og_description":"Visit the Cuidar a los dem\u00e1s page on the website of the Plymouth Brethren Christian Church, a Christian fellowship based on the Holy Bible as the Word of God.","og_url":"https:\/\/www.plymouthbrethrenchristianchurch.org\/es\/nuestros-valores\/cuidar-a-los-demas\/","og_site_name":"Plymouth Brethren Christian Church","article_publisher":"https:\/\/www.facebook.com\/PlymouthBrethrenChristianChurch","article_modified_time":"2024-09-10T04:09:21+00:00","twitter_card":"summary_large_image","schema":{"@context":"https:\/\/schema.org","@graph":[{"@type":"WebPage","@id":"https:\/\/www.plymouthbrethrenchristianchurch.org\/es\/nuestros-valores\/cuidar-a-los-demas\/","url":"https:\/\/www.plymouthbrethrenchristianchurch.org\/es\/nuestros-valores\/cuidar-a-los-demas\/","name":"Cuidar a los dem\u00e1s | Plymouth Brethren Christian Church","isPartOf":{"@id":"https:\/\/www.plymouthbrethrenchristianchurch.org\/#website"},"datePublished":"2020-05-11T20:37:51+00:00","dateModified":"2024-09-10T04:09:21+00:00","description":"Visit the Cuidar a los dem\u00e1s page on the website of the Plymouth Brethren Christian Church, a Christian fellowship based on the Holy Bible as the Word of God.","breadcrumb":{"@id":"https:\/\/www.plymouthbrethrenchristianchurch.org\/es\/nuestros-valores\/cuidar-a-los-demas\/#breadcrumb"},"inLanguage":"es","potentialAction":[{"@type":"ReadAction","target":["https:\/\/www.plymouthbrethrenchristianchurch.org\/es\/nuestros-valores\/cuidar-a-los-demas\/"]}]},{"@type":"BreadcrumbList","@id":"https:\/\/www.plymouthbrethrenchristianchurch.org\/es\/nuestros-valores\/cuidar-a-los-demas\/#breadcrumb","itemListElement":[{"@type":"ListItem","position":1,"name":"Home","item":"https:\/\/www.plymouthbrethrenchristianchurch.org\/es\/casa\/"},{"@type":"ListItem","position":2,"name":"Nuestros valores","item":"https:\/\/www.plymouthbrethrenchristianchurch.org\/es\/nuestros-valores\/"},{"@type":"ListItem","position":3,"name":"Cuidar a los dem\u00e1s"}]},{"@type":"WebSite","@id":"https:\/\/www.plymouthbrethrenchristianchurch.org\/#website","url":"https:\/\/www.plymouthbrethrenchristianchurch.org\/","name":"Plymouth Brethren Christian Church","description":"","publisher":{"@id":"https:\/\/www.plymouthbrethrenchristianchurch.org\/#organization"},"potentialAction":[{"@type":"SearchAction","target":{"@type":"EntryPoint","urlTemplate":"https:\/\/www.plymouthbrethrenchristianchurch.org\/?s={search_term_string}"},"query-input":{"@type":"PropertyValueSpecification","valueRequired":true,"valueName":"search_term_string"}}],"inLanguage":"es"},{"@type":"Organization","@id":"https:\/\/www.plymouthbrethrenchristianchurch.org\/#organization","name":"Plymouth Brethren Christian Church","url":"https:\/\/www.plymouthbrethrenchristianchurch.org\/","logo":{"@type":"ImageObject","inLanguage":"es","@id":"https:\/\/www.plymouthbrethrenchristianchurch.org\/#\/schema\/logo\/image\/","url":"https:\/\/www.plymouthbrethrenchristianchurch.org\/wp-content\/uploads\/2020\/05\/site-logo.svg","contentUrl":"https:\/\/www.plymouthbrethrenchristianchurch.org\/wp-content\/uploads\/2020\/05\/site-logo.svg","caption":"Plymouth Brethren Christian Church"},"image":{"@id":"https:\/\/www.plymouthbrethrenchristianchurch.org\/#\/schema\/logo\/image\/"},"sameAs":["https:\/\/www.facebook.com\/PlymouthBrethrenChristianChurch","https:\/\/www.youtube.com\/channel\/UC76fGueDJBbLvhs988yTBXQ","https:\/\/www.pinterest.com.au\/plymouthbcc\/"]}]}},"_links":{"self":[{"href":"https:\/\/www.plymouthbrethrenchristianchurch.org\/es\/wp-json\/wp\/v2\/pages\/2906"}],"collection":[{"href":"https:\/\/www.plymouthbrethrenchristianchurch.org\/es\/wp-json\/wp\/v2\/pages"}],"about":[{"href":"https:\/\/www.plymouthbrethrenchristianchurch.org\/es\/wp-json\/wp\/v2\/types\/page"}],"author":[{"embeddable":true,"href":"https:\/\/www.plymouthbrethrenchristianchurch.org\/es\/wp-json\/wp\/v2\/users\/2"}],"replies":[{"embeddable":true,"href":"https:\/\/www.plymouthbrethrenchristianchurch.org\/es\/wp-json\/wp\/v2\/comments?post=2906"}],"version-history":[{"count":1,"href":"https:\/\/www.plymouthbrethrenchristianchurch.org\/es\/wp-json\/wp\/v2\/pages\/2906\/revisions"}],"predecessor-version":[{"id":7904,"href":"https:\/\/www.plymouthbrethrenchristianchurch.org\/es\/wp-json\/wp\/v2\/pages\/2906\/revisions\/7904"}],"up":[{"embeddable":true,"href":"https:\/\/www.plymouthbrethrenchristianchurch.org\/es\/wp-json\/wp\/v2\/pages\/2878"}],"wp:attachment":[{"href":"https:\/\/www.plymouthbrethrenchristianchurch.org\/es\/wp-json\/wp\/v2\/media?parent=2906"}],"curies":[{"name":"wp","href":"https:\/\/api.w.org\/{rel}","templated":true}]}}