{"id":2919,"date":"2020-05-19T02:17:11","date_gmt":"2020-05-18T16:17:11","guid":{"rendered":"https:\/\/www.plymouthbrethrenchristianchurch.org\/reuniones\/"},"modified":"2024-09-10T14:09:30","modified_gmt":"2024-09-10T04:09:30","slug":"reuniones","status":"publish","type":"page","link":"https:\/\/www.plymouthbrethrenchristianchurch.org\/es\/adoracion\/reuniones\/","title":{"rendered":"Reuniones"},"content":{"rendered":"","protected":false},"excerpt":{"rendered":"","protected":false},"author":2,"featured_media":0,"parent":3005,"menu_order":1,"comment_status":"closed","ping_status":"closed","template":"page-templates\/acf-flexible-content.php","meta":{"_acf_changed":false,"_relevanssi_hide_post":"","_relevanssi_hide_content":"","_relevanssi_pin_for_all":"","_relevanssi_pin_keywords":"","_relevanssi_unpin_keywords":"","_relevanssi_related_keywords":"","_relevanssi_related_include_ids":"","_relevanssi_related_exclude_ids":"","_relevanssi_related_no_append":"","_relevanssi_related_not_related":"","_relevanssi_related_posts":"","_relevanssi_noindex_reason":"","inline_featured_image":false,"footnotes":""},"class_list":["post-2919","page","type-page","status-publish","hentry"],"acf":{"post_page_video":"","content":[{"acf_fc_layout":"page_header_with_links","override_title":false,"custom_title":"T\u00edtulo de la prueba","intro_text":"<p>Aprenda m\u00e1s acerca de los servicios de la Iglesia de los Hermanos de Plymouth los domingos, y otras lecturas b\u00edblicas regulares y reuniones de oraci\u00f3n.<\/p>\n","enable_button":true,"button":{"button_text":"","button_url":"","open_in_new_tab":false,"button_class":""},"link_source":"menu","select_a_menu":{"value":"24","label":"Adoraci\u00f3n"},"menu_title":"","custom_links":false,"header_styles":{"":null,"background_colour":"#515151","background_image":2272,"text_colour":"white"},"row_class":""},{"acf_fc_layout":"module_section","row":[{"column_gap":"6","column":[{"module":[{"acf_fc_layout":"rich_media_block","image":6594,"header":{"":null,"title":"Servicios, reuniones y lecturas","heading_level":"h2","header_styles":{"":null,"background_colour":"","background_image":false,"text_colour":"orange"},"make_separator":false},"content":"<p>Cada d\u00eda, las Autoridades Generales se re\u00fanen en iglesias construidas espec\u00edficamente, que se utilizan s\u00f3lo para el culto cristiano y no para actividades seculares u otras. Nuestras reuniones se centran en la Sagrada Escritura. Las Escrituras seleccionadas de la Biblia proporcionan el tema para lecturas b\u00edblicas mutuamente conversacionales, sermones del Evangelio y discursos basados en textos de las Escrituras. Abrimos y cerramos nuestras reuniones con una oraci\u00f3n y el canto colectivo de un himno. A menudo se celebran reuniones especiales. Estos pueden tomar la forma de \u00abreuniones de hermandad\u00bb o \u00abreuniones de tres d\u00edas\u00bb (viernes, s\u00e1bado y domingo). En estas ocasiones, la asistencia se basa en la invitaci\u00f3n y a menudo incluye la representaci\u00f3n nacional y mundial. El \u00fanico material le\u00eddo y discutido en estas reuniones es la Biblia. El domingo (d\u00eda del Se\u00f1or) se considera un d\u00eda especial, comenzando con la Cena del Se\u00f1or (Santa Comuni\u00f3n) en la madrugada en las iglesias locales y a partir de entonces el d\u00eda est\u00e1 lleno de lecturas b\u00edblicas y predicaciones del Evangelio y la Palabra de Dios. Tambi\u00e9n entretenemos a los hermanos en nuestros hogares para almuerzos y cenas.<\/p>\n","enable_button":true,"button":{"button_text":"","button_url":"","open_in_new_tab":false,"button_class":""},"class":""},{"acf_fc_layout":"rich_media_block","image":false,"header":{"":null,"title":"Calendario de reuniones semanales","heading_level":"h2","header_styles":{"":null,"background_colour":"","background_image":false,"text_colour":"orange"},"make_separator":false},"content":"<p>Cada d\u00eda, los Hermanos se re\u00fanen en iglesias construidas especialmente para el culto, que se utilizan solo para el culto cristiano y no para actividades seculares o de otro tipo.  \n<table id=\"tablepress-1\" class=\"tablepress tablepress-id-1\">\n<thead>\n<tr class=\"row-1\">\n\t<th class=\"column-1\">Day<\/th><th class=\"column-2\">Meeting<\/th><th class=\"column-3\">Time of Day<\/th>\n<\/tr>\n<\/thead>\n<tbody class=\"row-striping row-hover\">\n<tr class=\"row-2\">\n\t<td class=\"column-1\">Sunday<\/td><td class=\"column-2\">Lord's Supper (Holy Communion)<br \/>\nReading<br \/>\nGospel Preachings<\/td><td class=\"column-3\">Early morning<br \/>\nMid-morning<br \/>\nBalance of day<\/td>\n<\/tr>\n<tr class=\"row-3\">\n\t<td class=\"column-1\">Monday<\/td><td class=\"column-2\">Prayer Meeting<\/td><td class=\"column-3\">Late afternoon or evening<\/td>\n<\/tr>\n<tr class=\"row-4\">\n\t<td class=\"column-1\">Tuesday<\/td><td class=\"column-2\">Sermon Meeting<\/td><td class=\"column-3\">Late afternoon or evening<\/td>\n<\/tr>\n<tr class=\"row-5\">\n\t<td class=\"column-1\">Wednesday<\/td><td class=\"column-2\">Bible Reading<\/td><td class=\"column-3\">Late afternoon or evening<\/td>\n<\/tr>\n<tr class=\"row-6\">\n\t<td class=\"column-1\">Thursday<\/td><td class=\"column-2\">Bible Reading<\/td><td class=\"column-3\">Late afternoon or evening<\/td>\n<\/tr>\n<tr class=\"row-7\">\n\t<td class=\"column-1\">Friday<\/td><td class=\"column-2\">Bible Reading<\/td><td class=\"column-3\">Late afternoon or evening<\/td>\n<\/tr>\n<tr class=\"row-8\">\n\t<td class=\"column-1\">Saturday<\/td><td class=\"column-2\">Bible Reading<\/td><td class=\"column-3\">Morning<\/td>\n<\/tr>\n<\/tbody>\n<\/table>\n<!-- #tablepress-1 from cache --><\/p>\n","enable_button":true,"button":{"button_text":"","button_url":"","open_in_new_tab":false,"button_class":""},"class":""},{"acf_fc_layout":"rich_media_block","image":false,"header":{"":null,"title":"Cena del Se\u00f1or (Santa Comuni\u00f3n)","heading_level":"h2","header_styles":{"":null,"background_colour":"","background_image":false,"text_colour":"orange"},"make_separator":false},"content":"<p>La Cena del Se\u00f1or, o Santa Comuni\u00f3n, es fundamental para nuestras vidas. Cada miembro de las Hermandades de Plymouth celebra cada primer d\u00eda de la semana y sirve para mantener a nuestra comunidad unida en el v\u00ednculo de la comuni\u00f3n cristiana y en el compromiso con el Se\u00f1or Jesucristo. Este servicio sencillo y privado sigue la forma dada en 1 Corintios 11:23-28, Juan 20:19, Hechos 20:7 y otras Escrituras. Es atendido con gran atenci\u00f3n por todos nuestros hogares, e incluimos a nuestros hijos que reciben los sacramentos sobre la base de las palabras de Jes\u00fas: \u00abCome, este es mi cuerpo\u00bb Mateo 26:26-28.<\/p>\n","enable_button":true,"button":{"button_text":"","button_url":"","open_in_new_tab":false,"button_class":""},"class":""},{"acf_fc_layout":"bible_quote_slim","quote_text":"Come, este es mi cuerpo.","quote_source":"Mateo 26:26"},{"acf_fc_layout":"rich_media_block","image":false,"header":{"":null,"title":"Predicaciones evang\u00e9licas","heading_level":"h2","header_styles":{"":null,"background_colour":"","background_image":false,"text_colour":"orange"},"make_separator":false},"content":"<p>El Evangelio se predica en nuestros salones cada domingo.<\/p>\n","enable_button":true,"button":{"button_text":"","button_url":"","open_in_new_tab":false,"button_class":""},"class":""},{"acf_fc_layout":"rich_media_block","image":false,"header":{"":null,"title":"Lecturas b\u00edblicas","heading_level":"h2","header_styles":{"":null,"background_colour":"","background_image":false,"text_colour":"orange"},"make_separator":false},"content":"<p>Todas nuestras reuniones se basan en la Biblia e incluyen lecturas b\u00edblicas. Las personas son libres de seleccionar un texto de la Biblia y muchos otros vers\u00edculos son llevados a una discusi\u00f3n mutua por la congregaci\u00f3n.<\/p>\n","enable_button":true,"button":{"button_text":"","button_url":"","open_in_new_tab":false,"button_class":""},"class":""},{"acf_fc_layout":"rich_media_block","image":false,"header":{"":null,"title":"Reuniones de oraci\u00f3n","heading_level":"h2","header_styles":{"":null,"background_colour":"","background_image":false,"text_colour":"orange"},"make_separator":false},"content":"<p>Las reuniones semanales espec\u00edficamente para la oraci\u00f3n se llevan a cabo en nuestras salas de reuniones a nivel mundial. En estas ocasiones, se oran para una amplia variedad de temas, incluidos los gobiernos, las guerras, los desastres naturales y las personas en la pobreza, la opresi\u00f3n, la enfermedad y la necesidad. Los miembros de las Autoridades Generales se mantienen actualizados en cuanto a las cuestiones actuales. Miles de oraciones p\u00fablicas se hacen cada semana en nuestros salones de reuniones.  \u00a0<\/p>\n","enable_button":true,"button":{"button_text":"","button_url":"","open_in_new_tab":false,"button_class":""},"class":""},{"acf_fc_layout":"global_module","global_module_id":1148}],"columns_sm":"8","columns_md":"none","columns_lg":"8"},{"module":false,"columns_sm":"4","columns_md":"none","columns_lg":"4"}],"row_class":"","module_padding":{"":null,"padding_top_xs":"","padding_bottom_xs":"","padding_left_xs":"","padding_right_xs":"","padding_top_md":"","padding_bottom_md":"","padding_left_md":"","padding_right_md":"","padding_top_lg":"","padding_bottom_lg":"","padding_left_lg":"","padding_right_lg":""},"module_margin":{"":null,"margin_top_xs":"","margin_bottom_xs":"","margin_left_xs":"","margin_right_xs":"","margin_top_md":"","margin_bottom_md":"","margin_left_md":"","margin_right_md":"","margin_top_lg":"","margin_bottom_lg":"","margin_left_lg":"","margin_right_lg":""}}],"section_heading":"","section_class":"","module_padding":{"":null,"padding_top_xs":"","padding_bottom_xs":"","padding_left_xs":"","padding_right_xs":"","padding_top_md":"","padding_bottom_md":"","padding_left_md":"","padding_right_md":"","padding_top_lg":"","padding_bottom_lg":"","padding_left_lg":"","padding_right_lg":""},"module_margin":{"":null,"margin_top_xs":"","margin_bottom_xs":"","margin_left_xs":"","margin_right_xs":"","margin_top_md":"","margin_bottom_md":"","margin_left_md":"","margin_right_md":"","margin_top_lg":"","margin_bottom_lg":"","margin_left_lg":"","margin_right_lg":""}}]},"yoast_head":"<!-- This site is optimized with the Yoast SEO plugin v25.2 - https:\/\/yoast.com\/wordpress\/plugins\/seo\/ -->\n<title>Reuniones | Plymouth Brethren Christian Church<\/title>\n<meta name=\"description\" content=\"Visit the Reuniones page on the website of the Plymouth Brethren Christian Church, a Christian fellowship based on the Holy Bible as the Word of God.\" \/>\n<meta name=\"robots\" content=\"index, follow, max-snippet:-1, max-image-preview:large, max-video-preview:-1\" \/>\n<link rel=\"canonical\" href=\"https:\/\/www.plymouthbrethrenchristianchurch.org\/es\/adoracion\/reuniones\/\" \/>\n<meta property=\"og:locale\" content=\"es_ES\" \/>\n<meta property=\"og:type\" content=\"article\" \/>\n<meta property=\"og:title\" content=\"Reuniones | Plymouth Brethren Christian Church\" \/>\n<meta property=\"og:description\" content=\"Visit the Reuniones page on the website of the Plymouth Brethren Christian Church, a Christian fellowship based on the Holy Bible as the Word of God.\" \/>\n<meta property=\"og:url\" content=\"https:\/\/www.plymouthbrethrenchristianchurch.org\/es\/adoracion\/reuniones\/\" \/>\n<meta property=\"og:site_name\" content=\"Plymouth Brethren Christian Church\" \/>\n<meta property=\"article:publisher\" content=\"https:\/\/www.facebook.com\/PlymouthBrethrenChristianChurch\" \/>\n<meta property=\"article:modified_time\" content=\"2024-09-10T04:09:30+00:00\" \/>\n<meta name=\"twitter:card\" content=\"summary_large_image\" \/>\n<script type=\"application\/ld+json\" class=\"yoast-schema-graph\">{\"@context\":\"https:\/\/schema.org\",\"@graph\":[{\"@type\":\"WebPage\",\"@id\":\"https:\/\/www.plymouthbrethrenchristianchurch.org\/es\/adoracion\/reuniones\/\",\"url\":\"https:\/\/www.plymouthbrethrenchristianchurch.org\/es\/adoracion\/reuniones\/\",\"name\":\"Reuniones | Plymouth Brethren Christian Church\",\"isPartOf\":{\"@id\":\"https:\/\/www.plymouthbrethrenchristianchurch.org\/#website\"},\"datePublished\":\"2020-05-18T16:17:11+00:00\",\"dateModified\":\"2024-09-10T04:09:30+00:00\",\"description\":\"Visit the Reuniones page on the website of the Plymouth Brethren Christian Church, a Christian fellowship based on the Holy Bible as the Word of God.\",\"breadcrumb\":{\"@id\":\"https:\/\/www.plymouthbrethrenchristianchurch.org\/es\/adoracion\/reuniones\/#breadcrumb\"},\"inLanguage\":\"es\",\"potentialAction\":[{\"@type\":\"ReadAction\",\"target\":[\"https:\/\/www.plymouthbrethrenchristianchurch.org\/es\/adoracion\/reuniones\/\"]}]},{\"@type\":\"BreadcrumbList\",\"@id\":\"https:\/\/www.plymouthbrethrenchristianchurch.org\/es\/adoracion\/reuniones\/#breadcrumb\",\"itemListElement\":[{\"@type\":\"ListItem\",\"position\":1,\"name\":\"Home\",\"item\":\"https:\/\/www.plymouthbrethrenchristianchurch.org\/es\/casa\/\"},{\"@type\":\"ListItem\",\"position\":2,\"name\":\"Adoraci\u00f3n\",\"item\":\"https:\/\/www.plymouthbrethrenchristianchurch.org\/es\/adoracion\/\"},{\"@type\":\"ListItem\",\"position\":3,\"name\":\"Reuniones\"}]},{\"@type\":\"WebSite\",\"@id\":\"https:\/\/www.plymouthbrethrenchristianchurch.org\/#website\",\"url\":\"https:\/\/www.plymouthbrethrenchristianchurch.org\/\",\"name\":\"Plymouth Brethren Christian Church\",\"description\":\"\",\"publisher\":{\"@id\":\"https:\/\/www.plymouthbrethrenchristianchurch.org\/#organization\"},\"potentialAction\":[{\"@type\":\"SearchAction\",\"target\":{\"@type\":\"EntryPoint\",\"urlTemplate\":\"https:\/\/www.plymouthbrethrenchristianchurch.org\/?s={search_term_string}\"},\"query-input\":{\"@type\":\"PropertyValueSpecification\",\"valueRequired\":true,\"valueName\":\"search_term_string\"}}],\"inLanguage\":\"es\"},{\"@type\":\"Organization\",\"@id\":\"https:\/\/www.plymouthbrethrenchristianchurch.org\/#organization\",\"name\":\"Plymouth Brethren Christian Church\",\"url\":\"https:\/\/www.plymouthbrethrenchristianchurch.org\/\",\"logo\":{\"@type\":\"ImageObject\",\"inLanguage\":\"es\",\"@id\":\"https:\/\/www.plymouthbrethrenchristianchurch.org\/#\/schema\/logo\/image\/\",\"url\":\"https:\/\/www.plymouthbrethrenchristianchurch.org\/wp-content\/uploads\/2020\/05\/site-logo.svg\",\"contentUrl\":\"https:\/\/www.plymouthbrethrenchristianchurch.org\/wp-content\/uploads\/2020\/05\/site-logo.svg\",\"caption\":\"Plymouth Brethren Christian Church\"},\"image\":{\"@id\":\"https:\/\/www.plymouthbrethrenchristianchurch.org\/#\/schema\/logo\/image\/\"},\"sameAs\":[\"https:\/\/www.facebook.com\/PlymouthBrethrenChristianChurch\",\"https:\/\/www.youtube.com\/channel\/UC76fGueDJBbLvhs988yTBXQ\",\"https:\/\/www.pinterest.com.au\/plymouthbcc\/\"]}]}<\/script>\n<!-- \/ Yoast SEO plugin. -->","yoast_head_json":{"title":"Reuniones | Plymouth Brethren Christian Church","description":"Visit the Reuniones page on the website of the Plymouth Brethren Christian Church, a Christian fellowship based on the Holy Bible as the Word of God.","robots":{"index":"index","follow":"follow","max-snippet":"max-snippet:-1","max-image-preview":"max-image-preview:large","max-video-preview":"max-video-preview:-1"},"canonical":"https:\/\/www.plymouthbrethrenchristianchurch.org\/es\/adoracion\/reuniones\/","og_locale":"es_ES","og_type":"article","og_title":"Reuniones | Plymouth Brethren Christian Church","og_description":"Visit the Reuniones page on the website of the Plymouth Brethren Christian Church, a Christian fellowship based on the Holy Bible as the Word of God.","og_url":"https:\/\/www.plymouthbrethrenchristianchurch.org\/es\/adoracion\/reuniones\/","og_site_name":"Plymouth Brethren Christian Church","article_publisher":"https:\/\/www.facebook.com\/PlymouthBrethrenChristianChurch","article_modified_time":"2024-09-10T04:09:30+00:00","twitter_card":"summary_large_image","schema":{"@context":"https:\/\/schema.org","@graph":[{"@type":"WebPage","@id":"https:\/\/www.plymouthbrethrenchristianchurch.org\/es\/adoracion\/reuniones\/","url":"https:\/\/www.plymouthbrethrenchristianchurch.org\/es\/adoracion\/reuniones\/","name":"Reuniones | Plymouth Brethren Christian Church","isPartOf":{"@id":"https:\/\/www.plymouthbrethrenchristianchurch.org\/#website"},"datePublished":"2020-05-18T16:17:11+00:00","dateModified":"2024-09-10T04:09:30+00:00","description":"Visit the Reuniones page on the website of the Plymouth Brethren Christian Church, a Christian fellowship based on the Holy Bible as the Word of God.","breadcrumb":{"@id":"https:\/\/www.plymouthbrethrenchristianchurch.org\/es\/adoracion\/reuniones\/#breadcrumb"},"inLanguage":"es","potentialAction":[{"@type":"ReadAction","target":["https:\/\/www.plymouthbrethrenchristianchurch.org\/es\/adoracion\/reuniones\/"]}]},{"@type":"BreadcrumbList","@id":"https:\/\/www.plymouthbrethrenchristianchurch.org\/es\/adoracion\/reuniones\/#breadcrumb","itemListElement":[{"@type":"ListItem","position":1,"name":"Home","item":"https:\/\/www.plymouthbrethrenchristianchurch.org\/es\/casa\/"},{"@type":"ListItem","position":2,"name":"Adoraci\u00f3n","item":"https:\/\/www.plymouthbrethrenchristianchurch.org\/es\/adoracion\/"},{"@type":"ListItem","position":3,"name":"Reuniones"}]},{"@type":"WebSite","@id":"https:\/\/www.plymouthbrethrenchristianchurch.org\/#website","url":"https:\/\/www.plymouthbrethrenchristianchurch.org\/","name":"Plymouth Brethren Christian Church","description":"","publisher":{"@id":"https:\/\/www.plymouthbrethrenchristianchurch.org\/#organization"},"potentialAction":[{"@type":"SearchAction","target":{"@type":"EntryPoint","urlTemplate":"https:\/\/www.plymouthbrethrenchristianchurch.org\/?s={search_term_string}"},"query-input":{"@type":"PropertyValueSpecification","valueRequired":true,"valueName":"search_term_string"}}],"inLanguage":"es"},{"@type":"Organization","@id":"https:\/\/www.plymouthbrethrenchristianchurch.org\/#organization","name":"Plymouth Brethren Christian Church","url":"https:\/\/www.plymouthbrethrenchristianchurch.org\/","logo":{"@type":"ImageObject","inLanguage":"es","@id":"https:\/\/www.plymouthbrethrenchristianchurch.org\/#\/schema\/logo\/image\/","url":"https:\/\/www.plymouthbrethrenchristianchurch.org\/wp-content\/uploads\/2020\/05\/site-logo.svg","contentUrl":"https:\/\/www.plymouthbrethrenchristianchurch.org\/wp-content\/uploads\/2020\/05\/site-logo.svg","caption":"Plymouth Brethren Christian Church"},"image":{"@id":"https:\/\/www.plymouthbrethrenchristianchurch.org\/#\/schema\/logo\/image\/"},"sameAs":["https:\/\/www.facebook.com\/PlymouthBrethrenChristianChurch","https:\/\/www.youtube.com\/channel\/UC76fGueDJBbLvhs988yTBXQ","https:\/\/www.pinterest.com.au\/plymouthbcc\/"]}]}},"_links":{"self":[{"href":"https:\/\/www.plymouthbrethrenchristianchurch.org\/es\/wp-json\/wp\/v2\/pages\/2919"}],"collection":[{"href":"https:\/\/www.plymouthbrethrenchristianchurch.org\/es\/wp-json\/wp\/v2\/pages"}],"about":[{"href":"https:\/\/www.plymouthbrethrenchristianchurch.org\/es\/wp-json\/wp\/v2\/types\/page"}],"author":[{"embeddable":true,"href":"https:\/\/www.plymouthbrethrenchristianchurch.org\/es\/wp-json\/wp\/v2\/users\/2"}],"replies":[{"embeddable":true,"href":"https:\/\/www.plymouthbrethrenchristianchurch.org\/es\/wp-json\/wp\/v2\/comments?post=2919"}],"version-history":[{"count":1,"href":"https:\/\/www.plymouthbrethrenchristianchurch.org\/es\/wp-json\/wp\/v2\/pages\/2919\/revisions"}],"predecessor-version":[{"id":7910,"href":"https:\/\/www.plymouthbrethrenchristianchurch.org\/es\/wp-json\/wp\/v2\/pages\/2919\/revisions\/7910"}],"up":[{"embeddable":true,"href":"https:\/\/www.plymouthbrethrenchristianchurch.org\/es\/wp-json\/wp\/v2\/pages\/3005"}],"wp:attachment":[{"href":"https:\/\/www.plymouthbrethrenchristianchurch.org\/es\/wp-json\/wp\/v2\/media?parent=2919"}],"curies":[{"name":"wp","href":"https:\/\/api.w.org\/{rel}","templated":true}]}}