{"id":2930,"date":"2020-05-22T01:24:09","date_gmt":"2020-05-21T15:24:09","guid":{"rendered":"https:\/\/www.plymouthbrethrenchristianchurch.org\/terminos-y-condiciones\/"},"modified":"2025-06-18T01:09:07","modified_gmt":"2025-06-17T15:09:07","slug":"terminos-y-condiciones","status":"publish","type":"page","link":"https:\/\/www.plymouthbrethrenchristianchurch.org\/es\/terminos-y-condiciones\/","title":{"rendered":"T\u00e9rminos y condiciones"},"content":{"rendered":"","protected":false},"excerpt":{"rendered":"","protected":false},"author":2,"featured_media":0,"parent":0,"menu_order":15,"comment_status":"closed","ping_status":"closed","template":"page-templates\/acf-flexible-content.php","meta":{"_acf_changed":false,"_relevanssi_hide_post":"","_relevanssi_hide_content":"","_relevanssi_pin_for_all":"","_relevanssi_pin_keywords":"","_relevanssi_unpin_keywords":"","_relevanssi_related_keywords":"","_relevanssi_related_include_ids":"","_relevanssi_related_exclude_ids":"","_relevanssi_related_no_append":"","_relevanssi_related_not_related":"","_relevanssi_related_posts":"","_relevanssi_noindex_reason":"","inline_featured_image":false,"footnotes":""},"class_list":["post-2930","page","type-page","status-publish","hentry"],"acf":{"post_page_video":"","content":[{"acf_fc_layout":"page_header_with_links","override_title":false,"custom_title":"T\u00edtulo de la prueba","intro_text":"<p>T\u00e9rminos y condiciones del sitio web de Plymouth Brethren Christian Church ACN 158 542 075 (T\u00e9rminos)<\/p>\n","enable_button":true,"button":{"button_text":"","button_url":"","open_in_new_tab":false,"button_class":""},"link_source":"menu","select_a_menu":{"value":"41","label":"Contacto"},"menu_title":"Enlaces","custom_links":false,"header_styles":{"":null,"background_colour":"#515151","background_image":1850,"text_colour":"white"},"row_class":""},{"acf_fc_layout":"module_section","row":[{"column_gap":"6","column":[{"module":[{"acf_fc_layout":"rich_media_block","image":false,"header":{"":null,"title":"","heading_level":"h2","header_styles":{"":null,"background_colour":"","background_image":false,"text_colour":"orange"},"make_separator":false},"content":"<p><strong>1. Su aceptaci\u00f3n<\/strong><\/p>\n<p>(a) Estos son los t\u00e9rminos en los que la Iglesia Cristiana de los Hermanos Plymouth ACN 158 542 075 (denominada PBCC, nosotros o nuestro) permite a los usuarios acceder y utilizar el sitio web del PBCC plymouthbrethrenchristianchurch.org (Sitio web), incluido el uso de los servicios y funciones disponibles a trav\u00e9s del Sitio Web, ver el Contenido proporcionado por el PBCC y comunicarse con el PBCC.<\/p>\n<p>(b) Usted acepta estar sujeto a estos T\u00e9rminos mediante el uso, la navegaci\u00f3n o el acceso a cualquier parte del Sitio Web.<\/p>\n<p>(c) El PBCC puede revisar y actualizar estos T\u00e9rminos de vez en cuando para tener en cuenta nuevas leyes, reglamentos, productos o tecnolog\u00eda. Su uso del Sitio Web se regir\u00e1 por los T\u00e9rminos m\u00e1s recientes publicados en el Sitio Web. Al continuar utilizando el Sitio Web, usted acepta estar sujeto a los T\u00e9rminos m\u00e1s recientes. Es su responsabilidad revisar el Sitio Web regularmente para ver las versiones actualizadas de los T\u00e9rminos.<\/p>\n<p>(d) El Sitio Web est\u00e1 sujeto a cambios en cualquier momento sin previo aviso y puede contener errores.<\/p>\n<p><strong>2. Contenido<\/strong><\/p>\n<p>(a) El Sitio Web es propiedad y est\u00e1 operado por el PBCC.<\/p>\n<p>(b) El PBCC tiene el derecho, pero no la obligaci\u00f3n, de supervisar cualquier informaci\u00f3n, comentario, contenido, comunicaci\u00f3n, asesoramiento, texto u otro material (Contenido) disponible en el Sitio Web. El PBCC se reserva el derecho, a su absoluta discreci\u00f3n, de bloquear, modificar o eliminar cualquier Contenido contenido en el Sitio Web sin previo aviso, y no ser\u00e1 responsable de ninguna manera de las posibles consecuencias de tales acciones.<\/p>\n<p>(c) El Contenido del Sitio Web es s\u00f3lo para fines de informaci\u00f3n general. Adem\u00e1s, el PBCC no garantiza ni hace ninguna declaraci\u00f3n en cuanto a los productos o servicios de terceros descritos o mencionados en el Sitio Web. Cualquier uso de los materiales o informaci\u00f3n del PBCC por parte de otra persona u organizaci\u00f3n es bajo el propio riesgo del usuario.<\/p>\n<p>(d) El Contenido de este Sitio Web se obtiene y desarrolla a partir de una variedad de fuentes, incluidas, entre otras, colaboraciones con terceros e informaci\u00f3n proporcionada por terceros bajo licencia. La inclusi\u00f3n del Contenido en este Sitio Web no es una aprobaci\u00f3n de ninguna organizaci\u00f3n, producto o servicio.<\/p>\n<p>(e) Si bien se ha tenido cuidado en la preparaci\u00f3n del Contenido en este Sitio Web, el PBCC y sus empleados, partes relacionadas, directores, funcionarios, agentes, voluntarios, contratistas y subcontratistas no aceptar\u00e1n ninguna responsabilidad, incluyendo por cualquier p\u00e9rdida o da\u00f1o, resultante de la confianza en el Contenido, o por su exactitud, moneda e integridad.<\/p>\n<p>(f) Usted acepta ser el \u00fanico responsable de cualquier Contenido que comunique o proporcione de otro modo a trav\u00e9s del Sitio Web. Usted garantiza y declara que cualquier Contenido que comunique o proporcione de otro modo no violar\u00e1 estos T\u00e9rminos o la Pol\u00edtica de Privacidad.<\/p>\n<p>(g) Usted acepta que nuestro sitio web puede exponerlo a Contenido que puede ser objetable u ofensivo. No seremos responsables ante usted de ninguna manera por el Contenido que aparece en este sitio web ni por ning\u00fan error u omisi\u00f3n.<\/p>\n<p>(h) Si tiene una queja con respecto a cualquier Contenido, la \u00fanica obligaci\u00f3n del PBCC ser\u00e1 revisar cualquier queja por escrito que se le notifique y, si lo considera oportuno, a su entera discreci\u00f3n, modificar o eliminar el Contenido en particular.<\/p>\n<p><strong>3. Enlaces<\/strong><\/p>\n<p>(a) El Sitio Web puede contener enlaces a otros sitios web. El PBCC proporciona esos enlaces como una referencia lista y no como una aprobaci\u00f3n de esos sitios web, sus operadores, los productos, servicios o contenidos que describen.<\/p>\n<p>(b) Otros sitios web que est\u00e1n vinculados al Sitio Web no est\u00e1n cubiertos por estos T\u00e9rminos, y pueden tener sus propios t\u00e9rminos y condiciones y pol\u00edtica de privacidad. Si decide acceder a estos sitios vinculados, lo hace bajo su propio riesgo. El PBCC no es responsable ni ser\u00e1 responsable con respecto al contenido u funcionamiento de dichos sitios web o de cualquiera de los productos, servicios o contenidos que describan. El PBCC no es responsable ni ser\u00e1 responsable con respecto a ning\u00fan enlace incorrecto a un sitio web externo.<\/p>\n<p>(c) No se le permite enmarcar el Sitio Web sin el permiso expreso por escrito del PBCC.<\/p>\n<p><strong>4. Acceso y comunicaci\u00f3n<\/strong><\/p>\n<p>(a) Sujeto a las garant\u00edas del consumidor previstas en la legislaci\u00f3n de protecci\u00f3n de los consumidores (incluida la Ley Australiana del Consumidor que se encuentra en el Anexo 2 de la Ley de Competencia y Consumo de 2010 (ACL)), el PBCC no garantiza que tendr\u00e1 acceso continuo al Sitio Web. El PBCC no ser\u00e1 responsable en caso de que el Sitio Web no est\u00e9 disponible para usted debido al tiempo de inactividad del equipo atribuible a malfuncionamientos, actualizaciones, actividades de mantenimiento preventivo o correctivo o interrupci\u00f3n en el suministro de telecomunicaciones.<\/p>\n<p>(b) El PBCC no garantiza la entrega de comunicaciones a trav\u00e9s de Internet, ya que dichas comunicaciones dependen de proveedores de servicios externos. La comunicaci\u00f3n electr\u00f3nica (incluido el correo electr\u00f3nico) es vulnerable a la interceptaci\u00f3n por parte de terceros y el PBCC no garantiza la seguridad o confidencialidad de estas comunicaciones ni la seguridad del Sitio Web.<\/p>\n<p>(c) El PBCC no proporciona, ni tiene control sobre, comunicaciones, redes o servicios, Internet u otra tecnolog\u00eda requerida o utilizada en todo el Sitio Web y no acepta ninguna responsabilidad por cualquier p\u00e9rdida directa o indirecta en cualquier forma asociada con ellos, ya sea debido a congesti\u00f3n, mal funcionamiento t\u00e9cnico, virus o de otra manera.<\/p>\n<p>(d) Los detalles contenidos en el Sitio Web relativos a los servicios se han preparado de conformidad con la legislaci\u00f3n australiana y pueden no satisfacer las leyes de otro pa\u00eds. El PBCC no garantiza que el Sitio Web y su contenido cumplan con las leyes de cualquier otro pa\u00eds. Es su responsabilidad determinar si el Sitio web y su contenido cumplen con las leyes de su jurisdicci\u00f3n.<\/p>\n<p>(e) Si accede y utiliza este sitio web o su contenido desde fuera de Australia, lo hace bajo su propio riesgo.<\/p>\n<p><strong>5. Privacidad<\/strong><\/p>\n<p>Cualquier informaci\u00f3n personal enviada por usted al PBCC est\u00e1 sujeta y se manejar\u00e1 de acuerdo con la pol\u00edtica de privacidad del PBCC (Pol\u00edtica de privacidad). La Pol\u00edtica de Privacidad forma parte de estos T\u00e9rminos y se establece en www.plymouthbrethrenchristianchurch.org\/privacy-policy\/. Usted acepta que, al utilizar el Sitio Web o comunicarse con el PBCC, ha le\u00eddo la Pol\u00edtica de Privacidad, entendido su contenido y dado su consentimiento a sus requisitos.<\/p>\n<p><strong>6. Propiedad intelectual<\/strong><\/p>\n<p>(a) Todos los derechos de propiedad intelectual, incluidos los derechos de autor y patentes, en el Sitio Web, los servicios del PBCC y todos los componentes de los mismas son propiedad o licencia del PBCC o de cualquiera de sus entidades relacionadas. No debe copiar, modificar ni transmitir ninguna parte del Sitio Web.<\/p>\n<p>(b) El Sitio Web contiene marcas comerciales, logotipos, nombres de servicios y nombres comerciales del PBCC o de terceros que puedan estar registrados o protegidos por la ley. No se le permite utilizar ninguna marca comercial, logotipo, nombre de servicio o nombre comercial que aparezca en el Sitio web.<\/p>\n<p><strong>7. Licencia y uso del sitio web<\/strong><\/p>\n<p>Sujeto a las restricciones especificadas en la cl\u00e1usula 8, el PBCC le otorga una licencia no exclusiva e intransferible para utilizar el Sitio Web para su propio uso personal. No puede descargar (excepto el almacenamiento en cach\u00e9 de la p\u00e1gina) ni modificar el sitio web o cualquier parte del sitio web. Cualquier Contenido que publique en el Sitio Web o que proporcione o comunique de otro modo al PBCC ser\u00e1 tratado como informaci\u00f3n no confidencial y no propietaria.<\/p>\n<p><strong>8. Usos prohibidos<\/strong><\/p>\n<p>Al utilizar el Sitio Web no debe:<\/p>\n<p>(a) participar en cualquier actividad comercial, incluida la comercializaci\u00f3n, publicidad o promoci\u00f3n comercial de bienes o servicios, revender, recopilar y utilizar cualquier lista de productos o precios en beneficio de otros comerciantes, minas de datos o utilizar robots u otros m\u00e9todos de recopilaci\u00f3n de datos;<\/p>\n<p>(b) hacerse pasar por un hacerse pasar por un delito o afirmar falsamente representar a una persona u organizaci\u00f3n;<\/p>\n<p>(c) difamar, abusar, acechar, acosar, amenazar o violar los derechos legales de otros, incluidos, entre otros, los derechos relacionados con la privacidad y la publicidad;<\/p>\n<p>(d) publicar, enlazar o comunicar o distribuir de otro modo cualquier material o informaci\u00f3n inapropiado, profano, difamatorio, infractor, obsceno, indecente o ilegal, o utilizar de otro modo el Sitio Web de una manera que sea ilegal o infrinja los derechos de otra persona, incluidos los derechos de propiedad intelectual; O<\/p>\n<p>(e) publicar, vincular o distribuir de otro modo cualquier informaci\u00f3n, material o art\u00edculo que contenga un virus, caballo de Troya, gusano u otro componente da\u00f1ino o disruptivo.<\/p>\n<p><strong>9. Exenci\u00f3n de garant\u00edas y limitaci\u00f3n de responsabilidad<\/strong><\/p>\n<p>(a) Nada en estos T\u00e9rminos excluye, restringe o modifica cualquier garant\u00eda, derecho o recurso del consumidor que le haya conferido la ACL, o cualquier otra ley aplicable que no pueda ser excluida, restringida o modificada por acuerdo.<\/p>\n<p>(b) En la medida permitida por la ley (incluida la ACL), el PBCC excluye todas las garant\u00edas, ya sean expresas o impl\u00edcitas, incluidas las garant\u00edas o representaciones relativas a la disponibilidad del sitio web, la calidad, la integridad, la exactitud, la idoneidad, la aceptabilidad o la idoneidad para el prop\u00f3sito en relaci\u00f3n con el Contenido, todos los enlaces hacia o desde el Contenido y los servicios anunciados o accesibles mediante el Contenido.<\/p>\n<p>(c) En la medida permitida por la ley (incluida la ACL), la responsabilidad del PBCC con respecto a cualquier garant\u00eda o condici\u00f3n no excluyente relacionada con el Contenido, todos los enlaces hacia o desde el Contenido y los servicios anunciados o accesibles utilizando el contenido se limita a reabastecer el contenido relevante o el costo razonable de reabastecer el contenido relevante, lo que el PBCce considere apropiado para proporcionar.<\/p>\n<p>(d) Para todas las dem\u00e1s reclamaciones o responsabilidades, y en la medida permitida por la ley, la responsabilidad m\u00e1xima del PBCC y sus empleados, agentes o contratistas por cualquier p\u00e9rdida, da\u00f1o, reclamaci\u00f3n, costo o gasto que surja de o en relaci\u00f3n con estos t\u00e9rminos, el Contenido, todos los enlaces hacia o desde el Contenido y los servicios anunciados o accesibles utilizando el contenido ser\u00e1n $10 en el agregado de todas las reclamaciones.<\/p>\n<p>(e) En la medida permitida por la ley (incluida la ACL), el PBCC no ser\u00e1 responsable de ninguna p\u00e9rdida directa o indirecta de beneficios, eliminaci\u00f3n o corrupci\u00f3n de informaci\u00f3n almacenada electr\u00f3nica o digitalmente, o da\u00f1os incidentales, consecuentes o especiales que surjan de o en relaci\u00f3n con el Contenido, todos los enlaces hacia o desde el Contenido y los servicios anunciados o accesibles utilizando el Contenido.<\/p>\n<p><strong>10. Indemnizaci\u00f3n<\/strong><\/p>\n<p>Usted indemnizar\u00e1 plenamente al PBCC con respecto a todas las p\u00e9rdidas, da\u00f1os, costos, gastos (incluidos los honorarios legales sobre una base de indemnizaci\u00f3n completa), multas, sanciones, reclamaciones, demandas y procedimientos que surjan, ya sea de derecho com\u00fan (incluyendo negligencia) o bajo estatuto, en relaci\u00f3n con cualquiera de los siguientes:<\/p>\n<p>(a) cualquier incumplimiento de estos T\u00e9rminos por su parte;<\/p>\n<p>(b) su uso del Sitio Web; O<\/p>\n<p>(c) sus comunicaciones con el PBCC.<\/p>\n<p><strong>11. Jurisdicci\u00f3n y derecho<\/strong><\/p>\n<p>Estos T\u00e9rminos se rigen y deben interpretarse de acuerdo con las leyes del Estado de Nueva Gales del Sur, Australia. Usted se somete a la jurisdicci\u00f3n exclusiva de los tribunales de ese Estado y de la Commonwealth de Australia con respecto a todos los asuntos que surjan de o relacionados con estos T\u00e9rminos, su desempe\u00f1o y el objeto.<\/p>\n<p><strong>12. Divisibilidad<\/strong><\/p>\n<p>Cada disposici\u00f3n de estos T\u00e9rminos es separable de los dem\u00e1s y ninguna renuncia a una disposici\u00f3n afectar\u00e1 a ninguna otra disposici\u00f3n.<\/p>\n<p><strong>13. Contactar con nosotros<\/strong><\/p>\n<p>Si tiene preguntas sobre el Sitio web, los T\u00e9rminos o la Pol\u00edtica de privacidad, <a href=\"https:\/\/www.plymouthbrethrenchristianchurch.org\/contact\/\">p\u00f3ngase en contacto con nosotros.<\/a><\/p>\n","enable_button":true,"button":{"button_text":"","button_url":"","open_in_new_tab":false,"button_class":""},"class":""}],"columns_sm":"8","columns_md":"none","columns_lg":"8"},{"module":false,"columns_sm":"4","columns_md":"none","columns_lg":"4"}],"row_class":"","module_padding":{"":null,"padding_top_xs":"","padding_bottom_xs":"","padding_left_xs":"","padding_right_xs":"","padding_top_md":"","padding_bottom_md":"","padding_left_md":"","padding_right_md":"","padding_top_lg":"","padding_bottom_lg":"","padding_left_lg":"","padding_right_lg":""},"module_margin":{"":null,"margin_top_xs":"","margin_bottom_xs":"","margin_left_xs":"","margin_right_xs":"","margin_top_md":"","margin_bottom_md":"","margin_left_md":"","margin_right_md":"","margin_top_lg":"","margin_bottom_lg":"","margin_left_lg":"","margin_right_lg":""}}],"section_heading":"","section_class":"","module_padding":{"":null,"padding_top_xs":"","padding_bottom_xs":"","padding_left_xs":"","padding_right_xs":"","padding_top_md":"","padding_bottom_md":"","padding_left_md":"","padding_right_md":"","padding_top_lg":"","padding_bottom_lg":"","padding_left_lg":"","padding_right_lg":""},"module_margin":{"":null,"margin_top_xs":"","margin_bottom_xs":"","margin_left_xs":"","margin_right_xs":"","margin_top_md":"","margin_bottom_md":"","margin_left_md":"","margin_right_md":"","margin_top_lg":"","margin_bottom_lg":"","margin_left_lg":"","margin_right_lg":""}}]},"yoast_head":"<!-- This site is optimized with the Yoast SEO plugin v25.2 - https:\/\/yoast.com\/wordpress\/plugins\/seo\/ -->\n<title>T\u00e9rminos y condiciones | Plymouth Brethren Christian Church<\/title>\n<meta name=\"description\" content=\"Visit the T\u00e9rminos y condiciones page on the website of the Plymouth Brethren Christian Church, a Christian fellowship based on the Holy Bible as the Word of God.\" \/>\n<meta name=\"robots\" content=\"index, follow, max-snippet:-1, max-image-preview:large, max-video-preview:-1\" \/>\n<link rel=\"canonical\" href=\"https:\/\/www.plymouthbrethrenchristianchurch.org\/es\/terminos-y-condiciones\/\" \/>\n<meta property=\"og:locale\" content=\"es_ES\" \/>\n<meta property=\"og:type\" content=\"article\" \/>\n<meta property=\"og:title\" content=\"T\u00e9rminos y condiciones | Plymouth Brethren Christian Church\" \/>\n<meta property=\"og:description\" content=\"Visit the T\u00e9rminos y condiciones page on the website of the Plymouth Brethren Christian Church, a Christian fellowship based on the Holy Bible as the Word of God.\" \/>\n<meta property=\"og:url\" content=\"https:\/\/www.plymouthbrethrenchristianchurch.org\/es\/terminos-y-condiciones\/\" \/>\n<meta property=\"og:site_name\" content=\"Plymouth Brethren Christian Church\" \/>\n<meta property=\"article:publisher\" content=\"https:\/\/www.facebook.com\/PlymouthBrethrenChristianChurch\" \/>\n<meta property=\"article:modified_time\" content=\"2025-06-17T15:09:07+00:00\" \/>\n<meta name=\"twitter:card\" content=\"summary_large_image\" \/>\n<script type=\"application\/ld+json\" class=\"yoast-schema-graph\">{\"@context\":\"https:\/\/schema.org\",\"@graph\":[{\"@type\":\"WebPage\",\"@id\":\"https:\/\/www.plymouthbrethrenchristianchurch.org\/es\/terminos-y-condiciones\/\",\"url\":\"https:\/\/www.plymouthbrethrenchristianchurch.org\/es\/terminos-y-condiciones\/\",\"name\":\"T\u00e9rminos y condiciones | Plymouth Brethren Christian Church\",\"isPartOf\":{\"@id\":\"https:\/\/www.plymouthbrethrenchristianchurch.org\/#website\"},\"datePublished\":\"2020-05-21T15:24:09+00:00\",\"dateModified\":\"2025-06-17T15:09:07+00:00\",\"description\":\"Visit the T\u00e9rminos y condiciones page on the website of the Plymouth Brethren Christian Church, a Christian fellowship based on the Holy Bible as the Word of God.\",\"breadcrumb\":{\"@id\":\"https:\/\/www.plymouthbrethrenchristianchurch.org\/es\/terminos-y-condiciones\/#breadcrumb\"},\"inLanguage\":\"es\",\"potentialAction\":[{\"@type\":\"ReadAction\",\"target\":[\"https:\/\/www.plymouthbrethrenchristianchurch.org\/es\/terminos-y-condiciones\/\"]}]},{\"@type\":\"BreadcrumbList\",\"@id\":\"https:\/\/www.plymouthbrethrenchristianchurch.org\/es\/terminos-y-condiciones\/#breadcrumb\",\"itemListElement\":[{\"@type\":\"ListItem\",\"position\":1,\"name\":\"Home\",\"item\":\"https:\/\/www.plymouthbrethrenchristianchurch.org\/es\/casa\/\"},{\"@type\":\"ListItem\",\"position\":2,\"name\":\"T\u00e9rminos y condiciones\"}]},{\"@type\":\"WebSite\",\"@id\":\"https:\/\/www.plymouthbrethrenchristianchurch.org\/#website\",\"url\":\"https:\/\/www.plymouthbrethrenchristianchurch.org\/\",\"name\":\"Plymouth Brethren Christian Church\",\"description\":\"\",\"publisher\":{\"@id\":\"https:\/\/www.plymouthbrethrenchristianchurch.org\/#organization\"},\"potentialAction\":[{\"@type\":\"SearchAction\",\"target\":{\"@type\":\"EntryPoint\",\"urlTemplate\":\"https:\/\/www.plymouthbrethrenchristianchurch.org\/?s={search_term_string}\"},\"query-input\":{\"@type\":\"PropertyValueSpecification\",\"valueRequired\":true,\"valueName\":\"search_term_string\"}}],\"inLanguage\":\"es\"},{\"@type\":\"Organization\",\"@id\":\"https:\/\/www.plymouthbrethrenchristianchurch.org\/#organization\",\"name\":\"Plymouth Brethren Christian Church\",\"url\":\"https:\/\/www.plymouthbrethrenchristianchurch.org\/\",\"logo\":{\"@type\":\"ImageObject\",\"inLanguage\":\"es\",\"@id\":\"https:\/\/www.plymouthbrethrenchristianchurch.org\/#\/schema\/logo\/image\/\",\"url\":\"https:\/\/www.plymouthbrethrenchristianchurch.org\/wp-content\/uploads\/2020\/05\/site-logo.svg\",\"contentUrl\":\"https:\/\/www.plymouthbrethrenchristianchurch.org\/wp-content\/uploads\/2020\/05\/site-logo.svg\",\"caption\":\"Plymouth Brethren Christian Church\"},\"image\":{\"@id\":\"https:\/\/www.plymouthbrethrenchristianchurch.org\/#\/schema\/logo\/image\/\"},\"sameAs\":[\"https:\/\/www.facebook.com\/PlymouthBrethrenChristianChurch\",\"https:\/\/www.youtube.com\/channel\/UC76fGueDJBbLvhs988yTBXQ\",\"https:\/\/www.pinterest.com.au\/plymouthbcc\/\"]}]}<\/script>\n<!-- \/ Yoast SEO plugin. -->","yoast_head_json":{"title":"T\u00e9rminos y condiciones | Plymouth Brethren Christian Church","description":"Visit the T\u00e9rminos y condiciones page on the website of the Plymouth Brethren Christian Church, a Christian fellowship based on the Holy Bible as the Word of God.","robots":{"index":"index","follow":"follow","max-snippet":"max-snippet:-1","max-image-preview":"max-image-preview:large","max-video-preview":"max-video-preview:-1"},"canonical":"https:\/\/www.plymouthbrethrenchristianchurch.org\/es\/terminos-y-condiciones\/","og_locale":"es_ES","og_type":"article","og_title":"T\u00e9rminos y condiciones | Plymouth Brethren Christian Church","og_description":"Visit the T\u00e9rminos y condiciones page on the website of the Plymouth Brethren Christian Church, a Christian fellowship based on the Holy Bible as the Word of God.","og_url":"https:\/\/www.plymouthbrethrenchristianchurch.org\/es\/terminos-y-condiciones\/","og_site_name":"Plymouth Brethren Christian Church","article_publisher":"https:\/\/www.facebook.com\/PlymouthBrethrenChristianChurch","article_modified_time":"2025-06-17T15:09:07+00:00","twitter_card":"summary_large_image","schema":{"@context":"https:\/\/schema.org","@graph":[{"@type":"WebPage","@id":"https:\/\/www.plymouthbrethrenchristianchurch.org\/es\/terminos-y-condiciones\/","url":"https:\/\/www.plymouthbrethrenchristianchurch.org\/es\/terminos-y-condiciones\/","name":"T\u00e9rminos y condiciones | Plymouth Brethren Christian Church","isPartOf":{"@id":"https:\/\/www.plymouthbrethrenchristianchurch.org\/#website"},"datePublished":"2020-05-21T15:24:09+00:00","dateModified":"2025-06-17T15:09:07+00:00","description":"Visit the T\u00e9rminos y condiciones page on the website of the Plymouth Brethren Christian Church, a Christian fellowship based on the Holy Bible as the Word of God.","breadcrumb":{"@id":"https:\/\/www.plymouthbrethrenchristianchurch.org\/es\/terminos-y-condiciones\/#breadcrumb"},"inLanguage":"es","potentialAction":[{"@type":"ReadAction","target":["https:\/\/www.plymouthbrethrenchristianchurch.org\/es\/terminos-y-condiciones\/"]}]},{"@type":"BreadcrumbList","@id":"https:\/\/www.plymouthbrethrenchristianchurch.org\/es\/terminos-y-condiciones\/#breadcrumb","itemListElement":[{"@type":"ListItem","position":1,"name":"Home","item":"https:\/\/www.plymouthbrethrenchristianchurch.org\/es\/casa\/"},{"@type":"ListItem","position":2,"name":"T\u00e9rminos y condiciones"}]},{"@type":"WebSite","@id":"https:\/\/www.plymouthbrethrenchristianchurch.org\/#website","url":"https:\/\/www.plymouthbrethrenchristianchurch.org\/","name":"Plymouth Brethren Christian Church","description":"","publisher":{"@id":"https:\/\/www.plymouthbrethrenchristianchurch.org\/#organization"},"potentialAction":[{"@type":"SearchAction","target":{"@type":"EntryPoint","urlTemplate":"https:\/\/www.plymouthbrethrenchristianchurch.org\/?s={search_term_string}"},"query-input":{"@type":"PropertyValueSpecification","valueRequired":true,"valueName":"search_term_string"}}],"inLanguage":"es"},{"@type":"Organization","@id":"https:\/\/www.plymouthbrethrenchristianchurch.org\/#organization","name":"Plymouth Brethren Christian Church","url":"https:\/\/www.plymouthbrethrenchristianchurch.org\/","logo":{"@type":"ImageObject","inLanguage":"es","@id":"https:\/\/www.plymouthbrethrenchristianchurch.org\/#\/schema\/logo\/image\/","url":"https:\/\/www.plymouthbrethrenchristianchurch.org\/wp-content\/uploads\/2020\/05\/site-logo.svg","contentUrl":"https:\/\/www.plymouthbrethrenchristianchurch.org\/wp-content\/uploads\/2020\/05\/site-logo.svg","caption":"Plymouth Brethren Christian Church"},"image":{"@id":"https:\/\/www.plymouthbrethrenchristianchurch.org\/#\/schema\/logo\/image\/"},"sameAs":["https:\/\/www.facebook.com\/PlymouthBrethrenChristianChurch","https:\/\/www.youtube.com\/channel\/UC76fGueDJBbLvhs988yTBXQ","https:\/\/www.pinterest.com.au\/plymouthbcc\/"]}]}},"_links":{"self":[{"href":"https:\/\/www.plymouthbrethrenchristianchurch.org\/es\/wp-json\/wp\/v2\/pages\/2930"}],"collection":[{"href":"https:\/\/www.plymouthbrethrenchristianchurch.org\/es\/wp-json\/wp\/v2\/pages"}],"about":[{"href":"https:\/\/www.plymouthbrethrenchristianchurch.org\/es\/wp-json\/wp\/v2\/types\/page"}],"author":[{"embeddable":true,"href":"https:\/\/www.plymouthbrethrenchristianchurch.org\/es\/wp-json\/wp\/v2\/users\/2"}],"replies":[{"embeddable":true,"href":"https:\/\/www.plymouthbrethrenchristianchurch.org\/es\/wp-json\/wp\/v2\/comments?post=2930"}],"version-history":[{"count":2,"href":"https:\/\/www.plymouthbrethrenchristianchurch.org\/es\/wp-json\/wp\/v2\/pages\/2930\/revisions"}],"predecessor-version":[{"id":8007,"href":"https:\/\/www.plymouthbrethrenchristianchurch.org\/es\/wp-json\/wp\/v2\/pages\/2930\/revisions\/8007"}],"wp:attachment":[{"href":"https:\/\/www.plymouthbrethrenchristianchurch.org\/es\/wp-json\/wp\/v2\/media?parent=2930"}],"curies":[{"name":"wp","href":"https:\/\/api.w.org\/{rel}","templated":true}]}}