{"id":2936,"date":"2020-05-22T01:42:21","date_gmt":"2020-05-21T15:42:21","guid":{"rendered":"https:\/\/www.plymouthbrethrenchristianchurch.org\/politica-de-privacidad\/"},"modified":"2025-06-18T01:09:19","modified_gmt":"2025-06-17T15:09:19","slug":"politica-de-privacidad","status":"publish","type":"page","link":"https:\/\/www.plymouthbrethrenchristianchurch.org\/es\/politica-de-privacidad\/","title":{"rendered":"Pol\u00edtica de privacidad"},"content":{"rendered":"","protected":false},"excerpt":{"rendered":"","protected":false},"author":2,"featured_media":0,"parent":0,"menu_order":16,"comment_status":"closed","ping_status":"closed","template":"page-templates\/acf-flexible-content.php","meta":{"_acf_changed":false,"_relevanssi_hide_post":"","_relevanssi_hide_content":"","_relevanssi_pin_for_all":"","_relevanssi_pin_keywords":"","_relevanssi_unpin_keywords":"","_relevanssi_related_keywords":"","_relevanssi_related_include_ids":"","_relevanssi_related_exclude_ids":"","_relevanssi_related_no_append":"","_relevanssi_related_not_related":"","_relevanssi_related_posts":"","_relevanssi_noindex_reason":"","inline_featured_image":false,"footnotes":""},"class_list":["post-2936","page","type-page","status-publish","hentry"],"acf":{"post_page_video":"","content":[{"acf_fc_layout":"page_header_with_links","override_title":false,"custom_title":"T\u00edtulo de la prueba","intro_text":"<p>Plymouth Hermanos Iglesia Cristiana ACN 158 542 075 Pol\u00edtica de Privacidad<\/p>\n","enable_button":true,"button":{"button_text":"","button_url":"","open_in_new_tab":false,"button_class":""},"link_source":"menu","select_a_menu":{"value":"41","label":"Contacto"},"menu_title":"Enlaces","custom_links":false,"header_styles":{"":null,"background_colour":"#515151","background_image":1850,"text_colour":"white"},"row_class":""},{"acf_fc_layout":"module_section","row":[{"column_gap":"6","column":[{"module":[{"acf_fc_layout":"rich_media_block","image":false,"header":{"":null,"title":"","heading_level":"h2","header_styles":{"":null,"background_colour":"","background_image":false,"text_colour":"orange"},"make_separator":false},"content":"<p><strong>Plymouth Brethren Christian Church ACN 158 542 075 (denominado PBCC, nosotros o nuestro) est\u00e1 comprometido con la protecci\u00f3n de su informaci\u00f3n personal de acuerdo con los Principios de Privacidad australianos establecidos en la Ley de Privacidad de 1988 (Cth).<\/strong><\/p>\n<p>Esta Pol\u00edtica de privacidad describe la forma en que PBCC recopila, reta y utiliza la Informaci\u00f3n Personal. Si desea realizar alguna consulta con respecto a esta Pol\u00edtica de Privacidad, debe comunicarse con el Oficial de Privacidad de PBCC de cualquiera de las formas especificadas en la cl\u00e1usula 9.1.<\/p>\n<p>El PBCC puede, de vez en cuando, revisar y actualizar esta Pol\u00edtica de Privacidad, incluyendo, para tener en cuenta nuevas leyes, regulaciones y tecnolog\u00eda. Toda la informaci\u00f3n personal en poder de PBCC se regir\u00e1 por su Pol\u00edtica de privacidad m\u00e1s reciente, publicada en nuestro sitio web www.plymouthbrethrenchristianchurch.org Nuestra Pol\u00edtica de privacidad m\u00e1s reciente se aplicar\u00e1 a nuestra recopilaci\u00f3n, uso y divulgaci\u00f3n de informaci\u00f3n personal.<\/p>\n<p><strong>1. \u00bfQu\u00e9 es \u00abInformaci\u00f3n Personal\u00bb<\/strong><\/p>\n<p>1.1 \u00abInformaci\u00f3n Personal\u00bb es cualquier informaci\u00f3n u opini\u00f3n sobre una persona, sea verdadera o no, de la cual esa persona pueda ser identificada.<\/p>\n<p><strong>2. \u00bfCu\u00e1ndo recopilamos informaci\u00f3n personal?<\/strong><\/p>\n<p>2.1 El PBCC recopila informaci\u00f3n personal para permitirle llevar a cabo sus funciones, prestar servicios y comercializar sus productos. PBCC puede recopilar informaci\u00f3n personal como su nombre, datos de contacto (incluidos personales o de trabajo) y ocupaci\u00f3n cuando visita nuestro sitio web o se comunica con nosotros por tel\u00e9fono, fax, correo electr\u00f3nico, correo postal o rellenando el formulario de contacto en nuestro sitio web.<\/p>\n<p>2.2 EL PBCC tambi\u00e9n puede recopilar informaci\u00f3n personal sobre usted a trav\u00e9s de terceros, como socios comerciales. Sin embargo, PBCC solo recopilar\u00e1 su informaci\u00f3n personal de esta manera si no es razonable o factible recopilar esta informaci\u00f3n directamente de usted.<\/p>\n<p><strong>3. Informaci\u00f3n recopilada a trav\u00e9s de nuestro sitio web<\/strong><\/p>\n<p>3.1 PBCC no recopilar\u00e1 ninguna informaci\u00f3n personal sobre los usuarios de nuestro sitio web, excepto cuando a sabiendas la proporcionen o como se describe a continuaci\u00f3n. Por ejemplo, PBCC recopilar\u00e1 informaci\u00f3n personal de los usuarios de nuestro sitio web cuando se ponga en contacto con nosotros rellenando el formulario de consulta en nuestro sitio web.<\/p>\n<p><strong>Haga clic en Stream Data<\/strong><\/p>\n<p>3.2 Cuando visita y navega por nuestro sitio web, el anfitri\u00f3n del sitio web de PBCC puede recopilar informaci\u00f3n personal con fines estad\u00edsticos, de informes y de mantenimiento.<\/p>\n<p>3.3 Sujeto a la cl\u00e1usula 3.8, la Informaci\u00f3n Personal recopilada por el anfitri\u00f3n de nuestro sitio web no se utilizar\u00e1 para identificarlo. La informaci\u00f3n puede incluir:<\/p>\n<ul>\n<li>el n\u00famero de usuarios que visitan nuestro sitio web y el n\u00famero de p\u00e1ginas vistas;<\/li>\n<li>la fecha, hora y duraci\u00f3n de una visita;<\/li>\n<li>la direcci\u00f3n IP de su ordenador; O<\/li>\n<li>el camino recorrido a trav\u00e9s de nuestro sitio web.<\/li>\n<\/ul>\n<p>3.4 El anfitri\u00f3n del sitio web del PBCC utiliza esta informaci\u00f3n para administrar y mejorar el rendimiento de nuestro sitio web.<\/p>\n<p><strong>Galletas<\/strong><\/p>\n<p>3.5 Las cookies son peque\u00f1os archivos de texto que un sitio web transfiere al disco duro del ordenador de un usuario con el fin de almacenar informaci\u00f3n sobre la identidad, el tipo de navegador o los patrones de visita del sitio web de un usuario.<\/p>\n<p>3.6 Si accede a nuestro sitio web, se descarga una cookie en el disco duro de su ordenador cuando inicia sesi\u00f3n por primera vez en nuestro sitio web.<\/p>\n<p>3.7 Puede ajustar su navegador de Internet para desactivar las cookies, sin embargo, PBCC puede no ser capaz de proporcionarle todos los servicios o funciones que necesita en nuestro sitio web si decide hacerlo.<\/p>\n<p><strong>Web Beacons<\/strong><\/p>\n<p>3.8 Las balizas web son im\u00e1genes que se originan en un sitio de terceros para realizar un seguimiento de las actividades de los visitantes. PBCC actualmente no utiliza balizas web para rastrear los patrones de visita de las personas que acceden a nuestro sitio web.<\/p>\n<p><strong>4. C\u00f3mo el PBCC utiliza la Informaci\u00f3n Personal que recopila sobre usted<\/strong><\/p>\n<p>4.1 EL PBCC utiliza la Informaci\u00f3n Personal que recopila sobre usted para nuestras funciones y actividades que pueden incluir lo siguiente:<\/p>\n<ul>\n<li>establecer y mantener su participaci\u00f3n con el PBCC;<\/li>\n<li>para proporcionarle informaci\u00f3n, productos o servicios que haya solicitado;<\/li>\n<li>para promocionar nuestros productos y servicios para usted;<\/li>\n<li>para personalizar y personalizar sus experiencias con nuestro sitio web;<\/li>\n<li>para registrarte para eventos, conferencias o promociones;<\/li>\n<li>para ayudar a PBCC a hacer que nuestro sitio web, servicios y productos sean m\u00e1s valiosos para nuestros miembros y la comunidad en general;<\/li>\n<li>para comunicarse con usted;<\/li>\n<li>para proporcionarle informaci\u00f3n continua sobre el PBCC en la que el PBCC cree que puede estar interesado;<\/li>\n<li>para darle la oportunidad de recibir de vez en cuando correos electr\u00f3nicos y \u00abboletines electr\u00f3nicos\u00bb del PBCC.<\/li>\n<\/ul>\n<p>4.2 PBCC puede recopilar y utilizar su informaci\u00f3n personal para otros fines no mencionados anteriormente. Si lo hacemos, se lo haremos saber en el momento en que recopilemos y\/o usemos su Informaci\u00f3n Personal.<\/p>\n<p>4.3 PBCC solo recopilar\u00e1 y utilizar\u00e1 su Informaci\u00f3n Personal de acuerdo con esta Pol\u00edtica de Privacidad.<\/p>\n<p>4.4 Si decide no proporcionar su informaci\u00f3n personal a PBCC para los fines establecidos en esta Pol\u00edtica de privacidad, es posible que no podamos proporcionarle la informaci\u00f3n, los productos o los servicios solicitados.<\/p>\n<p><strong>5. A qui\u00e9n divulgamos su informaci\u00f3n personal<\/strong><\/p>\n<p>5.1 Dependiendo de la naturaleza de su compromiso con el PBCC, podemos divulgar su informaci\u00f3n personal a entidades relacionadas del PBCC, terceros que proporcionan productos y servicios a PBCC o directamente a usted (a petici\u00f3n suya), casas de cumplimiento, distribuidores y otros terceros como su(s) \u00e1rbitro(s).<\/p>\n<p>5.2 PBCC tambi\u00e9n puede divulgar su informaci\u00f3n personal a nuestro anfitri\u00f3n del sitio web o proveedores de aplicaciones de software en ciertas circunstancias limitadas, por ejemplo, cuando nuestro sitio web experimenta un problema t\u00e9cnico o para asegurarse de que funciona de una manera eficaz y segura.<\/p>\n<p>5.3 EL PBCC puede divulgar su Informaci\u00f3n Personal a entidades que se encuentran en pa\u00edses extranjeros \u00fanicamente para los fines establecidos en esta Pol\u00edtica de Privacidad. PBCC puede divulgar su informaci\u00f3n personal a organizaciones que se encuentran en pa\u00edses extranjeros \u00fanicamente para los fines establecidos en esta Pol\u00edtica de privacidad, siempre que dicha divulgaci\u00f3n est\u00e9 permitida por los Principios de Privacidad de Australia. Los Principios de Privacidad de Australia permiten la divulgaci\u00f3n a una persona en un pa\u00eds extranjero donde el PBCC cree razonablemente que el destinatario de la informaci\u00f3n est\u00e1 sujeto a un esquema o contrato legal que defiende efectivamente los principios para el manejo justo de la informaci\u00f3n que son sustancialmente similares a los Principios de Privacidad de Australia. Es probable que los pa\u00edses extranjeros en los que se pueda divulgar informaci\u00f3n sean Nueva Zelanda, Estados Unidos, Reino Unido, Canad\u00e1, Argentina y el Caribe.<\/p>\n<p><strong>6. Marketing<\/strong><\/p>\n<p>6.1 EL PBCC puede utilizar su informaci\u00f3n personal para proporcionarle material promocional sobre el PBCC o los servicios y productos ofrecidos por EL PBCC. Si no desea recibir informaci\u00f3n promocional, puede ponerse en contacto con nuestro Oficial de Privacidad de cualquiera de las formas especificadas en la cl\u00e1usula 9.1, para que su nombre pueda ser eliminado de nuestras listas de contactos.<\/p>\n<p>6.2 A menos que se especifique lo contrario en esta Pol\u00edtica de privacidad, el anfitri\u00f3n del sitio web del PBCC o del PBCC no divulgar\u00e1 ninguna de sus informaciones personales a ninguna otra organizaci\u00f3n a menos que la divulgaci\u00f3n sea requerida por la ley o est\u00e9 permitida de otro modo por los Principios de Privacidad de Australia.<\/p>\n<p><strong>7. Averiguar qu\u00e9 informaci\u00f3n personal tiene PBCC sobre usted<\/strong><\/p>\n<p>7.1 Usted tiene derecho a acceder a la Informaci\u00f3n Personal que PBCC tiene sobre usted. Si solicita acceso a su Informaci\u00f3n Personal, concederemos su solicitud a menos que proporcionarle acceso afecte injustificadamente a la privacidad de otros o no est\u00e9 permitido de otro modo bajo los Principios de Privacidad de Australia. Si PBCC rechaza su solicitud de acceso a su Informaci\u00f3n Personal, le proporcionar\u00e1 los motivos de la denegaci\u00f3n.<\/p>\n<p>7.2 Se puede solicitar acceso poni\u00e9ndose en contacto con el Oficial de Privacidad del PBCC en cualquiera de las formas especificadas en la cl\u00e1usula 9.1.<\/p>\n<p><strong>8. Actualizaci\u00f3n, almacenamiento y seguridad de la informaci\u00f3n personal en poder del PBCC<\/strong><\/p>\n<p>8.1 EL PBCC tiene como objetivo mantener su informaci\u00f3n personal segura y actualizada. Cualquier Informaci\u00f3n Personal que se recopile a trav\u00e9s de nuestro sitio web o que se retend en los sistemas inform\u00e1ticos del PBCC est\u00e1 protegida por salvaguardias que incluyen protecciones f\u00edsicas, t\u00e9cnicas (por ejemplo, cortafuegos, cifrados SSL para la transmisi\u00f3n de datos, etc.) y m\u00e9todos de procedimiento.<\/p>\n<p>8.2 La informaci\u00f3n personal que mantiene el PBCC en copia impresa se almacena de forma segura en sus instalaciones y solo se divulga o utiliza para los fines descritos en esta Pol\u00edtica de privacidad.<\/p>\n<p>8.3 Puede actualizar su contacto e informaci\u00f3n personal en cualquier momento poni\u00e9ndose en contacto con nuestro Oficial de Privacidad en cualquiera de las formas especificadas en la cl\u00e1usula 9.1. Si encontramos que no tenemos m\u00e1s necesidad de su informaci\u00f3n personal, la eliminaremos de nuestro sistema y destruiremos todo registro de la misma. PBCC da la bienvenida a cualquier cambio en sus datos con el fin de mantener nuestros registros actualizados.<\/p>\n<p><strong>9. Qu\u00e9 hacer si tiene una pregunta, problema o queja sobre el uso que hacemos de su Informaci\u00f3n Personal<\/strong><\/p>\n<p>9.1 Si considera que su privacidad no ha sido respetada o que PBCC se ha realizado de manera incompatible con esta Pol\u00edtica de privacidad con respecto a su informaci\u00f3n personal, o para cualquier otra consulta o comunicaci\u00f3n en relaci\u00f3n con esta Pol\u00edtica de privacidad, p\u00f3ngase en <a href=\"https:\/\/www.plymouthbrethrenchristianchurch.org\/contact\/\">contacto con nosotros.<\/a><\/p>\n","enable_button":true,"button":{"button_text":"","button_url":"","open_in_new_tab":false,"button_class":""},"class":""}],"columns_sm":"8","columns_md":"none","columns_lg":"8"},{"module":false,"columns_sm":"4","columns_md":"none","columns_lg":"4"}],"row_class":"","module_padding":{"":null,"padding_top_xs":"","padding_bottom_xs":"","padding_left_xs":"","padding_right_xs":"","padding_top_md":"","padding_bottom_md":"","padding_left_md":"","padding_right_md":"","padding_top_lg":"","padding_bottom_lg":"","padding_left_lg":"","padding_right_lg":""},"module_margin":{"":null,"margin_top_xs":"","margin_bottom_xs":"","margin_left_xs":"","margin_right_xs":"","margin_top_md":"","margin_bottom_md":"","margin_left_md":"","margin_right_md":"","margin_top_lg":"","margin_bottom_lg":"","margin_left_lg":"","margin_right_lg":""}}],"section_heading":"","section_class":"","module_padding":{"":null,"padding_top_xs":"","padding_bottom_xs":"","padding_left_xs":"","padding_right_xs":"","padding_top_md":"","padding_bottom_md":"","padding_left_md":"","padding_right_md":"","padding_top_lg":"","padding_bottom_lg":"","padding_left_lg":"","padding_right_lg":""},"module_margin":{"":null,"margin_top_xs":"","margin_bottom_xs":"","margin_left_xs":"","margin_right_xs":"","margin_top_md":"","margin_bottom_md":"","margin_left_md":"","margin_right_md":"","margin_top_lg":"","margin_bottom_lg":"","margin_left_lg":"","margin_right_lg":""}}]},"yoast_head":"<!-- This site is optimized with the Yoast SEO plugin v25.2 - https:\/\/yoast.com\/wordpress\/plugins\/seo\/ -->\n<title>Pol\u00edtica de privacidad | Plymouth Brethren Christian Church<\/title>\n<meta name=\"description\" content=\"Visit the Pol\u00edtica de privacidad page on the website of the Plymouth Brethren Christian Church, a Christian fellowship based on the Holy Bible as the Word of God.\" \/>\n<meta name=\"robots\" content=\"index, follow, max-snippet:-1, max-image-preview:large, max-video-preview:-1\" \/>\n<link rel=\"canonical\" href=\"https:\/\/www.plymouthbrethrenchristianchurch.org\/es\/politica-de-privacidad\/\" \/>\n<meta property=\"og:locale\" content=\"es_ES\" \/>\n<meta property=\"og:type\" content=\"article\" \/>\n<meta property=\"og:title\" content=\"Pol\u00edtica de privacidad | Plymouth Brethren Christian Church\" \/>\n<meta property=\"og:description\" content=\"Visit the Pol\u00edtica de privacidad page on the website of the Plymouth Brethren Christian Church, a Christian fellowship based on the Holy Bible as the Word of God.\" \/>\n<meta property=\"og:url\" content=\"https:\/\/www.plymouthbrethrenchristianchurch.org\/es\/politica-de-privacidad\/\" \/>\n<meta property=\"og:site_name\" content=\"Plymouth Brethren Christian Church\" \/>\n<meta property=\"article:publisher\" content=\"https:\/\/www.facebook.com\/PlymouthBrethrenChristianChurch\" \/>\n<meta property=\"article:modified_time\" content=\"2025-06-17T15:09:19+00:00\" \/>\n<meta name=\"twitter:card\" content=\"summary_large_image\" \/>\n<script type=\"application\/ld+json\" class=\"yoast-schema-graph\">{\"@context\":\"https:\/\/schema.org\",\"@graph\":[{\"@type\":\"WebPage\",\"@id\":\"https:\/\/www.plymouthbrethrenchristianchurch.org\/es\/politica-de-privacidad\/\",\"url\":\"https:\/\/www.plymouthbrethrenchristianchurch.org\/es\/politica-de-privacidad\/\",\"name\":\"Pol\u00edtica de privacidad | Plymouth Brethren Christian Church\",\"isPartOf\":{\"@id\":\"https:\/\/www.plymouthbrethrenchristianchurch.org\/#website\"},\"datePublished\":\"2020-05-21T15:42:21+00:00\",\"dateModified\":\"2025-06-17T15:09:19+00:00\",\"description\":\"Visit the Pol\u00edtica de privacidad page on the website of the Plymouth Brethren Christian Church, a Christian fellowship based on the Holy Bible as the Word of God.\",\"breadcrumb\":{\"@id\":\"https:\/\/www.plymouthbrethrenchristianchurch.org\/es\/politica-de-privacidad\/#breadcrumb\"},\"inLanguage\":\"es\",\"potentialAction\":[{\"@type\":\"ReadAction\",\"target\":[\"https:\/\/www.plymouthbrethrenchristianchurch.org\/es\/politica-de-privacidad\/\"]}]},{\"@type\":\"BreadcrumbList\",\"@id\":\"https:\/\/www.plymouthbrethrenchristianchurch.org\/es\/politica-de-privacidad\/#breadcrumb\",\"itemListElement\":[{\"@type\":\"ListItem\",\"position\":1,\"name\":\"Home\",\"item\":\"https:\/\/www.plymouthbrethrenchristianchurch.org\/es\/casa\/\"},{\"@type\":\"ListItem\",\"position\":2,\"name\":\"Pol\u00edtica de privacidad\"}]},{\"@type\":\"WebSite\",\"@id\":\"https:\/\/www.plymouthbrethrenchristianchurch.org\/#website\",\"url\":\"https:\/\/www.plymouthbrethrenchristianchurch.org\/\",\"name\":\"Plymouth Brethren Christian Church\",\"description\":\"\",\"publisher\":{\"@id\":\"https:\/\/www.plymouthbrethrenchristianchurch.org\/#organization\"},\"potentialAction\":[{\"@type\":\"SearchAction\",\"target\":{\"@type\":\"EntryPoint\",\"urlTemplate\":\"https:\/\/www.plymouthbrethrenchristianchurch.org\/?s={search_term_string}\"},\"query-input\":{\"@type\":\"PropertyValueSpecification\",\"valueRequired\":true,\"valueName\":\"search_term_string\"}}],\"inLanguage\":\"es\"},{\"@type\":\"Organization\",\"@id\":\"https:\/\/www.plymouthbrethrenchristianchurch.org\/#organization\",\"name\":\"Plymouth Brethren Christian Church\",\"url\":\"https:\/\/www.plymouthbrethrenchristianchurch.org\/\",\"logo\":{\"@type\":\"ImageObject\",\"inLanguage\":\"es\",\"@id\":\"https:\/\/www.plymouthbrethrenchristianchurch.org\/#\/schema\/logo\/image\/\",\"url\":\"https:\/\/www.plymouthbrethrenchristianchurch.org\/wp-content\/uploads\/2020\/05\/site-logo.svg\",\"contentUrl\":\"https:\/\/www.plymouthbrethrenchristianchurch.org\/wp-content\/uploads\/2020\/05\/site-logo.svg\",\"caption\":\"Plymouth Brethren Christian Church\"},\"image\":{\"@id\":\"https:\/\/www.plymouthbrethrenchristianchurch.org\/#\/schema\/logo\/image\/\"},\"sameAs\":[\"https:\/\/www.facebook.com\/PlymouthBrethrenChristianChurch\",\"https:\/\/www.youtube.com\/channel\/UC76fGueDJBbLvhs988yTBXQ\",\"https:\/\/www.pinterest.com.au\/plymouthbcc\/\"]}]}<\/script>\n<!-- \/ Yoast SEO plugin. -->","yoast_head_json":{"title":"Pol\u00edtica de privacidad | Plymouth Brethren Christian Church","description":"Visit the Pol\u00edtica de privacidad page on the website of the Plymouth Brethren Christian Church, a Christian fellowship based on the Holy Bible as the Word of God.","robots":{"index":"index","follow":"follow","max-snippet":"max-snippet:-1","max-image-preview":"max-image-preview:large","max-video-preview":"max-video-preview:-1"},"canonical":"https:\/\/www.plymouthbrethrenchristianchurch.org\/es\/politica-de-privacidad\/","og_locale":"es_ES","og_type":"article","og_title":"Pol\u00edtica de privacidad | Plymouth Brethren Christian Church","og_description":"Visit the Pol\u00edtica de privacidad page on the website of the Plymouth Brethren Christian Church, a Christian fellowship based on the Holy Bible as the Word of God.","og_url":"https:\/\/www.plymouthbrethrenchristianchurch.org\/es\/politica-de-privacidad\/","og_site_name":"Plymouth Brethren Christian Church","article_publisher":"https:\/\/www.facebook.com\/PlymouthBrethrenChristianChurch","article_modified_time":"2025-06-17T15:09:19+00:00","twitter_card":"summary_large_image","schema":{"@context":"https:\/\/schema.org","@graph":[{"@type":"WebPage","@id":"https:\/\/www.plymouthbrethrenchristianchurch.org\/es\/politica-de-privacidad\/","url":"https:\/\/www.plymouthbrethrenchristianchurch.org\/es\/politica-de-privacidad\/","name":"Pol\u00edtica de privacidad | Plymouth Brethren Christian Church","isPartOf":{"@id":"https:\/\/www.plymouthbrethrenchristianchurch.org\/#website"},"datePublished":"2020-05-21T15:42:21+00:00","dateModified":"2025-06-17T15:09:19+00:00","description":"Visit the Pol\u00edtica de privacidad page on the website of the Plymouth Brethren Christian Church, a Christian fellowship based on the Holy Bible as the Word of God.","breadcrumb":{"@id":"https:\/\/www.plymouthbrethrenchristianchurch.org\/es\/politica-de-privacidad\/#breadcrumb"},"inLanguage":"es","potentialAction":[{"@type":"ReadAction","target":["https:\/\/www.plymouthbrethrenchristianchurch.org\/es\/politica-de-privacidad\/"]}]},{"@type":"BreadcrumbList","@id":"https:\/\/www.plymouthbrethrenchristianchurch.org\/es\/politica-de-privacidad\/#breadcrumb","itemListElement":[{"@type":"ListItem","position":1,"name":"Home","item":"https:\/\/www.plymouthbrethrenchristianchurch.org\/es\/casa\/"},{"@type":"ListItem","position":2,"name":"Pol\u00edtica de privacidad"}]},{"@type":"WebSite","@id":"https:\/\/www.plymouthbrethrenchristianchurch.org\/#website","url":"https:\/\/www.plymouthbrethrenchristianchurch.org\/","name":"Plymouth Brethren Christian Church","description":"","publisher":{"@id":"https:\/\/www.plymouthbrethrenchristianchurch.org\/#organization"},"potentialAction":[{"@type":"SearchAction","target":{"@type":"EntryPoint","urlTemplate":"https:\/\/www.plymouthbrethrenchristianchurch.org\/?s={search_term_string}"},"query-input":{"@type":"PropertyValueSpecification","valueRequired":true,"valueName":"search_term_string"}}],"inLanguage":"es"},{"@type":"Organization","@id":"https:\/\/www.plymouthbrethrenchristianchurch.org\/#organization","name":"Plymouth Brethren Christian Church","url":"https:\/\/www.plymouthbrethrenchristianchurch.org\/","logo":{"@type":"ImageObject","inLanguage":"es","@id":"https:\/\/www.plymouthbrethrenchristianchurch.org\/#\/schema\/logo\/image\/","url":"https:\/\/www.plymouthbrethrenchristianchurch.org\/wp-content\/uploads\/2020\/05\/site-logo.svg","contentUrl":"https:\/\/www.plymouthbrethrenchristianchurch.org\/wp-content\/uploads\/2020\/05\/site-logo.svg","caption":"Plymouth Brethren Christian Church"},"image":{"@id":"https:\/\/www.plymouthbrethrenchristianchurch.org\/#\/schema\/logo\/image\/"},"sameAs":["https:\/\/www.facebook.com\/PlymouthBrethrenChristianChurch","https:\/\/www.youtube.com\/channel\/UC76fGueDJBbLvhs988yTBXQ","https:\/\/www.pinterest.com.au\/plymouthbcc\/"]}]}},"_links":{"self":[{"href":"https:\/\/www.plymouthbrethrenchristianchurch.org\/es\/wp-json\/wp\/v2\/pages\/2936"}],"collection":[{"href":"https:\/\/www.plymouthbrethrenchristianchurch.org\/es\/wp-json\/wp\/v2\/pages"}],"about":[{"href":"https:\/\/www.plymouthbrethrenchristianchurch.org\/es\/wp-json\/wp\/v2\/types\/page"}],"author":[{"embeddable":true,"href":"https:\/\/www.plymouthbrethrenchristianchurch.org\/es\/wp-json\/wp\/v2\/users\/2"}],"replies":[{"embeddable":true,"href":"https:\/\/www.plymouthbrethrenchristianchurch.org\/es\/wp-json\/wp\/v2\/comments?post=2936"}],"version-history":[{"count":2,"href":"https:\/\/www.plymouthbrethrenchristianchurch.org\/es\/wp-json\/wp\/v2\/pages\/2936\/revisions"}],"predecessor-version":[{"id":8015,"href":"https:\/\/www.plymouthbrethrenchristianchurch.org\/es\/wp-json\/wp\/v2\/pages\/2936\/revisions\/8015"}],"wp:attachment":[{"href":"https:\/\/www.plymouthbrethrenchristianchurch.org\/es\/wp-json\/wp\/v2\/media?parent=2936"}],"curies":[{"name":"wp","href":"https:\/\/api.w.org\/{rel}","templated":true}]}}