{"id":2938,"date":"2020-05-22T01:51:23","date_gmt":"2020-05-21T15:51:23","guid":{"rendered":"https:\/\/www.plymouthbrethrenchristianchurch.org\/politica-de-cookies\/"},"modified":"2025-06-18T01:09:18","modified_gmt":"2025-06-17T15:09:18","slug":"politica-de-cookies","status":"publish","type":"page","link":"https:\/\/www.plymouthbrethrenchristianchurch.org\/es\/politica-de-cookies\/","title":{"rendered":"Pol\u00edtica de cookies"},"content":{"rendered":"","protected":false},"excerpt":{"rendered":"","protected":false},"author":2,"featured_media":0,"parent":0,"menu_order":18,"comment_status":"closed","ping_status":"closed","template":"page-templates\/acf-flexible-content.php","meta":{"_acf_changed":false,"_relevanssi_hide_post":"","_relevanssi_hide_content":"","_relevanssi_pin_for_all":"","_relevanssi_pin_keywords":"","_relevanssi_unpin_keywords":"","_relevanssi_related_keywords":"","_relevanssi_related_include_ids":"","_relevanssi_related_exclude_ids":"","_relevanssi_related_no_append":"","_relevanssi_related_not_related":"","_relevanssi_related_posts":"","_relevanssi_noindex_reason":"","inline_featured_image":false,"footnotes":""},"class_list":["post-2938","page","type-page","status-publish","hentry"],"acf":{"post_page_video":"","content":[{"acf_fc_layout":"page_header_with_links","override_title":false,"custom_title":"T\u00edtulo de la prueba","intro_text":"<p>Plymouth Hermanos Iglesia Cristiana ACN 158 542 075 Pol\u00edtica de Cookies<\/p>\n","enable_button":true,"button":{"button_text":"","button_url":"","open_in_new_tab":false,"button_class":""},"link_source":"menu","select_a_menu":{"value":"41","label":"Contacto"},"menu_title":"Enlaces","custom_links":false,"header_styles":{"":null,"background_colour":"#515151","background_image":1850,"text_colour":"white"},"row_class":""},{"acf_fc_layout":"module_section","row":[{"column_gap":"6","column":[{"module":[{"acf_fc_layout":"rich_media_block","image":false,"header":{"":null,"title":"","heading_level":"h2","header_styles":{"":null,"background_colour":"","background_image":false,"text_colour":"orange"},"make_separator":false},"content":"<p><strong>Al igual que otros sitios web, nuestro sitio web www.plymouthbrethrenchristianchurch.org (el \u00abSitio web\u00bb) utiliza una tecnolog\u00eda llamada \u00abcookies\u00bb y registros del servidor web para recopilar informaci\u00f3n sobre c\u00f3mo se utiliza nuestro sitio web.<\/strong><\/p>\n<p>Esta pol\u00edtica (\u00abPol\u00edtica de Cookies\u00bb), y nuestros T\u00e9rminos de Uso separados y nuestra Pol\u00edtica de Privacidad, conforman nuestro Sitio Web \u00abT\u00e9rminos y Condiciones\u00bb.<\/p>\n<p><strong>Galletas<\/strong><\/p>\n<p>1. Una cookie es un documento de texto muy peque\u00f1o, que a menudo incluye un identificador \u00fanico an\u00f3nimo. Cuando visita un sitio web, el ordenador de ese sitio le pide permiso a su computadora para almacenar este archivo en una parte de su disco duro espec\u00edficamente designada para las cookies.<\/p>\n<p>2. La informaci\u00f3n recopilada a trav\u00e9s de cookies y registros del servidor web puede incluir la fecha y hora de las visitas, las p\u00e1ginas vistas, el tiempo pasado en nuestro sitio web y los sitios web visitados justo antes y justo despu\u00e9s de nuestro sitio web.<\/p>\n<p>3. Para obtener m\u00e1s informaci\u00f3n sobre las cookies, visite www.allaboutcookies.org donde puede encontrar informaci\u00f3n completa sobre la restricci\u00f3n de cookies y el bloqueo para una amplia variedad de navegadores.<\/p>\n<p><strong>C\u00f3mo usamos las cookies<\/strong><\/p>\n<p>1.Utilizamos cookies propias y de terceros. Es decir, tanto nosotros como terceras empresas (por ejemplo, Google) establecemos cookies a trav\u00e9s de este sitio web.<\/p>\n<p>2. Utilizamos cookies \u00abanal\u00edticas\u00bb que, junto con los archivos de registro de nuestro servidor web, nos permiten calcular el n\u00famero total de personas que visitan nuestro sitio web y qu\u00e9 partes del sitio web son m\u00e1s populares. Esto nos ayuda a recopilar comentarios para que podamos mejorar nuestro sitio web y servir mejor a nuestros usuarios y clientes.<\/p>\n<p>3. Generalmente no almacenamos ninguna informaci\u00f3n personal que se recopile a trav\u00e9s de nuestras cookies.<\/p>\n<p>4. A continuaci\u00f3n encontrar\u00e1 una lista completa de nuestras cookies.<\/p>\n<p>Al utilizar nuestro sitio web, se considera que acepta nuestro uso de las cookies descritas anteriormente.<\/p>\n<p><strong>Rechazar las cookies<\/strong><\/p>\n<p>1. Puede bloquear las cookies activando la configuraci\u00f3n de su navegador, que le permite rechazar la configuraci\u00f3n de todas o algunas cookies (consulte a continuaci\u00f3n para obtener m\u00e1s detalles). Tenga en cuenta que si utiliza la configuraci\u00f3n de su navegador para bloquear todas las cookies (incluidas las cookies esenciales), es posible que no pueda acceder a la totalidad o parte de nuestro sitio web.<\/p>\n<p>2. Tambi\u00e9n puede eliminar las cookies en cualquier momento accediendo a la configuraci\u00f3n de navegaci\u00f3n de su navegador web.<\/p>\n<p>3. Para obtener m\u00e1s informaci\u00f3n sobre c\u00f3mo ajustar la configuraci\u00f3n de cookies en los siguientes navegadores, visite el enlace correspondiente:<\/p>\n<ul>\n<li><a href=\"https:\/\/support.google.com\/chrome\/answer\/95647?hl=en\">Google Chrome<\/a><\/li>\n<li><a href=\"https:\/\/support.microsoft.com\/en-au\/help\/4468242\/microsoft-edge-browsing-data-and-privacy\">Microsoft Edge<\/a><\/li>\n<li><a href=\"https:\/\/support.mozilla.org\/en-US\/kb\/cookies-information-websites-store-on-your-computer?redirectlocale=en-US&#038;redirectslug=Cookies\">Firefox<\/a><\/li>\n<li><a href=\"https:\/\/support.apple.com\/en-au\/guide\/safari\/sfri11471\/mac\">Safari<\/a><\/li>\n<li><a href=\"https:\/\/support.microsoft.com\/en-us\/help\/17442\/windows-internet-explorer-delete-manage-cookies\">Internet Explorer<\/a> (tenga en cuenta que Microsoft recomienda actualizar Internet Explorer a su nuevo explorador, Microsoft Edge)<\/li>\n<\/ul>\n<p><strong>Nuestras cookies<\/strong><\/p>\n<p>Aqu\u00ed hay una lista de las cookies que utilizamos, su prop\u00f3sito y cu\u00e1nto tiempo permanecer\u00e1n en su computadora (a menos que las elimine activamente antes).<\/p>\n<ul>\n<li>Nombre de la cookie<\/li>\n<li>Finalidad\u2013 por qu\u00e9 nosotros o terceros establecemos la cookie y lo que hacemos con la informaci\u00f3n recopilada<\/li>\n<li>Duraci\u00f3n \u2013 Cu\u00e1nto tiempo se almacenan las cookies en su computadora<\/li>\n<\/ul>\n<p>1. Google Analytics<\/p>\n<p>Las cookies de Google Analytics se utilizan para diferenciar a un usuario de otro y para pasar informaci\u00f3n de una p\u00e1gina a otra durante la sesi\u00f3n del sitio web de un solo usuario. El seguimiento de Google Analytics (y la mayor\u00eda del software de seguimiento web) utiliza cookies para proporcionar informes significativos sobre los visitantes de nuestro sitio. Sin embargo, las cookies de Google Analytics no recopilan datos personales sobre los visitantes de nuestro sitio web.<\/p>\n<p>Las cookies de sesi\u00f3n tienen un intervalo de tiempo de expiraci\u00f3n de 30 minutos. Sin embargo, las cookies utilizadas para determinar los visitantes \u00fanicos de nuestro sitio caducan 2 a\u00f1os despu\u00e9s de la<\/p>\n","enable_button":true,"button":{"button_text":"","button_url":"","open_in_new_tab":false,"button_class":""},"class":""}],"columns_sm":"8","columns_md":"none","columns_lg":"8"},{"module":false,"columns_sm":"4","columns_md":"none","columns_lg":"4"}],"row_class":"","module_padding":{"":null,"padding_top_xs":"","padding_bottom_xs":"","padding_left_xs":"","padding_right_xs":"","padding_top_md":"","padding_bottom_md":"","padding_left_md":"","padding_right_md":"","padding_top_lg":"","padding_bottom_lg":"","padding_left_lg":"","padding_right_lg":""},"module_margin":{"":null,"margin_top_xs":"","margin_bottom_xs":"","margin_left_xs":"","margin_right_xs":"","margin_top_md":"","margin_bottom_md":"","margin_left_md":"","margin_right_md":"","margin_top_lg":"","margin_bottom_lg":"","margin_left_lg":"","margin_right_lg":""}}],"section_heading":"","section_class":"","module_padding":{"":null,"padding_top_xs":"","padding_bottom_xs":"","padding_left_xs":"","padding_right_xs":"","padding_top_md":"","padding_bottom_md":"","padding_left_md":"","padding_right_md":"","padding_top_lg":"","padding_bottom_lg":"","padding_left_lg":"","padding_right_lg":""},"module_margin":{"":null,"margin_top_xs":"","margin_bottom_xs":"","margin_left_xs":"","margin_right_xs":"","margin_top_md":"","margin_bottom_md":"","margin_left_md":"","margin_right_md":"","margin_top_lg":"","margin_bottom_lg":"","margin_left_lg":"","margin_right_lg":""}}]},"yoast_head":"<!-- This site is optimized with the Yoast SEO plugin v25.2 - https:\/\/yoast.com\/wordpress\/plugins\/seo\/ -->\n<title>Pol\u00edtica de cookies | Plymouth Brethren Christian Church<\/title>\n<meta name=\"description\" content=\"Visit the Pol\u00edtica de cookies page on the website of the Plymouth Brethren Christian Church, a Christian fellowship based on the Holy Bible as the Word of God.\" \/>\n<meta name=\"robots\" content=\"index, follow, max-snippet:-1, max-image-preview:large, max-video-preview:-1\" \/>\n<link rel=\"canonical\" href=\"https:\/\/www.plymouthbrethrenchristianchurch.org\/es\/politica-de-cookies\/\" \/>\n<meta property=\"og:locale\" content=\"es_ES\" \/>\n<meta property=\"og:type\" content=\"article\" \/>\n<meta property=\"og:title\" content=\"Pol\u00edtica de cookies | Plymouth Brethren Christian Church\" \/>\n<meta property=\"og:description\" content=\"Visit the Pol\u00edtica de cookies page on the website of the Plymouth Brethren Christian Church, a Christian fellowship based on the Holy Bible as the Word of God.\" \/>\n<meta property=\"og:url\" content=\"https:\/\/www.plymouthbrethrenchristianchurch.org\/es\/politica-de-cookies\/\" \/>\n<meta property=\"og:site_name\" content=\"Plymouth Brethren Christian Church\" \/>\n<meta property=\"article:publisher\" content=\"https:\/\/www.facebook.com\/PlymouthBrethrenChristianChurch\" \/>\n<meta property=\"article:modified_time\" content=\"2025-06-17T15:09:18+00:00\" \/>\n<meta name=\"twitter:card\" content=\"summary_large_image\" \/>\n<script type=\"application\/ld+json\" class=\"yoast-schema-graph\">{\"@context\":\"https:\/\/schema.org\",\"@graph\":[{\"@type\":\"WebPage\",\"@id\":\"https:\/\/www.plymouthbrethrenchristianchurch.org\/es\/politica-de-cookies\/\",\"url\":\"https:\/\/www.plymouthbrethrenchristianchurch.org\/es\/politica-de-cookies\/\",\"name\":\"Pol\u00edtica de cookies | Plymouth Brethren Christian Church\",\"isPartOf\":{\"@id\":\"https:\/\/www.plymouthbrethrenchristianchurch.org\/#website\"},\"datePublished\":\"2020-05-21T15:51:23+00:00\",\"dateModified\":\"2025-06-17T15:09:18+00:00\",\"description\":\"Visit the Pol\u00edtica de cookies page on the website of the Plymouth Brethren Christian Church, a Christian fellowship based on the Holy Bible as the Word of God.\",\"breadcrumb\":{\"@id\":\"https:\/\/www.plymouthbrethrenchristianchurch.org\/es\/politica-de-cookies\/#breadcrumb\"},\"inLanguage\":\"es\",\"potentialAction\":[{\"@type\":\"ReadAction\",\"target\":[\"https:\/\/www.plymouthbrethrenchristianchurch.org\/es\/politica-de-cookies\/\"]}]},{\"@type\":\"BreadcrumbList\",\"@id\":\"https:\/\/www.plymouthbrethrenchristianchurch.org\/es\/politica-de-cookies\/#breadcrumb\",\"itemListElement\":[{\"@type\":\"ListItem\",\"position\":1,\"name\":\"Home\",\"item\":\"https:\/\/www.plymouthbrethrenchristianchurch.org\/es\/casa\/\"},{\"@type\":\"ListItem\",\"position\":2,\"name\":\"Pol\u00edtica de cookies\"}]},{\"@type\":\"WebSite\",\"@id\":\"https:\/\/www.plymouthbrethrenchristianchurch.org\/#website\",\"url\":\"https:\/\/www.plymouthbrethrenchristianchurch.org\/\",\"name\":\"Plymouth Brethren Christian Church\",\"description\":\"\",\"publisher\":{\"@id\":\"https:\/\/www.plymouthbrethrenchristianchurch.org\/#organization\"},\"potentialAction\":[{\"@type\":\"SearchAction\",\"target\":{\"@type\":\"EntryPoint\",\"urlTemplate\":\"https:\/\/www.plymouthbrethrenchristianchurch.org\/?s={search_term_string}\"},\"query-input\":{\"@type\":\"PropertyValueSpecification\",\"valueRequired\":true,\"valueName\":\"search_term_string\"}}],\"inLanguage\":\"es\"},{\"@type\":\"Organization\",\"@id\":\"https:\/\/www.plymouthbrethrenchristianchurch.org\/#organization\",\"name\":\"Plymouth Brethren Christian Church\",\"url\":\"https:\/\/www.plymouthbrethrenchristianchurch.org\/\",\"logo\":{\"@type\":\"ImageObject\",\"inLanguage\":\"es\",\"@id\":\"https:\/\/www.plymouthbrethrenchristianchurch.org\/#\/schema\/logo\/image\/\",\"url\":\"https:\/\/www.plymouthbrethrenchristianchurch.org\/wp-content\/uploads\/2020\/05\/site-logo.svg\",\"contentUrl\":\"https:\/\/www.plymouthbrethrenchristianchurch.org\/wp-content\/uploads\/2020\/05\/site-logo.svg\",\"caption\":\"Plymouth Brethren Christian Church\"},\"image\":{\"@id\":\"https:\/\/www.plymouthbrethrenchristianchurch.org\/#\/schema\/logo\/image\/\"},\"sameAs\":[\"https:\/\/www.facebook.com\/PlymouthBrethrenChristianChurch\",\"https:\/\/www.youtube.com\/channel\/UC76fGueDJBbLvhs988yTBXQ\",\"https:\/\/www.pinterest.com.au\/plymouthbcc\/\"]}]}<\/script>\n<!-- \/ Yoast SEO plugin. -->","yoast_head_json":{"title":"Pol\u00edtica de cookies | Plymouth Brethren Christian Church","description":"Visit the Pol\u00edtica de cookies page on the website of the Plymouth Brethren Christian Church, a Christian fellowship based on the Holy Bible as the Word of God.","robots":{"index":"index","follow":"follow","max-snippet":"max-snippet:-1","max-image-preview":"max-image-preview:large","max-video-preview":"max-video-preview:-1"},"canonical":"https:\/\/www.plymouthbrethrenchristianchurch.org\/es\/politica-de-cookies\/","og_locale":"es_ES","og_type":"article","og_title":"Pol\u00edtica de cookies | Plymouth Brethren Christian Church","og_description":"Visit the Pol\u00edtica de cookies page on the website of the Plymouth Brethren Christian Church, a Christian fellowship based on the Holy Bible as the Word of God.","og_url":"https:\/\/www.plymouthbrethrenchristianchurch.org\/es\/politica-de-cookies\/","og_site_name":"Plymouth Brethren Christian Church","article_publisher":"https:\/\/www.facebook.com\/PlymouthBrethrenChristianChurch","article_modified_time":"2025-06-17T15:09:18+00:00","twitter_card":"summary_large_image","schema":{"@context":"https:\/\/schema.org","@graph":[{"@type":"WebPage","@id":"https:\/\/www.plymouthbrethrenchristianchurch.org\/es\/politica-de-cookies\/","url":"https:\/\/www.plymouthbrethrenchristianchurch.org\/es\/politica-de-cookies\/","name":"Pol\u00edtica de cookies | Plymouth Brethren Christian Church","isPartOf":{"@id":"https:\/\/www.plymouthbrethrenchristianchurch.org\/#website"},"datePublished":"2020-05-21T15:51:23+00:00","dateModified":"2025-06-17T15:09:18+00:00","description":"Visit the Pol\u00edtica de cookies page on the website of the Plymouth Brethren Christian Church, a Christian fellowship based on the Holy Bible as the Word of God.","breadcrumb":{"@id":"https:\/\/www.plymouthbrethrenchristianchurch.org\/es\/politica-de-cookies\/#breadcrumb"},"inLanguage":"es","potentialAction":[{"@type":"ReadAction","target":["https:\/\/www.plymouthbrethrenchristianchurch.org\/es\/politica-de-cookies\/"]}]},{"@type":"BreadcrumbList","@id":"https:\/\/www.plymouthbrethrenchristianchurch.org\/es\/politica-de-cookies\/#breadcrumb","itemListElement":[{"@type":"ListItem","position":1,"name":"Home","item":"https:\/\/www.plymouthbrethrenchristianchurch.org\/es\/casa\/"},{"@type":"ListItem","position":2,"name":"Pol\u00edtica de cookies"}]},{"@type":"WebSite","@id":"https:\/\/www.plymouthbrethrenchristianchurch.org\/#website","url":"https:\/\/www.plymouthbrethrenchristianchurch.org\/","name":"Plymouth Brethren Christian Church","description":"","publisher":{"@id":"https:\/\/www.plymouthbrethrenchristianchurch.org\/#organization"},"potentialAction":[{"@type":"SearchAction","target":{"@type":"EntryPoint","urlTemplate":"https:\/\/www.plymouthbrethrenchristianchurch.org\/?s={search_term_string}"},"query-input":{"@type":"PropertyValueSpecification","valueRequired":true,"valueName":"search_term_string"}}],"inLanguage":"es"},{"@type":"Organization","@id":"https:\/\/www.plymouthbrethrenchristianchurch.org\/#organization","name":"Plymouth Brethren Christian Church","url":"https:\/\/www.plymouthbrethrenchristianchurch.org\/","logo":{"@type":"ImageObject","inLanguage":"es","@id":"https:\/\/www.plymouthbrethrenchristianchurch.org\/#\/schema\/logo\/image\/","url":"https:\/\/www.plymouthbrethrenchristianchurch.org\/wp-content\/uploads\/2020\/05\/site-logo.svg","contentUrl":"https:\/\/www.plymouthbrethrenchristianchurch.org\/wp-content\/uploads\/2020\/05\/site-logo.svg","caption":"Plymouth Brethren Christian Church"},"image":{"@id":"https:\/\/www.plymouthbrethrenchristianchurch.org\/#\/schema\/logo\/image\/"},"sameAs":["https:\/\/www.facebook.com\/PlymouthBrethrenChristianChurch","https:\/\/www.youtube.com\/channel\/UC76fGueDJBbLvhs988yTBXQ","https:\/\/www.pinterest.com.au\/plymouthbcc\/"]}]}},"_links":{"self":[{"href":"https:\/\/www.plymouthbrethrenchristianchurch.org\/es\/wp-json\/wp\/v2\/pages\/2938"}],"collection":[{"href":"https:\/\/www.plymouthbrethrenchristianchurch.org\/es\/wp-json\/wp\/v2\/pages"}],"about":[{"href":"https:\/\/www.plymouthbrethrenchristianchurch.org\/es\/wp-json\/wp\/v2\/types\/page"}],"author":[{"embeddable":true,"href":"https:\/\/www.plymouthbrethrenchristianchurch.org\/es\/wp-json\/wp\/v2\/users\/2"}],"replies":[{"embeddable":true,"href":"https:\/\/www.plymouthbrethrenchristianchurch.org\/es\/wp-json\/wp\/v2\/comments?post=2938"}],"version-history":[{"count":2,"href":"https:\/\/www.plymouthbrethrenchristianchurch.org\/es\/wp-json\/wp\/v2\/pages\/2938\/revisions"}],"predecessor-version":[{"id":8021,"href":"https:\/\/www.plymouthbrethrenchristianchurch.org\/es\/wp-json\/wp\/v2\/pages\/2938\/revisions\/8021"}],"wp:attachment":[{"href":"https:\/\/www.plymouthbrethrenchristianchurch.org\/es\/wp-json\/wp\/v2\/media?parent=2938"}],"curies":[{"name":"wp","href":"https:\/\/api.w.org\/{rel}","templated":true}]}}