{"id":2965,"date":"2020-03-31T07:08:22","date_gmt":"2020-03-30T21:08:22","guid":{"rendered":"https:\/\/www.plymouthbrethrenchristianchurch.org\/casa\/"},"modified":"2025-09-19T09:23:09","modified_gmt":"2025-09-18T23:23:09","slug":"casa","status":"publish","type":"page","link":"https:\/\/www.plymouthbrethrenchristianchurch.org\/es\/","title":{"rendered":"Casa"},"content":{"rendered":"","protected":false},"excerpt":{"rendered":"","protected":false},"author":1,"featured_media":0,"parent":0,"menu_order":1,"comment_status":"closed","ping_status":"closed","template":"page-templates\/acf-flexible-content.php","meta":{"_acf_changed":false,"_relevanssi_hide_post":"","_relevanssi_hide_content":"","_relevanssi_pin_for_all":"","_relevanssi_pin_keywords":"","_relevanssi_unpin_keywords":"","_relevanssi_related_keywords":"","_relevanssi_related_include_ids":"","_relevanssi_related_exclude_ids":"","_relevanssi_related_no_append":"","_relevanssi_related_not_related":"","_relevanssi_related_posts":"","_relevanssi_noindex_reason":"","inline_featured_image":false,"footnotes":""},"class_list":["post-2965","page","type-page","status-publish","hentry"],"acf":{"post_page_video":"","content":[{"acf_fc_layout":"image_slider","slider_id":3390},{"acf_fc_layout":"module_section","row":[{"column_gap":"4","column":[{"module":[{"acf_fc_layout":"rich_media_block","image":false,"header":{"":null,"title":"","heading_level":"h2","header_styles":{"":null,"background_colour":"","background_image":false,"text_colour":"white"},"make_separator":false},"content":"<p>Establecida hace unos 200 a\u00f1os, la Iglesia Cristiana de los Hermanos de Plymouth (PBCC) fue fundada por John Nelson Darby, uno de los pensadores protestantes m\u00e1s influyentes del siglo XIX.<\/p>\n<p>Hoy en d\u00eda, tenemos poco m\u00e1s de 55.000 miembros en nuestra comunidad. Vivimos en casas normales en calles ordinarias, en pueblos y ciudades de Australia, Nueva Zelanda, Europa, Am\u00e9rica del Norte y del Sur, el Caribe y el Reino Unido. <\/p>\n<p>Nuestros miembros operan sus propios negocios, compran casas, compran localmente, se ofrecen como voluntarios y hacen obras de caridad, pagan impuestos y emplean a muchas personas tanto dentro como fuera de nuestra comunidad.<\/p>\n<p>A lo largo de los a\u00f1os, hemos tenido que adaptarnos. Utilizamos la tecnolog\u00eda para los negocios, la educaci\u00f3n y el hogar. <\/p>\n<p>\u00a0<\/p>\n","enable_button":true,"button":{"button_text":"Conoce a las personas que forman parte de nuestra Comunidad","button_url":{"title":"","url":"https:\/\/www.plymouthbrethrenchristianchurch.org\/home\/our-members\/","target":""},"open_in_new_tab":false,"button_class":""},"class":""}],"columns_sm":"12","columns_md":"12","columns_lg":"8"},{"module":[{"acf_fc_layout":"image_module","header":{"":null,"title":"","heading_level":"h2","header_styles":{"":null,"background_colour":"","background_image":false,"text_colour":"white"},"make_separator":false},"image":6669,"class":"","image_size":"large"}],"columns_sm":"12","columns_md":"12","columns_lg":"4"}],"row_class":"pt-1","module_padding":{"":null,"padding_top_xs":"","padding_bottom_xs":"","padding_left_xs":"","padding_right_xs":"","padding_top_md":"","padding_bottom_md":"","padding_left_md":"","padding_right_md":"","padding_top_lg":"","padding_bottom_lg":"","padding_left_lg":"","padding_right_lg":""},"module_margin":{"":null,"margin_top_xs":"","margin_bottom_xs":"","margin_left_xs":"","margin_right_xs":"","margin_top_md":"","margin_bottom_md":"","margin_left_md":"","margin_right_md":"","margin_top_lg":"","margin_bottom_lg":"","margin_left_lg":"","margin_right_lg":""}}],"section_heading":"Sobre nosotros","section_class":"","module_padding":{"":null,"padding_top_xs":"","padding_bottom_xs":"","padding_left_xs":"","padding_right_xs":"","padding_top_md":"","padding_bottom_md":"","padding_left_md":"","padding_right_md":"","padding_top_lg":"0","padding_bottom_lg":"0","padding_left_lg":"","padding_right_lg":""},"module_margin":{"":null,"margin_top_xs":"","margin_bottom_xs":"","margin_left_xs":"","margin_right_xs":"","margin_top_md":"","margin_bottom_md":"","margin_left_md":"","margin_right_md":"","margin_top_lg":"","margin_bottom_lg":"","margin_left_lg":"","margin_right_lg":""}},{"acf_fc_layout":"article_grid_with_navigation_heading","heading":"Noticia","sub_heading":"","per_page":"6","columns":"3","include_categories":false,"exclude_categories":false,"enable_pagination":true,"background_image":"https:\/\/www.plymouthbrethrenchristianchurch.org\/wp-content\/uploads\/2025\/08\/FooterMap_v2.png","background_color":"#1b2327","heading_colour":"--color-bravo","sub_heading_colour":"--color-bravo","navigation_arrow_colour":"--color-bravo","post_type":"post","display_type":"slider","row_classes":""},{"acf_fc_layout":"content_grid_1_2","section_title":"Conozca a nuestra comunidad","content_row":[{"content_title":"Nos preocupamos por nuestro pr\u00f3jimo y por los necesitados","content_body":"<p><span class=\"TextRun SCXW2313937 BCX8\" lang=\"EN-US\" data-contrast=\"auto\" xml:lang=\"EN-US\"><span class=\"NormalTextRun SCXW2313937 BCX8\">En el coraz\u00f3n de nuestra <\/span><span class=\"NormalTextRun SCXW2313937 BCX8\">Comunidad<\/span><span class=\"NormalTextRun SCXW2313937 BCX8\"><\/span><span class=\"NormalTextRun SCXW2313937 BCX8\">  es un compromiso con el cuidado y la compasi\u00f3n. Dedicamos nuestro tiempo al voluntariado a trav\u00e9s de nuestro brazo caritativo, el   <\/span><\/span><a class=\"Hyperlink SCXW2313937 BCX8\" href=\"http:\/\/www.rrtglobal.org\/\" target=\"_blank\" rel=\"noreferrer noopener\"><span class=\"TextRun Underlined SCXW2313937 BCX8\" lang=\"EN-US\" xml:lang=\"EN-US\" data-contrast=\"auto\"><span class=\"NormalTextRun SCXW2313937 BCX8\" data-ccp-charstyle=\"Hyperlink\">Equipo de Socorro R\u00e1pido (RRT)<\/span><\/span><\/a><span class=\"TextRun SCXW2313937 BCX8\" lang=\"EN-US\" data-contrast=\"auto\" xml:lang=\"EN-US\"><span class=\"NormalTextRun SCXW2313937 BCX8\">  y contribuir econ\u00f3micamente a muchas causas. W <\/span><span class=\"NormalTextRun SCXW2313937 BCX8\">Buscamos activamente oportunidades para apoyar iniciativas locales, <\/span><span class=\"NormalTextRun SCXW2313937 BCX8\">regionales<\/span><span class=\"NormalTextRun SCXW2313937 BCX8\"> y globales.<\/span><\/span><\/p>\n","image":8974,"enable_quote_overlay":false,"quote_overlay":{"quote_text":"","quote_source":""},"icon":{"icon":false,"icon_position":"left","icon_vertical_offset":"-44"},"enable_link":true,"link":{"title":"","url":"https:\/\/www.plymouthbrethrenchristianchurch.org\/news\/","target":""},"header_styles":{"":null,"background_colour":"","background_image":false,"text_colour":"orange"}},{"content_title":"Ayudamos a impulsar las econom\u00edas locales","content_body":"<p><span class=\"NormalTextRun SCXW130410117 BCX8\">Nuestros miembros, <\/span><span class=\"NormalTextRun SCXW130410117 BCX8\">muchos de los <\/span><span class=\"NormalTextRun SCXW130410117 BCX8\">cuales<\/span><span class=\"NormalTextRun SCXW130410117 BCX8\">m<\/span> <span class=\"NormalTextRun SCXW130410117 BCX8\"><\/span><span class=\"NormalTextRun SCXW130410117 BCX8\">  empresas familiares, desempe\u00f1an un papel vital en el impulso de la econom\u00eda local  <span class=\"TextRun SCXW130410117 BCX8\" lang=\"EN-US\" xml:lang=\"EN-US\" data-contrast=\"auto\">donde vivimos, trabajamos y servimos. Contribuimos directamente pagando impuestos, empleando a la poblaci\u00f3n local y mejorando los servicios. <\/span><span class=\"LineBreakBlob BlobObject DragDrop SCXW130410117 BCX8\"><span class=\"SCXW130410117 BCX8\"> <\/span><br class=\"SCXW130410117 BCX8\"><\/span><\/span><\/p>\n","image":8952,"enable_quote_overlay":false,"quote_overlay":{"quote_text":"","quote_source":""},"icon":{"icon":false,"icon_position":"right","icon_vertical_offset":""},"enable_link":true,"link":{"title":"Aprende m\u00e1s","url":"https:\/\/www.plymouthbrethrenchristianchurch.org\/news\/","target":""},"header_styles":{"":null,"background_colour":"","background_image":false,"text_colour":"orange"}},{"content_title":"Somos una comunidad global conectada","content_body":"<p><span class=\"NormalTextRun SCXW171872153 BCX8\">Nuestros ingeniosos e innovadores miembros forman una <\/span><span class=\"NormalTextRun SCXW171872153 BCX8\">comunidad<\/span> <span class=\"NormalTextRun SCXW171872153 BCX8\">global <\/span><span class=\"NormalTextRun SCXW171872153 BCX8\"> que<\/span><span class=\"NormalTextRun SCXW171872153 BCX8\">puede <\/span><span class=\"NormalTextRun SpellingErrorV2Themed SCXW171872153 BCX8\">movilizarse<\/span> r\u00e1pidamente<span class=\"NormalTextRun SCXW171872153 BCX8\">  diversos conjuntos de habilidades y activos tangibles para apoyar durante las crisis mundiales. Juntos,   <\/span><span class=\"NormalTextRun SCXW171872153 BCX8\">Aproveche<\/span><span class=\"NormalTextRun SCXW171872153 BCX8\"> nuestra red de miembros para tener un impacto positivo en el mundo.<\/span><\/p>\n","image":8960,"enable_quote_overlay":false,"quote_overlay":{"quote_text":"","quote_source":""},"icon":{"icon":false,"icon_position":"left","icon_vertical_offset":""},"enable_link":true,"link":{"title":"Conozca nuestra red","url":"https:\/\/www.plymouthbrethrenchristianchurch.org\/news\/","target":""},"header_styles":{"":null,"background_colour":"","background_image":false,"text_colour":"orange"}},{"content_title":"Entendemos la importancia de la educaci\u00f3n","content_body":"<p><span class=\"TextRun SCXW172185188 BCX8\" lang=\"EN-US\" data-contrast=\"auto\" xml:lang=\"EN-US\"><span class=\"NormalTextRun SCXW172185188 BCX8\">La educaci\u00f3n es importante para nosotros. A OneSchool Global (OSG) asisten familias de nuestra Iglesia y cuenta con m\u00e1s de 120 campus en 20 pa\u00edses, ense\u00f1ando a 8,000 estudiantes y empleando a m\u00e1s de 1,800 maestros y personal de fuera de nuestra comunidad. Muchos ex alumnos de la escuela pasan a trabajar en una empresa familiar y se involucran en  <\/span><\/span><a class=\"Hyperlink SCXW172185188 BCX8\" href=\"https:\/\/youtu.be\/gCBFqlcJYzg\" target=\"_blank\" rel=\"noreferrer noopener\"><span class=\"TextRun Underlined SCXW172185188 BCX8\" lang=\"EN-US\" data-contrast=\"auto\"><span class=\"NormalTextRun SCXW172185188 BCX8\" data-ccp-charstyle=\"Hyperlink\">Educaci\u00f3n terciaria<\/span><\/span><\/a><span class=\"TextRun SCXW172185188 BCX8\" lang=\"EN-US\" data-contrast=\"auto\"><span class=\"NormalTextRun SCXW172185188 BCX8\">.<\/span><\/span><\/p>\n","image":8967,"enable_quote_overlay":false,"quote_overlay":{"quote_text":"","quote_source":""},"icon":{"icon":false,"icon_position":"right","icon_vertical_offset":""},"enable_link":true,"link":{"title":"","url":"https:\/\/www.oneschoolglobal.com\/","target":"_blank"},"header_styles":{"":null,"background_colour":"","background_image":false,"text_colour":"orange"}}]},{"acf_fc_layout":"social_media_feed","section_heading":"Mantente conectado","content":"<p>Mantente al d\u00eda con la Iglesia Cristiana de los Hermanos de Plymouth (PBCC) y suscr\u00edbete a nuestro canal de YouTube.<\/p>\n","text_color":"--color-foxtrot","feed_shortcode":"[youtube-feed feed=2]","width":"full_width","row_class":"","section_class":"background-overlay","background_image":"https:\/\/www.plymouthbrethrenchristianchurch.org\/wp-content\/uploads\/2020\/06\/gospel-hall-design-plymouth-brethren.jpg","background_color":"--color-bravo","module_padding":{"":null,"padding_top_xs":"","padding_bottom_xs":"","padding_left_xs":"","padding_right_xs":"","padding_top_md":"","padding_bottom_md":"","padding_left_md":"","padding_right_md":"","padding_top_lg":"","padding_bottom_lg":"","padding_left_lg":"","padding_right_lg":""}}]},"yoast_head":"<!-- This site is optimized with the Yoast SEO plugin v25.2 - https:\/\/yoast.com\/wordpress\/plugins\/seo\/ -->\n<title>Inicio | Iglesia Cristiana de los Hermanos de Plymouth<\/title>\n<meta name=\"description\" content=\"Visite la p\u00e1gina de inicio del sitio web de la Iglesia Cristiana de los Hermanos de Plymouth. Una comunidad cristiana global con m\u00e1s de 54.000 miembros.\" \/>\n<meta name=\"robots\" content=\"index, follow, max-snippet:-1, max-image-preview:large, max-video-preview:-1\" \/>\n<link rel=\"canonical\" href=\"https:\/\/www.plymouthbrethrenchristianchurch.org\/es\/casa\/\" \/>\n<meta property=\"og:locale\" content=\"es_ES\" \/>\n<meta property=\"og:type\" content=\"article\" \/>\n<meta property=\"og:title\" content=\"Inicio | Iglesia Cristiana de los Hermanos de Plymouth\" \/>\n<meta property=\"og:description\" content=\"Visite la p\u00e1gina de inicio del sitio web de la Iglesia Cristiana de los Hermanos de Plymouth. Una comunidad cristiana global con m\u00e1s de 54.000 miembros.\" \/>\n<meta property=\"og:url\" content=\"https:\/\/www.plymouthbrethrenchristianchurch.org\/es\/casa\/\" \/>\n<meta property=\"og:site_name\" content=\"Plymouth Brethren Christian Church\" \/>\n<meta property=\"article:publisher\" content=\"https:\/\/www.facebook.com\/PlymouthBrethrenChristianChurch\" \/>\n<meta property=\"article:modified_time\" content=\"2025-09-18T23:23:09+00:00\" \/>\n<meta name=\"twitter:card\" content=\"summary_large_image\" \/>\n<script type=\"application\/ld+json\" class=\"yoast-schema-graph\">{\"@context\":\"https:\/\/schema.org\",\"@graph\":[{\"@type\":\"WebPage\",\"@id\":\"https:\/\/www.plymouthbrethrenchristianchurch.org\/es\/casa\/\",\"url\":\"https:\/\/www.plymouthbrethrenchristianchurch.org\/es\/casa\/\",\"name\":\"Inicio | Iglesia Cristiana de los Hermanos de Plymouth\",\"isPartOf\":{\"@id\":\"https:\/\/www.plymouthbrethrenchristianchurch.org\/#website\"},\"datePublished\":\"2020-03-30T21:08:22+00:00\",\"dateModified\":\"2025-09-18T23:23:09+00:00\",\"description\":\"Visite la p\u00e1gina de inicio del sitio web de la Iglesia Cristiana de los Hermanos de Plymouth. Una comunidad cristiana global con m\u00e1s de 54.000 miembros.\",\"breadcrumb\":{\"@id\":\"https:\/\/www.plymouthbrethrenchristianchurch.org\/es\/casa\/#breadcrumb\"},\"inLanguage\":\"es\",\"potentialAction\":[{\"@type\":\"ReadAction\",\"target\":[\"https:\/\/www.plymouthbrethrenchristianchurch.org\/es\/casa\/\"]}]},{\"@type\":\"BreadcrumbList\",\"@id\":\"https:\/\/www.plymouthbrethrenchristianchurch.org\/es\/casa\/#breadcrumb\",\"itemListElement\":[{\"@type\":\"ListItem\",\"position\":1,\"name\":\"Home\",\"item\":\"https:\/\/www.plymouthbrethrenchristianchurch.org\/es\/casa\/\"},{\"@type\":\"ListItem\",\"position\":2,\"name\":\"Casa\"}]},{\"@type\":\"WebSite\",\"@id\":\"https:\/\/www.plymouthbrethrenchristianchurch.org\/#website\",\"url\":\"https:\/\/www.plymouthbrethrenchristianchurch.org\/\",\"name\":\"Plymouth Brethren Christian Church\",\"description\":\"\",\"publisher\":{\"@id\":\"https:\/\/www.plymouthbrethrenchristianchurch.org\/#organization\"},\"potentialAction\":[{\"@type\":\"SearchAction\",\"target\":{\"@type\":\"EntryPoint\",\"urlTemplate\":\"https:\/\/www.plymouthbrethrenchristianchurch.org\/?s={search_term_string}\"},\"query-input\":{\"@type\":\"PropertyValueSpecification\",\"valueRequired\":true,\"valueName\":\"search_term_string\"}}],\"inLanguage\":\"es\"},{\"@type\":\"Organization\",\"@id\":\"https:\/\/www.plymouthbrethrenchristianchurch.org\/#organization\",\"name\":\"Plymouth Brethren Christian Church\",\"url\":\"https:\/\/www.plymouthbrethrenchristianchurch.org\/\",\"logo\":{\"@type\":\"ImageObject\",\"inLanguage\":\"es\",\"@id\":\"https:\/\/www.plymouthbrethrenchristianchurch.org\/#\/schema\/logo\/image\/\",\"url\":\"https:\/\/www.plymouthbrethrenchristianchurch.org\/wp-content\/uploads\/2020\/05\/site-logo.svg\",\"contentUrl\":\"https:\/\/www.plymouthbrethrenchristianchurch.org\/wp-content\/uploads\/2020\/05\/site-logo.svg\",\"caption\":\"Plymouth Brethren Christian Church\"},\"image\":{\"@id\":\"https:\/\/www.plymouthbrethrenchristianchurch.org\/#\/schema\/logo\/image\/\"},\"sameAs\":[\"https:\/\/www.facebook.com\/PlymouthBrethrenChristianChurch\",\"https:\/\/www.youtube.com\/channel\/UC76fGueDJBbLvhs988yTBXQ\",\"https:\/\/www.pinterest.com.au\/plymouthbcc\/\"]}]}<\/script>\n<!-- \/ Yoast SEO plugin. -->","yoast_head_json":{"title":"Inicio | Iglesia Cristiana de los Hermanos de Plymouth","description":"Visite la p\u00e1gina de inicio del sitio web de la Iglesia Cristiana de los Hermanos de Plymouth. Una comunidad cristiana global con m\u00e1s de 54.000 miembros.","robots":{"index":"index","follow":"follow","max-snippet":"max-snippet:-1","max-image-preview":"max-image-preview:large","max-video-preview":"max-video-preview:-1"},"canonical":"https:\/\/www.plymouthbrethrenchristianchurch.org\/es\/casa\/","og_locale":"es_ES","og_type":"article","og_title":"Inicio | Iglesia Cristiana de los Hermanos de Plymouth","og_description":"Visite la p\u00e1gina de inicio del sitio web de la Iglesia Cristiana de los Hermanos de Plymouth. Una comunidad cristiana global con m\u00e1s de 54.000 miembros.","og_url":"https:\/\/www.plymouthbrethrenchristianchurch.org\/es\/casa\/","og_site_name":"Plymouth Brethren Christian Church","article_publisher":"https:\/\/www.facebook.com\/PlymouthBrethrenChristianChurch","article_modified_time":"2025-09-18T23:23:09+00:00","twitter_card":"summary_large_image","schema":{"@context":"https:\/\/schema.org","@graph":[{"@type":"WebPage","@id":"https:\/\/www.plymouthbrethrenchristianchurch.org\/es\/casa\/","url":"https:\/\/www.plymouthbrethrenchristianchurch.org\/es\/casa\/","name":"Inicio | Iglesia Cristiana de los Hermanos de Plymouth","isPartOf":{"@id":"https:\/\/www.plymouthbrethrenchristianchurch.org\/#website"},"datePublished":"2020-03-30T21:08:22+00:00","dateModified":"2025-09-18T23:23:09+00:00","description":"Visite la p\u00e1gina de inicio del sitio web de la Iglesia Cristiana de los Hermanos de Plymouth. Una comunidad cristiana global con m\u00e1s de 54.000 miembros.","breadcrumb":{"@id":"https:\/\/www.plymouthbrethrenchristianchurch.org\/es\/casa\/#breadcrumb"},"inLanguage":"es","potentialAction":[{"@type":"ReadAction","target":["https:\/\/www.plymouthbrethrenchristianchurch.org\/es\/casa\/"]}]},{"@type":"BreadcrumbList","@id":"https:\/\/www.plymouthbrethrenchristianchurch.org\/es\/casa\/#breadcrumb","itemListElement":[{"@type":"ListItem","position":1,"name":"Home","item":"https:\/\/www.plymouthbrethrenchristianchurch.org\/es\/casa\/"},{"@type":"ListItem","position":2,"name":"Casa"}]},{"@type":"WebSite","@id":"https:\/\/www.plymouthbrethrenchristianchurch.org\/#website","url":"https:\/\/www.plymouthbrethrenchristianchurch.org\/","name":"Plymouth Brethren Christian Church","description":"","publisher":{"@id":"https:\/\/www.plymouthbrethrenchristianchurch.org\/#organization"},"potentialAction":[{"@type":"SearchAction","target":{"@type":"EntryPoint","urlTemplate":"https:\/\/www.plymouthbrethrenchristianchurch.org\/?s={search_term_string}"},"query-input":{"@type":"PropertyValueSpecification","valueRequired":true,"valueName":"search_term_string"}}],"inLanguage":"es"},{"@type":"Organization","@id":"https:\/\/www.plymouthbrethrenchristianchurch.org\/#organization","name":"Plymouth Brethren Christian Church","url":"https:\/\/www.plymouthbrethrenchristianchurch.org\/","logo":{"@type":"ImageObject","inLanguage":"es","@id":"https:\/\/www.plymouthbrethrenchristianchurch.org\/#\/schema\/logo\/image\/","url":"https:\/\/www.plymouthbrethrenchristianchurch.org\/wp-content\/uploads\/2020\/05\/site-logo.svg","contentUrl":"https:\/\/www.plymouthbrethrenchristianchurch.org\/wp-content\/uploads\/2020\/05\/site-logo.svg","caption":"Plymouth Brethren Christian Church"},"image":{"@id":"https:\/\/www.plymouthbrethrenchristianchurch.org\/#\/schema\/logo\/image\/"},"sameAs":["https:\/\/www.facebook.com\/PlymouthBrethrenChristianChurch","https:\/\/www.youtube.com\/channel\/UC76fGueDJBbLvhs988yTBXQ","https:\/\/www.pinterest.com.au\/plymouthbcc\/"]}]}},"_links":{"self":[{"href":"https:\/\/www.plymouthbrethrenchristianchurch.org\/es\/wp-json\/wp\/v2\/pages\/2965"}],"collection":[{"href":"https:\/\/www.plymouthbrethrenchristianchurch.org\/es\/wp-json\/wp\/v2\/pages"}],"about":[{"href":"https:\/\/www.plymouthbrethrenchristianchurch.org\/es\/wp-json\/wp\/v2\/types\/page"}],"author":[{"embeddable":true,"href":"https:\/\/www.plymouthbrethrenchristianchurch.org\/es\/wp-json\/wp\/v2\/users\/1"}],"replies":[{"embeddable":true,"href":"https:\/\/www.plymouthbrethrenchristianchurch.org\/es\/wp-json\/wp\/v2\/comments?post=2965"}],"version-history":[{"count":19,"href":"https:\/\/www.plymouthbrethrenchristianchurch.org\/es\/wp-json\/wp\/v2\/pages\/2965\/revisions"}],"predecessor-version":[{"id":8281,"href":"https:\/\/www.plymouthbrethrenchristianchurch.org\/es\/wp-json\/wp\/v2\/pages\/2965\/revisions\/8281"}],"wp:attachment":[{"href":"https:\/\/www.plymouthbrethrenchristianchurch.org\/es\/wp-json\/wp\/v2\/media?parent=2965"}],"curies":[{"name":"wp","href":"https:\/\/api.w.org\/{rel}","templated":true}]}}