{"id":5661,"date":"2024-02-29T15:00:44","date_gmt":"2024-02-29T05:00:44","guid":{"rendered":"https:\/\/www.plymouthbrethrenchristianchurch.org\/?page_id=5661"},"modified":"2025-08-11T10:21:33","modified_gmt":"2025-08-11T00:21:33","slug":"nuestra-red","status":"publish","type":"page","link":"https:\/\/www.plymouthbrethrenchristianchurch.org\/es\/comunidad\/nuestra-red\/","title":{"rendered":"Nuestra red"},"content":{"rendered":"","protected":false},"excerpt":{"rendered":"<p>Vivimos, trabajamos y oramos como &#8216;Hermanos&#8217;, una comunidad de familias unidas por nuestra creencia cristiana com\u00fan.<\/p>\n","protected":false},"author":13,"featured_media":0,"parent":2896,"menu_order":2,"comment_status":"closed","ping_status":"closed","template":"page-templates\/acf-flexible-content.php","meta":{"_acf_changed":false,"_relevanssi_hide_post":"","_relevanssi_hide_content":"","_relevanssi_pin_for_all":"","_relevanssi_pin_keywords":"","_relevanssi_unpin_keywords":"","_relevanssi_related_keywords":"","_relevanssi_related_include_ids":"","_relevanssi_related_exclude_ids":"","_relevanssi_related_no_append":"","_relevanssi_related_not_related":"","_relevanssi_related_posts":"","_relevanssi_noindex_reason":"","inline_featured_image":false,"footnotes":""},"class_list":["post-5661","page","type-page","status-publish","hentry"],"acf":{"post_page_video":"","content":[{"acf_fc_layout":"page_header_with_links","override_title":true,"custom_title":"Nuestra red","intro_text":"<p>Impulsados por nuestros miembros trabajadores, hemos establecido una red de empresas que, aunque no son propiedad de la Iglesia, existen para apoyar a la Comunidad y a las comunidades locales, regionales y globales donde nuestros miembros viven, trabajan y sirven.<\/p>\n","enable_button":true,"button":{"button_text":"","button_url":"","open_in_new_tab":false,"button_class":""},"link_source":"off","select_a_menu":false,"menu_title":"","custom_links":false,"header_styles":{"":null,"background_colour":"#ffffff","background_image":2508,"text_colour":"black"},"row_class":""},{"acf_fc_layout":"module_section","row":[{"column_gap":"3","column":[{"module":[{"acf_fc_layout":"rich_media_block","image":false,"header":{"":null,"title":"El Equipo de Socorro R\u00e1pido: Nuestra organizaci\u00f3n ben\u00e9fica mundial","heading_level":"h2","header_styles":{"":null,"background_colour":"","background_image":false,"text_colour":"orange"},"make_separator":true},"content":"<p>\u00a0<\/p>\n<p><span data-contrast=\"auto\">Hay<\/span> <span data-contrast=\"auto\">un fuerte y generoso esp\u00edritu caritativo entre las Autoridades Generales, y muchos de nosotros dedicamos activamente nuestro tiempo a ser voluntarios y contribuir financieramente a causas cercanas a casa y en todo el mundo. <\/span> <span data-ccp-props=\"{\"201341983\":0,\"335559740\":240}\"> <\/span><\/p>\n<p><span data-contrast=\"auto\">En 2013, el <\/span><a href=\"http:\/\/www.rrtglobal.org\/\"><span data-contrast=\"auto\">Equipo de Socorro R\u00e1pido (RRT)<\/span><\/a><span data-contrast=\"auto\">  se estableci\u00f3 para ayudar a poner nuestro cuidado y compasi\u00f3n en acci\u00f3n en beneficio de las personas necesitadas. Hoy en d\u00eda, RRT est\u00e1 activo en 14 pa\u00edses y es operado por 14.500 voluntarios de nuestra comunidad.   <\/span><span data-ccp-props=\"{\"201341983\":0,\"335559740\":240}\"> <\/span><\/p>\n<p><span data-contrast=\"auto\">Los voluntarios de RRT echan una mano a los socorristas y a las personas afectadas por desastres, adem\u00e1s de brindar apoyo espec\u00edfico a los j\u00f3venes, las personas que enfrentan desaf\u00edos de salud y discapacidad y las personas sin hogar o afectadas por la pobreza y las dificultades.  <\/span><span data-ccp-props=\"{\"201341983\":0,\"335559740\":240}\"> <\/span><\/p>\n","enable_button":true,"button":{"button_text":"M\u00e1s informaci\u00f3n sobre RRT","button_url":{"title":"M\u00e1s informaci\u00f3n sobre RRT","url":"http:\/\/www.rrtglobal.org","target":""},"open_in_new_tab":true,"button_class":""},"class":""}],"columns_sm":"none","columns_md":"8","columns_lg":"none"},{"module":[{"acf_fc_layout":"image_module","header":{"":null,"title":"Familia","heading_level":"h2","header_styles":{"":null,"background_colour":"","background_image":false,"text_colour":"white"},"make_separator":false},"image":6727,"class":"","image_size":"large"}],"columns_sm":"none","columns_md":"4","columns_lg":"none"}],"row_class":"","module_padding":{"":null,"padding_top_xs":"","padding_bottom_xs":"","padding_left_xs":"","padding_right_xs":"","padding_top_md":"","padding_bottom_md":"","padding_left_md":"","padding_right_md":"","padding_top_lg":"","padding_bottom_lg":"","padding_left_lg":"","padding_right_lg":""},"module_margin":{"":null,"margin_top_xs":"","margin_bottom_xs":"","margin_left_xs":"","margin_right_xs":"","margin_top_md":"","margin_bottom_md":"","margin_left_md":"","margin_right_md":"","margin_top_lg":"","margin_bottom_lg":"","margin_left_lg":"","margin_right_lg":""}}],"section_heading":"","section_class":"","module_padding":{"":null,"padding_top_xs":"","padding_bottom_xs":"","padding_left_xs":"","padding_right_xs":"","padding_top_md":"","padding_bottom_md":"","padding_left_md":"","padding_right_md":"","padding_top_lg":"","padding_bottom_lg":"","padding_left_lg":"","padding_right_lg":""},"module_margin":{"":null,"margin_top_xs":"","margin_bottom_xs":"","margin_left_xs":"","margin_right_xs":"","margin_top_md":"","margin_bottom_md":"","margin_left_md":"","margin_right_md":"","margin_top_lg":"","margin_bottom_lg":"","margin_left_lg":"","margin_right_lg":""}},{"acf_fc_layout":"module_section","row":[{"column_gap":"3","column":[{"module":[{"acf_fc_layout":"rich_media_block","image":false,"header":{"":null,"title":"OneSchool Global: Nuestra red independiente de escuelas","heading_level":"h2","header_styles":{"":null,"background_colour":"","background_image":false,"text_colour":"orange"},"make_separator":true},"content":"<p>En 1994, los miembros de la Iglesia Cristiana de los Hermanos de Plymouth establecieron una red de escuelas independientes: <a href=\"https:\/\/www.oneschoolglobal.com\/\">OneSchool Global<\/a>. OneSchool educa a estudiantes cr\u00edticos y perceptivos, de por vida, en entornos de aprendizaje modernos y potenciados por la tecnolog\u00eda, respaldados por un enfoque innovador de la educaci\u00f3n. <\/p>\n<p>OneSchool Global no es una escuela religiosa y los profesores de la escuela no son miembros de la comunidad eclesi\u00e1stica. OneSchool Global ofrece el plan de estudios respaldado a nivel nacional del pa\u00eds o estado donde se encuentra el campus. <\/p>\n<p>Durante m\u00e1s de 30 a\u00f1os, la red global de OneSchool ha crecido a m\u00e1s de 120 campus en 20 pa\u00edses, ense\u00f1ando a 8,000 estudiantes y empleando a m\u00e1s de 1,800 maestros y personal de fuera de nuestra comunidad.<\/p>\n<p><span data-contrast=\"auto\">Muchos ex alumnos de la escuela contin\u00faan trabajando en negocios y realizan educaci\u00f3n terciaria o estudian a trav\u00e9s de <\/span><a href=\"https:\/\/youtu.be\/gCBFqlcJYzg\"><span data-contrast=\"auto\">programas de educaci\u00f3n a distancia<\/span><\/a><span data-contrast=\"auto\">. Creemos firmemente que hay que ganar mientras se aprende: es ganar, ganar.<\/span><span data-ccp-props=\"{\"201341983\":0,\"335559739\":0,\"335559740\":240}\"> <\/span><\/p>\n","enable_button":true,"button":{"button_text":"M\u00e1s informaci\u00f3n sobre OSG","button_url":{"title":"M\u00e1s informaci\u00f3n sobre OSG","url":"http:\/\/www.oneschoolglobal.com","target":""},"open_in_new_tab":true,"button_class":""},"class":""}],"columns_sm":"none","columns_md":"8","columns_lg":"none"},{"module":[{"acf_fc_layout":"image_module","header":{"":null,"title":"","heading_level":"h2","header_styles":{"":null,"background_colour":"","background_image":false,"text_colour":"white"},"make_separator":false},"image":6734,"class":"","image_size":"large"}],"columns_sm":"none","columns_md":"4","columns_lg":"none"}],"row_class":"","module_padding":{"":null,"padding_top_xs":"","padding_bottom_xs":"","padding_left_xs":"","padding_right_xs":"","padding_top_md":"","padding_bottom_md":"","padding_left_md":"","padding_right_md":"","padding_top_lg":"","padding_bottom_lg":"","padding_left_lg":"","padding_right_lg":""},"module_margin":{"":null,"margin_top_xs":"","margin_bottom_xs":"","margin_left_xs":"","margin_right_xs":"","margin_top_md":"","margin_bottom_md":"","margin_left_md":"","margin_right_md":"","margin_top_lg":"","margin_bottom_lg":"","margin_left_lg":"","margin_right_lg":""}}],"section_heading":"","section_class":"","module_padding":{"":null,"padding_top_xs":"","padding_bottom_xs":"","padding_left_xs":"","padding_right_xs":"","padding_top_md":"","padding_bottom_md":"","padding_left_md":"","padding_right_md":"","padding_top_lg":"","padding_bottom_lg":"","padding_left_lg":"","padding_right_lg":""},"module_margin":{"":null,"margin_top_xs":"","margin_bottom_xs":"","margin_left_xs":"","margin_right_xs":"","margin_top_md":"","margin_bottom_md":"","margin_left_md":"","margin_right_md":"","margin_top_lg":"","margin_bottom_lg":"","margin_left_lg":"","margin_right_lg":""}},{"acf_fc_layout":"module_section","row":[{"column_gap":"3","column":[{"module":[{"acf_fc_layout":"rich_media_block","image":false,"header":{"":null,"title":"Universal Business Team: Nuestra firma de asesor\u00eda empresarial","heading_level":"h2","header_styles":{"":null,"background_colour":"","background_image":false,"text_colour":"orange"},"make_separator":true},"content":"<p><span data-contrast=\"auto\">El <\/span><a href=\"http:\/\/www.universalbusinessteam.com\/\"><span data-contrast=\"auto\">Equipo de Negocios Universal (UBT, por sus<\/span><\/a> siglas en ingl\u00e9s) <span data-contrast=\"auto\"> es una empresa global que brinda servicios de asesor\u00eda y compra grupal, capacitaci\u00f3n corporativa, consultor\u00eda, liderazgo y mentor\u00eda de excelencia a empresas que son propiedad y est\u00e1n operadas por miembros de nuestra Iglesia. <\/span> <span data-ccp-props=\"{\"201341983\":0,\"335559739\":0,\"335559740\":240}\"> <\/span><\/p>\n<p><span data-contrast=\"auto\">UBT es una organizaci\u00f3n innovadora que se centra en ayudar a las empresas a crecer mediante el desarrollo y la utilizaci\u00f3n de la \u00faltima tecnolog\u00eda y estrategias de liderazgo.<\/span><span data-ccp-props=\"{\"201341983\":0,\"335559739\":0,\"335559740\":240}\"> <\/span><\/p>\n<p><span data-contrast=\"auto\">La fuerza laboral de UBT est\u00e1 compuesta por empleados de la comunidad de PBCC y personas no afiliadas a la Iglesia. UBT apoya generosamente la educaci\u00f3n y el trabajo de caridad. <\/span><span data-ccp-props=\"{\"201341983\":0,\"335559739\":0,\"335559740\":240}\"> <\/span><\/p>\n","enable_button":true,"button":{"button_text":"M\u00e1s informaci\u00f3n sobre UBT","button_url":{"title":"M\u00e1s informaci\u00f3n sobre UBT","url":"http:\/\/www.universalbusinessteam.com","target":"_blank"},"open_in_new_tab":true,"button_class":""},"class":""}],"columns_sm":"none","columns_md":"8","columns_lg":"none"},{"module":[{"acf_fc_layout":"image_module","header":{"":null,"title":"","heading_level":"h2","header_styles":{"":null,"background_colour":"","background_image":false,"text_colour":"white"},"make_separator":false},"image":6741,"class":"","image_size":"large"}],"columns_sm":"none","columns_md":"4","columns_lg":"none"}],"row_class":"","module_padding":{"":null,"padding_top_xs":"","padding_bottom_xs":"","padding_left_xs":"","padding_right_xs":"","padding_top_md":"","padding_bottom_md":"","padding_left_md":"","padding_right_md":"","padding_top_lg":"","padding_bottom_lg":"","padding_left_lg":"","padding_right_lg":""},"module_margin":{"":null,"margin_top_xs":"","margin_bottom_xs":"","margin_left_xs":"","margin_right_xs":"","margin_top_md":"","margin_bottom_md":"","margin_left_md":"","margin_right_md":"","margin_top_lg":"","margin_bottom_lg":"","margin_left_lg":"","margin_right_lg":""}}],"section_heading":"","section_class":"","module_padding":{"":null,"padding_top_xs":"","padding_bottom_xs":"","padding_left_xs":"","padding_right_xs":"","padding_top_md":"","padding_bottom_md":"","padding_left_md":"","padding_right_md":"","padding_top_lg":"","padding_bottom_lg":"","padding_left_lg":"","padding_right_lg":""},"module_margin":{"":null,"margin_top_xs":"","margin_bottom_xs":"","margin_left_xs":"","margin_right_xs":"","margin_top_md":"","margin_bottom_md":"","margin_left_md":"","margin_right_md":"","margin_top_lg":"","margin_bottom_lg":"","margin_left_lg":"","margin_right_lg":""}},{"acf_fc_layout":"module_section","row":[{"column_gap":"3","column":[{"module":[{"acf_fc_layout":"rich_media_block","image":false,"header":{"":null,"title":"Campus&Co: Nuestra cadena de tiendas","heading_level":"h2","header_styles":{"":null,"background_colour":"","background_image":false,"text_colour":"orange"},"make_separator":true},"content":"<p><span data-contrast=\"auto\"><span class=\"TextRun SCXW86808884 BCX8\" lang=\"EN-US\" xml:lang=\"EN-US\" data-contrast=\"auto\"><span class=\"NormalTextRun SpellingErrorV2Themed SCXW86808884 BCX8\">Cam<\/span><span class=\"NormalTextRun SpellingErrorV2Themed SCXW86808884 BCX8\">pus<\/span><span class=\"NormalTextRun SpellingErrorV2Themed SCXW86808884 BCX8\">&#038;Co<\/span><span class=\"NormalTextRun SCXW86808884 BCX8\"> es una cadena global de tiendas, que a<\/span><span class=\"NormalTextRun SCXW86808884 BCX8\">re<\/span><span class=\"NormalTextRun SCXW86808884 BCX8\">  dirigido por voluntarios locales de la Iglesia. Todas las ganancias que obtienen las tiendas se reinvierten en la comunidad a trav\u00e9s del Equipo de Socorro R\u00e1pido (RRT) y   <\/span><span class=\"NormalTextRun SpellingErrorV2Themed SCXW86808884 BCX8\">OneSchool<\/span><span class=\"NormalTextRun SCXW86808884 BCX8\"> Global (OSG). <\/span> <\/span> <\/span><\/p>\n","enable_button":false,"button":{"button_text":"","button_url":null,"open_in_new_tab":false,"button_class":""},"class":""}],"columns_sm":"none","columns_md":"8","columns_lg":"none"},{"module":[{"acf_fc_layout":"image_module","header":{"":null,"title":"","heading_level":"h2","header_styles":{"":null,"background_colour":"","background_image":false,"text_colour":"white"},"make_separator":false},"image":6748,"class":"","image_size":"large"}],"columns_sm":"none","columns_md":"4","columns_lg":"none"}],"row_class":"","module_padding":{"":null,"padding_top_xs":"","padding_bottom_xs":"","padding_left_xs":"","padding_right_xs":"","padding_top_md":"","padding_bottom_md":"","padding_left_md":"","padding_right_md":"","padding_top_lg":"","padding_bottom_lg":"","padding_left_lg":"","padding_right_lg":""},"module_margin":{"":null,"margin_top_xs":"","margin_bottom_xs":"","margin_left_xs":"","margin_right_xs":"","margin_top_md":"","margin_bottom_md":"","margin_left_md":"","margin_right_md":"","margin_top_lg":"","margin_bottom_lg":"","margin_left_lg":"","margin_right_lg":""}}],"section_heading":"","section_class":"","module_padding":{"":null,"padding_top_xs":"","padding_bottom_xs":"","padding_left_xs":"","padding_right_xs":"","padding_top_md":"","padding_bottom_md":"","padding_left_md":"","padding_right_md":"","padding_top_lg":"","padding_bottom_lg":"","padding_left_lg":"","padding_right_lg":""},"module_margin":{"":null,"margin_top_xs":"","margin_bottom_xs":"","margin_left_xs":"","margin_right_xs":"","margin_top_md":"","margin_bottom_md":"","margin_left_md":"","margin_right_md":"","margin_top_lg":"","margin_bottom_lg":"","margin_left_lg":"","margin_right_lg":""}},{"acf_fc_layout":"social_media_feed","section_heading":"Mantente conectado","content":"<p>Mantente al d\u00eda con la Iglesia Cristiana de los Hermanos de Plymouth (PBCC) y suscr\u00edbete a nuestro canal de YouTube.<\/p>\n","text_color":"--color-foxtrot","feed_shortcode":"[youtube-feed feed=2]","width":"full_width","row_class":"","section_class":"background-overlay","background_image":"https:\/\/www.plymouthbrethrenchristianchurch.org\/wp-content\/uploads\/2020\/06\/gospel-hall-design-plymouth-brethren.jpg","background_color":"--color-bravo","module_padding":{"":null,"padding_top_xs":"","padding_bottom_xs":"","padding_left_xs":"","padding_right_xs":"","padding_top_md":"","padding_bottom_md":"","padding_left_md":"","padding_right_md":"","padding_top_lg":"","padding_bottom_lg":"","padding_left_lg":"","padding_right_lg":""}}]},"yoast_head":"<!-- This site is optimized with the Yoast SEO plugin v25.2 - https:\/\/yoast.com\/wordpress\/plugins\/seo\/ -->\n<title>Nuestra red | Plymouth Brethren Christian Church<\/title>\n<meta name=\"description\" content=\"Visite la p\u00e1gina de nuestra red en el sitio web de la Iglesia, una comunidad cristiana basada en la Santa Biblia como la Palabra de Dios.\" \/>\n<meta name=\"robots\" content=\"index, follow, max-snippet:-1, max-image-preview:large, max-video-preview:-1\" \/>\n<link rel=\"canonical\" href=\"https:\/\/www.plymouthbrethrenchristianchurch.org\/es\/comunidad\/nuestra-red\/\" \/>\n<meta property=\"og:locale\" content=\"es_ES\" \/>\n<meta property=\"og:type\" content=\"article\" \/>\n<meta property=\"og:title\" content=\"Nuestra red | Plymouth Brethren Christian Church\" \/>\n<meta property=\"og:description\" content=\"Visite la p\u00e1gina de nuestra red en el sitio web de la Iglesia, una comunidad cristiana basada en la Santa Biblia como la Palabra de Dios.\" \/>\n<meta property=\"og:url\" content=\"https:\/\/www.plymouthbrethrenchristianchurch.org\/es\/comunidad\/nuestra-red\/\" \/>\n<meta property=\"og:site_name\" content=\"Plymouth Brethren Christian Church\" \/>\n<meta property=\"article:publisher\" content=\"https:\/\/www.facebook.com\/PlymouthBrethrenChristianChurch\" \/>\n<meta property=\"article:modified_time\" content=\"2025-08-11T00:21:33+00:00\" \/>\n<meta name=\"twitter:card\" content=\"summary_large_image\" \/>\n<script type=\"application\/ld+json\" class=\"yoast-schema-graph\">{\"@context\":\"https:\/\/schema.org\",\"@graph\":[{\"@type\":\"WebPage\",\"@id\":\"https:\/\/www.plymouthbrethrenchristianchurch.org\/es\/comunidad\/nuestra-red\/\",\"url\":\"https:\/\/www.plymouthbrethrenchristianchurch.org\/es\/comunidad\/nuestra-red\/\",\"name\":\"Nuestra red | Plymouth Brethren Christian Church\",\"isPartOf\":{\"@id\":\"https:\/\/www.plymouthbrethrenchristianchurch.org\/#website\"},\"datePublished\":\"2024-02-29T05:00:44+00:00\",\"dateModified\":\"2025-08-11T00:21:33+00:00\",\"description\":\"Visite la p\u00e1gina de nuestra red en el sitio web de la Iglesia, una comunidad cristiana basada en la Santa Biblia como la Palabra de Dios.\",\"breadcrumb\":{\"@id\":\"https:\/\/www.plymouthbrethrenchristianchurch.org\/es\/comunidad\/nuestra-red\/#breadcrumb\"},\"inLanguage\":\"es\",\"potentialAction\":[{\"@type\":\"ReadAction\",\"target\":[\"https:\/\/www.plymouthbrethrenchristianchurch.org\/es\/comunidad\/nuestra-red\/\"]}]},{\"@type\":\"BreadcrumbList\",\"@id\":\"https:\/\/www.plymouthbrethrenchristianchurch.org\/es\/comunidad\/nuestra-red\/#breadcrumb\",\"itemListElement\":[{\"@type\":\"ListItem\",\"position\":1,\"name\":\"Home\",\"item\":\"https:\/\/www.plymouthbrethrenchristianchurch.org\/es\/casa\/\"},{\"@type\":\"ListItem\",\"position\":2,\"name\":\"Forma de vida\",\"item\":\"https:\/\/www.plymouthbrethrenchristianchurch.org\/es\/comunidad\/\"},{\"@type\":\"ListItem\",\"position\":3,\"name\":\"Nuestra red\"}]},{\"@type\":\"WebSite\",\"@id\":\"https:\/\/www.plymouthbrethrenchristianchurch.org\/#website\",\"url\":\"https:\/\/www.plymouthbrethrenchristianchurch.org\/\",\"name\":\"Plymouth Brethren Christian Church\",\"description\":\"\",\"publisher\":{\"@id\":\"https:\/\/www.plymouthbrethrenchristianchurch.org\/#organization\"},\"potentialAction\":[{\"@type\":\"SearchAction\",\"target\":{\"@type\":\"EntryPoint\",\"urlTemplate\":\"https:\/\/www.plymouthbrethrenchristianchurch.org\/?s={search_term_string}\"},\"query-input\":{\"@type\":\"PropertyValueSpecification\",\"valueRequired\":true,\"valueName\":\"search_term_string\"}}],\"inLanguage\":\"es\"},{\"@type\":\"Organization\",\"@id\":\"https:\/\/www.plymouthbrethrenchristianchurch.org\/#organization\",\"name\":\"Plymouth Brethren Christian Church\",\"url\":\"https:\/\/www.plymouthbrethrenchristianchurch.org\/\",\"logo\":{\"@type\":\"ImageObject\",\"inLanguage\":\"es\",\"@id\":\"https:\/\/www.plymouthbrethrenchristianchurch.org\/#\/schema\/logo\/image\/\",\"url\":\"https:\/\/www.plymouthbrethrenchristianchurch.org\/wp-content\/uploads\/2020\/05\/site-logo.svg\",\"contentUrl\":\"https:\/\/www.plymouthbrethrenchristianchurch.org\/wp-content\/uploads\/2020\/05\/site-logo.svg\",\"caption\":\"Plymouth Brethren Christian Church\"},\"image\":{\"@id\":\"https:\/\/www.plymouthbrethrenchristianchurch.org\/#\/schema\/logo\/image\/\"},\"sameAs\":[\"https:\/\/www.facebook.com\/PlymouthBrethrenChristianChurch\",\"https:\/\/www.youtube.com\/channel\/UC76fGueDJBbLvhs988yTBXQ\",\"https:\/\/www.pinterest.com.au\/plymouthbcc\/\"]}]}<\/script>\n<!-- \/ Yoast SEO plugin. -->","yoast_head_json":{"title":"Nuestra red | Plymouth Brethren Christian Church","description":"Visite la p\u00e1gina de nuestra red en el sitio web de la Iglesia, una comunidad cristiana basada en la Santa Biblia como la Palabra de Dios.","robots":{"index":"index","follow":"follow","max-snippet":"max-snippet:-1","max-image-preview":"max-image-preview:large","max-video-preview":"max-video-preview:-1"},"canonical":"https:\/\/www.plymouthbrethrenchristianchurch.org\/es\/comunidad\/nuestra-red\/","og_locale":"es_ES","og_type":"article","og_title":"Nuestra red | Plymouth Brethren Christian Church","og_description":"Visite la p\u00e1gina de nuestra red en el sitio web de la Iglesia, una comunidad cristiana basada en la Santa Biblia como la Palabra de Dios.","og_url":"https:\/\/www.plymouthbrethrenchristianchurch.org\/es\/comunidad\/nuestra-red\/","og_site_name":"Plymouth Brethren Christian Church","article_publisher":"https:\/\/www.facebook.com\/PlymouthBrethrenChristianChurch","article_modified_time":"2025-08-11T00:21:33+00:00","twitter_card":"summary_large_image","schema":{"@context":"https:\/\/schema.org","@graph":[{"@type":"WebPage","@id":"https:\/\/www.plymouthbrethrenchristianchurch.org\/es\/comunidad\/nuestra-red\/","url":"https:\/\/www.plymouthbrethrenchristianchurch.org\/es\/comunidad\/nuestra-red\/","name":"Nuestra red | Plymouth Brethren Christian Church","isPartOf":{"@id":"https:\/\/www.plymouthbrethrenchristianchurch.org\/#website"},"datePublished":"2024-02-29T05:00:44+00:00","dateModified":"2025-08-11T00:21:33+00:00","description":"Visite la p\u00e1gina de nuestra red en el sitio web de la Iglesia, una comunidad cristiana basada en la Santa Biblia como la Palabra de Dios.","breadcrumb":{"@id":"https:\/\/www.plymouthbrethrenchristianchurch.org\/es\/comunidad\/nuestra-red\/#breadcrumb"},"inLanguage":"es","potentialAction":[{"@type":"ReadAction","target":["https:\/\/www.plymouthbrethrenchristianchurch.org\/es\/comunidad\/nuestra-red\/"]}]},{"@type":"BreadcrumbList","@id":"https:\/\/www.plymouthbrethrenchristianchurch.org\/es\/comunidad\/nuestra-red\/#breadcrumb","itemListElement":[{"@type":"ListItem","position":1,"name":"Home","item":"https:\/\/www.plymouthbrethrenchristianchurch.org\/es\/casa\/"},{"@type":"ListItem","position":2,"name":"Forma de vida","item":"https:\/\/www.plymouthbrethrenchristianchurch.org\/es\/comunidad\/"},{"@type":"ListItem","position":3,"name":"Nuestra red"}]},{"@type":"WebSite","@id":"https:\/\/www.plymouthbrethrenchristianchurch.org\/#website","url":"https:\/\/www.plymouthbrethrenchristianchurch.org\/","name":"Plymouth Brethren Christian Church","description":"","publisher":{"@id":"https:\/\/www.plymouthbrethrenchristianchurch.org\/#organization"},"potentialAction":[{"@type":"SearchAction","target":{"@type":"EntryPoint","urlTemplate":"https:\/\/www.plymouthbrethrenchristianchurch.org\/?s={search_term_string}"},"query-input":{"@type":"PropertyValueSpecification","valueRequired":true,"valueName":"search_term_string"}}],"inLanguage":"es"},{"@type":"Organization","@id":"https:\/\/www.plymouthbrethrenchristianchurch.org\/#organization","name":"Plymouth Brethren Christian Church","url":"https:\/\/www.plymouthbrethrenchristianchurch.org\/","logo":{"@type":"ImageObject","inLanguage":"es","@id":"https:\/\/www.plymouthbrethrenchristianchurch.org\/#\/schema\/logo\/image\/","url":"https:\/\/www.plymouthbrethrenchristianchurch.org\/wp-content\/uploads\/2020\/05\/site-logo.svg","contentUrl":"https:\/\/www.plymouthbrethrenchristianchurch.org\/wp-content\/uploads\/2020\/05\/site-logo.svg","caption":"Plymouth Brethren Christian Church"},"image":{"@id":"https:\/\/www.plymouthbrethrenchristianchurch.org\/#\/schema\/logo\/image\/"},"sameAs":["https:\/\/www.facebook.com\/PlymouthBrethrenChristianChurch","https:\/\/www.youtube.com\/channel\/UC76fGueDJBbLvhs988yTBXQ","https:\/\/www.pinterest.com.au\/plymouthbcc\/"]}]}},"_links":{"self":[{"href":"https:\/\/www.plymouthbrethrenchristianchurch.org\/es\/wp-json\/wp\/v2\/pages\/5661"}],"collection":[{"href":"https:\/\/www.plymouthbrethrenchristianchurch.org\/es\/wp-json\/wp\/v2\/pages"}],"about":[{"href":"https:\/\/www.plymouthbrethrenchristianchurch.org\/es\/wp-json\/wp\/v2\/types\/page"}],"author":[{"embeddable":true,"href":"https:\/\/www.plymouthbrethrenchristianchurch.org\/es\/wp-json\/wp\/v2\/users\/13"}],"replies":[{"embeddable":true,"href":"https:\/\/www.plymouthbrethrenchristianchurch.org\/es\/wp-json\/wp\/v2\/comments?post=5661"}],"version-history":[{"count":2,"href":"https:\/\/www.plymouthbrethrenchristianchurch.org\/es\/wp-json\/wp\/v2\/pages\/5661\/revisions"}],"predecessor-version":[{"id":8284,"href":"https:\/\/www.plymouthbrethrenchristianchurch.org\/es\/wp-json\/wp\/v2\/pages\/5661\/revisions\/8284"}],"up":[{"embeddable":true,"href":"https:\/\/www.plymouthbrethrenchristianchurch.org\/es\/wp-json\/wp\/v2\/pages\/2896"}],"wp:attachment":[{"href":"https:\/\/www.plymouthbrethrenchristianchurch.org\/es\/wp-json\/wp\/v2\/media?parent=5661"}],"curies":[{"name":"wp","href":"https:\/\/api.w.org\/{rel}","templated":true}]}}