{"id":2766,"date":"2020-04-30T06:00:49","date_gmt":"2020-04-29T20:00:49","guid":{"rendered":"https:\/\/www.plymouthbrethrenchristianchurch.org\/qui-nous-sommes\/"},"modified":"2026-02-26T10:56:35","modified_gmt":"2026-02-26T00:56:35","slug":"qui-nous-sommes","status":"publish","type":"page","link":"https:\/\/www.plymouthbrethrenchristianchurch.org\/fr\/communaute\/qui-nous-sommes\/","title":{"rendered":"Nos convictions"},"content":{"rendered":"","protected":false},"excerpt":{"rendered":"<p>Nous vivons, travaillons et prions en tant que \u00ab fr\u00e8res \u00bb \u2013 une communaut\u00e9 de familles tenues ensemble par notre croyance chr\u00e9tienne commune.<\/p>\n","protected":false},"author":1,"featured_media":0,"parent":2904,"menu_order":2,"comment_status":"closed","ping_status":"closed","template":"page-templates\/acf-flexible-content.php","meta":{"_acf_changed":false,"_relevanssi_hide_post":"","_relevanssi_hide_content":"","_relevanssi_pin_for_all":"","_relevanssi_pin_keywords":"","_relevanssi_unpin_keywords":"","_relevanssi_related_keywords":"","_relevanssi_related_include_ids":"","_relevanssi_related_exclude_ids":"","_relevanssi_related_no_append":"","_relevanssi_related_not_related":"","_relevanssi_related_posts":"","_relevanssi_noindex_reason":"","inline_featured_image":false,"footnotes":""},"class_list":["post-2766","page","type-page","status-publish","hentry"],"acf":{"post_page_video":"","content":[{"acf_fc_layout":"page_header_with_links","override_title":true,"custom_title":"","intro_text":"<p>Apprenez-en plus sur nos croyances en tant que membres de l\u2019\u00c9glise chr\u00e9tienne des Fr\u00e8res de Plymouth (PBCC).<\/p>\n","enable_button":false,"button":{"button_text":"","button_url":"","open_in_new_tab":false,"button_class":""},"link_source":"off","select_a_menu":false,"menu_title":"","custom_links":false,"header_styles":{"":null,"background_colour":"#ffffff","background_image":5546,"text_colour":"black"},"row_class":""},{"acf_fc_layout":"rich_text_section","section_heading":"","content":"<p>Les gens des religions du monde entier expriment leur foi de diff\u00e9rentes mani\u00e8res. Le lien commun entre les croyants \u2013 et ceux qui n\u2019en ont pas \u2013 est un lien avec la communaut\u00e9, le partage de croyances et de traditions communes transmises de g\u00e9n\u00e9ration en g\u00e9n\u00e9ration.<\/p>\n<p>L\u2019expression de notre foi n\u2019est pas diff\u00e9rente de celle des autres religions dominantes, et bien que des malentendus puissent survenir en raison d\u2019une m\u00e9connaissance de nos croyances, notre foi est fond\u00e9e sur un lien \u00e9troit avec la famille et nos semblables, et sur le d\u00e9sir de faire le bien et d\u2019\u00eatre utiles.<\/p>\n","width":"full_width","centered":false,"row_class":"","module_padding":{"":null,"padding_top_xs":"","padding_bottom_xs":"","padding_left_xs":"","padding_right_xs":"","padding_top_md":"","padding_bottom_md":"","padding_left_md":"","padding_right_md":"","padding_top_lg":"","padding_bottom_lg":"","padding_left_lg":"","padding_right_lg":""}},{"acf_fc_layout":"module_section","row":[{"column_gap":"3","column":[{"module":[{"acf_fc_layout":"rich_media_block","image":false,"header":{"":null,"title":"La communion fraternelle est au c\u0153ur de notre foi","heading_level":"h2","header_styles":{"":null,"background_colour":"","background_image":false,"text_colour":"orange"},"make_separator":true},"content":"<p><span data-contrast=\"auto\">Nous nous engageons \u00e0 ne manger et \u00e0 boire qu\u2019avec ceux avec qui nous c\u00e9l\u00e9brons la C\u00e8ne du Seigneur, \u00e9galement connue sous le nom de Sainte Communion. Nous c\u00e9l\u00e9brons la C\u00e8ne du Seigneur tous les dimanches en petits groupes, et cette occasion de communion est notre engagement les uns envers les autres \u00e0 vivre une vie de puret\u00e9, conform\u00e9ment aux \u00c9critures. <\/span><\/p>\n<p><span data-contrast=\"auto\">Pour ceux qui ne sont pas familiers avec les enseignements chr\u00e9tiens, cet engagement peut sembler inhabituel ou \u00e9trange &#8211; nous pouvons le comprendre, mais il n\u2019y a rien de myst\u00e9rieux \u00e0 ce sujet.<\/span><\/p>\n<p><span data-contrast=\"auto\">La communion avec notre communaut\u00e9 ne signifie pas que nous nous isolons du monde. Nous vivons et travaillons en harmonie avec tout le monde, dans le courant dominant de la soci\u00e9t\u00e9, en interagissant avec la communaut\u00e9 au sens large, que ce soit par le biais de nos \u0153uvres caritatives, de nos \u00e9coles ou des affaires. <\/span><\/p>\n","enable_button":false,"button":{"button_text":"","button_url":null,"open_in_new_tab":false,"button_class":""},"class":""}],"columns_sm":"none","columns_md":"8","columns_lg":"none"},{"module":[{"acf_fc_layout":"image_module","header":{"":null,"title":"","heading_level":"h2","header_styles":{"":null,"background_colour":"","background_image":false,"text_colour":"white"},"make_separator":false},"image":6706,"class":"","image_size":"large"}],"columns_sm":"none","columns_md":"4","columns_lg":"none"}],"row_class":"","module_padding":{"":null,"padding_top_xs":"","padding_bottom_xs":"","padding_left_xs":"","padding_right_xs":"","padding_top_md":"","padding_bottom_md":"","padding_left_md":"","padding_right_md":"","padding_top_lg":"","padding_bottom_lg":"","padding_left_lg":"","padding_right_lg":""},"module_margin":{"":null,"margin_top_xs":"","margin_bottom_xs":"","margin_left_xs":"","margin_right_xs":"","margin_top_md":"","margin_bottom_md":"","margin_left_md":"","margin_right_md":"","margin_top_lg":"","margin_bottom_lg":"","margin_left_lg":"","margin_right_lg":""}}],"section_heading":"","section_class":"","module_padding":{"":null,"padding_top_xs":"","padding_bottom_xs":"","padding_left_xs":"","padding_right_xs":"","padding_top_md":"","padding_bottom_md":"","padding_left_md":"","padding_right_md":"","padding_top_lg":"","padding_bottom_lg":"","padding_left_lg":"","padding_right_lg":""},"module_margin":{"":null,"margin_top_xs":"","margin_bottom_xs":"","margin_left_xs":"","margin_right_xs":"","margin_top_md":"","margin_bottom_md":"","margin_left_md":"","margin_right_md":"","margin_top_lg":"","margin_bottom_lg":"","margin_left_lg":"","margin_right_lg":""}},{"acf_fc_layout":"module_section","row":[{"column_gap":"3","column":[{"module":[{"acf_fc_layout":"rich_media_block","image":false,"header":{"":null,"title":"Nous croyons aux enseignements de la Bible","heading_level":"h2","header_styles":{"":null,"background_colour":"","background_image":false,"text_colour":"orange"},"make_separator":true},"content":"<p><span data-contrast=\"auto\"><span class=\"TextRun SCXW91039341 BCX8\" lang=\"EN-US\" xml:lang=\"EN-US\" data-contrast=\"auto\"><span class=\"NormalTextRun SCXW91039341 BCX8\">Comme tous les chr\u00e9tiens, \u00f4<\/span><span class=\"NormalTextRun SCXW91039341 BCX8\">votre <\/span><span class=\"NormalTextRun ContextualSpellingAndGrammarErrorV2Themed SCXW91039341 BCX8\">communaut\u00e9<\/span><span class=\"NormalTextRun SCXW91039341 BCX8\"> est uni dans notre croyance chr\u00e9tienne commune fond\u00e9e sur la Sainte Bible. Nous nous r\u00e9unissons r\u00e9guli\u00e8rement dans de simples salles de l\u2019\u00c9vangile pour prier ensemble, et nous nous rassemblons tous les dimanches pour c\u00e9l\u00e9brer la C\u00e8ne du Seigneur. <\/span><\/span><\/span><\/p>\n<p>Pour nos membres, la Sainte Bible est un compagnon essentiel et un guide faisant autorit\u00e9 tout au long de la vie. D\u00e8s leur plus jeune \u00e2ge, les jeunes membres apprennent les histoires bibliques qui ont inspir\u00e9 des millions de personnes \u00e0 travers les \u00e2ges.<\/p>\n<p>La Bible n\u2019est pas un livre ordinaire. C\u2019est un livre fourni par Dieu pour l\u2019homme. C\u2019est la Parole absolue, infaillible, inspir\u00e9e de Dieu.<\/p>\n","enable_button":false,"button":{"button_text":"En savoir plus sur RRT","button_url":{"title":"","url":"http:\/\/www.rrtglobal.org","target":""},"open_in_new_tab":false,"button_class":""},"class":""}],"columns_sm":"none","columns_md":"8","columns_lg":"none"},{"module":[{"acf_fc_layout":"image_module","header":{"":null,"title":"","heading_level":"h2","header_styles":{"":null,"background_colour":"","background_image":false,"text_colour":"white"},"make_separator":false},"image":6562,"class":"","image_size":"large"}],"columns_sm":"none","columns_md":"4","columns_lg":"none"}],"row_class":"","module_padding":{"":null,"padding_top_xs":"","padding_bottom_xs":"","padding_left_xs":"","padding_right_xs":"","padding_top_md":"","padding_bottom_md":"","padding_left_md":"","padding_right_md":"","padding_top_lg":"","padding_bottom_lg":"","padding_left_lg":"","padding_right_lg":""},"module_margin":{"":null,"margin_top_xs":"","margin_bottom_xs":"","margin_left_xs":"","margin_right_xs":"","margin_top_md":"","margin_bottom_md":"","margin_left_md":"","margin_right_md":"","margin_top_lg":"","margin_bottom_lg":"","margin_left_lg":"","margin_right_lg":""}}],"section_heading":"","section_class":"","module_padding":{"":null,"padding_top_xs":"","padding_bottom_xs":"","padding_left_xs":"","padding_right_xs":"","padding_top_md":"","padding_bottom_md":"","padding_left_md":"","padding_right_md":"","padding_top_lg":"","padding_bottom_lg":"","padding_left_lg":"","padding_right_lg":""},"module_margin":{"":null,"margin_top_xs":"","margin_bottom_xs":"","margin_left_xs":"","margin_right_xs":"","margin_top_md":"","margin_bottom_md":"","margin_left_md":"","margin_right_md":"","margin_top_lg":"","margin_bottom_lg":"","margin_left_lg":"","margin_right_lg":""}},{"acf_fc_layout":"module_section","row":[{"column_gap":"3","column":[{"module":[{"acf_fc_layout":"rich_media_block","image":false,"header":{"":null,"title":"Nous pratiquons activement le christianisme par l\u2019attention et la compassion","heading_level":"h2","header_styles":{"":null,"background_colour":"","background_image":false,"text_colour":"orange"},"make_separator":true},"content":"<p><span data-contrast=\"auto\">Nous sommes une \u00c9glise construite sur des valeurs chr\u00e9tiennes traditionnelles. En rendant service \u00e0 notre famille, \u00e0 nos voisins et \u00e0 notre communaut\u00e9 locale et mondiale, nous croyons au pouvoir de mettre nos soins et notre compassion en action. <\/span><\/p>\n<p><span data-contrast=\"auto\">L\u2019une des fa\u00e7ons dont nous contribuons \u00e0 la soci\u00e9t\u00e9 est par l\u2019interm\u00e9diaire de notre branche caritative, l\u2019\u00e9quipe de secours rapide (RRT), qui est soutenue par 14 500 b\u00e9n\u00e9voles de notre communaut\u00e9 qui offrent activement un coup de main aux services d\u2019urgence, aux jeunes d\u00e9favoris\u00e9s, aux sans-abri et aux personnes handicap\u00e9es. <\/span><\/p>\n","enable_button":true,"button":{"button_text":"En savoir plus sur RRT","button_url":{"title":"","url":"http:\/\/www.rrtglobal.org","target":""},"open_in_new_tab":false,"button_class":""},"class":""}],"columns_sm":"none","columns_md":"8","columns_lg":"none"},{"module":[{"acf_fc_layout":"image_module","header":{"":null,"title":"","heading_level":"h2","header_styles":{"":null,"background_colour":"","background_image":false,"text_colour":"white"},"make_separator":false},"image":6713,"class":"","image_size":"large"}],"columns_sm":"none","columns_md":"4","columns_lg":"none"}],"row_class":"","module_padding":{"":null,"padding_top_xs":"","padding_bottom_xs":"","padding_left_xs":"","padding_right_xs":"","padding_top_md":"","padding_bottom_md":"","padding_left_md":"","padding_right_md":"","padding_top_lg":"","padding_bottom_lg":"","padding_left_lg":"","padding_right_lg":""},"module_margin":{"":null,"margin_top_xs":"","margin_bottom_xs":"","margin_left_xs":"","margin_right_xs":"","margin_top_md":"","margin_bottom_md":"","margin_left_md":"","margin_right_md":"","margin_top_lg":"","margin_bottom_lg":"","margin_left_lg":"","margin_right_lg":""}}],"section_heading":"","section_class":"","module_padding":{"":null,"padding_top_xs":"","padding_bottom_xs":"","padding_left_xs":"","padding_right_xs":"","padding_top_md":"","padding_bottom_md":"","padding_left_md":"","padding_right_md":"","padding_top_lg":"","padding_bottom_lg":"","padding_left_lg":"","padding_right_lg":""},"module_margin":{"":null,"margin_top_xs":"","margin_bottom_xs":"","margin_left_xs":"","margin_right_xs":"","margin_top_md":"","margin_bottom_md":"","margin_left_md":"","margin_right_md":"","margin_top_lg":"","margin_bottom_lg":"","margin_left_lg":"","margin_right_lg":""}},{"acf_fc_layout":"social_media_feed","section_heading":"Restez connect\u00e9","content":"<p>Restez \u00e0 jour avec l\u2019\u00e9glise chr\u00e9tienne des Fr\u00e8res de Plymouth (PBCC) et abonnez-vous \u00e0 notre cha\u00eene YouTube.<\/p>\n","text_color":"--color-foxtrot","feed_shortcode":"[youtube-feed feed=2]","width":"full_width","row_class":"","section_class":"background-overlay","background_image":"https:\/\/www.plymouthbrethrenchristianchurch.org\/wp-content\/uploads\/2020\/06\/gospel-hall-design-plymouth-brethren.jpg","background_color":"--color-bravo","module_padding":{"":null,"padding_top_xs":"","padding_bottom_xs":"","padding_left_xs":"","padding_right_xs":"","padding_top_md":"","padding_bottom_md":"","padding_left_md":"","padding_right_md":"","padding_top_lg":"","padding_bottom_lg":"","padding_left_lg":"","padding_right_lg":""}}]},"yoast_head":"<!-- This site is optimized with the Yoast SEO plugin v25.2 - https:\/\/yoast.com\/wordpress\/plugins\/seo\/ -->\n<title>Nos convictions | Plymouth Brethren Christian Church<\/title>\n<meta name=\"description\" content=\"Visitez la page Nos croyances sur le site Web de l\u2019\u00c9glise, une communaut\u00e9 chr\u00e9tienne bas\u00e9e sur la Sainte Bible comme Parole de Dieu.\" \/>\n<meta name=\"robots\" content=\"index, follow, max-snippet:-1, max-image-preview:large, max-video-preview:-1\" \/>\n<link rel=\"canonical\" href=\"https:\/\/www.plymouthbrethrenchristianchurch.org\/fr\/communaute\/qui-nous-sommes\/\" \/>\n<meta property=\"og:locale\" content=\"fr_FR\" \/>\n<meta property=\"og:type\" content=\"article\" \/>\n<meta property=\"og:title\" content=\"Nos convictions | Plymouth Brethren Christian Church\" \/>\n<meta property=\"og:description\" content=\"Visitez la page Nos croyances sur le site Web de l\u2019\u00c9glise, une communaut\u00e9 chr\u00e9tienne bas\u00e9e sur la Sainte Bible comme Parole de Dieu.\" \/>\n<meta property=\"og:url\" content=\"https:\/\/www.plymouthbrethrenchristianchurch.org\/fr\/communaute\/qui-nous-sommes\/\" \/>\n<meta property=\"og:site_name\" content=\"Plymouth Brethren Christian Church\" \/>\n<meta property=\"article:publisher\" content=\"https:\/\/www.facebook.com\/PlymouthBrethrenChristianChurch\" \/>\n<meta property=\"article:modified_time\" content=\"2026-02-26T00:56:35+00:00\" \/>\n<meta name=\"twitter:card\" content=\"summary_large_image\" \/>\n<script type=\"application\/ld+json\" class=\"yoast-schema-graph\">{\"@context\":\"https:\/\/schema.org\",\"@graph\":[{\"@type\":\"WebPage\",\"@id\":\"https:\/\/www.plymouthbrethrenchristianchurch.org\/fr\/communaute\/qui-nous-sommes\/\",\"url\":\"https:\/\/www.plymouthbrethrenchristianchurch.org\/fr\/communaute\/qui-nous-sommes\/\",\"name\":\"Nos convictions | Plymouth Brethren Christian Church\",\"isPartOf\":{\"@id\":\"https:\/\/www.plymouthbrethrenchristianchurch.org\/#website\"},\"datePublished\":\"2020-04-29T20:00:49+00:00\",\"dateModified\":\"2026-02-26T00:56:35+00:00\",\"description\":\"Visitez la page Nos croyances sur le site Web de l\u2019\u00c9glise, une communaut\u00e9 chr\u00e9tienne bas\u00e9e sur la Sainte Bible comme Parole de Dieu.\",\"breadcrumb\":{\"@id\":\"https:\/\/www.plymouthbrethrenchristianchurch.org\/fr\/communaute\/qui-nous-sommes\/#breadcrumb\"},\"inLanguage\":\"fr-FR\",\"potentialAction\":[{\"@type\":\"ReadAction\",\"target\":[\"https:\/\/www.plymouthbrethrenchristianchurch.org\/fr\/communaute\/qui-nous-sommes\/\"]}]},{\"@type\":\"BreadcrumbList\",\"@id\":\"https:\/\/www.plymouthbrethrenchristianchurch.org\/fr\/communaute\/qui-nous-sommes\/#breadcrumb\",\"itemListElement\":[{\"@type\":\"ListItem\",\"position\":1,\"name\":\"Home\",\"item\":\"https:\/\/www.plymouthbrethrenchristianchurch.org\/fr\/accueil\/\"},{\"@type\":\"ListItem\",\"position\":2,\"name\":\"Mode de vie\",\"item\":\"https:\/\/www.plymouthbrethrenchristianchurch.org\/fr\/communaute\/\"},{\"@type\":\"ListItem\",\"position\":3,\"name\":\"Nos convictions\"}]},{\"@type\":\"WebSite\",\"@id\":\"https:\/\/www.plymouthbrethrenchristianchurch.org\/#website\",\"url\":\"https:\/\/www.plymouthbrethrenchristianchurch.org\/\",\"name\":\"Plymouth Brethren Christian Church\",\"description\":\"\",\"publisher\":{\"@id\":\"https:\/\/www.plymouthbrethrenchristianchurch.org\/#organization\"},\"potentialAction\":[{\"@type\":\"SearchAction\",\"target\":{\"@type\":\"EntryPoint\",\"urlTemplate\":\"https:\/\/www.plymouthbrethrenchristianchurch.org\/?s={search_term_string}\"},\"query-input\":{\"@type\":\"PropertyValueSpecification\",\"valueRequired\":true,\"valueName\":\"search_term_string\"}}],\"inLanguage\":\"fr-FR\"},{\"@type\":\"Organization\",\"@id\":\"https:\/\/www.plymouthbrethrenchristianchurch.org\/#organization\",\"name\":\"Plymouth Brethren Christian Church\",\"url\":\"https:\/\/www.plymouthbrethrenchristianchurch.org\/\",\"logo\":{\"@type\":\"ImageObject\",\"inLanguage\":\"fr-FR\",\"@id\":\"https:\/\/www.plymouthbrethrenchristianchurch.org\/#\/schema\/logo\/image\/\",\"url\":\"https:\/\/www.plymouthbrethrenchristianchurch.org\/wp-content\/uploads\/2020\/05\/site-logo.svg\",\"contentUrl\":\"https:\/\/www.plymouthbrethrenchristianchurch.org\/wp-content\/uploads\/2020\/05\/site-logo.svg\",\"caption\":\"Plymouth Brethren Christian Church\"},\"image\":{\"@id\":\"https:\/\/www.plymouthbrethrenchristianchurch.org\/#\/schema\/logo\/image\/\"},\"sameAs\":[\"https:\/\/www.facebook.com\/PlymouthBrethrenChristianChurch\",\"https:\/\/www.youtube.com\/channel\/UC76fGueDJBbLvhs988yTBXQ\",\"https:\/\/www.pinterest.com.au\/plymouthbcc\/\"]}]}<\/script>\n<!-- \/ Yoast SEO plugin. -->","yoast_head_json":{"title":"Nos convictions | Plymouth Brethren Christian Church","description":"Visitez la page Nos croyances sur le site Web de l\u2019\u00c9glise, une communaut\u00e9 chr\u00e9tienne bas\u00e9e sur la Sainte Bible comme Parole de Dieu.","robots":{"index":"index","follow":"follow","max-snippet":"max-snippet:-1","max-image-preview":"max-image-preview:large","max-video-preview":"max-video-preview:-1"},"canonical":"https:\/\/www.plymouthbrethrenchristianchurch.org\/fr\/communaute\/qui-nous-sommes\/","og_locale":"fr_FR","og_type":"article","og_title":"Nos convictions | Plymouth Brethren Christian Church","og_description":"Visitez la page Nos croyances sur le site Web de l\u2019\u00c9glise, une communaut\u00e9 chr\u00e9tienne bas\u00e9e sur la Sainte Bible comme Parole de Dieu.","og_url":"https:\/\/www.plymouthbrethrenchristianchurch.org\/fr\/communaute\/qui-nous-sommes\/","og_site_name":"Plymouth Brethren Christian Church","article_publisher":"https:\/\/www.facebook.com\/PlymouthBrethrenChristianChurch","article_modified_time":"2026-02-26T00:56:35+00:00","twitter_card":"summary_large_image","schema":{"@context":"https:\/\/schema.org","@graph":[{"@type":"WebPage","@id":"https:\/\/www.plymouthbrethrenchristianchurch.org\/fr\/communaute\/qui-nous-sommes\/","url":"https:\/\/www.plymouthbrethrenchristianchurch.org\/fr\/communaute\/qui-nous-sommes\/","name":"Nos convictions | Plymouth Brethren Christian Church","isPartOf":{"@id":"https:\/\/www.plymouthbrethrenchristianchurch.org\/#website"},"datePublished":"2020-04-29T20:00:49+00:00","dateModified":"2026-02-26T00:56:35+00:00","description":"Visitez la page Nos croyances sur le site Web de l\u2019\u00c9glise, une communaut\u00e9 chr\u00e9tienne bas\u00e9e sur la Sainte Bible comme Parole de Dieu.","breadcrumb":{"@id":"https:\/\/www.plymouthbrethrenchristianchurch.org\/fr\/communaute\/qui-nous-sommes\/#breadcrumb"},"inLanguage":"fr-FR","potentialAction":[{"@type":"ReadAction","target":["https:\/\/www.plymouthbrethrenchristianchurch.org\/fr\/communaute\/qui-nous-sommes\/"]}]},{"@type":"BreadcrumbList","@id":"https:\/\/www.plymouthbrethrenchristianchurch.org\/fr\/communaute\/qui-nous-sommes\/#breadcrumb","itemListElement":[{"@type":"ListItem","position":1,"name":"Home","item":"https:\/\/www.plymouthbrethrenchristianchurch.org\/fr\/accueil\/"},{"@type":"ListItem","position":2,"name":"Mode de vie","item":"https:\/\/www.plymouthbrethrenchristianchurch.org\/fr\/communaute\/"},{"@type":"ListItem","position":3,"name":"Nos convictions"}]},{"@type":"WebSite","@id":"https:\/\/www.plymouthbrethrenchristianchurch.org\/#website","url":"https:\/\/www.plymouthbrethrenchristianchurch.org\/","name":"Plymouth Brethren Christian Church","description":"","publisher":{"@id":"https:\/\/www.plymouthbrethrenchristianchurch.org\/#organization"},"potentialAction":[{"@type":"SearchAction","target":{"@type":"EntryPoint","urlTemplate":"https:\/\/www.plymouthbrethrenchristianchurch.org\/?s={search_term_string}"},"query-input":{"@type":"PropertyValueSpecification","valueRequired":true,"valueName":"search_term_string"}}],"inLanguage":"fr-FR"},{"@type":"Organization","@id":"https:\/\/www.plymouthbrethrenchristianchurch.org\/#organization","name":"Plymouth Brethren Christian Church","url":"https:\/\/www.plymouthbrethrenchristianchurch.org\/","logo":{"@type":"ImageObject","inLanguage":"fr-FR","@id":"https:\/\/www.plymouthbrethrenchristianchurch.org\/#\/schema\/logo\/image\/","url":"https:\/\/www.plymouthbrethrenchristianchurch.org\/wp-content\/uploads\/2020\/05\/site-logo.svg","contentUrl":"https:\/\/www.plymouthbrethrenchristianchurch.org\/wp-content\/uploads\/2020\/05\/site-logo.svg","caption":"Plymouth Brethren Christian Church"},"image":{"@id":"https:\/\/www.plymouthbrethrenchristianchurch.org\/#\/schema\/logo\/image\/"},"sameAs":["https:\/\/www.facebook.com\/PlymouthBrethrenChristianChurch","https:\/\/www.youtube.com\/channel\/UC76fGueDJBbLvhs988yTBXQ","https:\/\/www.pinterest.com.au\/plymouthbcc\/"]}]}},"_links":{"self":[{"href":"https:\/\/www.plymouthbrethrenchristianchurch.org\/fr\/wp-json\/wp\/v2\/pages\/2766"}],"collection":[{"href":"https:\/\/www.plymouthbrethrenchristianchurch.org\/fr\/wp-json\/wp\/v2\/pages"}],"about":[{"href":"https:\/\/www.plymouthbrethrenchristianchurch.org\/fr\/wp-json\/wp\/v2\/types\/page"}],"author":[{"embeddable":true,"href":"https:\/\/www.plymouthbrethrenchristianchurch.org\/fr\/wp-json\/wp\/v2\/users\/1"}],"replies":[{"embeddable":true,"href":"https:\/\/www.plymouthbrethrenchristianchurch.org\/fr\/wp-json\/wp\/v2\/comments?post=2766"}],"version-history":[{"count":5,"href":"https:\/\/www.plymouthbrethrenchristianchurch.org\/fr\/wp-json\/wp\/v2\/pages\/2766\/revisions"}],"predecessor-version":[{"id":9230,"href":"https:\/\/www.plymouthbrethrenchristianchurch.org\/fr\/wp-json\/wp\/v2\/pages\/2766\/revisions\/9230"}],"up":[{"embeddable":true,"href":"https:\/\/www.plymouthbrethrenchristianchurch.org\/fr\/wp-json\/wp\/v2\/pages\/2904"}],"wp:attachment":[{"href":"https:\/\/www.plymouthbrethrenchristianchurch.org\/fr\/wp-json\/wp\/v2\/media?parent=2766"}],"curies":[{"name":"wp","href":"https:\/\/api.w.org\/{rel}","templated":true}]}}