{"id":2801,"date":"2020-05-07T06:39:48","date_gmt":"2020-05-06T20:39:48","guid":{"rendered":"https:\/\/www.plymouthbrethrenchristianchurch.org\/qui-nous-sommes\/histoire\/"},"modified":"2026-02-26T10:59:00","modified_gmt":"2026-02-26T00:59:00","slug":"histoire","status":"publish","type":"page","link":"https:\/\/www.plymouthbrethrenchristianchurch.org\/fr\/communaute\/histoire\/","title":{"rendered":"Notre histoire"},"content":{"rendered":"","protected":false},"excerpt":{"rendered":"<p>En savoir plus sur l\u2019histoire factuelle et les origines de la communaut\u00e9 et de la communaut\u00e9 de l\u2019\u00c9glise chr\u00e9tienne des Fr\u00e8res de Plymouth.<\/p>\n","protected":false},"author":2,"featured_media":0,"parent":2904,"menu_order":1,"comment_status":"closed","ping_status":"closed","template":"page-templates\/acf-flexible-content.php","meta":{"_acf_changed":false,"_relevanssi_hide_post":"","_relevanssi_hide_content":"","_relevanssi_pin_for_all":"","_relevanssi_pin_keywords":"","_relevanssi_unpin_keywords":"","_relevanssi_related_keywords":"","_relevanssi_related_include_ids":"","_relevanssi_related_exclude_ids":"","_relevanssi_related_no_append":"","_relevanssi_related_not_related":"","_relevanssi_related_posts":"","_relevanssi_noindex_reason":"","inline_featured_image":false,"footnotes":""},"class_list":["post-2801","page","type-page","status-publish","hentry"],"acf":{"post_page_video":"","content":[{"acf_fc_layout":"page_header_with_links","override_title":true,"custom_title":"Notre histoire","intro_text":"<p><span class=\"TrackChangeTextInsertion TrackedChange SCXW116793924 BCX8\"><span class=\"TextRun SCXW116793924 BCX8\" lang=\"EN-US\" xml:lang=\"EN-US\" data-contrast=\"auto\"><span class=\"NormalTextRun SCXW116793924 BCX8\">\u00c9tabli <\/span><\/span><\/span><span class=\"TrackChangeTextInsertion TrackedChange SCXW116793924 BCX8\"><span class=\"TextRun SCXW116793924 BCX8\" lang=\"EN-US\" xml:lang=\"EN-US\" data-contrast=\"auto\"><span class=\"NormalTextRun SCXW116793924 BCX8\">il y a environ 200 ans,<\/span><\/span><\/span><span class=\"TrackChangeTextInsertion TrackedChange SCXW116793924 BCX8\"><span class=\"TextRun SCXW116793924 BCX8\" lang=\"EN-US\" xml:lang=\"EN-US\" data-contrast=\"auto\"><span class=\"NormalTextRun SCXW116793924 BCX8\"> les Fr\u00e8res de Plymouth <\/span><\/span><\/span><span class=\"TrackChangeTextInsertion TrackedChange SCXW116793924 BCX8\"><span class=\"TextRun SCXW116793924 BCX8\" lang=\"EN-US\" xml:lang=\"EN-US\" data-contrast=\"auto\"><span class=\"NormalTextRun SCXW116793924 BCX8\">L\u2019\u00c9glise chr\u00e9tienne \u00e9tait<\/span><\/span><\/span><span class=\"TrackChangeTextInsertion TrackedChange SCXW116793924 BCX8\"><span class=\"TextRun SCXW116793924 BCX8\" lang=\"EN-US\" xml:lang=\"EN-US\" data-contrast=\"auto\"><span class=\"NormalTextRun SCXW116793924 BCX8\"> fond\u00e9e par John Nelson <\/span><\/span><\/span><span class=\"TrackChangeTextInsertion TrackedChange SCXW116793924 BCX8\"><span class=\"TextRun SCXW116793924 BCX8\" lang=\"EN-US\" xml:lang=\"EN-US\" data-contrast=\"auto\"><span class=\"NormalTextRun SCXW116793924 BCX8\">Darby, l\u2019un des penseurs protestants les plus influents des 19<\/span><\/span><\/span><span class=\"TrackChangeTextInsertion TrackedChange SCXW116793924 BCX8\"><span class=\"TrackedChange SCXW116793924 BCX8\"><span class=\"TextRun SCXW116793924 BCX8\" lang=\"EN-US\" xml:lang=\"EN-US\" data-contrast=\"auto\"><span class=\"NormalTextRun Superscript SCXW116793924 BCX8\" data-fontsize=\"11\">i\u00e8me<\/span><\/span><\/span><\/span><span class=\"TrackChangeTextInsertion TrackedChange SCXW116793924 BCX8\"><span class=\"TextRun SCXW116793924 BCX8\" lang=\"EN-US\" xml:lang=\"EN-US\" data-contrast=\"auto\"><span class=\"NormalTextRun SCXW116793924 BCX8\"> si\u00e8cle.<\/span><\/span><\/span><\/p>\n","enable_button":true,"button":{"button_text":"","button_url":"","open_in_new_tab":false,"button_class":""},"link_source":"menu","select_a_menu":{"value":"17","label":"Qui sommes-nous ?"},"menu_title":"","custom_links":false,"header_styles":{"":null,"background_colour":"#515151","background_image":1703,"text_colour":"white"},"row_class":""},{"acf_fc_layout":"module_section","row":[{"column_gap":"6","column":[{"module":[{"acf_fc_layout":"rich_media_block","image":false,"header":{"":null,"title":"En savoir plus sur nos origines","heading_level":"h2","header_styles":{"":null,"background_colour":"","background_image":false,"text_colour":"white"},"make_separator":true},"content":"<p><span data-contrast=\"auto\">Nous avons \u00e9t\u00e9 form\u00e9s au d\u00e9but du XIXe si\u00e8cle en Angleterre apr\u00e8s une insatisfaction croissante \u00e0 l\u2019\u00e9gard de l\u2019\u00c9glise anglicane. Ce sentiment a conduit \u00e0 un certain nombre de r\u00e9unions ind\u00e9pendantes o\u00f9 des hommes et des femmes se sont r\u00e9unis pour apprendre les enseignements du Nouveau Testament de la Sainte Bible. D\u00e8s le d\u00e9but, ces rassemblements \u00e9taient centr\u00e9s sur la c\u00e9l\u00e9bration de la C\u00e8ne du Seigneur, \u00e9galement connue sous le nom de Sainte Communion, qui continue d\u2019\u00eatre au c\u0153ur de notre foi. <\/span><\/p>\n<p><span data-contrast=\"auto\">Cette communaut\u00e9 nouvellement form\u00e9e, appel\u00e9e les \u00ab Fr\u00e8res \u00bb, rejetait un arrangement eccl\u00e9siastique et se concentrait plut\u00f4t sur la relation directe des individus avec Dieu. Ils se sont r\u00e9unis dans de simples salles de r\u00e9union pour le repas du Seigneur et pour se joindre \u00e0 la pri\u00e8re et pr\u00eacher l\u2019\u00c9vangile, tout comme nous le faisons aujourd\u2019hui. <\/span><\/p>\n<p><span data-contrast=\"auto\">En 1829, les premi\u00e8res r\u00e9unions permanentes avaient \u00e9t\u00e9 form\u00e9es et les participants adopt\u00e8rent le nom de Plymouth Brethren car certains des enseignants fondateurs \u00e9taient originaires de Plymouth, dans le sud de l\u2019Angleterre. <\/span><\/p>\n<p><span data-contrast=\"auto\">John Nelson Darby a jou\u00e9 un r\u00f4le d\u00e9terminant dans la formation du PBCC. Au milieu du XIXe si\u00e8cle, les membres avaient immigr\u00e9 en Am\u00e9rique du Nord et du Sud, en Afrique, en Australie et en Nouvelle-Z\u00e9lande et les bases d\u2019une communaut\u00e9 chr\u00e9tienne mondiale avaient \u00e9t\u00e9 \u00e9tablies. <\/span><\/p>\n","enable_button":true,"button":{"button_text":"","button_url":"","open_in_new_tab":false,"button_class":""},"class":""}],"columns_sm":"8","columns_md":"none","columns_lg":"none"},{"module":false,"columns_sm":"8","columns_md":"none","columns_lg":"8"},{"module":false,"columns_sm":"4","columns_md":"none","columns_lg":"4"}],"row_class":"","module_padding":{"":null,"padding_top_xs":"","padding_bottom_xs":"","padding_left_xs":"","padding_right_xs":"","padding_top_md":"","padding_bottom_md":"","padding_left_md":"","padding_right_md":"","padding_top_lg":"","padding_bottom_lg":"","padding_left_lg":"","padding_right_lg":""},"module_margin":{"":null,"margin_top_xs":"","margin_bottom_xs":"","margin_left_xs":"","margin_right_xs":"","margin_top_md":"","margin_bottom_md":"","margin_left_md":"","margin_right_md":"","margin_top_lg":"","margin_bottom_lg":"","margin_left_lg":"","margin_right_lg":""}}],"section_heading":"","section_class":"","module_padding":{"":null,"padding_top_xs":"","padding_bottom_xs":"","padding_left_xs":"","padding_right_xs":"","padding_top_md":"","padding_bottom_md":"","padding_left_md":"","padding_right_md":"","padding_top_lg":"","padding_bottom_lg":"","padding_left_lg":"","padding_right_lg":""},"module_margin":{"":null,"margin_top_xs":"","margin_bottom_xs":"","margin_left_xs":"","margin_right_xs":"","margin_top_md":"","margin_bottom_md":"","margin_left_md":"","margin_right_md":"","margin_top_lg":"","margin_bottom_lg":"","margin_left_lg":"","margin_right_lg":""}},{"acf_fc_layout":"image_slider","slider_id":3391}]},"yoast_head":"<!-- This site is optimized with the Yoast SEO plugin v25.2 - https:\/\/yoast.com\/wordpress\/plugins\/seo\/ -->\n<title>Notre histoire | Plymouth Brethren Christian Church<\/title>\n<meta name=\"description\" content=\"Visitez la page Notre histoire sur le site de l\u2019\u00c9glise, une communaut\u00e9 chr\u00e9tienne bas\u00e9e sur la Sainte Bible comme Parole de Dieu.\" \/>\n<meta name=\"robots\" content=\"index, follow, max-snippet:-1, max-image-preview:large, max-video-preview:-1\" \/>\n<link rel=\"canonical\" href=\"https:\/\/www.plymouthbrethrenchristianchurch.org\/fr\/communaute\/histoire\/\" \/>\n<meta property=\"og:locale\" content=\"fr_FR\" \/>\n<meta property=\"og:type\" content=\"article\" \/>\n<meta property=\"og:title\" content=\"Notre histoire | Plymouth Brethren Christian Church\" \/>\n<meta property=\"og:description\" content=\"Visitez la page Notre histoire sur le site de l\u2019\u00c9glise, une communaut\u00e9 chr\u00e9tienne bas\u00e9e sur la Sainte Bible comme Parole de Dieu.\" \/>\n<meta property=\"og:url\" content=\"https:\/\/www.plymouthbrethrenchristianchurch.org\/fr\/communaute\/histoire\/\" \/>\n<meta property=\"og:site_name\" content=\"Plymouth Brethren Christian Church\" \/>\n<meta property=\"article:publisher\" content=\"https:\/\/www.facebook.com\/PlymouthBrethrenChristianChurch\" \/>\n<meta property=\"article:modified_time\" content=\"2026-02-26T00:59:00+00:00\" \/>\n<meta name=\"twitter:card\" content=\"summary_large_image\" \/>\n<script type=\"application\/ld+json\" class=\"yoast-schema-graph\">{\"@context\":\"https:\/\/schema.org\",\"@graph\":[{\"@type\":\"WebPage\",\"@id\":\"https:\/\/www.plymouthbrethrenchristianchurch.org\/fr\/communaute\/histoire\/\",\"url\":\"https:\/\/www.plymouthbrethrenchristianchurch.org\/fr\/communaute\/histoire\/\",\"name\":\"Notre histoire | Plymouth Brethren Christian Church\",\"isPartOf\":{\"@id\":\"https:\/\/www.plymouthbrethrenchristianchurch.org\/#website\"},\"datePublished\":\"2020-05-06T20:39:48+00:00\",\"dateModified\":\"2026-02-26T00:59:00+00:00\",\"description\":\"Visitez la page Notre histoire sur le site de l\u2019\u00c9glise, une communaut\u00e9 chr\u00e9tienne bas\u00e9e sur la Sainte Bible comme Parole de Dieu.\",\"breadcrumb\":{\"@id\":\"https:\/\/www.plymouthbrethrenchristianchurch.org\/fr\/communaute\/histoire\/#breadcrumb\"},\"inLanguage\":\"fr-FR\",\"potentialAction\":[{\"@type\":\"ReadAction\",\"target\":[\"https:\/\/www.plymouthbrethrenchristianchurch.org\/fr\/communaute\/histoire\/\"]}]},{\"@type\":\"BreadcrumbList\",\"@id\":\"https:\/\/www.plymouthbrethrenchristianchurch.org\/fr\/communaute\/histoire\/#breadcrumb\",\"itemListElement\":[{\"@type\":\"ListItem\",\"position\":1,\"name\":\"Home\",\"item\":\"https:\/\/www.plymouthbrethrenchristianchurch.org\/fr\/accueil\/\"},{\"@type\":\"ListItem\",\"position\":2,\"name\":\"Mode de vie\",\"item\":\"https:\/\/www.plymouthbrethrenchristianchurch.org\/fr\/communaute\/\"},{\"@type\":\"ListItem\",\"position\":3,\"name\":\"Notre histoire\"}]},{\"@type\":\"WebSite\",\"@id\":\"https:\/\/www.plymouthbrethrenchristianchurch.org\/#website\",\"url\":\"https:\/\/www.plymouthbrethrenchristianchurch.org\/\",\"name\":\"Plymouth Brethren Christian Church\",\"description\":\"\",\"publisher\":{\"@id\":\"https:\/\/www.plymouthbrethrenchristianchurch.org\/#organization\"},\"potentialAction\":[{\"@type\":\"SearchAction\",\"target\":{\"@type\":\"EntryPoint\",\"urlTemplate\":\"https:\/\/www.plymouthbrethrenchristianchurch.org\/?s={search_term_string}\"},\"query-input\":{\"@type\":\"PropertyValueSpecification\",\"valueRequired\":true,\"valueName\":\"search_term_string\"}}],\"inLanguage\":\"fr-FR\"},{\"@type\":\"Organization\",\"@id\":\"https:\/\/www.plymouthbrethrenchristianchurch.org\/#organization\",\"name\":\"Plymouth Brethren Christian Church\",\"url\":\"https:\/\/www.plymouthbrethrenchristianchurch.org\/\",\"logo\":{\"@type\":\"ImageObject\",\"inLanguage\":\"fr-FR\",\"@id\":\"https:\/\/www.plymouthbrethrenchristianchurch.org\/#\/schema\/logo\/image\/\",\"url\":\"https:\/\/www.plymouthbrethrenchristianchurch.org\/wp-content\/uploads\/2020\/05\/site-logo.svg\",\"contentUrl\":\"https:\/\/www.plymouthbrethrenchristianchurch.org\/wp-content\/uploads\/2020\/05\/site-logo.svg\",\"caption\":\"Plymouth Brethren Christian Church\"},\"image\":{\"@id\":\"https:\/\/www.plymouthbrethrenchristianchurch.org\/#\/schema\/logo\/image\/\"},\"sameAs\":[\"https:\/\/www.facebook.com\/PlymouthBrethrenChristianChurch\",\"https:\/\/www.youtube.com\/channel\/UC76fGueDJBbLvhs988yTBXQ\",\"https:\/\/www.pinterest.com.au\/plymouthbcc\/\"]}]}<\/script>\n<!-- \/ Yoast SEO plugin. -->","yoast_head_json":{"title":"Notre histoire | Plymouth Brethren Christian Church","description":"Visitez la page Notre histoire sur le site de l\u2019\u00c9glise, une communaut\u00e9 chr\u00e9tienne bas\u00e9e sur la Sainte Bible comme Parole de Dieu.","robots":{"index":"index","follow":"follow","max-snippet":"max-snippet:-1","max-image-preview":"max-image-preview:large","max-video-preview":"max-video-preview:-1"},"canonical":"https:\/\/www.plymouthbrethrenchristianchurch.org\/fr\/communaute\/histoire\/","og_locale":"fr_FR","og_type":"article","og_title":"Notre histoire | Plymouth Brethren Christian Church","og_description":"Visitez la page Notre histoire sur le site de l\u2019\u00c9glise, une communaut\u00e9 chr\u00e9tienne bas\u00e9e sur la Sainte Bible comme Parole de Dieu.","og_url":"https:\/\/www.plymouthbrethrenchristianchurch.org\/fr\/communaute\/histoire\/","og_site_name":"Plymouth Brethren Christian Church","article_publisher":"https:\/\/www.facebook.com\/PlymouthBrethrenChristianChurch","article_modified_time":"2026-02-26T00:59:00+00:00","twitter_card":"summary_large_image","schema":{"@context":"https:\/\/schema.org","@graph":[{"@type":"WebPage","@id":"https:\/\/www.plymouthbrethrenchristianchurch.org\/fr\/communaute\/histoire\/","url":"https:\/\/www.plymouthbrethrenchristianchurch.org\/fr\/communaute\/histoire\/","name":"Notre histoire | Plymouth Brethren Christian Church","isPartOf":{"@id":"https:\/\/www.plymouthbrethrenchristianchurch.org\/#website"},"datePublished":"2020-05-06T20:39:48+00:00","dateModified":"2026-02-26T00:59:00+00:00","description":"Visitez la page Notre histoire sur le site de l\u2019\u00c9glise, une communaut\u00e9 chr\u00e9tienne bas\u00e9e sur la Sainte Bible comme Parole de Dieu.","breadcrumb":{"@id":"https:\/\/www.plymouthbrethrenchristianchurch.org\/fr\/communaute\/histoire\/#breadcrumb"},"inLanguage":"fr-FR","potentialAction":[{"@type":"ReadAction","target":["https:\/\/www.plymouthbrethrenchristianchurch.org\/fr\/communaute\/histoire\/"]}]},{"@type":"BreadcrumbList","@id":"https:\/\/www.plymouthbrethrenchristianchurch.org\/fr\/communaute\/histoire\/#breadcrumb","itemListElement":[{"@type":"ListItem","position":1,"name":"Home","item":"https:\/\/www.plymouthbrethrenchristianchurch.org\/fr\/accueil\/"},{"@type":"ListItem","position":2,"name":"Mode de vie","item":"https:\/\/www.plymouthbrethrenchristianchurch.org\/fr\/communaute\/"},{"@type":"ListItem","position":3,"name":"Notre histoire"}]},{"@type":"WebSite","@id":"https:\/\/www.plymouthbrethrenchristianchurch.org\/#website","url":"https:\/\/www.plymouthbrethrenchristianchurch.org\/","name":"Plymouth Brethren Christian Church","description":"","publisher":{"@id":"https:\/\/www.plymouthbrethrenchristianchurch.org\/#organization"},"potentialAction":[{"@type":"SearchAction","target":{"@type":"EntryPoint","urlTemplate":"https:\/\/www.plymouthbrethrenchristianchurch.org\/?s={search_term_string}"},"query-input":{"@type":"PropertyValueSpecification","valueRequired":true,"valueName":"search_term_string"}}],"inLanguage":"fr-FR"},{"@type":"Organization","@id":"https:\/\/www.plymouthbrethrenchristianchurch.org\/#organization","name":"Plymouth Brethren Christian Church","url":"https:\/\/www.plymouthbrethrenchristianchurch.org\/","logo":{"@type":"ImageObject","inLanguage":"fr-FR","@id":"https:\/\/www.plymouthbrethrenchristianchurch.org\/#\/schema\/logo\/image\/","url":"https:\/\/www.plymouthbrethrenchristianchurch.org\/wp-content\/uploads\/2020\/05\/site-logo.svg","contentUrl":"https:\/\/www.plymouthbrethrenchristianchurch.org\/wp-content\/uploads\/2020\/05\/site-logo.svg","caption":"Plymouth Brethren Christian Church"},"image":{"@id":"https:\/\/www.plymouthbrethrenchristianchurch.org\/#\/schema\/logo\/image\/"},"sameAs":["https:\/\/www.facebook.com\/PlymouthBrethrenChristianChurch","https:\/\/www.youtube.com\/channel\/UC76fGueDJBbLvhs988yTBXQ","https:\/\/www.pinterest.com.au\/plymouthbcc\/"]}]}},"_links":{"self":[{"href":"https:\/\/www.plymouthbrethrenchristianchurch.org\/fr\/wp-json\/wp\/v2\/pages\/2801"}],"collection":[{"href":"https:\/\/www.plymouthbrethrenchristianchurch.org\/fr\/wp-json\/wp\/v2\/pages"}],"about":[{"href":"https:\/\/www.plymouthbrethrenchristianchurch.org\/fr\/wp-json\/wp\/v2\/types\/page"}],"author":[{"embeddable":true,"href":"https:\/\/www.plymouthbrethrenchristianchurch.org\/fr\/wp-json\/wp\/v2\/users\/2"}],"replies":[{"embeddable":true,"href":"https:\/\/www.plymouthbrethrenchristianchurch.org\/fr\/wp-json\/wp\/v2\/comments?post=2801"}],"version-history":[{"count":11,"href":"https:\/\/www.plymouthbrethrenchristianchurch.org\/fr\/wp-json\/wp\/v2\/pages\/2801\/revisions"}],"predecessor-version":[{"id":11870,"href":"https:\/\/www.plymouthbrethrenchristianchurch.org\/fr\/wp-json\/wp\/v2\/pages\/2801\/revisions\/11870"}],"up":[{"embeddable":true,"href":"https:\/\/www.plymouthbrethrenchristianchurch.org\/fr\/wp-json\/wp\/v2\/pages\/2904"}],"wp:attachment":[{"href":"https:\/\/www.plymouthbrethrenchristianchurch.org\/fr\/wp-json\/wp\/v2\/media?parent=2801"}],"curies":[{"name":"wp","href":"https:\/\/api.w.org\/{rel}","templated":true}]}}