{"id":2804,"date":"2020-04-30T06:52:37","date_gmt":"2020-04-29T20:52:37","guid":{"rendered":"https:\/\/www.plymouthbrethrenchristianchurch.org\/qui-nous-sommes\/histoires-de-membres\/"},"modified":"2025-06-18T01:09:01","modified_gmt":"2025-06-17T15:09:01","slug":"histoires-de-membres","status":"publish","type":"page","link":"https:\/\/www.plymouthbrethrenchristianchurch.org\/fr\/histoires-de-membres\/","title":{"rendered":"Nos membres"},"content":{"rendered":"","protected":false},"excerpt":{"rendered":"","protected":false},"author":1,"featured_media":0,"parent":0,"menu_order":1,"comment_status":"closed","ping_status":"closed","template":"page-templates\/acf-flexible-content.php","meta":{"_acf_changed":false,"_relevanssi_hide_post":"","_relevanssi_hide_content":"","_relevanssi_pin_for_all":"","_relevanssi_pin_keywords":"","_relevanssi_unpin_keywords":"","_relevanssi_related_keywords":"","_relevanssi_related_include_ids":"","_relevanssi_related_exclude_ids":"","_relevanssi_related_no_append":"","_relevanssi_related_not_related":"","_relevanssi_related_posts":"","_relevanssi_noindex_reason":"","inline_featured_image":false,"footnotes":""},"class_list":["post-2804","page","type-page","status-publish","hentry"],"acf":{"post_page_video":"","content":[{"acf_fc_layout":"page_header_with_links","override_title":true,"custom_title":"Rencontrez nos membres","intro_text":"<p><span class=\"TextRun SCXW162993826 BCX8\" lang=\"EN-US\" data-contrast=\"auto\" xml:lang=\"EN-US\"><span class=\"NormalTextRun SCXW162993826 BCX8\">Rencontrez les <\/span><span class=\"NormalTextRun SCXW162993826 BCX8\">personnes<\/span> <span class=\"NormalTextRun SCXW162993826 BCX8\">qui composent notre communaut\u00e9, l\u2019\u00e9glise chr\u00e9tienne des Fr\u00e8res de Plymouth (PBCC), alors qu\u2019ils <\/span><span class=\"NormalTextRun SCXW162993826 BCX8\"><span class=\"NormalTextRun SCXW162993826 BCX8\"> vous invitent \u00e0 avoir un aper\u00e7u de leur <\/span> vie <span class=\"NormalTextRun SCXW162993826 BCX8\">quotidienne<\/span><span class=\"NormalTextRun SCXW162993826 BCX8\">. <\/span><\/span> <\/span><\/p>\n","enable_button":false,"button":{"button_text":"","button_url":"","open_in_new_tab":false,"button_class":""},"link_source":"menu","select_a_menu":{"value":"13","label":"Menu principal"},"menu_title":"","custom_links":false,"header_styles":{"":null,"background_colour":"#ffffff","background_image":6385,"text_colour":"black"},"row_class":""},{"acf_fc_layout":"article_grid","per_page":"9","columns":"3","include_categories":[91],"exclude_categories":[97,103,26],"enable_pagination":true},{"acf_fc_layout":"social_media_feed","section_heading":"Restez connect\u00e9","content":"<p>Restez \u00e0 jour avec l\u2019\u00e9glise chr\u00e9tienne des Fr\u00e8res de Plymouth (PBCC) et abonnez-vous \u00e0 notre cha\u00eene YouTube.<\/p>\n","text_color":"--color-foxtrot","feed_shortcode":"[youtube-feed feed=2]","width":"full_width","row_class":"","section_class":"background-overlay","background_image":"https:\/\/www.plymouthbrethrenchristianchurch.org\/wp-content\/uploads\/2020\/06\/gospel-hall-design-plymouth-brethren.jpg","background_color":"--color-bravo","module_padding":{"":null,"padding_top_xs":"","padding_bottom_xs":"","padding_left_xs":"","padding_right_xs":"","padding_top_md":"","padding_bottom_md":"","padding_left_md":"","padding_right_md":"","padding_top_lg":"","padding_bottom_lg":"","padding_left_lg":"","padding_right_lg":""}}]},"yoast_head":"<!-- This site is optimized with the Yoast SEO plugin v25.2 - https:\/\/yoast.com\/wordpress\/plugins\/seo\/ -->\n<title>Nos membres | Plymouth Brethren Christian Church<\/title>\n<meta name=\"description\" content=\"Apprenez-en plus sur les membres de l\u2019\u00e9glise chr\u00e9tienne des Fr\u00e8res de Plymouth. Une communaut\u00e9 chr\u00e9tienne mondiale bas\u00e9e sur l\u2019attention et la compassion.\" \/>\n<meta name=\"robots\" content=\"index, follow, max-snippet:-1, max-image-preview:large, max-video-preview:-1\" \/>\n<link rel=\"canonical\" href=\"https:\/\/www.plymouthbrethrenchristianchurch.org\/fr\/histoires-de-membres\/\" \/>\n<meta property=\"og:locale\" content=\"fr_FR\" \/>\n<meta property=\"og:type\" content=\"article\" \/>\n<meta property=\"og:title\" content=\"Nos membres | Plymouth Brethren Christian Church\" \/>\n<meta property=\"og:description\" content=\"Apprenez-en plus sur les membres de l\u2019\u00e9glise chr\u00e9tienne des Fr\u00e8res de Plymouth. Une communaut\u00e9 chr\u00e9tienne mondiale bas\u00e9e sur l\u2019attention et la compassion.\" \/>\n<meta property=\"og:url\" content=\"https:\/\/www.plymouthbrethrenchristianchurch.org\/fr\/histoires-de-membres\/\" \/>\n<meta property=\"og:site_name\" content=\"Plymouth Brethren Christian Church\" \/>\n<meta property=\"article:publisher\" content=\"https:\/\/www.facebook.com\/PlymouthBrethrenChristianChurch\" \/>\n<meta property=\"article:modified_time\" content=\"2025-06-17T15:09:01+00:00\" \/>\n<meta name=\"twitter:card\" content=\"summary_large_image\" \/>\n<script type=\"application\/ld+json\" class=\"yoast-schema-graph\">{\"@context\":\"https:\/\/schema.org\",\"@graph\":[{\"@type\":\"WebPage\",\"@id\":\"https:\/\/www.plymouthbrethrenchristianchurch.org\/fr\/histoires-de-membres\/\",\"url\":\"https:\/\/www.plymouthbrethrenchristianchurch.org\/fr\/histoires-de-membres\/\",\"name\":\"Nos membres | Plymouth Brethren Christian Church\",\"isPartOf\":{\"@id\":\"https:\/\/www.plymouthbrethrenchristianchurch.org\/#website\"},\"datePublished\":\"2020-04-29T20:52:37+00:00\",\"dateModified\":\"2025-06-17T15:09:01+00:00\",\"description\":\"Apprenez-en plus sur les membres de l\u2019\u00e9glise chr\u00e9tienne des Fr\u00e8res de Plymouth. Une communaut\u00e9 chr\u00e9tienne mondiale bas\u00e9e sur l\u2019attention et la compassion.\",\"breadcrumb\":{\"@id\":\"https:\/\/www.plymouthbrethrenchristianchurch.org\/fr\/histoires-de-membres\/#breadcrumb\"},\"inLanguage\":\"fr-FR\",\"potentialAction\":[{\"@type\":\"ReadAction\",\"target\":[\"https:\/\/www.plymouthbrethrenchristianchurch.org\/fr\/histoires-de-membres\/\"]}]},{\"@type\":\"BreadcrumbList\",\"@id\":\"https:\/\/www.plymouthbrethrenchristianchurch.org\/fr\/histoires-de-membres\/#breadcrumb\",\"itemListElement\":[{\"@type\":\"ListItem\",\"position\":1,\"name\":\"Home\",\"item\":\"https:\/\/www.plymouthbrethrenchristianchurch.org\/fr\/accueil\/\"},{\"@type\":\"ListItem\",\"position\":2,\"name\":\"Nos membres\"}]},{\"@type\":\"WebSite\",\"@id\":\"https:\/\/www.plymouthbrethrenchristianchurch.org\/#website\",\"url\":\"https:\/\/www.plymouthbrethrenchristianchurch.org\/\",\"name\":\"Plymouth Brethren Christian Church\",\"description\":\"\",\"publisher\":{\"@id\":\"https:\/\/www.plymouthbrethrenchristianchurch.org\/#organization\"},\"potentialAction\":[{\"@type\":\"SearchAction\",\"target\":{\"@type\":\"EntryPoint\",\"urlTemplate\":\"https:\/\/www.plymouthbrethrenchristianchurch.org\/?s={search_term_string}\"},\"query-input\":{\"@type\":\"PropertyValueSpecification\",\"valueRequired\":true,\"valueName\":\"search_term_string\"}}],\"inLanguage\":\"fr-FR\"},{\"@type\":\"Organization\",\"@id\":\"https:\/\/www.plymouthbrethrenchristianchurch.org\/#organization\",\"name\":\"Plymouth Brethren Christian Church\",\"url\":\"https:\/\/www.plymouthbrethrenchristianchurch.org\/\",\"logo\":{\"@type\":\"ImageObject\",\"inLanguage\":\"fr-FR\",\"@id\":\"https:\/\/www.plymouthbrethrenchristianchurch.org\/#\/schema\/logo\/image\/\",\"url\":\"https:\/\/www.plymouthbrethrenchristianchurch.org\/wp-content\/uploads\/2020\/05\/site-logo.svg\",\"contentUrl\":\"https:\/\/www.plymouthbrethrenchristianchurch.org\/wp-content\/uploads\/2020\/05\/site-logo.svg\",\"caption\":\"Plymouth Brethren Christian Church\"},\"image\":{\"@id\":\"https:\/\/www.plymouthbrethrenchristianchurch.org\/#\/schema\/logo\/image\/\"},\"sameAs\":[\"https:\/\/www.facebook.com\/PlymouthBrethrenChristianChurch\",\"https:\/\/www.youtube.com\/channel\/UC76fGueDJBbLvhs988yTBXQ\",\"https:\/\/www.pinterest.com.au\/plymouthbcc\/\"]}]}<\/script>\n<!-- \/ Yoast SEO plugin. -->","yoast_head_json":{"title":"Nos membres | Plymouth Brethren Christian Church","description":"Apprenez-en plus sur les membres de l\u2019\u00e9glise chr\u00e9tienne des Fr\u00e8res de Plymouth. Une communaut\u00e9 chr\u00e9tienne mondiale bas\u00e9e sur l\u2019attention et la compassion.","robots":{"index":"index","follow":"follow","max-snippet":"max-snippet:-1","max-image-preview":"max-image-preview:large","max-video-preview":"max-video-preview:-1"},"canonical":"https:\/\/www.plymouthbrethrenchristianchurch.org\/fr\/histoires-de-membres\/","og_locale":"fr_FR","og_type":"article","og_title":"Nos membres | Plymouth Brethren Christian Church","og_description":"Apprenez-en plus sur les membres de l\u2019\u00e9glise chr\u00e9tienne des Fr\u00e8res de Plymouth. Une communaut\u00e9 chr\u00e9tienne mondiale bas\u00e9e sur l\u2019attention et la compassion.","og_url":"https:\/\/www.plymouthbrethrenchristianchurch.org\/fr\/histoires-de-membres\/","og_site_name":"Plymouth Brethren Christian Church","article_publisher":"https:\/\/www.facebook.com\/PlymouthBrethrenChristianChurch","article_modified_time":"2025-06-17T15:09:01+00:00","twitter_card":"summary_large_image","schema":{"@context":"https:\/\/schema.org","@graph":[{"@type":"WebPage","@id":"https:\/\/www.plymouthbrethrenchristianchurch.org\/fr\/histoires-de-membres\/","url":"https:\/\/www.plymouthbrethrenchristianchurch.org\/fr\/histoires-de-membres\/","name":"Nos membres | Plymouth Brethren Christian Church","isPartOf":{"@id":"https:\/\/www.plymouthbrethrenchristianchurch.org\/#website"},"datePublished":"2020-04-29T20:52:37+00:00","dateModified":"2025-06-17T15:09:01+00:00","description":"Apprenez-en plus sur les membres de l\u2019\u00e9glise chr\u00e9tienne des Fr\u00e8res de Plymouth. Une communaut\u00e9 chr\u00e9tienne mondiale bas\u00e9e sur l\u2019attention et la compassion.","breadcrumb":{"@id":"https:\/\/www.plymouthbrethrenchristianchurch.org\/fr\/histoires-de-membres\/#breadcrumb"},"inLanguage":"fr-FR","potentialAction":[{"@type":"ReadAction","target":["https:\/\/www.plymouthbrethrenchristianchurch.org\/fr\/histoires-de-membres\/"]}]},{"@type":"BreadcrumbList","@id":"https:\/\/www.plymouthbrethrenchristianchurch.org\/fr\/histoires-de-membres\/#breadcrumb","itemListElement":[{"@type":"ListItem","position":1,"name":"Home","item":"https:\/\/www.plymouthbrethrenchristianchurch.org\/fr\/accueil\/"},{"@type":"ListItem","position":2,"name":"Nos membres"}]},{"@type":"WebSite","@id":"https:\/\/www.plymouthbrethrenchristianchurch.org\/#website","url":"https:\/\/www.plymouthbrethrenchristianchurch.org\/","name":"Plymouth Brethren Christian Church","description":"","publisher":{"@id":"https:\/\/www.plymouthbrethrenchristianchurch.org\/#organization"},"potentialAction":[{"@type":"SearchAction","target":{"@type":"EntryPoint","urlTemplate":"https:\/\/www.plymouthbrethrenchristianchurch.org\/?s={search_term_string}"},"query-input":{"@type":"PropertyValueSpecification","valueRequired":true,"valueName":"search_term_string"}}],"inLanguage":"fr-FR"},{"@type":"Organization","@id":"https:\/\/www.plymouthbrethrenchristianchurch.org\/#organization","name":"Plymouth Brethren Christian Church","url":"https:\/\/www.plymouthbrethrenchristianchurch.org\/","logo":{"@type":"ImageObject","inLanguage":"fr-FR","@id":"https:\/\/www.plymouthbrethrenchristianchurch.org\/#\/schema\/logo\/image\/","url":"https:\/\/www.plymouthbrethrenchristianchurch.org\/wp-content\/uploads\/2020\/05\/site-logo.svg","contentUrl":"https:\/\/www.plymouthbrethrenchristianchurch.org\/wp-content\/uploads\/2020\/05\/site-logo.svg","caption":"Plymouth Brethren Christian Church"},"image":{"@id":"https:\/\/www.plymouthbrethrenchristianchurch.org\/#\/schema\/logo\/image\/"},"sameAs":["https:\/\/www.facebook.com\/PlymouthBrethrenChristianChurch","https:\/\/www.youtube.com\/channel\/UC76fGueDJBbLvhs988yTBXQ","https:\/\/www.pinterest.com.au\/plymouthbcc\/"]}]}},"_links":{"self":[{"href":"https:\/\/www.plymouthbrethrenchristianchurch.org\/fr\/wp-json\/wp\/v2\/pages\/2804"}],"collection":[{"href":"https:\/\/www.plymouthbrethrenchristianchurch.org\/fr\/wp-json\/wp\/v2\/pages"}],"about":[{"href":"https:\/\/www.plymouthbrethrenchristianchurch.org\/fr\/wp-json\/wp\/v2\/types\/page"}],"author":[{"embeddable":true,"href":"https:\/\/www.plymouthbrethrenchristianchurch.org\/fr\/wp-json\/wp\/v2\/users\/1"}],"replies":[{"embeddable":true,"href":"https:\/\/www.plymouthbrethrenchristianchurch.org\/fr\/wp-json\/wp\/v2\/comments?post=2804"}],"version-history":[{"count":3,"href":"https:\/\/www.plymouthbrethrenchristianchurch.org\/fr\/wp-json\/wp\/v2\/pages\/2804\/revisions"}],"predecessor-version":[{"id":9228,"href":"https:\/\/www.plymouthbrethrenchristianchurch.org\/fr\/wp-json\/wp\/v2\/pages\/2804\/revisions\/9228"}],"wp:attachment":[{"href":"https:\/\/www.plymouthbrethrenchristianchurch.org\/fr\/wp-json\/wp\/v2\/media?parent=2804"}],"curies":[{"name":"wp","href":"https:\/\/api.w.org\/{rel}","templated":true}]}}