{"id":2844,"date":"2020-04-30T06:50:18","date_gmt":"2020-04-29T20:50:18","guid":{"rendered":"https:\/\/www.plymouthbrethrenchristianchurch.org\/education\/"},"modified":"2024-09-10T15:40:51","modified_gmt":"2024-09-10T05:40:51","slug":"education","status":"publish","type":"page","link":"https:\/\/www.plymouthbrethrenchristianchurch.org\/fr\/education\/","title":{"rendered":"\u00c9ducation"},"content":{"rendered":"","protected":false},"excerpt":{"rendered":"<p>L\u2019\u00e9ducation est d\u2019une grande importance pour la Communaut\u00e9 des Fr\u00e8res, car elle joue un r\u00f4le cl\u00e9 dans la construction de l\u2019avenir de nos enfants, en leur dotant de comp\u00e9tences essentielles pour la vie.  <\/p>\n","protected":false},"author":1,"featured_media":6542,"parent":0,"menu_order":10,"comment_status":"closed","ping_status":"closed","template":"page-templates\/acf-flexible-content.php","meta":{"_acf_changed":false,"_relevanssi_hide_post":"","_relevanssi_hide_content":"","_relevanssi_pin_for_all":"","_relevanssi_pin_keywords":"","_relevanssi_unpin_keywords":"","_relevanssi_related_keywords":"","_relevanssi_related_include_ids":"","_relevanssi_related_exclude_ids":"","_relevanssi_related_no_append":"","_relevanssi_related_not_related":"","_relevanssi_related_posts":"","_relevanssi_noindex_reason":"","inline_featured_image":false,"footnotes":""},"class_list":["post-2844","page","type-page","status-publish","has-post-thumbnail","hentry"],"acf":{"post_page_video":"","content":[{"acf_fc_layout":"page_header_with_links","override_title":false,"custom_title":"","intro_text":"<p>L\u2019\u00e9ducation est d\u2019une grande importance pour la Communaut\u00e9 des Fr\u00e8res, car elle joue un r\u00f4le cl\u00e9 dans la construction de l\u2019avenir de nos enfants, en les dotant de comp\u00e9tences essentielles pour la vie.<\/p>\n","enable_button":true,"button":{"button_text":"","button_url":"","open_in_new_tab":false,"button_class":""},"link_source":"off","select_a_menu":false,"menu_title":"","custom_links":false,"header_styles":{"":null,"background_colour":"#ffffff","background_image":2258,"text_colour":"black"},"row_class":""},{"acf_fc_layout":"module_section","row":[{"column_gap":"4","column":[{"module":[{"acf_fc_layout":"rich_media_block","image":false,"header":{"":null,"title":"Innovation dans l\u2019\u00e9ducation","heading_level":"h2","header_styles":{"":null,"background_colour":"","background_image":false,"text_colour":"orange"},"make_separator":false},"content":"<p>Gr\u00e2ce \u00e0 une approche d\u2019apprentissage autog\u00e9r\u00e9e et ax\u00e9e sur la technologie, OneSchool Global est reconnue comme un chef de file mondial dans l\u2019apprentissage en ligne. Les environnements d\u2019apprentissage physique et num\u00e9rique modernes et technologiques de OneSchool cr\u00e9ent une atmosph\u00e8re attrayante et accueillante pour les \u00e9l\u00e8ves et les enseignants.<\/p>\n","enable_button":false,"button":{"button_text":"","button_url":"","open_in_new_tab":false,"button_class":""},"class":""}],"columns_sm":"4","columns_md":"none","columns_lg":"4"},{"module":[{"acf_fc_layout":"rich_media_block","image":false,"header":{"":null,"title":"Environnement favorable","heading_level":"h2","header_styles":{"":null,"background_colour":"","background_image":false,"text_colour":"violet"},"make_separator":false},"content":"<p>OneSchool Global est une \u00e9cole ind\u00e9pendante enregistr\u00e9e dans chacun des 20 pays dans lesquels elle op\u00e8re. Le profil solide de 2000 employ\u00e9s de OneSchool Global comprend des enseignants qualifi\u00e9s professionnellement, du personnel administratif et de soutien, en plus de nombreux b\u00e9n\u00e9voles engag\u00e9s au niveau du campus. Le personnel n\u2019est pas membre de la communaut\u00e9 de l\u2019\u00c9glise, mais partage une relation de travail positive avec les parents et les autres membres de la communaut\u00e9 scolaire au sens large.<\/p>\n","enable_button":false,"button":{"button_text":"","button_url":"","open_in_new_tab":false,"button_class":""},"class":""}],"columns_sm":"4","columns_md":"none","columns_lg":"4"},{"module":[{"acf_fc_layout":"rich_media_block","image":false,"header":{"":null,"title":"Apprentissage tout au long de la vie","heading_level":"h2","header_styles":{"":null,"background_colour":"","background_image":false,"text_colour":"brown"},"make_separator":false},"content":"<p>Lors de tests ind\u00e9pendants effectu\u00e9s par plus de 13 millions d\u2019\u00e9tudiants dans le monde, oneschool global students perform above the average in all testing areas. De nombreux \u00e9tudiants entrent en formation postsecondaire aupr\u00e8s d\u2019organismes de formation enregistr\u00e9s et d\u2019autres fournisseurs d\u2019enseignement sup\u00e9rieur.<\/p>\n","enable_button":false,"button":{"button_text":"","button_url":"","open_in_new_tab":false,"button_class":""},"class":""}],"columns_sm":"4","columns_md":"none","columns_lg":"4"}],"row_class":"","module_padding":{"":null,"padding_top_xs":"","padding_bottom_xs":"","padding_left_xs":"","padding_right_xs":"","padding_top_md":"","padding_bottom_md":"","padding_left_md":"","padding_right_md":"","padding_top_lg":"","padding_bottom_lg":"","padding_left_lg":"","padding_right_lg":""},"module_margin":{"":null,"margin_top_xs":"","margin_bottom_xs":"","margin_left_xs":"","margin_right_xs":"","margin_top_md":"","margin_bottom_md":"","margin_left_md":"","margin_right_md":"","margin_top_lg":"","margin_bottom_lg":"","margin_left_lg":"","margin_right_lg":""}}],"section_heading":"","section_class":"py-0","module_padding":{"":null,"padding_top_xs":"","padding_bottom_xs":"","padding_left_xs":"","padding_right_xs":"","padding_top_md":"","padding_bottom_md":"","padding_left_md":"","padding_right_md":"","padding_top_lg":"","padding_bottom_lg":"","padding_left_lg":"","padding_right_lg":""},"module_margin":{"":null,"margin_top_xs":"","margin_bottom_xs":"","margin_left_xs":"","margin_right_xs":"","margin_top_md":"","margin_bottom_md":"","margin_left_md":"","margin_right_md":"","margin_top_lg":"","margin_bottom_lg":"","margin_left_lg":"","margin_right_lg":""}},{"acf_fc_layout":"content_grid_1_2","section_title":"","content_row":[{"content_title":"Nos \u00e9coles","content_body":"<p>En 1994, nous avons cr\u00e9\u00e9 un r\u00e9seau scolaire \u2013 OneSchool Global. Actuellement, OneSchool Global \u00e9duque plus de 9 000 \u00e9tudiants, dans plus de 125 campus, dans 20 pays, ce qui en fait l\u2019une des plus grandes \u00e9coles ind\u00e9pendantes au monde. La communaut\u00e9 de l\u2019\u00c9glise croit que la salle de classe n\u2019est pas le lieu de la religion, et en tant que tel, il n\u2019y a pas de services religieux ou des mati\u00e8res bas\u00e9es sur la religion enseign\u00e9es \u00e0 travers les campus oneschool global. Pour en savoir plus, visitez le site Web de One School Global.<\/p>\n","image":1905,"enable_quote_overlay":false,"quote_overlay":{"quote_text":"","quote_source":""},"icon":{"icon":false,"icon_position":"left","icon_vertical_offset":""},"enable_link":true,"link":{"title":"","url":"https:\/\/www.oneschoolglobal.com\/","target":"_blank"},"header_styles":{"":null,"background_colour":"","background_image":false,"text_colour":"orange"}},{"content_title":"Faq","content_body":"<p>Apprenez-en plus sur l\u2019\u00c9glise chr\u00e9tienne des Fr\u00e8res de Plymouth en parcourant nos questions les plus fr\u00e9quemment pos\u00e9es.<\/p>\n","image":2502,"enable_quote_overlay":false,"quote_overlay":{"quote_text":"","quote_source":""},"icon":{"icon":false,"icon_position":"left","icon_vertical_offset":""},"enable_link":true,"link":{"title":"Faq","url":"https:\/\/www.plymouthbrethrenchristianchurch.org\/fr\/accueil\/histoires-de-membres\/faq\/","target":""},"header_styles":{"":null,"background_colour":"","background_image":false,"text_colour":"violet"}}]},{"acf_fc_layout":"quote_section","background_color":"orange","passage_text":"Entra\u00eenez un enfant comme il le devrait : et quand il sera vieux, il ne s\u2019en \u00e9cartera pas.","passage_source":"Proverbes 22 v 6","background_image":1929}]},"yoast_head":"<!-- This site is optimized with the Yoast SEO plugin v25.2 - https:\/\/yoast.com\/wordpress\/plugins\/seo\/ -->\n<title>\u00c9ducation | Plymouth Brethren Christian Church<\/title>\n<meta name=\"description\" content=\"Visit the \u00c9ducation page on the website of the Plymouth Brethren Christian Church, a Christian fellowship based on the Holy Bible as the Word of God.\" \/>\n<meta name=\"robots\" content=\"index, follow, max-snippet:-1, max-image-preview:large, max-video-preview:-1\" \/>\n<link rel=\"canonical\" href=\"https:\/\/www.plymouthbrethrenchristianchurch.org\/fr\/education\/\" \/>\n<meta property=\"og:locale\" content=\"fr_FR\" \/>\n<meta property=\"og:type\" content=\"article\" \/>\n<meta property=\"og:title\" content=\"\u00c9ducation | Plymouth Brethren Christian Church\" \/>\n<meta property=\"og:description\" content=\"Visit the \u00c9ducation page on the website of the Plymouth Brethren Christian Church, a Christian fellowship based on the Holy Bible as the Word of God.\" \/>\n<meta property=\"og:url\" content=\"https:\/\/www.plymouthbrethrenchristianchurch.org\/fr\/education\/\" \/>\n<meta property=\"og:site_name\" content=\"Plymouth Brethren Christian Church\" \/>\n<meta property=\"article:publisher\" content=\"https:\/\/www.facebook.com\/PlymouthBrethrenChristianChurch\" \/>\n<meta property=\"article:modified_time\" content=\"2024-09-10T05:40:51+00:00\" \/>\n<meta property=\"og:image\" content=\"https:\/\/www.plymouthbrethrenchristianchurch.org\/wp-content\/uploads\/2024\/07\/OneSchool-Global.webp\" \/>\n\t<meta property=\"og:image:width\" content=\"368\" \/>\n\t<meta property=\"og:image:height\" content=\"366\" \/>\n\t<meta property=\"og:image:type\" content=\"image\/webp\" \/>\n<meta name=\"twitter:card\" content=\"summary_large_image\" \/>\n<meta name=\"twitter:label1\" content=\"Dur\u00e9e de lecture estim\u00e9e\" \/>\n\t<meta name=\"twitter:data1\" content=\"1 minute\" \/>\n<script type=\"application\/ld+json\" class=\"yoast-schema-graph\">{\"@context\":\"https:\/\/schema.org\",\"@graph\":[{\"@type\":\"WebPage\",\"@id\":\"https:\/\/www.plymouthbrethrenchristianchurch.org\/fr\/education\/\",\"url\":\"https:\/\/www.plymouthbrethrenchristianchurch.org\/fr\/education\/\",\"name\":\"\u00c9ducation | Plymouth Brethren Christian Church\",\"isPartOf\":{\"@id\":\"https:\/\/www.plymouthbrethrenchristianchurch.org\/#website\"},\"primaryImageOfPage\":{\"@id\":\"https:\/\/www.plymouthbrethrenchristianchurch.org\/fr\/education\/#primaryimage\"},\"image\":{\"@id\":\"https:\/\/www.plymouthbrethrenchristianchurch.org\/fr\/education\/#primaryimage\"},\"thumbnailUrl\":\"https:\/\/www.plymouthbrethrenchristianchurch.org\/wp-content\/uploads\/2024\/07\/OneSchool-Global.webp\",\"datePublished\":\"2020-04-29T20:50:18+00:00\",\"dateModified\":\"2024-09-10T05:40:51+00:00\",\"description\":\"Visit the \u00c9ducation page on the website of the Plymouth Brethren Christian Church, a Christian fellowship based on the Holy Bible as the Word of God.\",\"breadcrumb\":{\"@id\":\"https:\/\/www.plymouthbrethrenchristianchurch.org\/fr\/education\/#breadcrumb\"},\"inLanguage\":\"fr-FR\",\"potentialAction\":[{\"@type\":\"ReadAction\",\"target\":[\"https:\/\/www.plymouthbrethrenchristianchurch.org\/fr\/education\/\"]}]},{\"@type\":\"ImageObject\",\"inLanguage\":\"fr-FR\",\"@id\":\"https:\/\/www.plymouthbrethrenchristianchurch.org\/fr\/education\/#primaryimage\",\"url\":\"https:\/\/www.plymouthbrethrenchristianchurch.org\/wp-content\/uploads\/2024\/07\/OneSchool-Global.webp\",\"contentUrl\":\"https:\/\/www.plymouthbrethrenchristianchurch.org\/wp-content\/uploads\/2024\/07\/OneSchool-Global.webp\",\"width\":368,\"height\":366,\"caption\":\"OneSchool Global logo\"},{\"@type\":\"BreadcrumbList\",\"@id\":\"https:\/\/www.plymouthbrethrenchristianchurch.org\/fr\/education\/#breadcrumb\",\"itemListElement\":[{\"@type\":\"ListItem\",\"position\":1,\"name\":\"Home\",\"item\":\"https:\/\/www.plymouthbrethrenchristianchurch.org\/fr\/accueil\/\"},{\"@type\":\"ListItem\",\"position\":2,\"name\":\"\u00c9ducation\"}]},{\"@type\":\"WebSite\",\"@id\":\"https:\/\/www.plymouthbrethrenchristianchurch.org\/#website\",\"url\":\"https:\/\/www.plymouthbrethrenchristianchurch.org\/\",\"name\":\"Plymouth Brethren Christian Church\",\"description\":\"\",\"publisher\":{\"@id\":\"https:\/\/www.plymouthbrethrenchristianchurch.org\/#organization\"},\"potentialAction\":[{\"@type\":\"SearchAction\",\"target\":{\"@type\":\"EntryPoint\",\"urlTemplate\":\"https:\/\/www.plymouthbrethrenchristianchurch.org\/?s={search_term_string}\"},\"query-input\":{\"@type\":\"PropertyValueSpecification\",\"valueRequired\":true,\"valueName\":\"search_term_string\"}}],\"inLanguage\":\"fr-FR\"},{\"@type\":\"Organization\",\"@id\":\"https:\/\/www.plymouthbrethrenchristianchurch.org\/#organization\",\"name\":\"Plymouth Brethren Christian Church\",\"url\":\"https:\/\/www.plymouthbrethrenchristianchurch.org\/\",\"logo\":{\"@type\":\"ImageObject\",\"inLanguage\":\"fr-FR\",\"@id\":\"https:\/\/www.plymouthbrethrenchristianchurch.org\/#\/schema\/logo\/image\/\",\"url\":\"https:\/\/www.plymouthbrethrenchristianchurch.org\/wp-content\/uploads\/2020\/05\/site-logo.svg\",\"contentUrl\":\"https:\/\/www.plymouthbrethrenchristianchurch.org\/wp-content\/uploads\/2020\/05\/site-logo.svg\",\"caption\":\"Plymouth Brethren Christian Church\"},\"image\":{\"@id\":\"https:\/\/www.plymouthbrethrenchristianchurch.org\/#\/schema\/logo\/image\/\"},\"sameAs\":[\"https:\/\/www.facebook.com\/PlymouthBrethrenChristianChurch\",\"https:\/\/www.youtube.com\/channel\/UC76fGueDJBbLvhs988yTBXQ\",\"https:\/\/www.pinterest.com.au\/plymouthbcc\/\"]}]}<\/script>\n<!-- \/ Yoast SEO plugin. -->","yoast_head_json":{"title":"\u00c9ducation | Plymouth Brethren Christian Church","description":"Visit the \u00c9ducation page on the website of the Plymouth Brethren Christian Church, a Christian fellowship based on the Holy Bible as the Word of God.","robots":{"index":"index","follow":"follow","max-snippet":"max-snippet:-1","max-image-preview":"max-image-preview:large","max-video-preview":"max-video-preview:-1"},"canonical":"https:\/\/www.plymouthbrethrenchristianchurch.org\/fr\/education\/","og_locale":"fr_FR","og_type":"article","og_title":"\u00c9ducation | Plymouth Brethren Christian Church","og_description":"Visit the \u00c9ducation page on the website of the Plymouth Brethren Christian Church, a Christian fellowship based on the Holy Bible as the Word of God.","og_url":"https:\/\/www.plymouthbrethrenchristianchurch.org\/fr\/education\/","og_site_name":"Plymouth Brethren Christian Church","article_publisher":"https:\/\/www.facebook.com\/PlymouthBrethrenChristianChurch","article_modified_time":"2024-09-10T05:40:51+00:00","og_image":[{"width":368,"height":366,"url":"https:\/\/www.plymouthbrethrenchristianchurch.org\/wp-content\/uploads\/2024\/07\/OneSchool-Global.webp","type":"image\/webp"}],"twitter_card":"summary_large_image","twitter_misc":{"Dur\u00e9e de lecture estim\u00e9e":"1 minute"},"schema":{"@context":"https:\/\/schema.org","@graph":[{"@type":"WebPage","@id":"https:\/\/www.plymouthbrethrenchristianchurch.org\/fr\/education\/","url":"https:\/\/www.plymouthbrethrenchristianchurch.org\/fr\/education\/","name":"\u00c9ducation | Plymouth Brethren Christian Church","isPartOf":{"@id":"https:\/\/www.plymouthbrethrenchristianchurch.org\/#website"},"primaryImageOfPage":{"@id":"https:\/\/www.plymouthbrethrenchristianchurch.org\/fr\/education\/#primaryimage"},"image":{"@id":"https:\/\/www.plymouthbrethrenchristianchurch.org\/fr\/education\/#primaryimage"},"thumbnailUrl":"https:\/\/www.plymouthbrethrenchristianchurch.org\/wp-content\/uploads\/2024\/07\/OneSchool-Global.webp","datePublished":"2020-04-29T20:50:18+00:00","dateModified":"2024-09-10T05:40:51+00:00","description":"Visit the \u00c9ducation page on the website of the Plymouth Brethren Christian Church, a Christian fellowship based on the Holy Bible as the Word of God.","breadcrumb":{"@id":"https:\/\/www.plymouthbrethrenchristianchurch.org\/fr\/education\/#breadcrumb"},"inLanguage":"fr-FR","potentialAction":[{"@type":"ReadAction","target":["https:\/\/www.plymouthbrethrenchristianchurch.org\/fr\/education\/"]}]},{"@type":"ImageObject","inLanguage":"fr-FR","@id":"https:\/\/www.plymouthbrethrenchristianchurch.org\/fr\/education\/#primaryimage","url":"https:\/\/www.plymouthbrethrenchristianchurch.org\/wp-content\/uploads\/2024\/07\/OneSchool-Global.webp","contentUrl":"https:\/\/www.plymouthbrethrenchristianchurch.org\/wp-content\/uploads\/2024\/07\/OneSchool-Global.webp","width":368,"height":366,"caption":"OneSchool Global logo"},{"@type":"BreadcrumbList","@id":"https:\/\/www.plymouthbrethrenchristianchurch.org\/fr\/education\/#breadcrumb","itemListElement":[{"@type":"ListItem","position":1,"name":"Home","item":"https:\/\/www.plymouthbrethrenchristianchurch.org\/fr\/accueil\/"},{"@type":"ListItem","position":2,"name":"\u00c9ducation"}]},{"@type":"WebSite","@id":"https:\/\/www.plymouthbrethrenchristianchurch.org\/#website","url":"https:\/\/www.plymouthbrethrenchristianchurch.org\/","name":"Plymouth Brethren Christian Church","description":"","publisher":{"@id":"https:\/\/www.plymouthbrethrenchristianchurch.org\/#organization"},"potentialAction":[{"@type":"SearchAction","target":{"@type":"EntryPoint","urlTemplate":"https:\/\/www.plymouthbrethrenchristianchurch.org\/?s={search_term_string}"},"query-input":{"@type":"PropertyValueSpecification","valueRequired":true,"valueName":"search_term_string"}}],"inLanguage":"fr-FR"},{"@type":"Organization","@id":"https:\/\/www.plymouthbrethrenchristianchurch.org\/#organization","name":"Plymouth Brethren Christian Church","url":"https:\/\/www.plymouthbrethrenchristianchurch.org\/","logo":{"@type":"ImageObject","inLanguage":"fr-FR","@id":"https:\/\/www.plymouthbrethrenchristianchurch.org\/#\/schema\/logo\/image\/","url":"https:\/\/www.plymouthbrethrenchristianchurch.org\/wp-content\/uploads\/2020\/05\/site-logo.svg","contentUrl":"https:\/\/www.plymouthbrethrenchristianchurch.org\/wp-content\/uploads\/2020\/05\/site-logo.svg","caption":"Plymouth Brethren Christian Church"},"image":{"@id":"https:\/\/www.plymouthbrethrenchristianchurch.org\/#\/schema\/logo\/image\/"},"sameAs":["https:\/\/www.facebook.com\/PlymouthBrethrenChristianChurch","https:\/\/www.youtube.com\/channel\/UC76fGueDJBbLvhs988yTBXQ","https:\/\/www.pinterest.com.au\/plymouthbcc\/"]}]}},"_links":{"self":[{"href":"https:\/\/www.plymouthbrethrenchristianchurch.org\/fr\/wp-json\/wp\/v2\/pages\/2844"}],"collection":[{"href":"https:\/\/www.plymouthbrethrenchristianchurch.org\/fr\/wp-json\/wp\/v2\/pages"}],"about":[{"href":"https:\/\/www.plymouthbrethrenchristianchurch.org\/fr\/wp-json\/wp\/v2\/types\/page"}],"author":[{"embeddable":true,"href":"https:\/\/www.plymouthbrethrenchristianchurch.org\/fr\/wp-json\/wp\/v2\/users\/1"}],"replies":[{"embeddable":true,"href":"https:\/\/www.plymouthbrethrenchristianchurch.org\/fr\/wp-json\/wp\/v2\/comments?post=2844"}],"version-history":[{"count":5,"href":"https:\/\/www.plymouthbrethrenchristianchurch.org\/fr\/wp-json\/wp\/v2\/pages\/2844\/revisions"}],"predecessor-version":[{"id":7992,"href":"https:\/\/www.plymouthbrethrenchristianchurch.org\/fr\/wp-json\/wp\/v2\/pages\/2844\/revisions\/7992"}],"wp:featuredmedia":[{"embeddable":true,"href":"https:\/\/www.plymouthbrethrenchristianchurch.org\/fr\/wp-json\/wp\/v2\/media\/6542"}],"wp:attachment":[{"href":"https:\/\/www.plymouthbrethrenchristianchurch.org\/fr\/wp-json\/wp\/v2\/media?parent=2844"}],"curies":[{"name":"wp","href":"https:\/\/api.w.org\/{rel}","templated":true}]}}