{"id":2849,"date":"2020-04-30T06:45:09","date_gmt":"2020-04-29T20:45:09","guid":{"rendered":"https:\/\/www.plymouthbrethrenchristianchurch.org\/ce-que-nous-croyons\/"},"modified":"2024-09-10T15:10:43","modified_gmt":"2024-09-10T05:10:43","slug":"ce-que-nous-croyons","status":"publish","type":"page","link":"https:\/\/www.plymouthbrethrenchristianchurch.org\/fr\/ce-que-nous-croyons\/","title":{"rendered":"Ce que nous croyons"},"content":{"rendered":"","protected":false},"excerpt":{"rendered":"<p>La Sainte Bible est la vraie Parole de Dieu et nous croyons que nous sommes chacun appel\u00e9s \u00e0 vivre une vie conform\u00e9ment \u00e0 ses instructions.<\/p>\n","protected":false},"author":1,"featured_media":0,"parent":0,"menu_order":3,"comment_status":"closed","ping_status":"closed","template":"page-templates\/acf-flexible-content.php","meta":{"_acf_changed":false,"_relevanssi_hide_post":"","_relevanssi_hide_content":"","_relevanssi_pin_for_all":"","_relevanssi_pin_keywords":"","_relevanssi_unpin_keywords":"","_relevanssi_related_keywords":"","_relevanssi_related_include_ids":"","_relevanssi_related_exclude_ids":"","_relevanssi_related_no_append":"","_relevanssi_related_not_related":"","_relevanssi_related_posts":"","_relevanssi_noindex_reason":"","inline_featured_image":false,"footnotes":""},"class_list":["post-2849","page","type-page","status-publish","hentry"],"acf":{"post_page_video":"","content":[{"acf_fc_layout":"page_header_with_links","override_title":false,"custom_title":"","intro_text":"<p>L\u2019\u00c9glise chr\u00e9tienne des Fr\u00e8res de Plymouth est une communion chr\u00e9tienne bas\u00e9e sur la Sainte Bible comme Parole de Dieu. Apprenez-en davantage sur les croyances et la foi des Fr\u00e8res de Plymouth.<\/p>\n","enable_button":false,"button":{"button_text":"","button_url":"","open_in_new_tab":false,"button_class":""},"link_source":"off","select_a_menu":{"value":"18","label":"Ce que nous croyons"},"menu_title":"","custom_links":false,"header_styles":{"":null,"background_colour":"#ffffff","background_image":2474,"text_colour":"black"},"row_class":""},{"acf_fc_layout":"module_section","row":[{"column_gap":"4","column":[{"module":[{"acf_fc_layout":"rich_media_block","image":false,"header":{"":null,"title":"La Sainte Bible","heading_level":"h2","header_styles":{"":null,"background_colour":"","background_image":false,"text_colour":"orange"},"make_separator":false},"content":"<p>La Sainte Bible est au c\u0153ur du mode de vie, des croyances, de la moralit\u00e9 et du code de conduite des Fr\u00e8res. Nous croyons que la Bible est la vraie Parole de Dieu, fournissant des conseils pour chaque partie de notre vie.<\/p>\n","enable_button":false,"button":{"button_text":"","button_url":"","open_in_new_tab":false,"button_class":""},"class":""}],"columns_sm":"4","columns_md":"none","columns_lg":"4"},{"module":[{"acf_fc_layout":"rich_media_block","image":false,"header":{"":null,"title":"Salut","heading_level":"h2","header_styles":{"":null,"background_colour":"","background_image":false,"text_colour":"violet"},"make_separator":false},"content":"<p>Notre travail \u00e9vang\u00e9lique est destin\u00e9 \u00e0 conduire les gens au Christ pour le salut de leurs \u00e2mes pour l\u2019instant et l\u2019\u00e9ternit\u00e9. Tous ceux qui sont pr\u00eats \u00e0 s\u2019engager dans nos croyances et notre mode de vie peuvent choisir de rejoindre notre \u00c9glise.<\/p>\n","enable_button":false,"button":{"button_text":"","button_url":"","open_in_new_tab":false,"button_class":""},"class":""}],"columns_sm":"4","columns_md":"none","columns_lg":"4"},{"module":[{"acf_fc_layout":"rich_media_block","image":false,"header":{"":null,"title":"En savoir plus","heading_level":"h2","header_styles":{"":null,"background_colour":"","background_image":false,"text_colour":"brown"},"make_separator":false},"content":"<p>Pour en savoir plus sur nos croyances, ou si vous voulez juste parler \u00e0 quelqu\u2019un de votre foi, vous pouvez <a href=\"https:\/\/www.plymouthbrethrenchristianchurch.org\/contact\/\">nous contacter<\/a>.<\/p>\n","enable_button":true,"button":{"button_text":"Contactez-nous","button_url":{"title":"","url":"https:\/\/www.plymouthbrethrenchristianchurch.org\/fr\/contact\/","target":""},"open_in_new_tab":false,"button_class":""},"class":""}],"columns_sm":"4","columns_md":"none","columns_lg":"4"}],"row_class":"","module_padding":{"":null,"padding_top_xs":"","padding_bottom_xs":"","padding_left_xs":"","padding_right_xs":"","padding_top_md":"","padding_bottom_md":"","padding_left_md":"","padding_right_md":"","padding_top_lg":"","padding_bottom_lg":"","padding_left_lg":"","padding_right_lg":""},"module_margin":{"":null,"margin_top_xs":"","margin_bottom_xs":"","margin_left_xs":"","margin_right_xs":"","margin_top_md":"","margin_bottom_md":"","margin_left_md":"","margin_right_md":"","margin_top_lg":"","margin_bottom_lg":"","margin_left_lg":"","margin_right_lg":""}}],"section_heading":"","section_class":"py-0","module_padding":{"":null,"padding_top_xs":"","padding_bottom_xs":"","padding_left_xs":"","padding_right_xs":"","padding_top_md":"","padding_bottom_md":"","padding_left_md":"","padding_right_md":"","padding_top_lg":"","padding_bottom_lg":"","padding_left_lg":"","padding_right_lg":""},"module_margin":{"":null,"margin_top_xs":"","margin_bottom_xs":"","margin_left_xs":"","margin_right_xs":"","margin_top_md":"","margin_bottom_md":"","margin_left_md":"","margin_right_md":"","margin_top_lg":"","margin_bottom_lg":"","margin_left_lg":"","margin_right_lg":""}},{"acf_fc_layout":"content_grid_1_2","section_title":"","content_row":[{"content_title":"Sainte Bible","content_body":"<p>Les Fr\u00e8res de Plymouth croient que la Sainte Bible est la vraie Parole de Dieu et nous croyons que nous sommes chacun appel\u00e9s \u00e0 vivre une vie conform\u00e9ment \u00e0 ses instructions. Nous croyons que la Sainte Bible fournit \u00e0 chacun de nous des conseils pr\u00e9cieux \u00e0 tous les aspects de la vie. Toute personne pr\u00eate \u00e0 s\u2019engager \u00e0 ces croyances et \u00e0 ce mode de vie est la bienvenue pour rejoindre notre \u00c9glise.<\/p>\n","image":2466,"enable_quote_overlay":false,"quote_overlay":{"quote_text":"","quote_source":""},"icon":{"icon":false,"icon_position":"left","icon_vertical_offset":""},"enable_link":true,"link":{"title":"Sainte Bible","url":"https:\/\/www.plymouthbrethrenchristianchurch.org\/fr\/ce-que-nous-croyons\/sainte-bible\/","target":""},"header_styles":{"":null,"background_colour":"","background_image":false,"text_colour":"orange"}},{"content_title":"Sujets \u00e9vang\u00e9liques","content_body":"<p>Nous avons la m\u00eame foi que tout vrai chr\u00e9tien et en tant que tel nous croyons que la croissance spirituelle surgit lorsque les enseignements de la Bible sont appliqu\u00e9s \u00e0 la vie quotidienne. Cet engagement envers la Parole de Dieu est l\u2019une des raisons pour lesquelles nos membres pr\u00eachent l\u2019\u00c9vangile dans la rue. Nous voyons la diff\u00e9rence durable que l\u2019\u00c9vangile a sur les vies et souhaitons sinc\u00e8rement partager l\u2019occasion avec les autres de les guider vers le Christ.<\/p>\n","image":2044,"enable_quote_overlay":false,"quote_overlay":{"quote_text":"","quote_source":""},"icon":{"icon":false,"icon_position":"left","icon_vertical_offset":""},"enable_link":true,"link":{"title":"Sujets \u00e9vang\u00e9liques","url":"https:\/\/www.plymouthbrethrenchristianchurch.org\/fr\/ce-que-nous-croyons\/sujets-evangeliques\/","target":""},"header_styles":{"":null,"background_colour":"","background_image":false,"text_colour":"violet"}},{"content_title":"Auteurs","content_body":"<p>En savoir plus sur les auteurs des sujets de l\u2019\u00c9vangile et des pr\u00e9dications disponibles sur le site Web de l\u2019\u00c9glise chr\u00e9tienne des Fr\u00e8res de Plymouth.<\/p>\n","image":2470,"enable_quote_overlay":false,"quote_overlay":{"quote_text":"","quote_source":""},"icon":{"icon":false,"icon_position":"left","icon_vertical_offset":""},"enable_link":true,"link":{"title":"Auteurs","url":"https:\/\/www.plymouthbrethrenchristianchurch.org\/fr\/ce-que-nous-croyons\/auteurs\/","target":""},"header_styles":{"":null,"background_colour":"","background_image":false,"text_colour":"brown"}},{"content_title":"Autres","content_body":"<p>Autres informations sur les croyances des Fr\u00e8res de Plymouth, y compris la doctrine de la s\u00e9paration, les points de vue sur le gouvernement et le service en temps de guerre<\/p>\n","image":2458,"enable_quote_overlay":false,"quote_overlay":{"quote_text":"","quote_source":""},"icon":{"icon":false,"icon_position":"left","icon_vertical_offset":""},"enable_link":true,"link":{"title":"Autres","url":"https:\/\/www.plymouthbrethrenchristianchurch.org\/fr\/ce-que-nous-croyons\/autres\/","target":""},"header_styles":{"":null,"background_colour":"","background_image":false,"text_colour":"orange"}}]},{"acf_fc_layout":"quote_section","background_color":"orange","passage_text":"Car Dieu aimait tant le monde, qu\u2019il donna son fils unique, que quiconque croit en lui ne doit pas p\u00e9rir, mais avoir la vie \u00e9ternelle.  ","passage_source":"Jean 3 v 16","background_image":1929}]},"yoast_head":"<!-- This site is optimized with the Yoast SEO plugin v25.2 - https:\/\/yoast.com\/wordpress\/plugins\/seo\/ -->\n<title>Ce que nous croyons | Plymouth Brethren Christian Church<\/title>\n<meta name=\"description\" content=\"Visitez la page de ce que nous croyons sur le site Web de l\u2019\u00c9glise, une communaut\u00e9 chr\u00e9tienne bas\u00e9e sur la Sainte Bible comme Parole de Dieu.\" \/>\n<meta name=\"robots\" content=\"index, follow, max-snippet:-1, max-image-preview:large, max-video-preview:-1\" \/>\n<link rel=\"canonical\" href=\"https:\/\/www.plymouthbrethrenchristianchurch.org\/fr\/ce-que-nous-croyons\/\" \/>\n<meta property=\"og:locale\" content=\"fr_FR\" \/>\n<meta property=\"og:type\" content=\"article\" \/>\n<meta property=\"og:title\" content=\"Ce que nous croyons | Plymouth Brethren Christian Church\" \/>\n<meta property=\"og:description\" content=\"Visitez la page de ce que nous croyons sur le site Web de l\u2019\u00c9glise, une communaut\u00e9 chr\u00e9tienne bas\u00e9e sur la Sainte Bible comme Parole de Dieu.\" \/>\n<meta property=\"og:url\" content=\"https:\/\/www.plymouthbrethrenchristianchurch.org\/fr\/ce-que-nous-croyons\/\" \/>\n<meta property=\"og:site_name\" content=\"Plymouth Brethren Christian Church\" \/>\n<meta property=\"article:publisher\" content=\"https:\/\/www.facebook.com\/PlymouthBrethrenChristianChurch\" \/>\n<meta property=\"article:modified_time\" content=\"2024-09-10T05:10:43+00:00\" \/>\n<meta name=\"twitter:card\" content=\"summary_large_image\" \/>\n<script type=\"application\/ld+json\" class=\"yoast-schema-graph\">{\"@context\":\"https:\/\/schema.org\",\"@graph\":[{\"@type\":\"WebPage\",\"@id\":\"https:\/\/www.plymouthbrethrenchristianchurch.org\/fr\/ce-que-nous-croyons\/\",\"url\":\"https:\/\/www.plymouthbrethrenchristianchurch.org\/fr\/ce-que-nous-croyons\/\",\"name\":\"Ce que nous croyons | Plymouth Brethren Christian Church\",\"isPartOf\":{\"@id\":\"https:\/\/www.plymouthbrethrenchristianchurch.org\/#website\"},\"datePublished\":\"2020-04-29T20:45:09+00:00\",\"dateModified\":\"2024-09-10T05:10:43+00:00\",\"description\":\"Visitez la page de ce que nous croyons sur le site Web de l\u2019\u00c9glise, une communaut\u00e9 chr\u00e9tienne bas\u00e9e sur la Sainte Bible comme Parole de Dieu.\",\"breadcrumb\":{\"@id\":\"https:\/\/www.plymouthbrethrenchristianchurch.org\/fr\/ce-que-nous-croyons\/#breadcrumb\"},\"inLanguage\":\"fr-FR\",\"potentialAction\":[{\"@type\":\"ReadAction\",\"target\":[\"https:\/\/www.plymouthbrethrenchristianchurch.org\/fr\/ce-que-nous-croyons\/\"]}]},{\"@type\":\"BreadcrumbList\",\"@id\":\"https:\/\/www.plymouthbrethrenchristianchurch.org\/fr\/ce-que-nous-croyons\/#breadcrumb\",\"itemListElement\":[{\"@type\":\"ListItem\",\"position\":1,\"name\":\"Home\",\"item\":\"https:\/\/www.plymouthbrethrenchristianchurch.org\/fr\/accueil\/\"},{\"@type\":\"ListItem\",\"position\":2,\"name\":\"Ce que nous croyons\"}]},{\"@type\":\"WebSite\",\"@id\":\"https:\/\/www.plymouthbrethrenchristianchurch.org\/#website\",\"url\":\"https:\/\/www.plymouthbrethrenchristianchurch.org\/\",\"name\":\"Plymouth Brethren Christian Church\",\"description\":\"\",\"publisher\":{\"@id\":\"https:\/\/www.plymouthbrethrenchristianchurch.org\/#organization\"},\"potentialAction\":[{\"@type\":\"SearchAction\",\"target\":{\"@type\":\"EntryPoint\",\"urlTemplate\":\"https:\/\/www.plymouthbrethrenchristianchurch.org\/?s={search_term_string}\"},\"query-input\":{\"@type\":\"PropertyValueSpecification\",\"valueRequired\":true,\"valueName\":\"search_term_string\"}}],\"inLanguage\":\"fr-FR\"},{\"@type\":\"Organization\",\"@id\":\"https:\/\/www.plymouthbrethrenchristianchurch.org\/#organization\",\"name\":\"Plymouth Brethren Christian Church\",\"url\":\"https:\/\/www.plymouthbrethrenchristianchurch.org\/\",\"logo\":{\"@type\":\"ImageObject\",\"inLanguage\":\"fr-FR\",\"@id\":\"https:\/\/www.plymouthbrethrenchristianchurch.org\/#\/schema\/logo\/image\/\",\"url\":\"https:\/\/www.plymouthbrethrenchristianchurch.org\/wp-content\/uploads\/2020\/05\/site-logo.svg\",\"contentUrl\":\"https:\/\/www.plymouthbrethrenchristianchurch.org\/wp-content\/uploads\/2020\/05\/site-logo.svg\",\"caption\":\"Plymouth Brethren Christian Church\"},\"image\":{\"@id\":\"https:\/\/www.plymouthbrethrenchristianchurch.org\/#\/schema\/logo\/image\/\"},\"sameAs\":[\"https:\/\/www.facebook.com\/PlymouthBrethrenChristianChurch\",\"https:\/\/www.youtube.com\/channel\/UC76fGueDJBbLvhs988yTBXQ\",\"https:\/\/www.pinterest.com.au\/plymouthbcc\/\"]}]}<\/script>\n<!-- \/ Yoast SEO plugin. -->","yoast_head_json":{"title":"Ce que nous croyons | Plymouth Brethren Christian Church","description":"Visitez la page de ce que nous croyons sur le site Web de l\u2019\u00c9glise, une communaut\u00e9 chr\u00e9tienne bas\u00e9e sur la Sainte Bible comme Parole de Dieu.","robots":{"index":"index","follow":"follow","max-snippet":"max-snippet:-1","max-image-preview":"max-image-preview:large","max-video-preview":"max-video-preview:-1"},"canonical":"https:\/\/www.plymouthbrethrenchristianchurch.org\/fr\/ce-que-nous-croyons\/","og_locale":"fr_FR","og_type":"article","og_title":"Ce que nous croyons | Plymouth Brethren Christian Church","og_description":"Visitez la page de ce que nous croyons sur le site Web de l\u2019\u00c9glise, une communaut\u00e9 chr\u00e9tienne bas\u00e9e sur la Sainte Bible comme Parole de Dieu.","og_url":"https:\/\/www.plymouthbrethrenchristianchurch.org\/fr\/ce-que-nous-croyons\/","og_site_name":"Plymouth Brethren Christian Church","article_publisher":"https:\/\/www.facebook.com\/PlymouthBrethrenChristianChurch","article_modified_time":"2024-09-10T05:10:43+00:00","twitter_card":"summary_large_image","schema":{"@context":"https:\/\/schema.org","@graph":[{"@type":"WebPage","@id":"https:\/\/www.plymouthbrethrenchristianchurch.org\/fr\/ce-que-nous-croyons\/","url":"https:\/\/www.plymouthbrethrenchristianchurch.org\/fr\/ce-que-nous-croyons\/","name":"Ce que nous croyons | Plymouth Brethren Christian Church","isPartOf":{"@id":"https:\/\/www.plymouthbrethrenchristianchurch.org\/#website"},"datePublished":"2020-04-29T20:45:09+00:00","dateModified":"2024-09-10T05:10:43+00:00","description":"Visitez la page de ce que nous croyons sur le site Web de l\u2019\u00c9glise, une communaut\u00e9 chr\u00e9tienne bas\u00e9e sur la Sainte Bible comme Parole de Dieu.","breadcrumb":{"@id":"https:\/\/www.plymouthbrethrenchristianchurch.org\/fr\/ce-que-nous-croyons\/#breadcrumb"},"inLanguage":"fr-FR","potentialAction":[{"@type":"ReadAction","target":["https:\/\/www.plymouthbrethrenchristianchurch.org\/fr\/ce-que-nous-croyons\/"]}]},{"@type":"BreadcrumbList","@id":"https:\/\/www.plymouthbrethrenchristianchurch.org\/fr\/ce-que-nous-croyons\/#breadcrumb","itemListElement":[{"@type":"ListItem","position":1,"name":"Home","item":"https:\/\/www.plymouthbrethrenchristianchurch.org\/fr\/accueil\/"},{"@type":"ListItem","position":2,"name":"Ce que nous croyons"}]},{"@type":"WebSite","@id":"https:\/\/www.plymouthbrethrenchristianchurch.org\/#website","url":"https:\/\/www.plymouthbrethrenchristianchurch.org\/","name":"Plymouth Brethren Christian Church","description":"","publisher":{"@id":"https:\/\/www.plymouthbrethrenchristianchurch.org\/#organization"},"potentialAction":[{"@type":"SearchAction","target":{"@type":"EntryPoint","urlTemplate":"https:\/\/www.plymouthbrethrenchristianchurch.org\/?s={search_term_string}"},"query-input":{"@type":"PropertyValueSpecification","valueRequired":true,"valueName":"search_term_string"}}],"inLanguage":"fr-FR"},{"@type":"Organization","@id":"https:\/\/www.plymouthbrethrenchristianchurch.org\/#organization","name":"Plymouth Brethren Christian Church","url":"https:\/\/www.plymouthbrethrenchristianchurch.org\/","logo":{"@type":"ImageObject","inLanguage":"fr-FR","@id":"https:\/\/www.plymouthbrethrenchristianchurch.org\/#\/schema\/logo\/image\/","url":"https:\/\/www.plymouthbrethrenchristianchurch.org\/wp-content\/uploads\/2020\/05\/site-logo.svg","contentUrl":"https:\/\/www.plymouthbrethrenchristianchurch.org\/wp-content\/uploads\/2020\/05\/site-logo.svg","caption":"Plymouth Brethren Christian Church"},"image":{"@id":"https:\/\/www.plymouthbrethrenchristianchurch.org\/#\/schema\/logo\/image\/"},"sameAs":["https:\/\/www.facebook.com\/PlymouthBrethrenChristianChurch","https:\/\/www.youtube.com\/channel\/UC76fGueDJBbLvhs988yTBXQ","https:\/\/www.pinterest.com.au\/plymouthbcc\/"]}]}},"_links":{"self":[{"href":"https:\/\/www.plymouthbrethrenchristianchurch.org\/fr\/wp-json\/wp\/v2\/pages\/2849"}],"collection":[{"href":"https:\/\/www.plymouthbrethrenchristianchurch.org\/fr\/wp-json\/wp\/v2\/pages"}],"about":[{"href":"https:\/\/www.plymouthbrethrenchristianchurch.org\/fr\/wp-json\/wp\/v2\/types\/page"}],"author":[{"embeddable":true,"href":"https:\/\/www.plymouthbrethrenchristianchurch.org\/fr\/wp-json\/wp\/v2\/users\/1"}],"replies":[{"embeddable":true,"href":"https:\/\/www.plymouthbrethrenchristianchurch.org\/fr\/wp-json\/wp\/v2\/comments?post=2849"}],"version-history":[{"count":2,"href":"https:\/\/www.plymouthbrethrenchristianchurch.org\/fr\/wp-json\/wp\/v2\/pages\/2849\/revisions"}],"predecessor-version":[{"id":7969,"href":"https:\/\/www.plymouthbrethrenchristianchurch.org\/fr\/wp-json\/wp\/v2\/pages\/2849\/revisions\/7969"}],"wp:attachment":[{"href":"https:\/\/www.plymouthbrethrenchristianchurch.org\/fr\/wp-json\/wp\/v2\/media?parent=2849"}],"curies":[{"name":"wp","href":"https:\/\/api.w.org\/{rel}","templated":true}]}}