{"id":2856,"date":"2020-05-08T05:10:00","date_gmt":"2020-05-07T19:10:00","guid":{"rendered":"https:\/\/www.plymouthbrethrenchristianchurch.org\/ce-que-nous-croyons\/sainte-bible\/"},"modified":"2024-09-10T14:08:50","modified_gmt":"2024-09-10T04:08:50","slug":"sainte-bible","status":"publish","type":"page","link":"https:\/\/www.plymouthbrethrenchristianchurch.org\/fr\/ce-que-nous-croyons\/sainte-bible\/","title":{"rendered":"Sainte Bible"},"content":{"rendered":"","protected":false},"excerpt":{"rendered":"","protected":false},"author":2,"featured_media":0,"parent":2849,"menu_order":1,"comment_status":"closed","ping_status":"closed","template":"page-templates\/acf-flexible-content.php","meta":{"_acf_changed":false,"_relevanssi_hide_post":"","_relevanssi_hide_content":"","_relevanssi_pin_for_all":"","_relevanssi_pin_keywords":"","_relevanssi_unpin_keywords":"","_relevanssi_related_keywords":"","_relevanssi_related_include_ids":"","_relevanssi_related_exclude_ids":"","_relevanssi_related_no_append":"","_relevanssi_related_not_related":"","_relevanssi_related_posts":"","_relevanssi_noindex_reason":"","inline_featured_image":false,"footnotes":""},"class_list":["post-2856","page","type-page","status-publish","hentry"],"acf":{"post_page_video":"","content":[{"acf_fc_layout":"page_header_with_links","override_title":false,"custom_title":"Titre d\u2019essai","intro_text":"<p>Les Fr\u00e8res de Plymouth croient que la Sainte Bible est la vraie Parole de Dieu et nous croyons que nous sommes chacun appel\u00e9s \u00e0 vivre une vie conform\u00e9ment \u00e0 ses instructions. Nous croyons que la Sainte Bible fournit \u00e0 chacun de nous des conseils pr\u00e9cieux \u00e0 tous les aspects de la vie. Toute personne pr\u00eate \u00e0 s\u2019engager \u00e0 ces croyances et \u00e0 ce mode de vie est la bienvenue pour rejoindre notre \u00c9glise.<\/p>\n","enable_button":true,"button":{"button_text":"","button_url":"","open_in_new_tab":false,"button_class":""},"link_source":"menu","select_a_menu":{"value":"18","label":"Ce que nous croyons"},"menu_title":"","custom_links":false,"header_styles":{"":null,"background_colour":"#515151","background_image":2450,"text_colour":"white"},"row_class":""},{"acf_fc_layout":"module_section","row":[{"column_gap":"6","column":[{"module":[{"acf_fc_layout":"rich_media_block","image":6607,"header":{"":null,"title":"Qu\u2019est-ce que j\u2019apprends des \u00c9critures ?","heading_level":"h2","header_styles":{"":null,"background_colour":"","background_image":false,"text_colour":"orange"},"make_separator":false},"content":"<p>Dans le tract de l\u2019\u00c9vangile qui suit, J. N. Darby d\u00e9crit utilement ce qu\u2019il a appris des \u00c9critures qui forment la base de ses croyances.<\/p>\n","enable_button":true,"button":{"button_text":"t\u00e9l\u00e9charger","button_url":{"title":"","url":"https:\/\/www.plymouthbrethrenchristianchurch.org\/wp-content\/uploads\/2020\/05\/What-do-I-learn-from-Scripture-180214.pdf","target":"_blank"},"open_in_new_tab":true,"button_class":""},"class":""},{"acf_fc_layout":"rich_media_block","image":false,"header":{"":null,"title":"Le r\u00f4le de la Sainte Bible dans la vie de la PBCC","heading_level":"h2","header_styles":{"":null,"background_colour":"","background_image":false,"text_colour":"orange"},"make_separator":false},"content":"<p>Pour le membre de la PBCC, la Sainte Bible est un compagnon essentiel et un guide faisant autorit\u00e9 tout au long de la vie.<br \/>\nD\u00e8s leur plus jeune \u00e2ge, les jeunes membres apprennent les histoires bibliques qui ont inspir\u00e9 des millions de personnes \u00e0 travers les \u00e2ges.<br \/>\nLa Bible n\u2019est pas un livre ordinaire.<br \/>\nC\u2019est un livre fourni par Dieu pour l\u2019homme.<br \/>\nC\u2019est la Parole absolue, infaillible, inspir\u00e9e de Dieu.    <\/p>\n","enable_button":true,"button":{"button_text":"","button_url":"","open_in_new_tab":false,"button_class":""},"class":""},{"acf_fc_layout":"bible_quote_slim","quote_text":"Toute \u00c9criture est donn\u00e9e par l\u2019inspiration de Dieu","quote_source":"2 Timoth\u00e9e 3 V 16"},{"acf_fc_layout":"rich_media_block","image":false,"header":{"":null,"title":"","heading_level":"h2","header_styles":{"":null,"background_colour":"","background_image":false,"text_colour":"orange"},"make_separator":false},"content":"<p>Les enfants de la PBCC grandissent en poss\u00e9dant et en ch\u00e9rissant leur propre exemplaire de la Bible et sont encourag\u00e9s \u00e0 la lire quotidiennement.<br \/>\nBeaucoup auraient lu toute la Bible \u00e0 l\u2019adolescence et auraient \u00e9tabli leur propre appr\u00e9ciation et confiance dans les paroles intemporelles de r\u00e9confort, de guidance et d\u2019encouragement de l\u2019\u00c9criture tout au long de leur vie.<br \/>\nLa Sainte Bible est au c\u0153ur de la vie de notre \u00c9glise, car elle est le seul livre lu et discut\u00e9 pendant nos services religieux.  <\/p>\n","enable_button":true,"button":{"button_text":"","button_url":"","open_in_new_tab":false,"button_class":""},"class":""},{"acf_fc_layout":"rich_media_block","image":false,"header":{"":null,"title":"Un compte rendu de la traduction de la Bible par John Nelson Darby","heading_level":"h2","header_styles":{"":null,"background_colour":"","background_image":false,"text_colour":"orange"},"make_separator":false},"content":"<p>L\u2019\u00c9glise chr\u00e9tienne des Fr\u00e8res de Plymouth (PBCC) croit que la Sainte Bible est la Parole de Dieu : inspir\u00e9e, absolue et d\u00e9finitive. Bien qu\u2019ils respectent avec pieusement la version autoris\u00e9e du roi Jacques et toute autre traduction d\u00e9cente, ils croient que les traductions faites par John Nelson Darby (JND) (1800-1882) sont plus pr\u00e9cises. Ils croient que tout vrai croyant sur le Seigneur J\u00e9sus-Christ, c\u2019est-\u00e0-dire toute personne v\u00e9ritablement convertie, peu importe o\u00f9 il ou elle adore, sera dans le ciel \u00e9ternellement et tandis que sur la terre m\u00e9rite d\u2019avoir une traduction aussi bonne que possible de la Sainte Bible. C\u2019est ainsi que JND lui-m\u00eame a \u00e9crit \u00e0 propos du Nouveau Testament en anglais : \u00ab Mon but n\u2019a nullement \u00e9t\u00e9 de produire un ouvrage \u00e9rudit ; mais comme j\u2019avais acc\u00e8s \u00e0 des livres et \u00e0 diverses sources d\u2019information, auxquelles la grande masse des lecteurs, \u00e0 qui la parole de Dieu \u00e9tait \u00e9galement pr\u00e9cieuse, n\u2019avait pas,  Je d\u00e9sirais leur fournir, autant que possible, le fruit de ma propre \u00e9tude, et de tout ce que je pouvais recueillir de ces sources, afin qu\u2019ils puissent avoir la parole de Dieu en anglais dans une repr\u00e9sentation aussi parfaite que possible de celle-ci dans cette langue. John Nelson Darby est dipl\u00f4m\u00e9 en 1818 du Trinity College de Dublin, avec distinction et la m\u00e9daille d\u2019universit\u00e9 en classique. Il a \u00e9t\u00e9 converti dans la vingtaine et a beaucoup travaill\u00e9 dans le minist\u00e8re chr\u00e9tien, la pastorale et la traduction de la Bible en Angleterre, en Irlande, en France, en Allemagne, en Suisse et ailleurs. Il \u00e9tait un linguiste accompli, apprenant l\u2019h\u00e9breu, le grec, le latin, le fran\u00e7ais et l\u2019allemand.<br \/>\nPour le Nouveau Testament, il a traduit \u00e0 partir des textes convenus par les grands \u00e9diteurs du texte grec du XIXe si\u00e8cle : Griesbach, Lachmann, Tischendorf et Tregelles.<br \/>\nLorsque les \u00e9diteurs divergeaient dans leur jugement quant \u00e0 la lecture correcte d\u2019un passage particulier, JND a consult\u00e9 les textes des manuscrits grecs originaux : Sinaiticus, Alexandrinus, Vaticanus, Ephraemi, Bezae etc.<br \/>\nPour l\u2019Ancien Testament, il traduisit \u00e0 partir du texte h\u00e9breu massor\u00e9tique standard alors disponible.<br \/>\nLa premi\u00e8re \u00e9dition du Nouveau Testament anglais a \u00e9t\u00e9 publi\u00e9e en 1856-66 et la seconde en 1871.<br \/>\nLa troisi\u00e8me \u00e9dition a \u00e9t\u00e9 publi\u00e9e apr\u00e8s la mort de JND (1882) en 1884, mais ses propres notes pour cette \u00e9dition ont \u00e9t\u00e9 publi\u00e9es en 2013 \u00e0 partir d\u2019une copie, r\u00e9cemment red\u00e9couverte, de l\u2019\u00e9dition de 1871 avec ses ajouts et corrections autographes.<br \/>\nLa Bible enti\u00e8re a \u00e9t\u00e9 traduite en allemand et publi\u00e9e en 1871 et les impressions originales ont surv\u00e9cu.<br \/>\nLe Nouveau Testament a \u00e9t\u00e9 traduit en fran\u00e7ais avec une premi\u00e8re \u00e9dition en 1859 jusqu\u2019\u00e0 une quatri\u00e8me \u00e9dition en 1878 et des impressions originales de chacun ont surv\u00e9cu.<br \/>\nL\u2019Ancien Testament a \u00e9t\u00e9 traduit en fran\u00e7ais et publi\u00e9 pour la premi\u00e8re fois en Livraisons \u00e0 partir de 1881 environ.<br \/>\nLe PBCC ne sait pas o\u00f9 se trouvent des exemples de cette impression originale et les lecteurs sont invit\u00e9s \u00e0 nous informer de l\u2019endroit o\u00f9 une copie pourrait \u00eatre consult\u00e9e.<br \/>\nL\u2019ensemble de l\u2019Ancien Testament fran\u00e7ais a \u00e9t\u00e9 inclus dans la Bible fran\u00e7aise publi\u00e9e en 1885.<br \/>\nL\u2019\u00e9quipe des notes bibliques de JND.           <\/p>\n","enable_button":true,"button":{"button_text":"","button_url":"","open_in_new_tab":false,"button_class":""},"class":""},{"acf_fc_layout":"global_module","global_module_id":1148}],"columns_sm":"8","columns_md":"none","columns_lg":"8"},{"module":false,"columns_sm":"4","columns_md":"none","columns_lg":"4"}],"row_class":"","module_padding":{"":null,"padding_top_xs":"","padding_bottom_xs":"","padding_left_xs":"","padding_right_xs":"","padding_top_md":"","padding_bottom_md":"","padding_left_md":"","padding_right_md":"","padding_top_lg":"","padding_bottom_lg":"","padding_left_lg":"","padding_right_lg":""},"module_margin":{"":null,"margin_top_xs":"","margin_bottom_xs":"","margin_left_xs":"","margin_right_xs":"","margin_top_md":"","margin_bottom_md":"","margin_left_md":"","margin_right_md":"","margin_top_lg":"","margin_bottom_lg":"","margin_left_lg":"","margin_right_lg":""}}],"section_heading":"","section_class":"","module_padding":{"":null,"padding_top_xs":"","padding_bottom_xs":"","padding_left_xs":"","padding_right_xs":"","padding_top_md":"","padding_bottom_md":"","padding_left_md":"","padding_right_md":"","padding_top_lg":"","padding_bottom_lg":"","padding_left_lg":"","padding_right_lg":""},"module_margin":{"":null,"margin_top_xs":"","margin_bottom_xs":"","margin_left_xs":"","margin_right_xs":"","margin_top_md":"","margin_bottom_md":"","margin_left_md":"","margin_right_md":"","margin_top_lg":"","margin_bottom_lg":"","margin_left_lg":"","margin_right_lg":""}}]},"yoast_head":"<!-- This site is optimized with the Yoast SEO plugin v25.2 - https:\/\/yoast.com\/wordpress\/plugins\/seo\/ -->\n<title>Sainte Bible | Plymouth Brethren Christian Church<\/title>\n<meta name=\"description\" content=\"Visitez la page de la Sainte Bible sur le site Web de l\u2019\u00c9glise chr\u00e9tienne des Fr\u00e8res de Plymouth, une communaut\u00e9 chr\u00e9tienne bas\u00e9e sur la Sainte Bible comme Parole de Dieu.\" \/>\n<meta name=\"robots\" content=\"index, follow, max-snippet:-1, max-image-preview:large, max-video-preview:-1\" \/>\n<link rel=\"canonical\" href=\"https:\/\/www.plymouthbrethrenchristianchurch.org\/fr\/ce-que-nous-croyons\/sainte-bible\/\" \/>\n<meta property=\"og:locale\" content=\"fr_FR\" \/>\n<meta property=\"og:type\" content=\"article\" \/>\n<meta property=\"og:title\" content=\"Sainte Bible | Plymouth Brethren Christian Church\" \/>\n<meta property=\"og:description\" content=\"Visitez la page de la Sainte Bible sur le site Web de l\u2019\u00c9glise chr\u00e9tienne des Fr\u00e8res de Plymouth, une communaut\u00e9 chr\u00e9tienne bas\u00e9e sur la Sainte Bible comme Parole de Dieu.\" \/>\n<meta property=\"og:url\" content=\"https:\/\/www.plymouthbrethrenchristianchurch.org\/fr\/ce-que-nous-croyons\/sainte-bible\/\" \/>\n<meta property=\"og:site_name\" content=\"Plymouth Brethren Christian Church\" \/>\n<meta property=\"article:publisher\" content=\"https:\/\/www.facebook.com\/PlymouthBrethrenChristianChurch\" \/>\n<meta property=\"article:modified_time\" content=\"2024-09-10T04:08:50+00:00\" \/>\n<meta name=\"twitter:card\" content=\"summary_large_image\" \/>\n<script type=\"application\/ld+json\" class=\"yoast-schema-graph\">{\"@context\":\"https:\/\/schema.org\",\"@graph\":[{\"@type\":\"WebPage\",\"@id\":\"https:\/\/www.plymouthbrethrenchristianchurch.org\/fr\/ce-que-nous-croyons\/sainte-bible\/\",\"url\":\"https:\/\/www.plymouthbrethrenchristianchurch.org\/fr\/ce-que-nous-croyons\/sainte-bible\/\",\"name\":\"Sainte Bible | Plymouth Brethren Christian Church\",\"isPartOf\":{\"@id\":\"https:\/\/www.plymouthbrethrenchristianchurch.org\/#website\"},\"datePublished\":\"2020-05-07T19:10:00+00:00\",\"dateModified\":\"2024-09-10T04:08:50+00:00\",\"description\":\"Visitez la page de la Sainte Bible sur le site Web de l\u2019\u00c9glise chr\u00e9tienne des Fr\u00e8res de Plymouth, une communaut\u00e9 chr\u00e9tienne bas\u00e9e sur la Sainte Bible comme Parole de Dieu.\",\"breadcrumb\":{\"@id\":\"https:\/\/www.plymouthbrethrenchristianchurch.org\/fr\/ce-que-nous-croyons\/sainte-bible\/#breadcrumb\"},\"inLanguage\":\"fr-FR\",\"potentialAction\":[{\"@type\":\"ReadAction\",\"target\":[\"https:\/\/www.plymouthbrethrenchristianchurch.org\/fr\/ce-que-nous-croyons\/sainte-bible\/\"]}]},{\"@type\":\"BreadcrumbList\",\"@id\":\"https:\/\/www.plymouthbrethrenchristianchurch.org\/fr\/ce-que-nous-croyons\/sainte-bible\/#breadcrumb\",\"itemListElement\":[{\"@type\":\"ListItem\",\"position\":1,\"name\":\"Home\",\"item\":\"https:\/\/www.plymouthbrethrenchristianchurch.org\/fr\/accueil\/\"},{\"@type\":\"ListItem\",\"position\":2,\"name\":\"Ce que nous croyons\",\"item\":\"https:\/\/www.plymouthbrethrenchristianchurch.org\/fr\/ce-que-nous-croyons\/\"},{\"@type\":\"ListItem\",\"position\":3,\"name\":\"Sainte Bible\"}]},{\"@type\":\"WebSite\",\"@id\":\"https:\/\/www.plymouthbrethrenchristianchurch.org\/#website\",\"url\":\"https:\/\/www.plymouthbrethrenchristianchurch.org\/\",\"name\":\"Plymouth Brethren Christian Church\",\"description\":\"\",\"publisher\":{\"@id\":\"https:\/\/www.plymouthbrethrenchristianchurch.org\/#organization\"},\"potentialAction\":[{\"@type\":\"SearchAction\",\"target\":{\"@type\":\"EntryPoint\",\"urlTemplate\":\"https:\/\/www.plymouthbrethrenchristianchurch.org\/?s={search_term_string}\"},\"query-input\":{\"@type\":\"PropertyValueSpecification\",\"valueRequired\":true,\"valueName\":\"search_term_string\"}}],\"inLanguage\":\"fr-FR\"},{\"@type\":\"Organization\",\"@id\":\"https:\/\/www.plymouthbrethrenchristianchurch.org\/#organization\",\"name\":\"Plymouth Brethren Christian Church\",\"url\":\"https:\/\/www.plymouthbrethrenchristianchurch.org\/\",\"logo\":{\"@type\":\"ImageObject\",\"inLanguage\":\"fr-FR\",\"@id\":\"https:\/\/www.plymouthbrethrenchristianchurch.org\/#\/schema\/logo\/image\/\",\"url\":\"https:\/\/www.plymouthbrethrenchristianchurch.org\/wp-content\/uploads\/2020\/05\/site-logo.svg\",\"contentUrl\":\"https:\/\/www.plymouthbrethrenchristianchurch.org\/wp-content\/uploads\/2020\/05\/site-logo.svg\",\"caption\":\"Plymouth Brethren Christian Church\"},\"image\":{\"@id\":\"https:\/\/www.plymouthbrethrenchristianchurch.org\/#\/schema\/logo\/image\/\"},\"sameAs\":[\"https:\/\/www.facebook.com\/PlymouthBrethrenChristianChurch\",\"https:\/\/www.youtube.com\/channel\/UC76fGueDJBbLvhs988yTBXQ\",\"https:\/\/www.pinterest.com.au\/plymouthbcc\/\"]}]}<\/script>\n<!-- \/ Yoast SEO plugin. -->","yoast_head_json":{"title":"Sainte Bible | Plymouth Brethren Christian Church","description":"Visitez la page de la Sainte Bible sur le site Web de l\u2019\u00c9glise chr\u00e9tienne des Fr\u00e8res de Plymouth, une communaut\u00e9 chr\u00e9tienne bas\u00e9e sur la Sainte Bible comme Parole de Dieu.","robots":{"index":"index","follow":"follow","max-snippet":"max-snippet:-1","max-image-preview":"max-image-preview:large","max-video-preview":"max-video-preview:-1"},"canonical":"https:\/\/www.plymouthbrethrenchristianchurch.org\/fr\/ce-que-nous-croyons\/sainte-bible\/","og_locale":"fr_FR","og_type":"article","og_title":"Sainte Bible | Plymouth Brethren Christian Church","og_description":"Visitez la page de la Sainte Bible sur le site Web de l\u2019\u00c9glise chr\u00e9tienne des Fr\u00e8res de Plymouth, une communaut\u00e9 chr\u00e9tienne bas\u00e9e sur la Sainte Bible comme Parole de Dieu.","og_url":"https:\/\/www.plymouthbrethrenchristianchurch.org\/fr\/ce-que-nous-croyons\/sainte-bible\/","og_site_name":"Plymouth Brethren Christian Church","article_publisher":"https:\/\/www.facebook.com\/PlymouthBrethrenChristianChurch","article_modified_time":"2024-09-10T04:08:50+00:00","twitter_card":"summary_large_image","schema":{"@context":"https:\/\/schema.org","@graph":[{"@type":"WebPage","@id":"https:\/\/www.plymouthbrethrenchristianchurch.org\/fr\/ce-que-nous-croyons\/sainte-bible\/","url":"https:\/\/www.plymouthbrethrenchristianchurch.org\/fr\/ce-que-nous-croyons\/sainte-bible\/","name":"Sainte Bible | Plymouth Brethren Christian Church","isPartOf":{"@id":"https:\/\/www.plymouthbrethrenchristianchurch.org\/#website"},"datePublished":"2020-05-07T19:10:00+00:00","dateModified":"2024-09-10T04:08:50+00:00","description":"Visitez la page de la Sainte Bible sur le site Web de l\u2019\u00c9glise chr\u00e9tienne des Fr\u00e8res de Plymouth, une communaut\u00e9 chr\u00e9tienne bas\u00e9e sur la Sainte Bible comme Parole de Dieu.","breadcrumb":{"@id":"https:\/\/www.plymouthbrethrenchristianchurch.org\/fr\/ce-que-nous-croyons\/sainte-bible\/#breadcrumb"},"inLanguage":"fr-FR","potentialAction":[{"@type":"ReadAction","target":["https:\/\/www.plymouthbrethrenchristianchurch.org\/fr\/ce-que-nous-croyons\/sainte-bible\/"]}]},{"@type":"BreadcrumbList","@id":"https:\/\/www.plymouthbrethrenchristianchurch.org\/fr\/ce-que-nous-croyons\/sainte-bible\/#breadcrumb","itemListElement":[{"@type":"ListItem","position":1,"name":"Home","item":"https:\/\/www.plymouthbrethrenchristianchurch.org\/fr\/accueil\/"},{"@type":"ListItem","position":2,"name":"Ce que nous croyons","item":"https:\/\/www.plymouthbrethrenchristianchurch.org\/fr\/ce-que-nous-croyons\/"},{"@type":"ListItem","position":3,"name":"Sainte Bible"}]},{"@type":"WebSite","@id":"https:\/\/www.plymouthbrethrenchristianchurch.org\/#website","url":"https:\/\/www.plymouthbrethrenchristianchurch.org\/","name":"Plymouth Brethren Christian Church","description":"","publisher":{"@id":"https:\/\/www.plymouthbrethrenchristianchurch.org\/#organization"},"potentialAction":[{"@type":"SearchAction","target":{"@type":"EntryPoint","urlTemplate":"https:\/\/www.plymouthbrethrenchristianchurch.org\/?s={search_term_string}"},"query-input":{"@type":"PropertyValueSpecification","valueRequired":true,"valueName":"search_term_string"}}],"inLanguage":"fr-FR"},{"@type":"Organization","@id":"https:\/\/www.plymouthbrethrenchristianchurch.org\/#organization","name":"Plymouth Brethren Christian Church","url":"https:\/\/www.plymouthbrethrenchristianchurch.org\/","logo":{"@type":"ImageObject","inLanguage":"fr-FR","@id":"https:\/\/www.plymouthbrethrenchristianchurch.org\/#\/schema\/logo\/image\/","url":"https:\/\/www.plymouthbrethrenchristianchurch.org\/wp-content\/uploads\/2020\/05\/site-logo.svg","contentUrl":"https:\/\/www.plymouthbrethrenchristianchurch.org\/wp-content\/uploads\/2020\/05\/site-logo.svg","caption":"Plymouth Brethren Christian Church"},"image":{"@id":"https:\/\/www.plymouthbrethrenchristianchurch.org\/#\/schema\/logo\/image\/"},"sameAs":["https:\/\/www.facebook.com\/PlymouthBrethrenChristianChurch","https:\/\/www.youtube.com\/channel\/UC76fGueDJBbLvhs988yTBXQ","https:\/\/www.pinterest.com.au\/plymouthbcc\/"]}]}},"_links":{"self":[{"href":"https:\/\/www.plymouthbrethrenchristianchurch.org\/fr\/wp-json\/wp\/v2\/pages\/2856"}],"collection":[{"href":"https:\/\/www.plymouthbrethrenchristianchurch.org\/fr\/wp-json\/wp\/v2\/pages"}],"about":[{"href":"https:\/\/www.plymouthbrethrenchristianchurch.org\/fr\/wp-json\/wp\/v2\/types\/page"}],"author":[{"embeddable":true,"href":"https:\/\/www.plymouthbrethrenchristianchurch.org\/fr\/wp-json\/wp\/v2\/users\/2"}],"replies":[{"embeddable":true,"href":"https:\/\/www.plymouthbrethrenchristianchurch.org\/fr\/wp-json\/wp\/v2\/comments?post=2856"}],"version-history":[{"count":6,"href":"https:\/\/www.plymouthbrethrenchristianchurch.org\/fr\/wp-json\/wp\/v2\/pages\/2856\/revisions"}],"predecessor-version":[{"id":3621,"href":"https:\/\/www.plymouthbrethrenchristianchurch.org\/fr\/wp-json\/wp\/v2\/pages\/2856\/revisions\/3621"}],"up":[{"embeddable":true,"href":"https:\/\/www.plymouthbrethrenchristianchurch.org\/fr\/wp-json\/wp\/v2\/pages\/2849"}],"wp:attachment":[{"href":"https:\/\/www.plymouthbrethrenchristianchurch.org\/fr\/wp-json\/wp\/v2\/media?parent=2856"}],"curies":[{"name":"wp","href":"https:\/\/api.w.org\/{rel}","templated":true}]}}