{"id":2867,"date":"2020-05-08T05:11:27","date_gmt":"2020-05-07T19:11:27","guid":{"rendered":"https:\/\/www.plymouthbrethrenchristianchurch.org\/ce-que-nous-croyons\/autres\/"},"modified":"2024-09-10T14:09:02","modified_gmt":"2024-09-10T04:09:02","slug":"autres","status":"publish","type":"page","link":"https:\/\/www.plymouthbrethrenchristianchurch.org\/fr\/ce-que-nous-croyons\/autres\/","title":{"rendered":"Autres"},"content":{"rendered":"","protected":false},"excerpt":{"rendered":"","protected":false},"author":2,"featured_media":0,"parent":2849,"menu_order":4,"comment_status":"closed","ping_status":"closed","template":"page-templates\/acf-flexible-content.php","meta":{"_acf_changed":false,"_relevanssi_hide_post":"","_relevanssi_hide_content":"","_relevanssi_pin_for_all":"","_relevanssi_pin_keywords":"","_relevanssi_unpin_keywords":"","_relevanssi_related_keywords":"","_relevanssi_related_include_ids":"","_relevanssi_related_exclude_ids":"","_relevanssi_related_no_append":"","_relevanssi_related_not_related":"","_relevanssi_related_posts":"","_relevanssi_noindex_reason":"","inline_featured_image":false,"footnotes":""},"class_list":["post-2867","page","type-page","status-publish","hentry"],"acf":{"post_page_video":"","content":[{"acf_fc_layout":"page_header_with_links","override_title":false,"custom_title":"Titre d\u2019essai","intro_text":"<p>D\u2019autres informations sur les croyances des Fr\u00e8res de Plymouth, y compris la doctrine de la s\u00e9paration, les points de vue sur le gouvernement et le service en temps de guerre.<\/p>\n","enable_button":true,"button":{"button_text":"","button_url":"","open_in_new_tab":false,"button_class":""},"link_source":"menu","select_a_menu":{"value":"18","label":"Ce que nous croyons"},"menu_title":"","custom_links":false,"header_styles":{"":null,"background_colour":"#515151","background_image":2410,"text_colour":"white"},"row_class":""},{"acf_fc_layout":"module_section","row":[{"column_gap":"6","column":[{"module":[{"acf_fc_layout":"accordion_module","accordion_item":[{"accordion_closed_title":"La doctrine de la s\u00e9paration","accordion_closed_sub_title":"","accordion_open_title":"","accordion_open_sub_title":"","accordion_content":"<p>La PBCC croit que tout vrai croyant au Seigneur J\u00e9sus-Christ, toute personne convertie authentique, sera au ciel et nos vrais fr\u00e8res en Christ. Le principe de s\u00e9paration est pratiqu\u00e9 par tous les peuples, nations et religions sous une forme ou une autre. La Bible y fait r\u00e9f\u00e9rence dans de nombreux passages \u2013 de gen\u00e8se chapitre 1, o\u00f9 Dieu divis\u00e9 entre la lumi\u00e8re et les t\u00e9n\u00e8bres, jusqu\u2019\u00e0 l\u2019Apocalypse chapitre 22, o\u00f9 il ya ceux qui sont \u00e0 l\u2019int\u00e9rieur et ceux qui sont sans. Le Seigneur J\u00e9sus a dit \u00e0 ses disciples \u00ab ils ne sont pas du monde, m\u00eame si je ne suis pas du monde \u00bb Jean 17 v14. Le monde en ce sens se r\u00e9f\u00e8re au syst\u00e8me du p\u00e9ch\u00e9 et de l\u2019anarchie sous la domination de Satan. En tant qu\u2019\u00c9glise, nous cherchons de tout c\u0153ur \u00e0 consacrer notre vie \u00e0 ce principe. Nous choisissons de suivre les enseignements de J\u00e9sus tels qu\u2019ils sont \u00e9nonc\u00e9s dans les \u00c9vangiles et enseign\u00e9s dans les \u00e9p\u00eetres du Nouveau Testament. Reportez-vous \u00e0 des passages tels que Matthieu 16 v24-26, Marc 10 v28-30, 2 Timoth\u00e9e 2 v19 et 2 Corinthiens 6v14-18. La s\u00e9paration repr\u00e9sente une distinction morale entre ce qui est bien et ce qui ne va pas, ce qui est juste et ce qui est injuste. Les chr\u00e9tiens en tant que croyants sur le Seigneur J\u00e9sus-Christ sont exhort\u00e9s \u00e0 \u00ab refuser le mal et \u00e0 choisir le bien \u00bb \u00c9sa\u00efe 7 v15. Nous nous engageons \u00e0 manger et \u00e0 boire uniquement avec ceux avec qui nous c\u00e9l\u00e9brerions le Souper du Seigneur \u2013 c\u2019est la base de notre communion. Cela ne signifie pas que nous nous tenons sup\u00e9rieurs \u00e0 nos semblables hommes, femmes et enfants. Nous vivons et travaillons harmonieusement \u00e0 leurs c\u00f4t\u00e9s, dans le courant dominant de la soci\u00e9t\u00e9. Notre pratique de s\u00e9paration n\u2019emp\u00eache pas l\u2019interaction dans l\u2019ensemble de la collectivit\u00e9. Nous aidons nos voisins et ils nous aident. Nous prenons soin et prot\u00e9geons leurs biens et ils font les n\u00f4tres. Nous appr\u00e9cions le bien que nous recevons de la part de bon nombre de nos concitoyens et nous nous f\u00e9licitons de l\u2019occasion qui nous est offerte de remplir notre responsabilit\u00e9 au sujet de la communaut\u00e9. Notre attitude est de faire du bien \u00e0 tous, au fur et \u00e0 mesure que des opportunit\u00e9s se pr\u00e9sentent.<\/p>\n","accordion_foot_notes":"","social_share_links":["facebook","twitter"]},{"accordion_closed_title":"Les Fr\u00e8res de Plymouth et la politique","accordion_closed_sub_title":"","accordion_open_title":"Notre point de vue sur les gouvernements, la l\u00e9gislation et le vote","accordion_open_sub_title":"","accordion_content":"<p>Les fr\u00e8res sont non partisans, croyant que tout gouvernement donn\u00e9 (quel que soit le parti politique ou les candidats individuels) est amen\u00e9 \u00e0 l\u2019\u00e9lection par la volont\u00e9 de Dieu.<br \/>\nBien qu\u2019il y ait une pri\u00e8re continuelle et coh\u00e9rente pour un bon gouvernement, nous ne votons pas en conscience.<br \/>\nDans la plupart des pays o\u00f9 le vote est obligatoire, il est dispens\u00e9 du vote pour des raisons de conscience.<br \/>\nAinsi, bien que nous ne votions pas, nous pr\u00eatons toujours attention \u00e0 la politique des pays dans lesquels nous r\u00e9sidons et, comme pour toutes les \u00c9glises chr\u00e9tiennes, les Fr\u00e8res de Plymouth prennent parfois une position morale concernant la compatibilit\u00e9 de la l\u00e9gislation et de la politique avec les enseignements de la Sainte Bible.<br \/>\n\u00c0 ces occasions, nous faisons activement pression sur nos repr\u00e9sentants, en exer\u00e7ant nos droits d\u00e9mocratiques individuels en tant que citoyens vivant dans une soci\u00e9t\u00e9 libre.    <\/p>\n","accordion_foot_notes":"","social_share_links":["facebook","twitter"]},{"accordion_closed_title":"Les fr\u00e8res ont servi dans les deux guerres mondiales","accordion_closed_sub_title":"","accordion_open_title":"","accordion_open_sub_title":"","accordion_content":"<p>\u00c0 l\u2019\u00e9poque de la conscription militaire, les membres de l\u2019\u00e9glise chr\u00e9tienne des Fr\u00e8res de Plymouth ont \u00e9t\u00e9 impliqu\u00e9s dans les deux guerres mondiales et les guerres de Cor\u00e9e et du Vietnam, servant aux c\u00f4t\u00e9s de soldats non fr\u00e8res pour leurs pays respectifs.<br \/>\nLes Fr\u00e8res ont pris le motif d\u2019\u00eatre reconnus comme des non-combattants par opposition aux objecteurs de conscience.<br \/>\nIls ont \u00e9t\u00e9 critiqu\u00e9s, surtout pendant la Premi\u00e8re Guerre mondiale, pour avoir refus\u00e9 de porter des armes, mais le temps et l\u2019exp\u00e9rience ont prouv\u00e9 qu\u2019il y avait beaucoup de courage \u00e0 aller au front sans armes pour sauver les bless\u00e9s.<br \/>\nLes fr\u00e8res ont servi dans de nombreux endroits, notamment dans les jungles de Papouasie-Nouvelle-Guin\u00e9e, les d\u00e9serts d\u2019Afrique du Nord, les plages de Dunkerque, le d\u00e9barquement de Normandie, la Cor\u00e9e et le Vietnam.<br \/>\nIls ont servi sur la ligne de front en tant que brancardiers ainsi que dans des unit\u00e9s classifi\u00e9es de transmissions secr\u00e8tes.<br \/>\nL\u2019un d\u2019eux \u00e9tait le 2 I.C. dans l\u2019un des plus grands h\u00f4pitaux militaires d\u2019Australie.<br \/>\nParmi les exemples de reconnaissance de leur travail, citons une r\u00e9compense pendant la Premi\u00e8re Guerre mondiale pour leur bravoure dans leur service, y compris la Croix militaire.<br \/>\nPendant la Seconde Guerre mondiale, m\u00eame s\u2019il \u00e9tait emprisonn\u00e9 \u00e0 Changi, l\u2019un d\u2019eux a \u00e9t\u00e9 mentionn\u00e9 dans les d\u00e9p\u00eaches pour son service \u00e0 d\u2019autres prisonniers de guerre.<br \/>\nDans les tensions de la guerre froide en Europe, l\u2019un des Fr\u00e8res a \u00e9t\u00e9 nomm\u00e9 \u00ab Soldat de l\u2019ann\u00e9e \u00bb deux fois de suite.          <strong>EXTRAITS DES ARCHIVES NATIONALES D\u2019AUSTRALIE<\/strong>  F. KINGSLEY NORRIS (D.G.A.M.S.) LE DIRECTEUR G\u00c9N\u00c9RAL AUST. SERVICE M\u00c9DICAL \u2013 AUST. FORCES ARM\u00c9ES 1942-43 Les pertes et la maladie avaient terriblement \u00e9clairci les rangs de mon personnel m\u00e9dical, et en r\u00e9ponse \u00e0 de nombreux signaux, une ambulance de campagne suppl\u00e9mentaire, qui comprenait une compagnie d'\u00a0\u00bbobjecteurs de conscience\u00a0\u00bb, nous avait finalement \u00e9t\u00e9 attribu\u00e9e&#8230;&#8230; J\u2019ai discut\u00e9 de la situation avec le commandant et j\u2019ai d\u00e9cid\u00e9 de d\u00e9placer son ambulance \u00e0 Soputa o\u00f9 la crise de la bataille avait \u00e9t\u00e9 atteinte et o\u00f9 nos pertes augmentaient. Des porteurs parmi les \u00ab conshies \u00bb re\u00e7urent l\u2019ordre de participer \u00e0 la bataille et pas un n\u2019h\u00e9sita. Certains ont \u00e9t\u00e9 tu\u00e9s, d\u2019autres bless\u00e9s, et en les regardant, je n\u2019ai pas vu un seul homme ni une escouade de brancardiers avoir fait une pause avant de revenir. De m\u00eame que les hommes de Mons ont transmu\u00e9 ce vil mot m\u00e9prisable en or de gloire, \u00ab conshie \u00bb est devenu un noble mot de respect et de consid\u00e9ration. Cet incident \u00e0 Soputa a \u00e9t\u00e9 l\u2019un des exemples les plus inspirants de courage moral et physique que j\u2019ai connu.<\/p>\n","accordion_foot_notes":"","social_share_links":["facebook","twitter"]}]},{"acf_fc_layout":"bible_quote_slim","quote_text":"Cependant le fondement de Dieu est s\u00fbr, ayant ce sceau, le Seigneur conna\u00eet ceux qui sont \u00e0 lui.\nEt que quiconque prononce le nom de Christ s\u2019\u00e9loigne de l\u2019iniquit\u00e9. ","quote_source":"2 Timoth\u00e9e 2 v 19"},{"acf_fc_layout":"global_module","global_module_id":1148}],"columns_sm":"12","columns_md":"8","columns_lg":"8"},{"module":false,"columns_sm":"12","columns_md":"4","columns_lg":"4"}],"row_class":"","module_padding":{"":null,"padding_top_xs":"","padding_bottom_xs":"","padding_left_xs":"","padding_right_xs":"","padding_top_md":"","padding_bottom_md":"","padding_left_md":"","padding_right_md":"","padding_top_lg":"","padding_bottom_lg":"","padding_left_lg":"","padding_right_lg":""},"module_margin":{"":null,"margin_top_xs":"","margin_bottom_xs":"","margin_left_xs":"","margin_right_xs":"","margin_top_md":"","margin_bottom_md":"","margin_left_md":"","margin_right_md":"","margin_top_lg":"","margin_bottom_lg":"","margin_left_lg":"","margin_right_lg":""}}],"section_heading":"","section_class":"","module_padding":{"":null,"padding_top_xs":"","padding_bottom_xs":"","padding_left_xs":"","padding_right_xs":"","padding_top_md":"","padding_bottom_md":"","padding_left_md":"","padding_right_md":"","padding_top_lg":"","padding_bottom_lg":"","padding_left_lg":"","padding_right_lg":""},"module_margin":{"":null,"margin_top_xs":"","margin_bottom_xs":"","margin_left_xs":"","margin_right_xs":"","margin_top_md":"","margin_bottom_md":"","margin_left_md":"","margin_right_md":"","margin_top_lg":"","margin_bottom_lg":"","margin_left_lg":"","margin_right_lg":""}}]},"yoast_head":"<!-- This site is optimized with the Yoast SEO plugin v25.2 - https:\/\/yoast.com\/wordpress\/plugins\/seo\/ -->\n<title>Autres | Plymouth Brethren Christian Church<\/title>\n<meta name=\"description\" content=\"Visitez l\u2019autre page du site web de l\u2019\u00c9glise, une communaut\u00e9 chr\u00e9tienne bas\u00e9e sur la Sainte Bible comme Parole de Dieu.\" \/>\n<meta name=\"robots\" content=\"index, follow, max-snippet:-1, max-image-preview:large, max-video-preview:-1\" \/>\n<link rel=\"canonical\" href=\"https:\/\/www.plymouthbrethrenchristianchurch.org\/fr\/ce-que-nous-croyons\/autres\/\" \/>\n<meta property=\"og:locale\" content=\"fr_FR\" \/>\n<meta property=\"og:type\" content=\"article\" \/>\n<meta property=\"og:title\" content=\"Autres | Plymouth Brethren Christian Church\" \/>\n<meta property=\"og:description\" content=\"Visitez l\u2019autre page du site web de l\u2019\u00c9glise, une communaut\u00e9 chr\u00e9tienne bas\u00e9e sur la Sainte Bible comme Parole de Dieu.\" \/>\n<meta property=\"og:url\" content=\"https:\/\/www.plymouthbrethrenchristianchurch.org\/fr\/ce-que-nous-croyons\/autres\/\" \/>\n<meta property=\"og:site_name\" content=\"Plymouth Brethren Christian Church\" \/>\n<meta property=\"article:publisher\" content=\"https:\/\/www.facebook.com\/PlymouthBrethrenChristianChurch\" \/>\n<meta property=\"article:modified_time\" content=\"2024-09-10T04:09:02+00:00\" \/>\n<meta name=\"twitter:card\" content=\"summary_large_image\" \/>\n<script type=\"application\/ld+json\" class=\"yoast-schema-graph\">{\"@context\":\"https:\/\/schema.org\",\"@graph\":[{\"@type\":\"WebPage\",\"@id\":\"https:\/\/www.plymouthbrethrenchristianchurch.org\/fr\/ce-que-nous-croyons\/autres\/\",\"url\":\"https:\/\/www.plymouthbrethrenchristianchurch.org\/fr\/ce-que-nous-croyons\/autres\/\",\"name\":\"Autres | Plymouth Brethren Christian Church\",\"isPartOf\":{\"@id\":\"https:\/\/www.plymouthbrethrenchristianchurch.org\/#website\"},\"datePublished\":\"2020-05-07T19:11:27+00:00\",\"dateModified\":\"2024-09-10T04:09:02+00:00\",\"description\":\"Visitez l\u2019autre page du site web de l\u2019\u00c9glise, une communaut\u00e9 chr\u00e9tienne bas\u00e9e sur la Sainte Bible comme Parole de Dieu.\",\"breadcrumb\":{\"@id\":\"https:\/\/www.plymouthbrethrenchristianchurch.org\/fr\/ce-que-nous-croyons\/autres\/#breadcrumb\"},\"inLanguage\":\"fr-FR\",\"potentialAction\":[{\"@type\":\"ReadAction\",\"target\":[\"https:\/\/www.plymouthbrethrenchristianchurch.org\/fr\/ce-que-nous-croyons\/autres\/\"]}]},{\"@type\":\"BreadcrumbList\",\"@id\":\"https:\/\/www.plymouthbrethrenchristianchurch.org\/fr\/ce-que-nous-croyons\/autres\/#breadcrumb\",\"itemListElement\":[{\"@type\":\"ListItem\",\"position\":1,\"name\":\"Home\",\"item\":\"https:\/\/www.plymouthbrethrenchristianchurch.org\/fr\/accueil\/\"},{\"@type\":\"ListItem\",\"position\":2,\"name\":\"Ce que nous croyons\",\"item\":\"https:\/\/www.plymouthbrethrenchristianchurch.org\/fr\/ce-que-nous-croyons\/\"},{\"@type\":\"ListItem\",\"position\":3,\"name\":\"Autres\"}]},{\"@type\":\"WebSite\",\"@id\":\"https:\/\/www.plymouthbrethrenchristianchurch.org\/#website\",\"url\":\"https:\/\/www.plymouthbrethrenchristianchurch.org\/\",\"name\":\"Plymouth Brethren Christian Church\",\"description\":\"\",\"publisher\":{\"@id\":\"https:\/\/www.plymouthbrethrenchristianchurch.org\/#organization\"},\"potentialAction\":[{\"@type\":\"SearchAction\",\"target\":{\"@type\":\"EntryPoint\",\"urlTemplate\":\"https:\/\/www.plymouthbrethrenchristianchurch.org\/?s={search_term_string}\"},\"query-input\":{\"@type\":\"PropertyValueSpecification\",\"valueRequired\":true,\"valueName\":\"search_term_string\"}}],\"inLanguage\":\"fr-FR\"},{\"@type\":\"Organization\",\"@id\":\"https:\/\/www.plymouthbrethrenchristianchurch.org\/#organization\",\"name\":\"Plymouth Brethren Christian Church\",\"url\":\"https:\/\/www.plymouthbrethrenchristianchurch.org\/\",\"logo\":{\"@type\":\"ImageObject\",\"inLanguage\":\"fr-FR\",\"@id\":\"https:\/\/www.plymouthbrethrenchristianchurch.org\/#\/schema\/logo\/image\/\",\"url\":\"https:\/\/www.plymouthbrethrenchristianchurch.org\/wp-content\/uploads\/2020\/05\/site-logo.svg\",\"contentUrl\":\"https:\/\/www.plymouthbrethrenchristianchurch.org\/wp-content\/uploads\/2020\/05\/site-logo.svg\",\"caption\":\"Plymouth Brethren Christian Church\"},\"image\":{\"@id\":\"https:\/\/www.plymouthbrethrenchristianchurch.org\/#\/schema\/logo\/image\/\"},\"sameAs\":[\"https:\/\/www.facebook.com\/PlymouthBrethrenChristianChurch\",\"https:\/\/www.youtube.com\/channel\/UC76fGueDJBbLvhs988yTBXQ\",\"https:\/\/www.pinterest.com.au\/plymouthbcc\/\"]}]}<\/script>\n<!-- \/ Yoast SEO plugin. -->","yoast_head_json":{"title":"Autres | Plymouth Brethren Christian Church","description":"Visitez l\u2019autre page du site web de l\u2019\u00c9glise, une communaut\u00e9 chr\u00e9tienne bas\u00e9e sur la Sainte Bible comme Parole de Dieu.","robots":{"index":"index","follow":"follow","max-snippet":"max-snippet:-1","max-image-preview":"max-image-preview:large","max-video-preview":"max-video-preview:-1"},"canonical":"https:\/\/www.plymouthbrethrenchristianchurch.org\/fr\/ce-que-nous-croyons\/autres\/","og_locale":"fr_FR","og_type":"article","og_title":"Autres | Plymouth Brethren Christian Church","og_description":"Visitez l\u2019autre page du site web de l\u2019\u00c9glise, une communaut\u00e9 chr\u00e9tienne bas\u00e9e sur la Sainte Bible comme Parole de Dieu.","og_url":"https:\/\/www.plymouthbrethrenchristianchurch.org\/fr\/ce-que-nous-croyons\/autres\/","og_site_name":"Plymouth Brethren Christian Church","article_publisher":"https:\/\/www.facebook.com\/PlymouthBrethrenChristianChurch","article_modified_time":"2024-09-10T04:09:02+00:00","twitter_card":"summary_large_image","schema":{"@context":"https:\/\/schema.org","@graph":[{"@type":"WebPage","@id":"https:\/\/www.plymouthbrethrenchristianchurch.org\/fr\/ce-que-nous-croyons\/autres\/","url":"https:\/\/www.plymouthbrethrenchristianchurch.org\/fr\/ce-que-nous-croyons\/autres\/","name":"Autres | Plymouth Brethren Christian Church","isPartOf":{"@id":"https:\/\/www.plymouthbrethrenchristianchurch.org\/#website"},"datePublished":"2020-05-07T19:11:27+00:00","dateModified":"2024-09-10T04:09:02+00:00","description":"Visitez l\u2019autre page du site web de l\u2019\u00c9glise, une communaut\u00e9 chr\u00e9tienne bas\u00e9e sur la Sainte Bible comme Parole de Dieu.","breadcrumb":{"@id":"https:\/\/www.plymouthbrethrenchristianchurch.org\/fr\/ce-que-nous-croyons\/autres\/#breadcrumb"},"inLanguage":"fr-FR","potentialAction":[{"@type":"ReadAction","target":["https:\/\/www.plymouthbrethrenchristianchurch.org\/fr\/ce-que-nous-croyons\/autres\/"]}]},{"@type":"BreadcrumbList","@id":"https:\/\/www.plymouthbrethrenchristianchurch.org\/fr\/ce-que-nous-croyons\/autres\/#breadcrumb","itemListElement":[{"@type":"ListItem","position":1,"name":"Home","item":"https:\/\/www.plymouthbrethrenchristianchurch.org\/fr\/accueil\/"},{"@type":"ListItem","position":2,"name":"Ce que nous croyons","item":"https:\/\/www.plymouthbrethrenchristianchurch.org\/fr\/ce-que-nous-croyons\/"},{"@type":"ListItem","position":3,"name":"Autres"}]},{"@type":"WebSite","@id":"https:\/\/www.plymouthbrethrenchristianchurch.org\/#website","url":"https:\/\/www.plymouthbrethrenchristianchurch.org\/","name":"Plymouth Brethren Christian Church","description":"","publisher":{"@id":"https:\/\/www.plymouthbrethrenchristianchurch.org\/#organization"},"potentialAction":[{"@type":"SearchAction","target":{"@type":"EntryPoint","urlTemplate":"https:\/\/www.plymouthbrethrenchristianchurch.org\/?s={search_term_string}"},"query-input":{"@type":"PropertyValueSpecification","valueRequired":true,"valueName":"search_term_string"}}],"inLanguage":"fr-FR"},{"@type":"Organization","@id":"https:\/\/www.plymouthbrethrenchristianchurch.org\/#organization","name":"Plymouth Brethren Christian Church","url":"https:\/\/www.plymouthbrethrenchristianchurch.org\/","logo":{"@type":"ImageObject","inLanguage":"fr-FR","@id":"https:\/\/www.plymouthbrethrenchristianchurch.org\/#\/schema\/logo\/image\/","url":"https:\/\/www.plymouthbrethrenchristianchurch.org\/wp-content\/uploads\/2020\/05\/site-logo.svg","contentUrl":"https:\/\/www.plymouthbrethrenchristianchurch.org\/wp-content\/uploads\/2020\/05\/site-logo.svg","caption":"Plymouth Brethren Christian Church"},"image":{"@id":"https:\/\/www.plymouthbrethrenchristianchurch.org\/#\/schema\/logo\/image\/"},"sameAs":["https:\/\/www.facebook.com\/PlymouthBrethrenChristianChurch","https:\/\/www.youtube.com\/channel\/UC76fGueDJBbLvhs988yTBXQ","https:\/\/www.pinterest.com.au\/plymouthbcc\/"]}]}},"_links":{"self":[{"href":"https:\/\/www.plymouthbrethrenchristianchurch.org\/fr\/wp-json\/wp\/v2\/pages\/2867"}],"collection":[{"href":"https:\/\/www.plymouthbrethrenchristianchurch.org\/fr\/wp-json\/wp\/v2\/pages"}],"about":[{"href":"https:\/\/www.plymouthbrethrenchristianchurch.org\/fr\/wp-json\/wp\/v2\/types\/page"}],"author":[{"embeddable":true,"href":"https:\/\/www.plymouthbrethrenchristianchurch.org\/fr\/wp-json\/wp\/v2\/users\/2"}],"replies":[{"embeddable":true,"href":"https:\/\/www.plymouthbrethrenchristianchurch.org\/fr\/wp-json\/wp\/v2\/comments?post=2867"}],"version-history":[{"count":3,"href":"https:\/\/www.plymouthbrethrenchristianchurch.org\/fr\/wp-json\/wp\/v2\/pages\/2867\/revisions"}],"predecessor-version":[{"id":3727,"href":"https:\/\/www.plymouthbrethrenchristianchurch.org\/fr\/wp-json\/wp\/v2\/pages\/2867\/revisions\/3727"}],"up":[{"embeddable":true,"href":"https:\/\/www.plymouthbrethrenchristianchurch.org\/fr\/wp-json\/wp\/v2\/pages\/2849"}],"wp:attachment":[{"href":"https:\/\/www.plymouthbrethrenchristianchurch.org\/fr\/wp-json\/wp\/v2\/media?parent=2867"}],"curies":[{"name":"wp","href":"https:\/\/api.w.org\/{rel}","templated":true}]}}