{"id":2875,"date":"2020-04-30T06:51:09","date_gmt":"2020-04-29T20:51:09","guid":{"rendered":"https:\/\/www.plymouthbrethrenchristianchurch.org\/nos-valeurs\/"},"modified":"2024-09-10T15:21:06","modified_gmt":"2024-09-10T05:21:06","slug":"nos-valeurs","status":"publish","type":"page","link":"https:\/\/www.plymouthbrethrenchristianchurch.org\/fr\/nos-valeurs\/","title":{"rendered":"Nos valeurs"},"content":{"rendered":"","protected":false},"excerpt":{"rendered":"<p>Nos valeurs sont la famille, la communion, la pr\u00e9dication de l\u2019\u00c9vangile, la communaut\u00e9 et le soin des autres.<\/p>\n","protected":false},"author":1,"featured_media":0,"parent":0,"menu_order":4,"comment_status":"closed","ping_status":"closed","template":"page-templates\/acf-flexible-content.php","meta":{"_acf_changed":false,"_relevanssi_hide_post":"","_relevanssi_hide_content":"","_relevanssi_pin_for_all":"","_relevanssi_pin_keywords":"","_relevanssi_unpin_keywords":"","_relevanssi_related_keywords":"","_relevanssi_related_include_ids":"","_relevanssi_related_exclude_ids":"","_relevanssi_related_no_append":"","_relevanssi_related_not_related":"","_relevanssi_related_posts":"","_relevanssi_noindex_reason":"","inline_featured_image":false,"footnotes":""},"class_list":["post-2875","page","type-page","status-publish","hentry"],"acf":{"post_page_video":"","content":[{"acf_fc_layout":"page_header_with_links","override_title":false,"custom_title":"","intro_text":"<p>En savoir plus sur les valeurs communes des Fr\u00e8res de Plymouth \u2013 une communaut\u00e9 mondiale de plus de 50 000 membres.<\/p>\n","enable_button":true,"button":{"button_text":"","button_url":"","open_in_new_tab":false,"button_class":""},"link_source":"off","select_a_menu":false,"menu_title":"","custom_links":false,"header_styles":{"":null,"background_colour":"#ffffff","background_image":2402,"text_colour":"black"},"row_class":""},{"acf_fc_layout":"module_section","row":[{"column_gap":"4","column":[{"module":[{"acf_fc_layout":"rich_media_block","image":false,"header":{"":null,"title":"Ax\u00e9 sur la famille","heading_level":"h2","header_styles":{"":null,"background_colour":"","background_image":false,"text_colour":"orange"},"make_separator":false},"content":"<p>Nous sommes profond\u00e9ment ax\u00e9s sur la famille et la famille est au c\u0153ur de nos croyances et de notre mode de vie. Nous appr\u00e9cions les temps que nous passons ensemble et nous nous effor\u00e7ons de faire en sorte que nos enfants grandissent heureux, aim\u00e9s et ch\u00e9ris. C\u2019est une joie de les voir prosp\u00e9rer au sein d\u2019une communaut\u00e9 aussi stable et bienveillante.<\/p>\n","enable_button":false,"button":{"button_text":"","button_url":"","open_in_new_tab":false,"button_class":""},"class":""}],"columns_sm":"4","columns_md":"none","columns_lg":"4"},{"module":[{"acf_fc_layout":"rich_media_block","image":false,"header":{"":null,"title":"Communaut\u00e9","heading_level":"h2","header_styles":{"":null,"background_colour":"","background_image":false,"text_colour":"violet"},"make_separator":false},"content":"<p>La communaut\u00e9 pbcc fait partie int\u00e9grante de notre mode de vie. Nous pratiquons un mode de vie bas\u00e9 sur la Sainte Bible et socialisons avec ceux que nous partageons la Sainte Communion. Notre communaut\u00e9 fournit des conseils les uns aux autres sur la fa\u00e7on dont en tant que chr\u00e9tiens, nous pouvons suivre la parole de Dieu et la rendre applicable \u00e0 la vie quotidienne.<\/p>\n","enable_button":false,"button":{"button_text":"","button_url":"","open_in_new_tab":false,"button_class":""},"class":""}],"columns_sm":"4","columns_md":"none","columns_lg":"4"},{"module":[{"acf_fc_layout":"rich_media_block","image":false,"header":{"":null,"title":"Soins et respect","heading_level":"h2","header_styles":{"":null,"background_colour":"","background_image":false,"text_colour":"brown"},"make_separator":false},"content":"<p>En tant que communaut\u00e9, nous sommes bienveillants et respectueux des autres et nous reconnaissons les droits de toute l\u2019humanit\u00e9 au sein de la soci\u00e9t\u00e9. Nous croyons au potentiel que chaque \u00eatre humain doit mener un mode de vie chr\u00e9tien avec plaisir et authenticit\u00e9.<\/p>\n","enable_button":false,"button":{"button_text":"Montez","button_url":"","open_in_new_tab":false,"button_class":""},"class":""}],"columns_sm":"4","columns_md":"none","columns_lg":"4"}],"row_class":"","module_padding":{"":null,"padding_top_xs":"","padding_bottom_xs":"","padding_left_xs":"","padding_right_xs":"","padding_top_md":"","padding_bottom_md":"","padding_left_md":"","padding_right_md":"","padding_top_lg":"","padding_bottom_lg":"","padding_left_lg":"","padding_right_lg":""},"module_margin":{"":null,"margin_top_xs":"","margin_bottom_xs":"","margin_left_xs":"","margin_right_xs":"","margin_top_md":"","margin_bottom_md":"","margin_left_md":"","margin_right_md":"","margin_top_lg":"","margin_bottom_lg":"","margin_left_lg":"","margin_right_lg":""}}],"section_heading":"","section_class":"py-0","module_padding":{"":null,"padding_top_xs":"","padding_bottom_xs":"","padding_left_xs":"","padding_right_xs":"","padding_top_md":"","padding_bottom_md":"","padding_left_md":"","padding_right_md":"","padding_top_lg":"","padding_bottom_lg":"","padding_left_lg":"","padding_right_lg":""},"module_margin":{"":null,"margin_top_xs":"","margin_bottom_xs":"","margin_left_xs":"","margin_right_xs":"","margin_top_md":"","margin_bottom_md":"","margin_left_md":"","margin_right_md":"","margin_top_lg":"","margin_bottom_lg":"","margin_left_lg":"","margin_right_lg":""}},{"acf_fc_layout":"content_grid_1_2","section_title":"","content_row":[{"content_title":"Vie de famille","content_body":"<p>Les membres des Fr\u00e8res plymouth ont de fortes valeurs familiales et \u00e9l\u00e8vent leurs enfants dans la m\u00eame foi.<\/p>\n","image":1933,"enable_quote_overlay":false,"quote_overlay":{"quote_text":"","quote_source":""},"icon":{"icon":false,"icon_position":"left","icon_vertical_offset":""},"enable_link":true,"link":{"title":"Vie de famille","url":"https:\/\/www.plymouthbrethrenchristianchurch.org\/values\/family-life\/","target":""},"header_styles":{"":null,"background_colour":"","background_image":false,"text_colour":"orange"}},{"content_title":"Bourse","content_body":"<p>Nous consid\u00e9rons la communion chr\u00e9tienne mutuelle comme une partie int\u00e9grante de notre mode de vie.<\/p>\n","image":2036,"enable_quote_overlay":false,"quote_overlay":{"quote_text":"","quote_source":""},"icon":{"icon":false,"icon_position":"left","icon_vertical_offset":""},"enable_link":true,"link":{"title":"Bourse","url":"https:\/\/www.plymouthbrethrenchristianchurch.org\/values\/fellowship\/","target":""},"header_styles":{"":null,"background_colour":"","background_image":false,"text_colour":"violet"}},{"content_title":"Pr\u00eacher l\u2019\u00c9vangile","content_body":"<p>Nous pr\u00eachons activement la Parole de Dieu \u00e0 la communaut\u00e9 en g\u00e9n\u00e9ral.<\/p>\n","image":1949,"enable_quote_overlay":false,"quote_overlay":{"quote_text":"","quote_source":""},"icon":{"icon":false,"icon_position":"left","icon_vertical_offset":""},"enable_link":true,"link":{"title":"Pr\u00eacher l\u2019\u00c9vangile","url":"https:\/\/www.plymouthbrethrenchristianchurch.org\/fr\/nos-valeurs\/precher-levangile\/","target":""},"header_styles":{"":null,"background_colour":"","background_image":false,"text_colour":"brown"}},{"content_title":"Communaut\u00e9","content_body":"<p>Nous accordons une grande importance \u00e0 la pratique active du christianisme et pour nous, cela se produit de bien des fa\u00e7ons.<\/p>\n","image":1953,"enable_quote_overlay":false,"quote_overlay":{"quote_text":"","quote_source":""},"icon":{"icon":false,"icon_position":"left","icon_vertical_offset":""},"enable_link":true,"link":{"title":"Communaut\u00e9","url":"https:\/\/www.plymouthbrethrenchristianchurch.org\/fr\/accueil\/communaute\/","target":""},"header_styles":{"":null,"background_colour":"","background_image":false,"text_colour":"orange"}},{"content_title":"Prendre soin des autres","content_body":"<p>Il y a un esprit de bienfaisance fort et g\u00e9n\u00e9reux parmi les Fr\u00e8res, avec beaucoup volontiers consacrer leur temps contribuant aux efforts philanthropiques pour soulager la charge sur l\u2019humanit\u00e9.<\/p>\n","image":2386,"enable_quote_overlay":false,"quote_overlay":{"quote_text":"","quote_source":""},"icon":{"icon":false,"icon_position":"left","icon_vertical_offset":""},"enable_link":true,"link":{"title":"Prendre soin des autres","url":"https:\/\/www.plymouthbrethrenchristianchurch.org\/fr\/nos-valeurs\/prendre-soin-des-autres\/","target":""},"header_styles":{"":null,"background_colour":"","background_image":false,"text_colour":"violet"}}]},{"acf_fc_layout":"quote_section","background_color":"orange","passage_text":"Car m\u00eame hereunto avez-vous \u00e9t\u00e9 appel\u00e9: parce que le Christ a \u00e9galement souffert pour nous, nous laissant un exemple, que vous devriez suivre ses pas.","passage_source":"1 Pierre 2 v 21","background_image":1929}]},"yoast_head":"<!-- This site is optimized with the Yoast SEO plugin v25.2 - https:\/\/yoast.com\/wordpress\/plugins\/seo\/ -->\n<title>Nos valeurs | Plymouth Brethren Christian Church<\/title>\n<meta name=\"description\" content=\"Visit the Nos valeurs page on the website of the Plymouth Brethren Christian Church, a Christian fellowship based on the Holy Bible as the Word of God.\" \/>\n<meta name=\"robots\" content=\"index, follow, max-snippet:-1, max-image-preview:large, max-video-preview:-1\" \/>\n<link rel=\"canonical\" href=\"https:\/\/www.plymouthbrethrenchristianchurch.org\/fr\/nos-valeurs\/\" \/>\n<meta property=\"og:locale\" content=\"fr_FR\" \/>\n<meta property=\"og:type\" content=\"article\" \/>\n<meta property=\"og:title\" content=\"Nos valeurs | Plymouth Brethren Christian Church\" \/>\n<meta property=\"og:description\" content=\"Visit the Nos valeurs page on the website of the Plymouth Brethren Christian Church, a Christian fellowship based on the Holy Bible as the Word of God.\" \/>\n<meta property=\"og:url\" content=\"https:\/\/www.plymouthbrethrenchristianchurch.org\/fr\/nos-valeurs\/\" \/>\n<meta property=\"og:site_name\" content=\"Plymouth Brethren Christian Church\" \/>\n<meta property=\"article:publisher\" content=\"https:\/\/www.facebook.com\/PlymouthBrethrenChristianChurch\" \/>\n<meta property=\"article:modified_time\" content=\"2024-09-10T05:21:06+00:00\" \/>\n<meta name=\"twitter:card\" content=\"summary_large_image\" \/>\n<script type=\"application\/ld+json\" class=\"yoast-schema-graph\">{\"@context\":\"https:\/\/schema.org\",\"@graph\":[{\"@type\":\"WebPage\",\"@id\":\"https:\/\/www.plymouthbrethrenchristianchurch.org\/fr\/nos-valeurs\/\",\"url\":\"https:\/\/www.plymouthbrethrenchristianchurch.org\/fr\/nos-valeurs\/\",\"name\":\"Nos valeurs | Plymouth Brethren Christian Church\",\"isPartOf\":{\"@id\":\"https:\/\/www.plymouthbrethrenchristianchurch.org\/#website\"},\"datePublished\":\"2020-04-29T20:51:09+00:00\",\"dateModified\":\"2024-09-10T05:21:06+00:00\",\"description\":\"Visit the Nos valeurs page on the website of the Plymouth Brethren Christian Church, a Christian fellowship based on the Holy Bible as the Word of God.\",\"breadcrumb\":{\"@id\":\"https:\/\/www.plymouthbrethrenchristianchurch.org\/fr\/nos-valeurs\/#breadcrumb\"},\"inLanguage\":\"fr-FR\",\"potentialAction\":[{\"@type\":\"ReadAction\",\"target\":[\"https:\/\/www.plymouthbrethrenchristianchurch.org\/fr\/nos-valeurs\/\"]}]},{\"@type\":\"BreadcrumbList\",\"@id\":\"https:\/\/www.plymouthbrethrenchristianchurch.org\/fr\/nos-valeurs\/#breadcrumb\",\"itemListElement\":[{\"@type\":\"ListItem\",\"position\":1,\"name\":\"Home\",\"item\":\"https:\/\/www.plymouthbrethrenchristianchurch.org\/fr\/accueil\/\"},{\"@type\":\"ListItem\",\"position\":2,\"name\":\"Nos valeurs\"}]},{\"@type\":\"WebSite\",\"@id\":\"https:\/\/www.plymouthbrethrenchristianchurch.org\/#website\",\"url\":\"https:\/\/www.plymouthbrethrenchristianchurch.org\/\",\"name\":\"Plymouth Brethren Christian Church\",\"description\":\"\",\"publisher\":{\"@id\":\"https:\/\/www.plymouthbrethrenchristianchurch.org\/#organization\"},\"potentialAction\":[{\"@type\":\"SearchAction\",\"target\":{\"@type\":\"EntryPoint\",\"urlTemplate\":\"https:\/\/www.plymouthbrethrenchristianchurch.org\/?s={search_term_string}\"},\"query-input\":{\"@type\":\"PropertyValueSpecification\",\"valueRequired\":true,\"valueName\":\"search_term_string\"}}],\"inLanguage\":\"fr-FR\"},{\"@type\":\"Organization\",\"@id\":\"https:\/\/www.plymouthbrethrenchristianchurch.org\/#organization\",\"name\":\"Plymouth Brethren Christian Church\",\"url\":\"https:\/\/www.plymouthbrethrenchristianchurch.org\/\",\"logo\":{\"@type\":\"ImageObject\",\"inLanguage\":\"fr-FR\",\"@id\":\"https:\/\/www.plymouthbrethrenchristianchurch.org\/#\/schema\/logo\/image\/\",\"url\":\"https:\/\/www.plymouthbrethrenchristianchurch.org\/wp-content\/uploads\/2020\/05\/site-logo.svg\",\"contentUrl\":\"https:\/\/www.plymouthbrethrenchristianchurch.org\/wp-content\/uploads\/2020\/05\/site-logo.svg\",\"caption\":\"Plymouth Brethren Christian Church\"},\"image\":{\"@id\":\"https:\/\/www.plymouthbrethrenchristianchurch.org\/#\/schema\/logo\/image\/\"},\"sameAs\":[\"https:\/\/www.facebook.com\/PlymouthBrethrenChristianChurch\",\"https:\/\/www.youtube.com\/channel\/UC76fGueDJBbLvhs988yTBXQ\",\"https:\/\/www.pinterest.com.au\/plymouthbcc\/\"]}]}<\/script>\n<!-- \/ Yoast SEO plugin. -->","yoast_head_json":{"title":"Nos valeurs | Plymouth Brethren Christian Church","description":"Visit the Nos valeurs page on the website of the Plymouth Brethren Christian Church, a Christian fellowship based on the Holy Bible as the Word of God.","robots":{"index":"index","follow":"follow","max-snippet":"max-snippet:-1","max-image-preview":"max-image-preview:large","max-video-preview":"max-video-preview:-1"},"canonical":"https:\/\/www.plymouthbrethrenchristianchurch.org\/fr\/nos-valeurs\/","og_locale":"fr_FR","og_type":"article","og_title":"Nos valeurs | Plymouth Brethren Christian Church","og_description":"Visit the Nos valeurs page on the website of the Plymouth Brethren Christian Church, a Christian fellowship based on the Holy Bible as the Word of God.","og_url":"https:\/\/www.plymouthbrethrenchristianchurch.org\/fr\/nos-valeurs\/","og_site_name":"Plymouth Brethren Christian Church","article_publisher":"https:\/\/www.facebook.com\/PlymouthBrethrenChristianChurch","article_modified_time":"2024-09-10T05:21:06+00:00","twitter_card":"summary_large_image","schema":{"@context":"https:\/\/schema.org","@graph":[{"@type":"WebPage","@id":"https:\/\/www.plymouthbrethrenchristianchurch.org\/fr\/nos-valeurs\/","url":"https:\/\/www.plymouthbrethrenchristianchurch.org\/fr\/nos-valeurs\/","name":"Nos valeurs | Plymouth Brethren Christian Church","isPartOf":{"@id":"https:\/\/www.plymouthbrethrenchristianchurch.org\/#website"},"datePublished":"2020-04-29T20:51:09+00:00","dateModified":"2024-09-10T05:21:06+00:00","description":"Visit the Nos valeurs page on the website of the Plymouth Brethren Christian Church, a Christian fellowship based on the Holy Bible as the Word of God.","breadcrumb":{"@id":"https:\/\/www.plymouthbrethrenchristianchurch.org\/fr\/nos-valeurs\/#breadcrumb"},"inLanguage":"fr-FR","potentialAction":[{"@type":"ReadAction","target":["https:\/\/www.plymouthbrethrenchristianchurch.org\/fr\/nos-valeurs\/"]}]},{"@type":"BreadcrumbList","@id":"https:\/\/www.plymouthbrethrenchristianchurch.org\/fr\/nos-valeurs\/#breadcrumb","itemListElement":[{"@type":"ListItem","position":1,"name":"Home","item":"https:\/\/www.plymouthbrethrenchristianchurch.org\/fr\/accueil\/"},{"@type":"ListItem","position":2,"name":"Nos valeurs"}]},{"@type":"WebSite","@id":"https:\/\/www.plymouthbrethrenchristianchurch.org\/#website","url":"https:\/\/www.plymouthbrethrenchristianchurch.org\/","name":"Plymouth Brethren Christian Church","description":"","publisher":{"@id":"https:\/\/www.plymouthbrethrenchristianchurch.org\/#organization"},"potentialAction":[{"@type":"SearchAction","target":{"@type":"EntryPoint","urlTemplate":"https:\/\/www.plymouthbrethrenchristianchurch.org\/?s={search_term_string}"},"query-input":{"@type":"PropertyValueSpecification","valueRequired":true,"valueName":"search_term_string"}}],"inLanguage":"fr-FR"},{"@type":"Organization","@id":"https:\/\/www.plymouthbrethrenchristianchurch.org\/#organization","name":"Plymouth Brethren Christian Church","url":"https:\/\/www.plymouthbrethrenchristianchurch.org\/","logo":{"@type":"ImageObject","inLanguage":"fr-FR","@id":"https:\/\/www.plymouthbrethrenchristianchurch.org\/#\/schema\/logo\/image\/","url":"https:\/\/www.plymouthbrethrenchristianchurch.org\/wp-content\/uploads\/2020\/05\/site-logo.svg","contentUrl":"https:\/\/www.plymouthbrethrenchristianchurch.org\/wp-content\/uploads\/2020\/05\/site-logo.svg","caption":"Plymouth Brethren Christian Church"},"image":{"@id":"https:\/\/www.plymouthbrethrenchristianchurch.org\/#\/schema\/logo\/image\/"},"sameAs":["https:\/\/www.facebook.com\/PlymouthBrethrenChristianChurch","https:\/\/www.youtube.com\/channel\/UC76fGueDJBbLvhs988yTBXQ","https:\/\/www.pinterest.com.au\/plymouthbcc\/"]}]}},"_links":{"self":[{"href":"https:\/\/www.plymouthbrethrenchristianchurch.org\/fr\/wp-json\/wp\/v2\/pages\/2875"}],"collection":[{"href":"https:\/\/www.plymouthbrethrenchristianchurch.org\/fr\/wp-json\/wp\/v2\/pages"}],"about":[{"href":"https:\/\/www.plymouthbrethrenchristianchurch.org\/fr\/wp-json\/wp\/v2\/types\/page"}],"author":[{"embeddable":true,"href":"https:\/\/www.plymouthbrethrenchristianchurch.org\/fr\/wp-json\/wp\/v2\/users\/1"}],"replies":[{"embeddable":true,"href":"https:\/\/www.plymouthbrethrenchristianchurch.org\/fr\/wp-json\/wp\/v2\/comments?post=2875"}],"version-history":[{"count":2,"href":"https:\/\/www.plymouthbrethrenchristianchurch.org\/fr\/wp-json\/wp\/v2\/pages\/2875\/revisions"}],"predecessor-version":[{"id":7978,"href":"https:\/\/www.plymouthbrethrenchristianchurch.org\/fr\/wp-json\/wp\/v2\/pages\/2875\/revisions\/7978"}],"wp:attachment":[{"href":"https:\/\/www.plymouthbrethrenchristianchurch.org\/fr\/wp-json\/wp\/v2\/media?parent=2875"}],"curies":[{"name":"wp","href":"https:\/\/api.w.org\/{rel}","templated":true}]}}