{"id":2899,"date":"2020-05-12T06:37:51","date_gmt":"2020-05-11T20:37:51","guid":{"rendered":"https:\/\/www.plymouthbrethrenchristianchurch.org\/nos-valeurs\/prendre-soin-des-autres\/"},"modified":"2024-09-10T14:09:28","modified_gmt":"2024-09-10T04:09:28","slug":"prendre-soin-des-autres","status":"publish","type":"page","link":"https:\/\/www.plymouthbrethrenchristianchurch.org\/fr\/nos-valeurs\/prendre-soin-des-autres\/","title":{"rendered":"Prendre soin des autres"},"content":{"rendered":"","protected":false},"excerpt":{"rendered":"","protected":false},"author":2,"featured_media":0,"parent":2875,"menu_order":5,"comment_status":"closed","ping_status":"closed","template":"page-templates\/acf-flexible-content.php","meta":{"_acf_changed":false,"_relevanssi_hide_post":"","_relevanssi_hide_content":"","_relevanssi_pin_for_all":"","_relevanssi_pin_keywords":"","_relevanssi_unpin_keywords":"","_relevanssi_related_keywords":"","_relevanssi_related_include_ids":"","_relevanssi_related_exclude_ids":"","_relevanssi_related_no_append":"","_relevanssi_related_not_related":"","_relevanssi_related_posts":"","_relevanssi_noindex_reason":"","inline_featured_image":false,"footnotes":""},"class_list":["post-2899","page","type-page","status-publish","hentry"],"acf":{"post_page_video":"","content":[{"acf_fc_layout":"page_header_with_links","override_title":false,"custom_title":"Titre d\u2019essai","intro_text":"<p>Il y a un esprit de bienfaisance fort et g\u00e9n\u00e9reux parmi les Fr\u00e8res, beaucoup consacrant volontiers leur temps \u00e0 contribuer aux efforts philanthropiques pour soulager la charge sur l\u2019humanit\u00e9.<\/p>\n","enable_button":true,"button":{"button_text":"","button_url":"","open_in_new_tab":false,"button_class":""},"link_source":"menu","select_a_menu":{"value":"19","label":"Valeurs fondamentales"},"menu_title":"","custom_links":false,"header_styles":{"":null,"background_colour":"#515151","background_image":2338,"text_colour":"white"},"row_class":""},{"acf_fc_layout":"module_section","row":[{"column_gap":"6","column":[{"module":[{"acf_fc_layout":"rich_media_block","image":6497,"header":{"":null,"title":"\u0152uvres de bienfaisance","heading_level":"h2","header_styles":{"":null,"background_colour":"","background_image":false,"text_colour":"orange"},"make_separator":false},"content":"<p>Il y a un esprit de bienfaisance fort et g\u00e9n\u00e9reux parmi les Fr\u00e8res, avec beaucoup volontiers consacrer leur temps contribuant aux efforts philanthropiques pour soulager la charge sur l\u2019humanit\u00e9. Les fr\u00e8res appr\u00e9cient, respectent et soutiennent toute cause valable pour soulager la souffrance des hommes et des femmes. Les collectes de fonds et d\u2019autres activit\u00e9s telles que les banques de nourriture et de v\u00eatements ont fourni un soutien substantiel \u00e0 de nombreux organismes de bienfaisance et d\u2019organisations gouvernementales.<\/p>\n","enable_button":true,"button":{"button_text":"","button_url":"","open_in_new_tab":false,"button_class":""},"class":""},{"acf_fc_layout":"rich_media_block","image":6472,"header":{"":null,"title":"Secours d\u2019urgence et de catastrophe","heading_level":"h2","header_styles":{"":null,"background_colour":"","background_image":false,"text_colour":"orange"},"make_separator":false},"content":"<p>L\u2019\u00c9quipe de secours rapide (RRT) est un groupe mondial de b\u00e9n\u00e9voles de tous \u00e2ges, d\u00e9vou\u00e9s au service de la communaut\u00e9. En tant que membres de l\u2019\u00c9glise chr\u00e9tienne des Fr\u00e8res de Plymouth, nous nous effor\u00e7ons de pratiquer le vrai christianisme dans notre mode de vie. Cela comprend le fait d\u2019\u00eatre compatissants, actifs et de contribuer aux citoyens et de faire ce que nous pouvons pour aider. Cette pratique de longue date d\u2019aider les autres perdure jusqu\u2019\u00e0 aujourd\u2019hui, sous la banni\u00e8re de l\u2019\u00e9quipe de secours rapide. RRT est une organisation \u00e0 but non lucratif dont l\u2019objectif est de fournir une assistance et des rafra\u00eechissements au personnel d\u2019urgence et aux communaut\u00e9s locales en p\u00e9riode d\u2019adversit\u00e9.  <\/p>\n<ul>\n<li><strong>Mission:<\/strong> Soutenir les communaut\u00e9s locales dans les moments et les lieux de besoin.<\/li>\n<li><strong>Vision:<\/strong> Pour que l\u2019\u00c9glise chr\u00e9tienne des Fr\u00e8res de Plymouth exprime \u00e0 l\u2019humanit\u00e9, aux principes bibliques chr\u00e9tiens de soin et de compassion, par le biais d\u2019un soulagement bienveillant pour les personnes dans le besoin.<\/li>\n<li><strong>Valeurs :<\/strong> Efficacit\u00e9, fiabilit\u00e9, compassion et respect.<\/li>\n<\/ul>\n<p>  Pour en savoir plus sur RRT et ses derni\u00e8res op\u00e9rations et appels, <a href=\"https:\/\/www.rapidreliefteam.org\/\" target=\"_blank\" rel=\"noopener\">visitez son site Web<\/a>.<\/p>\n","enable_button":true,"button":{"button_text":"Visitez le site web de RRT","button_url":{"title":"","url":"https:\/\/www.rapidreliefteam.org\/","target":"_blank"},"open_in_new_tab":true,"button_class":""},"class":""},{"acf_fc_layout":"rich_media_block","image":6582,"header":{"":null,"title":"Aide au logement et \u00e0 la pauvret\u00e9","heading_level":"h2","header_styles":{"":null,"background_colour":"","background_image":false,"text_colour":"orange"},"make_separator":false},"content":"<p>C\u2019est un objectif de l\u2019\u00c9glise des Fr\u00e8res que toutes les familles des Fr\u00e8res puissent poss\u00e9der leur propre maison. Les jeunes qui entrent en mariage sont souvent aid\u00e9s en priv\u00e9 par des membres de l\u2019\u00e9glise gr\u00e2ce \u00e0 la fourniture de financements suppl\u00e9mentaires et de travail volontaire pour obtenir un logement convenable dans lequel ils peuvent \u00e9lever une famille et \u00e0 laquelle ils peuvent inviter d\u2019autres Fr\u00e8res pour le divertissement et l\u2019h\u00e9bergement. Les fr\u00e8res adoptent un objectif d\u2019\u00e9galit\u00e9 en tant que principe cl\u00e9 r\u00e9gissant la s\u00e9lection des logements afin de pr\u00e9venir la diff\u00e9renciation des statuts et de fournir un environnement social o\u00f9 toutes les familles des Fr\u00e8res peuvent s\u2019entraider \u00e0 la maison sans discrimination ni distinction inutile. Cette initiative, qui est toujours en cours, a beaucoup progress\u00e9 dans le monde entier au cours des 30 derni\u00e8res ann\u00e9es. L\u2019esprit g\u00e9n\u00e9reux de don parmi les Fr\u00e8res fournit une source constante d\u2019aide pour ceux qui sont dans le besoin. Cette bienveillance est globale et inclut une aide financi\u00e8re, sociale, pastorale, familiale et sanitaire, et peut impliquer l\u2019orientation, la formation et le soutien continu. La pauvret\u00e9 chez les Fr\u00e8res est rare, mais toutes les personnes dans le besoin ont facilement acc\u00e8s \u00e0 une assistance et \u00e0 des soins d\u00e9taill\u00e9s au sein de la communaut\u00e9 des Fr\u00e8res. L\u2019un de nos objectifs prioritaires est de donner \u00e0 chaque membre de l\u2019\u00c9glise la possibilit\u00e9 d\u2019\u00eatre \u00e9gal aux autres membres. Nous ne voulons pas que les distinctions de classe causent des dysfonctionnements, des frictions ou des divisions entre les membres de notre communaut\u00e9.<\/p>\n","enable_button":true,"button":{"button_text":"","button_url":"","open_in_new_tab":false,"button_class":""},"class":""},{"acf_fc_layout":"rich_media_block","image":6512,"header":{"":null,"title":"Soins aux personnes \u00e2g\u00e9es","heading_level":"h2","header_styles":{"":null,"background_colour":"","background_image":false,"text_colour":"orange"},"make_separator":false},"content":"<p>Les Fr\u00e8res appr\u00e9cient la famille \u00e9largie et nous pr\u00e9f\u00e9rons que nos membres vieillissants restent chez eux aussi longtemps que possible. Lorsque des soins sont n\u00e9cessaires, nous essayons de nous assurer qu\u2019ils sont fournis dans le foyer familial \u00e9largi, en profitant de toute aide fournie par les gouvernements nationaux. Les \u00e9tablissements de r\u00e9pit, y compris les maisons de soins infirmiers et les logements supervis\u00e9s, ne sont accessibles que lorsque les soins requis d\u00e9passent ce qui peut \u00eatre fourni \u00e0 la maison. La d\u00e9cision d\u2019admettre des personnes \u00e2g\u00e9es dans d\u2019autres \u00e9tablissements n\u2019est prise qu\u2019avec des conseils m\u00e9dicaux experts et avec une \u00e9valuation et une supervision gouvernementales compl\u00e8tes. \u00c0 l\u2019heure actuelle, les Fr\u00e8res ne poss\u00e8dent pas de maisons de soins infirmiers ou d\u2019unit\u00e9s de vie soutenues, mais des \u00e9tudes de faisabilit\u00e9 sont en cours. Les personnes \u00e2g\u00e9es dans l\u2019\u00c9glise sont une partie constante et appr\u00e9ci\u00e9e de la vie de l\u2019\u00c9glise et de la communaut\u00e9 des Fr\u00e8res.<\/p>\n","enable_button":true,"button":{"button_text":"","button_url":"","open_in_new_tab":false,"button_class":""},"class":""},{"acf_fc_layout":"bible_quote_slim","quote_text":"Car Dieu aime un donneur joyeux.","quote_source":"2 Corinthiens 9 v7"},{"acf_fc_layout":"global_module","global_module_id":1148}],"columns_sm":"8","columns_md":"none","columns_lg":"8"},{"module":false,"columns_sm":"4","columns_md":"none","columns_lg":"4"}],"row_class":"","module_padding":{"":null,"padding_top_xs":"","padding_bottom_xs":"","padding_left_xs":"","padding_right_xs":"","padding_top_md":"","padding_bottom_md":"","padding_left_md":"","padding_right_md":"","padding_top_lg":"","padding_bottom_lg":"","padding_left_lg":"","padding_right_lg":""},"module_margin":{"":null,"margin_top_xs":"","margin_bottom_xs":"","margin_left_xs":"","margin_right_xs":"","margin_top_md":"","margin_bottom_md":"","margin_left_md":"","margin_right_md":"","margin_top_lg":"","margin_bottom_lg":"","margin_left_lg":"","margin_right_lg":""}}],"section_heading":"","section_class":"","module_padding":{"":null,"padding_top_xs":"","padding_bottom_xs":"","padding_left_xs":"","padding_right_xs":"","padding_top_md":"","padding_bottom_md":"","padding_left_md":"","padding_right_md":"","padding_top_lg":"","padding_bottom_lg":"","padding_left_lg":"","padding_right_lg":""},"module_margin":{"":null,"margin_top_xs":"","margin_bottom_xs":"","margin_left_xs":"","margin_right_xs":"","margin_top_md":"","margin_bottom_md":"","margin_left_md":"","margin_right_md":"","margin_top_lg":"","margin_bottom_lg":"","margin_left_lg":"","margin_right_lg":""}}]},"yoast_head":"<!-- This site is optimized with the Yoast SEO plugin v25.2 - https:\/\/yoast.com\/wordpress\/plugins\/seo\/ -->\n<title>Prendre soin des autres | Plymouth Brethren Christian Church<\/title>\n<meta name=\"description\" content=\"Visit the Prendre soin des autres page on the website of the Plymouth Brethren Christian Church, a Christian fellowship based on the Holy Bible as the Word of God.\" \/>\n<meta name=\"robots\" content=\"index, follow, max-snippet:-1, max-image-preview:large, max-video-preview:-1\" \/>\n<link rel=\"canonical\" href=\"https:\/\/www.plymouthbrethrenchristianchurch.org\/fr\/nos-valeurs\/prendre-soin-des-autres\/\" \/>\n<meta property=\"og:locale\" content=\"fr_FR\" \/>\n<meta property=\"og:type\" content=\"article\" \/>\n<meta property=\"og:title\" content=\"Prendre soin des autres | Plymouth Brethren Christian Church\" \/>\n<meta property=\"og:description\" content=\"Visit the Prendre soin des autres page on the website of the Plymouth Brethren Christian Church, a Christian fellowship based on the Holy Bible as the Word of God.\" \/>\n<meta property=\"og:url\" content=\"https:\/\/www.plymouthbrethrenchristianchurch.org\/fr\/nos-valeurs\/prendre-soin-des-autres\/\" \/>\n<meta property=\"og:site_name\" content=\"Plymouth Brethren Christian Church\" \/>\n<meta property=\"article:publisher\" content=\"https:\/\/www.facebook.com\/PlymouthBrethrenChristianChurch\" \/>\n<meta property=\"article:modified_time\" content=\"2024-09-10T04:09:28+00:00\" \/>\n<meta name=\"twitter:card\" content=\"summary_large_image\" \/>\n<script type=\"application\/ld+json\" class=\"yoast-schema-graph\">{\"@context\":\"https:\/\/schema.org\",\"@graph\":[{\"@type\":\"WebPage\",\"@id\":\"https:\/\/www.plymouthbrethrenchristianchurch.org\/fr\/nos-valeurs\/prendre-soin-des-autres\/\",\"url\":\"https:\/\/www.plymouthbrethrenchristianchurch.org\/fr\/nos-valeurs\/prendre-soin-des-autres\/\",\"name\":\"Prendre soin des autres | Plymouth Brethren Christian Church\",\"isPartOf\":{\"@id\":\"https:\/\/www.plymouthbrethrenchristianchurch.org\/#website\"},\"datePublished\":\"2020-05-11T20:37:51+00:00\",\"dateModified\":\"2024-09-10T04:09:28+00:00\",\"description\":\"Visit the Prendre soin des autres page on the website of the Plymouth Brethren Christian Church, a Christian fellowship based on the Holy Bible as the Word of God.\",\"breadcrumb\":{\"@id\":\"https:\/\/www.plymouthbrethrenchristianchurch.org\/fr\/nos-valeurs\/prendre-soin-des-autres\/#breadcrumb\"},\"inLanguage\":\"fr-FR\",\"potentialAction\":[{\"@type\":\"ReadAction\",\"target\":[\"https:\/\/www.plymouthbrethrenchristianchurch.org\/fr\/nos-valeurs\/prendre-soin-des-autres\/\"]}]},{\"@type\":\"BreadcrumbList\",\"@id\":\"https:\/\/www.plymouthbrethrenchristianchurch.org\/fr\/nos-valeurs\/prendre-soin-des-autres\/#breadcrumb\",\"itemListElement\":[{\"@type\":\"ListItem\",\"position\":1,\"name\":\"Home\",\"item\":\"https:\/\/www.plymouthbrethrenchristianchurch.org\/fr\/accueil\/\"},{\"@type\":\"ListItem\",\"position\":2,\"name\":\"Nos valeurs\",\"item\":\"https:\/\/www.plymouthbrethrenchristianchurch.org\/fr\/nos-valeurs\/\"},{\"@type\":\"ListItem\",\"position\":3,\"name\":\"Prendre soin des autres\"}]},{\"@type\":\"WebSite\",\"@id\":\"https:\/\/www.plymouthbrethrenchristianchurch.org\/#website\",\"url\":\"https:\/\/www.plymouthbrethrenchristianchurch.org\/\",\"name\":\"Plymouth Brethren Christian Church\",\"description\":\"\",\"publisher\":{\"@id\":\"https:\/\/www.plymouthbrethrenchristianchurch.org\/#organization\"},\"potentialAction\":[{\"@type\":\"SearchAction\",\"target\":{\"@type\":\"EntryPoint\",\"urlTemplate\":\"https:\/\/www.plymouthbrethrenchristianchurch.org\/?s={search_term_string}\"},\"query-input\":{\"@type\":\"PropertyValueSpecification\",\"valueRequired\":true,\"valueName\":\"search_term_string\"}}],\"inLanguage\":\"fr-FR\"},{\"@type\":\"Organization\",\"@id\":\"https:\/\/www.plymouthbrethrenchristianchurch.org\/#organization\",\"name\":\"Plymouth Brethren Christian Church\",\"url\":\"https:\/\/www.plymouthbrethrenchristianchurch.org\/\",\"logo\":{\"@type\":\"ImageObject\",\"inLanguage\":\"fr-FR\",\"@id\":\"https:\/\/www.plymouthbrethrenchristianchurch.org\/#\/schema\/logo\/image\/\",\"url\":\"https:\/\/www.plymouthbrethrenchristianchurch.org\/wp-content\/uploads\/2020\/05\/site-logo.svg\",\"contentUrl\":\"https:\/\/www.plymouthbrethrenchristianchurch.org\/wp-content\/uploads\/2020\/05\/site-logo.svg\",\"caption\":\"Plymouth Brethren Christian Church\"},\"image\":{\"@id\":\"https:\/\/www.plymouthbrethrenchristianchurch.org\/#\/schema\/logo\/image\/\"},\"sameAs\":[\"https:\/\/www.facebook.com\/PlymouthBrethrenChristianChurch\",\"https:\/\/www.youtube.com\/channel\/UC76fGueDJBbLvhs988yTBXQ\",\"https:\/\/www.pinterest.com.au\/plymouthbcc\/\"]}]}<\/script>\n<!-- \/ Yoast SEO plugin. -->","yoast_head_json":{"title":"Prendre soin des autres | Plymouth Brethren Christian Church","description":"Visit the Prendre soin des autres page on the website of the Plymouth Brethren Christian Church, a Christian fellowship based on the Holy Bible as the Word of God.","robots":{"index":"index","follow":"follow","max-snippet":"max-snippet:-1","max-image-preview":"max-image-preview:large","max-video-preview":"max-video-preview:-1"},"canonical":"https:\/\/www.plymouthbrethrenchristianchurch.org\/fr\/nos-valeurs\/prendre-soin-des-autres\/","og_locale":"fr_FR","og_type":"article","og_title":"Prendre soin des autres | Plymouth Brethren Christian Church","og_description":"Visit the Prendre soin des autres page on the website of the Plymouth Brethren Christian Church, a Christian fellowship based on the Holy Bible as the Word of God.","og_url":"https:\/\/www.plymouthbrethrenchristianchurch.org\/fr\/nos-valeurs\/prendre-soin-des-autres\/","og_site_name":"Plymouth Brethren Christian Church","article_publisher":"https:\/\/www.facebook.com\/PlymouthBrethrenChristianChurch","article_modified_time":"2024-09-10T04:09:28+00:00","twitter_card":"summary_large_image","schema":{"@context":"https:\/\/schema.org","@graph":[{"@type":"WebPage","@id":"https:\/\/www.plymouthbrethrenchristianchurch.org\/fr\/nos-valeurs\/prendre-soin-des-autres\/","url":"https:\/\/www.plymouthbrethrenchristianchurch.org\/fr\/nos-valeurs\/prendre-soin-des-autres\/","name":"Prendre soin des autres | Plymouth Brethren Christian Church","isPartOf":{"@id":"https:\/\/www.plymouthbrethrenchristianchurch.org\/#website"},"datePublished":"2020-05-11T20:37:51+00:00","dateModified":"2024-09-10T04:09:28+00:00","description":"Visit the Prendre soin des autres page on the website of the Plymouth Brethren Christian Church, a Christian fellowship based on the Holy Bible as the Word of God.","breadcrumb":{"@id":"https:\/\/www.plymouthbrethrenchristianchurch.org\/fr\/nos-valeurs\/prendre-soin-des-autres\/#breadcrumb"},"inLanguage":"fr-FR","potentialAction":[{"@type":"ReadAction","target":["https:\/\/www.plymouthbrethrenchristianchurch.org\/fr\/nos-valeurs\/prendre-soin-des-autres\/"]}]},{"@type":"BreadcrumbList","@id":"https:\/\/www.plymouthbrethrenchristianchurch.org\/fr\/nos-valeurs\/prendre-soin-des-autres\/#breadcrumb","itemListElement":[{"@type":"ListItem","position":1,"name":"Home","item":"https:\/\/www.plymouthbrethrenchristianchurch.org\/fr\/accueil\/"},{"@type":"ListItem","position":2,"name":"Nos valeurs","item":"https:\/\/www.plymouthbrethrenchristianchurch.org\/fr\/nos-valeurs\/"},{"@type":"ListItem","position":3,"name":"Prendre soin des autres"}]},{"@type":"WebSite","@id":"https:\/\/www.plymouthbrethrenchristianchurch.org\/#website","url":"https:\/\/www.plymouthbrethrenchristianchurch.org\/","name":"Plymouth Brethren Christian Church","description":"","publisher":{"@id":"https:\/\/www.plymouthbrethrenchristianchurch.org\/#organization"},"potentialAction":[{"@type":"SearchAction","target":{"@type":"EntryPoint","urlTemplate":"https:\/\/www.plymouthbrethrenchristianchurch.org\/?s={search_term_string}"},"query-input":{"@type":"PropertyValueSpecification","valueRequired":true,"valueName":"search_term_string"}}],"inLanguage":"fr-FR"},{"@type":"Organization","@id":"https:\/\/www.plymouthbrethrenchristianchurch.org\/#organization","name":"Plymouth Brethren Christian Church","url":"https:\/\/www.plymouthbrethrenchristianchurch.org\/","logo":{"@type":"ImageObject","inLanguage":"fr-FR","@id":"https:\/\/www.plymouthbrethrenchristianchurch.org\/#\/schema\/logo\/image\/","url":"https:\/\/www.plymouthbrethrenchristianchurch.org\/wp-content\/uploads\/2020\/05\/site-logo.svg","contentUrl":"https:\/\/www.plymouthbrethrenchristianchurch.org\/wp-content\/uploads\/2020\/05\/site-logo.svg","caption":"Plymouth Brethren Christian Church"},"image":{"@id":"https:\/\/www.plymouthbrethrenchristianchurch.org\/#\/schema\/logo\/image\/"},"sameAs":["https:\/\/www.facebook.com\/PlymouthBrethrenChristianChurch","https:\/\/www.youtube.com\/channel\/UC76fGueDJBbLvhs988yTBXQ","https:\/\/www.pinterest.com.au\/plymouthbcc\/"]}]}},"_links":{"self":[{"href":"https:\/\/www.plymouthbrethrenchristianchurch.org\/fr\/wp-json\/wp\/v2\/pages\/2899"}],"collection":[{"href":"https:\/\/www.plymouthbrethrenchristianchurch.org\/fr\/wp-json\/wp\/v2\/pages"}],"about":[{"href":"https:\/\/www.plymouthbrethrenchristianchurch.org\/fr\/wp-json\/wp\/v2\/types\/page"}],"author":[{"embeddable":true,"href":"https:\/\/www.plymouthbrethrenchristianchurch.org\/fr\/wp-json\/wp\/v2\/users\/2"}],"replies":[{"embeddable":true,"href":"https:\/\/www.plymouthbrethrenchristianchurch.org\/fr\/wp-json\/wp\/v2\/comments?post=2899"}],"version-history":[{"count":2,"href":"https:\/\/www.plymouthbrethrenchristianchurch.org\/fr\/wp-json\/wp\/v2\/pages\/2899\/revisions"}],"predecessor-version":[{"id":3732,"href":"https:\/\/www.plymouthbrethrenchristianchurch.org\/fr\/wp-json\/wp\/v2\/pages\/2899\/revisions\/3732"}],"up":[{"embeddable":true,"href":"https:\/\/www.plymouthbrethrenchristianchurch.org\/fr\/wp-json\/wp\/v2\/pages\/2875"}],"wp:attachment":[{"href":"https:\/\/www.plymouthbrethrenchristianchurch.org\/fr\/wp-json\/wp\/v2\/media?parent=2899"}],"curies":[{"name":"wp","href":"https:\/\/api.w.org\/{rel}","templated":true}]}}