{"id":2904,"date":"2020-05-12T06:37:36","date_gmt":"2020-05-11T20:37:36","guid":{"rendered":"https:\/\/www.plymouthbrethrenchristianchurch.org\/nos-valeurs\/communaute\/"},"modified":"2025-09-19T09:23:05","modified_gmt":"2025-09-18T23:23:05","slug":"communaute","status":"publish","type":"page","link":"https:\/\/www.plymouthbrethrenchristianchurch.org\/fr\/communaute\/","title":{"rendered":"Mode de vie"},"content":{"rendered":"","protected":false},"excerpt":{"rendered":"","protected":false},"author":2,"featured_media":0,"parent":0,"menu_order":4,"comment_status":"closed","ping_status":"closed","template":"page-templates\/acf-flexible-content.php","meta":{"_acf_changed":false,"_relevanssi_hide_post":"","_relevanssi_hide_content":"","_relevanssi_pin_for_all":"","_relevanssi_pin_keywords":"","_relevanssi_unpin_keywords":"","_relevanssi_related_keywords":"","_relevanssi_related_include_ids":"","_relevanssi_related_exclude_ids":"","_relevanssi_related_no_append":"","_relevanssi_related_not_related":"","_relevanssi_related_posts":"","_relevanssi_noindex_reason":"","inline_featured_image":false,"footnotes":""},"class_list":["post-2904","page","type-page","status-publish","hentry"],"acf":{"post_page_video":"","content":[{"acf_fc_layout":"page_header_with_links","override_title":true,"custom_title":"Mode de vie","intro_text":"<p>Faites connaissance avec notre communaut\u00e9, l\u2019\u00e9glise chr\u00e9tienne des Fr\u00e8res de Plymouth (PBCC).<\/p>\n","enable_button":false,"button":{"button_text":"","button_url":"","open_in_new_tab":false,"button_class":""},"link_source":"menu","select_a_menu":{"value":"13","label":"Menu principal"},"menu_title":"","custom_links":false,"header_styles":{"":null,"background_colour":"#515151","background_image":2346,"text_colour":"white"},"row_class":""},{"acf_fc_layout":"module_section","row":[{"column_gap":"6","column":[{"module":[{"acf_fc_layout":"rich_media_block","image":false,"header":{"":null,"title":"Le mode de vie dans l\u2019\u00e9glise chr\u00e9tienne des Fr\u00e8res de Plymouth","heading_level":"h2","header_styles":{"":null,"background_colour":"","background_image":false,"text_colour":"orange"},"make_separator":true},"content":"<p>L\u2019\u00e9glise chr\u00e9tienne des Fr\u00e8res de Plymouth est construite sur des valeurs fondamentales qui mettent l\u2019accent sur la foi, la communaut\u00e9 et l\u2019int\u00e9grit\u00e9 morale. Au c\u0153ur de ces valeurs se trouve un engagement fort envers les enseignements bibliques, qui fa\u00e7onnent l\u2019approche des membres de l\u2019\u00e9glise dans la vie quotidienne et les interactions avec les autres. <\/p>\n<p>L\u2019\u00c9glise a \u00e9t\u00e9 fond\u00e9e il y a environ 200 ans \u00e0 Plymouth, dans le sud de l\u2019Angleterre, et compte aujourd\u2019hui environ 55 000 membres r\u00e9partis dans le monde entier, dans des pays comme les \u00c9tats-Unis, la Nouvelle-Z\u00e9lande, les Cara\u00efbes, l\u2019Australie et le Royaume-Uni.<\/p>\n<p>Nous sommes une \u00e9glise chr\u00e9tienne dominante, mais comme toutes les religions, nous avons nos propres traditions, notre propre culture et notre propre mode de vie. Il y a une certaine curiosit\u00e9 \u00e0 propos de l\u2019\u00c9glise chr\u00e9tienne des Fr\u00e8res de Plymouth dans la soci\u00e9t\u00e9 en g\u00e9n\u00e9ral, et aussi beaucoup d\u2019id\u00e9es fausses sur nos croyances et nos pratiques. <\/p>\n","enable_button":false,"button":{"button_text":"En savoir plus sur nos convictions","button_url":{"title":"Nos convictions","url":"https:\/\/www.plymouthbrethrenchristianchurch.org\/community\/our-beliefs\/","target":""},"open_in_new_tab":false,"button_class":""},"class":""},{"acf_fc_layout":"rich_media_block","image":6681,"header":{"":null,"title":"Les croyances de l\u2019\u00e9glise chr\u00e9tienne des Fr\u00e8res de Plymouth","heading_level":"h2","header_styles":{"":null,"background_colour":"","background_image":false,"text_colour":"orange"},"make_separator":true},"content":"<p>Nous sommes chr\u00e9tiens et nous cherchons \u00e0 vivre une vie pleine et bonne, guid\u00e9e par la Sainte Bible. Nous nous connectons r\u00e9guli\u00e8rement avec notre communaut\u00e9 dans de simples salles d\u2019\u00e9vangile dans le monde entier, et nous nous r\u00e9unissons tous les dimanches pour c\u00e9l\u00e9brer la C\u00e8ne du Seigneur, que vous connaissez peut-\u00eatre sous le nom de Sainte Communion. <\/p>\n<p>Nous ne nous croyons pas sup\u00e9rieurs aux autres, et nous vivons chaque jour aux c\u00f4t\u00e9s de personnes d\u2019autres religions et sans foi.<\/p>\n","enable_button":true,"button":{"button_text":"En savoir plus sur nos convictions","button_url":{"title":"En savoir plus sur nos convictions","url":"https:\/\/www.plymouthbrethrenchristianchurch.org\/our-way-of-life\/our-beliefs\/","target":""},"open_in_new_tab":false,"button_class":""},"class":""},{"acf_fc_layout":"rich_media_block","image":6688,"header":{"":null,"title":"Valeurs fondamentales de l\u2019\u00c9glise chr\u00e9tienne des Fr\u00e8res de Plymouth","heading_level":"h2","header_styles":{"":null,"background_colour":"","background_image":false,"text_colour":"orange"},"make_separator":true},"content":"<p>Les Fr\u00e8res et les S\u0153urs de notre \u00c9glise ont des valeurs communes d\u2019attention et de compassion, ainsi que de participation, d\u2019appropriation et de prise de d\u00e9cision dans la communaut\u00e9. Nous pratiquons activement le christianisme au service de notre famille, de notre \u00c9glise et de nos communaut\u00e9s locales et mondiales. Notre communion chr\u00e9tienne mutuelle fait partie int\u00e9grante de notre mode de vie.  <\/p>\n<p>Nous nous appelons les \u00ab Fr\u00e8res \u00bb parce que nous sommes une communaut\u00e9 soud\u00e9e de familles unies par notre croyance chr\u00e9tienne commune fond\u00e9e sur la Sainte Bible. Cela dit, comme tout le monde, les femmes et les hommes des Fr\u00e8res vivent en harmonie avec toutes les personnes, qu\u2019elles soient d\u2019une autre religion ou non. <\/p>\n<p>Nos valeurs comprennent :<\/p>\n<ul>\n<li>Un engagement proactif aupr\u00e8s de la soci\u00e9t\u00e9, en contribuant activement aux communaut\u00e9s locales o\u00f9 nous vivons, travaillons et servons.<\/li>\n<li>Chercher des occasions de soutenir les initiatives locales, r\u00e9gionales et mondiales avec soin et compassion.<\/li>\n<li>L\u2019\u00e9ducation est importante pour nous. OneSchool Global (OSG) est fr\u00e9quent\u00e9 par des familles de notre \u00c9glise et compte plus de 120 campus dans 20 pays, enseignant \u00e0 8 000 \u00e9tudiants et employant plus de 1 800 enseignants et membres du personnel ext\u00e9rieurs \u00e0 notre communaut\u00e9.<\/li>\n<li>Ne pas recruter de nouveaux membres. Les gens sont les bienvenus si les valeurs s\u2019alignent, mais les membres naissent g\u00e9n\u00e9ralement dans notre \u00c9glise. <\/li>\n<\/ul>\n","enable_button":false,"button":{"button_text":"En savoir plus sur notre histoire","button_url":{"title":"En savoir plus sur notre histoire","url":"https:\/\/www.plymouthbrethrenchristianchurch.org\/our-way-of-life\/history\/","target":""},"open_in_new_tab":false,"button_class":""},"class":""},{"acf_fc_layout":"rich_media_block","image":2165,"header":{"":null,"title":"Fr\u00e8res de Plymouth Foi et enseignements bibliques","heading_level":"h2","header_styles":{"":null,"background_colour":"","background_image":false,"text_colour":"orange"},"make_separator":true},"content":"<p>Pour nos membres, la Sainte Bible est un compagnon essentiel et un guide faisant autorit\u00e9 tout au long de la vie. D\u00e8s leur plus jeune \u00e2ge, les jeunes membres apprennent et lisent des histoires bibliques qui ont inspir\u00e9 des millions de personnes \u00e0 travers les \u00e2ges. <\/p>\n<p>Nous croyons que la Bible n\u2019est pas un livre ordinaire, mais plut\u00f4t qu\u2019elle est la Parole de Dieu absolue, infaillible et inspir\u00e9e, fournie par Dieu \u00e0 l\u2019homme. Tous les membres de l\u2019\u00c9glise doivent avoir les plus hauts niveaux d\u2019int\u00e9grit\u00e9 morale et agir en tout temps conform\u00e9ment \u00e0 l\u2019enseignement de la Bible. <\/p>\n<p>Nous nous r\u00e9unissons tous les jours pour prier ensemble et lire la Sainte Bible. Nous nous rassemblons \u00e9galement tous les dimanches dans nos salles de l\u2019\u00c9vangile pour c\u00e9l\u00e9brer la C\u00e8ne du Seigneur et pr\u00eacher l\u2019\u00c9vangile. <\/p>\n","enable_button":false,"button":{"button_text":"Lisez notre foire aux questions (FAQ)","button_url":{"title":"Lisez notre foire aux questions (FAQ)","url":"https:\/\/www.plymouthbrethrenchristianchurch.org\/our-way-of-life\/faqs\/","target":""},"open_in_new_tab":false,"button_class":""},"class":""},{"acf_fc_layout":"rich_media_block","image":6562,"header":{"":null,"title":"Modestie et humilit\u00e9","heading_level":"h2","header_styles":{"":null,"background_colour":"","background_image":false,"text_colour":"orange"},"make_separator":true},"content":"<p>La Bible est tr\u00e8s claire sur les vertus de l\u2019humilit\u00e9, y compris en 1 Pierre 5:5 qui dit <em>: \u00ab<strong><sup> <\/sup><\/strong><\/em><em>Que vous soyez tous soumis les uns aux autres, et rev\u00eatus d\u2019humilit\u00e9, car Dieu r\u00e9siste aux orgueilleux, et donne la gr\u00e2ce aux humbles.<\/em><\/p>\n<p><em> <\/em>Les hommes et les femmes de l\u2019\u00e9glise chr\u00e9tienne des Fr\u00e8res de Plymouth s\u2019habillent proprement et modestement, les hommes portant des pantalons longs et \u00e9vitant la pilosit\u00e9 faciale, et les femmes portant des robes et un maquillage minimal.<\/p>\n<p>Et les hommes et les femmes de notre \u00c9glise valorisent la participation communautaire, l\u2019appropriation et la prise de d\u00e9cisions. Dans les affaires et \u00e0 la maison, nous travaillerons ensemble pour prendre des d\u00e9cisions mutuelles dans la mesure du possible. <\/p>\n","enable_button":false,"button":{"button_text":"","button_url":null,"open_in_new_tab":false,"button_class":""},"class":""},{"acf_fc_layout":"rich_media_block","image":9593,"header":{"":null,"title":"Famille et communaut\u00e9","heading_level":"h2","header_styles":{"":null,"background_colour":"","background_image":false,"text_colour":"orange"},"make_separator":true},"content":"<p>La famille est au c\u0153ur de la vie des membres de l\u2019\u00c9glise chr\u00e9tienne des Fr\u00e8res de Plymouth.<\/p>\n<p>Les familles des Fr\u00e8res passent beaucoup de temps ensemble, pas seulement les familles imm\u00e9diates, mais aussi les familles \u00e9largies. En particulier, les familles des Fr\u00e8res passent souvent leur temps libre ensemble, \u00e0 jouer de la musique et \u00e0 chanter, \u00e0 cuisiner ensemble et \u00e0 profiter d\u2019activit\u00e9s de plein air. <\/p>\n<p>Les familles des Fr\u00e8res restent tr\u00e8s unies \u00e0 mesure que leurs enfants grandissent, et les jeunes adultes restent \u00e0 la maison jusqu\u2019\u00e0 ce qu\u2019ils se marient.<\/p>\n<p>Les fr\u00e8res appr\u00e9cient \u00e9galement d\u2019\u00eatre des membres serviables, attentionn\u00e9s et compatissants de leurs communaut\u00e9s. Les membres de notre \u00c9glise n\u2019h\u00e9sitent pas \u00e0 aider leurs voisins, et beaucoup font du b\u00e9n\u00e9volat et des \u0153uvres de charit\u00e9. <\/p>\n","enable_button":false,"button":{"button_text":"","button_url":null,"open_in_new_tab":false,"button_class":""},"class":""}],"columns_sm":"8","columns_md":"none","columns_lg":"8"},{"module":false,"columns_sm":"4","columns_md":"none","columns_lg":"4"}],"row_class":"","module_padding":{"":null,"padding_top_xs":"","padding_bottom_xs":"","padding_left_xs":"","padding_right_xs":"","padding_top_md":"","padding_bottom_md":"","padding_left_md":"","padding_right_md":"","padding_top_lg":"","padding_bottom_lg":"","padding_left_lg":"","padding_right_lg":""},"module_margin":{"":null,"margin_top_xs":"","margin_bottom_xs":"","margin_left_xs":"","margin_right_xs":"","margin_top_md":"","margin_bottom_md":"","margin_left_md":"","margin_right_md":"","margin_top_lg":"","margin_bottom_lg":"","margin_left_lg":"","margin_right_lg":""}}],"section_heading":"","section_class":"","module_padding":{"":null,"padding_top_xs":"","padding_bottom_xs":"","padding_left_xs":"","padding_right_xs":"","padding_top_md":"","padding_bottom_md":"","padding_left_md":"","padding_right_md":"","padding_top_lg":"","padding_bottom_lg":"","padding_left_lg":"","padding_right_lg":""},"module_margin":{"":null,"margin_top_xs":"","margin_bottom_xs":"","margin_left_xs":"","margin_right_xs":"","margin_top_md":"","margin_bottom_md":"","margin_left_md":"","margin_right_md":"","margin_top_lg":"","margin_bottom_lg":"","margin_left_lg":"","margin_right_lg":""}},{"acf_fc_layout":"image_slider","slider_id":3391}]},"yoast_head":"<!-- This site is optimized with the Yoast SEO plugin v25.2 - https:\/\/yoast.com\/wordpress\/plugins\/seo\/ -->\n<title>Mode de vie | Plymouth Brethren Christian Church<\/title>\n<meta name=\"description\" content=\"Visitez la page Notre mode de vie sur le site de l\u2019\u00c9glise, une communaut\u00e9 chr\u00e9tienne bas\u00e9e sur la Sainte Bible comme Parole de Dieu.\" \/>\n<meta name=\"robots\" content=\"index, follow, max-snippet:-1, max-image-preview:large, max-video-preview:-1\" \/>\n<link rel=\"canonical\" href=\"https:\/\/www.plymouthbrethrenchristianchurch.org\/fr\/communaute\/\" \/>\n<meta property=\"og:locale\" content=\"fr_FR\" \/>\n<meta property=\"og:type\" content=\"article\" \/>\n<meta property=\"og:title\" content=\"Mode de vie | Plymouth Brethren Christian Church\" \/>\n<meta property=\"og:description\" content=\"Visitez la page Notre mode de vie sur le site de l\u2019\u00c9glise, une communaut\u00e9 chr\u00e9tienne bas\u00e9e sur la Sainte Bible comme Parole de Dieu.\" \/>\n<meta property=\"og:url\" content=\"https:\/\/www.plymouthbrethrenchristianchurch.org\/fr\/communaute\/\" \/>\n<meta property=\"og:site_name\" content=\"Plymouth Brethren Christian Church\" \/>\n<meta property=\"article:publisher\" content=\"https:\/\/www.facebook.com\/PlymouthBrethrenChristianChurch\" \/>\n<meta property=\"article:modified_time\" content=\"2025-09-18T23:23:05+00:00\" \/>\n<meta name=\"twitter:card\" content=\"summary_large_image\" \/>\n<script type=\"application\/ld+json\" class=\"yoast-schema-graph\">{\"@context\":\"https:\/\/schema.org\",\"@graph\":[{\"@type\":\"WebPage\",\"@id\":\"https:\/\/www.plymouthbrethrenchristianchurch.org\/fr\/communaute\/\",\"url\":\"https:\/\/www.plymouthbrethrenchristianchurch.org\/fr\/communaute\/\",\"name\":\"Mode de vie | Plymouth Brethren Christian Church\",\"isPartOf\":{\"@id\":\"https:\/\/www.plymouthbrethrenchristianchurch.org\/#website\"},\"datePublished\":\"2020-05-11T20:37:36+00:00\",\"dateModified\":\"2025-09-18T23:23:05+00:00\",\"description\":\"Visitez la page Notre mode de vie sur le site de l\u2019\u00c9glise, une communaut\u00e9 chr\u00e9tienne bas\u00e9e sur la Sainte Bible comme Parole de Dieu.\",\"breadcrumb\":{\"@id\":\"https:\/\/www.plymouthbrethrenchristianchurch.org\/fr\/communaute\/#breadcrumb\"},\"inLanguage\":\"fr-FR\",\"potentialAction\":[{\"@type\":\"ReadAction\",\"target\":[\"https:\/\/www.plymouthbrethrenchristianchurch.org\/fr\/communaute\/\"]}]},{\"@type\":\"BreadcrumbList\",\"@id\":\"https:\/\/www.plymouthbrethrenchristianchurch.org\/fr\/communaute\/#breadcrumb\",\"itemListElement\":[{\"@type\":\"ListItem\",\"position\":1,\"name\":\"Home\",\"item\":\"https:\/\/www.plymouthbrethrenchristianchurch.org\/fr\/accueil\/\"},{\"@type\":\"ListItem\",\"position\":2,\"name\":\"Mode de vie\"}]},{\"@type\":\"WebSite\",\"@id\":\"https:\/\/www.plymouthbrethrenchristianchurch.org\/#website\",\"url\":\"https:\/\/www.plymouthbrethrenchristianchurch.org\/\",\"name\":\"Plymouth Brethren Christian Church\",\"description\":\"\",\"publisher\":{\"@id\":\"https:\/\/www.plymouthbrethrenchristianchurch.org\/#organization\"},\"potentialAction\":[{\"@type\":\"SearchAction\",\"target\":{\"@type\":\"EntryPoint\",\"urlTemplate\":\"https:\/\/www.plymouthbrethrenchristianchurch.org\/?s={search_term_string}\"},\"query-input\":{\"@type\":\"PropertyValueSpecification\",\"valueRequired\":true,\"valueName\":\"search_term_string\"}}],\"inLanguage\":\"fr-FR\"},{\"@type\":\"Organization\",\"@id\":\"https:\/\/www.plymouthbrethrenchristianchurch.org\/#organization\",\"name\":\"Plymouth Brethren Christian Church\",\"url\":\"https:\/\/www.plymouthbrethrenchristianchurch.org\/\",\"logo\":{\"@type\":\"ImageObject\",\"inLanguage\":\"fr-FR\",\"@id\":\"https:\/\/www.plymouthbrethrenchristianchurch.org\/#\/schema\/logo\/image\/\",\"url\":\"https:\/\/www.plymouthbrethrenchristianchurch.org\/wp-content\/uploads\/2020\/05\/site-logo.svg\",\"contentUrl\":\"https:\/\/www.plymouthbrethrenchristianchurch.org\/wp-content\/uploads\/2020\/05\/site-logo.svg\",\"caption\":\"Plymouth Brethren Christian Church\"},\"image\":{\"@id\":\"https:\/\/www.plymouthbrethrenchristianchurch.org\/#\/schema\/logo\/image\/\"},\"sameAs\":[\"https:\/\/www.facebook.com\/PlymouthBrethrenChristianChurch\",\"https:\/\/www.youtube.com\/channel\/UC76fGueDJBbLvhs988yTBXQ\",\"https:\/\/www.pinterest.com.au\/plymouthbcc\/\"]}]}<\/script>\n<!-- \/ Yoast SEO plugin. -->","yoast_head_json":{"title":"Mode de vie | Plymouth Brethren Christian Church","description":"Visitez la page Notre mode de vie sur le site de l\u2019\u00c9glise, une communaut\u00e9 chr\u00e9tienne bas\u00e9e sur la Sainte Bible comme Parole de Dieu.","robots":{"index":"index","follow":"follow","max-snippet":"max-snippet:-1","max-image-preview":"max-image-preview:large","max-video-preview":"max-video-preview:-1"},"canonical":"https:\/\/www.plymouthbrethrenchristianchurch.org\/fr\/communaute\/","og_locale":"fr_FR","og_type":"article","og_title":"Mode de vie | Plymouth Brethren Christian Church","og_description":"Visitez la page Notre mode de vie sur le site de l\u2019\u00c9glise, une communaut\u00e9 chr\u00e9tienne bas\u00e9e sur la Sainte Bible comme Parole de Dieu.","og_url":"https:\/\/www.plymouthbrethrenchristianchurch.org\/fr\/communaute\/","og_site_name":"Plymouth Brethren Christian Church","article_publisher":"https:\/\/www.facebook.com\/PlymouthBrethrenChristianChurch","article_modified_time":"2025-09-18T23:23:05+00:00","twitter_card":"summary_large_image","schema":{"@context":"https:\/\/schema.org","@graph":[{"@type":"WebPage","@id":"https:\/\/www.plymouthbrethrenchristianchurch.org\/fr\/communaute\/","url":"https:\/\/www.plymouthbrethrenchristianchurch.org\/fr\/communaute\/","name":"Mode de vie | Plymouth Brethren Christian Church","isPartOf":{"@id":"https:\/\/www.plymouthbrethrenchristianchurch.org\/#website"},"datePublished":"2020-05-11T20:37:36+00:00","dateModified":"2025-09-18T23:23:05+00:00","description":"Visitez la page Notre mode de vie sur le site de l\u2019\u00c9glise, une communaut\u00e9 chr\u00e9tienne bas\u00e9e sur la Sainte Bible comme Parole de Dieu.","breadcrumb":{"@id":"https:\/\/www.plymouthbrethrenchristianchurch.org\/fr\/communaute\/#breadcrumb"},"inLanguage":"fr-FR","potentialAction":[{"@type":"ReadAction","target":["https:\/\/www.plymouthbrethrenchristianchurch.org\/fr\/communaute\/"]}]},{"@type":"BreadcrumbList","@id":"https:\/\/www.plymouthbrethrenchristianchurch.org\/fr\/communaute\/#breadcrumb","itemListElement":[{"@type":"ListItem","position":1,"name":"Home","item":"https:\/\/www.plymouthbrethrenchristianchurch.org\/fr\/accueil\/"},{"@type":"ListItem","position":2,"name":"Mode de vie"}]},{"@type":"WebSite","@id":"https:\/\/www.plymouthbrethrenchristianchurch.org\/#website","url":"https:\/\/www.plymouthbrethrenchristianchurch.org\/","name":"Plymouth Brethren Christian Church","description":"","publisher":{"@id":"https:\/\/www.plymouthbrethrenchristianchurch.org\/#organization"},"potentialAction":[{"@type":"SearchAction","target":{"@type":"EntryPoint","urlTemplate":"https:\/\/www.plymouthbrethrenchristianchurch.org\/?s={search_term_string}"},"query-input":{"@type":"PropertyValueSpecification","valueRequired":true,"valueName":"search_term_string"}}],"inLanguage":"fr-FR"},{"@type":"Organization","@id":"https:\/\/www.plymouthbrethrenchristianchurch.org\/#organization","name":"Plymouth Brethren Christian Church","url":"https:\/\/www.plymouthbrethrenchristianchurch.org\/","logo":{"@type":"ImageObject","inLanguage":"fr-FR","@id":"https:\/\/www.plymouthbrethrenchristianchurch.org\/#\/schema\/logo\/image\/","url":"https:\/\/www.plymouthbrethrenchristianchurch.org\/wp-content\/uploads\/2020\/05\/site-logo.svg","contentUrl":"https:\/\/www.plymouthbrethrenchristianchurch.org\/wp-content\/uploads\/2020\/05\/site-logo.svg","caption":"Plymouth Brethren Christian Church"},"image":{"@id":"https:\/\/www.plymouthbrethrenchristianchurch.org\/#\/schema\/logo\/image\/"},"sameAs":["https:\/\/www.facebook.com\/PlymouthBrethrenChristianChurch","https:\/\/www.youtube.com\/channel\/UC76fGueDJBbLvhs988yTBXQ","https:\/\/www.pinterest.com.au\/plymouthbcc\/"]}]}},"_links":{"self":[{"href":"https:\/\/www.plymouthbrethrenchristianchurch.org\/fr\/wp-json\/wp\/v2\/pages\/2904"}],"collection":[{"href":"https:\/\/www.plymouthbrethrenchristianchurch.org\/fr\/wp-json\/wp\/v2\/pages"}],"about":[{"href":"https:\/\/www.plymouthbrethrenchristianchurch.org\/fr\/wp-json\/wp\/v2\/types\/page"}],"author":[{"embeddable":true,"href":"https:\/\/www.plymouthbrethrenchristianchurch.org\/fr\/wp-json\/wp\/v2\/users\/2"}],"replies":[{"embeddable":true,"href":"https:\/\/www.plymouthbrethrenchristianchurch.org\/fr\/wp-json\/wp\/v2\/comments?post=2904"}],"version-history":[{"count":9,"href":"https:\/\/www.plymouthbrethrenchristianchurch.org\/fr\/wp-json\/wp\/v2\/pages\/2904\/revisions"}],"predecessor-version":[{"id":11211,"href":"https:\/\/www.plymouthbrethrenchristianchurch.org\/fr\/wp-json\/wp\/v2\/pages\/2904\/revisions\/11211"}],"wp:attachment":[{"href":"https:\/\/www.plymouthbrethrenchristianchurch.org\/fr\/wp-json\/wp\/v2\/media?parent=2904"}],"curies":[{"name":"wp","href":"https:\/\/api.w.org\/{rel}","templated":true}]}}