{"id":2915,"date":"2020-05-19T02:17:11","date_gmt":"2020-05-18T16:17:11","guid":{"rendered":"https:\/\/www.plymouthbrethrenchristianchurch.org\/reunions\/"},"modified":"2024-09-10T14:09:27","modified_gmt":"2024-09-10T04:09:27","slug":"reunions","status":"publish","type":"page","link":"https:\/\/www.plymouthbrethrenchristianchurch.org\/fr\/culte\/reunions\/","title":{"rendered":"R\u00e9unions"},"content":{"rendered":"","protected":false},"excerpt":{"rendered":"","protected":false},"author":2,"featured_media":0,"parent":2996,"menu_order":1,"comment_status":"closed","ping_status":"closed","template":"page-templates\/acf-flexible-content.php","meta":{"_acf_changed":false,"_relevanssi_hide_post":"","_relevanssi_hide_content":"","_relevanssi_pin_for_all":"","_relevanssi_pin_keywords":"","_relevanssi_unpin_keywords":"","_relevanssi_related_keywords":"","_relevanssi_related_include_ids":"","_relevanssi_related_exclude_ids":"","_relevanssi_related_no_append":"","_relevanssi_related_not_related":"","_relevanssi_related_posts":"","_relevanssi_noindex_reason":"","inline_featured_image":false,"footnotes":""},"class_list":["post-2915","page","type-page","status-publish","hentry"],"acf":{"post_page_video":"","content":[{"acf_fc_layout":"page_header_with_links","override_title":false,"custom_title":"Titre d\u2019essai","intro_text":"<p>Apprenez-en davantage sur les services de l\u2019\u00c9glise des Fr\u00e8res de Plymouth le dimanche, et sur d\u2019autres lectures bibliques r\u00e9guli\u00e8res et r\u00e9unions de pri\u00e8re.<\/p>\n","enable_button":true,"button":{"button_text":"","button_url":"","open_in_new_tab":false,"button_class":""},"link_source":"menu","select_a_menu":{"value":"24","label":"Culte"},"menu_title":"","custom_links":false,"header_styles":{"":null,"background_colour":"#515151","background_image":2270,"text_colour":"white"},"row_class":""},{"acf_fc_layout":"module_section","row":[{"column_gap":"6","column":[{"module":[{"acf_fc_layout":"rich_media_block","image":6592,"header":{"":null,"title":"Services, r\u00e9unions et lectures","heading_level":"h2","header_styles":{"":null,"background_colour":"","background_image":false,"text_colour":"orange"},"make_separator":false},"content":"<p>Chaque jour, les Fr\u00e8res se rencontrent dans des \u00e9glises construites \u00e0 cet effet, qui ne sont utilis\u00e9es que pour le culte chr\u00e9tien et non pour des activit\u00e9s la\u00efques ou autres. Nos rencontres sont centr\u00e9es autour de la Sainte \u00c9criture. Les \u00c9critures s\u00e9lectionn\u00e9es de la Bible fournissent le sujet pour des lectures bibliques mutuellement conversationnelles, des sermons et des adresses de l\u2019\u00c9vangile bas\u00e9s sur des textes de l\u2019\u00c9criture. Nous ouvrons et fermons nos r\u00e9unions par une pri\u00e8re et le chant collectif d\u2019un hymne. Des r\u00e9unions sp\u00e9ciales sont souvent organis\u00e9es. Celles-ci peuvent prendre la forme de \u00ab r\u00e9unions de bourses \u00bb ou de \u00ab r\u00e9unions de trois jours \u00bb (vendredi, samedi et dimanche). Dans ces cas, la participation se fait sur invitation et inclut souvent une repr\u00e9sentation nationale et mondiale. Le seul mat\u00e9riel lu et discut\u00e9 dans ces r\u00e9unions est la Bible. Le dimanche (jour du Seigneur) est consid\u00e9r\u00e9 comme un jour sp\u00e9cial, commen\u00e7ant par la C\u00e8ne du Seigneur (Sainte Communion) t\u00f4t le matin dans les \u00e9glises locales et par la suite le jour est rempli de lectures bibliques et de pr\u00e9dications de l\u2019\u00c9vangile et de la Parole de Dieu. Nous divertissons \u00e9galement les fr\u00e8res dans nos maisons pour les d\u00e9jeuners et les repas du soir.<\/p>\n","enable_button":true,"button":{"button_text":"","button_url":"","open_in_new_tab":false,"button_class":""},"class":""},{"acf_fc_layout":"rich_media_block","image":false,"header":{"":null,"title":"Calendrier des r\u00e9unions hebdomadaires","heading_level":"h2","header_styles":{"":null,"background_colour":"","background_image":false,"text_colour":"orange"},"make_separator":false},"content":"<p>Chaque jour, les Fr\u00e8res se r\u00e9unissent dans des \u00e9glises construites \u00e0 cet effet, qui ne sont utilis\u00e9es que pour le culte chr\u00e9tien et non pour des activit\u00e9s profanes ou autres.  \n<table id=\"tablepress-1\" class=\"tablepress tablepress-id-1\">\n<thead>\n<tr class=\"row-1\">\n\t<th class=\"column-1\">Day<\/th><th class=\"column-2\">Meeting<\/th><th class=\"column-3\">Time of Day<\/th>\n<\/tr>\n<\/thead>\n<tbody class=\"row-striping row-hover\">\n<tr class=\"row-2\">\n\t<td class=\"column-1\">Sunday<\/td><td class=\"column-2\">Lord's Supper (Holy Communion)<br \/>\nReading<br \/>\nGospel Preachings<\/td><td class=\"column-3\">Early morning<br \/>\nMid-morning<br \/>\nBalance of day<\/td>\n<\/tr>\n<tr class=\"row-3\">\n\t<td class=\"column-1\">Monday<\/td><td class=\"column-2\">Prayer Meeting<\/td><td class=\"column-3\">Late afternoon or evening<\/td>\n<\/tr>\n<tr class=\"row-4\">\n\t<td class=\"column-1\">Tuesday<\/td><td class=\"column-2\">Sermon Meeting<\/td><td class=\"column-3\">Late afternoon or evening<\/td>\n<\/tr>\n<tr class=\"row-5\">\n\t<td class=\"column-1\">Wednesday<\/td><td class=\"column-2\">Bible Reading<\/td><td class=\"column-3\">Late afternoon or evening<\/td>\n<\/tr>\n<tr class=\"row-6\">\n\t<td class=\"column-1\">Thursday<\/td><td class=\"column-2\">Bible Reading<\/td><td class=\"column-3\">Late afternoon or evening<\/td>\n<\/tr>\n<tr class=\"row-7\">\n\t<td class=\"column-1\">Friday<\/td><td class=\"column-2\">Bible Reading<\/td><td class=\"column-3\">Late afternoon or evening<\/td>\n<\/tr>\n<tr class=\"row-8\">\n\t<td class=\"column-1\">Saturday<\/td><td class=\"column-2\">Bible Reading<\/td><td class=\"column-3\">Morning<\/td>\n<\/tr>\n<\/tbody>\n<\/table>\n<!-- #tablepress-1 from cache --><\/p>\n","enable_button":true,"button":{"button_text":"","button_url":"","open_in_new_tab":false,"button_class":""},"class":""},{"acf_fc_layout":"rich_media_block","image":false,"header":{"":null,"title":"C\u00e8ne du Seigneur (Sainte Communion)","heading_level":"h2","header_styles":{"":null,"background_colour":"","background_image":false,"text_colour":"orange"},"make_separator":false},"content":"<p>Le Souper du Seigneur, ou Sainte Communion, est au c\u0153ur de nos vies. Il est c\u00e9l\u00e9br\u00e9 chaque premier jour de la semaine par chaque membre des Fr\u00e8res de Plymouth et il sert \u00e0 maintenir notre communaut\u00e9 ensemble dans le lien de la communion chr\u00e9tienne et dans l\u2019engagement au Seigneur J\u00e9sus-Christ. Ce service simple et priv\u00e9 suit la forme donn\u00e9e dans 1 Corinthiens 11:23-28, Jean 20:19, Actes 20:7 et autres \u00c9critures. Il est vivement fr\u00e9quent\u00e9 par tous nos m\u00e9nages, et nous incluons nos enfants qui re\u00e7oivent les sacrements sur la base des paroles de J\u00e9sus: \u00ab\u00a0Prenez manger, c\u2019est mon corps\u00a0\u00bb Matthieu 26:26-28.<\/p>\n","enable_button":true,"button":{"button_text":"","button_url":"","open_in_new_tab":false,"button_class":""},"class":""},{"acf_fc_layout":"bible_quote_slim","quote_text":"Mange, c\u2019est mon corps.","quote_source":"Matthieu 26:26"},{"acf_fc_layout":"rich_media_block","image":false,"header":{"":null,"title":"Pr\u00e9dications \u00e9vang\u00e9liques","heading_level":"h2","header_styles":{"":null,"background_colour":"","background_image":false,"text_colour":"orange"},"make_separator":false},"content":"<p>L\u2019\u00c9vangile est pr\u00each\u00e9 dans nos salles chaque dimanche.<\/p>\n","enable_button":true,"button":{"button_text":"","button_url":"","open_in_new_tab":false,"button_class":""},"class":""},{"acf_fc_layout":"rich_media_block","image":false,"header":{"":null,"title":"Lectures de la Bible","heading_level":"h2","header_styles":{"":null,"background_colour":"","background_image":false,"text_colour":"orange"},"make_separator":false},"content":"<p>Toutes nos r\u00e9unions sont bas\u00e9es sur la Bible et comprennent des lectures bibliques. Les personnes sont libres de choisir un texte de la Bible et de nombreux autres versets sont introduits dans une discussion mutuelle par la congr\u00e9gation.<\/p>\n","enable_button":true,"button":{"button_text":"","button_url":"","open_in_new_tab":false,"button_class":""},"class":""},{"acf_fc_layout":"rich_media_block","image":false,"header":{"":null,"title":"R\u00e9unions de pri\u00e8re","heading_level":"h2","header_styles":{"":null,"background_colour":"","background_image":false,"text_colour":"orange"},"make_separator":false},"content":"<p>Des r\u00e9unions hebdomadaires sp\u00e9cifiquement pour la pri\u00e8re ont lieu dans nos salles de r\u00e9union dans le monde entier. \u00c0 ces occasions, des pri\u00e8res sont faites pour une grande vari\u00e9t\u00e9 de sujets, y compris les gouvernements, les guerres, les catastrophes naturelles et les personnes dans la pauvret\u00e9, l\u2019oppression, la maladie et le besoin. Les membres fr\u00e8res se tiennent inform\u00e9s des questions d\u2019actualit\u00e9. Des milliers de pri\u00e8res publiques sont faites chaque semaine dans nos salles de r\u00e9union.  \u00a0<\/p>\n","enable_button":true,"button":{"button_text":"","button_url":"","open_in_new_tab":false,"button_class":""},"class":""},{"acf_fc_layout":"global_module","global_module_id":1148}],"columns_sm":"8","columns_md":"none","columns_lg":"8"},{"module":false,"columns_sm":"4","columns_md":"none","columns_lg":"4"}],"row_class":"","module_padding":{"":null,"padding_top_xs":"","padding_bottom_xs":"","padding_left_xs":"","padding_right_xs":"","padding_top_md":"","padding_bottom_md":"","padding_left_md":"","padding_right_md":"","padding_top_lg":"","padding_bottom_lg":"","padding_left_lg":"","padding_right_lg":""},"module_margin":{"":null,"margin_top_xs":"","margin_bottom_xs":"","margin_left_xs":"","margin_right_xs":"","margin_top_md":"","margin_bottom_md":"","margin_left_md":"","margin_right_md":"","margin_top_lg":"","margin_bottom_lg":"","margin_left_lg":"","margin_right_lg":""}}],"section_heading":"","section_class":"","module_padding":{"":null,"padding_top_xs":"","padding_bottom_xs":"","padding_left_xs":"","padding_right_xs":"","padding_top_md":"","padding_bottom_md":"","padding_left_md":"","padding_right_md":"","padding_top_lg":"","padding_bottom_lg":"","padding_left_lg":"","padding_right_lg":""},"module_margin":{"":null,"margin_top_xs":"","margin_bottom_xs":"","margin_left_xs":"","margin_right_xs":"","margin_top_md":"","margin_bottom_md":"","margin_left_md":"","margin_right_md":"","margin_top_lg":"","margin_bottom_lg":"","margin_left_lg":"","margin_right_lg":""}}]},"yoast_head":"<!-- This site is optimized with the Yoast SEO plugin v25.2 - https:\/\/yoast.com\/wordpress\/plugins\/seo\/ -->\n<title>R\u00e9unions | Plymouth Brethren Christian Church<\/title>\n<meta name=\"description\" content=\"Visit the R\u00e9unions page on the website of the Plymouth Brethren Christian Church, a Christian fellowship based on the Holy Bible as the Word of God.\" \/>\n<meta name=\"robots\" content=\"index, follow, max-snippet:-1, max-image-preview:large, max-video-preview:-1\" \/>\n<link rel=\"canonical\" href=\"https:\/\/www.plymouthbrethrenchristianchurch.org\/fr\/culte\/reunions\/\" \/>\n<meta property=\"og:locale\" content=\"fr_FR\" \/>\n<meta property=\"og:type\" content=\"article\" \/>\n<meta property=\"og:title\" content=\"R\u00e9unions | Plymouth Brethren Christian Church\" \/>\n<meta property=\"og:description\" content=\"Visit the R\u00e9unions page on the website of the Plymouth Brethren Christian Church, a Christian fellowship based on the Holy Bible as the Word of God.\" \/>\n<meta property=\"og:url\" content=\"https:\/\/www.plymouthbrethrenchristianchurch.org\/fr\/culte\/reunions\/\" \/>\n<meta property=\"og:site_name\" content=\"Plymouth Brethren Christian Church\" \/>\n<meta property=\"article:publisher\" content=\"https:\/\/www.facebook.com\/PlymouthBrethrenChristianChurch\" \/>\n<meta property=\"article:modified_time\" content=\"2024-09-10T04:09:27+00:00\" \/>\n<meta name=\"twitter:card\" content=\"summary_large_image\" \/>\n<script type=\"application\/ld+json\" class=\"yoast-schema-graph\">{\"@context\":\"https:\/\/schema.org\",\"@graph\":[{\"@type\":\"WebPage\",\"@id\":\"https:\/\/www.plymouthbrethrenchristianchurch.org\/fr\/culte\/reunions\/\",\"url\":\"https:\/\/www.plymouthbrethrenchristianchurch.org\/fr\/culte\/reunions\/\",\"name\":\"R\u00e9unions | Plymouth Brethren Christian Church\",\"isPartOf\":{\"@id\":\"https:\/\/www.plymouthbrethrenchristianchurch.org\/#website\"},\"datePublished\":\"2020-05-18T16:17:11+00:00\",\"dateModified\":\"2024-09-10T04:09:27+00:00\",\"description\":\"Visit the R\u00e9unions page on the website of the Plymouth Brethren Christian Church, a Christian fellowship based on the Holy Bible as the Word of God.\",\"breadcrumb\":{\"@id\":\"https:\/\/www.plymouthbrethrenchristianchurch.org\/fr\/culte\/reunions\/#breadcrumb\"},\"inLanguage\":\"fr-FR\",\"potentialAction\":[{\"@type\":\"ReadAction\",\"target\":[\"https:\/\/www.plymouthbrethrenchristianchurch.org\/fr\/culte\/reunions\/\"]}]},{\"@type\":\"BreadcrumbList\",\"@id\":\"https:\/\/www.plymouthbrethrenchristianchurch.org\/fr\/culte\/reunions\/#breadcrumb\",\"itemListElement\":[{\"@type\":\"ListItem\",\"position\":1,\"name\":\"Home\",\"item\":\"https:\/\/www.plymouthbrethrenchristianchurch.org\/fr\/accueil\/\"},{\"@type\":\"ListItem\",\"position\":2,\"name\":\"Culte\",\"item\":\"https:\/\/www.plymouthbrethrenchristianchurch.org\/fr\/culte\/\"},{\"@type\":\"ListItem\",\"position\":3,\"name\":\"R\u00e9unions\"}]},{\"@type\":\"WebSite\",\"@id\":\"https:\/\/www.plymouthbrethrenchristianchurch.org\/#website\",\"url\":\"https:\/\/www.plymouthbrethrenchristianchurch.org\/\",\"name\":\"Plymouth Brethren Christian Church\",\"description\":\"\",\"publisher\":{\"@id\":\"https:\/\/www.plymouthbrethrenchristianchurch.org\/#organization\"},\"potentialAction\":[{\"@type\":\"SearchAction\",\"target\":{\"@type\":\"EntryPoint\",\"urlTemplate\":\"https:\/\/www.plymouthbrethrenchristianchurch.org\/?s={search_term_string}\"},\"query-input\":{\"@type\":\"PropertyValueSpecification\",\"valueRequired\":true,\"valueName\":\"search_term_string\"}}],\"inLanguage\":\"fr-FR\"},{\"@type\":\"Organization\",\"@id\":\"https:\/\/www.plymouthbrethrenchristianchurch.org\/#organization\",\"name\":\"Plymouth Brethren Christian Church\",\"url\":\"https:\/\/www.plymouthbrethrenchristianchurch.org\/\",\"logo\":{\"@type\":\"ImageObject\",\"inLanguage\":\"fr-FR\",\"@id\":\"https:\/\/www.plymouthbrethrenchristianchurch.org\/#\/schema\/logo\/image\/\",\"url\":\"https:\/\/www.plymouthbrethrenchristianchurch.org\/wp-content\/uploads\/2020\/05\/site-logo.svg\",\"contentUrl\":\"https:\/\/www.plymouthbrethrenchristianchurch.org\/wp-content\/uploads\/2020\/05\/site-logo.svg\",\"caption\":\"Plymouth Brethren Christian Church\"},\"image\":{\"@id\":\"https:\/\/www.plymouthbrethrenchristianchurch.org\/#\/schema\/logo\/image\/\"},\"sameAs\":[\"https:\/\/www.facebook.com\/PlymouthBrethrenChristianChurch\",\"https:\/\/www.youtube.com\/channel\/UC76fGueDJBbLvhs988yTBXQ\",\"https:\/\/www.pinterest.com.au\/plymouthbcc\/\"]}]}<\/script>\n<!-- \/ Yoast SEO plugin. -->","yoast_head_json":{"title":"R\u00e9unions | Plymouth Brethren Christian Church","description":"Visit the R\u00e9unions page on the website of the Plymouth Brethren Christian Church, a Christian fellowship based on the Holy Bible as the Word of God.","robots":{"index":"index","follow":"follow","max-snippet":"max-snippet:-1","max-image-preview":"max-image-preview:large","max-video-preview":"max-video-preview:-1"},"canonical":"https:\/\/www.plymouthbrethrenchristianchurch.org\/fr\/culte\/reunions\/","og_locale":"fr_FR","og_type":"article","og_title":"R\u00e9unions | Plymouth Brethren Christian Church","og_description":"Visit the R\u00e9unions page on the website of the Plymouth Brethren Christian Church, a Christian fellowship based on the Holy Bible as the Word of God.","og_url":"https:\/\/www.plymouthbrethrenchristianchurch.org\/fr\/culte\/reunions\/","og_site_name":"Plymouth Brethren Christian Church","article_publisher":"https:\/\/www.facebook.com\/PlymouthBrethrenChristianChurch","article_modified_time":"2024-09-10T04:09:27+00:00","twitter_card":"summary_large_image","schema":{"@context":"https:\/\/schema.org","@graph":[{"@type":"WebPage","@id":"https:\/\/www.plymouthbrethrenchristianchurch.org\/fr\/culte\/reunions\/","url":"https:\/\/www.plymouthbrethrenchristianchurch.org\/fr\/culte\/reunions\/","name":"R\u00e9unions | Plymouth Brethren Christian Church","isPartOf":{"@id":"https:\/\/www.plymouthbrethrenchristianchurch.org\/#website"},"datePublished":"2020-05-18T16:17:11+00:00","dateModified":"2024-09-10T04:09:27+00:00","description":"Visit the R\u00e9unions page on the website of the Plymouth Brethren Christian Church, a Christian fellowship based on the Holy Bible as the Word of God.","breadcrumb":{"@id":"https:\/\/www.plymouthbrethrenchristianchurch.org\/fr\/culte\/reunions\/#breadcrumb"},"inLanguage":"fr-FR","potentialAction":[{"@type":"ReadAction","target":["https:\/\/www.plymouthbrethrenchristianchurch.org\/fr\/culte\/reunions\/"]}]},{"@type":"BreadcrumbList","@id":"https:\/\/www.plymouthbrethrenchristianchurch.org\/fr\/culte\/reunions\/#breadcrumb","itemListElement":[{"@type":"ListItem","position":1,"name":"Home","item":"https:\/\/www.plymouthbrethrenchristianchurch.org\/fr\/accueil\/"},{"@type":"ListItem","position":2,"name":"Culte","item":"https:\/\/www.plymouthbrethrenchristianchurch.org\/fr\/culte\/"},{"@type":"ListItem","position":3,"name":"R\u00e9unions"}]},{"@type":"WebSite","@id":"https:\/\/www.plymouthbrethrenchristianchurch.org\/#website","url":"https:\/\/www.plymouthbrethrenchristianchurch.org\/","name":"Plymouth Brethren Christian Church","description":"","publisher":{"@id":"https:\/\/www.plymouthbrethrenchristianchurch.org\/#organization"},"potentialAction":[{"@type":"SearchAction","target":{"@type":"EntryPoint","urlTemplate":"https:\/\/www.plymouthbrethrenchristianchurch.org\/?s={search_term_string}"},"query-input":{"@type":"PropertyValueSpecification","valueRequired":true,"valueName":"search_term_string"}}],"inLanguage":"fr-FR"},{"@type":"Organization","@id":"https:\/\/www.plymouthbrethrenchristianchurch.org\/#organization","name":"Plymouth Brethren Christian Church","url":"https:\/\/www.plymouthbrethrenchristianchurch.org\/","logo":{"@type":"ImageObject","inLanguage":"fr-FR","@id":"https:\/\/www.plymouthbrethrenchristianchurch.org\/#\/schema\/logo\/image\/","url":"https:\/\/www.plymouthbrethrenchristianchurch.org\/wp-content\/uploads\/2020\/05\/site-logo.svg","contentUrl":"https:\/\/www.plymouthbrethrenchristianchurch.org\/wp-content\/uploads\/2020\/05\/site-logo.svg","caption":"Plymouth Brethren Christian Church"},"image":{"@id":"https:\/\/www.plymouthbrethrenchristianchurch.org\/#\/schema\/logo\/image\/"},"sameAs":["https:\/\/www.facebook.com\/PlymouthBrethrenChristianChurch","https:\/\/www.youtube.com\/channel\/UC76fGueDJBbLvhs988yTBXQ","https:\/\/www.pinterest.com.au\/plymouthbcc\/"]}]}},"_links":{"self":[{"href":"https:\/\/www.plymouthbrethrenchristianchurch.org\/fr\/wp-json\/wp\/v2\/pages\/2915"}],"collection":[{"href":"https:\/\/www.plymouthbrethrenchristianchurch.org\/fr\/wp-json\/wp\/v2\/pages"}],"about":[{"href":"https:\/\/www.plymouthbrethrenchristianchurch.org\/fr\/wp-json\/wp\/v2\/types\/page"}],"author":[{"embeddable":true,"href":"https:\/\/www.plymouthbrethrenchristianchurch.org\/fr\/wp-json\/wp\/v2\/users\/2"}],"replies":[{"embeddable":true,"href":"https:\/\/www.plymouthbrethrenchristianchurch.org\/fr\/wp-json\/wp\/v2\/comments?post=2915"}],"version-history":[{"count":3,"href":"https:\/\/www.plymouthbrethrenchristianchurch.org\/fr\/wp-json\/wp\/v2\/pages\/2915\/revisions"}],"predecessor-version":[{"id":3601,"href":"https:\/\/www.plymouthbrethrenchristianchurch.org\/fr\/wp-json\/wp\/v2\/pages\/2915\/revisions\/3601"}],"up":[{"embeddable":true,"href":"https:\/\/www.plymouthbrethrenchristianchurch.org\/fr\/wp-json\/wp\/v2\/pages\/2996"}],"wp:attachment":[{"href":"https:\/\/www.plymouthbrethrenchristianchurch.org\/fr\/wp-json\/wp\/v2\/media?parent=2915"}],"curies":[{"name":"wp","href":"https:\/\/api.w.org\/{rel}","templated":true}]}}