{"id":2933,"date":"2020-05-22T01:42:21","date_gmt":"2020-05-21T15:42:21","guid":{"rendered":"https:\/\/www.plymouthbrethrenchristianchurch.org\/politique-de-confidentialite\/"},"modified":"2025-06-18T01:09:15","modified_gmt":"2025-06-17T15:09:15","slug":"politique-de-confidentialite","status":"publish","type":"page","link":"https:\/\/www.plymouthbrethrenchristianchurch.org\/fr\/politique-de-confidentialite\/","title":{"rendered":"Politique de confidentialit\u00e9"},"content":{"rendered":"","protected":false},"excerpt":{"rendered":"","protected":false},"author":2,"featured_media":0,"parent":0,"menu_order":16,"comment_status":"closed","ping_status":"closed","template":"page-templates\/acf-flexible-content.php","meta":{"_acf_changed":false,"_relevanssi_hide_post":"","_relevanssi_hide_content":"","_relevanssi_pin_for_all":"","_relevanssi_pin_keywords":"","_relevanssi_unpin_keywords":"","_relevanssi_related_keywords":"","_relevanssi_related_include_ids":"","_relevanssi_related_exclude_ids":"","_relevanssi_related_no_append":"","_relevanssi_related_not_related":"","_relevanssi_related_posts":"","_relevanssi_noindex_reason":"","inline_featured_image":false,"footnotes":""},"class_list":["post-2933","page","type-page","status-publish","hentry"],"acf":{"post_page_video":"","content":[{"acf_fc_layout":"page_header_with_links","override_title":false,"custom_title":"Titre d\u2019essai","intro_text":"<p>Plymouth Brethren Christian Church ACN 158 542 075 Politique de confidentialit\u00e9<\/p>\n","enable_button":true,"button":{"button_text":"","button_url":"","open_in_new_tab":false,"button_class":""},"link_source":"menu","select_a_menu":{"value":"41","label":"Contact"},"menu_title":"Liens","custom_links":false,"header_styles":{"":null,"background_colour":"#515151","background_image":1847,"text_colour":"white"},"row_class":""},{"acf_fc_layout":"module_section","row":[{"column_gap":"6","column":[{"module":[{"acf_fc_layout":"rich_media_block","image":false,"header":{"":null,"title":"","heading_level":"h2","header_styles":{"":null,"background_colour":"","background_image":false,"text_colour":"orange"},"make_separator":false},"content":"<p><strong>Plymouth Brethren Christian Church ACN 158 542 075 (appel\u00e9 PBCC, nous ou notre) s\u2019engage \u00e0 prot\u00e9ger vos renseignements personnels conform\u00e9ment aux principes australiens de confidentialit\u00e9 \u00e9nonc\u00e9s dans la Loi de 1988 sur la protection des renseignements personnels (Cth).<\/strong><\/p>\n<p>La pr\u00e9sente politique de confidentialit\u00e9 d\u00e9crit la fa\u00e7on dont pbcc recueille, d\u00e9tient et utilise les renseignements personnels. Si vous souhaitez faire des demandes de renseignements au sujet de cette politique de confidentialit\u00e9, vous devriez communiquer avec l\u2019agent de protection de la vie priv\u00e9e de PBCC de l\u2019une des fa\u00e7ons sp\u00e9cifi\u00e9es \u00e0 l\u2019article 9.1.<\/p>\n<p>PbCC peut, de temps \u00e0 autre, examiner et mettre \u00e0 jour cette politique de confidentialit\u00e9, y compris, afin de tenir compte des nouvelles lois, r\u00e8glements et technologies. Tous les renseignements personnels d\u00e9tenus par pbcc seront r\u00e9gis par sa plus r\u00e9cente Politique de confidentialit\u00e9, affich\u00e9e sur notre site Web www.plymouthbrethrenchristianchurch.org Notre plus r\u00e9cente Politique de confidentialit\u00e9 s\u2019appliquera \u00e0 notre collecte, utilisation et divulgation de renseignements personnels.<\/p>\n<p><strong>1. Qu\u2019est-ce que les \u00ab renseignements personnels \u00bb<\/strong><\/p>\n<p>1.1 Les \u00ab renseignements personnels \u00bb sont des renseignements ou des opinions sur une personne, qu\u2019elles soient vraies ou non, \u00e0 partir desquelles cette personne peut \u00eatre identifi\u00e9e.<\/p>\n<p><strong>2. Quand recueillons-nous des renseignements personnels?<\/strong><\/p>\n<p>2.1 PBCC recueille des renseignements personnels pour lui permettre d\u2019exercer ses fonctions, de fournir des services et de commercialiser ses produits. PBCC peut recueillir des renseignements personnels tels que votre nom, vos coordonn\u00e9es (y compris vos renseignements personnels ou de travail) et votre profession lorsque vous visitez notre site Web ou que vous nous contactez par t\u00e9l\u00e9phone, par t\u00e9l\u00e9copieur, par courriel, par poste ou en remplissant le formulaire de contact sur notre site Web.<\/p>\n<p>2.2 PBCC peut \u00e9galement recueillir des renseignements personnels vous concernant par l\u2019interm\u00e9diaire de tiers tels que des partenaires commerciaux. Toutefois, pbcc ne recueillera vos renseignements personnels de cette fa\u00e7on que s\u2019il n\u2019est pas raisonnable ou r\u00e9alisable de recueillir ces renseignements directement aupr\u00e8s de vous.<\/p>\n<p><strong>3. Informations recueillies via notre site<\/strong><\/p>\n<p>3.1 PBCC ne recueillera aucune information personnelle sur les utilisateurs de notre site Web, sauf lorsqu\u2019ils les fournissent sciemment ou comme d\u00e9crit ci-dessous. Par exemple, pbcc recueillera des renseignements personnels aupr\u00e8s des utilisateurs de notre site Web lorsqu\u2019ils nous contacteront en remplissant le formulaire de demande de renseignements sur notre site Web.<\/p>\n<p><strong>Cliquez sur Afficher les donn\u00e9es<\/strong><\/p>\n<p>3.2 Lorsque vous visitez et naviguez sur notre site Web, l\u2019h\u00f4te du site Web du PBCC peut recueillir des renseignements personnels \u00e0 des fins statistiques, de rapports et de maintenance.<\/p>\n<p>3.3 Sous r\u00e9serve de l\u2019article 3.8, les renseignements personnels recueillis par notre h\u00f4te de site Web ne seront pas utilis\u00e9s pour vous identifier. L\u2019information peut comprendre :<\/p>\n<ul>\n<li>le nombre d\u2019utilisateurs visitant notre site Web et le nombre de pages consult\u00e9es;<\/li>\n<li>la date, l\u2019heure et la dur\u00e9e d\u2019une visite;<\/li>\n<li>l\u2019adresse IP de votre ordinateur; Ou<\/li>\n<li>le chemin emprunt\u00e9 par notre site Web.<\/li>\n<\/ul>\n<p>3.4 L\u2019h\u00f4te du site Web du PBCC utilise ces renseignements pour administrer et am\u00e9liorer le rendement de notre site Web.<\/p>\n<p><strong>Cookies<\/strong><\/p>\n<p>3.5 Les cookies sont de petits fichiers texte qui sont transf\u00e9r\u00e9s sur le disque dur de l\u2019ordinateur d\u2019un utilisateur par un site Web dans le but de stocker des informations sur l\u2019identit\u00e9, le type de navigateur ou les mod\u00e8les de visite d\u2019un site Web.<\/p>\n<p>3.6 Si vous acc\u00e9dez \u00e0 notre site Web, un cookie est t\u00e9l\u00e9charg\u00e9 sur le disque dur de votre ordinateur lorsque vous vous connectez pour la premi\u00e8re fois \u00e0 notre site Web.<\/p>\n<p>3.7 Vous pouvez ajuster votre navigateur Internet pour d\u00e9sactiver les cookies, mais PBCC peut ne pas \u00eatre en mesure de vous fournir tous les services ou fonctionnalit\u00e9s dont vous avez besoin sur notre site Web si vous choisissez de le faire.<\/p>\n<p><strong>Balises Web<\/strong><\/p>\n<p>3.8 Les balises Web sont des images provenant d\u2019un site tiers pour suivre les activit\u00e9s des visiteurs. \u00c0 l\u2019heure actuelle, le PBCC n\u2019utilise pas de balises Web pour suivre les habitudes de visite des personnes qui acc\u00e8dent \u00e0 notre site Web.<\/p>\n<p><strong>4. Comment pbcc utilise les renseignements personnels qu\u2019il recueille \u00e0 votre sujet<\/strong><\/p>\n<p>4.1 PBCC utilise les renseignements personnels qu\u2019il recueille \u00e0 votre sujet pour nos fonctions et activit\u00e9s qui peuvent comprendre les \u00e9l\u00e9ments suivants :<\/p>\n<ul>\n<li>\u00e9tablir et maintenir votre participation au PBCC;<\/li>\n<li>pour vous fournir des informations, des produits ou des services que vous avez demand\u00e9s;<\/li>\n<li>promouvoir nos produits et services aupr\u00e8s de vous;<\/li>\n<li>personnaliser et personnaliser vos exp\u00e9riences avec notre site web;<\/li>\n<li>pour vous inscrire \u00e0 des \u00e9v\u00e9nements, des conf\u00e9rences ou des promotions;<\/li>\n<li>aider pbcc \u00e0 rendre notre site Web, nos services et nos produits plus pr\u00e9cieux pour nos membres et l\u2019ensemble de la communaut\u00e9;<\/li>\n<li>communiquer avec vous;<\/li>\n<li>vous fournir des renseignements continus sur le PBCC dans lesquels pbcc croit \u00eatre int\u00e9ress\u00e9;<\/li>\n<li>pour vous donner l\u2019occasion de recevoir de temps \u00e0 autre des courriels et des \u00ab bulletins \u00e9lectroniques \u00bb de pbcc.<\/li>\n<\/ul>\n<p>4.2 PBCC peut recueillir et utiliser vos renseignements personnels \u00e0 d\u2019autres fins qui ne figurent pas ci-dessus. Si nous le faisons, nous vous le ferons savoir au moment o\u00f9 nous recueillons et\/ou utilisons vos renseignements personnels.<\/p>\n<p>4.3 PbCC ne recueillera et utilisera vos renseignements personnels que conform\u00e9ment \u00e0 la pr\u00e9sente Politique de confidentialit\u00e9.<\/p>\n<p>4.4 Si vous choisissez de ne pas fournir vos renseignements personnels \u00e0 PBCC aux fins \u00e9nonc\u00e9es dans la pr\u00e9sente Politique de confidentialit\u00e9, nous ne pourrons peut-\u00eatre pas vous fournir les renseignements, les produits ou les services demand\u00e9s.<\/p>\n<p><strong>5. \u00c0 qui nous divulguons vos renseignements personnels<\/strong><\/p>\n<p>5.1 Selon la nature de votre engagement aupr\u00e8s de PBCC, nous pouvons divulguer vos renseignements personnels \u00e0 des entit\u00e9s apparent\u00e9es de PBCC, \u00e0 des tiers qui fournissent des produits et services \u00e0 PBCC ou directement \u00e0 vous (\u00e0 votre demande), aux maisons d\u2019ex\u00e9cution, aux distributeurs et \u00e0 d\u2019autres tiers tels que votre ou vos arbitres.<\/p>\n<p>5.2 PBCC peut \u00e9galement divulguer vos renseignements personnels \u00e0 nos fournisseurs d\u2019applications web ou logicielles dans certaines circonstances limit\u00e9es, par exemple lorsque notre site Web rencontre un probl\u00e8me technique ou pour s\u2019assurer qu\u2019il fonctionne de mani\u00e8re efficace et s\u00e9curis\u00e9e.<\/p>\n<p>5.3 PbCC peut divulguer vos renseignements personnels \u00e0 des entit\u00e9s qui sont situ\u00e9es dans des pays \u00e9trangers uniquement aux fins \u00e9nonc\u00e9es dans la pr\u00e9sente Politique de confidentialit\u00e9. PBCC peut divulguer vos renseignements personnels \u00e0 des organisations qui se trouvent dans des pays \u00e9trangers uniquement aux fins \u00e9nonc\u00e9es dans la pr\u00e9sente Politique de confidentialit\u00e9, \u00e0 condition que cette divulgation soit autoris\u00e9e en vertu des Principes australiens de protection de la vie priv\u00e9e. Les Principes australiens de protection de la vie priv\u00e9e permettent la divulgation \u00e0 une personne dans un pays \u00e9tranger o\u00f9 pbcc croit raisonnablement que le destinataire des renseignements est assujetti \u00e0 un r\u00e9gime ou \u00e0 un contrat contraignant en vertu d\u2019une loi qui respecte effectivement les principes de traitement \u00e9quitable des renseignements qui sont sensiblement semblables aux Principes australiens de protection de la vie priv\u00e9e. Les pays \u00e9trangers o\u00f9 les informations peuvent \u00eatre divulgu\u00e9es sont probablement la Nouvelle-Z\u00e9lande, les \u00c9tats-Unis, le Royaume-Uni, le Canada, l\u2019Argentine et les Cara\u00efbes.<\/p>\n<p><strong>6. Marketing<\/strong><\/p>\n<p>6.1 PbCC peut utiliser vos renseignements personnels pour vous fournir du mat\u00e9riel promotionnel sur pbcc ou les services et produits offerts par pbcc. Si vous ne souhaitez pas recevoir d\u2019informations promotionnelles, vous pouvez communiquer avec notre agent de protection de la vie priv\u00e9e de l\u2019une ou l\u2019autre des fa\u00e7ons sp\u00e9cifi\u00e9es \u00e0 l\u2019article 9.1, afin que votre nom puisse \u00eatre retir\u00e9 de nos listes de contacts.<\/p>\n<p>6.2 Sauf indication contraire de la pr\u00e9sente Politique de confidentialit\u00e9, l\u2019h\u00f4te du site Web de pbcc ou pbcc ne divulguera aucun de vos renseignements personnels \u00e0 une autre organisation, \u00e0 moins que la divulgation ne soit exig\u00e9e par la loi ou qu\u2019elle ne soit autrement autoris\u00e9e par les Principes australiens de protection de la vie priv\u00e9e.<\/p>\n<p><strong>7. D\u00e9couvrez ce que les renseignements personnels pbcc d\u00e9tient \u00e0 votre sujet<\/strong><\/p>\n<p>7.1 Vous avez le droit d\u2019acc\u00e9der aux renseignements personnels que pbcc d\u00e9tient \u00e0 votre sujet. Si vous demandez l\u2019acc\u00e8s \u00e0 vos renseignements personnels, nous vous accorderons votre demande \u00e0 moins que l\u2019acc\u00e8s \u00e0 votre acc\u00e8s n\u2019ait un impact d\u00e9raisonnable sur la vie priv\u00e9e d\u2019autrui ou qu\u2019il ne soit pas autoris\u00e9 autrement en vertu des Principes australiens de protection de la vie priv\u00e9e. Si pbcc refuse votre demande d\u2019acc\u00e8s \u00e0 vos renseignements personnels, il vous fournira les raisons du refus.<\/p>\n<p>7.2 Une demande d\u2019acc\u00e8s peut \u00eatre faite en communiquant avec l\u2019agent de protection de la vie priv\u00e9e de pbcc de l\u2019une des fa\u00e7ons sp\u00e9cifi\u00e9es \u00e0 l\u2019article 9.1.<\/p>\n<p><strong>8. Mise \u00e0 jour, stockage et s\u00e9curit\u00e9 des renseignements personnels d\u00e9tenus par pbcc<\/strong><\/p>\n<p>8.1 PBCC vise \u00e0 garder vos renseignements personnels en s\u00e9curit\u00e9 et \u00e0 jour. Toute information personnelle qui est recueillie via notre site Web ou qui est d\u00e9tenue sur les syst\u00e8mes informatiques de PBCC est prot\u00e9g\u00e9e par des garanties, y compris physique, technique (par exemple pare-feu, cryptages SSL pour la transmission de donn\u00e9es, etc) et des m\u00e9thodes proc\u00e9durales.<\/p>\n<p>8.2 Les renseignements personnels d\u00e9tenus par pbcc sur papier sont stock\u00e9s en toute s\u00e9curit\u00e9 dans ses locaux et ne sont divulgu\u00e9s ou utilis\u00e9s qu\u2019aux fins d\u00e9crites dans la pr\u00e9sente Politique de confidentialit\u00e9.<\/p>\n<p>8.3 Vous pouvez mettre \u00e0 jour vos renseignements personnels et de contact \u00e0 tout moment en communiquant avec notre agent de protection de la vie priv\u00e9e de l\u2019une ou l\u2019autre des fa\u00e7ons sp\u00e9cifi\u00e9es \u00e0 l\u2019article 9.1. Si nous constatons que nous n\u2019avons plus besoin de vos renseignements personnels, nous les supprimerons de notre syst\u00e8me et les d\u00e9truirons tous les enregistrements. PBCC se f\u00e9licite de toute modification apport\u00e9e \u00e0 vos coordonn\u00e9es afin de tenir nos dossiers \u00e0 jour.<\/p>\n<p><strong>9. Que faire si vous avez une question, un probl\u00e8me ou une plainte au sujet de notre utilisation de vos renseignements personnels<\/strong><\/p>\n<p>9.1 Si vous estimez que votre vie priv\u00e9e n\u2019a pas \u00e9t\u00e9 respect\u00e9e ou que pbcc s\u2019est d\u00e9roul\u00e9e de mani\u00e8re incompatible avec la pr\u00e9sente Politique de confidentialit\u00e9 \u00e0 l\u2019\u00e9gard de vos renseignements personnels, ou pour toute autre question ou communication relative \u00e0 la pr\u00e9sente Politique de confidentialit\u00e9, veuillez <a href=\"https:\/\/www.plymouthbrethrenchristianchurch.org\/contact\/\">nous contacter<\/a>.<\/p>\n","enable_button":true,"button":{"button_text":"","button_url":"","open_in_new_tab":false,"button_class":""},"class":""}],"columns_sm":"8","columns_md":"none","columns_lg":"8"},{"module":false,"columns_sm":"4","columns_md":"none","columns_lg":"4"}],"row_class":"","module_padding":{"":null,"padding_top_xs":"","padding_bottom_xs":"","padding_left_xs":"","padding_right_xs":"","padding_top_md":"","padding_bottom_md":"","padding_left_md":"","padding_right_md":"","padding_top_lg":"","padding_bottom_lg":"","padding_left_lg":"","padding_right_lg":""},"module_margin":{"":null,"margin_top_xs":"","margin_bottom_xs":"","margin_left_xs":"","margin_right_xs":"","margin_top_md":"","margin_bottom_md":"","margin_left_md":"","margin_right_md":"","margin_top_lg":"","margin_bottom_lg":"","margin_left_lg":"","margin_right_lg":""}}],"section_heading":"","section_class":"","module_padding":{"":null,"padding_top_xs":"","padding_bottom_xs":"","padding_left_xs":"","padding_right_xs":"","padding_top_md":"","padding_bottom_md":"","padding_left_md":"","padding_right_md":"","padding_top_lg":"","padding_bottom_lg":"","padding_left_lg":"","padding_right_lg":""},"module_margin":{"":null,"margin_top_xs":"","margin_bottom_xs":"","margin_left_xs":"","margin_right_xs":"","margin_top_md":"","margin_bottom_md":"","margin_left_md":"","margin_right_md":"","margin_top_lg":"","margin_bottom_lg":"","margin_left_lg":"","margin_right_lg":""}}]},"yoast_head":"<!-- This site is optimized with the Yoast SEO plugin v25.2 - https:\/\/yoast.com\/wordpress\/plugins\/seo\/ -->\n<title>Politique de confidentialit\u00e9 | Plymouth Brethren Christian Church<\/title>\n<meta name=\"description\" content=\"Visit the Politique de confidentialit\u00e9 page on the website of the Plymouth Brethren Christian Church, a Christian fellowship based on the Holy Bible as the Word of God.\" \/>\n<meta name=\"robots\" content=\"index, follow, max-snippet:-1, max-image-preview:large, max-video-preview:-1\" \/>\n<link rel=\"canonical\" href=\"https:\/\/www.plymouthbrethrenchristianchurch.org\/fr\/politique-de-confidentialite\/\" \/>\n<meta property=\"og:locale\" content=\"fr_FR\" \/>\n<meta property=\"og:type\" content=\"article\" \/>\n<meta property=\"og:title\" content=\"Politique de confidentialit\u00e9 | Plymouth Brethren Christian Church\" \/>\n<meta property=\"og:description\" content=\"Visit the Politique de confidentialit\u00e9 page on the website of the Plymouth Brethren Christian Church, a Christian fellowship based on the Holy Bible as the Word of God.\" \/>\n<meta property=\"og:url\" content=\"https:\/\/www.plymouthbrethrenchristianchurch.org\/fr\/politique-de-confidentialite\/\" \/>\n<meta property=\"og:site_name\" content=\"Plymouth Brethren Christian Church\" \/>\n<meta property=\"article:publisher\" content=\"https:\/\/www.facebook.com\/PlymouthBrethrenChristianChurch\" \/>\n<meta property=\"article:modified_time\" content=\"2025-06-17T15:09:15+00:00\" \/>\n<meta name=\"twitter:card\" content=\"summary_large_image\" \/>\n<script type=\"application\/ld+json\" class=\"yoast-schema-graph\">{\"@context\":\"https:\/\/schema.org\",\"@graph\":[{\"@type\":\"WebPage\",\"@id\":\"https:\/\/www.plymouthbrethrenchristianchurch.org\/fr\/politique-de-confidentialite\/\",\"url\":\"https:\/\/www.plymouthbrethrenchristianchurch.org\/fr\/politique-de-confidentialite\/\",\"name\":\"Politique de confidentialit\u00e9 | Plymouth Brethren Christian Church\",\"isPartOf\":{\"@id\":\"https:\/\/www.plymouthbrethrenchristianchurch.org\/#website\"},\"datePublished\":\"2020-05-21T15:42:21+00:00\",\"dateModified\":\"2025-06-17T15:09:15+00:00\",\"description\":\"Visit the Politique de confidentialit\u00e9 page on the website of the Plymouth Brethren Christian Church, a Christian fellowship based on the Holy Bible as the Word of God.\",\"breadcrumb\":{\"@id\":\"https:\/\/www.plymouthbrethrenchristianchurch.org\/fr\/politique-de-confidentialite\/#breadcrumb\"},\"inLanguage\":\"fr-FR\",\"potentialAction\":[{\"@type\":\"ReadAction\",\"target\":[\"https:\/\/www.plymouthbrethrenchristianchurch.org\/fr\/politique-de-confidentialite\/\"]}]},{\"@type\":\"BreadcrumbList\",\"@id\":\"https:\/\/www.plymouthbrethrenchristianchurch.org\/fr\/politique-de-confidentialite\/#breadcrumb\",\"itemListElement\":[{\"@type\":\"ListItem\",\"position\":1,\"name\":\"Home\",\"item\":\"https:\/\/www.plymouthbrethrenchristianchurch.org\/fr\/accueil\/\"},{\"@type\":\"ListItem\",\"position\":2,\"name\":\"Politique de confidentialit\u00e9\"}]},{\"@type\":\"WebSite\",\"@id\":\"https:\/\/www.plymouthbrethrenchristianchurch.org\/#website\",\"url\":\"https:\/\/www.plymouthbrethrenchristianchurch.org\/\",\"name\":\"Plymouth Brethren Christian Church\",\"description\":\"\",\"publisher\":{\"@id\":\"https:\/\/www.plymouthbrethrenchristianchurch.org\/#organization\"},\"potentialAction\":[{\"@type\":\"SearchAction\",\"target\":{\"@type\":\"EntryPoint\",\"urlTemplate\":\"https:\/\/www.plymouthbrethrenchristianchurch.org\/?s={search_term_string}\"},\"query-input\":{\"@type\":\"PropertyValueSpecification\",\"valueRequired\":true,\"valueName\":\"search_term_string\"}}],\"inLanguage\":\"fr-FR\"},{\"@type\":\"Organization\",\"@id\":\"https:\/\/www.plymouthbrethrenchristianchurch.org\/#organization\",\"name\":\"Plymouth Brethren Christian Church\",\"url\":\"https:\/\/www.plymouthbrethrenchristianchurch.org\/\",\"logo\":{\"@type\":\"ImageObject\",\"inLanguage\":\"fr-FR\",\"@id\":\"https:\/\/www.plymouthbrethrenchristianchurch.org\/#\/schema\/logo\/image\/\",\"url\":\"https:\/\/www.plymouthbrethrenchristianchurch.org\/wp-content\/uploads\/2020\/05\/site-logo.svg\",\"contentUrl\":\"https:\/\/www.plymouthbrethrenchristianchurch.org\/wp-content\/uploads\/2020\/05\/site-logo.svg\",\"caption\":\"Plymouth Brethren Christian Church\"},\"image\":{\"@id\":\"https:\/\/www.plymouthbrethrenchristianchurch.org\/#\/schema\/logo\/image\/\"},\"sameAs\":[\"https:\/\/www.facebook.com\/PlymouthBrethrenChristianChurch\",\"https:\/\/www.youtube.com\/channel\/UC76fGueDJBbLvhs988yTBXQ\",\"https:\/\/www.pinterest.com.au\/plymouthbcc\/\"]}]}<\/script>\n<!-- \/ Yoast SEO plugin. -->","yoast_head_json":{"title":"Politique de confidentialit\u00e9 | Plymouth Brethren Christian Church","description":"Visit the Politique de confidentialit\u00e9 page on the website of the Plymouth Brethren Christian Church, a Christian fellowship based on the Holy Bible as the Word of God.","robots":{"index":"index","follow":"follow","max-snippet":"max-snippet:-1","max-image-preview":"max-image-preview:large","max-video-preview":"max-video-preview:-1"},"canonical":"https:\/\/www.plymouthbrethrenchristianchurch.org\/fr\/politique-de-confidentialite\/","og_locale":"fr_FR","og_type":"article","og_title":"Politique de confidentialit\u00e9 | Plymouth Brethren Christian Church","og_description":"Visit the Politique de confidentialit\u00e9 page on the website of the Plymouth Brethren Christian Church, a Christian fellowship based on the Holy Bible as the Word of God.","og_url":"https:\/\/www.plymouthbrethrenchristianchurch.org\/fr\/politique-de-confidentialite\/","og_site_name":"Plymouth Brethren Christian Church","article_publisher":"https:\/\/www.facebook.com\/PlymouthBrethrenChristianChurch","article_modified_time":"2025-06-17T15:09:15+00:00","twitter_card":"summary_large_image","schema":{"@context":"https:\/\/schema.org","@graph":[{"@type":"WebPage","@id":"https:\/\/www.plymouthbrethrenchristianchurch.org\/fr\/politique-de-confidentialite\/","url":"https:\/\/www.plymouthbrethrenchristianchurch.org\/fr\/politique-de-confidentialite\/","name":"Politique de confidentialit\u00e9 | Plymouth Brethren Christian Church","isPartOf":{"@id":"https:\/\/www.plymouthbrethrenchristianchurch.org\/#website"},"datePublished":"2020-05-21T15:42:21+00:00","dateModified":"2025-06-17T15:09:15+00:00","description":"Visit the Politique de confidentialit\u00e9 page on the website of the Plymouth Brethren Christian Church, a Christian fellowship based on the Holy Bible as the Word of God.","breadcrumb":{"@id":"https:\/\/www.plymouthbrethrenchristianchurch.org\/fr\/politique-de-confidentialite\/#breadcrumb"},"inLanguage":"fr-FR","potentialAction":[{"@type":"ReadAction","target":["https:\/\/www.plymouthbrethrenchristianchurch.org\/fr\/politique-de-confidentialite\/"]}]},{"@type":"BreadcrumbList","@id":"https:\/\/www.plymouthbrethrenchristianchurch.org\/fr\/politique-de-confidentialite\/#breadcrumb","itemListElement":[{"@type":"ListItem","position":1,"name":"Home","item":"https:\/\/www.plymouthbrethrenchristianchurch.org\/fr\/accueil\/"},{"@type":"ListItem","position":2,"name":"Politique de confidentialit\u00e9"}]},{"@type":"WebSite","@id":"https:\/\/www.plymouthbrethrenchristianchurch.org\/#website","url":"https:\/\/www.plymouthbrethrenchristianchurch.org\/","name":"Plymouth Brethren Christian Church","description":"","publisher":{"@id":"https:\/\/www.plymouthbrethrenchristianchurch.org\/#organization"},"potentialAction":[{"@type":"SearchAction","target":{"@type":"EntryPoint","urlTemplate":"https:\/\/www.plymouthbrethrenchristianchurch.org\/?s={search_term_string}"},"query-input":{"@type":"PropertyValueSpecification","valueRequired":true,"valueName":"search_term_string"}}],"inLanguage":"fr-FR"},{"@type":"Organization","@id":"https:\/\/www.plymouthbrethrenchristianchurch.org\/#organization","name":"Plymouth Brethren Christian Church","url":"https:\/\/www.plymouthbrethrenchristianchurch.org\/","logo":{"@type":"ImageObject","inLanguage":"fr-FR","@id":"https:\/\/www.plymouthbrethrenchristianchurch.org\/#\/schema\/logo\/image\/","url":"https:\/\/www.plymouthbrethrenchristianchurch.org\/wp-content\/uploads\/2020\/05\/site-logo.svg","contentUrl":"https:\/\/www.plymouthbrethrenchristianchurch.org\/wp-content\/uploads\/2020\/05\/site-logo.svg","caption":"Plymouth Brethren Christian Church"},"image":{"@id":"https:\/\/www.plymouthbrethrenchristianchurch.org\/#\/schema\/logo\/image\/"},"sameAs":["https:\/\/www.facebook.com\/PlymouthBrethrenChristianChurch","https:\/\/www.youtube.com\/channel\/UC76fGueDJBbLvhs988yTBXQ","https:\/\/www.pinterest.com.au\/plymouthbcc\/"]}]}},"_links":{"self":[{"href":"https:\/\/www.plymouthbrethrenchristianchurch.org\/fr\/wp-json\/wp\/v2\/pages\/2933"}],"collection":[{"href":"https:\/\/www.plymouthbrethrenchristianchurch.org\/fr\/wp-json\/wp\/v2\/pages"}],"about":[{"href":"https:\/\/www.plymouthbrethrenchristianchurch.org\/fr\/wp-json\/wp\/v2\/types\/page"}],"author":[{"embeddable":true,"href":"https:\/\/www.plymouthbrethrenchristianchurch.org\/fr\/wp-json\/wp\/v2\/users\/2"}],"replies":[{"embeddable":true,"href":"https:\/\/www.plymouthbrethrenchristianchurch.org\/fr\/wp-json\/wp\/v2\/comments?post=2933"}],"version-history":[{"count":2,"href":"https:\/\/www.plymouthbrethrenchristianchurch.org\/fr\/wp-json\/wp\/v2\/pages\/2933\/revisions"}],"predecessor-version":[{"id":8013,"href":"https:\/\/www.plymouthbrethrenchristianchurch.org\/fr\/wp-json\/wp\/v2\/pages\/2933\/revisions\/8013"}],"wp:attachment":[{"href":"https:\/\/www.plymouthbrethrenchristianchurch.org\/fr\/wp-json\/wp\/v2\/media?parent=2933"}],"curies":[{"name":"wp","href":"https:\/\/api.w.org\/{rel}","templated":true}]}}