{"id":2944,"date":"2020-05-22T02:01:23","date_gmt":"2020-05-21T16:01:23","guid":{"rendered":"https:\/\/www.plymouthbrethrenchristianchurch.org\/avertissement\/"},"modified":"2025-06-18T01:09:32","modified_gmt":"2025-06-17T15:09:32","slug":"avertissement","status":"publish","type":"page","link":"https:\/\/www.plymouthbrethrenchristianchurch.org\/fr\/avertissement\/","title":{"rendered":"Avertissement"},"content":{"rendered":"","protected":false},"excerpt":{"rendered":"","protected":false},"author":2,"featured_media":0,"parent":0,"menu_order":19,"comment_status":"closed","ping_status":"closed","template":"page-templates\/acf-flexible-content.php","meta":{"_acf_changed":false,"_relevanssi_hide_post":"","_relevanssi_hide_content":"","_relevanssi_pin_for_all":"","_relevanssi_pin_keywords":"","_relevanssi_unpin_keywords":"","_relevanssi_related_keywords":"","_relevanssi_related_include_ids":"","_relevanssi_related_exclude_ids":"","_relevanssi_related_no_append":"","_relevanssi_related_not_related":"","_relevanssi_related_posts":"","_relevanssi_noindex_reason":"","inline_featured_image":false,"footnotes":""},"class_list":["post-2944","page","type-page","status-publish","hentry"],"acf":{"post_page_video":"","content":[{"acf_fc_layout":"page_header_with_links","override_title":false,"custom_title":"Titre d\u2019essai","intro_text":"<p>Plymouth Brethren Christian Church ACN 158 542 075 Avertissement<\/p>\n","enable_button":true,"button":{"button_text":"","button_url":"","open_in_new_tab":false,"button_class":""},"link_source":"menu","select_a_menu":{"value":"41","label":"Contact"},"menu_title":"Liens","custom_links":false,"header_styles":{"":null,"background_colour":"#515151","background_image":1847,"text_colour":"white"},"row_class":""},{"acf_fc_layout":"module_section","row":[{"column_gap":"6","column":[{"module":[{"acf_fc_layout":"rich_media_block","image":false,"header":{"":null,"title":"","heading_level":"h2","header_styles":{"":null,"background_colour":"","background_image":false,"text_colour":"orange"},"make_separator":false},"content":"<p>1. Le site Web et le contenu sont fournis sur une base \u00ab tel quel \u00bb et \u00ab tel que disponible \u00bb. Le site Web et le Contenu peuvent \u00eatre modifi\u00e9s \u00e0 tout moment sans pr\u00e9avis.<\/p>\n<p>Bien que l\u2019\u00c9glise chr\u00e9tienne des Fr\u00e8res de Plymouth s\u2019efforce de s\u2019assurer que le site Web et le contenu sont \u00e0 jour et exacts, le site Web et le contenu peuvent contenir des erreurs.<\/p>\n<p>L\u2019\u00c9glise chr\u00e9tienne des Fr\u00e8res de Plymouth ne repr\u00e9sente pas que le site Web ou le Contenu est actuel, exact ou complet, ou qu\u2019il est appropri\u00e9 pour vos besoins sp\u00e9cifiques.<\/p>\n<p>L\u2019\u00c9glise chr\u00e9tienne des Fr\u00e8res de Plymouth n\u2019accepte aucune responsabilit\u00e9 de la part d\u2019une personne pour le site Web, le contenu ou toute autre information (ou l\u2019utilisation de ces informations) qui est fournie sur le site Web.<\/p>\n<p>2. L\u2019\u00c9glise chr\u00e9tienne des Fr\u00e8res de Plymouth ne justifie pas que le site Web soit fourni sans interruption, sans erreur et accessible de fa\u00e7on continue.<\/p>\n<p>L\u2019\u00c9glise chr\u00e9tienne des Fr\u00e8res de Plymouth se r\u00e9serve le droit de r\u00e9viser le site Web et le Contenu, et de limiter l\u2019acc\u00e8s au site Web et au Contenu \u00e0 tout moment ou de cesser de fournir.<\/p>\n<p>Des interruptions peuvent \u00e9galement se produire pour faciliter la maintenance du site Web, les mises \u00e0 jour ou pour d\u2019autres raisons.<\/p>\n<p>3. L\u2019\u00c9glise chr\u00e9tienne des Fr\u00e8res de Plymouth ne garantit pas la livraison des communications sur Internet, car celles-ci s\u2019appuient sur des fournisseurs de services tiers.<\/p>\n<p>Les communications \u00e9lectroniques sont vuln\u00e9rables \u00e0 l\u2019interception et l\u2019\u00c9glise chr\u00e9tienne des Fr\u00e8res de Plymouth ne garantit pas la s\u00e9curit\u00e9 de ces communications ou la s\u00e9curit\u00e9 du site Web.<\/p>\n<p>L\u2019\u00c9glise chr\u00e9tienne des Fr\u00e8res de Plymouth ne justifie pas ou ne repr\u00e9sente pas que le site Web sera exempt de virus ou de d\u00e9fauts dans son fonctionnement ou sa conception.<\/p>\n<p>4. Pour des raisons de commodit\u00e9, le site Web peut contenir des liens vers d\u2019autres sites Web qui sont d\u00e9tenus et\/ou exploit\u00e9s par des tiers (Liens).<\/p>\n<p>Cependant, m\u00eame si le tiers est affili\u00e9 \u00e0 l\u2019\u00e9glise chr\u00e9tienne des Fr\u00e8res de Plymouth, l\u2019\u00c9glise chr\u00e9tienne des Fr\u00e8res de Plymouth n\u2019a aucun contr\u00f4le sur ces sites Web li\u00e9s, qui ont tous des conditions d\u2019utilisation distinctes et des pratiques de collecte de donn\u00e9es et de confidentialit\u00e9, ind\u00e9pendamment de l\u2019\u00c9glise chr\u00e9tienne des Fr\u00e8res de Plymouth.<\/p>\n<p>L\u2019\u00c9glise chr\u00e9tienne des Fr\u00e8res de Plymouth n\u2019a aucune responsabilit\u00e9 ou responsabilit\u00e9 pour les termes, les pratiques ou le contenu de ces sites Web li\u00e9s, et ne fait aucune repr\u00e9sentation ou garantie au sujet des produits ou services qu\u2019ils fournissent.<\/p>\n<p>Si vous choisissez d\u2019acc\u00e9der \u00e0 ces sites Web li\u00e9s, vous le faites \u00e0 vos propres risques. En outre, la pr\u00e9sence de Links n\u2019implique pas que l\u2019\u00c9glise chr\u00e9tienne des Fr\u00e8res de Plymouth parraine, approuve ou est affili\u00e9e \u00e0 ces sites Web li\u00e9s ou qu\u2019elle est associ\u00e9e \u00e0 celle-ci.<\/p>\n","enable_button":true,"button":{"button_text":"","button_url":"","open_in_new_tab":false,"button_class":""},"class":""}],"columns_sm":"8","columns_md":"none","columns_lg":"8"},{"module":false,"columns_sm":"4","columns_md":"none","columns_lg":"4"}],"row_class":"","module_padding":{"":null,"padding_top_xs":"","padding_bottom_xs":"","padding_left_xs":"","padding_right_xs":"","padding_top_md":"","padding_bottom_md":"","padding_left_md":"","padding_right_md":"","padding_top_lg":"","padding_bottom_lg":"","padding_left_lg":"","padding_right_lg":""},"module_margin":{"":null,"margin_top_xs":"","margin_bottom_xs":"","margin_left_xs":"","margin_right_xs":"","margin_top_md":"","margin_bottom_md":"","margin_left_md":"","margin_right_md":"","margin_top_lg":"","margin_bottom_lg":"","margin_left_lg":"","margin_right_lg":""}}],"section_heading":"","section_class":"","module_padding":{"":null,"padding_top_xs":"","padding_bottom_xs":"","padding_left_xs":"","padding_right_xs":"","padding_top_md":"","padding_bottom_md":"","padding_left_md":"","padding_right_md":"","padding_top_lg":"","padding_bottom_lg":"","padding_left_lg":"","padding_right_lg":""},"module_margin":{"":null,"margin_top_xs":"","margin_bottom_xs":"","margin_left_xs":"","margin_right_xs":"","margin_top_md":"","margin_bottom_md":"","margin_left_md":"","margin_right_md":"","margin_top_lg":"","margin_bottom_lg":"","margin_left_lg":"","margin_right_lg":""}}]},"yoast_head":"<!-- This site is optimized with the Yoast SEO plugin v25.2 - https:\/\/yoast.com\/wordpress\/plugins\/seo\/ -->\n<title>Avertissement | Plymouth Brethren Christian Church<\/title>\n<meta name=\"description\" content=\"Visit the Avertissement page on the website of the Plymouth Brethren Christian Church, a Christian fellowship based on the Holy Bible as the Word of God.\" \/>\n<meta name=\"robots\" content=\"index, follow, max-snippet:-1, max-image-preview:large, max-video-preview:-1\" \/>\n<link rel=\"canonical\" href=\"https:\/\/www.plymouthbrethrenchristianchurch.org\/fr\/avertissement\/\" \/>\n<meta property=\"og:locale\" content=\"fr_FR\" \/>\n<meta property=\"og:type\" content=\"article\" \/>\n<meta property=\"og:title\" content=\"Avertissement | Plymouth Brethren Christian Church\" \/>\n<meta property=\"og:description\" content=\"Visit the Avertissement page on the website of the Plymouth Brethren Christian Church, a Christian fellowship based on the Holy Bible as the Word of God.\" \/>\n<meta property=\"og:url\" content=\"https:\/\/www.plymouthbrethrenchristianchurch.org\/fr\/avertissement\/\" \/>\n<meta property=\"og:site_name\" content=\"Plymouth Brethren Christian Church\" \/>\n<meta property=\"article:publisher\" content=\"https:\/\/www.facebook.com\/PlymouthBrethrenChristianChurch\" \/>\n<meta property=\"article:modified_time\" content=\"2025-06-17T15:09:32+00:00\" \/>\n<meta name=\"twitter:card\" content=\"summary_large_image\" \/>\n<script type=\"application\/ld+json\" class=\"yoast-schema-graph\">{\"@context\":\"https:\/\/schema.org\",\"@graph\":[{\"@type\":\"WebPage\",\"@id\":\"https:\/\/www.plymouthbrethrenchristianchurch.org\/fr\/avertissement\/\",\"url\":\"https:\/\/www.plymouthbrethrenchristianchurch.org\/fr\/avertissement\/\",\"name\":\"Avertissement | Plymouth Brethren Christian Church\",\"isPartOf\":{\"@id\":\"https:\/\/www.plymouthbrethrenchristianchurch.org\/#website\"},\"datePublished\":\"2020-05-21T16:01:23+00:00\",\"dateModified\":\"2025-06-17T15:09:32+00:00\",\"description\":\"Visit the Avertissement page on the website of the Plymouth Brethren Christian Church, a Christian fellowship based on the Holy Bible as the Word of God.\",\"breadcrumb\":{\"@id\":\"https:\/\/www.plymouthbrethrenchristianchurch.org\/fr\/avertissement\/#breadcrumb\"},\"inLanguage\":\"fr-FR\",\"potentialAction\":[{\"@type\":\"ReadAction\",\"target\":[\"https:\/\/www.plymouthbrethrenchristianchurch.org\/fr\/avertissement\/\"]}]},{\"@type\":\"BreadcrumbList\",\"@id\":\"https:\/\/www.plymouthbrethrenchristianchurch.org\/fr\/avertissement\/#breadcrumb\",\"itemListElement\":[{\"@type\":\"ListItem\",\"position\":1,\"name\":\"Home\",\"item\":\"https:\/\/www.plymouthbrethrenchristianchurch.org\/fr\/accueil\/\"},{\"@type\":\"ListItem\",\"position\":2,\"name\":\"Avertissement\"}]},{\"@type\":\"WebSite\",\"@id\":\"https:\/\/www.plymouthbrethrenchristianchurch.org\/#website\",\"url\":\"https:\/\/www.plymouthbrethrenchristianchurch.org\/\",\"name\":\"Plymouth Brethren Christian Church\",\"description\":\"\",\"publisher\":{\"@id\":\"https:\/\/www.plymouthbrethrenchristianchurch.org\/#organization\"},\"potentialAction\":[{\"@type\":\"SearchAction\",\"target\":{\"@type\":\"EntryPoint\",\"urlTemplate\":\"https:\/\/www.plymouthbrethrenchristianchurch.org\/?s={search_term_string}\"},\"query-input\":{\"@type\":\"PropertyValueSpecification\",\"valueRequired\":true,\"valueName\":\"search_term_string\"}}],\"inLanguage\":\"fr-FR\"},{\"@type\":\"Organization\",\"@id\":\"https:\/\/www.plymouthbrethrenchristianchurch.org\/#organization\",\"name\":\"Plymouth Brethren Christian Church\",\"url\":\"https:\/\/www.plymouthbrethrenchristianchurch.org\/\",\"logo\":{\"@type\":\"ImageObject\",\"inLanguage\":\"fr-FR\",\"@id\":\"https:\/\/www.plymouthbrethrenchristianchurch.org\/#\/schema\/logo\/image\/\",\"url\":\"https:\/\/www.plymouthbrethrenchristianchurch.org\/wp-content\/uploads\/2020\/05\/site-logo.svg\",\"contentUrl\":\"https:\/\/www.plymouthbrethrenchristianchurch.org\/wp-content\/uploads\/2020\/05\/site-logo.svg\",\"caption\":\"Plymouth Brethren Christian Church\"},\"image\":{\"@id\":\"https:\/\/www.plymouthbrethrenchristianchurch.org\/#\/schema\/logo\/image\/\"},\"sameAs\":[\"https:\/\/www.facebook.com\/PlymouthBrethrenChristianChurch\",\"https:\/\/www.youtube.com\/channel\/UC76fGueDJBbLvhs988yTBXQ\",\"https:\/\/www.pinterest.com.au\/plymouthbcc\/\"]}]}<\/script>\n<!-- \/ Yoast SEO plugin. -->","yoast_head_json":{"title":"Avertissement | Plymouth Brethren Christian Church","description":"Visit the Avertissement page on the website of the Plymouth Brethren Christian Church, a Christian fellowship based on the Holy Bible as the Word of God.","robots":{"index":"index","follow":"follow","max-snippet":"max-snippet:-1","max-image-preview":"max-image-preview:large","max-video-preview":"max-video-preview:-1"},"canonical":"https:\/\/www.plymouthbrethrenchristianchurch.org\/fr\/avertissement\/","og_locale":"fr_FR","og_type":"article","og_title":"Avertissement | Plymouth Brethren Christian Church","og_description":"Visit the Avertissement page on the website of the Plymouth Brethren Christian Church, a Christian fellowship based on the Holy Bible as the Word of God.","og_url":"https:\/\/www.plymouthbrethrenchristianchurch.org\/fr\/avertissement\/","og_site_name":"Plymouth Brethren Christian Church","article_publisher":"https:\/\/www.facebook.com\/PlymouthBrethrenChristianChurch","article_modified_time":"2025-06-17T15:09:32+00:00","twitter_card":"summary_large_image","schema":{"@context":"https:\/\/schema.org","@graph":[{"@type":"WebPage","@id":"https:\/\/www.plymouthbrethrenchristianchurch.org\/fr\/avertissement\/","url":"https:\/\/www.plymouthbrethrenchristianchurch.org\/fr\/avertissement\/","name":"Avertissement | Plymouth Brethren Christian Church","isPartOf":{"@id":"https:\/\/www.plymouthbrethrenchristianchurch.org\/#website"},"datePublished":"2020-05-21T16:01:23+00:00","dateModified":"2025-06-17T15:09:32+00:00","description":"Visit the Avertissement page on the website of the Plymouth Brethren Christian Church, a Christian fellowship based on the Holy Bible as the Word of God.","breadcrumb":{"@id":"https:\/\/www.plymouthbrethrenchristianchurch.org\/fr\/avertissement\/#breadcrumb"},"inLanguage":"fr-FR","potentialAction":[{"@type":"ReadAction","target":["https:\/\/www.plymouthbrethrenchristianchurch.org\/fr\/avertissement\/"]}]},{"@type":"BreadcrumbList","@id":"https:\/\/www.plymouthbrethrenchristianchurch.org\/fr\/avertissement\/#breadcrumb","itemListElement":[{"@type":"ListItem","position":1,"name":"Home","item":"https:\/\/www.plymouthbrethrenchristianchurch.org\/fr\/accueil\/"},{"@type":"ListItem","position":2,"name":"Avertissement"}]},{"@type":"WebSite","@id":"https:\/\/www.plymouthbrethrenchristianchurch.org\/#website","url":"https:\/\/www.plymouthbrethrenchristianchurch.org\/","name":"Plymouth Brethren Christian Church","description":"","publisher":{"@id":"https:\/\/www.plymouthbrethrenchristianchurch.org\/#organization"},"potentialAction":[{"@type":"SearchAction","target":{"@type":"EntryPoint","urlTemplate":"https:\/\/www.plymouthbrethrenchristianchurch.org\/?s={search_term_string}"},"query-input":{"@type":"PropertyValueSpecification","valueRequired":true,"valueName":"search_term_string"}}],"inLanguage":"fr-FR"},{"@type":"Organization","@id":"https:\/\/www.plymouthbrethrenchristianchurch.org\/#organization","name":"Plymouth Brethren Christian Church","url":"https:\/\/www.plymouthbrethrenchristianchurch.org\/","logo":{"@type":"ImageObject","inLanguage":"fr-FR","@id":"https:\/\/www.plymouthbrethrenchristianchurch.org\/#\/schema\/logo\/image\/","url":"https:\/\/www.plymouthbrethrenchristianchurch.org\/wp-content\/uploads\/2020\/05\/site-logo.svg","contentUrl":"https:\/\/www.plymouthbrethrenchristianchurch.org\/wp-content\/uploads\/2020\/05\/site-logo.svg","caption":"Plymouth Brethren Christian Church"},"image":{"@id":"https:\/\/www.plymouthbrethrenchristianchurch.org\/#\/schema\/logo\/image\/"},"sameAs":["https:\/\/www.facebook.com\/PlymouthBrethrenChristianChurch","https:\/\/www.youtube.com\/channel\/UC76fGueDJBbLvhs988yTBXQ","https:\/\/www.pinterest.com.au\/plymouthbcc\/"]}]}},"_links":{"self":[{"href":"https:\/\/www.plymouthbrethrenchristianchurch.org\/fr\/wp-json\/wp\/v2\/pages\/2944"}],"collection":[{"href":"https:\/\/www.plymouthbrethrenchristianchurch.org\/fr\/wp-json\/wp\/v2\/pages"}],"about":[{"href":"https:\/\/www.plymouthbrethrenchristianchurch.org\/fr\/wp-json\/wp\/v2\/types\/page"}],"author":[{"embeddable":true,"href":"https:\/\/www.plymouthbrethrenchristianchurch.org\/fr\/wp-json\/wp\/v2\/users\/2"}],"replies":[{"embeddable":true,"href":"https:\/\/www.plymouthbrethrenchristianchurch.org\/fr\/wp-json\/wp\/v2\/comments?post=2944"}],"version-history":[{"count":2,"href":"https:\/\/www.plymouthbrethrenchristianchurch.org\/fr\/wp-json\/wp\/v2\/pages\/2944\/revisions"}],"predecessor-version":[{"id":8025,"href":"https:\/\/www.plymouthbrethrenchristianchurch.org\/fr\/wp-json\/wp\/v2\/pages\/2944\/revisions\/8025"}],"wp:attachment":[{"href":"https:\/\/www.plymouthbrethrenchristianchurch.org\/fr\/wp-json\/wp\/v2\/media?parent=2944"}],"curies":[{"name":"wp","href":"https:\/\/api.w.org\/{rel}","templated":true}]}}