{"id":2947,"date":"2020-05-22T01:51:23","date_gmt":"2020-05-21T15:51:23","guid":{"rendered":"https:\/\/www.plymouthbrethrenchristianchurch.org\/strategie-des-cookies\/"},"modified":"2025-06-18T01:09:23","modified_gmt":"2025-06-17T15:09:23","slug":"strategie-des-cookies","status":"publish","type":"page","link":"https:\/\/www.plymouthbrethrenchristianchurch.org\/fr\/strategie-des-cookies\/","title":{"rendered":"Strat\u00e9gie des cookies"},"content":{"rendered":"","protected":false},"excerpt":{"rendered":"","protected":false},"author":2,"featured_media":0,"parent":0,"menu_order":18,"comment_status":"closed","ping_status":"closed","template":"page-templates\/acf-flexible-content.php","meta":{"_acf_changed":false,"_relevanssi_hide_post":"","_relevanssi_hide_content":"","_relevanssi_pin_for_all":"","_relevanssi_pin_keywords":"","_relevanssi_unpin_keywords":"","_relevanssi_related_keywords":"","_relevanssi_related_include_ids":"","_relevanssi_related_exclude_ids":"","_relevanssi_related_no_append":"","_relevanssi_related_not_related":"","_relevanssi_related_posts":"","_relevanssi_noindex_reason":"","inline_featured_image":false,"footnotes":""},"class_list":["post-2947","page","type-page","status-publish","hentry"],"acf":{"post_page_video":"","content":[{"acf_fc_layout":"page_header_with_links","override_title":false,"custom_title":"Titre d\u2019essai","intro_text":"<p>Plymouth Brethren Christian Church ACN 158 542 075 Cookies Politique<\/p>\n","enable_button":true,"button":{"button_text":"","button_url":"","open_in_new_tab":false,"button_class":""},"link_source":"menu","select_a_menu":{"value":"41","label":"Contact"},"menu_title":"Liens","custom_links":false,"header_styles":{"":null,"background_colour":"#515151","background_image":1847,"text_colour":"white"},"row_class":""},{"acf_fc_layout":"module_section","row":[{"column_gap":"6","column":[{"module":[{"acf_fc_layout":"rich_media_block","image":false,"header":{"":null,"title":"","heading_level":"h2","header_styles":{"":null,"background_colour":"","background_image":false,"text_colour":"orange"},"make_separator":false},"content":"<p><strong>Comme d\u2019autres sites Web, notre site Web www.plymouthbrethrenchristianchurch.org (le \u00ab site Web \u00bb) utilise une technologie appel\u00e9e \u00ab cookies \u00bb et des journaux de serveurs Web pour recueillir des informations sur la fa\u00e7on dont notre site Web est utilis\u00e9.<\/strong><\/p>\n<p>Cette politique (\u00ab Politique sur les cookies \u00bb), et nos conditions d\u2019utilisation distinctes et notre politique de confidentialit\u00e9, constituent notre site Web \u00ab Conditions g\u00e9n\u00e9rales \u00bb.<\/p>\n<p><strong>Cookies<\/strong><\/p>\n<p>1. Un cookie est un tr\u00e8s petit document texte, qui comprend souvent un identificateur unique anonyme. Lorsque vous visitez un site Web, l\u2019ordinateur de ce site demande \u00e0 votre ordinateur la permission de stocker ce fichier dans une partie de votre disque dur sp\u00e9cifiquement destin\u00e9 aux cookies.<\/p>\n<p>2. Les informations recueillies par le biais de cookies et de journaux de serveurs Web peuvent inclure la date et l\u2019heure des visites, les pages consult\u00e9es, le temps pass\u00e9 sur notre site Web et les sites Web visit\u00e9s juste avant et juste apr\u00e8s notre site Web.<\/p>\n<p>3. Pour plus de d\u00e9tails sur les cookies s\u2019il vous pla\u00eet visitez www.allaboutcookies.org o\u00f9 vous pouvez trouver des informations compl\u00e8tes sur la restriction des cookies et le blocage pour une grande vari\u00e9t\u00e9 de navigateurs.<\/p>\n<p><strong>Comment nous utilisons les cookies<\/strong><\/p>\n<p>1.We utilisent \u00e0 la fois les cookies de premi\u00e8re partie et de tiers. Autrement dit, nous et des entreprises tierces (par exemple, Google) avons \u00e9tabli des cookies via ce site Web.<\/p>\n<p>2. Nous utilisons des cookies \u00ab nalytiqu \u00bb qui, en conjonction avec les fichiers journaux de notre serveur Web, nous permettent de calculer le nombre total de personnes visitant notre site Web et quelles parties du site Web sont les plus populaires. Cela nous aide \u00e0 recueillir des commentaires afin que nous puissions am\u00e9liorer notre site Web et mieux servir nos utilisateurs et nos clients.<\/p>\n<p>3. Nous ne stockons g\u00e9n\u00e9ralement pas de renseignements personnels qui sont recueillis via nos cookies.<\/p>\n<p>4. Une liste compl\u00e8te de nos cookies peut \u00eatre trouv\u00e9e ci-dessous.<\/p>\n<p>En utilisant notre site Web, vous \u00eates r\u00e9put\u00e9 consentir \u00e0 notre utilisation des cookies d\u00e9crits ci-dessus.<\/p>\n<p><strong>Refuser les cookies<\/strong><\/p>\n<p>1. Vous pouvez bloquer les cookies en activant le param\u00e8tre de votre navigateur, ce qui vous permet de refuser le r\u00e9glage de tous les cookies ou de certains cookies (voir ci-dessous pour plus de d\u00e9tails). Veuillez noter que si vous utilisez les param\u00e8tres de votre navigateur pour bloquer tous les cookies (y compris les cookies essentiels), vous ne pourrez peut-\u00eatre pas acc\u00e9der \u00e0 tout ou \u00e0 une partie de notre site Web.<\/p>\n<p>2. Vous pouvez \u00e9galement supprimer des cookies \u00e0 tout moment en allant aux param\u00e8tres de navigation de votre navigateur Web.<\/p>\n<p>3. Pour plus de d\u00e9tails sur la fa\u00e7on d\u2019ajuster vos param\u00e8tres de cookie dans les navigateurs suivants, veuillez visiter le lien pertinent :<\/p>\n<ul>\n<li><a href=\"https:\/\/support.google.com\/chrome\/answer\/95647?hl=en\">Google Chrome<\/a><\/li>\n<li><a href=\"https:\/\/support.microsoft.com\/en-au\/help\/4468242\/microsoft-edge-browsing-data-and-privacy\">Microsoft Edge<\/a><\/li>\n<li><a href=\"https:\/\/support.mozilla.org\/en-US\/kb\/cookies-information-websites-store-on-your-computer?redirectlocale=en-US&#038;redirectslug=Cookies\">Firefox<\/a><\/li>\n<li><a href=\"https:\/\/support.apple.com\/en-au\/guide\/safari\/sfri11471\/mac\">Safari<\/a><\/li>\n<li><a href=\"https:\/\/support.microsoft.com\/en-us\/help\/17442\/windows-internet-explorer-delete-manage-cookies\">Internet Explorer<\/a> (veuillez noter que Microsoft vous recommande de mettre \u00e0 niveau Internet Explorer vers son nouveau navigateur, Microsoft Edge)<\/li>\n<\/ul>\n<p><strong>Nos cookies<\/strong><\/p>\n<p>Voici une liste des cookies que nous utilisons, leur but et combien de temps ils resteront sur votre ordinateur (sauf si vous les supprimez activement plus t\u00f4t).<\/p>\n<ul>\n<li>Nom de Cookie<\/li>\n<li>But \u2013 pourquoi nous ou des tiers fixons le cookie et ce que nous faisons avec les informations recueillies<\/li>\n<li>Dur\u00e9e \u2013 Dur\u00e9e de stockage des cookies sur votre ordinateur<\/li>\n<\/ul>\n<p>1. Google Analytics<\/p>\n<p>Les cookies Google Analytics sont utilis\u00e9s pour diff\u00e9rencier un utilisateur d\u2019un autre et pour transmettre des informations d\u2019une page \u00e0 l\u2019autre lors de la session du site Web d\u2019un seul utilisateur. Google Analytics tracking (et la plupart des logiciels de suivi web) utilise des cookies afin de fournir des rapports significatifs sur les visiteurs de notre site. Toutefois, les cookies Google Analytics ne recueillent pas de donn\u00e9es personnelles sur les visiteurs de notre site Web.<\/p>\n<p>Les cookies de session ont un intervalle d\u2019expiration de 30 minutes. Toutefois, les cookies utilis\u00e9s pour d\u00e9terminer les visiteurs uniques de notre site expirent 2 ans apr\u00e8s l\u2019ensemble\/mise \u00e0 jour<\/p>\n","enable_button":true,"button":{"button_text":"","button_url":"","open_in_new_tab":false,"button_class":""},"class":""}],"columns_sm":"8","columns_md":"none","columns_lg":"8"},{"module":false,"columns_sm":"4","columns_md":"none","columns_lg":"4"}],"row_class":"","module_padding":{"":null,"padding_top_xs":"","padding_bottom_xs":"","padding_left_xs":"","padding_right_xs":"","padding_top_md":"","padding_bottom_md":"","padding_left_md":"","padding_right_md":"","padding_top_lg":"","padding_bottom_lg":"","padding_left_lg":"","padding_right_lg":""},"module_margin":{"":null,"margin_top_xs":"","margin_bottom_xs":"","margin_left_xs":"","margin_right_xs":"","margin_top_md":"","margin_bottom_md":"","margin_left_md":"","margin_right_md":"","margin_top_lg":"","margin_bottom_lg":"","margin_left_lg":"","margin_right_lg":""}}],"section_heading":"","section_class":"","module_padding":{"":null,"padding_top_xs":"","padding_bottom_xs":"","padding_left_xs":"","padding_right_xs":"","padding_top_md":"","padding_bottom_md":"","padding_left_md":"","padding_right_md":"","padding_top_lg":"","padding_bottom_lg":"","padding_left_lg":"","padding_right_lg":""},"module_margin":{"":null,"margin_top_xs":"","margin_bottom_xs":"","margin_left_xs":"","margin_right_xs":"","margin_top_md":"","margin_bottom_md":"","margin_left_md":"","margin_right_md":"","margin_top_lg":"","margin_bottom_lg":"","margin_left_lg":"","margin_right_lg":""}}]},"yoast_head":"<!-- This site is optimized with the Yoast SEO plugin v25.2 - https:\/\/yoast.com\/wordpress\/plugins\/seo\/ -->\n<title>Strat\u00e9gie des cookies | Plymouth Brethren Christian Church<\/title>\n<meta name=\"description\" content=\"Visit the Strat\u00e9gie des cookies page on the website of the Plymouth Brethren Christian Church, a Christian fellowship based on the Holy Bible as the Word of God.\" \/>\n<meta name=\"robots\" content=\"index, follow, max-snippet:-1, max-image-preview:large, max-video-preview:-1\" \/>\n<link rel=\"canonical\" href=\"https:\/\/www.plymouthbrethrenchristianchurch.org\/fr\/strategie-des-cookies\/\" \/>\n<meta property=\"og:locale\" content=\"fr_FR\" \/>\n<meta property=\"og:type\" content=\"article\" \/>\n<meta property=\"og:title\" content=\"Strat\u00e9gie des cookies | Plymouth Brethren Christian Church\" \/>\n<meta property=\"og:description\" content=\"Visit the Strat\u00e9gie des cookies page on the website of the Plymouth Brethren Christian Church, a Christian fellowship based on the Holy Bible as the Word of God.\" \/>\n<meta property=\"og:url\" content=\"https:\/\/www.plymouthbrethrenchristianchurch.org\/fr\/strategie-des-cookies\/\" \/>\n<meta property=\"og:site_name\" content=\"Plymouth Brethren Christian Church\" \/>\n<meta property=\"article:publisher\" content=\"https:\/\/www.facebook.com\/PlymouthBrethrenChristianChurch\" \/>\n<meta property=\"article:modified_time\" content=\"2025-06-17T15:09:23+00:00\" \/>\n<meta name=\"twitter:card\" content=\"summary_large_image\" \/>\n<script type=\"application\/ld+json\" class=\"yoast-schema-graph\">{\"@context\":\"https:\/\/schema.org\",\"@graph\":[{\"@type\":\"WebPage\",\"@id\":\"https:\/\/www.plymouthbrethrenchristianchurch.org\/fr\/strategie-des-cookies\/\",\"url\":\"https:\/\/www.plymouthbrethrenchristianchurch.org\/fr\/strategie-des-cookies\/\",\"name\":\"Strat\u00e9gie des cookies | Plymouth Brethren Christian Church\",\"isPartOf\":{\"@id\":\"https:\/\/www.plymouthbrethrenchristianchurch.org\/#website\"},\"datePublished\":\"2020-05-21T15:51:23+00:00\",\"dateModified\":\"2025-06-17T15:09:23+00:00\",\"description\":\"Visit the Strat\u00e9gie des cookies page on the website of the Plymouth Brethren Christian Church, a Christian fellowship based on the Holy Bible as the Word of God.\",\"breadcrumb\":{\"@id\":\"https:\/\/www.plymouthbrethrenchristianchurch.org\/fr\/strategie-des-cookies\/#breadcrumb\"},\"inLanguage\":\"fr-FR\",\"potentialAction\":[{\"@type\":\"ReadAction\",\"target\":[\"https:\/\/www.plymouthbrethrenchristianchurch.org\/fr\/strategie-des-cookies\/\"]}]},{\"@type\":\"BreadcrumbList\",\"@id\":\"https:\/\/www.plymouthbrethrenchristianchurch.org\/fr\/strategie-des-cookies\/#breadcrumb\",\"itemListElement\":[{\"@type\":\"ListItem\",\"position\":1,\"name\":\"Home\",\"item\":\"https:\/\/www.plymouthbrethrenchristianchurch.org\/fr\/accueil\/\"},{\"@type\":\"ListItem\",\"position\":2,\"name\":\"Strat\u00e9gie des cookies\"}]},{\"@type\":\"WebSite\",\"@id\":\"https:\/\/www.plymouthbrethrenchristianchurch.org\/#website\",\"url\":\"https:\/\/www.plymouthbrethrenchristianchurch.org\/\",\"name\":\"Plymouth Brethren Christian Church\",\"description\":\"\",\"publisher\":{\"@id\":\"https:\/\/www.plymouthbrethrenchristianchurch.org\/#organization\"},\"potentialAction\":[{\"@type\":\"SearchAction\",\"target\":{\"@type\":\"EntryPoint\",\"urlTemplate\":\"https:\/\/www.plymouthbrethrenchristianchurch.org\/?s={search_term_string}\"},\"query-input\":{\"@type\":\"PropertyValueSpecification\",\"valueRequired\":true,\"valueName\":\"search_term_string\"}}],\"inLanguage\":\"fr-FR\"},{\"@type\":\"Organization\",\"@id\":\"https:\/\/www.plymouthbrethrenchristianchurch.org\/#organization\",\"name\":\"Plymouth Brethren Christian Church\",\"url\":\"https:\/\/www.plymouthbrethrenchristianchurch.org\/\",\"logo\":{\"@type\":\"ImageObject\",\"inLanguage\":\"fr-FR\",\"@id\":\"https:\/\/www.plymouthbrethrenchristianchurch.org\/#\/schema\/logo\/image\/\",\"url\":\"https:\/\/www.plymouthbrethrenchristianchurch.org\/wp-content\/uploads\/2020\/05\/site-logo.svg\",\"contentUrl\":\"https:\/\/www.plymouthbrethrenchristianchurch.org\/wp-content\/uploads\/2020\/05\/site-logo.svg\",\"caption\":\"Plymouth Brethren Christian Church\"},\"image\":{\"@id\":\"https:\/\/www.plymouthbrethrenchristianchurch.org\/#\/schema\/logo\/image\/\"},\"sameAs\":[\"https:\/\/www.facebook.com\/PlymouthBrethrenChristianChurch\",\"https:\/\/www.youtube.com\/channel\/UC76fGueDJBbLvhs988yTBXQ\",\"https:\/\/www.pinterest.com.au\/plymouthbcc\/\"]}]}<\/script>\n<!-- \/ Yoast SEO plugin. -->","yoast_head_json":{"title":"Strat\u00e9gie des cookies | Plymouth Brethren Christian Church","description":"Visit the Strat\u00e9gie des cookies page on the website of the Plymouth Brethren Christian Church, a Christian fellowship based on the Holy Bible as the Word of God.","robots":{"index":"index","follow":"follow","max-snippet":"max-snippet:-1","max-image-preview":"max-image-preview:large","max-video-preview":"max-video-preview:-1"},"canonical":"https:\/\/www.plymouthbrethrenchristianchurch.org\/fr\/strategie-des-cookies\/","og_locale":"fr_FR","og_type":"article","og_title":"Strat\u00e9gie des cookies | Plymouth Brethren Christian Church","og_description":"Visit the Strat\u00e9gie des cookies page on the website of the Plymouth Brethren Christian Church, a Christian fellowship based on the Holy Bible as the Word of God.","og_url":"https:\/\/www.plymouthbrethrenchristianchurch.org\/fr\/strategie-des-cookies\/","og_site_name":"Plymouth Brethren Christian Church","article_publisher":"https:\/\/www.facebook.com\/PlymouthBrethrenChristianChurch","article_modified_time":"2025-06-17T15:09:23+00:00","twitter_card":"summary_large_image","schema":{"@context":"https:\/\/schema.org","@graph":[{"@type":"WebPage","@id":"https:\/\/www.plymouthbrethrenchristianchurch.org\/fr\/strategie-des-cookies\/","url":"https:\/\/www.plymouthbrethrenchristianchurch.org\/fr\/strategie-des-cookies\/","name":"Strat\u00e9gie des cookies | Plymouth Brethren Christian Church","isPartOf":{"@id":"https:\/\/www.plymouthbrethrenchristianchurch.org\/#website"},"datePublished":"2020-05-21T15:51:23+00:00","dateModified":"2025-06-17T15:09:23+00:00","description":"Visit the Strat\u00e9gie des cookies page on the website of the Plymouth Brethren Christian Church, a Christian fellowship based on the Holy Bible as the Word of God.","breadcrumb":{"@id":"https:\/\/www.plymouthbrethrenchristianchurch.org\/fr\/strategie-des-cookies\/#breadcrumb"},"inLanguage":"fr-FR","potentialAction":[{"@type":"ReadAction","target":["https:\/\/www.plymouthbrethrenchristianchurch.org\/fr\/strategie-des-cookies\/"]}]},{"@type":"BreadcrumbList","@id":"https:\/\/www.plymouthbrethrenchristianchurch.org\/fr\/strategie-des-cookies\/#breadcrumb","itemListElement":[{"@type":"ListItem","position":1,"name":"Home","item":"https:\/\/www.plymouthbrethrenchristianchurch.org\/fr\/accueil\/"},{"@type":"ListItem","position":2,"name":"Strat\u00e9gie des cookies"}]},{"@type":"WebSite","@id":"https:\/\/www.plymouthbrethrenchristianchurch.org\/#website","url":"https:\/\/www.plymouthbrethrenchristianchurch.org\/","name":"Plymouth Brethren Christian Church","description":"","publisher":{"@id":"https:\/\/www.plymouthbrethrenchristianchurch.org\/#organization"},"potentialAction":[{"@type":"SearchAction","target":{"@type":"EntryPoint","urlTemplate":"https:\/\/www.plymouthbrethrenchristianchurch.org\/?s={search_term_string}"},"query-input":{"@type":"PropertyValueSpecification","valueRequired":true,"valueName":"search_term_string"}}],"inLanguage":"fr-FR"},{"@type":"Organization","@id":"https:\/\/www.plymouthbrethrenchristianchurch.org\/#organization","name":"Plymouth Brethren Christian Church","url":"https:\/\/www.plymouthbrethrenchristianchurch.org\/","logo":{"@type":"ImageObject","inLanguage":"fr-FR","@id":"https:\/\/www.plymouthbrethrenchristianchurch.org\/#\/schema\/logo\/image\/","url":"https:\/\/www.plymouthbrethrenchristianchurch.org\/wp-content\/uploads\/2020\/05\/site-logo.svg","contentUrl":"https:\/\/www.plymouthbrethrenchristianchurch.org\/wp-content\/uploads\/2020\/05\/site-logo.svg","caption":"Plymouth Brethren Christian Church"},"image":{"@id":"https:\/\/www.plymouthbrethrenchristianchurch.org\/#\/schema\/logo\/image\/"},"sameAs":["https:\/\/www.facebook.com\/PlymouthBrethrenChristianChurch","https:\/\/www.youtube.com\/channel\/UC76fGueDJBbLvhs988yTBXQ","https:\/\/www.pinterest.com.au\/plymouthbcc\/"]}]}},"_links":{"self":[{"href":"https:\/\/www.plymouthbrethrenchristianchurch.org\/fr\/wp-json\/wp\/v2\/pages\/2947"}],"collection":[{"href":"https:\/\/www.plymouthbrethrenchristianchurch.org\/fr\/wp-json\/wp\/v2\/pages"}],"about":[{"href":"https:\/\/www.plymouthbrethrenchristianchurch.org\/fr\/wp-json\/wp\/v2\/types\/page"}],"author":[{"embeddable":true,"href":"https:\/\/www.plymouthbrethrenchristianchurch.org\/fr\/wp-json\/wp\/v2\/users\/2"}],"replies":[{"embeddable":true,"href":"https:\/\/www.plymouthbrethrenchristianchurch.org\/fr\/wp-json\/wp\/v2\/comments?post=2947"}],"version-history":[{"count":2,"href":"https:\/\/www.plymouthbrethrenchristianchurch.org\/fr\/wp-json\/wp\/v2\/pages\/2947\/revisions"}],"predecessor-version":[{"id":8019,"href":"https:\/\/www.plymouthbrethrenchristianchurch.org\/fr\/wp-json\/wp\/v2\/pages\/2947\/revisions\/8019"}],"wp:attachment":[{"href":"https:\/\/www.plymouthbrethrenchristianchurch.org\/fr\/wp-json\/wp\/v2\/media?parent=2947"}],"curies":[{"name":"wp","href":"https:\/\/api.w.org\/{rel}","templated":true}]}}