{"id":2960,"date":"2020-03-31T07:08:22","date_gmt":"2020-03-30T21:08:22","guid":{"rendered":"https:\/\/www.plymouthbrethrenchristianchurch.org\/accueil\/"},"modified":"2025-09-19T09:23:05","modified_gmt":"2025-09-18T23:23:05","slug":"accueil","status":"publish","type":"page","link":"https:\/\/www.plymouthbrethrenchristianchurch.org\/fr\/","title":{"rendered":"Accueil"},"content":{"rendered":"","protected":false},"excerpt":{"rendered":"","protected":false},"author":1,"featured_media":0,"parent":0,"menu_order":1,"comment_status":"closed","ping_status":"closed","template":"page-templates\/acf-flexible-content.php","meta":{"_acf_changed":false,"_relevanssi_hide_post":"","_relevanssi_hide_content":"","_relevanssi_pin_for_all":"","_relevanssi_pin_keywords":"","_relevanssi_unpin_keywords":"","_relevanssi_related_keywords":"","_relevanssi_related_include_ids":"","_relevanssi_related_exclude_ids":"","_relevanssi_related_no_append":"","_relevanssi_related_not_related":"","_relevanssi_related_posts":"","_relevanssi_noindex_reason":"","inline_featured_image":false,"footnotes":""},"class_list":["post-2960","page","type-page","status-publish","hentry"],"acf":{"post_page_video":"","content":[{"acf_fc_layout":"image_slider","slider_id":3378},{"acf_fc_layout":"module_section","row":[{"column_gap":"4","column":[{"module":[{"acf_fc_layout":"rich_media_block","image":false,"header":{"":null,"title":"","heading_level":"h2","header_styles":{"":null,"background_colour":"","background_image":false,"text_colour":"white"},"make_separator":false},"content":"<p>Fond\u00e9e il y a environ 200 ans, l\u2019\u00e9glise chr\u00e9tienne des Fr\u00e8res de Plymouth (PBCC) a \u00e9t\u00e9 fond\u00e9e par John Nelson Darby, l\u2019un des penseurs protestants les plus influents du 19\u00e8me si\u00e8cle.<\/p>\n<p>Aujourd\u2019hui, nous comptons un peu plus de 55 000 membres dans notre communaut\u00e9. Nous vivons dans des maisons ordinaires dans des rues ordinaires, dans des villes d\u2019Australie, de Nouvelle-Z\u00e9lande, d\u2019Europe, d\u2019Am\u00e9rique du Nord et du Sud, des Cara\u00efbes et du Royaume-Uni. <\/p>\n<p>Nos membres exploitent leur propre entreprise, ach\u00e8tent des maisons, magasinent localement, font du b\u00e9n\u00e9volat et font du travail caritatif, paient des imp\u00f4ts et emploient de nombreuses personnes \u00e0 l\u2019int\u00e9rieur et \u00e0 l\u2019ext\u00e9rieur de notre communaut\u00e9.<\/p>\n<p>Au fil des ans, nous avons d\u00fb nous adapter. Nous utilisons la technologie pour des raisons commerciales, \u00e9ducatives et domestiques. <\/p>\n<p>\u00a0<\/p>\n","enable_button":true,"button":{"button_text":"Rencontrez les personnes qui composent notre communaut\u00e9","button_url":{"title":"","url":"https:\/\/www.plymouthbrethrenchristianchurch.org\/home\/our-members\/","target":""},"open_in_new_tab":false,"button_class":""},"class":""}],"columns_sm":"12","columns_md":"12","columns_lg":"8"},{"module":[{"acf_fc_layout":"image_module","header":{"":null,"title":"","heading_level":"h2","header_styles":{"":null,"background_colour":"","background_image":false,"text_colour":"white"},"make_separator":false},"image":6666,"class":"","image_size":"large"}],"columns_sm":"12","columns_md":"12","columns_lg":"4"}],"row_class":"pt-1","module_padding":{"":null,"padding_top_xs":"","padding_bottom_xs":"","padding_left_xs":"","padding_right_xs":"","padding_top_md":"","padding_bottom_md":"","padding_left_md":"","padding_right_md":"","padding_top_lg":"","padding_bottom_lg":"","padding_left_lg":"","padding_right_lg":""},"module_margin":{"":null,"margin_top_xs":"","margin_bottom_xs":"","margin_left_xs":"","margin_right_xs":"","margin_top_md":"","margin_bottom_md":"","margin_left_md":"","margin_right_md":"","margin_top_lg":"","margin_bottom_lg":"","margin_left_lg":"","margin_right_lg":""}}],"section_heading":"Qui sommes-nous","section_class":"","module_padding":{"":null,"padding_top_xs":"","padding_bottom_xs":"","padding_left_xs":"","padding_right_xs":"","padding_top_md":"","padding_bottom_md":"","padding_left_md":"","padding_right_md":"","padding_top_lg":"0","padding_bottom_lg":"0","padding_left_lg":"","padding_right_lg":""},"module_margin":{"":null,"margin_top_xs":"","margin_bottom_xs":"","margin_left_xs":"","margin_right_xs":"","margin_top_md":"","margin_bottom_md":"","margin_left_md":"","margin_right_md":"","margin_top_lg":"","margin_bottom_lg":"","margin_left_lg":"","margin_right_lg":""}},{"acf_fc_layout":"article_grid_with_navigation_heading","heading":"Nouvelles","sub_heading":"","per_page":"6","columns":"3","include_categories":false,"exclude_categories":false,"enable_pagination":true,"background_image":"https:\/\/www.plymouthbrethrenchristianchurch.org\/wp-content\/uploads\/2025\/08\/FooterMap_v2.png","background_color":"#1b2327","heading_colour":"--color-bravo","sub_heading_colour":"--color-bravo","navigation_arrow_colour":"--color-bravo","post_type":"post","display_type":"slider","row_classes":""},{"acf_fc_layout":"content_grid_1_2","section_title":"Faites connaissance avec notre communaut\u00e9","content_row":[{"content_title":"Nous nous soucions de nos voisins et de ceux qui sont dans le besoin","content_body":"<p><span class=\"TextRun SCXW2313937 BCX8\" lang=\"EN-US\" data-contrast=\"auto\" xml:lang=\"EN-US\"><span class=\"NormalTextRun SCXW2313937 BCX8\">Au c\u0153ur de notre <\/span><span class=\"NormalTextRun SCXW2313937 BCX8\">communaut\u00e9<\/span><span class=\"NormalTextRun SCXW2313937 BCX8\"><\/span><span class=\"NormalTextRun SCXW2313937 BCX8\">  est un engagement envers l\u2019attention et la compassion. Nous consacrons notre temps au b\u00e9n\u00e9volat par l\u2019interm\u00e9diaire de notre branche caritative, le   <\/span><\/span><a class=\"Hyperlink SCXW2313937 BCX8\" href=\"http:\/\/www.rrtglobal.org\/\" target=\"_blank\" rel=\"noreferrer noopener\"><span class=\"TextRun Underlined SCXW2313937 BCX8\" lang=\"EN-US\" xml:lang=\"EN-US\" data-contrast=\"auto\"><span class=\"NormalTextRun SCXW2313937 BCX8\" data-ccp-charstyle=\"Hyperlink\">\u00c9quipe de secours rapide (RRT)<\/span><\/span><\/a><span class=\"TextRun SCXW2313937 BCX8\" lang=\"EN-US\" data-contrast=\"auto\" xml:lang=\"EN-US\"><span class=\"NormalTextRun SCXW2313937 BCX8\">  et contribuer financi\u00e8rement \u00e0 de nombreuses causes. W <\/span><span class=\"NormalTextRun SCXW2313937 BCX8\">e recherche activement des occasions de soutenir les initiatives locales, <\/span><span class=\"NormalTextRun SCXW2313937 BCX8\">r\u00e9gionales<\/span><span class=\"NormalTextRun SCXW2313937 BCX8\"> et mondiales.<\/span><\/span><\/p>\n","image":8971,"enable_quote_overlay":false,"quote_overlay":{"quote_text":"","quote_source":""},"icon":{"icon":false,"icon_position":"left","icon_vertical_offset":"-44"},"enable_link":true,"link":{"title":"","url":"https:\/\/www.plymouthbrethrenchristianchurch.org\/news\/","target":""},"header_styles":{"":null,"background_colour":"","background_image":false,"text_colour":"orange"}},{"content_title":"Nous contribuons \u00e0 stimuler les \u00e9conomies locales","content_body":"<p><span class=\"NormalTextRun SCXW130410117 BCX8\">Nos membres, <\/span><span class=\"NormalTextRun SCXW130410117 BCX8\">dont<\/span> <span class=\"NormalTextRun SCXW130410117 BCX8\">beaucoup <\/span><span class=\"NormalTextRun SCXW130410117 BCX8\">travaillent<\/span> <span class=\"NormalTextRun SCXW130410117 BCX8\"><\/span><span class=\"NormalTextRun SCXW130410117 BCX8\">  Les entreprises familiales jouent un r\u00f4le essentiel dans le moteur de l\u2019\u00e9conomie locale  <span class=\"TextRun SCXW130410117 BCX8\" lang=\"EN-US\" xml:lang=\"EN-US\" data-contrast=\"auto\">o\u00f9 nous vivons, travaillons et servons. Nous contribuons directement en payant des imp\u00f4ts, en employant des personnes locales et en am\u00e9liorant les commodit\u00e9s. <\/span><span class=\"LineBreakBlob BlobObject DragDrop SCXW130410117 BCX8\"><span class=\"SCXW130410117 BCX8\"> <\/span><br class=\"SCXW130410117 BCX8\"><\/span><\/span><\/p>\n","image":8949,"enable_quote_overlay":false,"quote_overlay":{"quote_text":"","quote_source":""},"icon":{"icon":false,"icon_position":"right","icon_vertical_offset":""},"enable_link":true,"link":{"title":"Pour en savoir plus","url":"https:\/\/www.plymouthbrethrenchristianchurch.org\/news\/","target":""},"header_styles":{"":null,"background_colour":"","background_image":false,"text_colour":"orange"}},{"content_title":"Nous sommes une communaut\u00e9 mondiale connect\u00e9e","content_body":"<p><span class=\"NormalTextRun SCXW171872153 BCX8\">Nos membres ing\u00e9nieux et innovants forment une <\/span><span class=\"NormalTextRun SCXW171872153 BCX8\">communaut\u00e9<\/span><span class=\"NormalTextRun SCXW171872153 BCX8\"> <\/span><span class=\"NormalTextRun SCXW171872153 BCX8\">mondiale <\/span><span class=\"NormalTextRun SCXW171872153 BCX8\">qui peut <\/span><span class=\"NormalTextRun SpellingErrorV2Themed SCXW171872153 BCX8\">se mobiliser<\/span> rapidement<span class=\"NormalTextRun SCXW171872153 BCX8\">  Des comp\u00e9tences diversifi\u00e9es et des actifs tangibles \u00e0 soutenir lors de crises mondiales. Ensemble, nous   <\/span><span class=\"NormalTextRun SCXW171872153 BCX8\">Tirez parti<\/span><span class=\"NormalTextRun SCXW171872153 BCX8\"> de notre r\u00e9seau de membres pour avoir un impact positif sur le monde.<\/span><\/p>\n","image":8957,"enable_quote_overlay":false,"quote_overlay":{"quote_text":"Car quiconque invoquera le nom du Seigneur sera sauv\u00e9.","quote_source":""},"icon":{"icon":false,"icon_position":"left","icon_vertical_offset":""},"enable_link":true,"link":{"title":"D\u00e9couvrez notre r\u00e9seau","url":"https:\/\/www.plymouthbrethrenchristianchurch.org\/news\/","target":""},"header_styles":{"":null,"background_colour":"","background_image":false,"text_colour":"orange"}},{"content_title":"Nous comprenons l\u2019importance de l\u2019\u00e9ducation","content_body":"<p><span class=\"TextRun SCXW172185188 BCX8\" lang=\"EN-US\" data-contrast=\"auto\" xml:lang=\"EN-US\"><span class=\"NormalTextRun SCXW172185188 BCX8\">L\u2019\u00e9ducation est importante pour nous. OneSchool Global (OSG) est fr\u00e9quent\u00e9 par des familles de notre \u00c9glise et compte plus de 120 campus dans 20 pays, enseignant \u00e0 8 000 \u00e9tudiants et employant plus de 1 800 enseignants et membres du personnel ext\u00e9rieurs \u00e0 notre communaut\u00e9. De nombreux anciens \u00e9l\u00e8ves de l\u2019\u00e9cole travaillent dans une entreprise familiale et s\u2019engagent dans des activit\u00e9s de  <\/span><\/span><a class=\"Hyperlink SCXW172185188 BCX8\" href=\"https:\/\/youtu.be\/gCBFqlcJYzg\" target=\"_blank\" rel=\"noreferrer noopener\"><span class=\"TextRun Underlined SCXW172185188 BCX8\" lang=\"EN-US\" data-contrast=\"auto\"><span class=\"NormalTextRun SCXW172185188 BCX8\" data-ccp-charstyle=\"Hyperlink\">l\u2019enseignement sup\u00e9rieur<\/span><\/span><\/a><span class=\"TextRun SCXW172185188 BCX8\" lang=\"EN-US\" data-contrast=\"auto\"><span class=\"NormalTextRun SCXW172185188 BCX8\">.<\/span><\/span><\/p>\n","image":8964,"enable_quote_overlay":false,"quote_overlay":{"quote_text":"","quote_source":""},"icon":{"icon":false,"icon_position":"right","icon_vertical_offset":""},"enable_link":true,"link":{"title":"","url":"https:\/\/www.oneschoolglobal.com\/","target":"_blank"},"header_styles":{"":null,"background_colour":"","background_image":false,"text_colour":"orange"}}]},{"acf_fc_layout":"social_media_feed","section_heading":"Restez connect\u00e9","content":"<p>Restez \u00e0 jour avec l\u2019\u00e9glise chr\u00e9tienne des Fr\u00e8res de Plymouth (PBCC) et abonnez-vous \u00e0 notre cha\u00eene YouTube.<\/p>\n","text_color":"--color-foxtrot","feed_shortcode":"[youtube-feed feed=2]","width":"full_width","row_class":"","section_class":"background-overlay","background_image":"https:\/\/www.plymouthbrethrenchristianchurch.org\/wp-content\/uploads\/2020\/06\/gospel-hall-design-plymouth-brethren.jpg","background_color":"--color-bravo","module_padding":{"":null,"padding_top_xs":"","padding_bottom_xs":"","padding_left_xs":"","padding_right_xs":"","padding_top_md":"","padding_bottom_md":"","padding_left_md":"","padding_right_md":"","padding_top_lg":"","padding_bottom_lg":"","padding_left_lg":"","padding_right_lg":""}}]},"yoast_head":"<!-- This site is optimized with the Yoast SEO plugin v25.2 - https:\/\/yoast.com\/wordpress\/plugins\/seo\/ -->\n<title>Accueil | \u00c9glise chr\u00e9tienne des Fr\u00e8res de Plymouth<\/title>\n<meta name=\"description\" content=\"Visitez la page d\u2019accueil du site Web de l\u2019\u00e9glise chr\u00e9tienne des Fr\u00e8res de Plymouth. Une communaut\u00e9 chr\u00e9tienne mondiale avec plus de 54 000 membres.\" \/>\n<meta name=\"robots\" content=\"index, follow, max-snippet:-1, max-image-preview:large, max-video-preview:-1\" \/>\n<link rel=\"canonical\" href=\"https:\/\/www.plymouthbrethrenchristianchurch.org\/fr\/accueil\/\" \/>\n<meta property=\"og:locale\" content=\"fr_FR\" \/>\n<meta property=\"og:type\" content=\"article\" \/>\n<meta property=\"og:title\" content=\"Accueil | \u00c9glise chr\u00e9tienne des Fr\u00e8res de Plymouth\" \/>\n<meta property=\"og:description\" content=\"Visitez la page d\u2019accueil du site Web de l\u2019\u00e9glise chr\u00e9tienne des Fr\u00e8res de Plymouth. Une communaut\u00e9 chr\u00e9tienne mondiale avec plus de 54 000 membres.\" \/>\n<meta property=\"og:url\" content=\"https:\/\/www.plymouthbrethrenchristianchurch.org\/fr\/accueil\/\" \/>\n<meta property=\"og:site_name\" content=\"Plymouth Brethren Christian Church\" \/>\n<meta property=\"article:publisher\" content=\"https:\/\/www.facebook.com\/PlymouthBrethrenChristianChurch\" \/>\n<meta property=\"article:modified_time\" content=\"2025-09-18T23:23:05+00:00\" \/>\n<meta name=\"twitter:card\" content=\"summary_large_image\" \/>\n<script type=\"application\/ld+json\" class=\"yoast-schema-graph\">{\"@context\":\"https:\/\/schema.org\",\"@graph\":[{\"@type\":\"WebPage\",\"@id\":\"https:\/\/www.plymouthbrethrenchristianchurch.org\/fr\/accueil\/\",\"url\":\"https:\/\/www.plymouthbrethrenchristianchurch.org\/fr\/accueil\/\",\"name\":\"Accueil | \u00c9glise chr\u00e9tienne des Fr\u00e8res de Plymouth\",\"isPartOf\":{\"@id\":\"https:\/\/www.plymouthbrethrenchristianchurch.org\/#website\"},\"datePublished\":\"2020-03-30T21:08:22+00:00\",\"dateModified\":\"2025-09-18T23:23:05+00:00\",\"description\":\"Visitez la page d\u2019accueil du site Web de l\u2019\u00e9glise chr\u00e9tienne des Fr\u00e8res de Plymouth. Une communaut\u00e9 chr\u00e9tienne mondiale avec plus de 54 000 membres.\",\"breadcrumb\":{\"@id\":\"https:\/\/www.plymouthbrethrenchristianchurch.org\/fr\/accueil\/#breadcrumb\"},\"inLanguage\":\"fr-FR\",\"potentialAction\":[{\"@type\":\"ReadAction\",\"target\":[\"https:\/\/www.plymouthbrethrenchristianchurch.org\/fr\/accueil\/\"]}]},{\"@type\":\"BreadcrumbList\",\"@id\":\"https:\/\/www.plymouthbrethrenchristianchurch.org\/fr\/accueil\/#breadcrumb\",\"itemListElement\":[{\"@type\":\"ListItem\",\"position\":1,\"name\":\"Home\",\"item\":\"https:\/\/www.plymouthbrethrenchristianchurch.org\/fr\/accueil\/\"},{\"@type\":\"ListItem\",\"position\":2,\"name\":\"Accueil\"}]},{\"@type\":\"WebSite\",\"@id\":\"https:\/\/www.plymouthbrethrenchristianchurch.org\/#website\",\"url\":\"https:\/\/www.plymouthbrethrenchristianchurch.org\/\",\"name\":\"Plymouth Brethren Christian Church\",\"description\":\"\",\"publisher\":{\"@id\":\"https:\/\/www.plymouthbrethrenchristianchurch.org\/#organization\"},\"potentialAction\":[{\"@type\":\"SearchAction\",\"target\":{\"@type\":\"EntryPoint\",\"urlTemplate\":\"https:\/\/www.plymouthbrethrenchristianchurch.org\/?s={search_term_string}\"},\"query-input\":{\"@type\":\"PropertyValueSpecification\",\"valueRequired\":true,\"valueName\":\"search_term_string\"}}],\"inLanguage\":\"fr-FR\"},{\"@type\":\"Organization\",\"@id\":\"https:\/\/www.plymouthbrethrenchristianchurch.org\/#organization\",\"name\":\"Plymouth Brethren Christian Church\",\"url\":\"https:\/\/www.plymouthbrethrenchristianchurch.org\/\",\"logo\":{\"@type\":\"ImageObject\",\"inLanguage\":\"fr-FR\",\"@id\":\"https:\/\/www.plymouthbrethrenchristianchurch.org\/#\/schema\/logo\/image\/\",\"url\":\"https:\/\/www.plymouthbrethrenchristianchurch.org\/wp-content\/uploads\/2020\/05\/site-logo.svg\",\"contentUrl\":\"https:\/\/www.plymouthbrethrenchristianchurch.org\/wp-content\/uploads\/2020\/05\/site-logo.svg\",\"caption\":\"Plymouth Brethren Christian Church\"},\"image\":{\"@id\":\"https:\/\/www.plymouthbrethrenchristianchurch.org\/#\/schema\/logo\/image\/\"},\"sameAs\":[\"https:\/\/www.facebook.com\/PlymouthBrethrenChristianChurch\",\"https:\/\/www.youtube.com\/channel\/UC76fGueDJBbLvhs988yTBXQ\",\"https:\/\/www.pinterest.com.au\/plymouthbcc\/\"]}]}<\/script>\n<!-- \/ Yoast SEO plugin. -->","yoast_head_json":{"title":"Accueil | \u00c9glise chr\u00e9tienne des Fr\u00e8res de Plymouth","description":"Visitez la page d\u2019accueil du site Web de l\u2019\u00e9glise chr\u00e9tienne des Fr\u00e8res de Plymouth. Une communaut\u00e9 chr\u00e9tienne mondiale avec plus de 54 000 membres.","robots":{"index":"index","follow":"follow","max-snippet":"max-snippet:-1","max-image-preview":"max-image-preview:large","max-video-preview":"max-video-preview:-1"},"canonical":"https:\/\/www.plymouthbrethrenchristianchurch.org\/fr\/accueil\/","og_locale":"fr_FR","og_type":"article","og_title":"Accueil | \u00c9glise chr\u00e9tienne des Fr\u00e8res de Plymouth","og_description":"Visitez la page d\u2019accueil du site Web de l\u2019\u00e9glise chr\u00e9tienne des Fr\u00e8res de Plymouth. Une communaut\u00e9 chr\u00e9tienne mondiale avec plus de 54 000 membres.","og_url":"https:\/\/www.plymouthbrethrenchristianchurch.org\/fr\/accueil\/","og_site_name":"Plymouth Brethren Christian Church","article_publisher":"https:\/\/www.facebook.com\/PlymouthBrethrenChristianChurch","article_modified_time":"2025-09-18T23:23:05+00:00","twitter_card":"summary_large_image","schema":{"@context":"https:\/\/schema.org","@graph":[{"@type":"WebPage","@id":"https:\/\/www.plymouthbrethrenchristianchurch.org\/fr\/accueil\/","url":"https:\/\/www.plymouthbrethrenchristianchurch.org\/fr\/accueil\/","name":"Accueil | \u00c9glise chr\u00e9tienne des Fr\u00e8res de Plymouth","isPartOf":{"@id":"https:\/\/www.plymouthbrethrenchristianchurch.org\/#website"},"datePublished":"2020-03-30T21:08:22+00:00","dateModified":"2025-09-18T23:23:05+00:00","description":"Visitez la page d\u2019accueil du site Web de l\u2019\u00e9glise chr\u00e9tienne des Fr\u00e8res de Plymouth. Une communaut\u00e9 chr\u00e9tienne mondiale avec plus de 54 000 membres.","breadcrumb":{"@id":"https:\/\/www.plymouthbrethrenchristianchurch.org\/fr\/accueil\/#breadcrumb"},"inLanguage":"fr-FR","potentialAction":[{"@type":"ReadAction","target":["https:\/\/www.plymouthbrethrenchristianchurch.org\/fr\/accueil\/"]}]},{"@type":"BreadcrumbList","@id":"https:\/\/www.plymouthbrethrenchristianchurch.org\/fr\/accueil\/#breadcrumb","itemListElement":[{"@type":"ListItem","position":1,"name":"Home","item":"https:\/\/www.plymouthbrethrenchristianchurch.org\/fr\/accueil\/"},{"@type":"ListItem","position":2,"name":"Accueil"}]},{"@type":"WebSite","@id":"https:\/\/www.plymouthbrethrenchristianchurch.org\/#website","url":"https:\/\/www.plymouthbrethrenchristianchurch.org\/","name":"Plymouth Brethren Christian Church","description":"","publisher":{"@id":"https:\/\/www.plymouthbrethrenchristianchurch.org\/#organization"},"potentialAction":[{"@type":"SearchAction","target":{"@type":"EntryPoint","urlTemplate":"https:\/\/www.plymouthbrethrenchristianchurch.org\/?s={search_term_string}"},"query-input":{"@type":"PropertyValueSpecification","valueRequired":true,"valueName":"search_term_string"}}],"inLanguage":"fr-FR"},{"@type":"Organization","@id":"https:\/\/www.plymouthbrethrenchristianchurch.org\/#organization","name":"Plymouth Brethren Christian Church","url":"https:\/\/www.plymouthbrethrenchristianchurch.org\/","logo":{"@type":"ImageObject","inLanguage":"fr-FR","@id":"https:\/\/www.plymouthbrethrenchristianchurch.org\/#\/schema\/logo\/image\/","url":"https:\/\/www.plymouthbrethrenchristianchurch.org\/wp-content\/uploads\/2020\/05\/site-logo.svg","contentUrl":"https:\/\/www.plymouthbrethrenchristianchurch.org\/wp-content\/uploads\/2020\/05\/site-logo.svg","caption":"Plymouth Brethren Christian Church"},"image":{"@id":"https:\/\/www.plymouthbrethrenchristianchurch.org\/#\/schema\/logo\/image\/"},"sameAs":["https:\/\/www.facebook.com\/PlymouthBrethrenChristianChurch","https:\/\/www.youtube.com\/channel\/UC76fGueDJBbLvhs988yTBXQ","https:\/\/www.pinterest.com.au\/plymouthbcc\/"]}]}},"_links":{"self":[{"href":"https:\/\/www.plymouthbrethrenchristianchurch.org\/fr\/wp-json\/wp\/v2\/pages\/2960"}],"collection":[{"href":"https:\/\/www.plymouthbrethrenchristianchurch.org\/fr\/wp-json\/wp\/v2\/pages"}],"about":[{"href":"https:\/\/www.plymouthbrethrenchristianchurch.org\/fr\/wp-json\/wp\/v2\/types\/page"}],"author":[{"embeddable":true,"href":"https:\/\/www.plymouthbrethrenchristianchurch.org\/fr\/wp-json\/wp\/v2\/users\/1"}],"replies":[{"embeddable":true,"href":"https:\/\/www.plymouthbrethrenchristianchurch.org\/fr\/wp-json\/wp\/v2\/comments?post=2960"}],"version-history":[{"count":12,"href":"https:\/\/www.plymouthbrethrenchristianchurch.org\/fr\/wp-json\/wp\/v2\/pages\/2960\/revisions"}],"predecessor-version":[{"id":9221,"href":"https:\/\/www.plymouthbrethrenchristianchurch.org\/fr\/wp-json\/wp\/v2\/pages\/2960\/revisions\/9221"}],"wp:attachment":[{"href":"https:\/\/www.plymouthbrethrenchristianchurch.org\/fr\/wp-json\/wp\/v2\/media?parent=2960"}],"curies":[{"name":"wp","href":"https:\/\/api.w.org\/{rel}","templated":true}]}}