{"id":5658,"date":"2024-02-29T15:00:44","date_gmt":"2024-02-29T05:00:44","guid":{"rendered":"https:\/\/www.plymouthbrethrenchristianchurch.org\/?page_id=5658"},"modified":"2025-08-11T10:21:16","modified_gmt":"2025-08-11T00:21:16","slug":"notre-reseau","status":"publish","type":"page","link":"https:\/\/www.plymouthbrethrenchristianchurch.org\/fr\/communaute\/notre-reseau\/","title":{"rendered":"Notre r\u00e9seau"},"content":{"rendered":"","protected":false},"excerpt":{"rendered":"<p>Nous vivons, travaillons et prions en tant que \u00ab fr\u00e8res \u00bb \u2013 une communaut\u00e9 de familles tenues ensemble par notre croyance chr\u00e9tienne commune.<\/p>\n","protected":false},"author":13,"featured_media":0,"parent":2904,"menu_order":2,"comment_status":"closed","ping_status":"closed","template":"page-templates\/acf-flexible-content.php","meta":{"_acf_changed":false,"_relevanssi_hide_post":"","_relevanssi_hide_content":"","_relevanssi_pin_for_all":"","_relevanssi_pin_keywords":"","_relevanssi_unpin_keywords":"","_relevanssi_related_keywords":"","_relevanssi_related_include_ids":"","_relevanssi_related_exclude_ids":"","_relevanssi_related_no_append":"","_relevanssi_related_not_related":"","_relevanssi_related_posts":"","_relevanssi_noindex_reason":"","inline_featured_image":false,"footnotes":""},"class_list":["post-5658","page","type-page","status-publish","hentry"],"acf":{"post_page_video":"","content":[{"acf_fc_layout":"page_header_with_links","override_title":true,"custom_title":"Notre r\u00e9seau","intro_text":"<p>Sous l\u2019impulsion de nos membres assidus, nous avons \u00e9tabli un r\u00e9seau d\u2019entreprises qui, bien qu\u2019elles n\u2019appartiennent pas \u00e0 l\u2019\u00c9glise, existent pour soutenir la communaut\u00e9 et les communaut\u00e9s locales, r\u00e9gionales et mondiales o\u00f9 nos membres vivent, travaillent et servent.<\/p>\n","enable_button":true,"button":{"button_text":"","button_url":"","open_in_new_tab":false,"button_class":""},"link_source":"off","select_a_menu":false,"menu_title":"","custom_links":false,"header_styles":{"":null,"background_colour":"#ffffff","background_image":2506,"text_colour":"black"},"row_class":""},{"acf_fc_layout":"module_section","row":[{"column_gap":"3","column":[{"module":[{"acf_fc_layout":"rich_media_block","image":false,"header":{"":null,"title":"L\u2019\u00e9quipe de secours rapide : notre organisation caritative mondiale","heading_level":"h2","header_styles":{"":null,"background_colour":"","background_image":false,"text_colour":"orange"},"make_separator":true},"content":"<p>\u00a0<\/p>\n<p><span data-contrast=\"auto\">Il y a<\/span> <span data-contrast=\"auto\">un esprit de charit\u00e9 fort et g\u00e9n\u00e9reux parmi les Fr\u00e8res, et beaucoup d\u2019entre nous consacrent activement notre temps \u00e0 faire du b\u00e9n\u00e9volat et \u00e0 contribuer financi\u00e8rement \u00e0 des causes pr\u00e8s de chez nous et dans le monde entier. <\/span> <span data-ccp-props=\"{\"201341983\":0,\"335559740\":240}\"> <\/span><\/p>\n<p><span data-contrast=\"auto\">En 2013, l\u2019\u00c9quipe de <\/span><a href=\"http:\/\/www.rrtglobal.org\/\"><span data-contrast=\"auto\">secours rapide (RRT)<\/span><\/a><span data-contrast=\"auto\">  a \u00e9t\u00e9 cr\u00e9\u00e9 pour aider \u00e0 mettre en \u0153uvre nos soins et notre compassion au profit des personnes dans le besoin. Aujourd\u2019hui, RRT est actif dans 14 pays et est g\u00e9r\u00e9 par 14 500 b\u00e9n\u00e9voles de notre communaut\u00e9.   <\/span><span data-ccp-props=\"{\"201341983\":0,\"335559740\":240}\"> <\/span><\/p>\n<p><span data-contrast=\"auto\">Les b\u00e9n\u00e9voles de RRT pr\u00eatent main-forte aux premiers intervenants et aux personnes touch\u00e9es par les catastrophes, et apportent un soutien sp\u00e9cifique aux jeunes, aux personnes confront\u00e9es \u00e0 des probl\u00e8mes de sant\u00e9 et de handicap, aux sans-abri ou aux personnes touch\u00e9es par la pauvret\u00e9 et les difficult\u00e9s.  <\/span><span data-ccp-props=\"{\"201341983\":0,\"335559740\":240}\"> <\/span><\/p>\n","enable_button":true,"button":{"button_text":"En savoir plus sur RRT","button_url":{"title":"En savoir plus sur RRT","url":"http:\/\/www.rrtglobal.org","target":""},"open_in_new_tab":true,"button_class":""},"class":""}],"columns_sm":"none","columns_md":"8","columns_lg":"none"},{"module":[{"acf_fc_layout":"image_module","header":{"":null,"title":"Famille","heading_level":"h2","header_styles":{"":null,"background_colour":"","background_image":false,"text_colour":"white"},"make_separator":false},"image":6724,"class":"","image_size":"large"}],"columns_sm":"none","columns_md":"4","columns_lg":"none"}],"row_class":"","module_padding":{"":null,"padding_top_xs":"","padding_bottom_xs":"","padding_left_xs":"","padding_right_xs":"","padding_top_md":"","padding_bottom_md":"","padding_left_md":"","padding_right_md":"","padding_top_lg":"","padding_bottom_lg":"","padding_left_lg":"","padding_right_lg":""},"module_margin":{"":null,"margin_top_xs":"","margin_bottom_xs":"","margin_left_xs":"","margin_right_xs":"","margin_top_md":"","margin_bottom_md":"","margin_left_md":"","margin_right_md":"","margin_top_lg":"","margin_bottom_lg":"","margin_left_lg":"","margin_right_lg":""}}],"section_heading":"","section_class":"","module_padding":{"":null,"padding_top_xs":"","padding_bottom_xs":"","padding_left_xs":"","padding_right_xs":"","padding_top_md":"","padding_bottom_md":"","padding_left_md":"","padding_right_md":"","padding_top_lg":"","padding_bottom_lg":"","padding_left_lg":"","padding_right_lg":""},"module_margin":{"":null,"margin_top_xs":"","margin_bottom_xs":"","margin_left_xs":"","margin_right_xs":"","margin_top_md":"","margin_bottom_md":"","margin_left_md":"","margin_right_md":"","margin_top_lg":"","margin_bottom_lg":"","margin_left_lg":"","margin_right_lg":""}},{"acf_fc_layout":"module_section","row":[{"column_gap":"3","column":[{"module":[{"acf_fc_layout":"rich_media_block","image":false,"header":{"":null,"title":"OneSchool Global : Notre r\u00e9seau d\u2019\u00e9coles ind\u00e9pendantes","heading_level":"h2","header_styles":{"":null,"background_colour":"","background_image":false,"text_colour":"orange"},"make_separator":true},"content":"<p>En 1994, les membres de l\u2019\u00c9glise chr\u00e9tienne des Fr\u00e8res de Plymouth ont cr\u00e9\u00e9 un r\u00e9seau d\u2019\u00e9coles ind\u00e9pendantes \u2013 <a href=\"https:\/\/www.oneschoolglobal.com\/\">OneSchool Global<\/a>. OneSchool forme des apprenants tout au long de la vie critiques et perspicaces dans des environnements d\u2019apprentissage modernes et technologiques, soutenus par une approche innovante de l\u2019\u00e9ducation. <\/p>\n<p>OneSchool Global n\u2019est pas une \u00e9cole religieuse et les enseignants de l \u00ab \u00e9cole ne sont pas membres de la communaut\u00e9 de l \u00bb \u00c9glise. OneSchool Global propose le programme d \u00ab \u00e9tudes approuv\u00e9 au niveau national du pays ou de l \u00bb \u00c9tat o\u00f9 le campus est bas\u00e9. <\/p>\n<p>En 30 ans, le r\u00e9seau mondial OneSchool s\u2019est d\u00e9velopp\u00e9 pour atteindre plus de 120 campus dans 20 pays, enseignant \u00e0 8 000 \u00e9tudiants et employant plus de 1 800 enseignants et membres du personnel ext\u00e9rieurs \u00e0 notre communaut\u00e9.<\/p>\n<p><span data-contrast=\"auto\">De nombreux anciens \u00e9l\u00e8ves travaillent dans le monde des affaires et entreprennent des \u00e9tudes sup\u00e9rieures ou \u00e9tudient dans le cadre <\/span> de <a href=\"https:\/\/youtu.be\/gCBFqlcJYzg\"><span data-contrast=\"auto\">programmes d\u2019enseignement \u00e0 distance<\/span><\/a><span data-contrast=\"auto\">. Nous sommes fermement convaincus que vous devriez gagner de l\u2019argent tout en apprenant \u2013 c\u2019est gagnant, gagnant.<\/span><span data-ccp-props=\"{\"201341983\":0,\"335559739\":0,\"335559740\":240}\"> <\/span><\/p>\n","enable_button":true,"button":{"button_text":"En savoir plus sur OSG","button_url":{"title":"En savoir plus sur OSG","url":"http:\/\/www.oneschoolglobal.com","target":""},"open_in_new_tab":true,"button_class":""},"class":""}],"columns_sm":"none","columns_md":"8","columns_lg":"none"},{"module":[{"acf_fc_layout":"image_module","header":{"":null,"title":"","heading_level":"h2","header_styles":{"":null,"background_colour":"","background_image":false,"text_colour":"white"},"make_separator":false},"image":6731,"class":"","image_size":"large"}],"columns_sm":"none","columns_md":"4","columns_lg":"none"}],"row_class":"","module_padding":{"":null,"padding_top_xs":"","padding_bottom_xs":"","padding_left_xs":"","padding_right_xs":"","padding_top_md":"","padding_bottom_md":"","padding_left_md":"","padding_right_md":"","padding_top_lg":"","padding_bottom_lg":"","padding_left_lg":"","padding_right_lg":""},"module_margin":{"":null,"margin_top_xs":"","margin_bottom_xs":"","margin_left_xs":"","margin_right_xs":"","margin_top_md":"","margin_bottom_md":"","margin_left_md":"","margin_right_md":"","margin_top_lg":"","margin_bottom_lg":"","margin_left_lg":"","margin_right_lg":""}}],"section_heading":"","section_class":"","module_padding":{"":null,"padding_top_xs":"","padding_bottom_xs":"","padding_left_xs":"","padding_right_xs":"","padding_top_md":"","padding_bottom_md":"","padding_left_md":"","padding_right_md":"","padding_top_lg":"","padding_bottom_lg":"","padding_left_lg":"","padding_right_lg":""},"module_margin":{"":null,"margin_top_xs":"","margin_bottom_xs":"","margin_left_xs":"","margin_right_xs":"","margin_top_md":"","margin_bottom_md":"","margin_left_md":"","margin_right_md":"","margin_top_lg":"","margin_bottom_lg":"","margin_left_lg":"","margin_right_lg":""}},{"acf_fc_layout":"module_section","row":[{"column_gap":"3","column":[{"module":[{"acf_fc_layout":"rich_media_block","image":false,"header":{"":null,"title":"Universal Business Team : Notre cabinet de conseil aux entreprises","heading_level":"h2","header_styles":{"":null,"background_colour":"","background_image":false,"text_colour":"orange"},"make_separator":true},"content":"<p><span data-contrast=\"auto\">L\u2019Universal <\/span><a href=\"http:\/\/www.universalbusinessteam.com\/\"><span data-contrast=\"auto\">Business Team (UBT)<\/span><\/a><span data-contrast=\"auto\"> est une entreprise mondiale qui fournit des services de conseil et d\u2019achat group\u00e9, de formation en entreprise, de conseil, de leadership et de mentorat d\u2019excellence aux entreprises d\u00e9tenues et exploit\u00e9es par des membres de notre \u00c9glise. <\/span> <span data-ccp-props=\"{\"201341983\":0,\"335559739\":0,\"335559740\":240}\"> <\/span><\/p>\n<p><span data-contrast=\"auto\">UBT est une organisation innovante dont l\u2019objectif est d\u2019aider les entreprises \u00e0 se d\u00e9velopper en d\u00e9veloppant et en utilisant les derni\u00e8res technologies et strat\u00e9gies de leadership.<\/span><span data-ccp-props=\"{\"201341983\":0,\"335559739\":0,\"335559740\":240}\"> <\/span><\/p>\n<p><span data-contrast=\"auto\">Le personnel de l\u2019UBT est compos\u00e9 d\u2019employ\u00e9s de la communaut\u00e9 PBCC et de personnes non affili\u00e9es \u00e0 l \u00ab \u00c9glise. UBT soutient g\u00e9n\u00e9reusement l \u00bb \u00e9ducation et le travail caritatif. <\/span><span data-ccp-props=\"{\"201341983\":0,\"335559739\":0,\"335559740\":240}\"> <\/span><\/p>\n","enable_button":true,"button":{"button_text":"En savoir plus sur UBT","button_url":{"title":"En savoir plus sur UBT","url":"http:\/\/www.universalbusinessteam.com","target":"_blank"},"open_in_new_tab":true,"button_class":""},"class":""}],"columns_sm":"none","columns_md":"8","columns_lg":"none"},{"module":[{"acf_fc_layout":"image_module","header":{"":null,"title":"","heading_level":"h2","header_styles":{"":null,"background_colour":"","background_image":false,"text_colour":"white"},"make_separator":false},"image":6738,"class":"","image_size":"large"}],"columns_sm":"none","columns_md":"4","columns_lg":"none"}],"row_class":"","module_padding":{"":null,"padding_top_xs":"","padding_bottom_xs":"","padding_left_xs":"","padding_right_xs":"","padding_top_md":"","padding_bottom_md":"","padding_left_md":"","padding_right_md":"","padding_top_lg":"","padding_bottom_lg":"","padding_left_lg":"","padding_right_lg":""},"module_margin":{"":null,"margin_top_xs":"","margin_bottom_xs":"","margin_left_xs":"","margin_right_xs":"","margin_top_md":"","margin_bottom_md":"","margin_left_md":"","margin_right_md":"","margin_top_lg":"","margin_bottom_lg":"","margin_left_lg":"","margin_right_lg":""}}],"section_heading":"","section_class":"","module_padding":{"":null,"padding_top_xs":"","padding_bottom_xs":"","padding_left_xs":"","padding_right_xs":"","padding_top_md":"","padding_bottom_md":"","padding_left_md":"","padding_right_md":"","padding_top_lg":"","padding_bottom_lg":"","padding_left_lg":"","padding_right_lg":""},"module_margin":{"":null,"margin_top_xs":"","margin_bottom_xs":"","margin_left_xs":"","margin_right_xs":"","margin_top_md":"","margin_bottom_md":"","margin_left_md":"","margin_right_md":"","margin_top_lg":"","margin_bottom_lg":"","margin_left_lg":"","margin_right_lg":""}},{"acf_fc_layout":"module_section","row":[{"column_gap":"3","column":[{"module":[{"acf_fc_layout":"rich_media_block","image":false,"header":{"":null,"title":"Campus&Co : Notre cha\u00eene de magasins","heading_level":"h2","header_styles":{"":null,"background_colour":"","background_image":false,"text_colour":"orange"},"make_separator":true},"content":"<p><span data-contrast=\"auto\"><span class=\"TextRun SCXW86808884 BCX8\" lang=\"EN-US\" xml:lang=\"EN-US\" data-contrast=\"auto\"><span class=\"NormalTextRun SpellingErrorV2Themed SCXW86808884 BCX8\">Cam<\/span><span class=\"NormalTextRun SpellingErrorV2Themed SCXW86808884 BCX8\">pus<\/span><span class=\"NormalTextRun SpellingErrorV2Themed SCXW86808884 BCX8\">&#038;Co<\/span><span class=\"NormalTextRun SCXW86808884 BCX8\"> est une cha\u00eene mondiale de magasins, qui a<\/span><span class=\"NormalTextRun SCXW86808884 BCX8\"><\/span><span class=\"NormalTextRun SCXW86808884 BCX8\">  g\u00e9r\u00e9 par des b\u00e9n\u00e9voles locaux de l \u00ab \u00c9glise. Tous les b\u00e9n\u00e9fices r\u00e9alis\u00e9s par les magasins sont r\u00e9investis dans la communaut\u00e9 par l\u2019interm\u00e9diaire de l \u00bb \u00e9quipe de secours rapide (RRT) et   <\/span><span class=\"NormalTextRun SpellingErrorV2Themed SCXW86808884 BCX8\">OneSchool<\/span><span class=\"NormalTextRun SCXW86808884 BCX8\"> Global (OSG). <\/span> <\/span> <\/span><\/p>\n","enable_button":false,"button":{"button_text":"","button_url":null,"open_in_new_tab":false,"button_class":""},"class":""}],"columns_sm":"none","columns_md":"8","columns_lg":"none"},{"module":[{"acf_fc_layout":"image_module","header":{"":null,"title":"","heading_level":"h2","header_styles":{"":null,"background_colour":"","background_image":false,"text_colour":"white"},"make_separator":false},"image":6745,"class":"","image_size":"large"}],"columns_sm":"none","columns_md":"4","columns_lg":"none"}],"row_class":"","module_padding":{"":null,"padding_top_xs":"","padding_bottom_xs":"","padding_left_xs":"","padding_right_xs":"","padding_top_md":"","padding_bottom_md":"","padding_left_md":"","padding_right_md":"","padding_top_lg":"","padding_bottom_lg":"","padding_left_lg":"","padding_right_lg":""},"module_margin":{"":null,"margin_top_xs":"","margin_bottom_xs":"","margin_left_xs":"","margin_right_xs":"","margin_top_md":"","margin_bottom_md":"","margin_left_md":"","margin_right_md":"","margin_top_lg":"","margin_bottom_lg":"","margin_left_lg":"","margin_right_lg":""}}],"section_heading":"","section_class":"","module_padding":{"":null,"padding_top_xs":"","padding_bottom_xs":"","padding_left_xs":"","padding_right_xs":"","padding_top_md":"","padding_bottom_md":"","padding_left_md":"","padding_right_md":"","padding_top_lg":"","padding_bottom_lg":"","padding_left_lg":"","padding_right_lg":""},"module_margin":{"":null,"margin_top_xs":"","margin_bottom_xs":"","margin_left_xs":"","margin_right_xs":"","margin_top_md":"","margin_bottom_md":"","margin_left_md":"","margin_right_md":"","margin_top_lg":"","margin_bottom_lg":"","margin_left_lg":"","margin_right_lg":""}},{"acf_fc_layout":"social_media_feed","section_heading":"Restez connect\u00e9","content":"<p>Restez \u00e0 jour avec l\u2019\u00e9glise chr\u00e9tienne des Fr\u00e8res de Plymouth (PBCC) et abonnez-vous \u00e0 notre cha\u00eene YouTube.<\/p>\n","text_color":"--color-foxtrot","feed_shortcode":"[youtube-feed feed=2]","width":"full_width","row_class":"","section_class":"background-overlay","background_image":"https:\/\/www.plymouthbrethrenchristianchurch.org\/wp-content\/uploads\/2020\/06\/gospel-hall-design-plymouth-brethren.jpg","background_color":"--color-bravo","module_padding":{"":null,"padding_top_xs":"","padding_bottom_xs":"","padding_left_xs":"","padding_right_xs":"","padding_top_md":"","padding_bottom_md":"","padding_left_md":"","padding_right_md":"","padding_top_lg":"","padding_bottom_lg":"","padding_left_lg":"","padding_right_lg":""}}]},"yoast_head":"<!-- This site is optimized with the Yoast SEO plugin v25.2 - https:\/\/yoast.com\/wordpress\/plugins\/seo\/ -->\n<title>Notre r\u00e9seau | Plymouth Brethren Christian Church<\/title>\n<meta name=\"description\" content=\"Visitez la page de notre r\u00e9seau sur le site de l\u2019\u00c9glise, une communaut\u00e9 chr\u00e9tienne bas\u00e9e sur la Sainte Bible comme Parole de Dieu.\" \/>\n<meta name=\"robots\" content=\"index, follow, max-snippet:-1, max-image-preview:large, max-video-preview:-1\" \/>\n<link rel=\"canonical\" href=\"https:\/\/www.plymouthbrethrenchristianchurch.org\/fr\/communaute\/notre-reseau\/\" \/>\n<meta property=\"og:locale\" content=\"fr_FR\" \/>\n<meta property=\"og:type\" content=\"article\" \/>\n<meta property=\"og:title\" content=\"Notre r\u00e9seau | Plymouth Brethren Christian Church\" \/>\n<meta property=\"og:description\" content=\"Visitez la page de notre r\u00e9seau sur le site de l\u2019\u00c9glise, une communaut\u00e9 chr\u00e9tienne bas\u00e9e sur la Sainte Bible comme Parole de Dieu.\" \/>\n<meta property=\"og:url\" content=\"https:\/\/www.plymouthbrethrenchristianchurch.org\/fr\/communaute\/notre-reseau\/\" \/>\n<meta property=\"og:site_name\" content=\"Plymouth Brethren Christian Church\" \/>\n<meta property=\"article:publisher\" content=\"https:\/\/www.facebook.com\/PlymouthBrethrenChristianChurch\" \/>\n<meta property=\"article:modified_time\" content=\"2025-08-11T00:21:16+00:00\" \/>\n<meta name=\"twitter:card\" content=\"summary_large_image\" \/>\n<script type=\"application\/ld+json\" class=\"yoast-schema-graph\">{\"@context\":\"https:\/\/schema.org\",\"@graph\":[{\"@type\":\"WebPage\",\"@id\":\"https:\/\/www.plymouthbrethrenchristianchurch.org\/fr\/communaute\/notre-reseau\/\",\"url\":\"https:\/\/www.plymouthbrethrenchristianchurch.org\/fr\/communaute\/notre-reseau\/\",\"name\":\"Notre r\u00e9seau | Plymouth Brethren Christian Church\",\"isPartOf\":{\"@id\":\"https:\/\/www.plymouthbrethrenchristianchurch.org\/#website\"},\"datePublished\":\"2024-02-29T05:00:44+00:00\",\"dateModified\":\"2025-08-11T00:21:16+00:00\",\"description\":\"Visitez la page de notre r\u00e9seau sur le site de l\u2019\u00c9glise, une communaut\u00e9 chr\u00e9tienne bas\u00e9e sur la Sainte Bible comme Parole de Dieu.\",\"breadcrumb\":{\"@id\":\"https:\/\/www.plymouthbrethrenchristianchurch.org\/fr\/communaute\/notre-reseau\/#breadcrumb\"},\"inLanguage\":\"fr-FR\",\"potentialAction\":[{\"@type\":\"ReadAction\",\"target\":[\"https:\/\/www.plymouthbrethrenchristianchurch.org\/fr\/communaute\/notre-reseau\/\"]}]},{\"@type\":\"BreadcrumbList\",\"@id\":\"https:\/\/www.plymouthbrethrenchristianchurch.org\/fr\/communaute\/notre-reseau\/#breadcrumb\",\"itemListElement\":[{\"@type\":\"ListItem\",\"position\":1,\"name\":\"Home\",\"item\":\"https:\/\/www.plymouthbrethrenchristianchurch.org\/fr\/accueil\/\"},{\"@type\":\"ListItem\",\"position\":2,\"name\":\"Mode de vie\",\"item\":\"https:\/\/www.plymouthbrethrenchristianchurch.org\/fr\/communaute\/\"},{\"@type\":\"ListItem\",\"position\":3,\"name\":\"Notre r\u00e9seau\"}]},{\"@type\":\"WebSite\",\"@id\":\"https:\/\/www.plymouthbrethrenchristianchurch.org\/#website\",\"url\":\"https:\/\/www.plymouthbrethrenchristianchurch.org\/\",\"name\":\"Plymouth Brethren Christian Church\",\"description\":\"\",\"publisher\":{\"@id\":\"https:\/\/www.plymouthbrethrenchristianchurch.org\/#organization\"},\"potentialAction\":[{\"@type\":\"SearchAction\",\"target\":{\"@type\":\"EntryPoint\",\"urlTemplate\":\"https:\/\/www.plymouthbrethrenchristianchurch.org\/?s={search_term_string}\"},\"query-input\":{\"@type\":\"PropertyValueSpecification\",\"valueRequired\":true,\"valueName\":\"search_term_string\"}}],\"inLanguage\":\"fr-FR\"},{\"@type\":\"Organization\",\"@id\":\"https:\/\/www.plymouthbrethrenchristianchurch.org\/#organization\",\"name\":\"Plymouth Brethren Christian Church\",\"url\":\"https:\/\/www.plymouthbrethrenchristianchurch.org\/\",\"logo\":{\"@type\":\"ImageObject\",\"inLanguage\":\"fr-FR\",\"@id\":\"https:\/\/www.plymouthbrethrenchristianchurch.org\/#\/schema\/logo\/image\/\",\"url\":\"https:\/\/www.plymouthbrethrenchristianchurch.org\/wp-content\/uploads\/2020\/05\/site-logo.svg\",\"contentUrl\":\"https:\/\/www.plymouthbrethrenchristianchurch.org\/wp-content\/uploads\/2020\/05\/site-logo.svg\",\"caption\":\"Plymouth Brethren Christian Church\"},\"image\":{\"@id\":\"https:\/\/www.plymouthbrethrenchristianchurch.org\/#\/schema\/logo\/image\/\"},\"sameAs\":[\"https:\/\/www.facebook.com\/PlymouthBrethrenChristianChurch\",\"https:\/\/www.youtube.com\/channel\/UC76fGueDJBbLvhs988yTBXQ\",\"https:\/\/www.pinterest.com.au\/plymouthbcc\/\"]}]}<\/script>\n<!-- \/ Yoast SEO plugin. -->","yoast_head_json":{"title":"Notre r\u00e9seau | Plymouth Brethren Christian Church","description":"Visitez la page de notre r\u00e9seau sur le site de l\u2019\u00c9glise, une communaut\u00e9 chr\u00e9tienne bas\u00e9e sur la Sainte Bible comme Parole de Dieu.","robots":{"index":"index","follow":"follow","max-snippet":"max-snippet:-1","max-image-preview":"max-image-preview:large","max-video-preview":"max-video-preview:-1"},"canonical":"https:\/\/www.plymouthbrethrenchristianchurch.org\/fr\/communaute\/notre-reseau\/","og_locale":"fr_FR","og_type":"article","og_title":"Notre r\u00e9seau | Plymouth Brethren Christian Church","og_description":"Visitez la page de notre r\u00e9seau sur le site de l\u2019\u00c9glise, une communaut\u00e9 chr\u00e9tienne bas\u00e9e sur la Sainte Bible comme Parole de Dieu.","og_url":"https:\/\/www.plymouthbrethrenchristianchurch.org\/fr\/communaute\/notre-reseau\/","og_site_name":"Plymouth Brethren Christian Church","article_publisher":"https:\/\/www.facebook.com\/PlymouthBrethrenChristianChurch","article_modified_time":"2025-08-11T00:21:16+00:00","twitter_card":"summary_large_image","schema":{"@context":"https:\/\/schema.org","@graph":[{"@type":"WebPage","@id":"https:\/\/www.plymouthbrethrenchristianchurch.org\/fr\/communaute\/notre-reseau\/","url":"https:\/\/www.plymouthbrethrenchristianchurch.org\/fr\/communaute\/notre-reseau\/","name":"Notre r\u00e9seau | Plymouth Brethren Christian Church","isPartOf":{"@id":"https:\/\/www.plymouthbrethrenchristianchurch.org\/#website"},"datePublished":"2024-02-29T05:00:44+00:00","dateModified":"2025-08-11T00:21:16+00:00","description":"Visitez la page de notre r\u00e9seau sur le site de l\u2019\u00c9glise, une communaut\u00e9 chr\u00e9tienne bas\u00e9e sur la Sainte Bible comme Parole de Dieu.","breadcrumb":{"@id":"https:\/\/www.plymouthbrethrenchristianchurch.org\/fr\/communaute\/notre-reseau\/#breadcrumb"},"inLanguage":"fr-FR","potentialAction":[{"@type":"ReadAction","target":["https:\/\/www.plymouthbrethrenchristianchurch.org\/fr\/communaute\/notre-reseau\/"]}]},{"@type":"BreadcrumbList","@id":"https:\/\/www.plymouthbrethrenchristianchurch.org\/fr\/communaute\/notre-reseau\/#breadcrumb","itemListElement":[{"@type":"ListItem","position":1,"name":"Home","item":"https:\/\/www.plymouthbrethrenchristianchurch.org\/fr\/accueil\/"},{"@type":"ListItem","position":2,"name":"Mode de vie","item":"https:\/\/www.plymouthbrethrenchristianchurch.org\/fr\/communaute\/"},{"@type":"ListItem","position":3,"name":"Notre r\u00e9seau"}]},{"@type":"WebSite","@id":"https:\/\/www.plymouthbrethrenchristianchurch.org\/#website","url":"https:\/\/www.plymouthbrethrenchristianchurch.org\/","name":"Plymouth Brethren Christian Church","description":"","publisher":{"@id":"https:\/\/www.plymouthbrethrenchristianchurch.org\/#organization"},"potentialAction":[{"@type":"SearchAction","target":{"@type":"EntryPoint","urlTemplate":"https:\/\/www.plymouthbrethrenchristianchurch.org\/?s={search_term_string}"},"query-input":{"@type":"PropertyValueSpecification","valueRequired":true,"valueName":"search_term_string"}}],"inLanguage":"fr-FR"},{"@type":"Organization","@id":"https:\/\/www.plymouthbrethrenchristianchurch.org\/#organization","name":"Plymouth Brethren Christian Church","url":"https:\/\/www.plymouthbrethrenchristianchurch.org\/","logo":{"@type":"ImageObject","inLanguage":"fr-FR","@id":"https:\/\/www.plymouthbrethrenchristianchurch.org\/#\/schema\/logo\/image\/","url":"https:\/\/www.plymouthbrethrenchristianchurch.org\/wp-content\/uploads\/2020\/05\/site-logo.svg","contentUrl":"https:\/\/www.plymouthbrethrenchristianchurch.org\/wp-content\/uploads\/2020\/05\/site-logo.svg","caption":"Plymouth Brethren Christian Church"},"image":{"@id":"https:\/\/www.plymouthbrethrenchristianchurch.org\/#\/schema\/logo\/image\/"},"sameAs":["https:\/\/www.facebook.com\/PlymouthBrethrenChristianChurch","https:\/\/www.youtube.com\/channel\/UC76fGueDJBbLvhs988yTBXQ","https:\/\/www.pinterest.com.au\/plymouthbcc\/"]}]}},"_links":{"self":[{"href":"https:\/\/www.plymouthbrethrenchristianchurch.org\/fr\/wp-json\/wp\/v2\/pages\/5658"}],"collection":[{"href":"https:\/\/www.plymouthbrethrenchristianchurch.org\/fr\/wp-json\/wp\/v2\/pages"}],"about":[{"href":"https:\/\/www.plymouthbrethrenchristianchurch.org\/fr\/wp-json\/wp\/v2\/types\/page"}],"author":[{"embeddable":true,"href":"https:\/\/www.plymouthbrethrenchristianchurch.org\/fr\/wp-json\/wp\/v2\/users\/13"}],"replies":[{"embeddable":true,"href":"https:\/\/www.plymouthbrethrenchristianchurch.org\/fr\/wp-json\/wp\/v2\/comments?post=5658"}],"version-history":[{"count":2,"href":"https:\/\/www.plymouthbrethrenchristianchurch.org\/fr\/wp-json\/wp\/v2\/pages\/5658\/revisions"}],"predecessor-version":[{"id":9227,"href":"https:\/\/www.plymouthbrethrenchristianchurch.org\/fr\/wp-json\/wp\/v2\/pages\/5658\/revisions\/9227"}],"up":[{"embeddable":true,"href":"https:\/\/www.plymouthbrethrenchristianchurch.org\/fr\/wp-json\/wp\/v2\/pages\/2904"}],"wp:attachment":[{"href":"https:\/\/www.plymouthbrethrenchristianchurch.org\/fr\/wp-json\/wp\/v2\/media?parent=5658"}],"curies":[{"name":"wp","href":"https:\/\/api.w.org\/{rel}","templated":true}]}}