{"id":7673,"date":"2024-02-23T11:18:50","date_gmt":"2024-02-23T01:18:50","guid":{"rendered":"https:\/\/www.plymouthbrethrenchristianchurch.org\/accueil\/nouvelles\/"},"modified":"2025-06-18T01:22:57","modified_gmt":"2025-06-17T15:22:57","slug":"nouvelles","status":"publish","type":"page","link":"https:\/\/www.plymouthbrethrenchristianchurch.org\/fr\/nouvelles\/","title":{"rendered":"Nouvelles"},"content":{"rendered":"","protected":false},"excerpt":{"rendered":"","protected":false},"author":1,"featured_media":0,"parent":0,"menu_order":0,"comment_status":"closed","ping_status":"closed","template":"page-templates\/acf-flexible-content.php","meta":{"_acf_changed":false,"_relevanssi_hide_post":"","_relevanssi_hide_content":"","_relevanssi_pin_for_all":"","_relevanssi_pin_keywords":"","_relevanssi_unpin_keywords":"","_relevanssi_related_keywords":"","_relevanssi_related_include_ids":"","_relevanssi_related_exclude_ids":"","_relevanssi_related_no_append":"","_relevanssi_related_not_related":"","_relevanssi_related_posts":"","_relevanssi_noindex_reason":"","inline_featured_image":false,"footnotes":""},"class_list":["post-7673","page","type-page","status-publish","hentry"],"acf":{"content":[{"acf_fc_layout":"page_header_with_links","override_title":true,"custom_title":"Nouvelles","intro_text":"<p><span class=\"NormalTextRun SCXW25618411 BCX8\">Restez \u00e0 jour avec l\u2019\u00e9glise chr\u00e9tienne des Fr\u00e8res de Plymouth (PBCC) et voyez comment <\/span><span class=\"NormalTextRun SCXW25618411 BCX8\">nous<\/span><span class=\"NormalTextRun SCXW25618411 BCX8\"> <span class=\"NormalTextRun SCXW25618411 BCX8\">rendons hommage aux communaut\u00e9s locales et montrons <\/span><span class=\"NormalTextRun SCXW25618411 BCX8\">notre<\/span><span class=\"NormalTextRun SCXW25618411 BCX8\"> boussole<\/span><span class=\"NormalTextRun SCXW25618411 BCX8\"><span class=\"NormalTextRun SCXW25618411 BCX8\"> en action<\/span><span class=\"NormalTextRun SCXW25618411 BCX8\">. <\/span> <span class=\"NormalTextRun SCXW25618411 BCX8\"><\/span><\/span><\/span> <\/p>\n","enable_button":false,"button":{"button_text":"","button_url":"","open_in_new_tab":false,"button_class":""},"link_source":"off","select_a_menu":{"value":"24","label":"Culte"},"menu_title":"Nouvelles","custom_links":false,"header_styles":{"":null,"background_colour":"#464646","background_image":5537,"text_colour":"white"},"row_class":""},{"acf_fc_layout":"article_grid_with_navigation_heading","heading":"","sub_heading":"","per_page":"6","columns":"2","include_categories":[198],"exclude_categories":[91],"enable_pagination":true,"background_image":false,"background_color":"#ffffff","heading_colour":"--color-alpha","sub_heading_colour":"--color-alpha","navigation_arrow_colour":"--color-alpha","post_type":"post","display_type":"grid","row_classes":"latest-news"}]},"yoast_head":"<!-- This site is optimized with the Yoast SEO plugin v25.2 - https:\/\/yoast.com\/wordpress\/plugins\/seo\/ -->\n<title>Nouvelles | Plymouth Brethren Christian Church<\/title>\n<meta name=\"description\" content=\"Consultez la page des nouvelles sur le site web de l\u2019\u00c9glise. Cette communaut\u00e9 chr\u00e9tienne est bas\u00e9e sur la Sainte Bible en tant que Parole de Dieu.\" \/>\n<meta name=\"robots\" content=\"index, follow, max-snippet:-1, max-image-preview:large, max-video-preview:-1\" \/>\n<link rel=\"canonical\" href=\"https:\/\/www.plymouthbrethrenchristianchurch.org\/fr\/nouvelles\/\" \/>\n<meta property=\"og:locale\" content=\"fr_FR\" \/>\n<meta property=\"og:type\" content=\"article\" \/>\n<meta property=\"og:title\" content=\"Nouvelles | Plymouth Brethren Christian Church\" \/>\n<meta property=\"og:description\" content=\"Consultez la page des nouvelles sur le site web de l\u2019\u00c9glise. Cette communaut\u00e9 chr\u00e9tienne est bas\u00e9e sur la Sainte Bible en tant que Parole de Dieu.\" \/>\n<meta property=\"og:url\" content=\"https:\/\/www.plymouthbrethrenchristianchurch.org\/fr\/nouvelles\/\" \/>\n<meta property=\"og:site_name\" content=\"Plymouth Brethren Christian Church\" \/>\n<meta property=\"article:publisher\" content=\"https:\/\/www.facebook.com\/PlymouthBrethrenChristianChurch\" \/>\n<meta property=\"article:modified_time\" content=\"2025-06-17T15:22:57+00:00\" \/>\n<meta name=\"twitter:card\" content=\"summary_large_image\" \/>\n<script type=\"application\/ld+json\" class=\"yoast-schema-graph\">{\"@context\":\"https:\/\/schema.org\",\"@graph\":[{\"@type\":\"WebPage\",\"@id\":\"https:\/\/www.plymouthbrethrenchristianchurch.org\/fr\/nouvelles\/\",\"url\":\"https:\/\/www.plymouthbrethrenchristianchurch.org\/fr\/nouvelles\/\",\"name\":\"Nouvelles | Plymouth Brethren Christian Church\",\"isPartOf\":{\"@id\":\"https:\/\/www.plymouthbrethrenchristianchurch.org\/#website\"},\"datePublished\":\"2024-02-23T01:18:50+00:00\",\"dateModified\":\"2025-06-17T15:22:57+00:00\",\"description\":\"Consultez la page des nouvelles sur le site web de l\u2019\u00c9glise. Cette communaut\u00e9 chr\u00e9tienne est bas\u00e9e sur la Sainte Bible en tant que Parole de Dieu.\",\"breadcrumb\":{\"@id\":\"https:\/\/www.plymouthbrethrenchristianchurch.org\/fr\/nouvelles\/#breadcrumb\"},\"inLanguage\":\"fr-FR\",\"potentialAction\":[{\"@type\":\"ReadAction\",\"target\":[\"https:\/\/www.plymouthbrethrenchristianchurch.org\/fr\/nouvelles\/\"]}]},{\"@type\":\"BreadcrumbList\",\"@id\":\"https:\/\/www.plymouthbrethrenchristianchurch.org\/fr\/nouvelles\/#breadcrumb\",\"itemListElement\":[{\"@type\":\"ListItem\",\"position\":1,\"name\":\"Home\",\"item\":\"https:\/\/www.plymouthbrethrenchristianchurch.org\/fr\/accueil\/\"},{\"@type\":\"ListItem\",\"position\":2,\"name\":\"Nouvelles\"}]},{\"@type\":\"WebSite\",\"@id\":\"https:\/\/www.plymouthbrethrenchristianchurch.org\/#website\",\"url\":\"https:\/\/www.plymouthbrethrenchristianchurch.org\/\",\"name\":\"Plymouth Brethren Christian Church\",\"description\":\"\",\"publisher\":{\"@id\":\"https:\/\/www.plymouthbrethrenchristianchurch.org\/#organization\"},\"potentialAction\":[{\"@type\":\"SearchAction\",\"target\":{\"@type\":\"EntryPoint\",\"urlTemplate\":\"https:\/\/www.plymouthbrethrenchristianchurch.org\/?s={search_term_string}\"},\"query-input\":{\"@type\":\"PropertyValueSpecification\",\"valueRequired\":true,\"valueName\":\"search_term_string\"}}],\"inLanguage\":\"fr-FR\"},{\"@type\":\"Organization\",\"@id\":\"https:\/\/www.plymouthbrethrenchristianchurch.org\/#organization\",\"name\":\"Plymouth Brethren Christian Church\",\"url\":\"https:\/\/www.plymouthbrethrenchristianchurch.org\/\",\"logo\":{\"@type\":\"ImageObject\",\"inLanguage\":\"fr-FR\",\"@id\":\"https:\/\/www.plymouthbrethrenchristianchurch.org\/#\/schema\/logo\/image\/\",\"url\":\"https:\/\/www.plymouthbrethrenchristianchurch.org\/wp-content\/uploads\/2020\/05\/site-logo.svg\",\"contentUrl\":\"https:\/\/www.plymouthbrethrenchristianchurch.org\/wp-content\/uploads\/2020\/05\/site-logo.svg\",\"caption\":\"Plymouth Brethren Christian Church\"},\"image\":{\"@id\":\"https:\/\/www.plymouthbrethrenchristianchurch.org\/#\/schema\/logo\/image\/\"},\"sameAs\":[\"https:\/\/www.facebook.com\/PlymouthBrethrenChristianChurch\",\"https:\/\/www.youtube.com\/channel\/UC76fGueDJBbLvhs988yTBXQ\",\"https:\/\/www.pinterest.com.au\/plymouthbcc\/\"]}]}<\/script>\n<!-- \/ Yoast SEO plugin. -->","yoast_head_json":{"title":"Nouvelles | Plymouth Brethren Christian Church","description":"Consultez la page des nouvelles sur le site web de l\u2019\u00c9glise. Cette communaut\u00e9 chr\u00e9tienne est bas\u00e9e sur la Sainte Bible en tant que Parole de Dieu.","robots":{"index":"index","follow":"follow","max-snippet":"max-snippet:-1","max-image-preview":"max-image-preview:large","max-video-preview":"max-video-preview:-1"},"canonical":"https:\/\/www.plymouthbrethrenchristianchurch.org\/fr\/nouvelles\/","og_locale":"fr_FR","og_type":"article","og_title":"Nouvelles | Plymouth Brethren Christian Church","og_description":"Consultez la page des nouvelles sur le site web de l\u2019\u00c9glise. Cette communaut\u00e9 chr\u00e9tienne est bas\u00e9e sur la Sainte Bible en tant que Parole de Dieu.","og_url":"https:\/\/www.plymouthbrethrenchristianchurch.org\/fr\/nouvelles\/","og_site_name":"Plymouth Brethren Christian Church","article_publisher":"https:\/\/www.facebook.com\/PlymouthBrethrenChristianChurch","article_modified_time":"2025-06-17T15:22:57+00:00","twitter_card":"summary_large_image","schema":{"@context":"https:\/\/schema.org","@graph":[{"@type":"WebPage","@id":"https:\/\/www.plymouthbrethrenchristianchurch.org\/fr\/nouvelles\/","url":"https:\/\/www.plymouthbrethrenchristianchurch.org\/fr\/nouvelles\/","name":"Nouvelles | Plymouth Brethren Christian Church","isPartOf":{"@id":"https:\/\/www.plymouthbrethrenchristianchurch.org\/#website"},"datePublished":"2024-02-23T01:18:50+00:00","dateModified":"2025-06-17T15:22:57+00:00","description":"Consultez la page des nouvelles sur le site web de l\u2019\u00c9glise. Cette communaut\u00e9 chr\u00e9tienne est bas\u00e9e sur la Sainte Bible en tant que Parole de Dieu.","breadcrumb":{"@id":"https:\/\/www.plymouthbrethrenchristianchurch.org\/fr\/nouvelles\/#breadcrumb"},"inLanguage":"fr-FR","potentialAction":[{"@type":"ReadAction","target":["https:\/\/www.plymouthbrethrenchristianchurch.org\/fr\/nouvelles\/"]}]},{"@type":"BreadcrumbList","@id":"https:\/\/www.plymouthbrethrenchristianchurch.org\/fr\/nouvelles\/#breadcrumb","itemListElement":[{"@type":"ListItem","position":1,"name":"Home","item":"https:\/\/www.plymouthbrethrenchristianchurch.org\/fr\/accueil\/"},{"@type":"ListItem","position":2,"name":"Nouvelles"}]},{"@type":"WebSite","@id":"https:\/\/www.plymouthbrethrenchristianchurch.org\/#website","url":"https:\/\/www.plymouthbrethrenchristianchurch.org\/","name":"Plymouth Brethren Christian Church","description":"","publisher":{"@id":"https:\/\/www.plymouthbrethrenchristianchurch.org\/#organization"},"potentialAction":[{"@type":"SearchAction","target":{"@type":"EntryPoint","urlTemplate":"https:\/\/www.plymouthbrethrenchristianchurch.org\/?s={search_term_string}"},"query-input":{"@type":"PropertyValueSpecification","valueRequired":true,"valueName":"search_term_string"}}],"inLanguage":"fr-FR"},{"@type":"Organization","@id":"https:\/\/www.plymouthbrethrenchristianchurch.org\/#organization","name":"Plymouth Brethren Christian Church","url":"https:\/\/www.plymouthbrethrenchristianchurch.org\/","logo":{"@type":"ImageObject","inLanguage":"fr-FR","@id":"https:\/\/www.plymouthbrethrenchristianchurch.org\/#\/schema\/logo\/image\/","url":"https:\/\/www.plymouthbrethrenchristianchurch.org\/wp-content\/uploads\/2020\/05\/site-logo.svg","contentUrl":"https:\/\/www.plymouthbrethrenchristianchurch.org\/wp-content\/uploads\/2020\/05\/site-logo.svg","caption":"Plymouth Brethren Christian Church"},"image":{"@id":"https:\/\/www.plymouthbrethrenchristianchurch.org\/#\/schema\/logo\/image\/"},"sameAs":["https:\/\/www.facebook.com\/PlymouthBrethrenChristianChurch","https:\/\/www.youtube.com\/channel\/UC76fGueDJBbLvhs988yTBXQ","https:\/\/www.pinterest.com.au\/plymouthbcc\/"]}]}},"_links":{"self":[{"href":"https:\/\/www.plymouthbrethrenchristianchurch.org\/fr\/wp-json\/wp\/v2\/pages\/7673"}],"collection":[{"href":"https:\/\/www.plymouthbrethrenchristianchurch.org\/fr\/wp-json\/wp\/v2\/pages"}],"about":[{"href":"https:\/\/www.plymouthbrethrenchristianchurch.org\/fr\/wp-json\/wp\/v2\/types\/page"}],"author":[{"embeddable":true,"href":"https:\/\/www.plymouthbrethrenchristianchurch.org\/fr\/wp-json\/wp\/v2\/users\/1"}],"replies":[{"embeddable":true,"href":"https:\/\/www.plymouthbrethrenchristianchurch.org\/fr\/wp-json\/wp\/v2\/comments?post=7673"}],"version-history":[{"count":2,"href":"https:\/\/www.plymouthbrethrenchristianchurch.org\/fr\/wp-json\/wp\/v2\/pages\/7673\/revisions"}],"predecessor-version":[{"id":9229,"href":"https:\/\/www.plymouthbrethrenchristianchurch.org\/fr\/wp-json\/wp\/v2\/pages\/7673\/revisions\/9229"}],"wp:attachment":[{"href":"https:\/\/www.plymouthbrethrenchristianchurch.org\/fr\/wp-json\/wp\/v2\/media?parent=7673"}],"curies":[{"name":"wp","href":"https:\/\/api.w.org\/{rel}","templated":true}]}}