{"id":2769,"date":"2020-04-30T06:00:49","date_gmt":"2020-04-29T20:00:49","guid":{"rendered":"https:\/\/www.plymouthbrethrenchristianchurch.org\/vilka-vi-ar\/"},"modified":"2026-03-18T23:35:39","modified_gmt":"2026-03-18T13:35:39","slug":"vilka-vi-ar","status":"publish","type":"page","link":"https:\/\/www.plymouthbrethrenchristianchurch.org\/sv\/samhallet\/vilka-vi-ar\/","title":{"rendered":"V\u00e5ra \u00f6vertygelser"},"content":{"rendered":"","protected":false},"excerpt":{"rendered":"<p>Vi lever, arbetar och ber som &#8217;Br\u00f6der&#8217; \u2013 en gemenskap av familjer som h\u00e5lls samman av v\u00e5r gemensamma kristna tro.<\/p>\n","protected":false},"author":1,"featured_media":0,"parent":2895,"menu_order":2,"comment_status":"closed","ping_status":"closed","template":"page-templates\/acf-flexible-content.php","meta":{"_acf_changed":false,"_relevanssi_hide_post":"","_relevanssi_hide_content":"","_relevanssi_pin_for_all":"","_relevanssi_pin_keywords":"","_relevanssi_unpin_keywords":"","_relevanssi_related_keywords":"","_relevanssi_related_include_ids":"","_relevanssi_related_exclude_ids":"","_relevanssi_related_no_append":"","_relevanssi_related_not_related":"","_relevanssi_related_posts":"","_relevanssi_noindex_reason":"","inline_featured_image":false,"footnotes":""},"class_list":["post-2769","page","type-page","status-publish","hentry"],"acf":{"post_page_video":"","content":[{"acf_fc_layout":"page_header_with_links","override_title":true,"custom_title":"","intro_text":"<p>L\u00e4r dig mer om v\u00e5r tro som medlemmar i Plymouth Brethren Christian Church (PBCC).<\/p>\n","enable_button":false,"button":{"button_text":"","button_url":"","open_in_new_tab":false,"button_class":""},"link_source":"off","select_a_menu":false,"menu_title":"","custom_links":false,"header_styles":{"":null,"background_colour":"#ffffff","background_image":5550,"text_colour":"black"},"row_class":""},{"acf_fc_layout":"rich_text_section","section_heading":"","content":"<p>M\u00e4nniskor fr\u00e5n religioner runt om i v\u00e4rlden uttrycker sin tro p\u00e5 olika s\u00e4tt. Det gemensamma bandet mellan m\u00e4nniskor med tro \u2013 och dem som inte har n\u00e5gon tro \u2013 \u00e4r en koppling till samh\u00e4llet, att dela gemensamma \u00f6vertygelser och traditioner som g\u00e5tt i arv fr\u00e5n generation till generation.<\/p>\n<p>Uttrycket f\u00f6r v\u00e5r tro skiljer sig inte fr\u00e5n andra vanliga religioner, och \u00e4ven om missf\u00f6rst\u00e5nd kan uppst\u00e5 p\u00e5 grund av att vi inte k\u00e4nner till v\u00e5r tro, \u00e4r v\u00e5r tro grundad p\u00e5 en n\u00e4ra koppling till familjen och v\u00e5ra medm\u00e4nniskor, och en \u00f6nskan att g\u00f6ra gott och vara till tj\u00e4nst.<\/p>\n","width":"full_width","centered":false,"row_class":"","module_padding":{"":null,"padding_top_xs":"","padding_bottom_xs":"","padding_left_xs":"","padding_right_xs":"","padding_top_md":"","padding_bottom_md":"","padding_left_md":"","padding_right_md":"","padding_top_lg":"","padding_bottom_lg":"","padding_left_lg":"","padding_right_lg":""}},{"acf_fc_layout":"module_section","row":[{"column_gap":"3","column":[{"module":[{"acf_fc_layout":"rich_media_block","image":false,"header":{"":null,"title":"Gemenskap \u00e4r centralt i v\u00e5r tro","heading_level":"h2","header_styles":{"":null,"background_colour":"","background_image":false,"text_colour":"orange"},"make_separator":true},"content":"<p><span data-contrast=\"auto\">Vi f\u00f6rbinder oss att endast \u00e4ta och dricka tillsammans med dem som vi firar nattvarden med, \u00e4ven k\u00e4nd som nattvarden. Vi firar nattvarden varje s\u00f6ndag i sm\u00e5 grupper, och detta tillf\u00e4lle av gemenskap \u00e4r v\u00e5rt \u00e5tagande till varandra att leva ett liv i renhet, i linje med skrifterna. <\/span><\/p>\n<p><span data-contrast=\"auto\">F\u00f6r dem som inte \u00e4r bekanta med den kristna l\u00e4ran kan detta \u00e5tagande l\u00e5ta ovanligt eller konstigt &#8211; vi kan f\u00f6rst\u00e5 det, men det finns inget mystiskt med det.<\/span><\/p>\n<p><span data-contrast=\"auto\">Gemenskap med v\u00e5r gemenskap betyder inte att vi isolerar oss fr\u00e5n v\u00e4rlden. Vi lever och arbetar harmoniskt tillsammans med alla m\u00e4nniskor, i samh\u00e4llets huvudf\u00e5ra, och interagerar med det bredare samh\u00e4llet, oavsett om det \u00e4r genom v\u00e5rt v\u00e4lg\u00f6renhetsarbete, v\u00e5ra skolor eller i n\u00e4ringslivet. <\/span><\/p>\n","enable_button":false,"button":{"button_text":"","button_url":null,"open_in_new_tab":false,"button_class":""},"class":""}],"columns_sm":"none","columns_md":"8","columns_lg":"none"},{"module":[{"acf_fc_layout":"image_module","header":{"":null,"title":"","heading_level":"h2","header_styles":{"":null,"background_colour":"","background_image":false,"text_colour":"white"},"make_separator":false},"image":6710,"class":"","image_size":"large"}],"columns_sm":"none","columns_md":"4","columns_lg":"none"}],"row_class":"","module_padding":{"":null,"padding_top_xs":"","padding_bottom_xs":"","padding_left_xs":"","padding_right_xs":"","padding_top_md":"","padding_bottom_md":"","padding_left_md":"","padding_right_md":"","padding_top_lg":"","padding_bottom_lg":"","padding_left_lg":"","padding_right_lg":""},"module_margin":{"":null,"margin_top_xs":"","margin_bottom_xs":"","margin_left_xs":"","margin_right_xs":"","margin_top_md":"","margin_bottom_md":"","margin_left_md":"","margin_right_md":"","margin_top_lg":"","margin_bottom_lg":"","margin_left_lg":"","margin_right_lg":""}}],"section_heading":"","section_class":"","module_padding":{"":null,"padding_top_xs":"","padding_bottom_xs":"","padding_left_xs":"","padding_right_xs":"","padding_top_md":"","padding_bottom_md":"","padding_left_md":"","padding_right_md":"","padding_top_lg":"","padding_bottom_lg":"","padding_left_lg":"","padding_right_lg":""},"module_margin":{"":null,"margin_top_xs":"","margin_bottom_xs":"","margin_left_xs":"","margin_right_xs":"","margin_top_md":"","margin_bottom_md":"","margin_left_md":"","margin_right_md":"","margin_top_lg":"","margin_bottom_lg":"","margin_left_lg":"","margin_right_lg":""}},{"acf_fc_layout":"module_section","row":[{"column_gap":"3","column":[{"module":[{"acf_fc_layout":"rich_media_block","image":false,"header":{"":null,"title":"Vi tror p\u00e5 Bibelns undervisning","heading_level":"h2","header_styles":{"":null,"background_colour":"","background_image":false,"text_colour":"orange"},"make_separator":true},"content":"<p><span data-contrast=\"auto\"><span class=\"TextRun SCXW91039341 BCX8\" lang=\"EN-US\" xml:lang=\"EN-US\" data-contrast=\"auto\"><span class=\"NormalTextRun SCXW91039341 BCX8\">Som alla kristna, o<\/span><span class=\"NormalTextRun SCXW91039341 BCX8\">din <\/span><span class=\"NormalTextRun ContextualSpellingAndGrammarErrorV2Themed SCXW91039341 BCX8\">gemenskap<\/span><span class=\"NormalTextRun SCXW91039341 BCX8\"> f\u00f6renas i v\u00e5r gemensamma kristna tro grundad p\u00e5 Bibeln. Vi samlas regelbundet i enkla evangeliesalar f\u00f6r att be tillsammans, och vi samlas varje s\u00f6ndag f\u00f6r att fira Herrens m\u00e5ltid. <\/span><\/span><\/span><\/p>\n<p>F\u00f6r v\u00e5ra medlemmar \u00e4r Bibeln en viktig f\u00f6ljeslagare och auktoritativ v\u00e4gledning genom livet. Fr\u00e5n tidig \u00e5lder blir unga medlemmar l\u00e4sta och undervisade om de bibliska ber\u00e4ttelser som har inspirerat miljontals m\u00e4nniskor genom tiderna.<\/p>\n<p>Bibeln \u00e4r ingen vanlig bok. Det \u00e4r en bok som Gud har f\u00f6rsett m\u00e4nniskan med. Det \u00e4r Guds absoluta, ofelbara, inspirerade ord.<\/p>\n","enable_button":false,"button":{"button_text":"L\u00e4s mer om RRT","button_url":{"title":"","url":"http:\/\/www.rrtglobal.org","target":""},"open_in_new_tab":false,"button_class":""},"class":""}],"columns_sm":"none","columns_md":"8","columns_lg":"none"},{"module":[{"acf_fc_layout":"image_module","header":{"":null,"title":"","heading_level":"h2","header_styles":{"":null,"background_colour":"","background_image":false,"text_colour":"white"},"make_separator":false},"image":6565,"class":"","image_size":"large"}],"columns_sm":"none","columns_md":"4","columns_lg":"none"}],"row_class":"","module_padding":{"":null,"padding_top_xs":"","padding_bottom_xs":"","padding_left_xs":"","padding_right_xs":"","padding_top_md":"","padding_bottom_md":"","padding_left_md":"","padding_right_md":"","padding_top_lg":"","padding_bottom_lg":"","padding_left_lg":"","padding_right_lg":""},"module_margin":{"":null,"margin_top_xs":"","margin_bottom_xs":"","margin_left_xs":"","margin_right_xs":"","margin_top_md":"","margin_bottom_md":"","margin_left_md":"","margin_right_md":"","margin_top_lg":"","margin_bottom_lg":"","margin_left_lg":"","margin_right_lg":""}}],"section_heading":"","section_class":"","module_padding":{"":null,"padding_top_xs":"","padding_bottom_xs":"","padding_left_xs":"","padding_right_xs":"","padding_top_md":"","padding_bottom_md":"","padding_left_md":"","padding_right_md":"","padding_top_lg":"","padding_bottom_lg":"","padding_left_lg":"","padding_right_lg":""},"module_margin":{"":null,"margin_top_xs":"","margin_bottom_xs":"","margin_left_xs":"","margin_right_xs":"","margin_top_md":"","margin_bottom_md":"","margin_left_md":"","margin_right_md":"","margin_top_lg":"","margin_bottom_lg":"","margin_left_lg":"","margin_right_lg":""}},{"acf_fc_layout":"module_section","row":[{"column_gap":"3","column":[{"module":[{"acf_fc_layout":"rich_media_block","image":false,"header":{"":null,"title":"Vi praktiserar aktivt kristendomen genom omsorg och medk\u00e4nsla","heading_level":"h2","header_styles":{"":null,"background_colour":"","background_image":false,"text_colour":"orange"},"make_separator":true},"content":"<p><span data-contrast=\"auto\">Vi \u00e4r en kyrka som bygger p\u00e5 traditionella kristna v\u00e4rderingar. Genom att tj\u00e4na v\u00e5r familj, v\u00e5ra grannar och v\u00e5rt lokala och globala samh\u00e4lle tror vi p\u00e5 kraften i att oms\u00e4tta v\u00e5r omsorg och medk\u00e4nsla i handling. <\/span><\/p>\n<p><span data-contrast=\"auto\">Ett s\u00e4tt f\u00f6r oss att bidra till samh\u00e4llet \u00e4r genom v\u00e5r v\u00e4lg\u00f6renhetsgren, Rapid Relief Team (RRT), som st\u00f6ds av 14 500 volont\u00e4rer fr\u00e5n v\u00e5rt samh\u00e4lle som aktivt erbjuder en hj\u00e4lpande hand till r\u00e4ddningstj\u00e4nsten, missgynnade ungdomar, heml\u00f6sa och personer med funktionsneds\u00e4ttning. <\/span><\/p>\n","enable_button":true,"button":{"button_text":"L\u00e4s mer om RRT","button_url":{"title":"","url":"http:\/\/www.rrtglobal.org","target":""},"open_in_new_tab":false,"button_class":""},"class":""}],"columns_sm":"none","columns_md":"8","columns_lg":"none"},{"module":[{"acf_fc_layout":"image_module","header":{"":null,"title":"","heading_level":"h2","header_styles":{"":null,"background_colour":"","background_image":false,"text_colour":"white"},"make_separator":false},"image":6717,"class":"","image_size":"large"}],"columns_sm":"none","columns_md":"4","columns_lg":"none"}],"row_class":"","module_padding":{"":null,"padding_top_xs":"","padding_bottom_xs":"","padding_left_xs":"","padding_right_xs":"","padding_top_md":"","padding_bottom_md":"","padding_left_md":"","padding_right_md":"","padding_top_lg":"","padding_bottom_lg":"","padding_left_lg":"","padding_right_lg":""},"module_margin":{"":null,"margin_top_xs":"","margin_bottom_xs":"","margin_left_xs":"","margin_right_xs":"","margin_top_md":"","margin_bottom_md":"","margin_left_md":"","margin_right_md":"","margin_top_lg":"","margin_bottom_lg":"","margin_left_lg":"","margin_right_lg":""}}],"section_heading":"","section_class":"","module_padding":{"":null,"padding_top_xs":"","padding_bottom_xs":"","padding_left_xs":"","padding_right_xs":"","padding_top_md":"","padding_bottom_md":"","padding_left_md":"","padding_right_md":"","padding_top_lg":"","padding_bottom_lg":"","padding_left_lg":"","padding_right_lg":""},"module_margin":{"":null,"margin_top_xs":"","margin_bottom_xs":"","margin_left_xs":"","margin_right_xs":"","margin_top_md":"","margin_bottom_md":"","margin_left_md":"","margin_right_md":"","margin_top_lg":"","margin_bottom_lg":"","margin_left_lg":"","margin_right_lg":""}},{"acf_fc_layout":"social_media_feed","section_heading":"H\u00e5ll dig uppkopplad","content":"<p>H\u00e5ll dig uppdaterad om Plymouth Brethren Christian Church (PBCC) och prenumerera p\u00e5 v\u00e5r YouTube-kanal.<\/p>\n","text_color":"--color-foxtrot","feed_shortcode":"[youtube-feed feed=2]","width":"full_width","row_class":"","section_class":"background-overlay","background_image":"https:\/\/www.plymouthbrethrenchristianchurch.org\/wp-content\/uploads\/2020\/06\/gospel-hall-design-plymouth-brethren.jpg","background_color":"--color-bravo","module_padding":{"":null,"padding_top_xs":"","padding_bottom_xs":"","padding_left_xs":"","padding_right_xs":"","padding_top_md":"","padding_bottom_md":"","padding_left_md":"","padding_right_md":"","padding_top_lg":"","padding_bottom_lg":"","padding_left_lg":"","padding_right_lg":""}}]},"yoast_head":"<!-- This site is optimized with the Yoast SEO plugin v25.2 - https:\/\/yoast.com\/wordpress\/plugins\/seo\/ -->\n<title>V\u00e5ra \u00f6vertygelser | Plymouth Brethren Christian Church<\/title>\n<meta name=\"description\" content=\"Bes\u00f6k sidan V\u00e5r tro p\u00e5 kyrkans webbplats, en kristen gemenskap som bygger p\u00e5 Bibeln som Guds ord.\" \/>\n<meta name=\"robots\" content=\"index, follow, max-snippet:-1, max-image-preview:large, max-video-preview:-1\" \/>\n<link rel=\"canonical\" href=\"https:\/\/www.plymouthbrethrenchristianchurch.org\/sv\/samhallet\/vilka-vi-ar\/\" \/>\n<meta property=\"og:locale\" content=\"sv_SE\" \/>\n<meta property=\"og:type\" content=\"article\" \/>\n<meta property=\"og:title\" content=\"V\u00e5ra \u00f6vertygelser | Plymouth Brethren Christian Church\" \/>\n<meta property=\"og:description\" content=\"Bes\u00f6k sidan V\u00e5r tro p\u00e5 kyrkans webbplats, en kristen gemenskap som bygger p\u00e5 Bibeln som Guds ord.\" \/>\n<meta property=\"og:url\" content=\"https:\/\/www.plymouthbrethrenchristianchurch.org\/sv\/samhallet\/vilka-vi-ar\/\" \/>\n<meta property=\"og:site_name\" content=\"Plymouth Brethren Christian Church\" \/>\n<meta property=\"article:publisher\" content=\"https:\/\/www.facebook.com\/PlymouthBrethrenChristianChurch\" \/>\n<meta property=\"article:modified_time\" content=\"2026-03-18T13:35:39+00:00\" \/>\n<meta name=\"twitter:card\" content=\"summary_large_image\" \/>\n<script type=\"application\/ld+json\" class=\"yoast-schema-graph\">{\"@context\":\"https:\/\/schema.org\",\"@graph\":[{\"@type\":\"WebPage\",\"@id\":\"https:\/\/www.plymouthbrethrenchristianchurch.org\/sv\/samhallet\/vilka-vi-ar\/\",\"url\":\"https:\/\/www.plymouthbrethrenchristianchurch.org\/sv\/samhallet\/vilka-vi-ar\/\",\"name\":\"V\u00e5ra \u00f6vertygelser | Plymouth Brethren Christian Church\",\"isPartOf\":{\"@id\":\"https:\/\/www.plymouthbrethrenchristianchurch.org\/#website\"},\"datePublished\":\"2020-04-29T20:00:49+00:00\",\"dateModified\":\"2026-03-18T13:35:39+00:00\",\"description\":\"Bes\u00f6k sidan V\u00e5r tro p\u00e5 kyrkans webbplats, en kristen gemenskap som bygger p\u00e5 Bibeln som Guds ord.\",\"breadcrumb\":{\"@id\":\"https:\/\/www.plymouthbrethrenchristianchurch.org\/sv\/samhallet\/vilka-vi-ar\/#breadcrumb\"},\"inLanguage\":\"sv-SE\",\"potentialAction\":[{\"@type\":\"ReadAction\",\"target\":[\"https:\/\/www.plymouthbrethrenchristianchurch.org\/sv\/samhallet\/vilka-vi-ar\/\"]}]},{\"@type\":\"BreadcrumbList\",\"@id\":\"https:\/\/www.plymouthbrethrenchristianchurch.org\/sv\/samhallet\/vilka-vi-ar\/#breadcrumb\",\"itemListElement\":[{\"@type\":\"ListItem\",\"position\":1,\"name\":\"Home\",\"item\":\"https:\/\/www.plymouthbrethrenchristianchurch.org\/sv\/hem\/\"},{\"@type\":\"ListItem\",\"position\":2,\"name\":\"Livsstil\",\"item\":\"https:\/\/www.plymouthbrethrenchristianchurch.org\/sv\/samhallet\/\"},{\"@type\":\"ListItem\",\"position\":3,\"name\":\"V\u00e5ra \u00f6vertygelser\"}]},{\"@type\":\"WebSite\",\"@id\":\"https:\/\/www.plymouthbrethrenchristianchurch.org\/#website\",\"url\":\"https:\/\/www.plymouthbrethrenchristianchurch.org\/\",\"name\":\"Plymouth Brethren Christian Church\",\"description\":\"\",\"publisher\":{\"@id\":\"https:\/\/www.plymouthbrethrenchristianchurch.org\/#organization\"},\"potentialAction\":[{\"@type\":\"SearchAction\",\"target\":{\"@type\":\"EntryPoint\",\"urlTemplate\":\"https:\/\/www.plymouthbrethrenchristianchurch.org\/?s={search_term_string}\"},\"query-input\":{\"@type\":\"PropertyValueSpecification\",\"valueRequired\":true,\"valueName\":\"search_term_string\"}}],\"inLanguage\":\"sv-SE\"},{\"@type\":\"Organization\",\"@id\":\"https:\/\/www.plymouthbrethrenchristianchurch.org\/#organization\",\"name\":\"Plymouth Brethren Christian Church\",\"url\":\"https:\/\/www.plymouthbrethrenchristianchurch.org\/\",\"logo\":{\"@type\":\"ImageObject\",\"inLanguage\":\"sv-SE\",\"@id\":\"https:\/\/www.plymouthbrethrenchristianchurch.org\/#\/schema\/logo\/image\/\",\"url\":\"https:\/\/www.plymouthbrethrenchristianchurch.org\/wp-content\/uploads\/2020\/05\/site-logo.svg\",\"contentUrl\":\"https:\/\/www.plymouthbrethrenchristianchurch.org\/wp-content\/uploads\/2020\/05\/site-logo.svg\",\"caption\":\"Plymouth Brethren Christian Church\"},\"image\":{\"@id\":\"https:\/\/www.plymouthbrethrenchristianchurch.org\/#\/schema\/logo\/image\/\"},\"sameAs\":[\"https:\/\/www.facebook.com\/PlymouthBrethrenChristianChurch\",\"https:\/\/www.youtube.com\/channel\/UC76fGueDJBbLvhs988yTBXQ\",\"https:\/\/www.pinterest.com.au\/plymouthbcc\/\"]}]}<\/script>\n<!-- \/ Yoast SEO plugin. -->","yoast_head_json":{"title":"V\u00e5ra \u00f6vertygelser | Plymouth Brethren Christian Church","description":"Bes\u00f6k sidan V\u00e5r tro p\u00e5 kyrkans webbplats, en kristen gemenskap som bygger p\u00e5 Bibeln som Guds ord.","robots":{"index":"index","follow":"follow","max-snippet":"max-snippet:-1","max-image-preview":"max-image-preview:large","max-video-preview":"max-video-preview:-1"},"canonical":"https:\/\/www.plymouthbrethrenchristianchurch.org\/sv\/samhallet\/vilka-vi-ar\/","og_locale":"sv_SE","og_type":"article","og_title":"V\u00e5ra \u00f6vertygelser | Plymouth Brethren Christian Church","og_description":"Bes\u00f6k sidan V\u00e5r tro p\u00e5 kyrkans webbplats, en kristen gemenskap som bygger p\u00e5 Bibeln som Guds ord.","og_url":"https:\/\/www.plymouthbrethrenchristianchurch.org\/sv\/samhallet\/vilka-vi-ar\/","og_site_name":"Plymouth Brethren Christian Church","article_publisher":"https:\/\/www.facebook.com\/PlymouthBrethrenChristianChurch","article_modified_time":"2026-03-18T13:35:39+00:00","twitter_card":"summary_large_image","schema":{"@context":"https:\/\/schema.org","@graph":[{"@type":"WebPage","@id":"https:\/\/www.plymouthbrethrenchristianchurch.org\/sv\/samhallet\/vilka-vi-ar\/","url":"https:\/\/www.plymouthbrethrenchristianchurch.org\/sv\/samhallet\/vilka-vi-ar\/","name":"V\u00e5ra \u00f6vertygelser | Plymouth Brethren Christian Church","isPartOf":{"@id":"https:\/\/www.plymouthbrethrenchristianchurch.org\/#website"},"datePublished":"2020-04-29T20:00:49+00:00","dateModified":"2026-03-18T13:35:39+00:00","description":"Bes\u00f6k sidan V\u00e5r tro p\u00e5 kyrkans webbplats, en kristen gemenskap som bygger p\u00e5 Bibeln som Guds ord.","breadcrumb":{"@id":"https:\/\/www.plymouthbrethrenchristianchurch.org\/sv\/samhallet\/vilka-vi-ar\/#breadcrumb"},"inLanguage":"sv-SE","potentialAction":[{"@type":"ReadAction","target":["https:\/\/www.plymouthbrethrenchristianchurch.org\/sv\/samhallet\/vilka-vi-ar\/"]}]},{"@type":"BreadcrumbList","@id":"https:\/\/www.plymouthbrethrenchristianchurch.org\/sv\/samhallet\/vilka-vi-ar\/#breadcrumb","itemListElement":[{"@type":"ListItem","position":1,"name":"Home","item":"https:\/\/www.plymouthbrethrenchristianchurch.org\/sv\/hem\/"},{"@type":"ListItem","position":2,"name":"Livsstil","item":"https:\/\/www.plymouthbrethrenchristianchurch.org\/sv\/samhallet\/"},{"@type":"ListItem","position":3,"name":"V\u00e5ra \u00f6vertygelser"}]},{"@type":"WebSite","@id":"https:\/\/www.plymouthbrethrenchristianchurch.org\/#website","url":"https:\/\/www.plymouthbrethrenchristianchurch.org\/","name":"Plymouth Brethren Christian Church","description":"","publisher":{"@id":"https:\/\/www.plymouthbrethrenchristianchurch.org\/#organization"},"potentialAction":[{"@type":"SearchAction","target":{"@type":"EntryPoint","urlTemplate":"https:\/\/www.plymouthbrethrenchristianchurch.org\/?s={search_term_string}"},"query-input":{"@type":"PropertyValueSpecification","valueRequired":true,"valueName":"search_term_string"}}],"inLanguage":"sv-SE"},{"@type":"Organization","@id":"https:\/\/www.plymouthbrethrenchristianchurch.org\/#organization","name":"Plymouth Brethren Christian Church","url":"https:\/\/www.plymouthbrethrenchristianchurch.org\/","logo":{"@type":"ImageObject","inLanguage":"sv-SE","@id":"https:\/\/www.plymouthbrethrenchristianchurch.org\/#\/schema\/logo\/image\/","url":"https:\/\/www.plymouthbrethrenchristianchurch.org\/wp-content\/uploads\/2020\/05\/site-logo.svg","contentUrl":"https:\/\/www.plymouthbrethrenchristianchurch.org\/wp-content\/uploads\/2020\/05\/site-logo.svg","caption":"Plymouth Brethren Christian Church"},"image":{"@id":"https:\/\/www.plymouthbrethrenchristianchurch.org\/#\/schema\/logo\/image\/"},"sameAs":["https:\/\/www.facebook.com\/PlymouthBrethrenChristianChurch","https:\/\/www.youtube.com\/channel\/UC76fGueDJBbLvhs988yTBXQ","https:\/\/www.pinterest.com.au\/plymouthbcc\/"]}]}},"_links":{"self":[{"href":"https:\/\/www.plymouthbrethrenchristianchurch.org\/sv\/wp-json\/wp\/v2\/pages\/2769"}],"collection":[{"href":"https:\/\/www.plymouthbrethrenchristianchurch.org\/sv\/wp-json\/wp\/v2\/pages"}],"about":[{"href":"https:\/\/www.plymouthbrethrenchristianchurch.org\/sv\/wp-json\/wp\/v2\/types\/page"}],"author":[{"embeddable":true,"href":"https:\/\/www.plymouthbrethrenchristianchurch.org\/sv\/wp-json\/wp\/v2\/users\/1"}],"replies":[{"embeddable":true,"href":"https:\/\/www.plymouthbrethrenchristianchurch.org\/sv\/wp-json\/wp\/v2\/comments?post=2769"}],"version-history":[{"count":18,"href":"https:\/\/www.plymouthbrethrenchristianchurch.org\/sv\/wp-json\/wp\/v2\/pages\/2769\/revisions"}],"predecessor-version":[{"id":8223,"href":"https:\/\/www.plymouthbrethrenchristianchurch.org\/sv\/wp-json\/wp\/v2\/pages\/2769\/revisions\/8223"}],"up":[{"embeddable":true,"href":"https:\/\/www.plymouthbrethrenchristianchurch.org\/sv\/wp-json\/wp\/v2\/pages\/2895"}],"wp:attachment":[{"href":"https:\/\/www.plymouthbrethrenchristianchurch.org\/sv\/wp-json\/wp\/v2\/media?parent=2769"}],"curies":[{"name":"wp","href":"https:\/\/api.w.org\/{rel}","templated":true}]}}