{"id":2797,"date":"2020-05-07T06:39:48","date_gmt":"2020-05-06T20:39:48","guid":{"rendered":"https:\/\/www.plymouthbrethrenchristianchurch.org\/vilka-vi-ar\/historia\/"},"modified":"2026-03-18T23:36:38","modified_gmt":"2026-03-18T13:36:38","slug":"historia","status":"publish","type":"page","link":"https:\/\/www.plymouthbrethrenchristianchurch.org\/sv\/samhallet\/historia\/","title":{"rendered":"V\u00e5r historia"},"content":{"rendered":"","protected":false},"excerpt":{"rendered":"<p>L\u00e4r dig mer om den faktiska historien och ursprunget till Plymouth Brothers Christian Church gemenskap och gemenskap.<\/p>\n","protected":false},"author":2,"featured_media":0,"parent":2895,"menu_order":1,"comment_status":"closed","ping_status":"closed","template":"page-templates\/acf-flexible-content.php","meta":{"_acf_changed":false,"_relevanssi_hide_post":"","_relevanssi_hide_content":"","_relevanssi_pin_for_all":"","_relevanssi_pin_keywords":"","_relevanssi_unpin_keywords":"","_relevanssi_related_keywords":"","_relevanssi_related_include_ids":"","_relevanssi_related_exclude_ids":"","_relevanssi_related_no_append":"","_relevanssi_related_not_related":"","_relevanssi_related_posts":"","_relevanssi_noindex_reason":"","inline_featured_image":false,"footnotes":""},"class_list":["post-2797","page","type-page","status-publish","hentry"],"acf":{"post_page_video":"","content":[{"acf_fc_layout":"page_header_with_links","override_title":true,"custom_title":"V\u00e5r historia","intro_text":"<p><span class=\"TrackChangeTextInsertion TrackedChange SCXW116793924 BCX8\"><span class=\"TextRun SCXW116793924 BCX8\" lang=\"EN-US\" xml:lang=\"EN-US\" data-contrast=\"auto\"><span class=\"NormalTextRun SCXW116793924 BCX8\">Etablerad <\/span><\/span><\/span><span class=\"TrackChangeTextInsertion TrackedChange SCXW116793924 BCX8\"><span class=\"TextRun SCXW116793924 BCX8\" lang=\"EN-US\" xml:lang=\"EN-US\" data-contrast=\"auto\"><span class=\"NormalTextRun SCXW116793924 BCX8\">F\u00f6r cirka 200 \u00e5r sedan<\/span><\/span><\/span><span class=\"TrackChangeTextInsertion TrackedChange SCXW116793924 BCX8\"><span class=\"TextRun SCXW116793924 BCX8\" lang=\"EN-US\" xml:lang=\"EN-US\" data-contrast=\"auto\"><span class=\"NormalTextRun SCXW116793924 BCX8\"> Br\u00f6derna Plymouth <\/span><\/span><\/span><span class=\"TrackChangeTextInsertion TrackedChange SCXW116793924 BCX8\"><span class=\"TextRun SCXW116793924 BCX8\" lang=\"EN-US\" xml:lang=\"EN-US\" data-contrast=\"auto\"><span class=\"NormalTextRun SCXW116793924 BCX8\">Den kristna kyrkan var<\/span><\/span><\/span><span class=\"TrackChangeTextInsertion TrackedChange SCXW116793924 BCX8\"><span class=\"TextRun SCXW116793924 BCX8\" lang=\"EN-US\" xml:lang=\"EN-US\" data-contrast=\"auto\"><span class=\"NormalTextRun SCXW116793924 BCX8\"> grundat av John Nelson <\/span><\/span><\/span><span class=\"TrackChangeTextInsertion TrackedChange SCXW116793924 BCX8\"><span class=\"TextRun SCXW116793924 BCX8\" lang=\"EN-US\" xml:lang=\"EN-US\" data-contrast=\"auto\"><span class=\"NormalTextRun SCXW116793924 BCX8\">Darby, en av de mest inflytelserika protestantiska t\u00e4nkarna under 1900-talet.<\/span><\/span><\/span><span class=\"TrackChangeTextInsertion TrackedChange SCXW116793924 BCX8\"><span class=\"TrackedChange SCXW116793924 BCX8\"><span class=\"TextRun SCXW116793924 BCX8\" lang=\"EN-US\" xml:lang=\"EN-US\" data-contrast=\"auto\"><span class=\"NormalTextRun Superscript SCXW116793924 BCX8\" data-fontsize=\"11\">\u00de<\/span><\/span><\/span><\/span><span class=\"TrackChangeTextInsertion TrackedChange SCXW116793924 BCX8\"><span class=\"TextRun SCXW116793924 BCX8\" lang=\"EN-US\" xml:lang=\"EN-US\" data-contrast=\"auto\"><span class=\"NormalTextRun SCXW116793924 BCX8\"> \u00e5rhundrade.<\/span><\/span><\/span><\/p>\n","enable_button":true,"button":{"button_text":"","button_url":"","open_in_new_tab":false,"button_class":""},"link_source":"menu","select_a_menu":{"value":"17","label":"Vilka vi \u00e4r"},"menu_title":"","custom_links":false,"header_styles":{"":null,"background_colour":"#515151","background_image":751,"text_colour":"white"},"row_class":""},{"acf_fc_layout":"module_section","row":[{"column_gap":"6","column":[{"module":[{"acf_fc_layout":"rich_media_block","image":false,"header":{"":null,"title":"L\u00e4r dig mer om v\u00e5rt ursprung","heading_level":"h2","header_styles":{"":null,"background_colour":"","background_image":false,"text_colour":"white"},"make_separator":true},"content":"<p><span data-contrast=\"auto\">Vi bildades i b\u00f6rjan av 1800-talet i England efter ett v\u00e4xande missn\u00f6je med den anglikanska kyrkan. Den h\u00e4r k\u00e4nslan ledde till ett antal sj\u00e4lvst\u00e4ndiga m\u00f6ten d\u00e4r m\u00e4n och kvinnor samlades f\u00f6r att l\u00e4ra sig undervisning i Bibelns Nya testamente. Redan fr\u00e5n b\u00f6rjan var dessa sammankomster inriktade p\u00e5 firandet av nattvarden, \u00e4ven k\u00e4nd som den heliga kommunionen, som forts\u00e4tter att vara k\u00e4rnan i v\u00e5r tro. <\/span><\/p>\n<p><span data-contrast=\"auto\">Denna nybildade gemenskap, som kallades \u201cBr\u00f6derna\u201d, f\u00f6rkastade en kyrklig ordning och fokuserade i st\u00e4llet p\u00e5 individens direkta relation till Gud. De tr\u00e4ffades i enkla m\u00f6tesrum f\u00f6r att fira nattvarden och f\u00f6r att f\u00f6rena sig i b\u00f6n och predika evangeliet, precis som vi g\u00f6r i dag. <\/span><\/p>\n<p><span data-contrast=\"auto\">\u00c5r 1829 hade de f\u00f6rsta permanenta m\u00f6tena bildats och deltagarna antog namnet Plymouthbr\u00f6derna, eftersom n\u00e5gra av de grundande l\u00e4rarna kom fr\u00e5n Plymouth i s\u00f6dra England. <\/span><\/p>\n<p><span data-contrast=\"auto\">John Nelson Darby spelade en avg\u00f6rande roll i bildandet av PBCC. Vid mitten av 1800-talet hade medlemmar invandrat till Nord- och Sydamerika, Afrika, Australien och Nya Zeeland och grunden f\u00f6r en global kristen gemenskap hade grundats. <\/span><\/p>\n","enable_button":true,"button":{"button_text":"","button_url":"","open_in_new_tab":false,"button_class":""},"class":""},{"acf_fc_layout":"global_module","global_module_id":false}],"columns_sm":"8","columns_md":"none","columns_lg":"none"},{"module":false,"columns_sm":"8","columns_md":"none","columns_lg":"8"},{"module":false,"columns_sm":"4","columns_md":"none","columns_lg":"4"}],"row_class":"","module_padding":{"":null,"padding_top_xs":"","padding_bottom_xs":"","padding_left_xs":"","padding_right_xs":"","padding_top_md":"","padding_bottom_md":"","padding_left_md":"","padding_right_md":"","padding_top_lg":"","padding_bottom_lg":"","padding_left_lg":"","padding_right_lg":""},"module_margin":{"":null,"margin_top_xs":"","margin_bottom_xs":"","margin_left_xs":"","margin_right_xs":"","margin_top_md":"","margin_bottom_md":"","margin_left_md":"","margin_right_md":"","margin_top_lg":"","margin_bottom_lg":"","margin_left_lg":"","margin_right_lg":""}}],"section_heading":"","section_class":"","module_padding":{"":null,"padding_top_xs":"","padding_bottom_xs":"","padding_left_xs":"","padding_right_xs":"","padding_top_md":"","padding_bottom_md":"","padding_left_md":"","padding_right_md":"","padding_top_lg":"","padding_bottom_lg":"","padding_left_lg":"","padding_right_lg":""},"module_margin":{"":null,"margin_top_xs":"","margin_bottom_xs":"","margin_left_xs":"","margin_right_xs":"","margin_top_md":"","margin_bottom_md":"","margin_left_md":"","margin_right_md":"","margin_top_lg":"","margin_bottom_lg":"","margin_left_lg":"","margin_right_lg":""}},{"acf_fc_layout":"image_slider","slider_id":3402}]},"yoast_head":"<!-- This site is optimized with the Yoast SEO plugin v25.2 - https:\/\/yoast.com\/wordpress\/plugins\/seo\/ -->\n<title>V\u00e5r historia | Plymouth Brethren Christian Church<\/title>\n<meta name=\"description\" content=\"Bes\u00f6k sidan V\u00e5r historia p\u00e5 kyrkans hemsida, en kristen gemenskap som bygger p\u00e5 Bibeln som Guds ord.\" \/>\n<meta name=\"robots\" content=\"index, follow, max-snippet:-1, max-image-preview:large, max-video-preview:-1\" \/>\n<link rel=\"canonical\" href=\"https:\/\/www.plymouthbrethrenchristianchurch.org\/sv\/samhallet\/historia\/\" \/>\n<meta property=\"og:locale\" content=\"sv_SE\" \/>\n<meta property=\"og:type\" content=\"article\" \/>\n<meta property=\"og:title\" content=\"V\u00e5r historia | Plymouth Brethren Christian Church\" \/>\n<meta property=\"og:description\" content=\"Bes\u00f6k sidan V\u00e5r historia p\u00e5 kyrkans hemsida, en kristen gemenskap som bygger p\u00e5 Bibeln som Guds ord.\" \/>\n<meta property=\"og:url\" content=\"https:\/\/www.plymouthbrethrenchristianchurch.org\/sv\/samhallet\/historia\/\" \/>\n<meta property=\"og:site_name\" content=\"Plymouth Brethren Christian Church\" \/>\n<meta property=\"article:publisher\" content=\"https:\/\/www.facebook.com\/PlymouthBrethrenChristianChurch\" \/>\n<meta property=\"article:modified_time\" content=\"2026-03-18T13:36:38+00:00\" \/>\n<meta name=\"twitter:card\" content=\"summary_large_image\" \/>\n<script type=\"application\/ld+json\" class=\"yoast-schema-graph\">{\"@context\":\"https:\/\/schema.org\",\"@graph\":[{\"@type\":\"WebPage\",\"@id\":\"https:\/\/www.plymouthbrethrenchristianchurch.org\/sv\/samhallet\/historia\/\",\"url\":\"https:\/\/www.plymouthbrethrenchristianchurch.org\/sv\/samhallet\/historia\/\",\"name\":\"V\u00e5r historia | Plymouth Brethren Christian Church\",\"isPartOf\":{\"@id\":\"https:\/\/www.plymouthbrethrenchristianchurch.org\/#website\"},\"datePublished\":\"2020-05-06T20:39:48+00:00\",\"dateModified\":\"2026-03-18T13:36:38+00:00\",\"description\":\"Bes\u00f6k sidan V\u00e5r historia p\u00e5 kyrkans hemsida, en kristen gemenskap som bygger p\u00e5 Bibeln som Guds ord.\",\"breadcrumb\":{\"@id\":\"https:\/\/www.plymouthbrethrenchristianchurch.org\/sv\/samhallet\/historia\/#breadcrumb\"},\"inLanguage\":\"sv-SE\",\"potentialAction\":[{\"@type\":\"ReadAction\",\"target\":[\"https:\/\/www.plymouthbrethrenchristianchurch.org\/sv\/samhallet\/historia\/\"]}]},{\"@type\":\"BreadcrumbList\",\"@id\":\"https:\/\/www.plymouthbrethrenchristianchurch.org\/sv\/samhallet\/historia\/#breadcrumb\",\"itemListElement\":[{\"@type\":\"ListItem\",\"position\":1,\"name\":\"Home\",\"item\":\"https:\/\/www.plymouthbrethrenchristianchurch.org\/sv\/hem\/\"},{\"@type\":\"ListItem\",\"position\":2,\"name\":\"Livsstil\",\"item\":\"https:\/\/www.plymouthbrethrenchristianchurch.org\/sv\/samhallet\/\"},{\"@type\":\"ListItem\",\"position\":3,\"name\":\"V\u00e5r historia\"}]},{\"@type\":\"WebSite\",\"@id\":\"https:\/\/www.plymouthbrethrenchristianchurch.org\/#website\",\"url\":\"https:\/\/www.plymouthbrethrenchristianchurch.org\/\",\"name\":\"Plymouth Brethren Christian Church\",\"description\":\"\",\"publisher\":{\"@id\":\"https:\/\/www.plymouthbrethrenchristianchurch.org\/#organization\"},\"potentialAction\":[{\"@type\":\"SearchAction\",\"target\":{\"@type\":\"EntryPoint\",\"urlTemplate\":\"https:\/\/www.plymouthbrethrenchristianchurch.org\/?s={search_term_string}\"},\"query-input\":{\"@type\":\"PropertyValueSpecification\",\"valueRequired\":true,\"valueName\":\"search_term_string\"}}],\"inLanguage\":\"sv-SE\"},{\"@type\":\"Organization\",\"@id\":\"https:\/\/www.plymouthbrethrenchristianchurch.org\/#organization\",\"name\":\"Plymouth Brethren Christian Church\",\"url\":\"https:\/\/www.plymouthbrethrenchristianchurch.org\/\",\"logo\":{\"@type\":\"ImageObject\",\"inLanguage\":\"sv-SE\",\"@id\":\"https:\/\/www.plymouthbrethrenchristianchurch.org\/#\/schema\/logo\/image\/\",\"url\":\"https:\/\/www.plymouthbrethrenchristianchurch.org\/wp-content\/uploads\/2020\/05\/site-logo.svg\",\"contentUrl\":\"https:\/\/www.plymouthbrethrenchristianchurch.org\/wp-content\/uploads\/2020\/05\/site-logo.svg\",\"caption\":\"Plymouth Brethren Christian Church\"},\"image\":{\"@id\":\"https:\/\/www.plymouthbrethrenchristianchurch.org\/#\/schema\/logo\/image\/\"},\"sameAs\":[\"https:\/\/www.facebook.com\/PlymouthBrethrenChristianChurch\",\"https:\/\/www.youtube.com\/channel\/UC76fGueDJBbLvhs988yTBXQ\",\"https:\/\/www.pinterest.com.au\/plymouthbcc\/\"]}]}<\/script>\n<!-- \/ Yoast SEO plugin. -->","yoast_head_json":{"title":"V\u00e5r historia | Plymouth Brethren Christian Church","description":"Bes\u00f6k sidan V\u00e5r historia p\u00e5 kyrkans hemsida, en kristen gemenskap som bygger p\u00e5 Bibeln som Guds ord.","robots":{"index":"index","follow":"follow","max-snippet":"max-snippet:-1","max-image-preview":"max-image-preview:large","max-video-preview":"max-video-preview:-1"},"canonical":"https:\/\/www.plymouthbrethrenchristianchurch.org\/sv\/samhallet\/historia\/","og_locale":"sv_SE","og_type":"article","og_title":"V\u00e5r historia | Plymouth Brethren Christian Church","og_description":"Bes\u00f6k sidan V\u00e5r historia p\u00e5 kyrkans hemsida, en kristen gemenskap som bygger p\u00e5 Bibeln som Guds ord.","og_url":"https:\/\/www.plymouthbrethrenchristianchurch.org\/sv\/samhallet\/historia\/","og_site_name":"Plymouth Brethren Christian Church","article_publisher":"https:\/\/www.facebook.com\/PlymouthBrethrenChristianChurch","article_modified_time":"2026-03-18T13:36:38+00:00","twitter_card":"summary_large_image","schema":{"@context":"https:\/\/schema.org","@graph":[{"@type":"WebPage","@id":"https:\/\/www.plymouthbrethrenchristianchurch.org\/sv\/samhallet\/historia\/","url":"https:\/\/www.plymouthbrethrenchristianchurch.org\/sv\/samhallet\/historia\/","name":"V\u00e5r historia | Plymouth Brethren Christian Church","isPartOf":{"@id":"https:\/\/www.plymouthbrethrenchristianchurch.org\/#website"},"datePublished":"2020-05-06T20:39:48+00:00","dateModified":"2026-03-18T13:36:38+00:00","description":"Bes\u00f6k sidan V\u00e5r historia p\u00e5 kyrkans hemsida, en kristen gemenskap som bygger p\u00e5 Bibeln som Guds ord.","breadcrumb":{"@id":"https:\/\/www.plymouthbrethrenchristianchurch.org\/sv\/samhallet\/historia\/#breadcrumb"},"inLanguage":"sv-SE","potentialAction":[{"@type":"ReadAction","target":["https:\/\/www.plymouthbrethrenchristianchurch.org\/sv\/samhallet\/historia\/"]}]},{"@type":"BreadcrumbList","@id":"https:\/\/www.plymouthbrethrenchristianchurch.org\/sv\/samhallet\/historia\/#breadcrumb","itemListElement":[{"@type":"ListItem","position":1,"name":"Home","item":"https:\/\/www.plymouthbrethrenchristianchurch.org\/sv\/hem\/"},{"@type":"ListItem","position":2,"name":"Livsstil","item":"https:\/\/www.plymouthbrethrenchristianchurch.org\/sv\/samhallet\/"},{"@type":"ListItem","position":3,"name":"V\u00e5r historia"}]},{"@type":"WebSite","@id":"https:\/\/www.plymouthbrethrenchristianchurch.org\/#website","url":"https:\/\/www.plymouthbrethrenchristianchurch.org\/","name":"Plymouth Brethren Christian Church","description":"","publisher":{"@id":"https:\/\/www.plymouthbrethrenchristianchurch.org\/#organization"},"potentialAction":[{"@type":"SearchAction","target":{"@type":"EntryPoint","urlTemplate":"https:\/\/www.plymouthbrethrenchristianchurch.org\/?s={search_term_string}"},"query-input":{"@type":"PropertyValueSpecification","valueRequired":true,"valueName":"search_term_string"}}],"inLanguage":"sv-SE"},{"@type":"Organization","@id":"https:\/\/www.plymouthbrethrenchristianchurch.org\/#organization","name":"Plymouth Brethren Christian Church","url":"https:\/\/www.plymouthbrethrenchristianchurch.org\/","logo":{"@type":"ImageObject","inLanguage":"sv-SE","@id":"https:\/\/www.plymouthbrethrenchristianchurch.org\/#\/schema\/logo\/image\/","url":"https:\/\/www.plymouthbrethrenchristianchurch.org\/wp-content\/uploads\/2020\/05\/site-logo.svg","contentUrl":"https:\/\/www.plymouthbrethrenchristianchurch.org\/wp-content\/uploads\/2020\/05\/site-logo.svg","caption":"Plymouth Brethren Christian Church"},"image":{"@id":"https:\/\/www.plymouthbrethrenchristianchurch.org\/#\/schema\/logo\/image\/"},"sameAs":["https:\/\/www.facebook.com\/PlymouthBrethrenChristianChurch","https:\/\/www.youtube.com\/channel\/UC76fGueDJBbLvhs988yTBXQ","https:\/\/www.pinterest.com.au\/plymouthbcc\/"]}]}},"_links":{"self":[{"href":"https:\/\/www.plymouthbrethrenchristianchurch.org\/sv\/wp-json\/wp\/v2\/pages\/2797"}],"collection":[{"href":"https:\/\/www.plymouthbrethrenchristianchurch.org\/sv\/wp-json\/wp\/v2\/pages"}],"about":[{"href":"https:\/\/www.plymouthbrethrenchristianchurch.org\/sv\/wp-json\/wp\/v2\/types\/page"}],"author":[{"embeddable":true,"href":"https:\/\/www.plymouthbrethrenchristianchurch.org\/sv\/wp-json\/wp\/v2\/users\/2"}],"replies":[{"embeddable":true,"href":"https:\/\/www.plymouthbrethrenchristianchurch.org\/sv\/wp-json\/wp\/v2\/comments?post=2797"}],"version-history":[{"count":7,"href":"https:\/\/www.plymouthbrethrenchristianchurch.org\/sv\/wp-json\/wp\/v2\/pages\/2797\/revisions"}],"predecessor-version":[{"id":8218,"href":"https:\/\/www.plymouthbrethrenchristianchurch.org\/sv\/wp-json\/wp\/v2\/pages\/2797\/revisions\/8218"}],"up":[{"embeddable":true,"href":"https:\/\/www.plymouthbrethrenchristianchurch.org\/sv\/wp-json\/wp\/v2\/pages\/2895"}],"wp:attachment":[{"href":"https:\/\/www.plymouthbrethrenchristianchurch.org\/sv\/wp-json\/wp\/v2\/media?parent=2797"}],"curies":[{"name":"wp","href":"https:\/\/api.w.org\/{rel}","templated":true}]}}