{"id":2822,"date":"2020-09-04T13:28:25","date_gmt":"2020-09-04T03:28:25","guid":{"rendered":"https:\/\/www.plymouthbrethrenchristianchurch.org\/vilka-vi-ar\/videor\/"},"modified":"2020-12-03T13:08:18","modified_gmt":"2020-12-03T03:08:18","slug":"videor","status":"publish","type":"page","link":"https:\/\/www.plymouthbrethrenchristianchurch.org\/sv\/samhallet\/vilka-vi-ar\/videor\/","title":{"rendered":"Videor"},"content":{"rendered":"","protected":false},"excerpt":{"rendered":"","protected":false},"author":2,"featured_media":0,"parent":2769,"menu_order":5,"comment_status":"closed","ping_status":"closed","template":"page-templates\/acf-flexible-content.php","meta":{"_acf_changed":false,"_relevanssi_hide_post":"","_relevanssi_hide_content":"","_relevanssi_pin_for_all":"","_relevanssi_pin_keywords":"","_relevanssi_unpin_keywords":"","_relevanssi_related_keywords":"","_relevanssi_related_include_ids":"","_relevanssi_related_exclude_ids":"","_relevanssi_related_no_append":"","_relevanssi_related_not_related":"","_relevanssi_related_posts":"","_relevanssi_noindex_reason":"","inline_featured_image":false,"footnotes":""},"class_list":["post-2822","page","type-page","status-publish","hentry"],"acf":{"post_page_video":"","content":[{"acf_fc_layout":"page_header_with_links","override_title":false,"custom_title":"","intro_text":"<div class=\"page-header__intro_text md:text-md\">\n<p>L\u00e4r mer om Plymouthbr\u00f6derna i v\u00e5ra videor, inklusive en serie dokument\u00e4ra kortfilmer som heter \u201dLiving Our Beliefs\u201d \u2013 \u201dLeva V\u00e5r Tro\u201d.<\/p>\n<p>Du kan ocks\u00e5 bes\u00f6ka webbplatsen \u201dTogether, We Are Brethren\u201d \u2013 \u201dTillsammans, Vi \u00c4r Br\u00f6der\u201d, f\u00f6r mer information om kyrkan och dess n\u00e4tverk. Denna webbplats ger dig f\u00f6rst\u00e5else om kyrkans samarbete med det allm\u00e4nna samh\u00e4llet.<\/p>\n<p><a href=\"https:\/\/togetherwearebrethren.com.au\/\" target=\"_blank\" rel=\"noopener\"><img loading=\"lazy\" decoding=\"async\" class=\"alignleft wp-image-2700\" src=\"https:\/\/www.plymouthbrethrenchristianchurch.org\/wp-content\/uploads\/2020\/08\/TWAB_Logo-300x114.png\" alt=\"Together We Are Brethren Logo\" width=\"276\" height=\"105\" srcset=\"https:\/\/www.plymouthbrethrenchristianchurch.org\/wp-content\/uploads\/2020\/08\/TWAB_Logo-300x114.png 300w, https:\/\/www.plymouthbrethrenchristianchurch.org\/wp-content\/uploads\/2020\/08\/TWAB_Logo-1024x390.png 1024w, https:\/\/www.plymouthbrethrenchristianchurch.org\/wp-content\/uploads\/2020\/08\/TWAB_Logo-768x293.png 768w, https:\/\/www.plymouthbrethrenchristianchurch.org\/wp-content\/uploads\/2020\/08\/TWAB_Logo-1536x585.png 1536w, https:\/\/www.plymouthbrethrenchristianchurch.org\/wp-content\/uploads\/2020\/08\/TWAB_Logo-2048x780.png 2048w\" sizes=\"(max-width: 276px) 100vw, 276px\" \/><\/a><\/p>\n<\/div>\n","enable_button":true,"button":{"button_text":"Bes\u00f6k hemsida","button_url":{"title":"","url":"https:\/\/togetherwearebrethren.com.au\/","target":"_blank"},"open_in_new_tab":true,"button_class":""},"link_source":"menu","select_a_menu":{"value":"17","label":"Vilka vi \u00e4r"},"menu_title":"","custom_links":false,"header_styles":{"":null,"background_colour":"#ffffff","background_image":1679,"text_colour":"black"},"row_class":""},{"acf_fc_layout":"article_grid","per_page":"9","columns":"3","include_categories":[15],"exclude_categories":false,"enable_pagination":true},{"acf_fc_layout":"global_section","section_id":193}]},"yoast_head":"<!-- This site is optimized with the Yoast SEO plugin v25.2 - https:\/\/yoast.com\/wordpress\/plugins\/seo\/ -->\n<title>Videor | Plymouth Brethren Christian Church<\/title>\n<meta name=\"description\" content=\"Visit the Videor page on the website of the Plymouth Brethren Christian Church, a Christian fellowship based on the Holy Bible as the Word of God.\" \/>\n<meta name=\"robots\" content=\"index, follow, max-snippet:-1, max-image-preview:large, max-video-preview:-1\" \/>\n<link rel=\"canonical\" href=\"https:\/\/www.plymouthbrethrenchristianchurch.org\/sv\/samhallet\/vilka-vi-ar\/videor\/\" \/>\n<meta property=\"og:locale\" content=\"sv_SE\" \/>\n<meta property=\"og:type\" content=\"article\" \/>\n<meta property=\"og:title\" content=\"Videor | Plymouth Brethren Christian Church\" \/>\n<meta property=\"og:description\" content=\"Visit the Videor page on the website of the Plymouth Brethren Christian Church, a Christian fellowship based on the Holy Bible as the Word of God.\" \/>\n<meta property=\"og:url\" content=\"https:\/\/www.plymouthbrethrenchristianchurch.org\/sv\/samhallet\/vilka-vi-ar\/videor\/\" \/>\n<meta property=\"og:site_name\" content=\"Plymouth Brethren Christian Church\" \/>\n<meta property=\"article:publisher\" content=\"https:\/\/www.facebook.com\/PlymouthBrethrenChristianChurch\" \/>\n<meta property=\"article:modified_time\" content=\"2020-12-03T03:08:18+00:00\" \/>\n<meta name=\"twitter:card\" content=\"summary_large_image\" \/>\n<script type=\"application\/ld+json\" class=\"yoast-schema-graph\">{\"@context\":\"https:\/\/schema.org\",\"@graph\":[{\"@type\":\"WebPage\",\"@id\":\"https:\/\/www.plymouthbrethrenchristianchurch.org\/sv\/samhallet\/vilka-vi-ar\/videor\/\",\"url\":\"https:\/\/www.plymouthbrethrenchristianchurch.org\/sv\/samhallet\/vilka-vi-ar\/videor\/\",\"name\":\"Videor | Plymouth Brethren Christian Church\",\"isPartOf\":{\"@id\":\"https:\/\/www.plymouthbrethrenchristianchurch.org\/#website\"},\"datePublished\":\"2020-09-04T03:28:25+00:00\",\"dateModified\":\"2020-12-03T03:08:18+00:00\",\"description\":\"Visit the Videor page on the website of the Plymouth Brethren Christian Church, a Christian fellowship based on the Holy Bible as the Word of God.\",\"breadcrumb\":{\"@id\":\"https:\/\/www.plymouthbrethrenchristianchurch.org\/sv\/samhallet\/vilka-vi-ar\/videor\/#breadcrumb\"},\"inLanguage\":\"sv-SE\",\"potentialAction\":[{\"@type\":\"ReadAction\",\"target\":[\"https:\/\/www.plymouthbrethrenchristianchurch.org\/sv\/samhallet\/vilka-vi-ar\/videor\/\"]}]},{\"@type\":\"BreadcrumbList\",\"@id\":\"https:\/\/www.plymouthbrethrenchristianchurch.org\/sv\/samhallet\/vilka-vi-ar\/videor\/#breadcrumb\",\"itemListElement\":[{\"@type\":\"ListItem\",\"position\":1,\"name\":\"Home\",\"item\":\"https:\/\/www.plymouthbrethrenchristianchurch.org\/sv\/hem\/\"},{\"@type\":\"ListItem\",\"position\":2,\"name\":\"Livsstil\",\"item\":\"https:\/\/www.plymouthbrethrenchristianchurch.org\/sv\/samhallet\/\"},{\"@type\":\"ListItem\",\"position\":3,\"name\":\"V\u00e5ra \u00f6vertygelser\",\"item\":\"https:\/\/www.plymouthbrethrenchristianchurch.org\/sv\/samhallet\/vilka-vi-ar\/\"},{\"@type\":\"ListItem\",\"position\":4,\"name\":\"Videor\"}]},{\"@type\":\"WebSite\",\"@id\":\"https:\/\/www.plymouthbrethrenchristianchurch.org\/#website\",\"url\":\"https:\/\/www.plymouthbrethrenchristianchurch.org\/\",\"name\":\"Plymouth Brethren Christian Church\",\"description\":\"\",\"publisher\":{\"@id\":\"https:\/\/www.plymouthbrethrenchristianchurch.org\/#organization\"},\"potentialAction\":[{\"@type\":\"SearchAction\",\"target\":{\"@type\":\"EntryPoint\",\"urlTemplate\":\"https:\/\/www.plymouthbrethrenchristianchurch.org\/?s={search_term_string}\"},\"query-input\":{\"@type\":\"PropertyValueSpecification\",\"valueRequired\":true,\"valueName\":\"search_term_string\"}}],\"inLanguage\":\"sv-SE\"},{\"@type\":\"Organization\",\"@id\":\"https:\/\/www.plymouthbrethrenchristianchurch.org\/#organization\",\"name\":\"Plymouth Brethren Christian Church\",\"url\":\"https:\/\/www.plymouthbrethrenchristianchurch.org\/\",\"logo\":{\"@type\":\"ImageObject\",\"inLanguage\":\"sv-SE\",\"@id\":\"https:\/\/www.plymouthbrethrenchristianchurch.org\/#\/schema\/logo\/image\/\",\"url\":\"https:\/\/www.plymouthbrethrenchristianchurch.org\/wp-content\/uploads\/2020\/05\/site-logo.svg\",\"contentUrl\":\"https:\/\/www.plymouthbrethrenchristianchurch.org\/wp-content\/uploads\/2020\/05\/site-logo.svg\",\"caption\":\"Plymouth Brethren Christian Church\"},\"image\":{\"@id\":\"https:\/\/www.plymouthbrethrenchristianchurch.org\/#\/schema\/logo\/image\/\"},\"sameAs\":[\"https:\/\/www.facebook.com\/PlymouthBrethrenChristianChurch\",\"https:\/\/www.youtube.com\/channel\/UC76fGueDJBbLvhs988yTBXQ\",\"https:\/\/www.pinterest.com.au\/plymouthbcc\/\"]}]}<\/script>\n<!-- \/ Yoast SEO plugin. -->","yoast_head_json":{"title":"Videor | Plymouth Brethren Christian Church","description":"Visit the Videor page on the website of the Plymouth Brethren Christian Church, a Christian fellowship based on the Holy Bible as the Word of God.","robots":{"index":"index","follow":"follow","max-snippet":"max-snippet:-1","max-image-preview":"max-image-preview:large","max-video-preview":"max-video-preview:-1"},"canonical":"https:\/\/www.plymouthbrethrenchristianchurch.org\/sv\/samhallet\/vilka-vi-ar\/videor\/","og_locale":"sv_SE","og_type":"article","og_title":"Videor | Plymouth Brethren Christian Church","og_description":"Visit the Videor page on the website of the Plymouth Brethren Christian Church, a Christian fellowship based on the Holy Bible as the Word of God.","og_url":"https:\/\/www.plymouthbrethrenchristianchurch.org\/sv\/samhallet\/vilka-vi-ar\/videor\/","og_site_name":"Plymouth Brethren Christian Church","article_publisher":"https:\/\/www.facebook.com\/PlymouthBrethrenChristianChurch","article_modified_time":"2020-12-03T03:08:18+00:00","twitter_card":"summary_large_image","schema":{"@context":"https:\/\/schema.org","@graph":[{"@type":"WebPage","@id":"https:\/\/www.plymouthbrethrenchristianchurch.org\/sv\/samhallet\/vilka-vi-ar\/videor\/","url":"https:\/\/www.plymouthbrethrenchristianchurch.org\/sv\/samhallet\/vilka-vi-ar\/videor\/","name":"Videor | Plymouth Brethren Christian Church","isPartOf":{"@id":"https:\/\/www.plymouthbrethrenchristianchurch.org\/#website"},"datePublished":"2020-09-04T03:28:25+00:00","dateModified":"2020-12-03T03:08:18+00:00","description":"Visit the Videor page on the website of the Plymouth Brethren Christian Church, a Christian fellowship based on the Holy Bible as the Word of God.","breadcrumb":{"@id":"https:\/\/www.plymouthbrethrenchristianchurch.org\/sv\/samhallet\/vilka-vi-ar\/videor\/#breadcrumb"},"inLanguage":"sv-SE","potentialAction":[{"@type":"ReadAction","target":["https:\/\/www.plymouthbrethrenchristianchurch.org\/sv\/samhallet\/vilka-vi-ar\/videor\/"]}]},{"@type":"BreadcrumbList","@id":"https:\/\/www.plymouthbrethrenchristianchurch.org\/sv\/samhallet\/vilka-vi-ar\/videor\/#breadcrumb","itemListElement":[{"@type":"ListItem","position":1,"name":"Home","item":"https:\/\/www.plymouthbrethrenchristianchurch.org\/sv\/hem\/"},{"@type":"ListItem","position":2,"name":"Livsstil","item":"https:\/\/www.plymouthbrethrenchristianchurch.org\/sv\/samhallet\/"},{"@type":"ListItem","position":3,"name":"V\u00e5ra \u00f6vertygelser","item":"https:\/\/www.plymouthbrethrenchristianchurch.org\/sv\/samhallet\/vilka-vi-ar\/"},{"@type":"ListItem","position":4,"name":"Videor"}]},{"@type":"WebSite","@id":"https:\/\/www.plymouthbrethrenchristianchurch.org\/#website","url":"https:\/\/www.plymouthbrethrenchristianchurch.org\/","name":"Plymouth Brethren Christian Church","description":"","publisher":{"@id":"https:\/\/www.plymouthbrethrenchristianchurch.org\/#organization"},"potentialAction":[{"@type":"SearchAction","target":{"@type":"EntryPoint","urlTemplate":"https:\/\/www.plymouthbrethrenchristianchurch.org\/?s={search_term_string}"},"query-input":{"@type":"PropertyValueSpecification","valueRequired":true,"valueName":"search_term_string"}}],"inLanguage":"sv-SE"},{"@type":"Organization","@id":"https:\/\/www.plymouthbrethrenchristianchurch.org\/#organization","name":"Plymouth Brethren Christian Church","url":"https:\/\/www.plymouthbrethrenchristianchurch.org\/","logo":{"@type":"ImageObject","inLanguage":"sv-SE","@id":"https:\/\/www.plymouthbrethrenchristianchurch.org\/#\/schema\/logo\/image\/","url":"https:\/\/www.plymouthbrethrenchristianchurch.org\/wp-content\/uploads\/2020\/05\/site-logo.svg","contentUrl":"https:\/\/www.plymouthbrethrenchristianchurch.org\/wp-content\/uploads\/2020\/05\/site-logo.svg","caption":"Plymouth Brethren Christian Church"},"image":{"@id":"https:\/\/www.plymouthbrethrenchristianchurch.org\/#\/schema\/logo\/image\/"},"sameAs":["https:\/\/www.facebook.com\/PlymouthBrethrenChristianChurch","https:\/\/www.youtube.com\/channel\/UC76fGueDJBbLvhs988yTBXQ","https:\/\/www.pinterest.com.au\/plymouthbcc\/"]}]}},"_links":{"self":[{"href":"https:\/\/www.plymouthbrethrenchristianchurch.org\/sv\/wp-json\/wp\/v2\/pages\/2822"}],"collection":[{"href":"https:\/\/www.plymouthbrethrenchristianchurch.org\/sv\/wp-json\/wp\/v2\/pages"}],"about":[{"href":"https:\/\/www.plymouthbrethrenchristianchurch.org\/sv\/wp-json\/wp\/v2\/types\/page"}],"author":[{"embeddable":true,"href":"https:\/\/www.plymouthbrethrenchristianchurch.org\/sv\/wp-json\/wp\/v2\/users\/2"}],"replies":[{"embeddable":true,"href":"https:\/\/www.plymouthbrethrenchristianchurch.org\/sv\/wp-json\/wp\/v2\/comments?post=2822"}],"version-history":[{"count":1,"href":"https:\/\/www.plymouthbrethrenchristianchurch.org\/sv\/wp-json\/wp\/v2\/pages\/2822\/revisions"}],"predecessor-version":[{"id":3539,"href":"https:\/\/www.plymouthbrethrenchristianchurch.org\/sv\/wp-json\/wp\/v2\/pages\/2822\/revisions\/3539"}],"up":[{"embeddable":true,"href":"https:\/\/www.plymouthbrethrenchristianchurch.org\/sv\/wp-json\/wp\/v2\/pages\/2769"}],"wp:attachment":[{"href":"https:\/\/www.plymouthbrethrenchristianchurch.org\/sv\/wp-json\/wp\/v2\/media?parent=2822"}],"curies":[{"name":"wp","href":"https:\/\/api.w.org\/{rel}","templated":true}]}}