{"id":2853,"date":"2020-04-30T06:45:09","date_gmt":"2020-04-29T20:45:09","guid":{"rendered":"https:\/\/www.plymouthbrethrenchristianchurch.org\/vad-vi-tror\/"},"modified":"2024-09-10T15:15:39","modified_gmt":"2024-09-10T05:15:39","slug":"vad-vi-tror","status":"publish","type":"page","link":"https:\/\/www.plymouthbrethrenchristianchurch.org\/sv\/vad-vi-tror\/","title":{"rendered":"Vad vi tror"},"content":{"rendered":"","protected":false},"excerpt":{"rendered":"<p>Den heliga Bibeln \u00e4r det sanna Guds Ord och vi tror att vi var och en uppmanas att leva ett liv i enlighet med dess instruktioner.<\/p>\n","protected":false},"author":1,"featured_media":0,"parent":0,"menu_order":3,"comment_status":"closed","ping_status":"closed","template":"page-templates\/acf-flexible-content.php","meta":{"_acf_changed":false,"_relevanssi_hide_post":"","_relevanssi_hide_content":"","_relevanssi_pin_for_all":"","_relevanssi_pin_keywords":"","_relevanssi_unpin_keywords":"","_relevanssi_related_keywords":"","_relevanssi_related_include_ids":"","_relevanssi_related_exclude_ids":"","_relevanssi_related_no_append":"","_relevanssi_related_not_related":"","_relevanssi_related_posts":"","_relevanssi_noindex_reason":"","inline_featured_image":false,"footnotes":""},"class_list":["post-2853","page","type-page","status-publish","hentry"],"acf":{"post_page_video":"","content":[{"acf_fc_layout":"page_header_with_links","override_title":false,"custom_title":"","intro_text":"<p>Plymouth Brothers Kristna Kyrkan \u00e4r en kristen gemenskap baserad p\u00e5 Den Heliga Bibeln som Guds Ord. L\u00e4r dig mer om Plymouth Brothers \u00f6vertygelser och tro.<\/p>\n","enable_button":false,"button":{"button_text":"","button_url":"","open_in_new_tab":false,"button_class":""},"link_source":"off","select_a_menu":{"value":"18","label":"Vad vi tror p\u00e5"},"menu_title":"","custom_links":false,"header_styles":{"":null,"background_colour":"#ffffff","background_image":831,"text_colour":"black"},"row_class":""},{"acf_fc_layout":"module_section","row":[{"column_gap":"4","column":[{"module":[{"acf_fc_layout":"rich_media_block","image":false,"header":{"":null,"title":"Den heliga Bibeln","heading_level":"h2","header_styles":{"":null,"background_colour":"","background_image":false,"text_colour":"orange"},"make_separator":false},"content":"<p>Den heliga Bibeln \u00e4r central f\u00f6r br\u00f6dernas s\u00e4tt att leva, tro, moral och uppf\u00f6randekod. Vi tror att Bibeln \u00e4r det sanna Guds ord, som ger v\u00e4gledning f\u00f6r varje del av v\u00e5ra liv.<\/p>\n","enable_button":false,"button":{"button_text":"","button_url":"","open_in_new_tab":false,"button_class":""},"class":""}],"columns_sm":"4","columns_md":"none","columns_lg":"4"},{"module":[{"acf_fc_layout":"rich_media_block","image":false,"header":{"":null,"title":"Fr\u00e4lsning","heading_level":"h2","header_styles":{"":null,"background_colour":"","background_image":false,"text_colour":"violet"},"make_separator":false},"content":"<p>V\u00e5rt evangeliska arbete \u00e4r avsett att leda m\u00e4nniskor till Kristus f\u00f6r deras sj\u00e4lars fr\u00e4lsning f\u00f6r nu och evighet. Alla som \u00e4r beredda att engagera sig i v\u00e5r tro och livsstil kan v\u00e4lja att g\u00e5 med i v\u00e5r kyrka.<\/p>\n","enable_button":false,"button":{"button_text":"","button_url":"","open_in_new_tab":false,"button_class":""},"class":""}],"columns_sm":"4","columns_md":"none","columns_lg":"4"},{"module":[{"acf_fc_layout":"rich_media_block","image":false,"header":{"":null,"title":"L\u00e4s mer","heading_level":"h2","header_styles":{"":null,"background_colour":"","background_image":false,"text_colour":"brown"},"make_separator":false},"content":"<p>F\u00f6r att ta reda p\u00e5 mer om v\u00e5r tro, eller om du bara vill prata med n\u00e5gon om din tro, kan du <a href=\"https:\/\/www.plymouthbrethrenchristianchurch.org\/contact\/\">kontakta oss<\/a>.<\/p>\n","enable_button":true,"button":{"button_text":"Ta kontakt","button_url":{"title":"","url":"https:\/\/www.plymouthbrethrenchristianchurch.org\/sv\/kontakta\/","target":""},"open_in_new_tab":false,"button_class":""},"class":""}],"columns_sm":"4","columns_md":"none","columns_lg":"4"}],"row_class":"","module_padding":{"":null,"padding_top_xs":"","padding_bottom_xs":"","padding_left_xs":"","padding_right_xs":"","padding_top_md":"","padding_bottom_md":"","padding_left_md":"","padding_right_md":"","padding_top_lg":"","padding_bottom_lg":"","padding_left_lg":"","padding_right_lg":""},"module_margin":{"":null,"margin_top_xs":"","margin_bottom_xs":"","margin_left_xs":"","margin_right_xs":"","margin_top_md":"","margin_bottom_md":"","margin_left_md":"","margin_right_md":"","margin_top_lg":"","margin_bottom_lg":"","margin_left_lg":"","margin_right_lg":""}}],"section_heading":"","section_class":"py-0","module_padding":{"":null,"padding_top_xs":"","padding_bottom_xs":"","padding_left_xs":"","padding_right_xs":"","padding_top_md":"","padding_bottom_md":"","padding_left_md":"","padding_right_md":"","padding_top_lg":"","padding_bottom_lg":"","padding_left_lg":"","padding_right_lg":""},"module_margin":{"":null,"margin_top_xs":"","margin_bottom_xs":"","margin_left_xs":"","margin_right_xs":"","margin_top_md":"","margin_bottom_md":"","margin_left_md":"","margin_right_md":"","margin_top_lg":"","margin_bottom_lg":"","margin_left_lg":"","margin_right_lg":""}},{"acf_fc_layout":"content_grid_1_2","section_title":"","content_row":[{"content_title":"Bibelns heliga","content_body":"<p>Plymouth Brothers tror att Bibeln \u00e4r det sanna Guds ord och vi tror att vi var och en uppmanas att leva ett liv i enlighet med dess instruktioner. Vi tror att den heliga Bibeln ger var och en av oss ov\u00e4rderlig v\u00e4gledning till varje aspekt av livet. Den som \u00e4r beredd att engagera sig f\u00f6r dessa trosuppfattningar och livsf\u00f6ring \u00e4r v\u00e4lkomna att g\u00e5 med i v\u00e5r kyrka.<\/p>\n","image":841,"enable_quote_overlay":false,"quote_overlay":{"quote_text":"","quote_source":""},"icon":{"icon":false,"icon_position":"left","icon_vertical_offset":""},"enable_link":true,"link":{"title":"Bibelns heliga","url":"https:\/\/www.plymouthbrethrenchristianchurch.org\/sv\/vad-vi-tror\/bibelns-heliga\/","target":""},"header_styles":{"":null,"background_colour":"","background_image":false,"text_colour":"orange"}},{"content_title":"Evangelie\u00e4mnen","content_body":"<p>Vi har samma tro som varje sann kristen och som s\u00e5dan tror vi andlig tillv\u00e4xt uppst\u00e5r n\u00e4r Bibelns l\u00e4rdomar till\u00e4mpas p\u00e5 det dagliga livet. Detta engagemang f\u00f6r Guds Ord \u00e4r en anledning v\u00e5ra medlemmar predikar evangeliet p\u00e5 gatan. Vi ser den best\u00e5ende skillnaden evangeliet har p\u00e5 liv och \u00f6nskar verkligen dela m\u00f6jligheten med andra att v\u00e4gleda dem till Kristus.<\/p>\n","image":2048,"enable_quote_overlay":false,"quote_overlay":{"quote_text":"","quote_source":""},"icon":{"icon":false,"icon_position":"left","icon_vertical_offset":""},"enable_link":true,"link":{"title":"Gospel \u00c4mnen","url":"https:\/\/www.plymouthbrethrenchristianchurch.org\/sv\/vad-vi-tror\/gospel-amnen\/","target":""},"header_styles":{"":null,"background_colour":"","background_image":false,"text_colour":"violet"}},{"content_title":"F\u00f6rfattare","content_body":"<p>L\u00e4s mer om f\u00f6rfattarna till evangeliet \u00e4mnen och predikningar som finns p\u00e5 Plymouth Br\u00f6der Kristna kyrkans webbplats.<\/p>\n","image":838,"enable_quote_overlay":false,"quote_overlay":{"quote_text":"","quote_source":""},"icon":{"icon":false,"icon_position":"left","icon_vertical_offset":""},"enable_link":true,"link":{"title":"F\u00f6rfattare","url":"https:\/\/www.plymouthbrethrenchristianchurch.org\/beliefs\/authors\/","target":""},"header_styles":{"":null,"background_colour":"","background_image":false,"text_colour":"brown"}},{"content_title":"Andra","content_body":"<p>\u00d6vriga upplysningar om Plymouth Brothers \u00f6vertygelser, inklusive l\u00e4ran om separation, \u00e5sikter om regeringen och tj\u00e4nst i krig<\/p>\n","image":852,"enable_quote_overlay":false,"quote_overlay":{"quote_text":"","quote_source":""},"icon":{"icon":false,"icon_position":"left","icon_vertical_offset":""},"enable_link":true,"link":{"title":"Andra","url":"https:\/\/www.plymouthbrethrenchristianchurch.org\/sv\/vad-vi-tror\/ovrigt\/","target":""},"header_styles":{"":null,"background_colour":"","background_image":false,"text_colour":"orange"}}]},{"acf_fc_layout":"quote_section","background_color":"orange","passage_text":"F\u00f6r s\u00e5 \u00e4lskade Gud v\u00e4rlden, att han gav sin enf\u00f6dde Son, f\u00f6r att den som tror p\u00e5 honom inte skall g\u00e5 under, utan ha evigt liv.  ","passage_source":"Johan 3 mot 16","background_image":126}]},"yoast_head":"<!-- This site is optimized with the Yoast SEO plugin v25.2 - https:\/\/yoast.com\/wordpress\/plugins\/seo\/ -->\n<title>Vad vi tror | Plymouth Brethren Christian Church<\/title>\n<meta name=\"description\" content=\"Bes\u00f6k sidan vad vi tror p\u00e5 p\u00e5 kyrkans hemsida, en kristen gemenskap som bygger p\u00e5 Bibeln som Guds ord.\" \/>\n<meta name=\"robots\" content=\"index, follow, max-snippet:-1, max-image-preview:large, max-video-preview:-1\" \/>\n<link rel=\"canonical\" href=\"https:\/\/www.plymouthbrethrenchristianchurch.org\/sv\/vad-vi-tror\/\" \/>\n<meta property=\"og:locale\" content=\"sv_SE\" \/>\n<meta property=\"og:type\" content=\"article\" \/>\n<meta property=\"og:title\" content=\"Vad vi tror | Plymouth Brethren Christian Church\" \/>\n<meta property=\"og:description\" content=\"Bes\u00f6k sidan vad vi tror p\u00e5 p\u00e5 kyrkans hemsida, en kristen gemenskap som bygger p\u00e5 Bibeln som Guds ord.\" \/>\n<meta property=\"og:url\" content=\"https:\/\/www.plymouthbrethrenchristianchurch.org\/sv\/vad-vi-tror\/\" \/>\n<meta property=\"og:site_name\" content=\"Plymouth Brethren Christian Church\" \/>\n<meta property=\"article:publisher\" content=\"https:\/\/www.facebook.com\/PlymouthBrethrenChristianChurch\" \/>\n<meta property=\"article:modified_time\" content=\"2024-09-10T05:15:39+00:00\" \/>\n<meta name=\"twitter:card\" content=\"summary_large_image\" \/>\n<script type=\"application\/ld+json\" class=\"yoast-schema-graph\">{\"@context\":\"https:\/\/schema.org\",\"@graph\":[{\"@type\":\"WebPage\",\"@id\":\"https:\/\/www.plymouthbrethrenchristianchurch.org\/sv\/vad-vi-tror\/\",\"url\":\"https:\/\/www.plymouthbrethrenchristianchurch.org\/sv\/vad-vi-tror\/\",\"name\":\"Vad vi tror | Plymouth Brethren Christian Church\",\"isPartOf\":{\"@id\":\"https:\/\/www.plymouthbrethrenchristianchurch.org\/#website\"},\"datePublished\":\"2020-04-29T20:45:09+00:00\",\"dateModified\":\"2024-09-10T05:15:39+00:00\",\"description\":\"Bes\u00f6k sidan vad vi tror p\u00e5 p\u00e5 kyrkans hemsida, en kristen gemenskap som bygger p\u00e5 Bibeln som Guds ord.\",\"breadcrumb\":{\"@id\":\"https:\/\/www.plymouthbrethrenchristianchurch.org\/sv\/vad-vi-tror\/#breadcrumb\"},\"inLanguage\":\"sv-SE\",\"potentialAction\":[{\"@type\":\"ReadAction\",\"target\":[\"https:\/\/www.plymouthbrethrenchristianchurch.org\/sv\/vad-vi-tror\/\"]}]},{\"@type\":\"BreadcrumbList\",\"@id\":\"https:\/\/www.plymouthbrethrenchristianchurch.org\/sv\/vad-vi-tror\/#breadcrumb\",\"itemListElement\":[{\"@type\":\"ListItem\",\"position\":1,\"name\":\"Home\",\"item\":\"https:\/\/www.plymouthbrethrenchristianchurch.org\/sv\/hem\/\"},{\"@type\":\"ListItem\",\"position\":2,\"name\":\"Vad vi tror\"}]},{\"@type\":\"WebSite\",\"@id\":\"https:\/\/www.plymouthbrethrenchristianchurch.org\/#website\",\"url\":\"https:\/\/www.plymouthbrethrenchristianchurch.org\/\",\"name\":\"Plymouth Brethren Christian Church\",\"description\":\"\",\"publisher\":{\"@id\":\"https:\/\/www.plymouthbrethrenchristianchurch.org\/#organization\"},\"potentialAction\":[{\"@type\":\"SearchAction\",\"target\":{\"@type\":\"EntryPoint\",\"urlTemplate\":\"https:\/\/www.plymouthbrethrenchristianchurch.org\/?s={search_term_string}\"},\"query-input\":{\"@type\":\"PropertyValueSpecification\",\"valueRequired\":true,\"valueName\":\"search_term_string\"}}],\"inLanguage\":\"sv-SE\"},{\"@type\":\"Organization\",\"@id\":\"https:\/\/www.plymouthbrethrenchristianchurch.org\/#organization\",\"name\":\"Plymouth Brethren Christian Church\",\"url\":\"https:\/\/www.plymouthbrethrenchristianchurch.org\/\",\"logo\":{\"@type\":\"ImageObject\",\"inLanguage\":\"sv-SE\",\"@id\":\"https:\/\/www.plymouthbrethrenchristianchurch.org\/#\/schema\/logo\/image\/\",\"url\":\"https:\/\/www.plymouthbrethrenchristianchurch.org\/wp-content\/uploads\/2020\/05\/site-logo.svg\",\"contentUrl\":\"https:\/\/www.plymouthbrethrenchristianchurch.org\/wp-content\/uploads\/2020\/05\/site-logo.svg\",\"caption\":\"Plymouth Brethren Christian Church\"},\"image\":{\"@id\":\"https:\/\/www.plymouthbrethrenchristianchurch.org\/#\/schema\/logo\/image\/\"},\"sameAs\":[\"https:\/\/www.facebook.com\/PlymouthBrethrenChristianChurch\",\"https:\/\/www.youtube.com\/channel\/UC76fGueDJBbLvhs988yTBXQ\",\"https:\/\/www.pinterest.com.au\/plymouthbcc\/\"]}]}<\/script>\n<!-- \/ Yoast SEO plugin. -->","yoast_head_json":{"title":"Vad vi tror | Plymouth Brethren Christian Church","description":"Bes\u00f6k sidan vad vi tror p\u00e5 p\u00e5 kyrkans hemsida, en kristen gemenskap som bygger p\u00e5 Bibeln som Guds ord.","robots":{"index":"index","follow":"follow","max-snippet":"max-snippet:-1","max-image-preview":"max-image-preview:large","max-video-preview":"max-video-preview:-1"},"canonical":"https:\/\/www.plymouthbrethrenchristianchurch.org\/sv\/vad-vi-tror\/","og_locale":"sv_SE","og_type":"article","og_title":"Vad vi tror | Plymouth Brethren Christian Church","og_description":"Bes\u00f6k sidan vad vi tror p\u00e5 p\u00e5 kyrkans hemsida, en kristen gemenskap som bygger p\u00e5 Bibeln som Guds ord.","og_url":"https:\/\/www.plymouthbrethrenchristianchurch.org\/sv\/vad-vi-tror\/","og_site_name":"Plymouth Brethren Christian Church","article_publisher":"https:\/\/www.facebook.com\/PlymouthBrethrenChristianChurch","article_modified_time":"2024-09-10T05:15:39+00:00","twitter_card":"summary_large_image","schema":{"@context":"https:\/\/schema.org","@graph":[{"@type":"WebPage","@id":"https:\/\/www.plymouthbrethrenchristianchurch.org\/sv\/vad-vi-tror\/","url":"https:\/\/www.plymouthbrethrenchristianchurch.org\/sv\/vad-vi-tror\/","name":"Vad vi tror | Plymouth Brethren Christian Church","isPartOf":{"@id":"https:\/\/www.plymouthbrethrenchristianchurch.org\/#website"},"datePublished":"2020-04-29T20:45:09+00:00","dateModified":"2024-09-10T05:15:39+00:00","description":"Bes\u00f6k sidan vad vi tror p\u00e5 p\u00e5 kyrkans hemsida, en kristen gemenskap som bygger p\u00e5 Bibeln som Guds ord.","breadcrumb":{"@id":"https:\/\/www.plymouthbrethrenchristianchurch.org\/sv\/vad-vi-tror\/#breadcrumb"},"inLanguage":"sv-SE","potentialAction":[{"@type":"ReadAction","target":["https:\/\/www.plymouthbrethrenchristianchurch.org\/sv\/vad-vi-tror\/"]}]},{"@type":"BreadcrumbList","@id":"https:\/\/www.plymouthbrethrenchristianchurch.org\/sv\/vad-vi-tror\/#breadcrumb","itemListElement":[{"@type":"ListItem","position":1,"name":"Home","item":"https:\/\/www.plymouthbrethrenchristianchurch.org\/sv\/hem\/"},{"@type":"ListItem","position":2,"name":"Vad vi tror"}]},{"@type":"WebSite","@id":"https:\/\/www.plymouthbrethrenchristianchurch.org\/#website","url":"https:\/\/www.plymouthbrethrenchristianchurch.org\/","name":"Plymouth Brethren Christian Church","description":"","publisher":{"@id":"https:\/\/www.plymouthbrethrenchristianchurch.org\/#organization"},"potentialAction":[{"@type":"SearchAction","target":{"@type":"EntryPoint","urlTemplate":"https:\/\/www.plymouthbrethrenchristianchurch.org\/?s={search_term_string}"},"query-input":{"@type":"PropertyValueSpecification","valueRequired":true,"valueName":"search_term_string"}}],"inLanguage":"sv-SE"},{"@type":"Organization","@id":"https:\/\/www.plymouthbrethrenchristianchurch.org\/#organization","name":"Plymouth Brethren Christian Church","url":"https:\/\/www.plymouthbrethrenchristianchurch.org\/","logo":{"@type":"ImageObject","inLanguage":"sv-SE","@id":"https:\/\/www.plymouthbrethrenchristianchurch.org\/#\/schema\/logo\/image\/","url":"https:\/\/www.plymouthbrethrenchristianchurch.org\/wp-content\/uploads\/2020\/05\/site-logo.svg","contentUrl":"https:\/\/www.plymouthbrethrenchristianchurch.org\/wp-content\/uploads\/2020\/05\/site-logo.svg","caption":"Plymouth Brethren Christian Church"},"image":{"@id":"https:\/\/www.plymouthbrethrenchristianchurch.org\/#\/schema\/logo\/image\/"},"sameAs":["https:\/\/www.facebook.com\/PlymouthBrethrenChristianChurch","https:\/\/www.youtube.com\/channel\/UC76fGueDJBbLvhs988yTBXQ","https:\/\/www.pinterest.com.au\/plymouthbcc\/"]}]}},"_links":{"self":[{"href":"https:\/\/www.plymouthbrethrenchristianchurch.org\/sv\/wp-json\/wp\/v2\/pages\/2853"}],"collection":[{"href":"https:\/\/www.plymouthbrethrenchristianchurch.org\/sv\/wp-json\/wp\/v2\/pages"}],"about":[{"href":"https:\/\/www.plymouthbrethrenchristianchurch.org\/sv\/wp-json\/wp\/v2\/types\/page"}],"author":[{"embeddable":true,"href":"https:\/\/www.plymouthbrethrenchristianchurch.org\/sv\/wp-json\/wp\/v2\/users\/1"}],"replies":[{"embeddable":true,"href":"https:\/\/www.plymouthbrethrenchristianchurch.org\/sv\/wp-json\/wp\/v2\/comments?post=2853"}],"version-history":[{"count":5,"href":"https:\/\/www.plymouthbrethrenchristianchurch.org\/sv\/wp-json\/wp\/v2\/pages\/2853\/revisions"}],"predecessor-version":[{"id":7973,"href":"https:\/\/www.plymouthbrethrenchristianchurch.org\/sv\/wp-json\/wp\/v2\/pages\/2853\/revisions\/7973"}],"wp:attachment":[{"href":"https:\/\/www.plymouthbrethrenchristianchurch.org\/sv\/wp-json\/wp\/v2\/media?parent=2853"}],"curies":[{"name":"wp","href":"https:\/\/api.w.org\/{rel}","templated":true}]}}