{"id":2858,"date":"2020-05-08T05:10:00","date_gmt":"2020-05-07T19:10:00","guid":{"rendered":"https:\/\/www.plymouthbrethrenchristianchurch.org\/vad-vi-tror\/bibelns-heliga\/"},"modified":"2024-09-10T14:08:54","modified_gmt":"2024-09-10T04:08:54","slug":"bibelns-heliga","status":"publish","type":"page","link":"https:\/\/www.plymouthbrethrenchristianchurch.org\/sv\/vad-vi-tror\/bibelns-heliga\/","title":{"rendered":"Bibelns heliga"},"content":{"rendered":"","protected":false},"excerpt":{"rendered":"","protected":false},"author":2,"featured_media":0,"parent":2853,"menu_order":1,"comment_status":"closed","ping_status":"closed","template":"page-templates\/acf-flexible-content.php","meta":{"_acf_changed":false,"_relevanssi_hide_post":"","_relevanssi_hide_content":"","_relevanssi_pin_for_all":"","_relevanssi_pin_keywords":"","_relevanssi_unpin_keywords":"","_relevanssi_related_keywords":"","_relevanssi_related_include_ids":"","_relevanssi_related_exclude_ids":"","_relevanssi_related_no_append":"","_relevanssi_related_not_related":"","_relevanssi_related_posts":"","_relevanssi_noindex_reason":"","inline_featured_image":false,"footnotes":""},"class_list":["post-2858","page","type-page","status-publish","hentry"],"acf":{"post_page_video":"","content":[{"acf_fc_layout":"page_header_with_links","override_title":false,"custom_title":"Testa titel","intro_text":"<p>Plymouth Brothers tror att Bibeln \u00e4r det sanna Guds ord och vi tror att vi var och en uppmanas att leva ett liv i enlighet med dess instruktioner. Vi tror att den heliga Bibeln ger var och en av oss ov\u00e4rderlig v\u00e4gledning till varje aspekt av livet. Den som \u00e4r beredd att engagera sig f\u00f6r dessa trosuppfattningar och livsf\u00f6ring \u00e4r v\u00e4lkomna att g\u00e5 med i v\u00e5r kyrka.<\/p>\n","enable_button":true,"button":{"button_text":"","button_url":"","open_in_new_tab":false,"button_class":""},"link_source":"menu","select_a_menu":{"value":"18","label":"Vad vi tror p\u00e5"},"menu_title":"","custom_links":false,"header_styles":{"":null,"background_colour":"#515151","background_image":861,"text_colour":"white"},"row_class":""},{"acf_fc_layout":"module_section","row":[{"column_gap":"6","column":[{"module":[{"acf_fc_layout":"rich_media_block","image":6610,"header":{"":null,"title":"Vad l\u00e4r jag mig av Skriften?","heading_level":"h2","header_styles":{"":null,"background_colour":"","background_image":false,"text_colour":"orange"},"make_separator":false},"content":"<p>I f\u00f6ljande evangelitrat beskriver J N. Darby hj\u00e4lpsamt vad han har l\u00e4rt sig av skrifterna som ligger till grund f\u00f6r hans tro.<\/p>\n","enable_button":true,"button":{"button_text":"H\u00e4mta","button_url":{"title":"","url":"https:\/\/www.plymouthbrethrenchristianchurch.org\/wp-content\/uploads\/2020\/05\/What-do-I-learn-from-Scripture-180214.pdf","target":"_blank"},"open_in_new_tab":true,"button_class":""},"class":""},{"acf_fc_layout":"rich_media_block","image":false,"header":{"":null,"title":"Bibelns roll som en del av PBCC:s liv","heading_level":"h2","header_styles":{"":null,"background_colour":"","background_image":false,"text_colour":"orange"},"make_separator":false},"content":"<p>F\u00f6r PBCC-medlemmen \u00e4r Bibeln en viktig f\u00f6ljeslagare och auktoritativ guide genom livet.<br \/>\nFr\u00e5n tidig \u00e5lder blir unga medlemmar l\u00e4sta och undervisade om de bibliska ber\u00e4ttelser som har inspirerat miljontals m\u00e4nniskor genom tiderna.<br \/>\nBibeln \u00e4r ingen vanlig bok.<br \/>\nDet \u00e4r en bok som Gud har f\u00f6rsett m\u00e4nniskan med.<br \/>\nDet \u00e4r Guds absoluta, ofelbara, inspirerade ord.    <\/p>\n","enable_button":true,"button":{"button_text":"","button_url":"","open_in_new_tab":false,"button_class":""},"class":""},{"acf_fc_layout":"bible_quote_slim","quote_text":"Hela Skriften ges av inspiration av Gud","quote_source":"2 Timoteus 3 V 16"},{"acf_fc_layout":"rich_media_block","image":false,"header":{"":null,"title":"","heading_level":"h2","header_styles":{"":null,"background_colour":"","background_image":false,"text_colour":"orange"},"make_separator":false},"content":"<p>Barn i PBCC v\u00e4xer upp med att \u00e4ga och v\u00e5rda sitt eget exemplar av Bibeln och uppmuntras att l\u00e4sa den dagligen.<br \/>\nM\u00e5nga skulle ha l\u00e4st igenom hela Bibeln n\u00e4r de \u00e4r ton\u00e5ringar och har etablerat sin egen uppskattning och tillit till Skriftens tidl\u00f6sa ord av tr\u00f6st, v\u00e4gledning och uppmuntran n\u00e4r de r\u00f6r sig genom livet.<br \/>\nBibeln \u00e4r central i v\u00e5rt kyrkoliv och \u00e4r den enda bok som l\u00e4ses och diskuteras under v\u00e5ra gudstj\u00e4nster.  <\/p>\n","enable_button":true,"button":{"button_text":"","button_url":"","open_in_new_tab":false,"button_class":""},"class":""},{"acf_fc_layout":"rich_media_block","image":false,"header":{"":null,"title":"En redog\u00f6relse f\u00f6r John Nelson Darbys bibel\u00f6vers\u00e4ttning","heading_level":"h2","header_styles":{"":null,"background_colour":"","background_image":false,"text_colour":"orange"},"make_separator":false},"content":"<p>Plymouth Brothers Christian Church (PBCC) anser att Bibeln \u00e4r Guds Ord: inspirerad, absolut och slutgiltig. \u00c4ven om de fromt respekterar King James Authorized Version, och alla andra anst\u00e4ndiga \u00f6vers\u00e4ttningar, tror de att \u00f6vers\u00e4ttningarna gjorda av John Nelson Darby (JND) (1800-1882) \u00e4r mer exakta. De tror att varje sann troende p\u00e5 Herren Jesus Kristus, det vill s\u00e4ga varje genuint omv\u00e4nd person oavsett var han eller hon dyrkar, kommer att vara i himlen f\u00f6r evigt och medan p\u00e5 jorden f\u00f6rtj\u00e4nar att ha en s\u00e5 bra \u00f6vers\u00e4ttning av Bibeln som m\u00f6jligt. S\u00e5lunda skrev JND sj\u00e4lv om Nya testamentet p\u00e5 engelska: &#8221;Det har p\u00e5 intet s\u00e4tt varit min avsikt att framst\u00e4lla ett l\u00e4rt verk: men eftersom jag hade tillg\u00e5ng till b\u00f6cker och olika informationsk\u00e4llor, f\u00f6r vilka naturligtvis den stora massan av l\u00e4sare, f\u00f6r vilka Guds ord var lika v\u00e4rdefullt, inte hade,  Jag ville s\u00e5 l\u00e5ngt jag kunde f\u00f6rse dem med frukten av mina egna studier och av allt jag kunde h\u00e4mta fr\u00e5n dessa k\u00e4llor, s\u00e5 att de skulle kunna ha Guds ord p\u00e5 engelska i en s\u00e5 perfekt framst\u00e4llning av det p\u00e5 det spr\u00e5ket som m\u00f6jligt.&#8221; John Nelson Darby utexaminerades 1818 fr\u00e5n Trinity College, Dublin, med utm\u00e4rkelser och University Medal in Classics. Han konverterades i tjugo\u00e5rs\u00e5ldern och arbetade mycket i kristen ministerium, pastoral v\u00e5rd och bibel\u00f6vers\u00e4ttning i England, Irland, Frankrike, Tyskland, Schweiz och p\u00e5 andra h\u00e5ll. Han var en skicklig lingvist som l\u00e4rde sig hebreiska, grekiska, latin, franska och tyska.<br \/>\nF\u00f6r Nya testamentet \u00f6versatte han fr\u00e5n de texter som de stora 1800-talsutgivarna av den grekiska texten enades om: Griesbach, Lachmann, Tischendorf och Tregelles.<br \/>\nD\u00e4r redakt\u00f6rerna hade olika uppfattningar om den korrekta l\u00e4sningen av ett visst avsnitt, konsulterade JND texterna i de grekiska originalmanuskripten: Sinaiticus, Alexandrinus, Vaticanus, Ephraemi, Bezae etc.<br \/>\nF\u00f6r Gamla testamentet \u00f6versatte han fr\u00e5n den masoretiska hebreiska standardtext som d\u00e5 fanns tillg\u00e4nglig.<br \/>\nDen f\u00f6rsta upplagan av Nya testamentet p\u00e5 engelska gavs ut 1856-66 och den andra 1871.<br \/>\nDen tredje upplagan gavs ut efter JND:s d\u00f6d (1882) 1884, men hans egna anteckningar till denna utg\u00e5va har publicerats 2013 fr\u00e5n ett nyligen \u00e5terfunnet exemplar av 1871 \u00e5rs utg\u00e5va med hans autograftill\u00e4gg och korrigeringar.<br \/>\nHela Bibeln \u00f6versattes till tyska och gavs ut 1871, och originaltryck finns bevarade.<br \/>\nNya testamentet \u00f6versattes till franska med en f\u00f6rsta upplaga 1859 till en fj\u00e4rde upplaga 1878 och originaltryck av b\u00e5da har \u00f6verlevt.<br \/>\nGamla testamentet \u00f6versattes till franska och gavs f\u00f6rst ut i delar (Livraisons) med b\u00f6rjan omkring 1881.<br \/>\nPBCC vet inte var exemplar av denna originaltryckning finns och l\u00e4sare uppmanas att informera oss om var en kopia kan ses.<br \/>\nHela det franska Gamla testamentet togs med i den franska bibeln som gavs ut 1885.<br \/>\nThe JND Bible Notes Team.           <\/p>\n","enable_button":true,"button":{"button_text":"","button_url":"","open_in_new_tab":false,"button_class":""},"class":""},{"acf_fc_layout":"global_module","global_module_id":1148}],"columns_sm":"8","columns_md":"none","columns_lg":"8"},{"module":false,"columns_sm":"4","columns_md":"none","columns_lg":"4"}],"row_class":"","module_padding":{"":null,"padding_top_xs":"","padding_bottom_xs":"","padding_left_xs":"","padding_right_xs":"","padding_top_md":"","padding_bottom_md":"","padding_left_md":"","padding_right_md":"","padding_top_lg":"","padding_bottom_lg":"","padding_left_lg":"","padding_right_lg":""},"module_margin":{"":null,"margin_top_xs":"","margin_bottom_xs":"","margin_left_xs":"","margin_right_xs":"","margin_top_md":"","margin_bottom_md":"","margin_left_md":"","margin_right_md":"","margin_top_lg":"","margin_bottom_lg":"","margin_left_lg":"","margin_right_lg":""}}],"section_heading":"","section_class":"","module_padding":{"":null,"padding_top_xs":"","padding_bottom_xs":"","padding_left_xs":"","padding_right_xs":"","padding_top_md":"","padding_bottom_md":"","padding_left_md":"","padding_right_md":"","padding_top_lg":"","padding_bottom_lg":"","padding_left_lg":"","padding_right_lg":""},"module_margin":{"":null,"margin_top_xs":"","margin_bottom_xs":"","margin_left_xs":"","margin_right_xs":"","margin_top_md":"","margin_bottom_md":"","margin_left_md":"","margin_right_md":"","margin_top_lg":"","margin_bottom_lg":"","margin_left_lg":"","margin_right_lg":""}}]},"yoast_head":"<!-- This site is optimized with the Yoast SEO plugin v25.2 - https:\/\/yoast.com\/wordpress\/plugins\/seo\/ -->\n<title>Bibelns heliga | Plymouth Brethren Christian Church<\/title>\n<meta name=\"description\" content=\"Bes\u00f6k Bibelns sida p\u00e5 webbplatsen f\u00f6r Plymouth Brethren Christian Church, en kristen gemenskap baserad p\u00e5 Bibeln som Guds ord.\" \/>\n<meta name=\"robots\" content=\"index, follow, max-snippet:-1, max-image-preview:large, max-video-preview:-1\" \/>\n<link rel=\"canonical\" href=\"https:\/\/www.plymouthbrethrenchristianchurch.org\/sv\/vad-vi-tror\/bibelns-heliga\/\" \/>\n<meta property=\"og:locale\" content=\"sv_SE\" \/>\n<meta property=\"og:type\" content=\"article\" \/>\n<meta property=\"og:title\" content=\"Bibelns heliga | Plymouth Brethren Christian Church\" \/>\n<meta property=\"og:description\" content=\"Bes\u00f6k Bibelns sida p\u00e5 webbplatsen f\u00f6r Plymouth Brethren Christian Church, en kristen gemenskap baserad p\u00e5 Bibeln som Guds ord.\" \/>\n<meta property=\"og:url\" content=\"https:\/\/www.plymouthbrethrenchristianchurch.org\/sv\/vad-vi-tror\/bibelns-heliga\/\" \/>\n<meta property=\"og:site_name\" content=\"Plymouth Brethren Christian Church\" \/>\n<meta property=\"article:publisher\" content=\"https:\/\/www.facebook.com\/PlymouthBrethrenChristianChurch\" \/>\n<meta property=\"article:modified_time\" content=\"2024-09-10T04:08:54+00:00\" \/>\n<meta name=\"twitter:card\" content=\"summary_large_image\" \/>\n<script type=\"application\/ld+json\" class=\"yoast-schema-graph\">{\"@context\":\"https:\/\/schema.org\",\"@graph\":[{\"@type\":\"WebPage\",\"@id\":\"https:\/\/www.plymouthbrethrenchristianchurch.org\/sv\/vad-vi-tror\/bibelns-heliga\/\",\"url\":\"https:\/\/www.plymouthbrethrenchristianchurch.org\/sv\/vad-vi-tror\/bibelns-heliga\/\",\"name\":\"Bibelns heliga | Plymouth Brethren Christian Church\",\"isPartOf\":{\"@id\":\"https:\/\/www.plymouthbrethrenchristianchurch.org\/#website\"},\"datePublished\":\"2020-05-07T19:10:00+00:00\",\"dateModified\":\"2024-09-10T04:08:54+00:00\",\"description\":\"Bes\u00f6k Bibelns sida p\u00e5 webbplatsen f\u00f6r Plymouth Brethren Christian Church, en kristen gemenskap baserad p\u00e5 Bibeln som Guds ord.\",\"breadcrumb\":{\"@id\":\"https:\/\/www.plymouthbrethrenchristianchurch.org\/sv\/vad-vi-tror\/bibelns-heliga\/#breadcrumb\"},\"inLanguage\":\"sv-SE\",\"potentialAction\":[{\"@type\":\"ReadAction\",\"target\":[\"https:\/\/www.plymouthbrethrenchristianchurch.org\/sv\/vad-vi-tror\/bibelns-heliga\/\"]}]},{\"@type\":\"BreadcrumbList\",\"@id\":\"https:\/\/www.plymouthbrethrenchristianchurch.org\/sv\/vad-vi-tror\/bibelns-heliga\/#breadcrumb\",\"itemListElement\":[{\"@type\":\"ListItem\",\"position\":1,\"name\":\"Home\",\"item\":\"https:\/\/www.plymouthbrethrenchristianchurch.org\/sv\/hem\/\"},{\"@type\":\"ListItem\",\"position\":2,\"name\":\"Vad vi tror\",\"item\":\"https:\/\/www.plymouthbrethrenchristianchurch.org\/sv\/vad-vi-tror\/\"},{\"@type\":\"ListItem\",\"position\":3,\"name\":\"Bibelns heliga\"}]},{\"@type\":\"WebSite\",\"@id\":\"https:\/\/www.plymouthbrethrenchristianchurch.org\/#website\",\"url\":\"https:\/\/www.plymouthbrethrenchristianchurch.org\/\",\"name\":\"Plymouth Brethren Christian Church\",\"description\":\"\",\"publisher\":{\"@id\":\"https:\/\/www.plymouthbrethrenchristianchurch.org\/#organization\"},\"potentialAction\":[{\"@type\":\"SearchAction\",\"target\":{\"@type\":\"EntryPoint\",\"urlTemplate\":\"https:\/\/www.plymouthbrethrenchristianchurch.org\/?s={search_term_string}\"},\"query-input\":{\"@type\":\"PropertyValueSpecification\",\"valueRequired\":true,\"valueName\":\"search_term_string\"}}],\"inLanguage\":\"sv-SE\"},{\"@type\":\"Organization\",\"@id\":\"https:\/\/www.plymouthbrethrenchristianchurch.org\/#organization\",\"name\":\"Plymouth Brethren Christian Church\",\"url\":\"https:\/\/www.plymouthbrethrenchristianchurch.org\/\",\"logo\":{\"@type\":\"ImageObject\",\"inLanguage\":\"sv-SE\",\"@id\":\"https:\/\/www.plymouthbrethrenchristianchurch.org\/#\/schema\/logo\/image\/\",\"url\":\"https:\/\/www.plymouthbrethrenchristianchurch.org\/wp-content\/uploads\/2020\/05\/site-logo.svg\",\"contentUrl\":\"https:\/\/www.plymouthbrethrenchristianchurch.org\/wp-content\/uploads\/2020\/05\/site-logo.svg\",\"caption\":\"Plymouth Brethren Christian Church\"},\"image\":{\"@id\":\"https:\/\/www.plymouthbrethrenchristianchurch.org\/#\/schema\/logo\/image\/\"},\"sameAs\":[\"https:\/\/www.facebook.com\/PlymouthBrethrenChristianChurch\",\"https:\/\/www.youtube.com\/channel\/UC76fGueDJBbLvhs988yTBXQ\",\"https:\/\/www.pinterest.com.au\/plymouthbcc\/\"]}]}<\/script>\n<!-- \/ Yoast SEO plugin. -->","yoast_head_json":{"title":"Bibelns heliga | Plymouth Brethren Christian Church","description":"Bes\u00f6k Bibelns sida p\u00e5 webbplatsen f\u00f6r Plymouth Brethren Christian Church, en kristen gemenskap baserad p\u00e5 Bibeln som Guds ord.","robots":{"index":"index","follow":"follow","max-snippet":"max-snippet:-1","max-image-preview":"max-image-preview:large","max-video-preview":"max-video-preview:-1"},"canonical":"https:\/\/www.plymouthbrethrenchristianchurch.org\/sv\/vad-vi-tror\/bibelns-heliga\/","og_locale":"sv_SE","og_type":"article","og_title":"Bibelns heliga | Plymouth Brethren Christian Church","og_description":"Bes\u00f6k Bibelns sida p\u00e5 webbplatsen f\u00f6r Plymouth Brethren Christian Church, en kristen gemenskap baserad p\u00e5 Bibeln som Guds ord.","og_url":"https:\/\/www.plymouthbrethrenchristianchurch.org\/sv\/vad-vi-tror\/bibelns-heliga\/","og_site_name":"Plymouth Brethren Christian Church","article_publisher":"https:\/\/www.facebook.com\/PlymouthBrethrenChristianChurch","article_modified_time":"2024-09-10T04:08:54+00:00","twitter_card":"summary_large_image","schema":{"@context":"https:\/\/schema.org","@graph":[{"@type":"WebPage","@id":"https:\/\/www.plymouthbrethrenchristianchurch.org\/sv\/vad-vi-tror\/bibelns-heliga\/","url":"https:\/\/www.plymouthbrethrenchristianchurch.org\/sv\/vad-vi-tror\/bibelns-heliga\/","name":"Bibelns heliga | Plymouth Brethren Christian Church","isPartOf":{"@id":"https:\/\/www.plymouthbrethrenchristianchurch.org\/#website"},"datePublished":"2020-05-07T19:10:00+00:00","dateModified":"2024-09-10T04:08:54+00:00","description":"Bes\u00f6k Bibelns sida p\u00e5 webbplatsen f\u00f6r Plymouth Brethren Christian Church, en kristen gemenskap baserad p\u00e5 Bibeln som Guds ord.","breadcrumb":{"@id":"https:\/\/www.plymouthbrethrenchristianchurch.org\/sv\/vad-vi-tror\/bibelns-heliga\/#breadcrumb"},"inLanguage":"sv-SE","potentialAction":[{"@type":"ReadAction","target":["https:\/\/www.plymouthbrethrenchristianchurch.org\/sv\/vad-vi-tror\/bibelns-heliga\/"]}]},{"@type":"BreadcrumbList","@id":"https:\/\/www.plymouthbrethrenchristianchurch.org\/sv\/vad-vi-tror\/bibelns-heliga\/#breadcrumb","itemListElement":[{"@type":"ListItem","position":1,"name":"Home","item":"https:\/\/www.plymouthbrethrenchristianchurch.org\/sv\/hem\/"},{"@type":"ListItem","position":2,"name":"Vad vi tror","item":"https:\/\/www.plymouthbrethrenchristianchurch.org\/sv\/vad-vi-tror\/"},{"@type":"ListItem","position":3,"name":"Bibelns heliga"}]},{"@type":"WebSite","@id":"https:\/\/www.plymouthbrethrenchristianchurch.org\/#website","url":"https:\/\/www.plymouthbrethrenchristianchurch.org\/","name":"Plymouth Brethren Christian Church","description":"","publisher":{"@id":"https:\/\/www.plymouthbrethrenchristianchurch.org\/#organization"},"potentialAction":[{"@type":"SearchAction","target":{"@type":"EntryPoint","urlTemplate":"https:\/\/www.plymouthbrethrenchristianchurch.org\/?s={search_term_string}"},"query-input":{"@type":"PropertyValueSpecification","valueRequired":true,"valueName":"search_term_string"}}],"inLanguage":"sv-SE"},{"@type":"Organization","@id":"https:\/\/www.plymouthbrethrenchristianchurch.org\/#organization","name":"Plymouth Brethren Christian Church","url":"https:\/\/www.plymouthbrethrenchristianchurch.org\/","logo":{"@type":"ImageObject","inLanguage":"sv-SE","@id":"https:\/\/www.plymouthbrethrenchristianchurch.org\/#\/schema\/logo\/image\/","url":"https:\/\/www.plymouthbrethrenchristianchurch.org\/wp-content\/uploads\/2020\/05\/site-logo.svg","contentUrl":"https:\/\/www.plymouthbrethrenchristianchurch.org\/wp-content\/uploads\/2020\/05\/site-logo.svg","caption":"Plymouth Brethren Christian Church"},"image":{"@id":"https:\/\/www.plymouthbrethrenchristianchurch.org\/#\/schema\/logo\/image\/"},"sameAs":["https:\/\/www.facebook.com\/PlymouthBrethrenChristianChurch","https:\/\/www.youtube.com\/channel\/UC76fGueDJBbLvhs988yTBXQ","https:\/\/www.pinterest.com.au\/plymouthbcc\/"]}]}},"_links":{"self":[{"href":"https:\/\/www.plymouthbrethrenchristianchurch.org\/sv\/wp-json\/wp\/v2\/pages\/2858"}],"collection":[{"href":"https:\/\/www.plymouthbrethrenchristianchurch.org\/sv\/wp-json\/wp\/v2\/pages"}],"about":[{"href":"https:\/\/www.plymouthbrethrenchristianchurch.org\/sv\/wp-json\/wp\/v2\/types\/page"}],"author":[{"embeddable":true,"href":"https:\/\/www.plymouthbrethrenchristianchurch.org\/sv\/wp-json\/wp\/v2\/users\/2"}],"replies":[{"embeddable":true,"href":"https:\/\/www.plymouthbrethrenchristianchurch.org\/sv\/wp-json\/wp\/v2\/comments?post=2858"}],"version-history":[{"count":4,"href":"https:\/\/www.plymouthbrethrenchristianchurch.org\/sv\/wp-json\/wp\/v2\/pages\/2858\/revisions"}],"predecessor-version":[{"id":7888,"href":"https:\/\/www.plymouthbrethrenchristianchurch.org\/sv\/wp-json\/wp\/v2\/pages\/2858\/revisions\/7888"}],"up":[{"embeddable":true,"href":"https:\/\/www.plymouthbrethrenchristianchurch.org\/sv\/wp-json\/wp\/v2\/pages\/2853"}],"wp:attachment":[{"href":"https:\/\/www.plymouthbrethrenchristianchurch.org\/sv\/wp-json\/wp\/v2\/media?parent=2858"}],"curies":[{"name":"wp","href":"https:\/\/api.w.org\/{rel}","templated":true}]}}